{"id":8223,"date":"2021-06-07T14:44:18","date_gmt":"2021-06-07T12:44:18","guid":{"rendered":"https:\/\/frontaliers-grandest.eu\/?page_id=8223"},"modified":"2021-06-07T14:44:18","modified_gmt":"2021-06-07T12:44:18","slug":"die-unterschiedlichen-arten-der-beruflichen-anerkennung","status":"publish","type":"page","link":"https:\/\/frontaliers-grandest.eu\/de\/startseite\/grenzganger\/frankreich-deutschland\/ausbildung-anerkennung-von-beruflichen-qualifikationen\/anerkennung-von-beruflichen-qualifikationen-auf-europaischer-ebene\/die-unterschiedlichen-arten-der-beruflichen-anerkennung\/","title":{"rendered":"Die unterschiedlichen arten der beruflichen anerkennung"},"content":{"rendered":"\n<h4 class=\"wp-block-heading\">Es gibt unterschiedliche Arten der beruflichen Anerkennung in Europa:<\/h4>\n\n\n\n<ul class=\"wp-block-list\"><li>Ein System der\u00a0<strong>automatischen\u00a0<\/strong>(oder sektorenabh\u00e4ngigen)<strong>\u00a0Anerkennung\u00a0<\/strong>f\u00fcr eine beschr\u00e4nkte Anzahl reglementierter Berufe, die den medizinischen und paramedizinischen Bereich betreffen. Es st\u00fctzt sich auf die Harmonisierung der Mindestanforderungen f\u00fcr die Ausbildung.\u00a0<br><strong>7 Berufe<\/strong>\u00a0sind betroffen:\u00a0<ul><li><strong>Krankenschwestern, <\/strong><\/li><li><strong>Hebammen, <\/strong><\/li><li><strong>\u00c4rzte (Allgemeinmediziner und Fach\u00e4rzte), <\/strong><\/li><li><strong>Zahl\u00e4rzte, <\/strong><\/li><li><strong>Apotheker, <\/strong><\/li><li><strong>Architekten <\/strong><\/li><li><strong>und Tier\u00e4rzte<\/strong>.<\/li><\/ul><\/li><\/ul>\n\n\n\n<p>\u25b2\u00a0Der Begriff der automatischen Anerkennung hindert sie nicht daran, die Formalit\u00e4ten bei Beh\u00f6rden des Gastlandes zu erledigen. Wurde Ihr Abschluss in einem Land erworben, in dem der Beruf reglementiert wird, wird er automatisch anerkannt.<\/p>\n\n\n\n<ul class=\"wp-block-list\"><li>Ein System\u00a0<strong>der sogenannten allgemeinen Anerkennung<\/strong>: In diesem Fall wird ein Vergleich Ihrer Ausbildung mit der im Gastland geforderten Ausbildung vorgenommen. Ferner wird die Berufserfahrung ber\u00fccksichtigt.<\/li><\/ul>\n\n\n\n<p>Ist Ihr Beruf in Ihrem Land nicht reglementiert, sind Sie ggf. nicht im Besitz eines Abschlusses, von Ausbildungsnachweisen oder eines Nachweis \u00fcber Ihren Beitritt zu einem Berufsverband. In diesem Fall sind Sie verpflichtet, anhand anderer Mittel zu belegen, dass Sie diesen Beruf\u00a0<strong>in den vergangenen zehn Jahren zumindest zwei Jahre ausge\u00fcbt haben.<\/strong><\/p>\n","protected":false},"excerpt":{"rendered":"<p>Es gibt unterschiedliche Arten der beruflichen Anerkennung in Europa: Ein System der\u00a0automatischen\u00a0(oder sektorenabh\u00e4ngigen)\u00a0Anerkennung\u00a0f\u00fcr eine beschr\u00e4nkte Anzahl reglementierter Berufe, die den medizinischen und paramedizinischen Bereich betreffen. Es st\u00fctzt sich auf die Harmonisierung der Mindestanforderungen f\u00fcr die Ausbildung.\u00a07 Berufe\u00a0sind betroffen:\u00a0 Krankenschwestern, Hebammen, \u00c4rzte (Allgemeinmediziner und Fach\u00e4rzte), Zahl\u00e4rzte, Apotheker, Architekten und Tier\u00e4rzte. \u25b2\u00a0Der Begriff der automatischen Anerkennung hindert [&hellip;]<\/p>\n","protected":false},"author":7,"featured_media":0,"parent":8187,"menu_order":3,"comment_status":"closed","ping_status":"closed","template":"","meta":{"inline_featured_image":false,"footnotes":""},"tags":[],"frge_profile":[],"class_list":["post-8223","page","type-page","status-publish","hentry"],"yoast_head":"<!-- This site is optimized with the Yoast SEO plugin v27.1.1 - https:\/\/yoast.com\/product\/yoast-seo-wordpress\/ -->\n<title>Die unterschiedlichen arten der beruflichen anerkennung - Frontaliers Grand Est<\/title>\n<meta name=\"robots\" content=\"index, follow, max-snippet:-1, max-image-preview:large, max-video-preview:-1\" \/>\n<link rel=\"canonical\" href=\"https:\/\/frontaliers-grandest.eu\/de\/startseite\/grenzganger\/frankreich-deutschland\/ausbildung-anerkennung-von-beruflichen-qualifikationen\/anerkennung-von-beruflichen-qualifikationen-auf-europaischer-ebene\/die-unterschiedlichen-arten-der-beruflichen-anerkennung\/\" \/>\n<meta property=\"og:locale\" content=\"de_DE\" \/>\n<meta property=\"og:type\" content=\"article\" \/>\n<meta property=\"og:title\" content=\"Die unterschiedlichen arten der beruflichen anerkennung - Frontaliers Grand Est\" \/>\n<meta property=\"og:description\" content=\"Es gibt unterschiedliche Arten der beruflichen Anerkennung in Europa: Ein System der\u00a0automatischen\u00a0(oder sektorenabh\u00e4ngigen)\u00a0Anerkennung\u00a0f\u00fcr eine beschr\u00e4nkte Anzahl reglementierter Berufe, die den medizinischen und paramedizinischen Bereich betreffen. Es st\u00fctzt sich auf die Harmonisierung der Mindestanforderungen f\u00fcr die Ausbildung.\u00a07 Berufe\u00a0sind betroffen:\u00a0 Krankenschwestern, Hebammen, \u00c4rzte (Allgemeinmediziner und Fach\u00e4rzte), Zahl\u00e4rzte, Apotheker, Architekten und Tier\u00e4rzte. \u25b2\u00a0Der Begriff der automatischen Anerkennung hindert [&hellip;]\" \/>\n<meta property=\"og:url\" content=\"https:\/\/frontaliers-grandest.eu\/de\/startseite\/grenzganger\/frankreich-deutschland\/ausbildung-anerkennung-von-beruflichen-qualifikationen\/anerkennung-von-beruflichen-qualifikationen-auf-europaischer-ebene\/die-unterschiedlichen-arten-der-beruflichen-anerkennung\/\" \/>\n<meta property=\"og:site_name\" content=\"Frontaliers Grand Est\" \/>\n<meta property=\"article:publisher\" content=\"https:\/\/www.facebook.com\/frontaliers.GR.EST\/?locale=fr_FR\" \/>\n<meta name=\"twitter:card\" content=\"summary_large_image\" \/>\n<meta name=\"twitter:label1\" content=\"Gesch\u00e4tzte Lesezeit\" \/>\n\t<meta name=\"twitter:data1\" content=\"1\u00a0Minute\" \/>\n<script type=\"application\/ld+json\" class=\"yoast-schema-graph\">{\"@context\":\"https:\/\/schema.org\",\"@graph\":[{\"@type\":\"WebPage\",\"@id\":\"https:\/\/frontaliers-grandest.eu\/de\/startseite\/grenzganger\/frankreich-deutschland\/ausbildung-anerkennung-von-beruflichen-qualifikationen\/anerkennung-von-beruflichen-qualifikationen-auf-europaischer-ebene\/die-unterschiedlichen-arten-der-beruflichen-anerkennung\/\",\"url\":\"https:\/\/frontaliers-grandest.eu\/de\/startseite\/grenzganger\/frankreich-deutschland\/ausbildung-anerkennung-von-beruflichen-qualifikationen\/anerkennung-von-beruflichen-qualifikationen-auf-europaischer-ebene\/die-unterschiedlichen-arten-der-beruflichen-anerkennung\/\",\"name\":\"Die unterschiedlichen arten der beruflichen anerkennung - Frontaliers Grand Est\",\"isPartOf\":{\"@id\":\"https:\/\/frontaliers-grandest.eu\/de\/#website\"},\"datePublished\":\"2021-06-07T12:44:18+00:00\",\"breadcrumb\":{\"@id\":\"https:\/\/frontaliers-grandest.eu\/de\/startseite\/grenzganger\/frankreich-deutschland\/ausbildung-anerkennung-von-beruflichen-qualifikationen\/anerkennung-von-beruflichen-qualifikationen-auf-europaischer-ebene\/die-unterschiedlichen-arten-der-beruflichen-anerkennung\/#breadcrumb\"},\"inLanguage\":\"de\",\"potentialAction\":[{\"@type\":\"ReadAction\",\"target\":[\"https:\/\/frontaliers-grandest.eu\/de\/startseite\/grenzganger\/frankreich-deutschland\/ausbildung-anerkennung-von-beruflichen-qualifikationen\/anerkennung-von-beruflichen-qualifikationen-auf-europaischer-ebene\/die-unterschiedlichen-arten-der-beruflichen-anerkennung\/\"]}]},{\"@type\":\"BreadcrumbList\",\"@id\":\"https:\/\/frontaliers-grandest.eu\/de\/startseite\/grenzganger\/frankreich-deutschland\/ausbildung-anerkennung-von-beruflichen-qualifikationen\/anerkennung-von-beruflichen-qualifikationen-auf-europaischer-ebene\/die-unterschiedlichen-arten-der-beruflichen-anerkennung\/#breadcrumb\",\"itemListElement\":[{\"@type\":\"ListItem\",\"position\":1,\"name\":\"Startseite\",\"item\":\"https:\/\/frontaliers-grandest.eu\/de\/\"},{\"@type\":\"ListItem\",\"position\":2,\"name\":\"Grenzg\u00e4nger\",\"item\":\"https:\/\/frontaliers-grandest.eu\/de\/startseite\/grenzganger\/\"},{\"@type\":\"ListItem\",\"position\":3,\"name\":\"Frankreich - Deutschland\",\"item\":\"https:\/\/frontaliers-grandest.eu\/de\/startseite\/grenzganger\/frankreich-deutschland\/\"},{\"@type\":\"ListItem\",\"position\":4,\"name\":\"Ausbildung \/ Anerkennung von beruflichen qualifikationen in Deutschland\",\"item\":\"https:\/\/frontaliers-grandest.eu\/de\/startseite\/grenzganger\/frankreich-deutschland\/ausbildung-anerkennung-von-beruflichen-qualifikationen\/\"},{\"@type\":\"ListItem\",\"position\":5,\"name\":\"Anerkennung von beruflichen qualifikationen auf Europ\u00e4ischer ebene\",\"item\":\"https:\/\/frontaliers-grandest.eu\/de\/startseite\/grenzganger\/frankreich-deutschland\/ausbildung-anerkennung-von-beruflichen-qualifikationen\/anerkennung-von-beruflichen-qualifikationen-auf-europaischer-ebene\/\"},{\"@type\":\"ListItem\",\"position\":6,\"name\":\"Die unterschiedlichen arten der beruflichen anerkennung\"}]},{\"@type\":\"WebSite\",\"@id\":\"https:\/\/frontaliers-grandest.eu\/de\/#website\",\"url\":\"https:\/\/frontaliers-grandest.eu\/de\/\",\"name\":\"Frontaliers Grand Est\",\"description\":\"Le site ressource du travail frontalier\",\"publisher\":{\"@id\":\"https:\/\/frontaliers-grandest.eu\/de\/#organization\"},\"alternateName\":\"Frontaliers Grand Est\",\"potentialAction\":[{\"@type\":\"SearchAction\",\"target\":{\"@type\":\"EntryPoint\",\"urlTemplate\":\"https:\/\/frontaliers-grandest.eu\/de\/?s={search_term_string}\"},\"query-input\":{\"@type\":\"PropertyValueSpecification\",\"valueRequired\":true,\"valueName\":\"search_term_string\"}}],\"inLanguage\":\"de\"},{\"@type\":\"Organization\",\"@id\":\"https:\/\/frontaliers-grandest.eu\/de\/#organization\",\"name\":\"Frontaliers Grand Est\",\"alternateName\":\"Frontaliers Grand Est\",\"url\":\"https:\/\/frontaliers-grandest.eu\/de\/\",\"logo\":{\"@type\":\"ImageObject\",\"inLanguage\":\"de\",\"@id\":\"https:\/\/frontaliers-grandest.eu\/de\/#\/schema\/logo\/image\/\",\"url\":\"https:\/\/frontaliers-grandest.eu\/wp-content\/uploads\/2025\/07\/260328234_2966785176920310_3332838526503858160_n.jpg\",\"contentUrl\":\"https:\/\/frontaliers-grandest.eu\/wp-content\/uploads\/2025\/07\/260328234_2966785176920310_3332838526503858160_n.jpg\",\"width\":396,\"height\":396,\"caption\":\"Frontaliers Grand Est\"},\"image\":{\"@id\":\"https:\/\/frontaliers-grandest.eu\/de\/#\/schema\/logo\/image\/\"},\"sameAs\":[\"https:\/\/www.facebook.com\/frontaliers.GR.EST\/?locale=fr_FR\"]}]}<\/script>\n<!-- \/ Yoast SEO plugin. -->","yoast_head_json":{"title":"Die unterschiedlichen arten der beruflichen anerkennung - Frontaliers Grand Est","robots":{"index":"index","follow":"follow","max-snippet":"max-snippet:-1","max-image-preview":"max-image-preview:large","max-video-preview":"max-video-preview:-1"},"canonical":"https:\/\/frontaliers-grandest.eu\/de\/startseite\/grenzganger\/frankreich-deutschland\/ausbildung-anerkennung-von-beruflichen-qualifikationen\/anerkennung-von-beruflichen-qualifikationen-auf-europaischer-ebene\/die-unterschiedlichen-arten-der-beruflichen-anerkennung\/","og_locale":"de_DE","og_type":"article","og_title":"Die unterschiedlichen arten der beruflichen anerkennung - Frontaliers Grand Est","og_description":"Es gibt unterschiedliche Arten der beruflichen Anerkennung in Europa: Ein System der\u00a0automatischen\u00a0(oder sektorenabh\u00e4ngigen)\u00a0Anerkennung\u00a0f\u00fcr eine beschr\u00e4nkte Anzahl reglementierter Berufe, die den medizinischen und paramedizinischen Bereich betreffen. Es st\u00fctzt sich auf die Harmonisierung der Mindestanforderungen f\u00fcr die Ausbildung.\u00a07 Berufe\u00a0sind betroffen:\u00a0 Krankenschwestern, Hebammen, \u00c4rzte (Allgemeinmediziner und Fach\u00e4rzte), Zahl\u00e4rzte, Apotheker, Architekten und Tier\u00e4rzte. \u25b2\u00a0Der Begriff der automatischen Anerkennung hindert [&hellip;]","og_url":"https:\/\/frontaliers-grandest.eu\/de\/startseite\/grenzganger\/frankreich-deutschland\/ausbildung-anerkennung-von-beruflichen-qualifikationen\/anerkennung-von-beruflichen-qualifikationen-auf-europaischer-ebene\/die-unterschiedlichen-arten-der-beruflichen-anerkennung\/","og_site_name":"Frontaliers Grand Est","article_publisher":"https:\/\/www.facebook.com\/frontaliers.GR.EST\/?locale=fr_FR","twitter_card":"summary_large_image","twitter_misc":{"Gesch\u00e4tzte Lesezeit":"1\u00a0Minute"},"schema":{"@context":"https:\/\/schema.org","@graph":[{"@type":"WebPage","@id":"https:\/\/frontaliers-grandest.eu\/de\/startseite\/grenzganger\/frankreich-deutschland\/ausbildung-anerkennung-von-beruflichen-qualifikationen\/anerkennung-von-beruflichen-qualifikationen-auf-europaischer-ebene\/die-unterschiedlichen-arten-der-beruflichen-anerkennung\/","url":"https:\/\/frontaliers-grandest.eu\/de\/startseite\/grenzganger\/frankreich-deutschland\/ausbildung-anerkennung-von-beruflichen-qualifikationen\/anerkennung-von-beruflichen-qualifikationen-auf-europaischer-ebene\/die-unterschiedlichen-arten-der-beruflichen-anerkennung\/","name":"Die unterschiedlichen arten der beruflichen anerkennung - Frontaliers Grand Est","isPartOf":{"@id":"https:\/\/frontaliers-grandest.eu\/de\/#website"},"datePublished":"2021-06-07T12:44:18+00:00","breadcrumb":{"@id":"https:\/\/frontaliers-grandest.eu\/de\/startseite\/grenzganger\/frankreich-deutschland\/ausbildung-anerkennung-von-beruflichen-qualifikationen\/anerkennung-von-beruflichen-qualifikationen-auf-europaischer-ebene\/die-unterschiedlichen-arten-der-beruflichen-anerkennung\/#breadcrumb"},"inLanguage":"de","potentialAction":[{"@type":"ReadAction","target":["https:\/\/frontaliers-grandest.eu\/de\/startseite\/grenzganger\/frankreich-deutschland\/ausbildung-anerkennung-von-beruflichen-qualifikationen\/anerkennung-von-beruflichen-qualifikationen-auf-europaischer-ebene\/die-unterschiedlichen-arten-der-beruflichen-anerkennung\/"]}]},{"@type":"BreadcrumbList","@id":"https:\/\/frontaliers-grandest.eu\/de\/startseite\/grenzganger\/frankreich-deutschland\/ausbildung-anerkennung-von-beruflichen-qualifikationen\/anerkennung-von-beruflichen-qualifikationen-auf-europaischer-ebene\/die-unterschiedlichen-arten-der-beruflichen-anerkennung\/#breadcrumb","itemListElement":[{"@type":"ListItem","position":1,"name":"Startseite","item":"https:\/\/frontaliers-grandest.eu\/de\/"},{"@type":"ListItem","position":2,"name":"Grenzg\u00e4nger","item":"https:\/\/frontaliers-grandest.eu\/de\/startseite\/grenzganger\/"},{"@type":"ListItem","position":3,"name":"Frankreich - Deutschland","item":"https:\/\/frontaliers-grandest.eu\/de\/startseite\/grenzganger\/frankreich-deutschland\/"},{"@type":"ListItem","position":4,"name":"Ausbildung \/ Anerkennung von beruflichen qualifikationen in Deutschland","item":"https:\/\/frontaliers-grandest.eu\/de\/startseite\/grenzganger\/frankreich-deutschland\/ausbildung-anerkennung-von-beruflichen-qualifikationen\/"},{"@type":"ListItem","position":5,"name":"Anerkennung von beruflichen qualifikationen auf Europ\u00e4ischer ebene","item":"https:\/\/frontaliers-grandest.eu\/de\/startseite\/grenzganger\/frankreich-deutschland\/ausbildung-anerkennung-von-beruflichen-qualifikationen\/anerkennung-von-beruflichen-qualifikationen-auf-europaischer-ebene\/"},{"@type":"ListItem","position":6,"name":"Die unterschiedlichen arten der beruflichen anerkennung"}]},{"@type":"WebSite","@id":"https:\/\/frontaliers-grandest.eu\/de\/#website","url":"https:\/\/frontaliers-grandest.eu\/de\/","name":"Frontaliers Grand Est","description":"Le site ressource du travail frontalier","publisher":{"@id":"https:\/\/frontaliers-grandest.eu\/de\/#organization"},"alternateName":"Frontaliers Grand Est","potentialAction":[{"@type":"SearchAction","target":{"@type":"EntryPoint","urlTemplate":"https:\/\/frontaliers-grandest.eu\/de\/?s={search_term_string}"},"query-input":{"@type":"PropertyValueSpecification","valueRequired":true,"valueName":"search_term_string"}}],"inLanguage":"de"},{"@type":"Organization","@id":"https:\/\/frontaliers-grandest.eu\/de\/#organization","name":"Frontaliers Grand Est","alternateName":"Frontaliers Grand Est","url":"https:\/\/frontaliers-grandest.eu\/de\/","logo":{"@type":"ImageObject","inLanguage":"de","@id":"https:\/\/frontaliers-grandest.eu\/de\/#\/schema\/logo\/image\/","url":"https:\/\/frontaliers-grandest.eu\/wp-content\/uploads\/2025\/07\/260328234_2966785176920310_3332838526503858160_n.jpg","contentUrl":"https:\/\/frontaliers-grandest.eu\/wp-content\/uploads\/2025\/07\/260328234_2966785176920310_3332838526503858160_n.jpg","width":396,"height":396,"caption":"Frontaliers Grand Est"},"image":{"@id":"https:\/\/frontaliers-grandest.eu\/de\/#\/schema\/logo\/image\/"},"sameAs":["https:\/\/www.facebook.com\/frontaliers.GR.EST\/?locale=fr_FR"]}]}},"frge_page_order":0,"_links":{"self":[{"href":"https:\/\/frontaliers-grandest.eu\/de\/wp-json\/wp\/v2\/pages\/8223","targetHints":{"allow":["GET"]}}],"collection":[{"href":"https:\/\/frontaliers-grandest.eu\/de\/wp-json\/wp\/v2\/pages"}],"about":[{"href":"https:\/\/frontaliers-grandest.eu\/de\/wp-json\/wp\/v2\/types\/page"}],"author":[{"embeddable":true,"href":"https:\/\/frontaliers-grandest.eu\/de\/wp-json\/wp\/v2\/users\/7"}],"replies":[{"embeddable":true,"href":"https:\/\/frontaliers-grandest.eu\/de\/wp-json\/wp\/v2\/comments?post=8223"}],"version-history":[{"count":1,"href":"https:\/\/frontaliers-grandest.eu\/de\/wp-json\/wp\/v2\/pages\/8223\/revisions"}],"predecessor-version":[{"id":8224,"href":"https:\/\/frontaliers-grandest.eu\/de\/wp-json\/wp\/v2\/pages\/8223\/revisions\/8224"}],"up":[{"embeddable":true,"href":"https:\/\/frontaliers-grandest.eu\/de\/wp-json\/wp\/v2\/pages\/8187"}],"wp:attachment":[{"href":"https:\/\/frontaliers-grandest.eu\/de\/wp-json\/wp\/v2\/media?parent=8223"}],"wp:term":[{"taxonomy":"post_tag","embeddable":true,"href":"https:\/\/frontaliers-grandest.eu\/de\/wp-json\/wp\/v2\/tags?post=8223"},{"taxonomy":"frge_profile","embeddable":true,"href":"https:\/\/frontaliers-grandest.eu\/de\/wp-json\/wp\/v2\/frge_profile?post=8223"}],"curies":[{"name":"wp","href":"https:\/\/api.w.org\/{rel}","templated":true}]}}