{"id":8215,"date":"2021-06-07T14:25:01","date_gmt":"2021-06-07T12:25:01","guid":{"rendered":"https:\/\/frontaliers-grandest.eu\/?page_id=8215"},"modified":"2024-07-03T10:46:59","modified_gmt":"2024-07-03T08:46:59","slug":"sie-haben-den-wunsch-im-lebensmittelsektor-in-deutschland-zu-arbeiten","status":"publish","type":"page","link":"https:\/\/frontaliers-grandest.eu\/de\/startseite\/grenzganger\/frankreich-deutschland\/ausbildung-anerkennung-von-beruflichen-qualifikationen\/anerkennung-von-beruflichen-qualifikationen-in-deutschland\/sie-haben-den-wunsch-im-lebensmittelsektor-in-deutschland-zu-arbeiten\/","title":{"rendered":"Sie haben den Wunsch, im Lebensmittelsektor in Deutschland zu arbeiten"},"content":{"rendered":"\n<p>Die Berufe des Fleischermeisters, Konditoreimeisters und B\u00e4ckermeister sind reglementierte Berufe.<\/p>\n\n\n\n<h5 class=\"wp-block-heading\">Der Beruf des B\u00e4ckermeister<\/h5>\n\n\n\n<p>Die Eintragung in das Handwerksregister ist erforderlich. Bitte wenden Sie sich an die Handwerkskammer am gew\u00fcnschten Niederlassungsort.<br>Entspricht Ihre Berufsqualifikation und\/oder die Berufserfahrung den Anforderungen an den Beruf, k\u00f6nnen Sie eine Anerkennung beanspruchen, die Ihnen die Aus\u00fcbung Ihres Berufs erm\u00f6glicht.<\/p>\n\n\n\n<h5 class=\"wp-block-heading\">Der Beruf des Restaurantmeisters<\/h5>\n\n\n\n<p>Der Beruf des Restaurantmeisters&nbsp;<strong>ist in Deutschland nicht reglementiert.&nbsp;<\/strong>Es ist nicht erforderlich, seine Berufszeugnisse anerkennen zu lassen, um diesen Beruf auszu\u00fcben.<\/p>\n\n\n\n<p>Zur Er\u00f6ffnung eines Restaurants ben\u00f6tigen Sie kein spezifisches Berufszeugnis. Verkaufen Sie jedoch alkoholische Getr\u00e4nke, m\u00fcssen Sie im Besitz einer Gastst\u00e4ttenerlaubnis sein, die beim \u00f6rtlichen Gewerbeamt&nbsp;beantragt werden kann. Zu diesem Zweck sind Sie verpflichtet, an einer Schulung \u00fcber die Hygiene und die Lebensmittelsicherheit teilzunehmen, die von der \u00f6rtlichen Industrie- und Handelskammer angeboten wird.<\/p>\n\n\n\n<p>Ein Fachabschluss ist zwar nicht obligatorisch, aber er kann die Erfolgsaussichten Ihres Gewerbes steigern oder Ihnen die M\u00f6glichkeit bieten, eine Stelle im Gastst\u00e4ttengewerbe zu finden.<\/p>\n\n\n\n<p>Die \u00f6rtliche Industrie- und Handelskammer (IHK) am gew\u00fcnschten Arbeitsort ist in diesem Zusammenhang Ihr Hauptansprechpartner.<\/p>\n\n\n\n<p><strong>Eine einzige Struktur ist f\u00fcr die Bearbeitung der Antr\u00e4ge zust\u00e4ndig:<\/strong><\/p>\n\n\n\n<figure class=\"wp-block-pullquote\"><blockquote><p><strong>IHK FOSA<\/strong><br><br>Ulmenstra\u00dfe 52 g<br>D-90443 N\u00fcrnberg<br>Tel.: +49\u00a0911 81 50\u00a0600<br><a href=\"mailto:info@ihk-fosa.de\" target=\"_blank\" rel=\"noreferrer noopener\">info@ihk-fosa.de<\/a><br><a href=\"https:\/\/www.ihk-fosa.de\/\" target=\"_blank\" rel=\"noreferrer noopener\">http:\/\/www.ihk-fosa.de<\/a><\/p><\/blockquote><\/figure>\n\n\n\n<p><br>Ein Vergleich Ihrer Berufszeugnisse\/Berufserfahrung wird durchgef\u00fchrt. Sind Sie nicht in der Lage, alle geforderten Nachweise beizubringen, ist es m\u00f6glich, sich einer vom Bundesinstitut f\u00fcr Berufsbildung organisierten Qualifikationsanalyse zu unterziehen.<br><br><strong>Informationen:<\/strong><\/p>\n\n\n\n<figure class=\"wp-block-pullquote\"><blockquote><p><strong>Bundesinstitut f\u00fcr Berufsbildung<\/strong><br><br>Robert-Schuman-Platz 3<br>53175 Bonn<br>Tel.: 00 49&nbsp;228 1070<br><br><strong>Daniela Wiemers&nbsp;: <\/strong><br>0228 \/ 107 \u2013 1244<br><a href=\"mailto:wiemers@bibb.de\" target=\"_blank\" rel=\"noreferrer noopener\">wiemers@bibb.de<\/a><\/p><\/blockquote><\/figure>\n","protected":false},"excerpt":{"rendered":"<p>Die Berufe des Fleischermeisters, Konditoreimeisters und B\u00e4ckermeister sind reglementierte Berufe. Der Beruf des B\u00e4ckermeister Die Eintragung in das Handwerksregister ist erforderlich. Bitte wenden Sie sich an die Handwerkskammer am gew\u00fcnschten Niederlassungsort.Entspricht Ihre Berufsqualifikation und\/oder die Berufserfahrung den Anforderungen an den Beruf, k\u00f6nnen Sie eine Anerkennung beanspruchen, die Ihnen die Aus\u00fcbung Ihres Berufs erm\u00f6glicht. Der Beruf [&hellip;]<\/p>\n","protected":false},"author":7,"featured_media":0,"parent":8185,"menu_order":4,"comment_status":"closed","ping_status":"closed","template":"","meta":{"inline_featured_image":false,"footnotes":""},"tags":[],"frge_profile":[],"class_list":["post-8215","page","type-page","status-publish","hentry"],"yoast_head":"<!-- This site is optimized with the Yoast SEO plugin v27.1.1 - https:\/\/yoast.com\/product\/yoast-seo-wordpress\/ -->\n<title>Sie haben den Wunsch, im Lebensmittelsektor in Deutschland zu arbeiten - Frontaliers Grand Est<\/title>\n<meta name=\"robots\" content=\"index, follow, max-snippet:-1, max-image-preview:large, max-video-preview:-1\" \/>\n<link rel=\"canonical\" href=\"https:\/\/frontaliers-grandest.eu\/de\/startseite\/grenzganger\/frankreich-deutschland\/ausbildung-anerkennung-von-beruflichen-qualifikationen\/anerkennung-von-beruflichen-qualifikationen-in-deutschland\/sie-haben-den-wunsch-im-lebensmittelsektor-in-deutschland-zu-arbeiten\/\" \/>\n<meta property=\"og:locale\" content=\"de_DE\" \/>\n<meta property=\"og:type\" content=\"article\" \/>\n<meta property=\"og:title\" content=\"Sie haben den Wunsch, im Lebensmittelsektor in Deutschland zu arbeiten - Frontaliers Grand Est\" \/>\n<meta property=\"og:description\" content=\"Die Berufe des Fleischermeisters, Konditoreimeisters und B\u00e4ckermeister sind reglementierte Berufe. Der Beruf des B\u00e4ckermeister Die Eintragung in das Handwerksregister ist erforderlich. Bitte wenden Sie sich an die Handwerkskammer am gew\u00fcnschten Niederlassungsort.Entspricht Ihre Berufsqualifikation und\/oder die Berufserfahrung den Anforderungen an den Beruf, k\u00f6nnen Sie eine Anerkennung beanspruchen, die Ihnen die Aus\u00fcbung Ihres Berufs erm\u00f6glicht. Der Beruf [&hellip;]\" \/>\n<meta property=\"og:url\" content=\"https:\/\/frontaliers-grandest.eu\/de\/startseite\/grenzganger\/frankreich-deutschland\/ausbildung-anerkennung-von-beruflichen-qualifikationen\/anerkennung-von-beruflichen-qualifikationen-in-deutschland\/sie-haben-den-wunsch-im-lebensmittelsektor-in-deutschland-zu-arbeiten\/\" \/>\n<meta property=\"og:site_name\" content=\"Frontaliers Grand Est\" \/>\n<meta property=\"article:publisher\" content=\"https:\/\/www.facebook.com\/frontaliers.GR.EST\/?locale=fr_FR\" \/>\n<meta property=\"article:modified_time\" content=\"2024-07-03T08:46:59+00:00\" \/>\n<meta name=\"twitter:card\" content=\"summary_large_image\" \/>\n<meta name=\"twitter:label1\" content=\"Gesch\u00e4tzte Lesezeit\" \/>\n\t<meta name=\"twitter:data1\" content=\"2\u00a0Minuten\" \/>\n<script type=\"application\/ld+json\" class=\"yoast-schema-graph\">{\"@context\":\"https:\/\/schema.org\",\"@graph\":[{\"@type\":\"WebPage\",\"@id\":\"https:\/\/frontaliers-grandest.eu\/de\/startseite\/grenzganger\/frankreich-deutschland\/ausbildung-anerkennung-von-beruflichen-qualifikationen\/anerkennung-von-beruflichen-qualifikationen-in-deutschland\/sie-haben-den-wunsch-im-lebensmittelsektor-in-deutschland-zu-arbeiten\/\",\"url\":\"https:\/\/frontaliers-grandest.eu\/de\/startseite\/grenzganger\/frankreich-deutschland\/ausbildung-anerkennung-von-beruflichen-qualifikationen\/anerkennung-von-beruflichen-qualifikationen-in-deutschland\/sie-haben-den-wunsch-im-lebensmittelsektor-in-deutschland-zu-arbeiten\/\",\"name\":\"Sie haben den Wunsch, im Lebensmittelsektor in Deutschland zu arbeiten - Frontaliers Grand Est\",\"isPartOf\":{\"@id\":\"https:\/\/frontaliers-grandest.eu\/de\/#website\"},\"datePublished\":\"2021-06-07T12:25:01+00:00\",\"dateModified\":\"2024-07-03T08:46:59+00:00\",\"breadcrumb\":{\"@id\":\"https:\/\/frontaliers-grandest.eu\/de\/startseite\/grenzganger\/frankreich-deutschland\/ausbildung-anerkennung-von-beruflichen-qualifikationen\/anerkennung-von-beruflichen-qualifikationen-in-deutschland\/sie-haben-den-wunsch-im-lebensmittelsektor-in-deutschland-zu-arbeiten\/#breadcrumb\"},\"inLanguage\":\"de\",\"potentialAction\":[{\"@type\":\"ReadAction\",\"target\":[\"https:\/\/frontaliers-grandest.eu\/de\/startseite\/grenzganger\/frankreich-deutschland\/ausbildung-anerkennung-von-beruflichen-qualifikationen\/anerkennung-von-beruflichen-qualifikationen-in-deutschland\/sie-haben-den-wunsch-im-lebensmittelsektor-in-deutschland-zu-arbeiten\/\"]}]},{\"@type\":\"BreadcrumbList\",\"@id\":\"https:\/\/frontaliers-grandest.eu\/de\/startseite\/grenzganger\/frankreich-deutschland\/ausbildung-anerkennung-von-beruflichen-qualifikationen\/anerkennung-von-beruflichen-qualifikationen-in-deutschland\/sie-haben-den-wunsch-im-lebensmittelsektor-in-deutschland-zu-arbeiten\/#breadcrumb\",\"itemListElement\":[{\"@type\":\"ListItem\",\"position\":1,\"name\":\"Startseite\",\"item\":\"https:\/\/frontaliers-grandest.eu\/de\/\"},{\"@type\":\"ListItem\",\"position\":2,\"name\":\"Grenzg\u00e4nger\",\"item\":\"https:\/\/frontaliers-grandest.eu\/de\/startseite\/grenzganger\/\"},{\"@type\":\"ListItem\",\"position\":3,\"name\":\"Frankreich - Deutschland\",\"item\":\"https:\/\/frontaliers-grandest.eu\/de\/startseite\/grenzganger\/frankreich-deutschland\/\"},{\"@type\":\"ListItem\",\"position\":4,\"name\":\"Ausbildung \/ Anerkennung von beruflichen qualifikationen in Deutschland\",\"item\":\"https:\/\/frontaliers-grandest.eu\/de\/startseite\/grenzganger\/frankreich-deutschland\/ausbildung-anerkennung-von-beruflichen-qualifikationen\/\"},{\"@type\":\"ListItem\",\"position\":5,\"name\":\"Anerkennung von beruflichen qualifikationen in Deutschland\",\"item\":\"https:\/\/frontaliers-grandest.eu\/de\/startseite\/grenzganger\/frankreich-deutschland\/ausbildung-anerkennung-von-beruflichen-qualifikationen\/anerkennung-von-beruflichen-qualifikationen-in-deutschland\/\"},{\"@type\":\"ListItem\",\"position\":6,\"name\":\"Sie haben den Wunsch, im Lebensmittelsektor in Deutschland zu arbeiten\"}]},{\"@type\":\"WebSite\",\"@id\":\"https:\/\/frontaliers-grandest.eu\/de\/#website\",\"url\":\"https:\/\/frontaliers-grandest.eu\/de\/\",\"name\":\"Frontaliers Grand Est\",\"description\":\"Le site ressource du travail frontalier\",\"publisher\":{\"@id\":\"https:\/\/frontaliers-grandest.eu\/de\/#organization\"},\"alternateName\":\"Frontaliers Grand Est\",\"potentialAction\":[{\"@type\":\"SearchAction\",\"target\":{\"@type\":\"EntryPoint\",\"urlTemplate\":\"https:\/\/frontaliers-grandest.eu\/de\/?s={search_term_string}\"},\"query-input\":{\"@type\":\"PropertyValueSpecification\",\"valueRequired\":true,\"valueName\":\"search_term_string\"}}],\"inLanguage\":\"de\"},{\"@type\":\"Organization\",\"@id\":\"https:\/\/frontaliers-grandest.eu\/de\/#organization\",\"name\":\"Frontaliers Grand Est\",\"alternateName\":\"Frontaliers Grand Est\",\"url\":\"https:\/\/frontaliers-grandest.eu\/de\/\",\"logo\":{\"@type\":\"ImageObject\",\"inLanguage\":\"de\",\"@id\":\"https:\/\/frontaliers-grandest.eu\/de\/#\/schema\/logo\/image\/\",\"url\":\"https:\/\/frontaliers-grandest.eu\/wp-content\/uploads\/2025\/07\/260328234_2966785176920310_3332838526503858160_n.jpg\",\"contentUrl\":\"https:\/\/frontaliers-grandest.eu\/wp-content\/uploads\/2025\/07\/260328234_2966785176920310_3332838526503858160_n.jpg\",\"width\":396,\"height\":396,\"caption\":\"Frontaliers Grand Est\"},\"image\":{\"@id\":\"https:\/\/frontaliers-grandest.eu\/de\/#\/schema\/logo\/image\/\"},\"sameAs\":[\"https:\/\/www.facebook.com\/frontaliers.GR.EST\/?locale=fr_FR\"]}]}<\/script>\n<!-- \/ Yoast SEO plugin. -->","yoast_head_json":{"title":"Sie haben den Wunsch, im Lebensmittelsektor in Deutschland zu arbeiten - Frontaliers Grand Est","robots":{"index":"index","follow":"follow","max-snippet":"max-snippet:-1","max-image-preview":"max-image-preview:large","max-video-preview":"max-video-preview:-1"},"canonical":"https:\/\/frontaliers-grandest.eu\/de\/startseite\/grenzganger\/frankreich-deutschland\/ausbildung-anerkennung-von-beruflichen-qualifikationen\/anerkennung-von-beruflichen-qualifikationen-in-deutschland\/sie-haben-den-wunsch-im-lebensmittelsektor-in-deutschland-zu-arbeiten\/","og_locale":"de_DE","og_type":"article","og_title":"Sie haben den Wunsch, im Lebensmittelsektor in Deutschland zu arbeiten - Frontaliers Grand Est","og_description":"Die Berufe des Fleischermeisters, Konditoreimeisters und B\u00e4ckermeister sind reglementierte Berufe. Der Beruf des B\u00e4ckermeister Die Eintragung in das Handwerksregister ist erforderlich. Bitte wenden Sie sich an die Handwerkskammer am gew\u00fcnschten Niederlassungsort.Entspricht Ihre Berufsqualifikation und\/oder die Berufserfahrung den Anforderungen an den Beruf, k\u00f6nnen Sie eine Anerkennung beanspruchen, die Ihnen die Aus\u00fcbung Ihres Berufs erm\u00f6glicht. Der Beruf [&hellip;]","og_url":"https:\/\/frontaliers-grandest.eu\/de\/startseite\/grenzganger\/frankreich-deutschland\/ausbildung-anerkennung-von-beruflichen-qualifikationen\/anerkennung-von-beruflichen-qualifikationen-in-deutschland\/sie-haben-den-wunsch-im-lebensmittelsektor-in-deutschland-zu-arbeiten\/","og_site_name":"Frontaliers Grand Est","article_publisher":"https:\/\/www.facebook.com\/frontaliers.GR.EST\/?locale=fr_FR","article_modified_time":"2024-07-03T08:46:59+00:00","twitter_card":"summary_large_image","twitter_misc":{"Gesch\u00e4tzte Lesezeit":"2\u00a0Minuten"},"schema":{"@context":"https:\/\/schema.org","@graph":[{"@type":"WebPage","@id":"https:\/\/frontaliers-grandest.eu\/de\/startseite\/grenzganger\/frankreich-deutschland\/ausbildung-anerkennung-von-beruflichen-qualifikationen\/anerkennung-von-beruflichen-qualifikationen-in-deutschland\/sie-haben-den-wunsch-im-lebensmittelsektor-in-deutschland-zu-arbeiten\/","url":"https:\/\/frontaliers-grandest.eu\/de\/startseite\/grenzganger\/frankreich-deutschland\/ausbildung-anerkennung-von-beruflichen-qualifikationen\/anerkennung-von-beruflichen-qualifikationen-in-deutschland\/sie-haben-den-wunsch-im-lebensmittelsektor-in-deutschland-zu-arbeiten\/","name":"Sie haben den Wunsch, im Lebensmittelsektor in Deutschland zu arbeiten - Frontaliers Grand Est","isPartOf":{"@id":"https:\/\/frontaliers-grandest.eu\/de\/#website"},"datePublished":"2021-06-07T12:25:01+00:00","dateModified":"2024-07-03T08:46:59+00:00","breadcrumb":{"@id":"https:\/\/frontaliers-grandest.eu\/de\/startseite\/grenzganger\/frankreich-deutschland\/ausbildung-anerkennung-von-beruflichen-qualifikationen\/anerkennung-von-beruflichen-qualifikationen-in-deutschland\/sie-haben-den-wunsch-im-lebensmittelsektor-in-deutschland-zu-arbeiten\/#breadcrumb"},"inLanguage":"de","potentialAction":[{"@type":"ReadAction","target":["https:\/\/frontaliers-grandest.eu\/de\/startseite\/grenzganger\/frankreich-deutschland\/ausbildung-anerkennung-von-beruflichen-qualifikationen\/anerkennung-von-beruflichen-qualifikationen-in-deutschland\/sie-haben-den-wunsch-im-lebensmittelsektor-in-deutschland-zu-arbeiten\/"]}]},{"@type":"BreadcrumbList","@id":"https:\/\/frontaliers-grandest.eu\/de\/startseite\/grenzganger\/frankreich-deutschland\/ausbildung-anerkennung-von-beruflichen-qualifikationen\/anerkennung-von-beruflichen-qualifikationen-in-deutschland\/sie-haben-den-wunsch-im-lebensmittelsektor-in-deutschland-zu-arbeiten\/#breadcrumb","itemListElement":[{"@type":"ListItem","position":1,"name":"Startseite","item":"https:\/\/frontaliers-grandest.eu\/de\/"},{"@type":"ListItem","position":2,"name":"Grenzg\u00e4nger","item":"https:\/\/frontaliers-grandest.eu\/de\/startseite\/grenzganger\/"},{"@type":"ListItem","position":3,"name":"Frankreich - Deutschland","item":"https:\/\/frontaliers-grandest.eu\/de\/startseite\/grenzganger\/frankreich-deutschland\/"},{"@type":"ListItem","position":4,"name":"Ausbildung \/ Anerkennung von beruflichen qualifikationen in Deutschland","item":"https:\/\/frontaliers-grandest.eu\/de\/startseite\/grenzganger\/frankreich-deutschland\/ausbildung-anerkennung-von-beruflichen-qualifikationen\/"},{"@type":"ListItem","position":5,"name":"Anerkennung von beruflichen qualifikationen in Deutschland","item":"https:\/\/frontaliers-grandest.eu\/de\/startseite\/grenzganger\/frankreich-deutschland\/ausbildung-anerkennung-von-beruflichen-qualifikationen\/anerkennung-von-beruflichen-qualifikationen-in-deutschland\/"},{"@type":"ListItem","position":6,"name":"Sie haben den Wunsch, im Lebensmittelsektor in Deutschland zu arbeiten"}]},{"@type":"WebSite","@id":"https:\/\/frontaliers-grandest.eu\/de\/#website","url":"https:\/\/frontaliers-grandest.eu\/de\/","name":"Frontaliers Grand Est","description":"Le site ressource du travail frontalier","publisher":{"@id":"https:\/\/frontaliers-grandest.eu\/de\/#organization"},"alternateName":"Frontaliers Grand Est","potentialAction":[{"@type":"SearchAction","target":{"@type":"EntryPoint","urlTemplate":"https:\/\/frontaliers-grandest.eu\/de\/?s={search_term_string}"},"query-input":{"@type":"PropertyValueSpecification","valueRequired":true,"valueName":"search_term_string"}}],"inLanguage":"de"},{"@type":"Organization","@id":"https:\/\/frontaliers-grandest.eu\/de\/#organization","name":"Frontaliers Grand Est","alternateName":"Frontaliers Grand Est","url":"https:\/\/frontaliers-grandest.eu\/de\/","logo":{"@type":"ImageObject","inLanguage":"de","@id":"https:\/\/frontaliers-grandest.eu\/de\/#\/schema\/logo\/image\/","url":"https:\/\/frontaliers-grandest.eu\/wp-content\/uploads\/2025\/07\/260328234_2966785176920310_3332838526503858160_n.jpg","contentUrl":"https:\/\/frontaliers-grandest.eu\/wp-content\/uploads\/2025\/07\/260328234_2966785176920310_3332838526503858160_n.jpg","width":396,"height":396,"caption":"Frontaliers Grand Est"},"image":{"@id":"https:\/\/frontaliers-grandest.eu\/de\/#\/schema\/logo\/image\/"},"sameAs":["https:\/\/www.facebook.com\/frontaliers.GR.EST\/?locale=fr_FR"]}]}},"frge_page_order":0,"_links":{"self":[{"href":"https:\/\/frontaliers-grandest.eu\/de\/wp-json\/wp\/v2\/pages\/8215","targetHints":{"allow":["GET"]}}],"collection":[{"href":"https:\/\/frontaliers-grandest.eu\/de\/wp-json\/wp\/v2\/pages"}],"about":[{"href":"https:\/\/frontaliers-grandest.eu\/de\/wp-json\/wp\/v2\/types\/page"}],"author":[{"embeddable":true,"href":"https:\/\/frontaliers-grandest.eu\/de\/wp-json\/wp\/v2\/users\/7"}],"replies":[{"embeddable":true,"href":"https:\/\/frontaliers-grandest.eu\/de\/wp-json\/wp\/v2\/comments?post=8215"}],"version-history":[{"count":3,"href":"https:\/\/frontaliers-grandest.eu\/de\/wp-json\/wp\/v2\/pages\/8215\/revisions"}],"predecessor-version":[{"id":39704,"href":"https:\/\/frontaliers-grandest.eu\/de\/wp-json\/wp\/v2\/pages\/8215\/revisions\/39704"}],"up":[{"embeddable":true,"href":"https:\/\/frontaliers-grandest.eu\/de\/wp-json\/wp\/v2\/pages\/8185"}],"wp:attachment":[{"href":"https:\/\/frontaliers-grandest.eu\/de\/wp-json\/wp\/v2\/media?parent=8215"}],"wp:term":[{"taxonomy":"post_tag","embeddable":true,"href":"https:\/\/frontaliers-grandest.eu\/de\/wp-json\/wp\/v2\/tags?post=8215"},{"taxonomy":"frge_profile","embeddable":true,"href":"https:\/\/frontaliers-grandest.eu\/de\/wp-json\/wp\/v2\/frge_profile?post=8215"}],"curies":[{"name":"wp","href":"https:\/\/api.w.org\/{rel}","templated":true}]}}