{"id":8208,"date":"2021-06-07T14:13:11","date_gmt":"2021-06-07T12:13:11","guid":{"rendered":"https:\/\/frontaliers-grandest.eu\/?page_id=8208"},"modified":"2024-07-03T11:42:32","modified_gmt":"2024-07-03T09:42:32","slug":"sie-haben-den-wunsch-im-paramedizinischen-bereich-in-deutschland-zu-arbeiten","status":"publish","type":"page","link":"https:\/\/frontaliers-grandest.eu\/de\/startseite\/grenzganger\/frankreich-deutschland\/ausbildung-anerkennung-von-beruflichen-qualifikationen\/anerkennung-von-beruflichen-qualifikationen-in-deutschland\/sie-haben-den-wunsch-im-paramedizinischen-bereich-in-deutschland-zu-arbeiten\/","title":{"rendered":"Sie haben den Wunsch, im paramedizinischen Bereich in Deutschland zu arbeiten"},"content":{"rendered":"\n<p>Zahlreiche Berufe im medizinischen und paramedizinischen Bereich in Deutschland sind reglementiert.<br>Die Website Anerkennung.de gibt f\u00fcr jedes Land Auskunft \u00fcber die im Bereich des Gesundheitswesens zust\u00e4ndige Stelle, die dem&nbsp;<strong>Ort entsprechen muss, an dem Sie Ihrer T\u00e4tigkeit nachgehen m\u00f6chten.<\/strong>&nbsp;Bitte wenden Sie sich im Rahmen des Anerkennungsverfahrens an diese Stelle.<\/p>\n\n\n\n<h5 class=\"wp-block-heading\">F\u00fcr das Saarland handelt es sich um :<\/h5>\n\n\n\n<figure class=\"wp-block-pullquote\"><blockquote><p><strong>Landesamt f\u00fcr Soziales, Abteilung C, Zentralstelle f\u00fcr Gesundheitsberufe<\/strong><br>D-66115 Saarbr\u00fccken<br>Tel.: + 49&nbsp;681 997843 04<br><a href=\"https:\/\/www.saarland.de\/las\/DE\/themen\/gesundheitsberufe\" target=\"_blank\" rel=\"noreferrer noopener\">https:\/\/www.saarland.de\/<\/a><\/p><\/blockquote><\/figure>\n\n\n\n<p>Ein Antrag auf Erlaubnis zur F\u00fchrung des Titels wird der betreffenden Stelle \u00fcbermittelt.<\/p>\n\n\n\n<p><strong>Einzureichende Schriftst\u00fccke (ohne Anspruch auf Vollst\u00e4ndigkeit):<\/strong><\/p>\n\n\n\n<ul class=\"wp-block-list\">\n<li>vollst\u00e4ndiges Antragsformular;<\/li>\n\n\n\n<li>Berufszeugnis mit Beschreibung der F\u00e4cher, der Anzahl theoretischer und praktischer Ausbildungsstunden, Zusatzbescheinigungen;<\/li>\n\n\n\n<li>Bescheinigung, der zufolge Sie Ihren Beruf im Herkunftsland aus\u00fcben k\u00f6nnen;<\/li>\n\n\n\n<li>Nachweis der Berufserfahrung.<\/li>\n<\/ul>\n\n\n\n<p>Die Liste der einzureichenden Schriftst\u00fccke kann der Site Anerkennung.de entnommen werden.<\/p>\n\n\n\n<p>F\u00fcr Bewerber aus der EU kann der Antrag auf dem Postweg oder elektronisch eingereicht werden.<\/p>\n\n\n\n<p>Es wird ein Vergleich der Berufsqualifikationen durchgef\u00fchrt. Im Fall sp\u00fcrbarer Unterschiede kann ein Anpassungslehrgang oder eine Bef\u00e4higungspr\u00fcfung verlangt werden.<\/p>\n\n\n\n<h5 class=\"wp-block-heading\">Der Beruf des Gesundheitskrankenpfleger<\/h5>\n\n\n\n<p>Im Saarland wird der Antrag auf Genehmigung der Aus\u00fcbung des Berufs beim Landesamt f\u00fcr Soziales, Abteilung C, Zentralstelle f\u00fcr Gesundheitsberufe eingereicht. Er wird ohne eine Pr\u00fcfung des Berufszeugnisses bewilligt, sofern er in einem Land erlangt wurde, das der europ\u00e4ischen Richtlinie beitrat.<\/p>\n\n\n\n<p>Sie k\u00f6nnen auf den Zugang zum Beruf \u00fcber den Europ\u00e4ischen Berufsausweis erlangen.<br>Informationen auf der Website der Europ\u00e4ischen Kommission:<br><a href=\"https:\/\/europa.eu\/\" target=\"_blank\" rel=\"noreferrer noopener\">https:\/\/europa.eu<\/a><\/p>\n\n\n\n<h5 class=\"wp-block-heading\">Der Beruf des Gesundheitskrankenpflegehelfer<\/h5>\n\n\n\n<p>Die zust\u00e4ndige Stelle im Saarland f\u00fcr die Anerkennung der Berufszeugnisse ist das: Landesamt f\u00fcr Soziales, Abteilung C, Zentralstelle f\u00fcr Gesundheitsberufe<br><a href=\"https:\/\/www.saarland.de\/las\/DE\/themen\/gesundheitsberufe\">www.saarland.de<\/a><\/p>\n\n\n\n<p><strong>Es ist m\u00f6glich, den Beruf des Krankenpflegehelfers ohne die Anerkennung Ihres Abschlusses auszu\u00fcben, ohne dass Ihnen jedoch in diesem Fall die deutsche Berufsbezeichnung Gesundheitskrankenpflegehelfer<\/strong>&nbsp;zuerkannt wird, was sich auf das Gehalt auswirken kann.<\/p>\n\n\n\n<h5 class=\"wp-block-heading\">Der Beruf des Physiotherapeuten<\/h5>\n\n\n\n<p>Die Anerkennung des Berufszeugnisses wird gew\u00e4hrt, wenn der Beruf im Herkunftsland reglementiert wird und der Abschluss die Aus\u00fcbung in diesem Staat erm\u00f6glicht. Ist der Beruf im Herkunftsland nicht reglementiert, wird ein Berufszeugnis&nbsp;<strong>nebst einer dreij\u00e4hrigen Berufst\u00e4tigkeit in Vollzeit<\/strong>&nbsp;auf diesem Gebiet gefordert.<\/p>\n\n\n\n<p>Sie haben den Zugang zu diesem Beruf mit dem Europ\u00e4ischen Berufsausweis. Er erm\u00f6glicht den Nachweis Ihrer Qualifikationen und die Beschleunigung der Formalit\u00e4ten.<br>Informationen auf der Website der Europ\u00e4ischen Kommission:<br><a href=\"https:\/\/europa.eu\/\">https:\/\/europa.eu<\/a><\/p>\n\n\n\n<p><strong>Deutschkenntnisse sind erforderlich.&nbsp;<\/strong>Im Allgemeinen handelt es sich um das Niveau N2. In bestimmten F\u00e4llen werden ferner Kenntnisse&nbsp;<strong>in der Sprache des Berufs<\/strong>&nbsp;abverlangt.<\/p>\n","protected":false},"excerpt":{"rendered":"<p>Zahlreiche Berufe im medizinischen und paramedizinischen Bereich in Deutschland sind reglementiert.Die Website Anerkennung.de gibt f\u00fcr jedes Land Auskunft \u00fcber die im Bereich des Gesundheitswesens zust\u00e4ndige Stelle, die dem&nbsp;Ort entsprechen muss, an dem Sie Ihrer T\u00e4tigkeit nachgehen m\u00f6chten.&nbsp;Bitte wenden Sie sich im Rahmen des Anerkennungsverfahrens an diese Stelle. F\u00fcr das Saarland handelt es sich um : [&hellip;]<\/p>\n","protected":false},"author":7,"featured_media":0,"parent":8185,"menu_order":1,"comment_status":"closed","ping_status":"closed","template":"","meta":{"inline_featured_image":false,"footnotes":""},"tags":[],"frge_profile":[],"class_list":["post-8208","page","type-page","status-publish","hentry"],"yoast_head":"<!-- This site is optimized with the Yoast SEO plugin v27.1.1 - https:\/\/yoast.com\/product\/yoast-seo-wordpress\/ -->\n<title>Sie haben den Wunsch, im paramedizinischen Bereich in Deutschland zu arbeiten - Frontaliers Grand Est<\/title>\n<meta name=\"robots\" content=\"index, follow, max-snippet:-1, max-image-preview:large, max-video-preview:-1\" \/>\n<link rel=\"canonical\" href=\"https:\/\/frontaliers-grandest.eu\/de\/startseite\/grenzganger\/frankreich-deutschland\/ausbildung-anerkennung-von-beruflichen-qualifikationen\/anerkennung-von-beruflichen-qualifikationen-in-deutschland\/sie-haben-den-wunsch-im-paramedizinischen-bereich-in-deutschland-zu-arbeiten\/\" \/>\n<meta property=\"og:locale\" content=\"de_DE\" \/>\n<meta property=\"og:type\" content=\"article\" \/>\n<meta property=\"og:title\" content=\"Sie haben den Wunsch, im paramedizinischen Bereich in Deutschland zu arbeiten - Frontaliers Grand Est\" \/>\n<meta property=\"og:description\" content=\"Zahlreiche Berufe im medizinischen und paramedizinischen Bereich in Deutschland sind reglementiert.Die Website Anerkennung.de gibt f\u00fcr jedes Land Auskunft \u00fcber die im Bereich des Gesundheitswesens zust\u00e4ndige Stelle, die dem&nbsp;Ort entsprechen muss, an dem Sie Ihrer T\u00e4tigkeit nachgehen m\u00f6chten.&nbsp;Bitte wenden Sie sich im Rahmen des Anerkennungsverfahrens an diese Stelle. F\u00fcr das Saarland handelt es sich um : [&hellip;]\" \/>\n<meta property=\"og:url\" content=\"https:\/\/frontaliers-grandest.eu\/de\/startseite\/grenzganger\/frankreich-deutschland\/ausbildung-anerkennung-von-beruflichen-qualifikationen\/anerkennung-von-beruflichen-qualifikationen-in-deutschland\/sie-haben-den-wunsch-im-paramedizinischen-bereich-in-deutschland-zu-arbeiten\/\" \/>\n<meta property=\"og:site_name\" content=\"Frontaliers Grand Est\" \/>\n<meta property=\"article:publisher\" content=\"https:\/\/www.facebook.com\/frontaliers.GR.EST\/?locale=fr_FR\" \/>\n<meta property=\"article:modified_time\" content=\"2024-07-03T09:42:32+00:00\" \/>\n<meta name=\"twitter:card\" content=\"summary_large_image\" \/>\n<meta name=\"twitter:label1\" content=\"Gesch\u00e4tzte Lesezeit\" \/>\n\t<meta name=\"twitter:data1\" content=\"2\u00a0Minuten\" \/>\n<script type=\"application\/ld+json\" class=\"yoast-schema-graph\">{\"@context\":\"https:\/\/schema.org\",\"@graph\":[{\"@type\":\"WebPage\",\"@id\":\"https:\/\/frontaliers-grandest.eu\/de\/startseite\/grenzganger\/frankreich-deutschland\/ausbildung-anerkennung-von-beruflichen-qualifikationen\/anerkennung-von-beruflichen-qualifikationen-in-deutschland\/sie-haben-den-wunsch-im-paramedizinischen-bereich-in-deutschland-zu-arbeiten\/\",\"url\":\"https:\/\/frontaliers-grandest.eu\/de\/startseite\/grenzganger\/frankreich-deutschland\/ausbildung-anerkennung-von-beruflichen-qualifikationen\/anerkennung-von-beruflichen-qualifikationen-in-deutschland\/sie-haben-den-wunsch-im-paramedizinischen-bereich-in-deutschland-zu-arbeiten\/\",\"name\":\"Sie haben den Wunsch, im paramedizinischen Bereich in Deutschland zu arbeiten - Frontaliers Grand Est\",\"isPartOf\":{\"@id\":\"https:\/\/frontaliers-grandest.eu\/de\/#website\"},\"datePublished\":\"2021-06-07T12:13:11+00:00\",\"dateModified\":\"2024-07-03T09:42:32+00:00\",\"breadcrumb\":{\"@id\":\"https:\/\/frontaliers-grandest.eu\/de\/startseite\/grenzganger\/frankreich-deutschland\/ausbildung-anerkennung-von-beruflichen-qualifikationen\/anerkennung-von-beruflichen-qualifikationen-in-deutschland\/sie-haben-den-wunsch-im-paramedizinischen-bereich-in-deutschland-zu-arbeiten\/#breadcrumb\"},\"inLanguage\":\"de\",\"potentialAction\":[{\"@type\":\"ReadAction\",\"target\":[\"https:\/\/frontaliers-grandest.eu\/de\/startseite\/grenzganger\/frankreich-deutschland\/ausbildung-anerkennung-von-beruflichen-qualifikationen\/anerkennung-von-beruflichen-qualifikationen-in-deutschland\/sie-haben-den-wunsch-im-paramedizinischen-bereich-in-deutschland-zu-arbeiten\/\"]}]},{\"@type\":\"BreadcrumbList\",\"@id\":\"https:\/\/frontaliers-grandest.eu\/de\/startseite\/grenzganger\/frankreich-deutschland\/ausbildung-anerkennung-von-beruflichen-qualifikationen\/anerkennung-von-beruflichen-qualifikationen-in-deutschland\/sie-haben-den-wunsch-im-paramedizinischen-bereich-in-deutschland-zu-arbeiten\/#breadcrumb\",\"itemListElement\":[{\"@type\":\"ListItem\",\"position\":1,\"name\":\"Startseite\",\"item\":\"https:\/\/frontaliers-grandest.eu\/de\/\"},{\"@type\":\"ListItem\",\"position\":2,\"name\":\"Grenzg\u00e4nger\",\"item\":\"https:\/\/frontaliers-grandest.eu\/de\/startseite\/grenzganger\/\"},{\"@type\":\"ListItem\",\"position\":3,\"name\":\"Frankreich - Deutschland\",\"item\":\"https:\/\/frontaliers-grandest.eu\/de\/startseite\/grenzganger\/frankreich-deutschland\/\"},{\"@type\":\"ListItem\",\"position\":4,\"name\":\"Ausbildung \/ Anerkennung von beruflichen qualifikationen in Deutschland\",\"item\":\"https:\/\/frontaliers-grandest.eu\/de\/startseite\/grenzganger\/frankreich-deutschland\/ausbildung-anerkennung-von-beruflichen-qualifikationen\/\"},{\"@type\":\"ListItem\",\"position\":5,\"name\":\"Anerkennung von beruflichen qualifikationen in Deutschland\",\"item\":\"https:\/\/frontaliers-grandest.eu\/de\/startseite\/grenzganger\/frankreich-deutschland\/ausbildung-anerkennung-von-beruflichen-qualifikationen\/anerkennung-von-beruflichen-qualifikationen-in-deutschland\/\"},{\"@type\":\"ListItem\",\"position\":6,\"name\":\"Sie haben den Wunsch, im paramedizinischen Bereich in Deutschland zu arbeiten\"}]},{\"@type\":\"WebSite\",\"@id\":\"https:\/\/frontaliers-grandest.eu\/de\/#website\",\"url\":\"https:\/\/frontaliers-grandest.eu\/de\/\",\"name\":\"Frontaliers Grand Est\",\"description\":\"Le site ressource du travail frontalier\",\"publisher\":{\"@id\":\"https:\/\/frontaliers-grandest.eu\/de\/#organization\"},\"alternateName\":\"Frontaliers Grand Est\",\"potentialAction\":[{\"@type\":\"SearchAction\",\"target\":{\"@type\":\"EntryPoint\",\"urlTemplate\":\"https:\/\/frontaliers-grandest.eu\/de\/?s={search_term_string}\"},\"query-input\":{\"@type\":\"PropertyValueSpecification\",\"valueRequired\":true,\"valueName\":\"search_term_string\"}}],\"inLanguage\":\"de\"},{\"@type\":\"Organization\",\"@id\":\"https:\/\/frontaliers-grandest.eu\/de\/#organization\",\"name\":\"Frontaliers Grand Est\",\"alternateName\":\"Frontaliers Grand Est\",\"url\":\"https:\/\/frontaliers-grandest.eu\/de\/\",\"logo\":{\"@type\":\"ImageObject\",\"inLanguage\":\"de\",\"@id\":\"https:\/\/frontaliers-grandest.eu\/de\/#\/schema\/logo\/image\/\",\"url\":\"https:\/\/frontaliers-grandest.eu\/wp-content\/uploads\/2025\/07\/260328234_2966785176920310_3332838526503858160_n.jpg\",\"contentUrl\":\"https:\/\/frontaliers-grandest.eu\/wp-content\/uploads\/2025\/07\/260328234_2966785176920310_3332838526503858160_n.jpg\",\"width\":396,\"height\":396,\"caption\":\"Frontaliers Grand Est\"},\"image\":{\"@id\":\"https:\/\/frontaliers-grandest.eu\/de\/#\/schema\/logo\/image\/\"},\"sameAs\":[\"https:\/\/www.facebook.com\/frontaliers.GR.EST\/?locale=fr_FR\"]}]}<\/script>\n<!-- \/ Yoast SEO plugin. -->","yoast_head_json":{"title":"Sie haben den Wunsch, im paramedizinischen Bereich in Deutschland zu arbeiten - Frontaliers Grand Est","robots":{"index":"index","follow":"follow","max-snippet":"max-snippet:-1","max-image-preview":"max-image-preview:large","max-video-preview":"max-video-preview:-1"},"canonical":"https:\/\/frontaliers-grandest.eu\/de\/startseite\/grenzganger\/frankreich-deutschland\/ausbildung-anerkennung-von-beruflichen-qualifikationen\/anerkennung-von-beruflichen-qualifikationen-in-deutschland\/sie-haben-den-wunsch-im-paramedizinischen-bereich-in-deutschland-zu-arbeiten\/","og_locale":"de_DE","og_type":"article","og_title":"Sie haben den Wunsch, im paramedizinischen Bereich in Deutschland zu arbeiten - Frontaliers Grand Est","og_description":"Zahlreiche Berufe im medizinischen und paramedizinischen Bereich in Deutschland sind reglementiert.Die Website Anerkennung.de gibt f\u00fcr jedes Land Auskunft \u00fcber die im Bereich des Gesundheitswesens zust\u00e4ndige Stelle, die dem&nbsp;Ort entsprechen muss, an dem Sie Ihrer T\u00e4tigkeit nachgehen m\u00f6chten.&nbsp;Bitte wenden Sie sich im Rahmen des Anerkennungsverfahrens an diese Stelle. F\u00fcr das Saarland handelt es sich um : [&hellip;]","og_url":"https:\/\/frontaliers-grandest.eu\/de\/startseite\/grenzganger\/frankreich-deutschland\/ausbildung-anerkennung-von-beruflichen-qualifikationen\/anerkennung-von-beruflichen-qualifikationen-in-deutschland\/sie-haben-den-wunsch-im-paramedizinischen-bereich-in-deutschland-zu-arbeiten\/","og_site_name":"Frontaliers Grand Est","article_publisher":"https:\/\/www.facebook.com\/frontaliers.GR.EST\/?locale=fr_FR","article_modified_time":"2024-07-03T09:42:32+00:00","twitter_card":"summary_large_image","twitter_misc":{"Gesch\u00e4tzte Lesezeit":"2\u00a0Minuten"},"schema":{"@context":"https:\/\/schema.org","@graph":[{"@type":"WebPage","@id":"https:\/\/frontaliers-grandest.eu\/de\/startseite\/grenzganger\/frankreich-deutschland\/ausbildung-anerkennung-von-beruflichen-qualifikationen\/anerkennung-von-beruflichen-qualifikationen-in-deutschland\/sie-haben-den-wunsch-im-paramedizinischen-bereich-in-deutschland-zu-arbeiten\/","url":"https:\/\/frontaliers-grandest.eu\/de\/startseite\/grenzganger\/frankreich-deutschland\/ausbildung-anerkennung-von-beruflichen-qualifikationen\/anerkennung-von-beruflichen-qualifikationen-in-deutschland\/sie-haben-den-wunsch-im-paramedizinischen-bereich-in-deutschland-zu-arbeiten\/","name":"Sie haben den Wunsch, im paramedizinischen Bereich in Deutschland zu arbeiten - Frontaliers Grand Est","isPartOf":{"@id":"https:\/\/frontaliers-grandest.eu\/de\/#website"},"datePublished":"2021-06-07T12:13:11+00:00","dateModified":"2024-07-03T09:42:32+00:00","breadcrumb":{"@id":"https:\/\/frontaliers-grandest.eu\/de\/startseite\/grenzganger\/frankreich-deutschland\/ausbildung-anerkennung-von-beruflichen-qualifikationen\/anerkennung-von-beruflichen-qualifikationen-in-deutschland\/sie-haben-den-wunsch-im-paramedizinischen-bereich-in-deutschland-zu-arbeiten\/#breadcrumb"},"inLanguage":"de","potentialAction":[{"@type":"ReadAction","target":["https:\/\/frontaliers-grandest.eu\/de\/startseite\/grenzganger\/frankreich-deutschland\/ausbildung-anerkennung-von-beruflichen-qualifikationen\/anerkennung-von-beruflichen-qualifikationen-in-deutschland\/sie-haben-den-wunsch-im-paramedizinischen-bereich-in-deutschland-zu-arbeiten\/"]}]},{"@type":"BreadcrumbList","@id":"https:\/\/frontaliers-grandest.eu\/de\/startseite\/grenzganger\/frankreich-deutschland\/ausbildung-anerkennung-von-beruflichen-qualifikationen\/anerkennung-von-beruflichen-qualifikationen-in-deutschland\/sie-haben-den-wunsch-im-paramedizinischen-bereich-in-deutschland-zu-arbeiten\/#breadcrumb","itemListElement":[{"@type":"ListItem","position":1,"name":"Startseite","item":"https:\/\/frontaliers-grandest.eu\/de\/"},{"@type":"ListItem","position":2,"name":"Grenzg\u00e4nger","item":"https:\/\/frontaliers-grandest.eu\/de\/startseite\/grenzganger\/"},{"@type":"ListItem","position":3,"name":"Frankreich - Deutschland","item":"https:\/\/frontaliers-grandest.eu\/de\/startseite\/grenzganger\/frankreich-deutschland\/"},{"@type":"ListItem","position":4,"name":"Ausbildung \/ Anerkennung von beruflichen qualifikationen in Deutschland","item":"https:\/\/frontaliers-grandest.eu\/de\/startseite\/grenzganger\/frankreich-deutschland\/ausbildung-anerkennung-von-beruflichen-qualifikationen\/"},{"@type":"ListItem","position":5,"name":"Anerkennung von beruflichen qualifikationen in Deutschland","item":"https:\/\/frontaliers-grandest.eu\/de\/startseite\/grenzganger\/frankreich-deutschland\/ausbildung-anerkennung-von-beruflichen-qualifikationen\/anerkennung-von-beruflichen-qualifikationen-in-deutschland\/"},{"@type":"ListItem","position":6,"name":"Sie haben den Wunsch, im paramedizinischen Bereich in Deutschland zu arbeiten"}]},{"@type":"WebSite","@id":"https:\/\/frontaliers-grandest.eu\/de\/#website","url":"https:\/\/frontaliers-grandest.eu\/de\/","name":"Frontaliers Grand Est","description":"Le site ressource du travail frontalier","publisher":{"@id":"https:\/\/frontaliers-grandest.eu\/de\/#organization"},"alternateName":"Frontaliers Grand Est","potentialAction":[{"@type":"SearchAction","target":{"@type":"EntryPoint","urlTemplate":"https:\/\/frontaliers-grandest.eu\/de\/?s={search_term_string}"},"query-input":{"@type":"PropertyValueSpecification","valueRequired":true,"valueName":"search_term_string"}}],"inLanguage":"de"},{"@type":"Organization","@id":"https:\/\/frontaliers-grandest.eu\/de\/#organization","name":"Frontaliers Grand Est","alternateName":"Frontaliers Grand Est","url":"https:\/\/frontaliers-grandest.eu\/de\/","logo":{"@type":"ImageObject","inLanguage":"de","@id":"https:\/\/frontaliers-grandest.eu\/de\/#\/schema\/logo\/image\/","url":"https:\/\/frontaliers-grandest.eu\/wp-content\/uploads\/2025\/07\/260328234_2966785176920310_3332838526503858160_n.jpg","contentUrl":"https:\/\/frontaliers-grandest.eu\/wp-content\/uploads\/2025\/07\/260328234_2966785176920310_3332838526503858160_n.jpg","width":396,"height":396,"caption":"Frontaliers Grand Est"},"image":{"@id":"https:\/\/frontaliers-grandest.eu\/de\/#\/schema\/logo\/image\/"},"sameAs":["https:\/\/www.facebook.com\/frontaliers.GR.EST\/?locale=fr_FR"]}]}},"frge_page_order":0,"_links":{"self":[{"href":"https:\/\/frontaliers-grandest.eu\/de\/wp-json\/wp\/v2\/pages\/8208","targetHints":{"allow":["GET"]}}],"collection":[{"href":"https:\/\/frontaliers-grandest.eu\/de\/wp-json\/wp\/v2\/pages"}],"about":[{"href":"https:\/\/frontaliers-grandest.eu\/de\/wp-json\/wp\/v2\/types\/page"}],"author":[{"embeddable":true,"href":"https:\/\/frontaliers-grandest.eu\/de\/wp-json\/wp\/v2\/users\/7"}],"replies":[{"embeddable":true,"href":"https:\/\/frontaliers-grandest.eu\/de\/wp-json\/wp\/v2\/comments?post=8208"}],"version-history":[{"count":5,"href":"https:\/\/frontaliers-grandest.eu\/de\/wp-json\/wp\/v2\/pages\/8208\/revisions"}],"predecessor-version":[{"id":39736,"href":"https:\/\/frontaliers-grandest.eu\/de\/wp-json\/wp\/v2\/pages\/8208\/revisions\/39736"}],"up":[{"embeddable":true,"href":"https:\/\/frontaliers-grandest.eu\/de\/wp-json\/wp\/v2\/pages\/8185"}],"wp:attachment":[{"href":"https:\/\/frontaliers-grandest.eu\/de\/wp-json\/wp\/v2\/media?parent=8208"}],"wp:term":[{"taxonomy":"post_tag","embeddable":true,"href":"https:\/\/frontaliers-grandest.eu\/de\/wp-json\/wp\/v2\/tags?post=8208"},{"taxonomy":"frge_profile","embeddable":true,"href":"https:\/\/frontaliers-grandest.eu\/de\/wp-json\/wp\/v2\/frge_profile?post=8208"}],"curies":[{"name":"wp","href":"https:\/\/api.w.org\/{rel}","templated":true}]}}