{"id":8203,"date":"2021-06-07T14:02:40","date_gmt":"2021-06-07T12:02:40","guid":{"rendered":"https:\/\/frontaliers-grandest.eu\/?page_id=8203"},"modified":"2021-06-07T14:02:41","modified_gmt":"2021-06-07T12:02:41","slug":"wegebau-programm","status":"publish","type":"page","link":"https:\/\/frontaliers-grandest.eu\/de\/startseite\/grenzganger\/frankreich-deutschland\/ausbildung-anerkennung-von-beruflichen-qualifikationen\/die-weiterbildung-des-arbeitnehmers-in-deutschland\/wegebau-programm\/","title":{"rendered":"Wegebau Programm"},"content":{"rendered":"\n<p>Das WeGebAU-Programm, das in 2006 von der Bundesagentur f\u00fcr Arbeit eingerichtet wurde, ist f\u00fcr die gering qualifizierten und \u00e4lteren Arbeitnehmer in kleinen und mittleren Unternehmen vorgesehen, damit ihnen alle Chancen auf dem Arbeitsmarkt zu geben.<\/p>\n\n\n\n<p>Es erlaubt dem Arbeitgeber w\u00e4hrend seiner Arbeitszeit f\u00fcr die Ausbildung zu befreien und weiterhin seinen Gehalt zu erhalten. Der gezahlte Lohn wird teilweise an den Arbeitgeber durch die Agenturen f\u00fcr Arbeit erstattet.<\/p>\n\n\n\n<h5 class=\"wp-block-heading\">Erstattung der Bildungskosten durch die Agenturen f\u00fcr Arbeit:<\/h5>\n\n\n\n<ul class=\"wp-block-list\"><li>F\u00fcr die Arbeitnehmer \u00fcber 45 Jahre alt, k\u00f6nnen bis zu 75% der Ausbildungskosten von der \u00f6rtlichen Agentur f\u00fcr Arbeit finanziert werden. Der Zuschlag muss vom Arbeitgeber oder dem Arbeitnehmer gezahlt werden.<\/li><li>F\u00fcr j\u00fcngere Arbeitnehmer, k\u00f6nnen die Kosten durch die Agentur f\u00fcr Arbeit&nbsp; nur dann erstattet werden, wenn das Unternehmen mindestens 50% der Ausbildungskosten \u00fcbernimmt.<\/li><\/ul>\n\n\n\n<p>Der Mitarbeiter wird einen &#8222;Bildungsgutschein&#8220; erhalten.<\/p>\n\n\n\n<h5 class=\"wp-block-heading\"><strong>Ausk\u00fcnfte:<\/strong><\/h5>\n\n\n\n<ul class=\"wp-block-list\"><li>Eine \u00f6rtliche Bundesagentur f\u00fcr Arbeit kontaktieren:\u00a0<a href=\"http:\/\/www.arbeitsagentur.de\/\" target=\"_blank\" rel=\"noreferrer noopener\">www.arbeitsagentur.de<\/a>\u00a0<\/li><li>Portal der\u00a0Ausbildungsorganisationen, die die Partner der Bundesagentur f\u00fcr Arbeit sind:\u00a0<a href=\"http:\/\/www.kursnet.arbeitsagentur.de\/\" target=\"_blank\" rel=\"noreferrer noopener\">www.kursnet.arbeitsagentur.de<\/a><\/li><\/ul>\n","protected":false},"excerpt":{"rendered":"<p>Das WeGebAU-Programm, das in 2006 von der Bundesagentur f\u00fcr Arbeit eingerichtet wurde, ist f\u00fcr die gering qualifizierten und \u00e4lteren Arbeitnehmer in kleinen und mittleren Unternehmen vorgesehen, damit ihnen alle Chancen auf dem Arbeitsmarkt zu geben. Es erlaubt dem Arbeitgeber w\u00e4hrend seiner Arbeitszeit f\u00fcr die Ausbildung zu befreien und weiterhin seinen Gehalt zu erhalten. Der gezahlte [&hellip;]<\/p>\n","protected":false},"author":7,"featured_media":0,"parent":8183,"menu_order":4,"comment_status":"closed","ping_status":"closed","template":"","meta":{"inline_featured_image":false,"footnotes":""},"tags":[],"frge_profile":[],"class_list":["post-8203","page","type-page","status-publish","hentry"],"yoast_head":"<!-- This site is optimized with the Yoast SEO plugin v27.1.1 - https:\/\/yoast.com\/product\/yoast-seo-wordpress\/ -->\n<title>Wegebau Programm - Frontaliers Grand Est<\/title>\n<meta name=\"robots\" content=\"index, follow, max-snippet:-1, max-image-preview:large, max-video-preview:-1\" \/>\n<link rel=\"canonical\" href=\"https:\/\/frontaliers-grandest.eu\/de\/startseite\/grenzganger\/frankreich-deutschland\/ausbildung-anerkennung-von-beruflichen-qualifikationen\/die-weiterbildung-des-arbeitnehmers-in-deutschland\/wegebau-programm\/\" \/>\n<meta property=\"og:locale\" content=\"de_DE\" \/>\n<meta property=\"og:type\" content=\"article\" \/>\n<meta property=\"og:title\" content=\"Wegebau Programm - Frontaliers Grand Est\" \/>\n<meta property=\"og:description\" content=\"Das WeGebAU-Programm, das in 2006 von der Bundesagentur f\u00fcr Arbeit eingerichtet wurde, ist f\u00fcr die gering qualifizierten und \u00e4lteren Arbeitnehmer in kleinen und mittleren Unternehmen vorgesehen, damit ihnen alle Chancen auf dem Arbeitsmarkt zu geben. Es erlaubt dem Arbeitgeber w\u00e4hrend seiner Arbeitszeit f\u00fcr die Ausbildung zu befreien und weiterhin seinen Gehalt zu erhalten. Der gezahlte [&hellip;]\" \/>\n<meta property=\"og:url\" content=\"https:\/\/frontaliers-grandest.eu\/de\/startseite\/grenzganger\/frankreich-deutschland\/ausbildung-anerkennung-von-beruflichen-qualifikationen\/die-weiterbildung-des-arbeitnehmers-in-deutschland\/wegebau-programm\/\" \/>\n<meta property=\"og:site_name\" content=\"Frontaliers Grand Est\" \/>\n<meta property=\"article:publisher\" content=\"https:\/\/www.facebook.com\/frontaliers.GR.EST\/?locale=fr_FR\" \/>\n<meta property=\"article:modified_time\" content=\"2021-06-07T12:02:41+00:00\" \/>\n<meta name=\"twitter:card\" content=\"summary_large_image\" \/>\n<meta name=\"twitter:label1\" content=\"Gesch\u00e4tzte Lesezeit\" \/>\n\t<meta name=\"twitter:data1\" content=\"1\u00a0Minute\" \/>\n<script type=\"application\/ld+json\" class=\"yoast-schema-graph\">{\"@context\":\"https:\/\/schema.org\",\"@graph\":[{\"@type\":\"WebPage\",\"@id\":\"https:\/\/frontaliers-grandest.eu\/de\/startseite\/grenzganger\/frankreich-deutschland\/ausbildung-anerkennung-von-beruflichen-qualifikationen\/die-weiterbildung-des-arbeitnehmers-in-deutschland\/wegebau-programm\/\",\"url\":\"https:\/\/frontaliers-grandest.eu\/de\/startseite\/grenzganger\/frankreich-deutschland\/ausbildung-anerkennung-von-beruflichen-qualifikationen\/die-weiterbildung-des-arbeitnehmers-in-deutschland\/wegebau-programm\/\",\"name\":\"Wegebau Programm - Frontaliers Grand Est\",\"isPartOf\":{\"@id\":\"https:\/\/frontaliers-grandest.eu\/de\/#website\"},\"datePublished\":\"2021-06-07T12:02:40+00:00\",\"dateModified\":\"2021-06-07T12:02:41+00:00\",\"breadcrumb\":{\"@id\":\"https:\/\/frontaliers-grandest.eu\/de\/startseite\/grenzganger\/frankreich-deutschland\/ausbildung-anerkennung-von-beruflichen-qualifikationen\/die-weiterbildung-des-arbeitnehmers-in-deutschland\/wegebau-programm\/#breadcrumb\"},\"inLanguage\":\"de\",\"potentialAction\":[{\"@type\":\"ReadAction\",\"target\":[\"https:\/\/frontaliers-grandest.eu\/de\/startseite\/grenzganger\/frankreich-deutschland\/ausbildung-anerkennung-von-beruflichen-qualifikationen\/die-weiterbildung-des-arbeitnehmers-in-deutschland\/wegebau-programm\/\"]}]},{\"@type\":\"BreadcrumbList\",\"@id\":\"https:\/\/frontaliers-grandest.eu\/de\/startseite\/grenzganger\/frankreich-deutschland\/ausbildung-anerkennung-von-beruflichen-qualifikationen\/die-weiterbildung-des-arbeitnehmers-in-deutschland\/wegebau-programm\/#breadcrumb\",\"itemListElement\":[{\"@type\":\"ListItem\",\"position\":1,\"name\":\"Startseite\",\"item\":\"https:\/\/frontaliers-grandest.eu\/de\/\"},{\"@type\":\"ListItem\",\"position\":2,\"name\":\"Grenzg\u00e4nger\",\"item\":\"https:\/\/frontaliers-grandest.eu\/de\/startseite\/grenzganger\/\"},{\"@type\":\"ListItem\",\"position\":3,\"name\":\"Frankreich - Deutschland\",\"item\":\"https:\/\/frontaliers-grandest.eu\/de\/startseite\/grenzganger\/frankreich-deutschland\/\"},{\"@type\":\"ListItem\",\"position\":4,\"name\":\"Ausbildung \/ Anerkennung von beruflichen qualifikationen in Deutschland\",\"item\":\"https:\/\/frontaliers-grandest.eu\/de\/startseite\/grenzganger\/frankreich-deutschland\/ausbildung-anerkennung-von-beruflichen-qualifikationen\/\"},{\"@type\":\"ListItem\",\"position\":5,\"name\":\"Die Weiterbildung des Arbeitnehmers in Deutschland\",\"item\":\"https:\/\/frontaliers-grandest.eu\/de\/startseite\/grenzganger\/frankreich-deutschland\/ausbildung-anerkennung-von-beruflichen-qualifikationen\/die-weiterbildung-des-arbeitnehmers-in-deutschland\/\"},{\"@type\":\"ListItem\",\"position\":6,\"name\":\"Wegebau Programm\"}]},{\"@type\":\"WebSite\",\"@id\":\"https:\/\/frontaliers-grandest.eu\/de\/#website\",\"url\":\"https:\/\/frontaliers-grandest.eu\/de\/\",\"name\":\"Frontaliers Grand Est\",\"description\":\"Le site ressource du travail frontalier\",\"publisher\":{\"@id\":\"https:\/\/frontaliers-grandest.eu\/de\/#organization\"},\"alternateName\":\"Frontaliers Grand Est\",\"potentialAction\":[{\"@type\":\"SearchAction\",\"target\":{\"@type\":\"EntryPoint\",\"urlTemplate\":\"https:\/\/frontaliers-grandest.eu\/de\/?s={search_term_string}\"},\"query-input\":{\"@type\":\"PropertyValueSpecification\",\"valueRequired\":true,\"valueName\":\"search_term_string\"}}],\"inLanguage\":\"de\"},{\"@type\":\"Organization\",\"@id\":\"https:\/\/frontaliers-grandest.eu\/de\/#organization\",\"name\":\"Frontaliers Grand Est\",\"alternateName\":\"Frontaliers Grand Est\",\"url\":\"https:\/\/frontaliers-grandest.eu\/de\/\",\"logo\":{\"@type\":\"ImageObject\",\"inLanguage\":\"de\",\"@id\":\"https:\/\/frontaliers-grandest.eu\/de\/#\/schema\/logo\/image\/\",\"url\":\"https:\/\/frontaliers-grandest.eu\/wp-content\/uploads\/2025\/07\/260328234_2966785176920310_3332838526503858160_n.jpg\",\"contentUrl\":\"https:\/\/frontaliers-grandest.eu\/wp-content\/uploads\/2025\/07\/260328234_2966785176920310_3332838526503858160_n.jpg\",\"width\":396,\"height\":396,\"caption\":\"Frontaliers Grand Est\"},\"image\":{\"@id\":\"https:\/\/frontaliers-grandest.eu\/de\/#\/schema\/logo\/image\/\"},\"sameAs\":[\"https:\/\/www.facebook.com\/frontaliers.GR.EST\/?locale=fr_FR\"]}]}<\/script>\n<!-- \/ Yoast SEO plugin. -->","yoast_head_json":{"title":"Wegebau Programm - Frontaliers Grand Est","robots":{"index":"index","follow":"follow","max-snippet":"max-snippet:-1","max-image-preview":"max-image-preview:large","max-video-preview":"max-video-preview:-1"},"canonical":"https:\/\/frontaliers-grandest.eu\/de\/startseite\/grenzganger\/frankreich-deutschland\/ausbildung-anerkennung-von-beruflichen-qualifikationen\/die-weiterbildung-des-arbeitnehmers-in-deutschland\/wegebau-programm\/","og_locale":"de_DE","og_type":"article","og_title":"Wegebau Programm - Frontaliers Grand Est","og_description":"Das WeGebAU-Programm, das in 2006 von der Bundesagentur f\u00fcr Arbeit eingerichtet wurde, ist f\u00fcr die gering qualifizierten und \u00e4lteren Arbeitnehmer in kleinen und mittleren Unternehmen vorgesehen, damit ihnen alle Chancen auf dem Arbeitsmarkt zu geben. Es erlaubt dem Arbeitgeber w\u00e4hrend seiner Arbeitszeit f\u00fcr die Ausbildung zu befreien und weiterhin seinen Gehalt zu erhalten. Der gezahlte [&hellip;]","og_url":"https:\/\/frontaliers-grandest.eu\/de\/startseite\/grenzganger\/frankreich-deutschland\/ausbildung-anerkennung-von-beruflichen-qualifikationen\/die-weiterbildung-des-arbeitnehmers-in-deutschland\/wegebau-programm\/","og_site_name":"Frontaliers Grand Est","article_publisher":"https:\/\/www.facebook.com\/frontaliers.GR.EST\/?locale=fr_FR","article_modified_time":"2021-06-07T12:02:41+00:00","twitter_card":"summary_large_image","twitter_misc":{"Gesch\u00e4tzte Lesezeit":"1\u00a0Minute"},"schema":{"@context":"https:\/\/schema.org","@graph":[{"@type":"WebPage","@id":"https:\/\/frontaliers-grandest.eu\/de\/startseite\/grenzganger\/frankreich-deutschland\/ausbildung-anerkennung-von-beruflichen-qualifikationen\/die-weiterbildung-des-arbeitnehmers-in-deutschland\/wegebau-programm\/","url":"https:\/\/frontaliers-grandest.eu\/de\/startseite\/grenzganger\/frankreich-deutschland\/ausbildung-anerkennung-von-beruflichen-qualifikationen\/die-weiterbildung-des-arbeitnehmers-in-deutschland\/wegebau-programm\/","name":"Wegebau Programm - Frontaliers Grand Est","isPartOf":{"@id":"https:\/\/frontaliers-grandest.eu\/de\/#website"},"datePublished":"2021-06-07T12:02:40+00:00","dateModified":"2021-06-07T12:02:41+00:00","breadcrumb":{"@id":"https:\/\/frontaliers-grandest.eu\/de\/startseite\/grenzganger\/frankreich-deutschland\/ausbildung-anerkennung-von-beruflichen-qualifikationen\/die-weiterbildung-des-arbeitnehmers-in-deutschland\/wegebau-programm\/#breadcrumb"},"inLanguage":"de","potentialAction":[{"@type":"ReadAction","target":["https:\/\/frontaliers-grandest.eu\/de\/startseite\/grenzganger\/frankreich-deutschland\/ausbildung-anerkennung-von-beruflichen-qualifikationen\/die-weiterbildung-des-arbeitnehmers-in-deutschland\/wegebau-programm\/"]}]},{"@type":"BreadcrumbList","@id":"https:\/\/frontaliers-grandest.eu\/de\/startseite\/grenzganger\/frankreich-deutschland\/ausbildung-anerkennung-von-beruflichen-qualifikationen\/die-weiterbildung-des-arbeitnehmers-in-deutschland\/wegebau-programm\/#breadcrumb","itemListElement":[{"@type":"ListItem","position":1,"name":"Startseite","item":"https:\/\/frontaliers-grandest.eu\/de\/"},{"@type":"ListItem","position":2,"name":"Grenzg\u00e4nger","item":"https:\/\/frontaliers-grandest.eu\/de\/startseite\/grenzganger\/"},{"@type":"ListItem","position":3,"name":"Frankreich - Deutschland","item":"https:\/\/frontaliers-grandest.eu\/de\/startseite\/grenzganger\/frankreich-deutschland\/"},{"@type":"ListItem","position":4,"name":"Ausbildung \/ Anerkennung von beruflichen qualifikationen in Deutschland","item":"https:\/\/frontaliers-grandest.eu\/de\/startseite\/grenzganger\/frankreich-deutschland\/ausbildung-anerkennung-von-beruflichen-qualifikationen\/"},{"@type":"ListItem","position":5,"name":"Die Weiterbildung des Arbeitnehmers in Deutschland","item":"https:\/\/frontaliers-grandest.eu\/de\/startseite\/grenzganger\/frankreich-deutschland\/ausbildung-anerkennung-von-beruflichen-qualifikationen\/die-weiterbildung-des-arbeitnehmers-in-deutschland\/"},{"@type":"ListItem","position":6,"name":"Wegebau Programm"}]},{"@type":"WebSite","@id":"https:\/\/frontaliers-grandest.eu\/de\/#website","url":"https:\/\/frontaliers-grandest.eu\/de\/","name":"Frontaliers Grand Est","description":"Le site ressource du travail frontalier","publisher":{"@id":"https:\/\/frontaliers-grandest.eu\/de\/#organization"},"alternateName":"Frontaliers Grand Est","potentialAction":[{"@type":"SearchAction","target":{"@type":"EntryPoint","urlTemplate":"https:\/\/frontaliers-grandest.eu\/de\/?s={search_term_string}"},"query-input":{"@type":"PropertyValueSpecification","valueRequired":true,"valueName":"search_term_string"}}],"inLanguage":"de"},{"@type":"Organization","@id":"https:\/\/frontaliers-grandest.eu\/de\/#organization","name":"Frontaliers Grand Est","alternateName":"Frontaliers Grand Est","url":"https:\/\/frontaliers-grandest.eu\/de\/","logo":{"@type":"ImageObject","inLanguage":"de","@id":"https:\/\/frontaliers-grandest.eu\/de\/#\/schema\/logo\/image\/","url":"https:\/\/frontaliers-grandest.eu\/wp-content\/uploads\/2025\/07\/260328234_2966785176920310_3332838526503858160_n.jpg","contentUrl":"https:\/\/frontaliers-grandest.eu\/wp-content\/uploads\/2025\/07\/260328234_2966785176920310_3332838526503858160_n.jpg","width":396,"height":396,"caption":"Frontaliers Grand Est"},"image":{"@id":"https:\/\/frontaliers-grandest.eu\/de\/#\/schema\/logo\/image\/"},"sameAs":["https:\/\/www.facebook.com\/frontaliers.GR.EST\/?locale=fr_FR"]}]}},"frge_page_order":0,"_links":{"self":[{"href":"https:\/\/frontaliers-grandest.eu\/de\/wp-json\/wp\/v2\/pages\/8203","targetHints":{"allow":["GET"]}}],"collection":[{"href":"https:\/\/frontaliers-grandest.eu\/de\/wp-json\/wp\/v2\/pages"}],"about":[{"href":"https:\/\/frontaliers-grandest.eu\/de\/wp-json\/wp\/v2\/types\/page"}],"author":[{"embeddable":true,"href":"https:\/\/frontaliers-grandest.eu\/de\/wp-json\/wp\/v2\/users\/7"}],"replies":[{"embeddable":true,"href":"https:\/\/frontaliers-grandest.eu\/de\/wp-json\/wp\/v2\/comments?post=8203"}],"version-history":[{"count":1,"href":"https:\/\/frontaliers-grandest.eu\/de\/wp-json\/wp\/v2\/pages\/8203\/revisions"}],"predecessor-version":[{"id":8204,"href":"https:\/\/frontaliers-grandest.eu\/de\/wp-json\/wp\/v2\/pages\/8203\/revisions\/8204"}],"up":[{"embeddable":true,"href":"https:\/\/frontaliers-grandest.eu\/de\/wp-json\/wp\/v2\/pages\/8183"}],"wp:attachment":[{"href":"https:\/\/frontaliers-grandest.eu\/de\/wp-json\/wp\/v2\/media?parent=8203"}],"wp:term":[{"taxonomy":"post_tag","embeddable":true,"href":"https:\/\/frontaliers-grandest.eu\/de\/wp-json\/wp\/v2\/tags?post=8203"},{"taxonomy":"frge_profile","embeddable":true,"href":"https:\/\/frontaliers-grandest.eu\/de\/wp-json\/wp\/v2\/frge_profile?post=8203"}],"curies":[{"name":"wp","href":"https:\/\/api.w.org\/{rel}","templated":true}]}}