{"id":8201,"date":"2021-06-07T14:00:13","date_gmt":"2021-06-07T12:00:13","guid":{"rendered":"https:\/\/frontaliers-grandest.eu\/?page_id=8201"},"modified":"2024-07-08T09:46:47","modified_gmt":"2024-07-08T07:46:47","slug":"aufstiegsfortbildung-berufliche-weiterbildung-fur-das-meister-oder-management-diplom","status":"publish","type":"page","link":"https:\/\/frontaliers-grandest.eu\/de\/startseite\/grenzganger\/frankreich-deutschland\/ausbildung-anerkennung-von-beruflichen-qualifikationen\/die-weiterbildung-des-arbeitnehmers-in-deutschland\/aufstiegsfortbildung-berufliche-weiterbildung-fur-das-meister-oder-management-diplom\/","title":{"rendered":"Aufstiegsfortbildung : berufliche weiterbildung f\u00fcr das meister &#8211; oder management diplom"},"content":{"rendered":"\n<p>Die Aufstiegsfortbildung wird f\u00fcr alle Personen ge\u00f6ffnet, die eine Berufsausbildung in vielen Bereichen (Handwerk, Industrie, Technik, Handel, Gesundheit, IT, Management) haben, und die einen Master-Abschluss (Meister BAf\u00f6G) oder einen Management-Abschluss gelangen m\u00f6chten. Sie stellt sich auch als eine Br\u00fccke f\u00fcr die Unternehmensgr\u00fcndungen vor. Das neue Gesetz \u00fcber die Aufstiegsfortbildung wurde am 1. Januar 2015 und wird ab dem 1. August 2016 die finanzielle Unterst\u00fctzung des Staates und der L\u00e4nder f\u00fcr die Bewerber aufwerten.<\/p>\n\n\n\n<p>W\u00e4hrend 2 Jahre (Vollzeitausbildung) oder 4 Jahre (Teilzeitausbildung) k\u00f6nnen die Kandidaten ein Diplom von Bankfachwirt, Betriebswirt, Elektrotechniker, Industriemeister, Handwerkmeister, Fachkrankenpfleger vorbereiten&#8230; Die Ausbildung umfasst 400 Stunden Minimum. Sie erfolgt in der Regel in Deutschland, aber kann auch in zwei anderen europ\u00e4ischen L\u00e4ndern im Rahmen eines Abkommens stattfinden. Das Niveau der Ausbildung darf nicht die Meisterebene \u00fcberschreiten.<\/p>\n\n\n\n<ul class=\"wp-block-list\">\n<li><strong>Voraussetzungen<\/strong>: eine Erfahrung von mehreren Jahren im Beruf ist erforderlich.<\/li>\n<\/ul>\n\n\n\n<p>Die finanzielle Unterst\u00fctzung ist f\u00fcr die Deutschen und die dauerhaft in Deutschland aufhaltenden Ausl\u00e4nder zug\u00e4nglich.<\/p>\n\n\n\n<p>Die Ausbildungskosten werden von bis zu 10.226 \u20ac in Form von finanzieller Unterst\u00fctzung (30,5%) gew\u00e4hrleistet. &nbsp;Der restliche Prozentsatz wird in Form von zinslosen Darlehen erfolgen.<\/p>\n\n\n\n<p>Eine monatliche finanzielle Unterst\u00fctzung wird auch f\u00fcr die Personen gew\u00e4hrt, die eine Vollzeitausbildung durchf\u00fchren. Auf jeden Fall werden die Summe von 238 \u20ac monatlich in Form von Beihilfe und die Zusatzsumme in Form von Darlehen (zum Nullsatz f\u00fcr sechs Jahre) gew\u00e4hrleistet:<\/p>\n\n\n\n<ul class=\"wp-block-list\">\n<li>697 \u20ac f\u00fcr eine Einzelperson ohne Kinder (238 \u20ac Beihilfe, 459 \u20ac Darlehen),(760 \u20ac ab 1. August 2016)<\/li>\n\n\n\n<li>907 \u20ac f\u00fcr eine Einzelperson mit einem Kind (238 \u20ac Beihilfe, 669 \u20ac Darlehen)<\/li>\n\n\n\n<li>921 \u20ac f\u00fcr ein Ehepaar (238 \u20ac Beihilfe, 683 \u20ac Darlehen)<\/li>\n\n\n\n<li>1 122 \u20ac f\u00fcr ein Ehepaar mit einem Kind (238 \u20ac Beihilfe, 884 \u20ac Darlehen)<\/li>\n\n\n\n<li>1 332 \u20ac f\u00fcr ein Ehepaar mit zwei Kinder (238 \u20ac Beihilfe, 1 094 \u20ac Darlehen)<\/li>\n<\/ul>\n\n\n\n<p>Viele staatlich zugelassenen Ausbildungsorganisationen vorbereiten die Abschl\u00fcsse im Saarland: der Berufsf\u00f6rderungswerk Saarland GmbH in Saarbr\u00fccken verf\u00fcgt \u00fcber ein Netz von Ausbildungszentren.<\/p>\n\n\n\n<p>Ausk\u00fcnfte: F\u00fcr weitere Informationen \u00fcber die Aufstiegsfortbildung&nbsp; und Vorgehen bitte wenden Sie sich an die \u00f6rtlichen Beh\u00f6rden an.<\/p>\n\n\n\n<figure class=\"wp-block-pullquote\"><blockquote><p><strong>Beratungsstelle im Saarland:<\/strong><br>Landeshauptstadt Saarbr\u00fccken,<br>Tel. 0681\/9050<\/p><\/blockquote><\/figure>\n\n\n\n<p>Damit ein \u201eMeister BAf\u00f6G\u201c-Darlehen zu erhalten, bitte, wenden Sie sich an den Kreditananstalt f\u00fcr Wiederaufbau, 53170 Bonn.<\/p>\n\n\n\n<p>Liste der Ausbildungsorganisationen im Saarland:&nbsp;<a href=\"http:\/\/www.bfwsaarland.de\/\" target=\"_blank\" rel=\"noreferrer noopener\">www.BFWSaarland.de<\/a><\/p>\n","protected":false},"excerpt":{"rendered":"<p>Die Aufstiegsfortbildung wird f\u00fcr alle Personen ge\u00f6ffnet, die eine Berufsausbildung in vielen Bereichen (Handwerk, Industrie, Technik, Handel, Gesundheit, IT, Management) haben, und die einen Master-Abschluss (Meister BAf\u00f6G) oder einen Management-Abschluss gelangen m\u00f6chten. Sie stellt sich auch als eine Br\u00fccke f\u00fcr die Unternehmensgr\u00fcndungen vor. Das neue Gesetz \u00fcber die Aufstiegsfortbildung wurde am 1. Januar 2015 und [&hellip;]<\/p>\n","protected":false},"author":7,"featured_media":0,"parent":8183,"menu_order":3,"comment_status":"closed","ping_status":"closed","template":"","meta":{"inline_featured_image":false,"footnotes":""},"tags":[],"frge_profile":[],"class_list":["post-8201","page","type-page","status-publish","hentry"],"yoast_head":"<!-- This site is optimized with the Yoast SEO plugin v27.1.1 - https:\/\/yoast.com\/product\/yoast-seo-wordpress\/ -->\n<title>Aufstiegsfortbildung: meister- und management-diplom finanzierung<\/title>\n<meta name=\"description\" content=\"Aufstiegsfortbildung f\u00fcr Meister- oder Management-Diplom, zug\u00e4nglich f\u00fcr Berufsausgebildete in Handwerk, Industrie, Gesundheit, IT.\" \/>\n<meta name=\"robots\" content=\"index, follow, max-snippet:-1, max-image-preview:large, max-video-preview:-1\" \/>\n<link rel=\"canonical\" href=\"https:\/\/frontaliers-grandest.eu\/de\/startseite\/grenzganger\/frankreich-deutschland\/ausbildung-anerkennung-von-beruflichen-qualifikationen\/die-weiterbildung-des-arbeitnehmers-in-deutschland\/aufstiegsfortbildung-berufliche-weiterbildung-fur-das-meister-oder-management-diplom\/\" \/>\n<meta property=\"og:locale\" content=\"de_DE\" \/>\n<meta property=\"og:type\" content=\"article\" \/>\n<meta property=\"og:title\" content=\"Aufstiegsfortbildung: meister- und management-diplom finanzierung\" \/>\n<meta property=\"og:description\" content=\"Aufstiegsfortbildung f\u00fcr Meister- oder Management-Diplom, zug\u00e4nglich f\u00fcr Berufsausgebildete in Handwerk, Industrie, Gesundheit, IT.\" \/>\n<meta property=\"og:url\" content=\"https:\/\/frontaliers-grandest.eu\/de\/startseite\/grenzganger\/frankreich-deutschland\/ausbildung-anerkennung-von-beruflichen-qualifikationen\/die-weiterbildung-des-arbeitnehmers-in-deutschland\/aufstiegsfortbildung-berufliche-weiterbildung-fur-das-meister-oder-management-diplom\/\" \/>\n<meta property=\"og:site_name\" content=\"Frontaliers Grand Est\" \/>\n<meta property=\"article:publisher\" content=\"https:\/\/www.facebook.com\/frontaliers.GR.EST\/?locale=fr_FR\" \/>\n<meta property=\"article:modified_time\" content=\"2024-07-08T07:46:47+00:00\" \/>\n<meta name=\"twitter:card\" content=\"summary_large_image\" \/>\n<meta name=\"twitter:label1\" content=\"Gesch\u00e4tzte Lesezeit\" \/>\n\t<meta name=\"twitter:data1\" content=\"2\u00a0Minuten\" \/>\n<script type=\"application\/ld+json\" class=\"yoast-schema-graph\">{\"@context\":\"https:\/\/schema.org\",\"@graph\":[{\"@type\":\"WebPage\",\"@id\":\"https:\/\/frontaliers-grandest.eu\/de\/startseite\/grenzganger\/frankreich-deutschland\/ausbildung-anerkennung-von-beruflichen-qualifikationen\/die-weiterbildung-des-arbeitnehmers-in-deutschland\/aufstiegsfortbildung-berufliche-weiterbildung-fur-das-meister-oder-management-diplom\/\",\"url\":\"https:\/\/frontaliers-grandest.eu\/de\/startseite\/grenzganger\/frankreich-deutschland\/ausbildung-anerkennung-von-beruflichen-qualifikationen\/die-weiterbildung-des-arbeitnehmers-in-deutschland\/aufstiegsfortbildung-berufliche-weiterbildung-fur-das-meister-oder-management-diplom\/\",\"name\":\"Aufstiegsfortbildung: meister- und management-diplom finanzierung\",\"isPartOf\":{\"@id\":\"https:\/\/frontaliers-grandest.eu\/de\/#website\"},\"datePublished\":\"2021-06-07T12:00:13+00:00\",\"dateModified\":\"2024-07-08T07:46:47+00:00\",\"description\":\"Aufstiegsfortbildung f\u00fcr Meister- oder Management-Diplom, zug\u00e4nglich f\u00fcr Berufsausgebildete in Handwerk, Industrie, Gesundheit, IT.\",\"breadcrumb\":{\"@id\":\"https:\/\/frontaliers-grandest.eu\/de\/startseite\/grenzganger\/frankreich-deutschland\/ausbildung-anerkennung-von-beruflichen-qualifikationen\/die-weiterbildung-des-arbeitnehmers-in-deutschland\/aufstiegsfortbildung-berufliche-weiterbildung-fur-das-meister-oder-management-diplom\/#breadcrumb\"},\"inLanguage\":\"de\",\"potentialAction\":[{\"@type\":\"ReadAction\",\"target\":[\"https:\/\/frontaliers-grandest.eu\/de\/startseite\/grenzganger\/frankreich-deutschland\/ausbildung-anerkennung-von-beruflichen-qualifikationen\/die-weiterbildung-des-arbeitnehmers-in-deutschland\/aufstiegsfortbildung-berufliche-weiterbildung-fur-das-meister-oder-management-diplom\/\"]}]},{\"@type\":\"BreadcrumbList\",\"@id\":\"https:\/\/frontaliers-grandest.eu\/de\/startseite\/grenzganger\/frankreich-deutschland\/ausbildung-anerkennung-von-beruflichen-qualifikationen\/die-weiterbildung-des-arbeitnehmers-in-deutschland\/aufstiegsfortbildung-berufliche-weiterbildung-fur-das-meister-oder-management-diplom\/#breadcrumb\",\"itemListElement\":[{\"@type\":\"ListItem\",\"position\":1,\"name\":\"Startseite\",\"item\":\"https:\/\/frontaliers-grandest.eu\/de\/\"},{\"@type\":\"ListItem\",\"position\":2,\"name\":\"Grenzg\u00e4nger\",\"item\":\"https:\/\/frontaliers-grandest.eu\/de\/startseite\/grenzganger\/\"},{\"@type\":\"ListItem\",\"position\":3,\"name\":\"Frankreich - Deutschland\",\"item\":\"https:\/\/frontaliers-grandest.eu\/de\/startseite\/grenzganger\/frankreich-deutschland\/\"},{\"@type\":\"ListItem\",\"position\":4,\"name\":\"Ausbildung \/ Anerkennung von beruflichen qualifikationen in Deutschland\",\"item\":\"https:\/\/frontaliers-grandest.eu\/de\/startseite\/grenzganger\/frankreich-deutschland\/ausbildung-anerkennung-von-beruflichen-qualifikationen\/\"},{\"@type\":\"ListItem\",\"position\":5,\"name\":\"Die Weiterbildung des Arbeitnehmers in Deutschland\",\"item\":\"https:\/\/frontaliers-grandest.eu\/de\/startseite\/grenzganger\/frankreich-deutschland\/ausbildung-anerkennung-von-beruflichen-qualifikationen\/die-weiterbildung-des-arbeitnehmers-in-deutschland\/\"},{\"@type\":\"ListItem\",\"position\":6,\"name\":\"Aufstiegsfortbildung : berufliche weiterbildung f\u00fcr das meister &#8211; oder management diplom\"}]},{\"@type\":\"WebSite\",\"@id\":\"https:\/\/frontaliers-grandest.eu\/de\/#website\",\"url\":\"https:\/\/frontaliers-grandest.eu\/de\/\",\"name\":\"Frontaliers Grand Est\",\"description\":\"Le site ressource du travail frontalier\",\"publisher\":{\"@id\":\"https:\/\/frontaliers-grandest.eu\/de\/#organization\"},\"alternateName\":\"Frontaliers Grand Est\",\"potentialAction\":[{\"@type\":\"SearchAction\",\"target\":{\"@type\":\"EntryPoint\",\"urlTemplate\":\"https:\/\/frontaliers-grandest.eu\/de\/?s={search_term_string}\"},\"query-input\":{\"@type\":\"PropertyValueSpecification\",\"valueRequired\":true,\"valueName\":\"search_term_string\"}}],\"inLanguage\":\"de\"},{\"@type\":\"Organization\",\"@id\":\"https:\/\/frontaliers-grandest.eu\/de\/#organization\",\"name\":\"Frontaliers Grand Est\",\"alternateName\":\"Frontaliers Grand Est\",\"url\":\"https:\/\/frontaliers-grandest.eu\/de\/\",\"logo\":{\"@type\":\"ImageObject\",\"inLanguage\":\"de\",\"@id\":\"https:\/\/frontaliers-grandest.eu\/de\/#\/schema\/logo\/image\/\",\"url\":\"https:\/\/frontaliers-grandest.eu\/wp-content\/uploads\/2025\/07\/260328234_2966785176920310_3332838526503858160_n.jpg\",\"contentUrl\":\"https:\/\/frontaliers-grandest.eu\/wp-content\/uploads\/2025\/07\/260328234_2966785176920310_3332838526503858160_n.jpg\",\"width\":396,\"height\":396,\"caption\":\"Frontaliers Grand Est\"},\"image\":{\"@id\":\"https:\/\/frontaliers-grandest.eu\/de\/#\/schema\/logo\/image\/\"},\"sameAs\":[\"https:\/\/www.facebook.com\/frontaliers.GR.EST\/?locale=fr_FR\"]}]}<\/script>\n<!-- \/ Yoast SEO plugin. -->","yoast_head_json":{"title":"Aufstiegsfortbildung: meister- und management-diplom finanzierung","description":"Aufstiegsfortbildung f\u00fcr Meister- oder Management-Diplom, zug\u00e4nglich f\u00fcr Berufsausgebildete in Handwerk, Industrie, Gesundheit, IT.","robots":{"index":"index","follow":"follow","max-snippet":"max-snippet:-1","max-image-preview":"max-image-preview:large","max-video-preview":"max-video-preview:-1"},"canonical":"https:\/\/frontaliers-grandest.eu\/de\/startseite\/grenzganger\/frankreich-deutschland\/ausbildung-anerkennung-von-beruflichen-qualifikationen\/die-weiterbildung-des-arbeitnehmers-in-deutschland\/aufstiegsfortbildung-berufliche-weiterbildung-fur-das-meister-oder-management-diplom\/","og_locale":"de_DE","og_type":"article","og_title":"Aufstiegsfortbildung: meister- und management-diplom finanzierung","og_description":"Aufstiegsfortbildung f\u00fcr Meister- oder Management-Diplom, zug\u00e4nglich f\u00fcr Berufsausgebildete in Handwerk, Industrie, Gesundheit, IT.","og_url":"https:\/\/frontaliers-grandest.eu\/de\/startseite\/grenzganger\/frankreich-deutschland\/ausbildung-anerkennung-von-beruflichen-qualifikationen\/die-weiterbildung-des-arbeitnehmers-in-deutschland\/aufstiegsfortbildung-berufliche-weiterbildung-fur-das-meister-oder-management-diplom\/","og_site_name":"Frontaliers Grand Est","article_publisher":"https:\/\/www.facebook.com\/frontaliers.GR.EST\/?locale=fr_FR","article_modified_time":"2024-07-08T07:46:47+00:00","twitter_card":"summary_large_image","twitter_misc":{"Gesch\u00e4tzte Lesezeit":"2\u00a0Minuten"},"schema":{"@context":"https:\/\/schema.org","@graph":[{"@type":"WebPage","@id":"https:\/\/frontaliers-grandest.eu\/de\/startseite\/grenzganger\/frankreich-deutschland\/ausbildung-anerkennung-von-beruflichen-qualifikationen\/die-weiterbildung-des-arbeitnehmers-in-deutschland\/aufstiegsfortbildung-berufliche-weiterbildung-fur-das-meister-oder-management-diplom\/","url":"https:\/\/frontaliers-grandest.eu\/de\/startseite\/grenzganger\/frankreich-deutschland\/ausbildung-anerkennung-von-beruflichen-qualifikationen\/die-weiterbildung-des-arbeitnehmers-in-deutschland\/aufstiegsfortbildung-berufliche-weiterbildung-fur-das-meister-oder-management-diplom\/","name":"Aufstiegsfortbildung: meister- und management-diplom finanzierung","isPartOf":{"@id":"https:\/\/frontaliers-grandest.eu\/de\/#website"},"datePublished":"2021-06-07T12:00:13+00:00","dateModified":"2024-07-08T07:46:47+00:00","description":"Aufstiegsfortbildung f\u00fcr Meister- oder Management-Diplom, zug\u00e4nglich f\u00fcr Berufsausgebildete in Handwerk, Industrie, Gesundheit, IT.","breadcrumb":{"@id":"https:\/\/frontaliers-grandest.eu\/de\/startseite\/grenzganger\/frankreich-deutschland\/ausbildung-anerkennung-von-beruflichen-qualifikationen\/die-weiterbildung-des-arbeitnehmers-in-deutschland\/aufstiegsfortbildung-berufliche-weiterbildung-fur-das-meister-oder-management-diplom\/#breadcrumb"},"inLanguage":"de","potentialAction":[{"@type":"ReadAction","target":["https:\/\/frontaliers-grandest.eu\/de\/startseite\/grenzganger\/frankreich-deutschland\/ausbildung-anerkennung-von-beruflichen-qualifikationen\/die-weiterbildung-des-arbeitnehmers-in-deutschland\/aufstiegsfortbildung-berufliche-weiterbildung-fur-das-meister-oder-management-diplom\/"]}]},{"@type":"BreadcrumbList","@id":"https:\/\/frontaliers-grandest.eu\/de\/startseite\/grenzganger\/frankreich-deutschland\/ausbildung-anerkennung-von-beruflichen-qualifikationen\/die-weiterbildung-des-arbeitnehmers-in-deutschland\/aufstiegsfortbildung-berufliche-weiterbildung-fur-das-meister-oder-management-diplom\/#breadcrumb","itemListElement":[{"@type":"ListItem","position":1,"name":"Startseite","item":"https:\/\/frontaliers-grandest.eu\/de\/"},{"@type":"ListItem","position":2,"name":"Grenzg\u00e4nger","item":"https:\/\/frontaliers-grandest.eu\/de\/startseite\/grenzganger\/"},{"@type":"ListItem","position":3,"name":"Frankreich - Deutschland","item":"https:\/\/frontaliers-grandest.eu\/de\/startseite\/grenzganger\/frankreich-deutschland\/"},{"@type":"ListItem","position":4,"name":"Ausbildung \/ Anerkennung von beruflichen qualifikationen in Deutschland","item":"https:\/\/frontaliers-grandest.eu\/de\/startseite\/grenzganger\/frankreich-deutschland\/ausbildung-anerkennung-von-beruflichen-qualifikationen\/"},{"@type":"ListItem","position":5,"name":"Die Weiterbildung des Arbeitnehmers in Deutschland","item":"https:\/\/frontaliers-grandest.eu\/de\/startseite\/grenzganger\/frankreich-deutschland\/ausbildung-anerkennung-von-beruflichen-qualifikationen\/die-weiterbildung-des-arbeitnehmers-in-deutschland\/"},{"@type":"ListItem","position":6,"name":"Aufstiegsfortbildung : berufliche weiterbildung f\u00fcr das meister &#8211; oder management diplom"}]},{"@type":"WebSite","@id":"https:\/\/frontaliers-grandest.eu\/de\/#website","url":"https:\/\/frontaliers-grandest.eu\/de\/","name":"Frontaliers Grand Est","description":"Le site ressource du travail frontalier","publisher":{"@id":"https:\/\/frontaliers-grandest.eu\/de\/#organization"},"alternateName":"Frontaliers Grand Est","potentialAction":[{"@type":"SearchAction","target":{"@type":"EntryPoint","urlTemplate":"https:\/\/frontaliers-grandest.eu\/de\/?s={search_term_string}"},"query-input":{"@type":"PropertyValueSpecification","valueRequired":true,"valueName":"search_term_string"}}],"inLanguage":"de"},{"@type":"Organization","@id":"https:\/\/frontaliers-grandest.eu\/de\/#organization","name":"Frontaliers Grand Est","alternateName":"Frontaliers Grand Est","url":"https:\/\/frontaliers-grandest.eu\/de\/","logo":{"@type":"ImageObject","inLanguage":"de","@id":"https:\/\/frontaliers-grandest.eu\/de\/#\/schema\/logo\/image\/","url":"https:\/\/frontaliers-grandest.eu\/wp-content\/uploads\/2025\/07\/260328234_2966785176920310_3332838526503858160_n.jpg","contentUrl":"https:\/\/frontaliers-grandest.eu\/wp-content\/uploads\/2025\/07\/260328234_2966785176920310_3332838526503858160_n.jpg","width":396,"height":396,"caption":"Frontaliers Grand Est"},"image":{"@id":"https:\/\/frontaliers-grandest.eu\/de\/#\/schema\/logo\/image\/"},"sameAs":["https:\/\/www.facebook.com\/frontaliers.GR.EST\/?locale=fr_FR"]}]}},"frge_page_order":0,"_links":{"self":[{"href":"https:\/\/frontaliers-grandest.eu\/de\/wp-json\/wp\/v2\/pages\/8201","targetHints":{"allow":["GET"]}}],"collection":[{"href":"https:\/\/frontaliers-grandest.eu\/de\/wp-json\/wp\/v2\/pages"}],"about":[{"href":"https:\/\/frontaliers-grandest.eu\/de\/wp-json\/wp\/v2\/types\/page"}],"author":[{"embeddable":true,"href":"https:\/\/frontaliers-grandest.eu\/de\/wp-json\/wp\/v2\/users\/7"}],"replies":[{"embeddable":true,"href":"https:\/\/frontaliers-grandest.eu\/de\/wp-json\/wp\/v2\/comments?post=8201"}],"version-history":[{"count":2,"href":"https:\/\/frontaliers-grandest.eu\/de\/wp-json\/wp\/v2\/pages\/8201\/revisions"}],"predecessor-version":[{"id":34620,"href":"https:\/\/frontaliers-grandest.eu\/de\/wp-json\/wp\/v2\/pages\/8201\/revisions\/34620"}],"up":[{"embeddable":true,"href":"https:\/\/frontaliers-grandest.eu\/de\/wp-json\/wp\/v2\/pages\/8183"}],"wp:attachment":[{"href":"https:\/\/frontaliers-grandest.eu\/de\/wp-json\/wp\/v2\/media?parent=8201"}],"wp:term":[{"taxonomy":"post_tag","embeddable":true,"href":"https:\/\/frontaliers-grandest.eu\/de\/wp-json\/wp\/v2\/tags?post=8201"},{"taxonomy":"frge_profile","embeddable":true,"href":"https:\/\/frontaliers-grandest.eu\/de\/wp-json\/wp\/v2\/frge_profile?post=8201"}],"curies":[{"name":"wp","href":"https:\/\/api.w.org\/{rel}","templated":true}]}}