{"id":8199,"date":"2021-06-07T13:55:21","date_gmt":"2021-06-07T11:55:21","guid":{"rendered":"https:\/\/frontaliers-grandest.eu\/?page_id=8199"},"modified":"2021-06-07T14:03:02","modified_gmt":"2021-06-07T12:03:02","slug":"vermogensbildung-fur-die-finanzierung-einer-fortbildung","status":"publish","type":"page","link":"https:\/\/frontaliers-grandest.eu\/de\/startseite\/grenzganger\/frankreich-deutschland\/ausbildung-anerkennung-von-beruflichen-qualifikationen\/die-weiterbildung-des-arbeitnehmers-in-deutschland\/vermogensbildung-fur-die-finanzierung-einer-fortbildung\/","title":{"rendered":"Verm\u00f6gensbildung f\u00fcr die finanzierung einer fortbildung"},"content":{"rendered":"\n<p>Der Arbeitnehmer hat die M\u00f6glichkeit, vorzeitig die Betr\u00e4ge seines Arbeitnehmersparens zur\u00fcckzutreten um eine Weiterbildung zu finanzieren, auch in der Zeit, wenn das Konto gesperrt wird.<\/p>\n\n\n\n<p>Diese M\u00f6glichkeit besteht auch f\u00fcr die Personen, die keinen Anspruch auf die Bildungspr\u00e4mie haben (z.B. im Falle des zu versteuernde Einkommens das \u00fcber dem gesetzlichen Schwellenwert wird). Eine Genehmigung sollte an den Arbeitgeber nachgefragt werden.<\/p>\n\n\n\n<ul class=\"wp-block-list\"><li><strong>Vorgehen:&nbsp;<\/strong>der Arbeitnehmer muss eine Beratungsstelle \u201eBildungspr\u00e4mie\u201c kontaktieren damit einen Spargutschein zu erhalten.<\/li><\/ul>\n\n\n\n<ul class=\"wp-block-list\"><li><strong>Ausk\u00fcnfte:&nbsp;<\/strong>Weitere Informationen \u00fcber die Pr\u00e4miengutscheinberatungsstellen in Deutschland :&nbsp;0800-2623 000<\/li><\/ul>\n","protected":false},"excerpt":{"rendered":"<p>Der Arbeitnehmer hat die M\u00f6glichkeit, vorzeitig die Betr\u00e4ge seines Arbeitnehmersparens zur\u00fcckzutreten um eine Weiterbildung zu finanzieren, auch in der Zeit, wenn das Konto gesperrt wird. Diese M\u00f6glichkeit besteht auch f\u00fcr die Personen, die keinen Anspruch auf die Bildungspr\u00e4mie haben (z.B. im Falle des zu versteuernde Einkommens das \u00fcber dem gesetzlichen Schwellenwert wird). Eine Genehmigung sollte [&hellip;]<\/p>\n","protected":false},"author":7,"featured_media":0,"parent":8183,"menu_order":2,"comment_status":"closed","ping_status":"closed","template":"","meta":{"inline_featured_image":false,"footnotes":""},"tags":[],"frge_profile":[],"class_list":["post-8199","page","type-page","status-publish","hentry"],"yoast_head":"<!-- This site is optimized with the Yoast SEO plugin v27.1.1 - https:\/\/yoast.com\/product\/yoast-seo-wordpress\/ -->\n<title>Verm\u00f6gensbildung f\u00fcr die finanzierung einer fortbildung - Frontaliers Grand Est<\/title>\n<meta name=\"robots\" content=\"index, follow, max-snippet:-1, max-image-preview:large, max-video-preview:-1\" \/>\n<link rel=\"canonical\" href=\"https:\/\/frontaliers-grandest.eu\/de\/startseite\/grenzganger\/frankreich-deutschland\/ausbildung-anerkennung-von-beruflichen-qualifikationen\/die-weiterbildung-des-arbeitnehmers-in-deutschland\/vermogensbildung-fur-die-finanzierung-einer-fortbildung\/\" \/>\n<meta property=\"og:locale\" content=\"de_DE\" \/>\n<meta property=\"og:type\" content=\"article\" \/>\n<meta property=\"og:title\" content=\"Verm\u00f6gensbildung f\u00fcr die finanzierung einer fortbildung - Frontaliers Grand Est\" \/>\n<meta property=\"og:description\" content=\"Der Arbeitnehmer hat die M\u00f6glichkeit, vorzeitig die Betr\u00e4ge seines Arbeitnehmersparens zur\u00fcckzutreten um eine Weiterbildung zu finanzieren, auch in der Zeit, wenn das Konto gesperrt wird. Diese M\u00f6glichkeit besteht auch f\u00fcr die Personen, die keinen Anspruch auf die Bildungspr\u00e4mie haben (z.B. im Falle des zu versteuernde Einkommens das \u00fcber dem gesetzlichen Schwellenwert wird). Eine Genehmigung sollte [&hellip;]\" \/>\n<meta property=\"og:url\" content=\"https:\/\/frontaliers-grandest.eu\/de\/startseite\/grenzganger\/frankreich-deutschland\/ausbildung-anerkennung-von-beruflichen-qualifikationen\/die-weiterbildung-des-arbeitnehmers-in-deutschland\/vermogensbildung-fur-die-finanzierung-einer-fortbildung\/\" \/>\n<meta property=\"og:site_name\" content=\"Frontaliers Grand Est\" \/>\n<meta property=\"article:publisher\" content=\"https:\/\/www.facebook.com\/frontaliers.GR.EST\/?locale=fr_FR\" \/>\n<meta property=\"article:modified_time\" content=\"2021-06-07T12:03:02+00:00\" \/>\n<meta name=\"twitter:card\" content=\"summary_large_image\" \/>\n<meta name=\"twitter:label1\" content=\"Gesch\u00e4tzte Lesezeit\" \/>\n\t<meta name=\"twitter:data1\" content=\"1\u00a0Minute\" \/>\n<script type=\"application\/ld+json\" class=\"yoast-schema-graph\">{\"@context\":\"https:\/\/schema.org\",\"@graph\":[{\"@type\":\"WebPage\",\"@id\":\"https:\/\/frontaliers-grandest.eu\/de\/startseite\/grenzganger\/frankreich-deutschland\/ausbildung-anerkennung-von-beruflichen-qualifikationen\/die-weiterbildung-des-arbeitnehmers-in-deutschland\/vermogensbildung-fur-die-finanzierung-einer-fortbildung\/\",\"url\":\"https:\/\/frontaliers-grandest.eu\/de\/startseite\/grenzganger\/frankreich-deutschland\/ausbildung-anerkennung-von-beruflichen-qualifikationen\/die-weiterbildung-des-arbeitnehmers-in-deutschland\/vermogensbildung-fur-die-finanzierung-einer-fortbildung\/\",\"name\":\"Verm\u00f6gensbildung f\u00fcr die finanzierung einer fortbildung - Frontaliers Grand Est\",\"isPartOf\":{\"@id\":\"https:\/\/frontaliers-grandest.eu\/de\/#website\"},\"datePublished\":\"2021-06-07T11:55:21+00:00\",\"dateModified\":\"2021-06-07T12:03:02+00:00\",\"breadcrumb\":{\"@id\":\"https:\/\/frontaliers-grandest.eu\/de\/startseite\/grenzganger\/frankreich-deutschland\/ausbildung-anerkennung-von-beruflichen-qualifikationen\/die-weiterbildung-des-arbeitnehmers-in-deutschland\/vermogensbildung-fur-die-finanzierung-einer-fortbildung\/#breadcrumb\"},\"inLanguage\":\"de\",\"potentialAction\":[{\"@type\":\"ReadAction\",\"target\":[\"https:\/\/frontaliers-grandest.eu\/de\/startseite\/grenzganger\/frankreich-deutschland\/ausbildung-anerkennung-von-beruflichen-qualifikationen\/die-weiterbildung-des-arbeitnehmers-in-deutschland\/vermogensbildung-fur-die-finanzierung-einer-fortbildung\/\"]}]},{\"@type\":\"BreadcrumbList\",\"@id\":\"https:\/\/frontaliers-grandest.eu\/de\/startseite\/grenzganger\/frankreich-deutschland\/ausbildung-anerkennung-von-beruflichen-qualifikationen\/die-weiterbildung-des-arbeitnehmers-in-deutschland\/vermogensbildung-fur-die-finanzierung-einer-fortbildung\/#breadcrumb\",\"itemListElement\":[{\"@type\":\"ListItem\",\"position\":1,\"name\":\"Startseite\",\"item\":\"https:\/\/frontaliers-grandest.eu\/de\/\"},{\"@type\":\"ListItem\",\"position\":2,\"name\":\"Grenzg\u00e4nger\",\"item\":\"https:\/\/frontaliers-grandest.eu\/de\/startseite\/grenzganger\/\"},{\"@type\":\"ListItem\",\"position\":3,\"name\":\"Frankreich - Deutschland\",\"item\":\"https:\/\/frontaliers-grandest.eu\/de\/startseite\/grenzganger\/frankreich-deutschland\/\"},{\"@type\":\"ListItem\",\"position\":4,\"name\":\"Ausbildung \/ Anerkennung von beruflichen qualifikationen in Deutschland\",\"item\":\"https:\/\/frontaliers-grandest.eu\/de\/startseite\/grenzganger\/frankreich-deutschland\/ausbildung-anerkennung-von-beruflichen-qualifikationen\/\"},{\"@type\":\"ListItem\",\"position\":5,\"name\":\"Die Weiterbildung des Arbeitnehmers in Deutschland\",\"item\":\"https:\/\/frontaliers-grandest.eu\/de\/startseite\/grenzganger\/frankreich-deutschland\/ausbildung-anerkennung-von-beruflichen-qualifikationen\/die-weiterbildung-des-arbeitnehmers-in-deutschland\/\"},{\"@type\":\"ListItem\",\"position\":6,\"name\":\"Verm\u00f6gensbildung f\u00fcr die finanzierung einer fortbildung\"}]},{\"@type\":\"WebSite\",\"@id\":\"https:\/\/frontaliers-grandest.eu\/de\/#website\",\"url\":\"https:\/\/frontaliers-grandest.eu\/de\/\",\"name\":\"Frontaliers Grand Est\",\"description\":\"Le site ressource du travail frontalier\",\"publisher\":{\"@id\":\"https:\/\/frontaliers-grandest.eu\/de\/#organization\"},\"alternateName\":\"Frontaliers Grand Est\",\"potentialAction\":[{\"@type\":\"SearchAction\",\"target\":{\"@type\":\"EntryPoint\",\"urlTemplate\":\"https:\/\/frontaliers-grandest.eu\/de\/?s={search_term_string}\"},\"query-input\":{\"@type\":\"PropertyValueSpecification\",\"valueRequired\":true,\"valueName\":\"search_term_string\"}}],\"inLanguage\":\"de\"},{\"@type\":\"Organization\",\"@id\":\"https:\/\/frontaliers-grandest.eu\/de\/#organization\",\"name\":\"Frontaliers Grand Est\",\"alternateName\":\"Frontaliers Grand Est\",\"url\":\"https:\/\/frontaliers-grandest.eu\/de\/\",\"logo\":{\"@type\":\"ImageObject\",\"inLanguage\":\"de\",\"@id\":\"https:\/\/frontaliers-grandest.eu\/de\/#\/schema\/logo\/image\/\",\"url\":\"https:\/\/frontaliers-grandest.eu\/wp-content\/uploads\/2025\/07\/260328234_2966785176920310_3332838526503858160_n.jpg\",\"contentUrl\":\"https:\/\/frontaliers-grandest.eu\/wp-content\/uploads\/2025\/07\/260328234_2966785176920310_3332838526503858160_n.jpg\",\"width\":396,\"height\":396,\"caption\":\"Frontaliers Grand Est\"},\"image\":{\"@id\":\"https:\/\/frontaliers-grandest.eu\/de\/#\/schema\/logo\/image\/\"},\"sameAs\":[\"https:\/\/www.facebook.com\/frontaliers.GR.EST\/?locale=fr_FR\"]}]}<\/script>\n<!-- \/ Yoast SEO plugin. -->","yoast_head_json":{"title":"Verm\u00f6gensbildung f\u00fcr die finanzierung einer fortbildung - Frontaliers Grand Est","robots":{"index":"index","follow":"follow","max-snippet":"max-snippet:-1","max-image-preview":"max-image-preview:large","max-video-preview":"max-video-preview:-1"},"canonical":"https:\/\/frontaliers-grandest.eu\/de\/startseite\/grenzganger\/frankreich-deutschland\/ausbildung-anerkennung-von-beruflichen-qualifikationen\/die-weiterbildung-des-arbeitnehmers-in-deutschland\/vermogensbildung-fur-die-finanzierung-einer-fortbildung\/","og_locale":"de_DE","og_type":"article","og_title":"Verm\u00f6gensbildung f\u00fcr die finanzierung einer fortbildung - Frontaliers Grand Est","og_description":"Der Arbeitnehmer hat die M\u00f6glichkeit, vorzeitig die Betr\u00e4ge seines Arbeitnehmersparens zur\u00fcckzutreten um eine Weiterbildung zu finanzieren, auch in der Zeit, wenn das Konto gesperrt wird. Diese M\u00f6glichkeit besteht auch f\u00fcr die Personen, die keinen Anspruch auf die Bildungspr\u00e4mie haben (z.B. im Falle des zu versteuernde Einkommens das \u00fcber dem gesetzlichen Schwellenwert wird). Eine Genehmigung sollte [&hellip;]","og_url":"https:\/\/frontaliers-grandest.eu\/de\/startseite\/grenzganger\/frankreich-deutschland\/ausbildung-anerkennung-von-beruflichen-qualifikationen\/die-weiterbildung-des-arbeitnehmers-in-deutschland\/vermogensbildung-fur-die-finanzierung-einer-fortbildung\/","og_site_name":"Frontaliers Grand Est","article_publisher":"https:\/\/www.facebook.com\/frontaliers.GR.EST\/?locale=fr_FR","article_modified_time":"2021-06-07T12:03:02+00:00","twitter_card":"summary_large_image","twitter_misc":{"Gesch\u00e4tzte Lesezeit":"1\u00a0Minute"},"schema":{"@context":"https:\/\/schema.org","@graph":[{"@type":"WebPage","@id":"https:\/\/frontaliers-grandest.eu\/de\/startseite\/grenzganger\/frankreich-deutschland\/ausbildung-anerkennung-von-beruflichen-qualifikationen\/die-weiterbildung-des-arbeitnehmers-in-deutschland\/vermogensbildung-fur-die-finanzierung-einer-fortbildung\/","url":"https:\/\/frontaliers-grandest.eu\/de\/startseite\/grenzganger\/frankreich-deutschland\/ausbildung-anerkennung-von-beruflichen-qualifikationen\/die-weiterbildung-des-arbeitnehmers-in-deutschland\/vermogensbildung-fur-die-finanzierung-einer-fortbildung\/","name":"Verm\u00f6gensbildung f\u00fcr die finanzierung einer fortbildung - Frontaliers Grand Est","isPartOf":{"@id":"https:\/\/frontaliers-grandest.eu\/de\/#website"},"datePublished":"2021-06-07T11:55:21+00:00","dateModified":"2021-06-07T12:03:02+00:00","breadcrumb":{"@id":"https:\/\/frontaliers-grandest.eu\/de\/startseite\/grenzganger\/frankreich-deutschland\/ausbildung-anerkennung-von-beruflichen-qualifikationen\/die-weiterbildung-des-arbeitnehmers-in-deutschland\/vermogensbildung-fur-die-finanzierung-einer-fortbildung\/#breadcrumb"},"inLanguage":"de","potentialAction":[{"@type":"ReadAction","target":["https:\/\/frontaliers-grandest.eu\/de\/startseite\/grenzganger\/frankreich-deutschland\/ausbildung-anerkennung-von-beruflichen-qualifikationen\/die-weiterbildung-des-arbeitnehmers-in-deutschland\/vermogensbildung-fur-die-finanzierung-einer-fortbildung\/"]}]},{"@type":"BreadcrumbList","@id":"https:\/\/frontaliers-grandest.eu\/de\/startseite\/grenzganger\/frankreich-deutschland\/ausbildung-anerkennung-von-beruflichen-qualifikationen\/die-weiterbildung-des-arbeitnehmers-in-deutschland\/vermogensbildung-fur-die-finanzierung-einer-fortbildung\/#breadcrumb","itemListElement":[{"@type":"ListItem","position":1,"name":"Startseite","item":"https:\/\/frontaliers-grandest.eu\/de\/"},{"@type":"ListItem","position":2,"name":"Grenzg\u00e4nger","item":"https:\/\/frontaliers-grandest.eu\/de\/startseite\/grenzganger\/"},{"@type":"ListItem","position":3,"name":"Frankreich - Deutschland","item":"https:\/\/frontaliers-grandest.eu\/de\/startseite\/grenzganger\/frankreich-deutschland\/"},{"@type":"ListItem","position":4,"name":"Ausbildung \/ Anerkennung von beruflichen qualifikationen in Deutschland","item":"https:\/\/frontaliers-grandest.eu\/de\/startseite\/grenzganger\/frankreich-deutschland\/ausbildung-anerkennung-von-beruflichen-qualifikationen\/"},{"@type":"ListItem","position":5,"name":"Die Weiterbildung des Arbeitnehmers in Deutschland","item":"https:\/\/frontaliers-grandest.eu\/de\/startseite\/grenzganger\/frankreich-deutschland\/ausbildung-anerkennung-von-beruflichen-qualifikationen\/die-weiterbildung-des-arbeitnehmers-in-deutschland\/"},{"@type":"ListItem","position":6,"name":"Verm\u00f6gensbildung f\u00fcr die finanzierung einer fortbildung"}]},{"@type":"WebSite","@id":"https:\/\/frontaliers-grandest.eu\/de\/#website","url":"https:\/\/frontaliers-grandest.eu\/de\/","name":"Frontaliers Grand Est","description":"Le site ressource du travail frontalier","publisher":{"@id":"https:\/\/frontaliers-grandest.eu\/de\/#organization"},"alternateName":"Frontaliers Grand Est","potentialAction":[{"@type":"SearchAction","target":{"@type":"EntryPoint","urlTemplate":"https:\/\/frontaliers-grandest.eu\/de\/?s={search_term_string}"},"query-input":{"@type":"PropertyValueSpecification","valueRequired":true,"valueName":"search_term_string"}}],"inLanguage":"de"},{"@type":"Organization","@id":"https:\/\/frontaliers-grandest.eu\/de\/#organization","name":"Frontaliers Grand Est","alternateName":"Frontaliers Grand Est","url":"https:\/\/frontaliers-grandest.eu\/de\/","logo":{"@type":"ImageObject","inLanguage":"de","@id":"https:\/\/frontaliers-grandest.eu\/de\/#\/schema\/logo\/image\/","url":"https:\/\/frontaliers-grandest.eu\/wp-content\/uploads\/2025\/07\/260328234_2966785176920310_3332838526503858160_n.jpg","contentUrl":"https:\/\/frontaliers-grandest.eu\/wp-content\/uploads\/2025\/07\/260328234_2966785176920310_3332838526503858160_n.jpg","width":396,"height":396,"caption":"Frontaliers Grand Est"},"image":{"@id":"https:\/\/frontaliers-grandest.eu\/de\/#\/schema\/logo\/image\/"},"sameAs":["https:\/\/www.facebook.com\/frontaliers.GR.EST\/?locale=fr_FR"]}]}},"frge_page_order":0,"_links":{"self":[{"href":"https:\/\/frontaliers-grandest.eu\/de\/wp-json\/wp\/v2\/pages\/8199","targetHints":{"allow":["GET"]}}],"collection":[{"href":"https:\/\/frontaliers-grandest.eu\/de\/wp-json\/wp\/v2\/pages"}],"about":[{"href":"https:\/\/frontaliers-grandest.eu\/de\/wp-json\/wp\/v2\/types\/page"}],"author":[{"embeddable":true,"href":"https:\/\/frontaliers-grandest.eu\/de\/wp-json\/wp\/v2\/users\/7"}],"replies":[{"embeddable":true,"href":"https:\/\/frontaliers-grandest.eu\/de\/wp-json\/wp\/v2\/comments?post=8199"}],"version-history":[{"count":2,"href":"https:\/\/frontaliers-grandest.eu\/de\/wp-json\/wp\/v2\/pages\/8199\/revisions"}],"predecessor-version":[{"id":8205,"href":"https:\/\/frontaliers-grandest.eu\/de\/wp-json\/wp\/v2\/pages\/8199\/revisions\/8205"}],"up":[{"embeddable":true,"href":"https:\/\/frontaliers-grandest.eu\/de\/wp-json\/wp\/v2\/pages\/8183"}],"wp:attachment":[{"href":"https:\/\/frontaliers-grandest.eu\/de\/wp-json\/wp\/v2\/media?parent=8199"}],"wp:term":[{"taxonomy":"post_tag","embeddable":true,"href":"https:\/\/frontaliers-grandest.eu\/de\/wp-json\/wp\/v2\/tags?post=8199"},{"taxonomy":"frge_profile","embeddable":true,"href":"https:\/\/frontaliers-grandest.eu\/de\/wp-json\/wp\/v2\/frge_profile?post=8199"}],"curies":[{"name":"wp","href":"https:\/\/api.w.org\/{rel}","templated":true}]}}