{"id":8196,"date":"2021-06-07T12:59:08","date_gmt":"2021-06-07T10:59:08","guid":{"rendered":"https:\/\/frontaliers-grandest.eu\/?page_id=8196"},"modified":"2024-03-13T12:07:12","modified_gmt":"2024-03-13T11:07:12","slug":"die-bildungspramie-fur-die-weiterbildung-der-geringqualifizierten-personen","status":"publish","type":"page","link":"https:\/\/frontaliers-grandest.eu\/de\/startseite\/grenzganger\/frankreich-deutschland\/ausbildung-anerkennung-von-beruflichen-qualifikationen\/die-weiterbildung-des-arbeitnehmers-in-deutschland\/die-bildungspramie-fur-die-weiterbildung-der-geringqualifizierten-personen\/","title":{"rendered":"Die bildungspr\u00e4mie : f\u00fcr die weiterbildung der geringqualifizierten personen"},"content":{"rendered":"\n<p>Die Bildungspr\u00e4mie ist eine finanzielle Unterst\u00fctzung f\u00fcr die Arbeitnehmer, die au\u00dferhalb ihrer Arbeitszeit bilden damit in ihrem Berufsleben zu entwickeln k\u00f6nnen. Der Arbeitnehmer muss die H\u00e4lfte der Ausbildungskosten zahlen, die andere H\u00e4lfte wird vom Staat getragen. Der Gesamtpreis der Ausbildung darf nicht mehr als 1000 \u20ac kosten. Jede mit dem Arbeitsleben verkn\u00fcpfte Ausbildung (IT, Sprachen, Hilfe bei der Gr\u00fcndung eines Unternehmens, Berufsausbildung) ist f\u00f6rderf\u00e4hig.<\/p>\n\n\n\n<p>Die H\u00f6he der Bildungspr\u00e4mie (die sich wie Pr\u00e4miengutschein darstellt) bel\u00e4uft sich auf 500 \u20ac f\u00fcr einen Zeitraum von zwei Jahren.<\/p>\n\n\n\n<ul class=\"wp-block-list\">\n<li><strong>Voraussetzungen:<\/strong>&nbsp;um eine Bildungspr\u00e4mie zu bekommen, m\u00fcssen Sie mehr als 25 Jahre sein und mindestens 15 Stunden pro Woche arbeiten. Die Berufspr\u00e4mie ist gew\u00e4hrt wenn das zu versteuernde Einkommen nicht 20.000 \u20ac pro Jahr f\u00fcr eine Einzelperson oder nicht 40.000 \u20ac f\u00fcr einen Haushalt \u00fcberschreitet.<\/li>\n<\/ul>\n\n\n\n<ul class=\"wp-block-list\">\n<li><strong>Vorgehen:&nbsp;<\/strong>Sie sollten eine Pr\u00e4miengutscheinberatungsstelle kontaktieren, um einen Termin zu vereinbaren, die Bedingungen und die Finanzierungsmodalit\u00e4ten zu wissen. Sie werden sofort einen Gutschein erhalten.<\/li>\n<\/ul>\n\n\n\n<div class=\"wp-block-buttons is-layout-flex wp-block-buttons-is-layout-flex\">\n<div class=\"wp-block-button is-style-outline is-style-outline--1\"><a class=\"wp-block-button__link wp-element-button\" href=\"http:\/\/www.bildungspraemie.info\" target=\"_blank\" rel=\"noreferrer noopener\"><strong>Weitere Informationen \u00fcber die Bildungspr\u00e4mie: <\/strong>www.bildungspraemie.info<\/a><\/div>\n<\/div>\n\n\n\n<div class=\"wp-block-buttons is-layout-flex wp-block-buttons-is-layout-flex\">\n<div class=\"wp-block-button is-style-outline is-style-outline--2\"><a class=\"wp-block-button__link wp-element-button\" href=\"tel:08002623000\"><strong>Weitere Informationen \u00fcber die Pr\u00e4miengutscheinberatungsstellen:<\/strong>&nbsp;Tel. 0800-2623 000<\/a><\/div>\n<\/div>\n\n\n\n<figure class=\"wp-block-pullquote\"><blockquote><p><strong>Beratungsstelle in Saarbr\u00fccken :&nbsp;&nbsp;&nbsp;&nbsp;<\/strong>&nbsp;&nbsp;&nbsp;&nbsp;&nbsp;&nbsp;&nbsp;&nbsp;<br>Volkshochschule Regionalverband Saarbr\u00fccken<br><br>Talstr. 8-10<br>66119 Saarbr\u00fccken<br>Tel. : 0681\/506-4341<br><a href=\"http:\/\/www.vhs-saarbruecken.de\/\" target=\"_blank\" rel=\"noreferrer noopener\">www.vhs-saarbruecken.de<\/a><\/p><\/blockquote><\/figure>\n","protected":false},"excerpt":{"rendered":"<p>Die Bildungspr\u00e4mie ist eine finanzielle Unterst\u00fctzung f\u00fcr die Arbeitnehmer, die au\u00dferhalb ihrer Arbeitszeit bilden damit in ihrem Berufsleben zu entwickeln k\u00f6nnen. Der Arbeitnehmer muss die H\u00e4lfte der Ausbildungskosten zahlen, die andere H\u00e4lfte wird vom Staat getragen. Der Gesamtpreis der Ausbildung darf nicht mehr als 1000 \u20ac kosten. Jede mit dem Arbeitsleben verkn\u00fcpfte Ausbildung (IT, Sprachen, [&hellip;]<\/p>\n","protected":false},"author":7,"featured_media":0,"parent":8183,"menu_order":1,"comment_status":"closed","ping_status":"closed","template":"","meta":{"inline_featured_image":false,"footnotes":""},"tags":[],"frge_profile":[],"class_list":["post-8196","page","type-page","status-publish","hentry"],"yoast_head":"<!-- This site is optimized with the Yoast SEO plugin v27.1.1 - https:\/\/yoast.com\/product\/yoast-seo-wordpress\/ -->\n<title>Die bildungspr\u00e4mie : f\u00fcr die weiterbildung der geringqualifizierten personen - Frontaliers Grand Est<\/title>\n<meta name=\"robots\" content=\"index, follow, max-snippet:-1, max-image-preview:large, max-video-preview:-1\" \/>\n<link rel=\"canonical\" href=\"https:\/\/frontaliers-grandest.eu\/de\/startseite\/grenzganger\/frankreich-deutschland\/ausbildung-anerkennung-von-beruflichen-qualifikationen\/die-weiterbildung-des-arbeitnehmers-in-deutschland\/die-bildungspramie-fur-die-weiterbildung-der-geringqualifizierten-personen\/\" \/>\n<meta property=\"og:locale\" content=\"de_DE\" \/>\n<meta property=\"og:type\" content=\"article\" \/>\n<meta property=\"og:title\" content=\"Die bildungspr\u00e4mie : f\u00fcr die weiterbildung der geringqualifizierten personen - Frontaliers Grand Est\" \/>\n<meta property=\"og:description\" content=\"Die Bildungspr\u00e4mie ist eine finanzielle Unterst\u00fctzung f\u00fcr die Arbeitnehmer, die au\u00dferhalb ihrer Arbeitszeit bilden damit in ihrem Berufsleben zu entwickeln k\u00f6nnen. Der Arbeitnehmer muss die H\u00e4lfte der Ausbildungskosten zahlen, die andere H\u00e4lfte wird vom Staat getragen. Der Gesamtpreis der Ausbildung darf nicht mehr als 1000 \u20ac kosten. Jede mit dem Arbeitsleben verkn\u00fcpfte Ausbildung (IT, Sprachen, [&hellip;]\" \/>\n<meta property=\"og:url\" content=\"https:\/\/frontaliers-grandest.eu\/de\/startseite\/grenzganger\/frankreich-deutschland\/ausbildung-anerkennung-von-beruflichen-qualifikationen\/die-weiterbildung-des-arbeitnehmers-in-deutschland\/die-bildungspramie-fur-die-weiterbildung-der-geringqualifizierten-personen\/\" \/>\n<meta property=\"og:site_name\" content=\"Frontaliers Grand Est\" \/>\n<meta property=\"article:publisher\" content=\"https:\/\/www.facebook.com\/frontaliers.GR.EST\/?locale=fr_FR\" \/>\n<meta property=\"article:modified_time\" content=\"2024-03-13T11:07:12+00:00\" \/>\n<meta name=\"twitter:card\" content=\"summary_large_image\" \/>\n<meta name=\"twitter:label1\" content=\"Gesch\u00e4tzte Lesezeit\" \/>\n\t<meta name=\"twitter:data1\" content=\"1\u00a0Minute\" \/>\n<script type=\"application\/ld+json\" class=\"yoast-schema-graph\">{\"@context\":\"https:\/\/schema.org\",\"@graph\":[{\"@type\":\"WebPage\",\"@id\":\"https:\/\/frontaliers-grandest.eu\/de\/startseite\/grenzganger\/frankreich-deutschland\/ausbildung-anerkennung-von-beruflichen-qualifikationen\/die-weiterbildung-des-arbeitnehmers-in-deutschland\/die-bildungspramie-fur-die-weiterbildung-der-geringqualifizierten-personen\/\",\"url\":\"https:\/\/frontaliers-grandest.eu\/de\/startseite\/grenzganger\/frankreich-deutschland\/ausbildung-anerkennung-von-beruflichen-qualifikationen\/die-weiterbildung-des-arbeitnehmers-in-deutschland\/die-bildungspramie-fur-die-weiterbildung-der-geringqualifizierten-personen\/\",\"name\":\"Die bildungspr\u00e4mie : f\u00fcr die weiterbildung der geringqualifizierten personen - Frontaliers Grand Est\",\"isPartOf\":{\"@id\":\"https:\/\/frontaliers-grandest.eu\/de\/#website\"},\"datePublished\":\"2021-06-07T10:59:08+00:00\",\"dateModified\":\"2024-03-13T11:07:12+00:00\",\"breadcrumb\":{\"@id\":\"https:\/\/frontaliers-grandest.eu\/de\/startseite\/grenzganger\/frankreich-deutschland\/ausbildung-anerkennung-von-beruflichen-qualifikationen\/die-weiterbildung-des-arbeitnehmers-in-deutschland\/die-bildungspramie-fur-die-weiterbildung-der-geringqualifizierten-personen\/#breadcrumb\"},\"inLanguage\":\"de\",\"potentialAction\":[{\"@type\":\"ReadAction\",\"target\":[\"https:\/\/frontaliers-grandest.eu\/de\/startseite\/grenzganger\/frankreich-deutschland\/ausbildung-anerkennung-von-beruflichen-qualifikationen\/die-weiterbildung-des-arbeitnehmers-in-deutschland\/die-bildungspramie-fur-die-weiterbildung-der-geringqualifizierten-personen\/\"]}]},{\"@type\":\"BreadcrumbList\",\"@id\":\"https:\/\/frontaliers-grandest.eu\/de\/startseite\/grenzganger\/frankreich-deutschland\/ausbildung-anerkennung-von-beruflichen-qualifikationen\/die-weiterbildung-des-arbeitnehmers-in-deutschland\/die-bildungspramie-fur-die-weiterbildung-der-geringqualifizierten-personen\/#breadcrumb\",\"itemListElement\":[{\"@type\":\"ListItem\",\"position\":1,\"name\":\"Startseite\",\"item\":\"https:\/\/frontaliers-grandest.eu\/de\/\"},{\"@type\":\"ListItem\",\"position\":2,\"name\":\"Grenzg\u00e4nger\",\"item\":\"https:\/\/frontaliers-grandest.eu\/de\/startseite\/grenzganger\/\"},{\"@type\":\"ListItem\",\"position\":3,\"name\":\"Frankreich - Deutschland\",\"item\":\"https:\/\/frontaliers-grandest.eu\/de\/startseite\/grenzganger\/frankreich-deutschland\/\"},{\"@type\":\"ListItem\",\"position\":4,\"name\":\"Ausbildung \/ Anerkennung von beruflichen qualifikationen in Deutschland\",\"item\":\"https:\/\/frontaliers-grandest.eu\/de\/startseite\/grenzganger\/frankreich-deutschland\/ausbildung-anerkennung-von-beruflichen-qualifikationen\/\"},{\"@type\":\"ListItem\",\"position\":5,\"name\":\"Die Weiterbildung des Arbeitnehmers in Deutschland\",\"item\":\"https:\/\/frontaliers-grandest.eu\/de\/startseite\/grenzganger\/frankreich-deutschland\/ausbildung-anerkennung-von-beruflichen-qualifikationen\/die-weiterbildung-des-arbeitnehmers-in-deutschland\/\"},{\"@type\":\"ListItem\",\"position\":6,\"name\":\"Die bildungspr\u00e4mie : f\u00fcr die weiterbildung der geringqualifizierten personen\"}]},{\"@type\":\"WebSite\",\"@id\":\"https:\/\/frontaliers-grandest.eu\/de\/#website\",\"url\":\"https:\/\/frontaliers-grandest.eu\/de\/\",\"name\":\"Frontaliers Grand Est\",\"description\":\"Le site ressource du travail frontalier\",\"publisher\":{\"@id\":\"https:\/\/frontaliers-grandest.eu\/de\/#organization\"},\"alternateName\":\"Frontaliers Grand Est\",\"potentialAction\":[{\"@type\":\"SearchAction\",\"target\":{\"@type\":\"EntryPoint\",\"urlTemplate\":\"https:\/\/frontaliers-grandest.eu\/de\/?s={search_term_string}\"},\"query-input\":{\"@type\":\"PropertyValueSpecification\",\"valueRequired\":true,\"valueName\":\"search_term_string\"}}],\"inLanguage\":\"de\"},{\"@type\":\"Organization\",\"@id\":\"https:\/\/frontaliers-grandest.eu\/de\/#organization\",\"name\":\"Frontaliers Grand Est\",\"alternateName\":\"Frontaliers Grand Est\",\"url\":\"https:\/\/frontaliers-grandest.eu\/de\/\",\"logo\":{\"@type\":\"ImageObject\",\"inLanguage\":\"de\",\"@id\":\"https:\/\/frontaliers-grandest.eu\/de\/#\/schema\/logo\/image\/\",\"url\":\"https:\/\/frontaliers-grandest.eu\/wp-content\/uploads\/2025\/07\/260328234_2966785176920310_3332838526503858160_n.jpg\",\"contentUrl\":\"https:\/\/frontaliers-grandest.eu\/wp-content\/uploads\/2025\/07\/260328234_2966785176920310_3332838526503858160_n.jpg\",\"width\":396,\"height\":396,\"caption\":\"Frontaliers Grand Est\"},\"image\":{\"@id\":\"https:\/\/frontaliers-grandest.eu\/de\/#\/schema\/logo\/image\/\"},\"sameAs\":[\"https:\/\/www.facebook.com\/frontaliers.GR.EST\/?locale=fr_FR\"]}]}<\/script>\n<!-- \/ Yoast SEO plugin. -->","yoast_head_json":{"title":"Die bildungspr\u00e4mie : f\u00fcr die weiterbildung der geringqualifizierten personen - Frontaliers Grand Est","robots":{"index":"index","follow":"follow","max-snippet":"max-snippet:-1","max-image-preview":"max-image-preview:large","max-video-preview":"max-video-preview:-1"},"canonical":"https:\/\/frontaliers-grandest.eu\/de\/startseite\/grenzganger\/frankreich-deutschland\/ausbildung-anerkennung-von-beruflichen-qualifikationen\/die-weiterbildung-des-arbeitnehmers-in-deutschland\/die-bildungspramie-fur-die-weiterbildung-der-geringqualifizierten-personen\/","og_locale":"de_DE","og_type":"article","og_title":"Die bildungspr\u00e4mie : f\u00fcr die weiterbildung der geringqualifizierten personen - Frontaliers Grand Est","og_description":"Die Bildungspr\u00e4mie ist eine finanzielle Unterst\u00fctzung f\u00fcr die Arbeitnehmer, die au\u00dferhalb ihrer Arbeitszeit bilden damit in ihrem Berufsleben zu entwickeln k\u00f6nnen. Der Arbeitnehmer muss die H\u00e4lfte der Ausbildungskosten zahlen, die andere H\u00e4lfte wird vom Staat getragen. Der Gesamtpreis der Ausbildung darf nicht mehr als 1000 \u20ac kosten. Jede mit dem Arbeitsleben verkn\u00fcpfte Ausbildung (IT, Sprachen, [&hellip;]","og_url":"https:\/\/frontaliers-grandest.eu\/de\/startseite\/grenzganger\/frankreich-deutschland\/ausbildung-anerkennung-von-beruflichen-qualifikationen\/die-weiterbildung-des-arbeitnehmers-in-deutschland\/die-bildungspramie-fur-die-weiterbildung-der-geringqualifizierten-personen\/","og_site_name":"Frontaliers Grand Est","article_publisher":"https:\/\/www.facebook.com\/frontaliers.GR.EST\/?locale=fr_FR","article_modified_time":"2024-03-13T11:07:12+00:00","twitter_card":"summary_large_image","twitter_misc":{"Gesch\u00e4tzte Lesezeit":"1\u00a0Minute"},"schema":{"@context":"https:\/\/schema.org","@graph":[{"@type":"WebPage","@id":"https:\/\/frontaliers-grandest.eu\/de\/startseite\/grenzganger\/frankreich-deutschland\/ausbildung-anerkennung-von-beruflichen-qualifikationen\/die-weiterbildung-des-arbeitnehmers-in-deutschland\/die-bildungspramie-fur-die-weiterbildung-der-geringqualifizierten-personen\/","url":"https:\/\/frontaliers-grandest.eu\/de\/startseite\/grenzganger\/frankreich-deutschland\/ausbildung-anerkennung-von-beruflichen-qualifikationen\/die-weiterbildung-des-arbeitnehmers-in-deutschland\/die-bildungspramie-fur-die-weiterbildung-der-geringqualifizierten-personen\/","name":"Die bildungspr\u00e4mie : f\u00fcr die weiterbildung der geringqualifizierten personen - Frontaliers Grand Est","isPartOf":{"@id":"https:\/\/frontaliers-grandest.eu\/de\/#website"},"datePublished":"2021-06-07T10:59:08+00:00","dateModified":"2024-03-13T11:07:12+00:00","breadcrumb":{"@id":"https:\/\/frontaliers-grandest.eu\/de\/startseite\/grenzganger\/frankreich-deutschland\/ausbildung-anerkennung-von-beruflichen-qualifikationen\/die-weiterbildung-des-arbeitnehmers-in-deutschland\/die-bildungspramie-fur-die-weiterbildung-der-geringqualifizierten-personen\/#breadcrumb"},"inLanguage":"de","potentialAction":[{"@type":"ReadAction","target":["https:\/\/frontaliers-grandest.eu\/de\/startseite\/grenzganger\/frankreich-deutschland\/ausbildung-anerkennung-von-beruflichen-qualifikationen\/die-weiterbildung-des-arbeitnehmers-in-deutschland\/die-bildungspramie-fur-die-weiterbildung-der-geringqualifizierten-personen\/"]}]},{"@type":"BreadcrumbList","@id":"https:\/\/frontaliers-grandest.eu\/de\/startseite\/grenzganger\/frankreich-deutschland\/ausbildung-anerkennung-von-beruflichen-qualifikationen\/die-weiterbildung-des-arbeitnehmers-in-deutschland\/die-bildungspramie-fur-die-weiterbildung-der-geringqualifizierten-personen\/#breadcrumb","itemListElement":[{"@type":"ListItem","position":1,"name":"Startseite","item":"https:\/\/frontaliers-grandest.eu\/de\/"},{"@type":"ListItem","position":2,"name":"Grenzg\u00e4nger","item":"https:\/\/frontaliers-grandest.eu\/de\/startseite\/grenzganger\/"},{"@type":"ListItem","position":3,"name":"Frankreich - Deutschland","item":"https:\/\/frontaliers-grandest.eu\/de\/startseite\/grenzganger\/frankreich-deutschland\/"},{"@type":"ListItem","position":4,"name":"Ausbildung \/ Anerkennung von beruflichen qualifikationen in Deutschland","item":"https:\/\/frontaliers-grandest.eu\/de\/startseite\/grenzganger\/frankreich-deutschland\/ausbildung-anerkennung-von-beruflichen-qualifikationen\/"},{"@type":"ListItem","position":5,"name":"Die Weiterbildung des Arbeitnehmers in Deutschland","item":"https:\/\/frontaliers-grandest.eu\/de\/startseite\/grenzganger\/frankreich-deutschland\/ausbildung-anerkennung-von-beruflichen-qualifikationen\/die-weiterbildung-des-arbeitnehmers-in-deutschland\/"},{"@type":"ListItem","position":6,"name":"Die bildungspr\u00e4mie : f\u00fcr die weiterbildung der geringqualifizierten personen"}]},{"@type":"WebSite","@id":"https:\/\/frontaliers-grandest.eu\/de\/#website","url":"https:\/\/frontaliers-grandest.eu\/de\/","name":"Frontaliers Grand Est","description":"Le site ressource du travail frontalier","publisher":{"@id":"https:\/\/frontaliers-grandest.eu\/de\/#organization"},"alternateName":"Frontaliers Grand Est","potentialAction":[{"@type":"SearchAction","target":{"@type":"EntryPoint","urlTemplate":"https:\/\/frontaliers-grandest.eu\/de\/?s={search_term_string}"},"query-input":{"@type":"PropertyValueSpecification","valueRequired":true,"valueName":"search_term_string"}}],"inLanguage":"de"},{"@type":"Organization","@id":"https:\/\/frontaliers-grandest.eu\/de\/#organization","name":"Frontaliers Grand Est","alternateName":"Frontaliers Grand Est","url":"https:\/\/frontaliers-grandest.eu\/de\/","logo":{"@type":"ImageObject","inLanguage":"de","@id":"https:\/\/frontaliers-grandest.eu\/de\/#\/schema\/logo\/image\/","url":"https:\/\/frontaliers-grandest.eu\/wp-content\/uploads\/2025\/07\/260328234_2966785176920310_3332838526503858160_n.jpg","contentUrl":"https:\/\/frontaliers-grandest.eu\/wp-content\/uploads\/2025\/07\/260328234_2966785176920310_3332838526503858160_n.jpg","width":396,"height":396,"caption":"Frontaliers Grand Est"},"image":{"@id":"https:\/\/frontaliers-grandest.eu\/de\/#\/schema\/logo\/image\/"},"sameAs":["https:\/\/www.facebook.com\/frontaliers.GR.EST\/?locale=fr_FR"]}]}},"frge_page_order":0,"_links":{"self":[{"href":"https:\/\/frontaliers-grandest.eu\/de\/wp-json\/wp\/v2\/pages\/8196","targetHints":{"allow":["GET"]}}],"collection":[{"href":"https:\/\/frontaliers-grandest.eu\/de\/wp-json\/wp\/v2\/pages"}],"about":[{"href":"https:\/\/frontaliers-grandest.eu\/de\/wp-json\/wp\/v2\/types\/page"}],"author":[{"embeddable":true,"href":"https:\/\/frontaliers-grandest.eu\/de\/wp-json\/wp\/v2\/users\/7"}],"replies":[{"embeddable":true,"href":"https:\/\/frontaliers-grandest.eu\/de\/wp-json\/wp\/v2\/comments?post=8196"}],"version-history":[{"count":3,"href":"https:\/\/frontaliers-grandest.eu\/de\/wp-json\/wp\/v2\/pages\/8196\/revisions"}],"predecessor-version":[{"id":34619,"href":"https:\/\/frontaliers-grandest.eu\/de\/wp-json\/wp\/v2\/pages\/8196\/revisions\/34619"}],"up":[{"embeddable":true,"href":"https:\/\/frontaliers-grandest.eu\/de\/wp-json\/wp\/v2\/pages\/8183"}],"wp:attachment":[{"href":"https:\/\/frontaliers-grandest.eu\/de\/wp-json\/wp\/v2\/media?parent=8196"}],"wp:term":[{"taxonomy":"post_tag","embeddable":true,"href":"https:\/\/frontaliers-grandest.eu\/de\/wp-json\/wp\/v2\/tags?post=8196"},{"taxonomy":"frge_profile","embeddable":true,"href":"https:\/\/frontaliers-grandest.eu\/de\/wp-json\/wp\/v2\/frge_profile?post=8196"}],"curies":[{"name":"wp","href":"https:\/\/api.w.org\/{rel}","templated":true}]}}