{"id":8189,"date":"2021-06-07T12:51:56","date_gmt":"2021-06-07T10:51:56","guid":{"rendered":"https:\/\/frontaliers-grandest.eu\/?page_id=8189"},"modified":"2021-06-07T12:53:18","modified_gmt":"2021-06-07T10:53:18","slug":"der-bildungsurlaub-6-tage-pro-jahr-fur-die-weiterbildung","status":"publish","type":"page","link":"https:\/\/frontaliers-grandest.eu\/de\/startseite\/grenzganger\/frankreich-deutschland\/ausbildung-anerkennung-von-beruflichen-qualifikationen\/die-weiterbildung-des-arbeitnehmers-in-deutschland\/der-bildungsurlaub-6-tage-pro-jahr-fur-die-weiterbildung\/","title":{"rendered":"Der Bildungsurlaub : 6 tage pro jahr f\u00fcr die weiterbildung"},"content":{"rendered":"\n<p>Gem\u00e4\u00df dem Gesetz \u00fcber die Weiterausbildung im Saarland (Saarl\u00e4ndisches Bildungsfreistellungsgesetz) haben die Arbeitnehmer einen Anspruch auf einen Bildungsurlaub von 6 Tagen nachfolgend oder nicht um eine Weiterausbildung zu absolvieren.<\/p>\n\n\n\n<p>Diese Weiterausbildung sollte die Kompetenzen des Arbeitnehmers zu erh\u00f6hen oder &nbsp;ihm helfen angemessen zu seinem Beruf zu werden.<\/p>\n\n\n\n<p>Der Arbeitnehmer hat einen Anspruch auf ein Arbeitsentgelt f\u00fcr die H\u00e4lfte des Bildungsurlaubs (3 Tage). Die anderen drei Tage sollen auf seiner Freizeit (Urlaub, Stunden der Erholung, Samstag) genommen werden. Jeder Weiterbildungstag muss einem freien Tag entsprechen. Die Kosten der Ausbildung werden vom Arbeitnehmer getragen. Trotzdem \u00fcbernehmen viele Unternehmen die Bildungskosten. Die &nbsp;Weiterausbildung kann auch bei der Bildungspr\u00e4mie gedeckt &nbsp;werden.<\/p>\n\n\n\n<ul class=\"wp-block-list\"><li><strong>Voraussetzungen:<\/strong>\u00a0das Recht auf Bildungsurlaub ist lediglich nach 12 Monaten Dienst in der Gesellschaft ge\u00f6ffnet.\u00a0<\/li><\/ul>\n\n\n\n<ul class=\"wp-block-list\"><li><strong>Vorgehen:<\/strong>\u00a0ein Abwesenheitsantrag muss dem Arbeitgeber gesendet werden. Die vom Arbeitnehmer gew\u00e4hlte Ausbildungsorganisation muss vom Staat genehmigt werden und ihren Sitz in Deutschland oder im Ausland haben. Ab Anfang eines jeden Semesters (Februar und September) kommunizieren die Ausbildungsorganisationen ihr Bildungsprogramm.<\/li><\/ul>\n\n\n\n<ul class=\"wp-block-list\"><li><strong>Ausbildungsorganisationen im Saarland:\u00a0<\/strong>Industrie-und Handelskammer des Saarlandes, Handwerkskammer des Saarlandes, Berufsfortbildungswerk Saarbr\u00fccken, Festo-Lernzentrum Saar GmbH, Arbeitskammer des Saarlandes.<\/li><\/ul>\n\n\n\n<ul class=\"wp-block-list\"><li><strong>Ausk\u00fcnfte:<\/strong><br><ul><li>Die Website des Saarl\u00e4nder Ministeriums f\u00fcr Bildung\u00a0:\u00a0<a href=\"http:\/\/www.saarland.de\/weiterbildung.htm\" target=\"_blank\" rel=\"noreferrer noopener\">www.saarland.de\/weiterbildung.htm<\/a><\/li><li>Die Liste der Ausbildungsorganisationen befindet sich auf der folgenden Website:\u00a0<a href=\"http:\/\/www.weiterbildungsdatenbank-saar.de\/\" target=\"_blank\" rel=\"noreferrer noopener\">www.weiterbildungsdatenbank-saar.de<\/a><\/li><\/ul><\/li><\/ul>\n","protected":false},"excerpt":{"rendered":"<p>Gem\u00e4\u00df dem Gesetz \u00fcber die Weiterausbildung im Saarland (Saarl\u00e4ndisches Bildungsfreistellungsgesetz) haben die Arbeitnehmer einen Anspruch auf einen Bildungsurlaub von 6 Tagen nachfolgend oder nicht um eine Weiterausbildung zu absolvieren. Diese Weiterausbildung sollte die Kompetenzen des Arbeitnehmers zu erh\u00f6hen oder &nbsp;ihm helfen angemessen zu seinem Beruf zu werden. Der Arbeitnehmer hat einen Anspruch auf ein Arbeitsentgelt [&hellip;]<\/p>\n","protected":false},"author":7,"featured_media":0,"parent":8183,"menu_order":0,"comment_status":"closed","ping_status":"closed","template":"","meta":{"inline_featured_image":false,"footnotes":""},"tags":[],"frge_profile":[],"class_list":["post-8189","page","type-page","status-publish","hentry"],"yoast_head":"<!-- This site is optimized with the Yoast SEO plugin v27.1.1 - https:\/\/yoast.com\/product\/yoast-seo-wordpress\/ -->\n<title>Der Bildungsurlaub : 6 tage pro jahr f\u00fcr die weiterbildung - Frontaliers Grand Est<\/title>\n<meta name=\"robots\" content=\"index, follow, max-snippet:-1, max-image-preview:large, max-video-preview:-1\" \/>\n<link rel=\"canonical\" href=\"https:\/\/frontaliers-grandest.eu\/de\/startseite\/grenzganger\/frankreich-deutschland\/ausbildung-anerkennung-von-beruflichen-qualifikationen\/die-weiterbildung-des-arbeitnehmers-in-deutschland\/der-bildungsurlaub-6-tage-pro-jahr-fur-die-weiterbildung\/\" \/>\n<meta property=\"og:locale\" content=\"de_DE\" \/>\n<meta property=\"og:type\" content=\"article\" \/>\n<meta property=\"og:title\" content=\"Der Bildungsurlaub : 6 tage pro jahr f\u00fcr die weiterbildung - Frontaliers Grand Est\" \/>\n<meta property=\"og:description\" content=\"Gem\u00e4\u00df dem Gesetz \u00fcber die Weiterausbildung im Saarland (Saarl\u00e4ndisches Bildungsfreistellungsgesetz) haben die Arbeitnehmer einen Anspruch auf einen Bildungsurlaub von 6 Tagen nachfolgend oder nicht um eine Weiterausbildung zu absolvieren. Diese Weiterausbildung sollte die Kompetenzen des Arbeitnehmers zu erh\u00f6hen oder &nbsp;ihm helfen angemessen zu seinem Beruf zu werden. Der Arbeitnehmer hat einen Anspruch auf ein Arbeitsentgelt [&hellip;]\" \/>\n<meta property=\"og:url\" content=\"https:\/\/frontaliers-grandest.eu\/de\/startseite\/grenzganger\/frankreich-deutschland\/ausbildung-anerkennung-von-beruflichen-qualifikationen\/die-weiterbildung-des-arbeitnehmers-in-deutschland\/der-bildungsurlaub-6-tage-pro-jahr-fur-die-weiterbildung\/\" \/>\n<meta property=\"og:site_name\" content=\"Frontaliers Grand Est\" \/>\n<meta property=\"article:publisher\" content=\"https:\/\/www.facebook.com\/frontaliers.GR.EST\/?locale=fr_FR\" \/>\n<meta property=\"article:modified_time\" content=\"2021-06-07T10:53:18+00:00\" \/>\n<meta name=\"twitter:card\" content=\"summary_large_image\" \/>\n<meta name=\"twitter:label1\" content=\"Gesch\u00e4tzte Lesezeit\" \/>\n\t<meta name=\"twitter:data1\" content=\"1\u00a0Minute\" \/>\n<script type=\"application\/ld+json\" class=\"yoast-schema-graph\">{\"@context\":\"https:\/\/schema.org\",\"@graph\":[{\"@type\":\"WebPage\",\"@id\":\"https:\/\/frontaliers-grandest.eu\/de\/startseite\/grenzganger\/frankreich-deutschland\/ausbildung-anerkennung-von-beruflichen-qualifikationen\/die-weiterbildung-des-arbeitnehmers-in-deutschland\/der-bildungsurlaub-6-tage-pro-jahr-fur-die-weiterbildung\/\",\"url\":\"https:\/\/frontaliers-grandest.eu\/de\/startseite\/grenzganger\/frankreich-deutschland\/ausbildung-anerkennung-von-beruflichen-qualifikationen\/die-weiterbildung-des-arbeitnehmers-in-deutschland\/der-bildungsurlaub-6-tage-pro-jahr-fur-die-weiterbildung\/\",\"name\":\"Der Bildungsurlaub : 6 tage pro jahr f\u00fcr die weiterbildung - Frontaliers Grand Est\",\"isPartOf\":{\"@id\":\"https:\/\/frontaliers-grandest.eu\/de\/#website\"},\"datePublished\":\"2021-06-07T10:51:56+00:00\",\"dateModified\":\"2021-06-07T10:53:18+00:00\",\"breadcrumb\":{\"@id\":\"https:\/\/frontaliers-grandest.eu\/de\/startseite\/grenzganger\/frankreich-deutschland\/ausbildung-anerkennung-von-beruflichen-qualifikationen\/die-weiterbildung-des-arbeitnehmers-in-deutschland\/der-bildungsurlaub-6-tage-pro-jahr-fur-die-weiterbildung\/#breadcrumb\"},\"inLanguage\":\"de\",\"potentialAction\":[{\"@type\":\"ReadAction\",\"target\":[\"https:\/\/frontaliers-grandest.eu\/de\/startseite\/grenzganger\/frankreich-deutschland\/ausbildung-anerkennung-von-beruflichen-qualifikationen\/die-weiterbildung-des-arbeitnehmers-in-deutschland\/der-bildungsurlaub-6-tage-pro-jahr-fur-die-weiterbildung\/\"]}]},{\"@type\":\"BreadcrumbList\",\"@id\":\"https:\/\/frontaliers-grandest.eu\/de\/startseite\/grenzganger\/frankreich-deutschland\/ausbildung-anerkennung-von-beruflichen-qualifikationen\/die-weiterbildung-des-arbeitnehmers-in-deutschland\/der-bildungsurlaub-6-tage-pro-jahr-fur-die-weiterbildung\/#breadcrumb\",\"itemListElement\":[{\"@type\":\"ListItem\",\"position\":1,\"name\":\"Startseite\",\"item\":\"https:\/\/frontaliers-grandest.eu\/de\/\"},{\"@type\":\"ListItem\",\"position\":2,\"name\":\"Grenzg\u00e4nger\",\"item\":\"https:\/\/frontaliers-grandest.eu\/de\/startseite\/grenzganger\/\"},{\"@type\":\"ListItem\",\"position\":3,\"name\":\"Frankreich - Deutschland\",\"item\":\"https:\/\/frontaliers-grandest.eu\/de\/startseite\/grenzganger\/frankreich-deutschland\/\"},{\"@type\":\"ListItem\",\"position\":4,\"name\":\"Ausbildung \/ Anerkennung von beruflichen qualifikationen in Deutschland\",\"item\":\"https:\/\/frontaliers-grandest.eu\/de\/startseite\/grenzganger\/frankreich-deutschland\/ausbildung-anerkennung-von-beruflichen-qualifikationen\/\"},{\"@type\":\"ListItem\",\"position\":5,\"name\":\"Die Weiterbildung des Arbeitnehmers in Deutschland\",\"item\":\"https:\/\/frontaliers-grandest.eu\/de\/startseite\/grenzganger\/frankreich-deutschland\/ausbildung-anerkennung-von-beruflichen-qualifikationen\/die-weiterbildung-des-arbeitnehmers-in-deutschland\/\"},{\"@type\":\"ListItem\",\"position\":6,\"name\":\"Der Bildungsurlaub : 6 tage pro jahr f\u00fcr die weiterbildung\"}]},{\"@type\":\"WebSite\",\"@id\":\"https:\/\/frontaliers-grandest.eu\/de\/#website\",\"url\":\"https:\/\/frontaliers-grandest.eu\/de\/\",\"name\":\"Frontaliers Grand Est\",\"description\":\"Le site ressource du travail frontalier\",\"publisher\":{\"@id\":\"https:\/\/frontaliers-grandest.eu\/de\/#organization\"},\"alternateName\":\"Frontaliers Grand Est\",\"potentialAction\":[{\"@type\":\"SearchAction\",\"target\":{\"@type\":\"EntryPoint\",\"urlTemplate\":\"https:\/\/frontaliers-grandest.eu\/de\/?s={search_term_string}\"},\"query-input\":{\"@type\":\"PropertyValueSpecification\",\"valueRequired\":true,\"valueName\":\"search_term_string\"}}],\"inLanguage\":\"de\"},{\"@type\":\"Organization\",\"@id\":\"https:\/\/frontaliers-grandest.eu\/de\/#organization\",\"name\":\"Frontaliers Grand Est\",\"alternateName\":\"Frontaliers Grand Est\",\"url\":\"https:\/\/frontaliers-grandest.eu\/de\/\",\"logo\":{\"@type\":\"ImageObject\",\"inLanguage\":\"de\",\"@id\":\"https:\/\/frontaliers-grandest.eu\/de\/#\/schema\/logo\/image\/\",\"url\":\"https:\/\/frontaliers-grandest.eu\/wp-content\/uploads\/2025\/07\/260328234_2966785176920310_3332838526503858160_n.jpg\",\"contentUrl\":\"https:\/\/frontaliers-grandest.eu\/wp-content\/uploads\/2025\/07\/260328234_2966785176920310_3332838526503858160_n.jpg\",\"width\":396,\"height\":396,\"caption\":\"Frontaliers Grand Est\"},\"image\":{\"@id\":\"https:\/\/frontaliers-grandest.eu\/de\/#\/schema\/logo\/image\/\"},\"sameAs\":[\"https:\/\/www.facebook.com\/frontaliers.GR.EST\/?locale=fr_FR\"]}]}<\/script>\n<!-- \/ Yoast SEO plugin. -->","yoast_head_json":{"title":"Der Bildungsurlaub : 6 tage pro jahr f\u00fcr die weiterbildung - Frontaliers Grand Est","robots":{"index":"index","follow":"follow","max-snippet":"max-snippet:-1","max-image-preview":"max-image-preview:large","max-video-preview":"max-video-preview:-1"},"canonical":"https:\/\/frontaliers-grandest.eu\/de\/startseite\/grenzganger\/frankreich-deutschland\/ausbildung-anerkennung-von-beruflichen-qualifikationen\/die-weiterbildung-des-arbeitnehmers-in-deutschland\/der-bildungsurlaub-6-tage-pro-jahr-fur-die-weiterbildung\/","og_locale":"de_DE","og_type":"article","og_title":"Der Bildungsurlaub : 6 tage pro jahr f\u00fcr die weiterbildung - Frontaliers Grand Est","og_description":"Gem\u00e4\u00df dem Gesetz \u00fcber die Weiterausbildung im Saarland (Saarl\u00e4ndisches Bildungsfreistellungsgesetz) haben die Arbeitnehmer einen Anspruch auf einen Bildungsurlaub von 6 Tagen nachfolgend oder nicht um eine Weiterausbildung zu absolvieren. Diese Weiterausbildung sollte die Kompetenzen des Arbeitnehmers zu erh\u00f6hen oder &nbsp;ihm helfen angemessen zu seinem Beruf zu werden. Der Arbeitnehmer hat einen Anspruch auf ein Arbeitsentgelt [&hellip;]","og_url":"https:\/\/frontaliers-grandest.eu\/de\/startseite\/grenzganger\/frankreich-deutschland\/ausbildung-anerkennung-von-beruflichen-qualifikationen\/die-weiterbildung-des-arbeitnehmers-in-deutschland\/der-bildungsurlaub-6-tage-pro-jahr-fur-die-weiterbildung\/","og_site_name":"Frontaliers Grand Est","article_publisher":"https:\/\/www.facebook.com\/frontaliers.GR.EST\/?locale=fr_FR","article_modified_time":"2021-06-07T10:53:18+00:00","twitter_card":"summary_large_image","twitter_misc":{"Gesch\u00e4tzte Lesezeit":"1\u00a0Minute"},"schema":{"@context":"https:\/\/schema.org","@graph":[{"@type":"WebPage","@id":"https:\/\/frontaliers-grandest.eu\/de\/startseite\/grenzganger\/frankreich-deutschland\/ausbildung-anerkennung-von-beruflichen-qualifikationen\/die-weiterbildung-des-arbeitnehmers-in-deutschland\/der-bildungsurlaub-6-tage-pro-jahr-fur-die-weiterbildung\/","url":"https:\/\/frontaliers-grandest.eu\/de\/startseite\/grenzganger\/frankreich-deutschland\/ausbildung-anerkennung-von-beruflichen-qualifikationen\/die-weiterbildung-des-arbeitnehmers-in-deutschland\/der-bildungsurlaub-6-tage-pro-jahr-fur-die-weiterbildung\/","name":"Der Bildungsurlaub : 6 tage pro jahr f\u00fcr die weiterbildung - Frontaliers Grand Est","isPartOf":{"@id":"https:\/\/frontaliers-grandest.eu\/de\/#website"},"datePublished":"2021-06-07T10:51:56+00:00","dateModified":"2021-06-07T10:53:18+00:00","breadcrumb":{"@id":"https:\/\/frontaliers-grandest.eu\/de\/startseite\/grenzganger\/frankreich-deutschland\/ausbildung-anerkennung-von-beruflichen-qualifikationen\/die-weiterbildung-des-arbeitnehmers-in-deutschland\/der-bildungsurlaub-6-tage-pro-jahr-fur-die-weiterbildung\/#breadcrumb"},"inLanguage":"de","potentialAction":[{"@type":"ReadAction","target":["https:\/\/frontaliers-grandest.eu\/de\/startseite\/grenzganger\/frankreich-deutschland\/ausbildung-anerkennung-von-beruflichen-qualifikationen\/die-weiterbildung-des-arbeitnehmers-in-deutschland\/der-bildungsurlaub-6-tage-pro-jahr-fur-die-weiterbildung\/"]}]},{"@type":"BreadcrumbList","@id":"https:\/\/frontaliers-grandest.eu\/de\/startseite\/grenzganger\/frankreich-deutschland\/ausbildung-anerkennung-von-beruflichen-qualifikationen\/die-weiterbildung-des-arbeitnehmers-in-deutschland\/der-bildungsurlaub-6-tage-pro-jahr-fur-die-weiterbildung\/#breadcrumb","itemListElement":[{"@type":"ListItem","position":1,"name":"Startseite","item":"https:\/\/frontaliers-grandest.eu\/de\/"},{"@type":"ListItem","position":2,"name":"Grenzg\u00e4nger","item":"https:\/\/frontaliers-grandest.eu\/de\/startseite\/grenzganger\/"},{"@type":"ListItem","position":3,"name":"Frankreich - Deutschland","item":"https:\/\/frontaliers-grandest.eu\/de\/startseite\/grenzganger\/frankreich-deutschland\/"},{"@type":"ListItem","position":4,"name":"Ausbildung \/ Anerkennung von beruflichen qualifikationen in Deutschland","item":"https:\/\/frontaliers-grandest.eu\/de\/startseite\/grenzganger\/frankreich-deutschland\/ausbildung-anerkennung-von-beruflichen-qualifikationen\/"},{"@type":"ListItem","position":5,"name":"Die Weiterbildung des Arbeitnehmers in Deutschland","item":"https:\/\/frontaliers-grandest.eu\/de\/startseite\/grenzganger\/frankreich-deutschland\/ausbildung-anerkennung-von-beruflichen-qualifikationen\/die-weiterbildung-des-arbeitnehmers-in-deutschland\/"},{"@type":"ListItem","position":6,"name":"Der Bildungsurlaub : 6 tage pro jahr f\u00fcr die weiterbildung"}]},{"@type":"WebSite","@id":"https:\/\/frontaliers-grandest.eu\/de\/#website","url":"https:\/\/frontaliers-grandest.eu\/de\/","name":"Frontaliers Grand Est","description":"Le site ressource du travail frontalier","publisher":{"@id":"https:\/\/frontaliers-grandest.eu\/de\/#organization"},"alternateName":"Frontaliers Grand Est","potentialAction":[{"@type":"SearchAction","target":{"@type":"EntryPoint","urlTemplate":"https:\/\/frontaliers-grandest.eu\/de\/?s={search_term_string}"},"query-input":{"@type":"PropertyValueSpecification","valueRequired":true,"valueName":"search_term_string"}}],"inLanguage":"de"},{"@type":"Organization","@id":"https:\/\/frontaliers-grandest.eu\/de\/#organization","name":"Frontaliers Grand Est","alternateName":"Frontaliers Grand Est","url":"https:\/\/frontaliers-grandest.eu\/de\/","logo":{"@type":"ImageObject","inLanguage":"de","@id":"https:\/\/frontaliers-grandest.eu\/de\/#\/schema\/logo\/image\/","url":"https:\/\/frontaliers-grandest.eu\/wp-content\/uploads\/2025\/07\/260328234_2966785176920310_3332838526503858160_n.jpg","contentUrl":"https:\/\/frontaliers-grandest.eu\/wp-content\/uploads\/2025\/07\/260328234_2966785176920310_3332838526503858160_n.jpg","width":396,"height":396,"caption":"Frontaliers Grand Est"},"image":{"@id":"https:\/\/frontaliers-grandest.eu\/de\/#\/schema\/logo\/image\/"},"sameAs":["https:\/\/www.facebook.com\/frontaliers.GR.EST\/?locale=fr_FR"]}]}},"frge_page_order":0,"_links":{"self":[{"href":"https:\/\/frontaliers-grandest.eu\/de\/wp-json\/wp\/v2\/pages\/8189","targetHints":{"allow":["GET"]}}],"collection":[{"href":"https:\/\/frontaliers-grandest.eu\/de\/wp-json\/wp\/v2\/pages"}],"about":[{"href":"https:\/\/frontaliers-grandest.eu\/de\/wp-json\/wp\/v2\/types\/page"}],"author":[{"embeddable":true,"href":"https:\/\/frontaliers-grandest.eu\/de\/wp-json\/wp\/v2\/users\/7"}],"replies":[{"embeddable":true,"href":"https:\/\/frontaliers-grandest.eu\/de\/wp-json\/wp\/v2\/comments?post=8189"}],"version-history":[{"count":2,"href":"https:\/\/frontaliers-grandest.eu\/de\/wp-json\/wp\/v2\/pages\/8189\/revisions"}],"predecessor-version":[{"id":8195,"href":"https:\/\/frontaliers-grandest.eu\/de\/wp-json\/wp\/v2\/pages\/8189\/revisions\/8195"}],"up":[{"embeddable":true,"href":"https:\/\/frontaliers-grandest.eu\/de\/wp-json\/wp\/v2\/pages\/8183"}],"wp:attachment":[{"href":"https:\/\/frontaliers-grandest.eu\/de\/wp-json\/wp\/v2\/media?parent=8189"}],"wp:term":[{"taxonomy":"post_tag","embeddable":true,"href":"https:\/\/frontaliers-grandest.eu\/de\/wp-json\/wp\/v2\/tags?post=8189"},{"taxonomy":"frge_profile","embeddable":true,"href":"https:\/\/frontaliers-grandest.eu\/de\/wp-json\/wp\/v2\/frge_profile?post=8189"}],"curies":[{"name":"wp","href":"https:\/\/api.w.org\/{rel}","templated":true}]}}