{"id":8174,"date":"2021-06-07T12:32:50","date_gmt":"2021-06-07T10:32:50","guid":{"rendered":"https:\/\/frontaliers-grandest.eu\/?page_id=8174"},"modified":"2021-06-07T12:32:51","modified_gmt":"2021-06-07T10:32:51","slug":"welche-anspruche-konnen-hinterbliebene-beim-tod-des-versicherten-geltend-machen","status":"publish","type":"page","link":"https:\/\/frontaliers-grandest.eu\/de\/startseite\/grenzganger\/frankreich-deutschland\/sozialversicherung\/die-invaliditatsversicherung\/welche-anspruche-konnen-hinterbliebene-beim-tod-des-versicherten-geltend-machen\/","title":{"rendered":"Welche Anspr\u00fcche k\u00f6nnen Hinterbliebene beim Tod des Versicherten geltend machen?"},"content":{"rendered":"\n<h3 class=\"wp-block-heading\"><strong>Franz\u00f6sisches Invalidit\u00e4tssystem<\/strong><\/h3>\n\n\n\n<h4 class=\"wp-block-heading\"><strong>Erwerbsunf\u00e4higkeitsrente f\u00fcr Witwer oder Witwen (pension d&#8217;invalidit\u00e9 de veuf)&nbsp;<\/strong><\/h4>\n\n\n\n<h5 class=\"wp-block-heading\"><strong>Bedingungen :<\/strong><\/h5>\n\n\n\n<ul class=\"wp-block-list\"><li>Nur der\/die Hinterbliebene (bzw. der geschiedene&nbsp;nicht wiederverheiratete&nbsp;Ehepartner)&nbsp;<strong>im Alter von mindestens 55 Jahren<\/strong>&nbsp;hat Anspruch auf eine Erwerbsunf\u00e4higkeitsrente f\u00fcr Witwer oder Witwen, unter der Bedingung,&nbsp;dass&nbsp;<strong>er selbst als erwerbsunf\u00e4hig anerkannt wird.<\/strong>&nbsp;Notfalls kann der Ehepartner eine Hinterbliebenenrente beziehen.<\/li><li>Der Verstorbene sollte Empf\u00e4nger einer franz\u00f6sischen Invalidit\u00e4tsrente oder hatte Anspruch auf diese Rente (Arbeitnehmerbeitr\u00e4ge von mindestens 12 Monaten und das gesetzliche Rentenalter nicht erreicht haben.<\/li><\/ul>\n\n\n\n<p><strong>Ab 55 Jahre wird die Witwen- oder Witwerinvalidit\u00e4tsrente durch eine Witwen- oder Witweraltersrente im gleichen Betrag ersetzt.<\/strong>Die Waisenrenten werden von den Zusatzversicherungen \u00fcbernommen.<\/p>\n\n\n\n<p><strong>Zu vermerken:<\/strong>&nbsp;eine Erwerbsunf\u00e4higkeitsrente f\u00fcr Witwer oder Witwen ist nicht kumulierbar mit einer Hinterbliebenenrente (nur der h\u00f6chste Betrag wird beglichen).<\/p>\n\n\n\n<h5 class=\"wp-block-heading\"><strong>Betrag:<\/strong><\/h5>\n\n\n\n<p>Die Erwerbsunf\u00e4higkeitsrente&nbsp;<strong>f\u00fcr Witwer entspricht 54 % der Erwerbsunf\u00e4higkeitsrente, die der Verstorbene erhalten hat oder auf die er Anspruch gehabt h\u00e4tte.<\/strong>&nbsp;Dieser Betrag kann um einen Zuschlag von 10 % erh\u00f6ht werden, wenn Sie mindestens 3 Kinder gehabt haben oder mindestens 3 Kinder 9 Jahre lang vor Vollendung ihres 16. Lebensjahres gro\u00dfgezogen haben.<\/p>\n\n\n\n<p><strong>Maximale Pension\u00a0<\/strong>: 54 % der Erwerbsunf\u00e4higkeitsrente des Verstorbenen<\/p>\n\n\n\n<h4 class=\"wp-block-heading\"><strong>Hinterbliebenenrente (pension de r\u00e9version)<\/strong><\/h4>\n\n\n\n<h5 class=\"wp-block-heading\"><strong>Bedingungen :<\/strong><\/h5>\n\n\n\n<p>Nur der\/die Hinterbliebene (bzw. der geschiedene Ehepartner) im Alter von m<strong>indestens 55 Jahren hat Anspruch auf eine Hinterbliebenenrente<\/strong>, wenn seine\/Ihre pers\u00f6nlichen Einnahmen vor dem Antrag oder der Zahlung der Hinterbliebenenrente&nbsp; niedriger als der SMIC sind.<\/p>\n\n\n\n<p>F\u00fcr die Personen, die Witwer\/Witwen vor dem 1. Januar 2009 geworden sind, beginnt der Anspruch auf Hinterbliebenenrente mit mindestens 51 Jahren.<\/p>\n\n\n\n<h5 class=\"wp-block-heading\"><strong>Betrag:<\/strong><\/h5>\n\n\n\n<p>Die Hinterbliebenenrente entspricht&nbsp;<strong>54 % der Altersrente, die der Verstorbene bezog oder auf die er Anspruch gehabt h\u00e4tte<\/strong><strong>.<\/strong>Diese Rente kann unter bestimmten Voraussetzungen auch erh\u00f6ht werden (gro\u00dfgezogene Kinder, unterhaltsbezogene Kinder, unterhaltsbezogener Ehepartner oder Dritter\u2026)<\/p>\n\n\n\n<p><strong>Maximale Pension<\/strong>&nbsp;: 54 % der Hinterbliebenenrente. Dieser Betrag wird verringert, wenn die Einnahmen des Empf\u00e4ngers (oder des Haushalts) die Einkommensgrenze \u00fcberschreiten 20.862,40 \u20ac (33.379,84 \u20ac si la personne survivante vit en couple).<\/p>\n\n\n\n<p><strong>Minimale Pension ab 15 Jahren Versicherung<\/strong>&nbsp;: 286,14 \u20ac \/ mois au 1er janvier 2018.<\/p>\n\n\n\n<p>Die Hinterbliebenenrente muss bei der Kasse verlangt werden, die die<strong>&nbsp;Pensionsanspr\u00fcche des Verstorbenen geltend gemacht hat, oder bei der Wohnsitzkasse des Hinterbliebenen.<\/strong><\/p>\n\n\n\n<p>F\u00fcr weitere Informationen hat die Caisse Nationale d\u2019Assurance Vieillesse eine Hotline eingerichtet, wo man sich \u00fcber Rechte und Formalit\u00e4ten beraten lassen kann. Tel. : 3960<\/p>\n\n\n\n<h3 class=\"wp-block-heading\"><strong>Deutsches Invalidit\u00e4tssystem<\/strong>\u00a0<\/h3>\n\n\n\n<p>Beim Tod des Empf\u00e4ngers einer deutschen Pflegerente kann der \u00fcberlebende Ehepartner<strong>&nbsp;eine Witwen- oder Witwerrente unter folgenden Bedingungen beanspruchen<\/strong>&nbsp;:<\/p>\n\n\n\n<ul class=\"wp-block-list\"><li>der\/die Hinterbliebene hat eine&nbsp;<strong>Beitragszeit von mindestens 5 Jahren.<\/strong><br>Die Einnahmen des Hinterbliebenen werden ber\u00fccksichtigt, um die H\u00f6he der Witwenrente festzulegen<\/li><li>Der Hinterbliebene&nbsp;<strong>ist mindestens 45 Jahre&nbsp;<\/strong>alt&nbsp; oder hat unterhaltsberechtige Kinder, oder ist erwerbsunf\u00e4hig.<\/li><li>der\/die Hinterbliebene war m<strong>indestens ein Jahr mit dem Versicherten verheiratet.<\/strong><\/li><li>der Hinterbliebene hat&nbsp;<strong>nicht wiedergeheiratet.<\/strong><\/li><\/ul>\n\n\n\n<p>Es gibt zwei verschiedene Renten, die&nbsp;<strong>\u201ckleine Witwenrente\u201d,<\/strong>&nbsp;die f\u00fcr eine Dauer von zwei Jahren beglichen wird, und&nbsp;<strong>die \u201cgro\u00dfe Witwenrente\u201d<\/strong>&nbsp;die gezahlt wird, bis der Hinterbliebene eventuell wiederheiratet.<br>Die H\u00f6he dieser Rente h\u00e4ngt von Alter des Hinterbliebenen, ob er unterhaltsberechtige Kinder hat, oder ob er erwerbsunf\u00e4hig ist. Spezifische Regeln gibt es f\u00fcr geschiedene Ehepartner.<\/p>\n\n\n\n<p>In<strong>&nbsp;den ersten drei Monaten erh\u00e4lt der Hinterbliebene eine Altersrente.&nbsp;<\/strong>Nachher betr\u00e4gt diese Pension 55 % der \u201cgro\u00dfen Witwenrenten\u201d und 25 % der \u201ckleinen Witwenrenten\u201d. Die eventuellen Einkommen der Person und deren Familiensituation werden in Betracht genommen.<\/p>\n\n\n\n<p>Halbwaisen haben Anspruch auf einen Teil der Witwen- oder Witwerrente&nbsp;<strong>bis zum Alter von 18 Jahren&nbsp;<\/strong>(27 Jahre bei Berufsausbildung).<\/p>\n\n\n\n<p>Hinterbliebene sozialversicherter Grenzg\u00e4nger m\u00fcssen Ihren Hinterbliebenenrentenantrag bei der CPAM-Ortskrankenkasse Ihres Wohnortes stellen.<\/p>\n","protected":false},"excerpt":{"rendered":"<p>Franz\u00f6sisches Invalidit\u00e4tssystem Erwerbsunf\u00e4higkeitsrente f\u00fcr Witwer oder Witwen (pension d&#8217;invalidit\u00e9 de veuf)&nbsp; Bedingungen : Nur der\/die Hinterbliebene (bzw. der geschiedene&nbsp;nicht wiederverheiratete&nbsp;Ehepartner)&nbsp;im Alter von mindestens 55 Jahren&nbsp;hat Anspruch auf eine Erwerbsunf\u00e4higkeitsrente f\u00fcr Witwer oder Witwen, unter der Bedingung,&nbsp;dass&nbsp;er selbst als erwerbsunf\u00e4hig anerkannt wird.&nbsp;Notfalls kann der Ehepartner eine Hinterbliebenenrente beziehen. Der Verstorbene sollte Empf\u00e4nger einer franz\u00f6sischen Invalidit\u00e4tsrente oder [&hellip;]<\/p>\n","protected":false},"author":7,"featured_media":0,"parent":8086,"menu_order":6,"comment_status":"closed","ping_status":"closed","template":"","meta":{"inline_featured_image":false,"footnotes":""},"tags":[],"frge_profile":[],"class_list":["post-8174","page","type-page","status-publish","hentry"],"yoast_head":"<!-- This site is optimized with the Yoast SEO plugin v27.1.1 - https:\/\/yoast.com\/product\/yoast-seo-wordpress\/ -->\n<title>Welche Anspr\u00fcche k\u00f6nnen Hinterbliebene beim Tod des Versicherten geltend machen? - Frontaliers Grand Est<\/title>\n<meta name=\"robots\" content=\"index, follow, max-snippet:-1, max-image-preview:large, max-video-preview:-1\" \/>\n<link rel=\"canonical\" href=\"https:\/\/frontaliers-grandest.eu\/de\/startseite\/grenzganger\/frankreich-deutschland\/sozialversicherung\/die-invaliditatsversicherung\/welche-anspruche-konnen-hinterbliebene-beim-tod-des-versicherten-geltend-machen\/\" \/>\n<meta property=\"og:locale\" content=\"de_DE\" \/>\n<meta property=\"og:type\" content=\"article\" \/>\n<meta property=\"og:title\" content=\"Welche Anspr\u00fcche k\u00f6nnen Hinterbliebene beim Tod des Versicherten geltend machen? - Frontaliers Grand Est\" \/>\n<meta property=\"og:description\" content=\"Franz\u00f6sisches Invalidit\u00e4tssystem Erwerbsunf\u00e4higkeitsrente f\u00fcr Witwer oder Witwen (pension d&#8217;invalidit\u00e9 de veuf)&nbsp; Bedingungen : Nur der\/die Hinterbliebene (bzw. der geschiedene&nbsp;nicht wiederverheiratete&nbsp;Ehepartner)&nbsp;im Alter von mindestens 55 Jahren&nbsp;hat Anspruch auf eine Erwerbsunf\u00e4higkeitsrente f\u00fcr Witwer oder Witwen, unter der Bedingung,&nbsp;dass&nbsp;er selbst als erwerbsunf\u00e4hig anerkannt wird.&nbsp;Notfalls kann der Ehepartner eine Hinterbliebenenrente beziehen. Der Verstorbene sollte Empf\u00e4nger einer franz\u00f6sischen Invalidit\u00e4tsrente oder [&hellip;]\" \/>\n<meta property=\"og:url\" content=\"https:\/\/frontaliers-grandest.eu\/de\/startseite\/grenzganger\/frankreich-deutschland\/sozialversicherung\/die-invaliditatsversicherung\/welche-anspruche-konnen-hinterbliebene-beim-tod-des-versicherten-geltend-machen\/\" \/>\n<meta property=\"og:site_name\" content=\"Frontaliers Grand Est\" \/>\n<meta property=\"article:publisher\" content=\"https:\/\/www.facebook.com\/frontaliers.GR.EST\/?locale=fr_FR\" \/>\n<meta property=\"article:modified_time\" content=\"2021-06-07T10:32:51+00:00\" \/>\n<meta name=\"twitter:card\" content=\"summary_large_image\" \/>\n<meta name=\"twitter:label1\" content=\"Gesch\u00e4tzte Lesezeit\" \/>\n\t<meta name=\"twitter:data1\" content=\"3\u00a0Minuten\" \/>\n<script type=\"application\/ld+json\" class=\"yoast-schema-graph\">{\"@context\":\"https:\/\/schema.org\",\"@graph\":[{\"@type\":\"WebPage\",\"@id\":\"https:\/\/frontaliers-grandest.eu\/de\/startseite\/grenzganger\/frankreich-deutschland\/sozialversicherung\/die-invaliditatsversicherung\/welche-anspruche-konnen-hinterbliebene-beim-tod-des-versicherten-geltend-machen\/\",\"url\":\"https:\/\/frontaliers-grandest.eu\/de\/startseite\/grenzganger\/frankreich-deutschland\/sozialversicherung\/die-invaliditatsversicherung\/welche-anspruche-konnen-hinterbliebene-beim-tod-des-versicherten-geltend-machen\/\",\"name\":\"Welche Anspr\u00fcche k\u00f6nnen Hinterbliebene beim Tod des Versicherten geltend machen? - Frontaliers Grand Est\",\"isPartOf\":{\"@id\":\"https:\/\/frontaliers-grandest.eu\/de\/#website\"},\"datePublished\":\"2021-06-07T10:32:50+00:00\",\"dateModified\":\"2021-06-07T10:32:51+00:00\",\"breadcrumb\":{\"@id\":\"https:\/\/frontaliers-grandest.eu\/de\/startseite\/grenzganger\/frankreich-deutschland\/sozialversicherung\/die-invaliditatsversicherung\/welche-anspruche-konnen-hinterbliebene-beim-tod-des-versicherten-geltend-machen\/#breadcrumb\"},\"inLanguage\":\"de\",\"potentialAction\":[{\"@type\":\"ReadAction\",\"target\":[\"https:\/\/frontaliers-grandest.eu\/de\/startseite\/grenzganger\/frankreich-deutschland\/sozialversicherung\/die-invaliditatsversicherung\/welche-anspruche-konnen-hinterbliebene-beim-tod-des-versicherten-geltend-machen\/\"]}]},{\"@type\":\"BreadcrumbList\",\"@id\":\"https:\/\/frontaliers-grandest.eu\/de\/startseite\/grenzganger\/frankreich-deutschland\/sozialversicherung\/die-invaliditatsversicherung\/welche-anspruche-konnen-hinterbliebene-beim-tod-des-versicherten-geltend-machen\/#breadcrumb\",\"itemListElement\":[{\"@type\":\"ListItem\",\"position\":1,\"name\":\"Startseite\",\"item\":\"https:\/\/frontaliers-grandest.eu\/de\/\"},{\"@type\":\"ListItem\",\"position\":2,\"name\":\"Grenzg\u00e4nger\",\"item\":\"https:\/\/frontaliers-grandest.eu\/de\/startseite\/grenzganger\/\"},{\"@type\":\"ListItem\",\"position\":3,\"name\":\"Frankreich - Deutschland\",\"item\":\"https:\/\/frontaliers-grandest.eu\/de\/startseite\/grenzganger\/frankreich-deutschland\/\"},{\"@type\":\"ListItem\",\"position\":4,\"name\":\"Sozialversicherung in Deutschland\",\"item\":\"https:\/\/frontaliers-grandest.eu\/de\/startseite\/grenzganger\/frankreich-deutschland\/sozialversicherung\/\"},{\"@type\":\"ListItem\",\"position\":5,\"name\":\"Die Invalidit\u00e4tsversicherung\",\"item\":\"https:\/\/frontaliers-grandest.eu\/de\/startseite\/grenzganger\/frankreich-deutschland\/sozialversicherung\/die-invaliditatsversicherung\/\"},{\"@type\":\"ListItem\",\"position\":6,\"name\":\"Welche Anspr\u00fcche k\u00f6nnen Hinterbliebene beim Tod des Versicherten geltend machen?\"}]},{\"@type\":\"WebSite\",\"@id\":\"https:\/\/frontaliers-grandest.eu\/de\/#website\",\"url\":\"https:\/\/frontaliers-grandest.eu\/de\/\",\"name\":\"Frontaliers Grand Est\",\"description\":\"Le site ressource du travail frontalier\",\"publisher\":{\"@id\":\"https:\/\/frontaliers-grandest.eu\/de\/#organization\"},\"alternateName\":\"Frontaliers Grand Est\",\"potentialAction\":[{\"@type\":\"SearchAction\",\"target\":{\"@type\":\"EntryPoint\",\"urlTemplate\":\"https:\/\/frontaliers-grandest.eu\/de\/?s={search_term_string}\"},\"query-input\":{\"@type\":\"PropertyValueSpecification\",\"valueRequired\":true,\"valueName\":\"search_term_string\"}}],\"inLanguage\":\"de\"},{\"@type\":\"Organization\",\"@id\":\"https:\/\/frontaliers-grandest.eu\/de\/#organization\",\"name\":\"Frontaliers Grand Est\",\"alternateName\":\"Frontaliers Grand Est\",\"url\":\"https:\/\/frontaliers-grandest.eu\/de\/\",\"logo\":{\"@type\":\"ImageObject\",\"inLanguage\":\"de\",\"@id\":\"https:\/\/frontaliers-grandest.eu\/de\/#\/schema\/logo\/image\/\",\"url\":\"https:\/\/frontaliers-grandest.eu\/wp-content\/uploads\/2025\/07\/260328234_2966785176920310_3332838526503858160_n.jpg\",\"contentUrl\":\"https:\/\/frontaliers-grandest.eu\/wp-content\/uploads\/2025\/07\/260328234_2966785176920310_3332838526503858160_n.jpg\",\"width\":396,\"height\":396,\"caption\":\"Frontaliers Grand Est\"},\"image\":{\"@id\":\"https:\/\/frontaliers-grandest.eu\/de\/#\/schema\/logo\/image\/\"},\"sameAs\":[\"https:\/\/www.facebook.com\/frontaliers.GR.EST\/?locale=fr_FR\"]}]}<\/script>\n<!-- \/ Yoast SEO plugin. -->","yoast_head_json":{"title":"Welche Anspr\u00fcche k\u00f6nnen Hinterbliebene beim Tod des Versicherten geltend machen? - Frontaliers Grand Est","robots":{"index":"index","follow":"follow","max-snippet":"max-snippet:-1","max-image-preview":"max-image-preview:large","max-video-preview":"max-video-preview:-1"},"canonical":"https:\/\/frontaliers-grandest.eu\/de\/startseite\/grenzganger\/frankreich-deutschland\/sozialversicherung\/die-invaliditatsversicherung\/welche-anspruche-konnen-hinterbliebene-beim-tod-des-versicherten-geltend-machen\/","og_locale":"de_DE","og_type":"article","og_title":"Welche Anspr\u00fcche k\u00f6nnen Hinterbliebene beim Tod des Versicherten geltend machen? - Frontaliers Grand Est","og_description":"Franz\u00f6sisches Invalidit\u00e4tssystem Erwerbsunf\u00e4higkeitsrente f\u00fcr Witwer oder Witwen (pension d&#8217;invalidit\u00e9 de veuf)&nbsp; Bedingungen : Nur der\/die Hinterbliebene (bzw. der geschiedene&nbsp;nicht wiederverheiratete&nbsp;Ehepartner)&nbsp;im Alter von mindestens 55 Jahren&nbsp;hat Anspruch auf eine Erwerbsunf\u00e4higkeitsrente f\u00fcr Witwer oder Witwen, unter der Bedingung,&nbsp;dass&nbsp;er selbst als erwerbsunf\u00e4hig anerkannt wird.&nbsp;Notfalls kann der Ehepartner eine Hinterbliebenenrente beziehen. Der Verstorbene sollte Empf\u00e4nger einer franz\u00f6sischen Invalidit\u00e4tsrente oder [&hellip;]","og_url":"https:\/\/frontaliers-grandest.eu\/de\/startseite\/grenzganger\/frankreich-deutschland\/sozialversicherung\/die-invaliditatsversicherung\/welche-anspruche-konnen-hinterbliebene-beim-tod-des-versicherten-geltend-machen\/","og_site_name":"Frontaliers Grand Est","article_publisher":"https:\/\/www.facebook.com\/frontaliers.GR.EST\/?locale=fr_FR","article_modified_time":"2021-06-07T10:32:51+00:00","twitter_card":"summary_large_image","twitter_misc":{"Gesch\u00e4tzte Lesezeit":"3\u00a0Minuten"},"schema":{"@context":"https:\/\/schema.org","@graph":[{"@type":"WebPage","@id":"https:\/\/frontaliers-grandest.eu\/de\/startseite\/grenzganger\/frankreich-deutschland\/sozialversicherung\/die-invaliditatsversicherung\/welche-anspruche-konnen-hinterbliebene-beim-tod-des-versicherten-geltend-machen\/","url":"https:\/\/frontaliers-grandest.eu\/de\/startseite\/grenzganger\/frankreich-deutschland\/sozialversicherung\/die-invaliditatsversicherung\/welche-anspruche-konnen-hinterbliebene-beim-tod-des-versicherten-geltend-machen\/","name":"Welche Anspr\u00fcche k\u00f6nnen Hinterbliebene beim Tod des Versicherten geltend machen? - Frontaliers Grand Est","isPartOf":{"@id":"https:\/\/frontaliers-grandest.eu\/de\/#website"},"datePublished":"2021-06-07T10:32:50+00:00","dateModified":"2021-06-07T10:32:51+00:00","breadcrumb":{"@id":"https:\/\/frontaliers-grandest.eu\/de\/startseite\/grenzganger\/frankreich-deutschland\/sozialversicherung\/die-invaliditatsversicherung\/welche-anspruche-konnen-hinterbliebene-beim-tod-des-versicherten-geltend-machen\/#breadcrumb"},"inLanguage":"de","potentialAction":[{"@type":"ReadAction","target":["https:\/\/frontaliers-grandest.eu\/de\/startseite\/grenzganger\/frankreich-deutschland\/sozialversicherung\/die-invaliditatsversicherung\/welche-anspruche-konnen-hinterbliebene-beim-tod-des-versicherten-geltend-machen\/"]}]},{"@type":"BreadcrumbList","@id":"https:\/\/frontaliers-grandest.eu\/de\/startseite\/grenzganger\/frankreich-deutschland\/sozialversicherung\/die-invaliditatsversicherung\/welche-anspruche-konnen-hinterbliebene-beim-tod-des-versicherten-geltend-machen\/#breadcrumb","itemListElement":[{"@type":"ListItem","position":1,"name":"Startseite","item":"https:\/\/frontaliers-grandest.eu\/de\/"},{"@type":"ListItem","position":2,"name":"Grenzg\u00e4nger","item":"https:\/\/frontaliers-grandest.eu\/de\/startseite\/grenzganger\/"},{"@type":"ListItem","position":3,"name":"Frankreich - Deutschland","item":"https:\/\/frontaliers-grandest.eu\/de\/startseite\/grenzganger\/frankreich-deutschland\/"},{"@type":"ListItem","position":4,"name":"Sozialversicherung in Deutschland","item":"https:\/\/frontaliers-grandest.eu\/de\/startseite\/grenzganger\/frankreich-deutschland\/sozialversicherung\/"},{"@type":"ListItem","position":5,"name":"Die Invalidit\u00e4tsversicherung","item":"https:\/\/frontaliers-grandest.eu\/de\/startseite\/grenzganger\/frankreich-deutschland\/sozialversicherung\/die-invaliditatsversicherung\/"},{"@type":"ListItem","position":6,"name":"Welche Anspr\u00fcche k\u00f6nnen Hinterbliebene beim Tod des Versicherten geltend machen?"}]},{"@type":"WebSite","@id":"https:\/\/frontaliers-grandest.eu\/de\/#website","url":"https:\/\/frontaliers-grandest.eu\/de\/","name":"Frontaliers Grand Est","description":"Le site ressource du travail frontalier","publisher":{"@id":"https:\/\/frontaliers-grandest.eu\/de\/#organization"},"alternateName":"Frontaliers Grand Est","potentialAction":[{"@type":"SearchAction","target":{"@type":"EntryPoint","urlTemplate":"https:\/\/frontaliers-grandest.eu\/de\/?s={search_term_string}"},"query-input":{"@type":"PropertyValueSpecification","valueRequired":true,"valueName":"search_term_string"}}],"inLanguage":"de"},{"@type":"Organization","@id":"https:\/\/frontaliers-grandest.eu\/de\/#organization","name":"Frontaliers Grand Est","alternateName":"Frontaliers Grand Est","url":"https:\/\/frontaliers-grandest.eu\/de\/","logo":{"@type":"ImageObject","inLanguage":"de","@id":"https:\/\/frontaliers-grandest.eu\/de\/#\/schema\/logo\/image\/","url":"https:\/\/frontaliers-grandest.eu\/wp-content\/uploads\/2025\/07\/260328234_2966785176920310_3332838526503858160_n.jpg","contentUrl":"https:\/\/frontaliers-grandest.eu\/wp-content\/uploads\/2025\/07\/260328234_2966785176920310_3332838526503858160_n.jpg","width":396,"height":396,"caption":"Frontaliers Grand Est"},"image":{"@id":"https:\/\/frontaliers-grandest.eu\/de\/#\/schema\/logo\/image\/"},"sameAs":["https:\/\/www.facebook.com\/frontaliers.GR.EST\/?locale=fr_FR"]}]}},"frge_page_order":0,"_links":{"self":[{"href":"https:\/\/frontaliers-grandest.eu\/de\/wp-json\/wp\/v2\/pages\/8174","targetHints":{"allow":["GET"]}}],"collection":[{"href":"https:\/\/frontaliers-grandest.eu\/de\/wp-json\/wp\/v2\/pages"}],"about":[{"href":"https:\/\/frontaliers-grandest.eu\/de\/wp-json\/wp\/v2\/types\/page"}],"author":[{"embeddable":true,"href":"https:\/\/frontaliers-grandest.eu\/de\/wp-json\/wp\/v2\/users\/7"}],"replies":[{"embeddable":true,"href":"https:\/\/frontaliers-grandest.eu\/de\/wp-json\/wp\/v2\/comments?post=8174"}],"version-history":[{"count":1,"href":"https:\/\/frontaliers-grandest.eu\/de\/wp-json\/wp\/v2\/pages\/8174\/revisions"}],"predecessor-version":[{"id":8175,"href":"https:\/\/frontaliers-grandest.eu\/de\/wp-json\/wp\/v2\/pages\/8174\/revisions\/8175"}],"up":[{"embeddable":true,"href":"https:\/\/frontaliers-grandest.eu\/de\/wp-json\/wp\/v2\/pages\/8086"}],"wp:attachment":[{"href":"https:\/\/frontaliers-grandest.eu\/de\/wp-json\/wp\/v2\/media?parent=8174"}],"wp:term":[{"taxonomy":"post_tag","embeddable":true,"href":"https:\/\/frontaliers-grandest.eu\/de\/wp-json\/wp\/v2\/tags?post=8174"},{"taxonomy":"frge_profile","embeddable":true,"href":"https:\/\/frontaliers-grandest.eu\/de\/wp-json\/wp\/v2\/frge_profile?post=8174"}],"curies":[{"name":"wp","href":"https:\/\/api.w.org\/{rel}","templated":true}]}}