{"id":8168,"date":"2021-06-07T12:27:37","date_gmt":"2021-06-07T10:27:37","guid":{"rendered":"https:\/\/frontaliers-grandest.eu\/?page_id=8168"},"modified":"2021-06-07T12:27:38","modified_gmt":"2021-06-07T10:27:38","slug":"kann-mich-mein-arbeitgeber-im-falle-einer-unfahigkeit-entlassen","status":"publish","type":"page","link":"https:\/\/frontaliers-grandest.eu\/de\/startseite\/grenzganger\/frankreich-deutschland\/sozialversicherung\/die-invaliditatsversicherung\/kann-mich-mein-arbeitgeber-im-falle-einer-unfahigkeit-entlassen\/","title":{"rendered":"Kann mich mein Arbeitgeber im Falle einer Unf\u00e4higkeit entlassen?"},"content":{"rendered":"\n<h4 class=\"wp-block-heading\"><strong>Bei Feststellung Ihrer Unf\u00e4higkeit zur Aus\u00fcbung Ihrer vorherigen Berufst\u00e4tigkeit<\/strong><\/h4>\n\n\n\n<p><strong>Sobald endg\u00fcltig nachgewiesen ist, dass keine weitere Verbesserung Ihres Gesundheitszustandes mehr m\u00f6glich ist,<\/strong>&nbsp;kann Ihr Arbeitgeber Ihnen k\u00fcndigen, weil Ihre Abwesenheit den laufenden Betrieb des Unternehmens stark beeintr\u00e4chtigt.<\/p>\n\n\n\n<p>Dennoch muss Ihr Arbeitgeber vor der K\u00fcndigung pr\u00fcfen, ob Ihre Umsetzung auf einen leidensgerechten Arbeitsplatz m\u00f6glich ist (anderweitige Besch\u00e4ftigung).<\/p>\n\n\n\n<p><strong>Ferner kann, soweit der f\u00fcr Sie geltende Tarifvertrag dies vorsieht,&nbsp;<\/strong>Ihr Arbeitsvertrag nach der Entscheidung \u00fcber die Gew\u00e4hrung Ihrer Erwerbsunf\u00e4higkeitsrente aufgel\u00f6st werden, ohne dass Ihr Arbeitgeber ein K\u00fcndigungsverfahren einleiten muss.<\/p>\n\n\n\n<p><strong>Sie m\u00fcssen so schnell wie m\u00f6glich<\/strong>&nbsp;Ihre Absicht zur Fortf\u00fchrung Ihrer Erwerbst\u00e4tigkeit in Ihrem Betrieb mitteilen. Ihr Arbeitgeber muss dann alles tun, um Ihre Wiedereingliederung zu erm\u00f6glichen.<\/p>\n","protected":false},"excerpt":{"rendered":"<p>Bei Feststellung Ihrer Unf\u00e4higkeit zur Aus\u00fcbung Ihrer vorherigen Berufst\u00e4tigkeit Sobald endg\u00fcltig nachgewiesen ist, dass keine weitere Verbesserung Ihres Gesundheitszustandes mehr m\u00f6glich ist,&nbsp;kann Ihr Arbeitgeber Ihnen k\u00fcndigen, weil Ihre Abwesenheit den laufenden Betrieb des Unternehmens stark beeintr\u00e4chtigt. Dennoch muss Ihr Arbeitgeber vor der K\u00fcndigung pr\u00fcfen, ob Ihre Umsetzung auf einen leidensgerechten Arbeitsplatz m\u00f6glich ist (anderweitige Besch\u00e4ftigung). [&hellip;]<\/p>\n","protected":false},"author":7,"featured_media":0,"parent":8086,"menu_order":3,"comment_status":"closed","ping_status":"closed","template":"","meta":{"inline_featured_image":false,"footnotes":""},"tags":[],"frge_profile":[],"class_list":["post-8168","page","type-page","status-publish","hentry"],"yoast_head":"<!-- This site is optimized with the Yoast SEO plugin v27.1.1 - https:\/\/yoast.com\/product\/yoast-seo-wordpress\/ -->\n<title>Kann mich mein Arbeitgeber im Falle einer Unf\u00e4higkeit entlassen? - Frontaliers Grand Est<\/title>\n<meta name=\"robots\" content=\"index, follow, max-snippet:-1, max-image-preview:large, max-video-preview:-1\" \/>\n<link rel=\"canonical\" href=\"https:\/\/frontaliers-grandest.eu\/de\/startseite\/grenzganger\/frankreich-deutschland\/sozialversicherung\/die-invaliditatsversicherung\/kann-mich-mein-arbeitgeber-im-falle-einer-unfahigkeit-entlassen\/\" \/>\n<meta property=\"og:locale\" content=\"de_DE\" \/>\n<meta property=\"og:type\" content=\"article\" \/>\n<meta property=\"og:title\" content=\"Kann mich mein Arbeitgeber im Falle einer Unf\u00e4higkeit entlassen? - Frontaliers Grand Est\" \/>\n<meta property=\"og:description\" content=\"Bei Feststellung Ihrer Unf\u00e4higkeit zur Aus\u00fcbung Ihrer vorherigen Berufst\u00e4tigkeit Sobald endg\u00fcltig nachgewiesen ist, dass keine weitere Verbesserung Ihres Gesundheitszustandes mehr m\u00f6glich ist,&nbsp;kann Ihr Arbeitgeber Ihnen k\u00fcndigen, weil Ihre Abwesenheit den laufenden Betrieb des Unternehmens stark beeintr\u00e4chtigt. Dennoch muss Ihr Arbeitgeber vor der K\u00fcndigung pr\u00fcfen, ob Ihre Umsetzung auf einen leidensgerechten Arbeitsplatz m\u00f6glich ist (anderweitige Besch\u00e4ftigung). [&hellip;]\" \/>\n<meta property=\"og:url\" content=\"https:\/\/frontaliers-grandest.eu\/de\/startseite\/grenzganger\/frankreich-deutschland\/sozialversicherung\/die-invaliditatsversicherung\/kann-mich-mein-arbeitgeber-im-falle-einer-unfahigkeit-entlassen\/\" \/>\n<meta property=\"og:site_name\" content=\"Frontaliers Grand Est\" \/>\n<meta property=\"article:publisher\" content=\"https:\/\/www.facebook.com\/frontaliers.GR.EST\/?locale=fr_FR\" \/>\n<meta property=\"article:modified_time\" content=\"2021-06-07T10:27:38+00:00\" \/>\n<meta name=\"twitter:card\" content=\"summary_large_image\" \/>\n<meta name=\"twitter:label1\" content=\"Gesch\u00e4tzte Lesezeit\" \/>\n\t<meta name=\"twitter:data1\" content=\"1\u00a0Minute\" \/>\n<script type=\"application\/ld+json\" class=\"yoast-schema-graph\">{\"@context\":\"https:\/\/schema.org\",\"@graph\":[{\"@type\":\"WebPage\",\"@id\":\"https:\/\/frontaliers-grandest.eu\/de\/startseite\/grenzganger\/frankreich-deutschland\/sozialversicherung\/die-invaliditatsversicherung\/kann-mich-mein-arbeitgeber-im-falle-einer-unfahigkeit-entlassen\/\",\"url\":\"https:\/\/frontaliers-grandest.eu\/de\/startseite\/grenzganger\/frankreich-deutschland\/sozialversicherung\/die-invaliditatsversicherung\/kann-mich-mein-arbeitgeber-im-falle-einer-unfahigkeit-entlassen\/\",\"name\":\"Kann mich mein Arbeitgeber im Falle einer Unf\u00e4higkeit entlassen? - Frontaliers Grand Est\",\"isPartOf\":{\"@id\":\"https:\/\/frontaliers-grandest.eu\/de\/#website\"},\"datePublished\":\"2021-06-07T10:27:37+00:00\",\"dateModified\":\"2021-06-07T10:27:38+00:00\",\"breadcrumb\":{\"@id\":\"https:\/\/frontaliers-grandest.eu\/de\/startseite\/grenzganger\/frankreich-deutschland\/sozialversicherung\/die-invaliditatsversicherung\/kann-mich-mein-arbeitgeber-im-falle-einer-unfahigkeit-entlassen\/#breadcrumb\"},\"inLanguage\":\"de\",\"potentialAction\":[{\"@type\":\"ReadAction\",\"target\":[\"https:\/\/frontaliers-grandest.eu\/de\/startseite\/grenzganger\/frankreich-deutschland\/sozialversicherung\/die-invaliditatsversicherung\/kann-mich-mein-arbeitgeber-im-falle-einer-unfahigkeit-entlassen\/\"]}]},{\"@type\":\"BreadcrumbList\",\"@id\":\"https:\/\/frontaliers-grandest.eu\/de\/startseite\/grenzganger\/frankreich-deutschland\/sozialversicherung\/die-invaliditatsversicherung\/kann-mich-mein-arbeitgeber-im-falle-einer-unfahigkeit-entlassen\/#breadcrumb\",\"itemListElement\":[{\"@type\":\"ListItem\",\"position\":1,\"name\":\"Startseite\",\"item\":\"https:\/\/frontaliers-grandest.eu\/de\/\"},{\"@type\":\"ListItem\",\"position\":2,\"name\":\"Grenzg\u00e4nger\",\"item\":\"https:\/\/frontaliers-grandest.eu\/de\/startseite\/grenzganger\/\"},{\"@type\":\"ListItem\",\"position\":3,\"name\":\"Frankreich - Deutschland\",\"item\":\"https:\/\/frontaliers-grandest.eu\/de\/startseite\/grenzganger\/frankreich-deutschland\/\"},{\"@type\":\"ListItem\",\"position\":4,\"name\":\"Sozialversicherung in Deutschland\",\"item\":\"https:\/\/frontaliers-grandest.eu\/de\/startseite\/grenzganger\/frankreich-deutschland\/sozialversicherung\/\"},{\"@type\":\"ListItem\",\"position\":5,\"name\":\"Die Invalidit\u00e4tsversicherung\",\"item\":\"https:\/\/frontaliers-grandest.eu\/de\/startseite\/grenzganger\/frankreich-deutschland\/sozialversicherung\/die-invaliditatsversicherung\/\"},{\"@type\":\"ListItem\",\"position\":6,\"name\":\"Kann mich mein Arbeitgeber im Falle einer Unf\u00e4higkeit entlassen?\"}]},{\"@type\":\"WebSite\",\"@id\":\"https:\/\/frontaliers-grandest.eu\/de\/#website\",\"url\":\"https:\/\/frontaliers-grandest.eu\/de\/\",\"name\":\"Frontaliers Grand Est\",\"description\":\"Le site ressource du travail frontalier\",\"publisher\":{\"@id\":\"https:\/\/frontaliers-grandest.eu\/de\/#organization\"},\"alternateName\":\"Frontaliers Grand Est\",\"potentialAction\":[{\"@type\":\"SearchAction\",\"target\":{\"@type\":\"EntryPoint\",\"urlTemplate\":\"https:\/\/frontaliers-grandest.eu\/de\/?s={search_term_string}\"},\"query-input\":{\"@type\":\"PropertyValueSpecification\",\"valueRequired\":true,\"valueName\":\"search_term_string\"}}],\"inLanguage\":\"de\"},{\"@type\":\"Organization\",\"@id\":\"https:\/\/frontaliers-grandest.eu\/de\/#organization\",\"name\":\"Frontaliers Grand Est\",\"alternateName\":\"Frontaliers Grand Est\",\"url\":\"https:\/\/frontaliers-grandest.eu\/de\/\",\"logo\":{\"@type\":\"ImageObject\",\"inLanguage\":\"de\",\"@id\":\"https:\/\/frontaliers-grandest.eu\/de\/#\/schema\/logo\/image\/\",\"url\":\"https:\/\/frontaliers-grandest.eu\/wp-content\/uploads\/2025\/07\/260328234_2966785176920310_3332838526503858160_n.jpg\",\"contentUrl\":\"https:\/\/frontaliers-grandest.eu\/wp-content\/uploads\/2025\/07\/260328234_2966785176920310_3332838526503858160_n.jpg\",\"width\":396,\"height\":396,\"caption\":\"Frontaliers Grand Est\"},\"image\":{\"@id\":\"https:\/\/frontaliers-grandest.eu\/de\/#\/schema\/logo\/image\/\"},\"sameAs\":[\"https:\/\/www.facebook.com\/frontaliers.GR.EST\/?locale=fr_FR\"]}]}<\/script>\n<!-- \/ Yoast SEO plugin. -->","yoast_head_json":{"title":"Kann mich mein Arbeitgeber im Falle einer Unf\u00e4higkeit entlassen? - Frontaliers Grand Est","robots":{"index":"index","follow":"follow","max-snippet":"max-snippet:-1","max-image-preview":"max-image-preview:large","max-video-preview":"max-video-preview:-1"},"canonical":"https:\/\/frontaliers-grandest.eu\/de\/startseite\/grenzganger\/frankreich-deutschland\/sozialversicherung\/die-invaliditatsversicherung\/kann-mich-mein-arbeitgeber-im-falle-einer-unfahigkeit-entlassen\/","og_locale":"de_DE","og_type":"article","og_title":"Kann mich mein Arbeitgeber im Falle einer Unf\u00e4higkeit entlassen? - Frontaliers Grand Est","og_description":"Bei Feststellung Ihrer Unf\u00e4higkeit zur Aus\u00fcbung Ihrer vorherigen Berufst\u00e4tigkeit Sobald endg\u00fcltig nachgewiesen ist, dass keine weitere Verbesserung Ihres Gesundheitszustandes mehr m\u00f6glich ist,&nbsp;kann Ihr Arbeitgeber Ihnen k\u00fcndigen, weil Ihre Abwesenheit den laufenden Betrieb des Unternehmens stark beeintr\u00e4chtigt. Dennoch muss Ihr Arbeitgeber vor der K\u00fcndigung pr\u00fcfen, ob Ihre Umsetzung auf einen leidensgerechten Arbeitsplatz m\u00f6glich ist (anderweitige Besch\u00e4ftigung). [&hellip;]","og_url":"https:\/\/frontaliers-grandest.eu\/de\/startseite\/grenzganger\/frankreich-deutschland\/sozialversicherung\/die-invaliditatsversicherung\/kann-mich-mein-arbeitgeber-im-falle-einer-unfahigkeit-entlassen\/","og_site_name":"Frontaliers Grand Est","article_publisher":"https:\/\/www.facebook.com\/frontaliers.GR.EST\/?locale=fr_FR","article_modified_time":"2021-06-07T10:27:38+00:00","twitter_card":"summary_large_image","twitter_misc":{"Gesch\u00e4tzte Lesezeit":"1\u00a0Minute"},"schema":{"@context":"https:\/\/schema.org","@graph":[{"@type":"WebPage","@id":"https:\/\/frontaliers-grandest.eu\/de\/startseite\/grenzganger\/frankreich-deutschland\/sozialversicherung\/die-invaliditatsversicherung\/kann-mich-mein-arbeitgeber-im-falle-einer-unfahigkeit-entlassen\/","url":"https:\/\/frontaliers-grandest.eu\/de\/startseite\/grenzganger\/frankreich-deutschland\/sozialversicherung\/die-invaliditatsversicherung\/kann-mich-mein-arbeitgeber-im-falle-einer-unfahigkeit-entlassen\/","name":"Kann mich mein Arbeitgeber im Falle einer Unf\u00e4higkeit entlassen? - Frontaliers Grand Est","isPartOf":{"@id":"https:\/\/frontaliers-grandest.eu\/de\/#website"},"datePublished":"2021-06-07T10:27:37+00:00","dateModified":"2021-06-07T10:27:38+00:00","breadcrumb":{"@id":"https:\/\/frontaliers-grandest.eu\/de\/startseite\/grenzganger\/frankreich-deutschland\/sozialversicherung\/die-invaliditatsversicherung\/kann-mich-mein-arbeitgeber-im-falle-einer-unfahigkeit-entlassen\/#breadcrumb"},"inLanguage":"de","potentialAction":[{"@type":"ReadAction","target":["https:\/\/frontaliers-grandest.eu\/de\/startseite\/grenzganger\/frankreich-deutschland\/sozialversicherung\/die-invaliditatsversicherung\/kann-mich-mein-arbeitgeber-im-falle-einer-unfahigkeit-entlassen\/"]}]},{"@type":"BreadcrumbList","@id":"https:\/\/frontaliers-grandest.eu\/de\/startseite\/grenzganger\/frankreich-deutschland\/sozialversicherung\/die-invaliditatsversicherung\/kann-mich-mein-arbeitgeber-im-falle-einer-unfahigkeit-entlassen\/#breadcrumb","itemListElement":[{"@type":"ListItem","position":1,"name":"Startseite","item":"https:\/\/frontaliers-grandest.eu\/de\/"},{"@type":"ListItem","position":2,"name":"Grenzg\u00e4nger","item":"https:\/\/frontaliers-grandest.eu\/de\/startseite\/grenzganger\/"},{"@type":"ListItem","position":3,"name":"Frankreich - Deutschland","item":"https:\/\/frontaliers-grandest.eu\/de\/startseite\/grenzganger\/frankreich-deutschland\/"},{"@type":"ListItem","position":4,"name":"Sozialversicherung in Deutschland","item":"https:\/\/frontaliers-grandest.eu\/de\/startseite\/grenzganger\/frankreich-deutschland\/sozialversicherung\/"},{"@type":"ListItem","position":5,"name":"Die Invalidit\u00e4tsversicherung","item":"https:\/\/frontaliers-grandest.eu\/de\/startseite\/grenzganger\/frankreich-deutschland\/sozialversicherung\/die-invaliditatsversicherung\/"},{"@type":"ListItem","position":6,"name":"Kann mich mein Arbeitgeber im Falle einer Unf\u00e4higkeit entlassen?"}]},{"@type":"WebSite","@id":"https:\/\/frontaliers-grandest.eu\/de\/#website","url":"https:\/\/frontaliers-grandest.eu\/de\/","name":"Frontaliers Grand Est","description":"Le site ressource du travail frontalier","publisher":{"@id":"https:\/\/frontaliers-grandest.eu\/de\/#organization"},"alternateName":"Frontaliers Grand Est","potentialAction":[{"@type":"SearchAction","target":{"@type":"EntryPoint","urlTemplate":"https:\/\/frontaliers-grandest.eu\/de\/?s={search_term_string}"},"query-input":{"@type":"PropertyValueSpecification","valueRequired":true,"valueName":"search_term_string"}}],"inLanguage":"de"},{"@type":"Organization","@id":"https:\/\/frontaliers-grandest.eu\/de\/#organization","name":"Frontaliers Grand Est","alternateName":"Frontaliers Grand Est","url":"https:\/\/frontaliers-grandest.eu\/de\/","logo":{"@type":"ImageObject","inLanguage":"de","@id":"https:\/\/frontaliers-grandest.eu\/de\/#\/schema\/logo\/image\/","url":"https:\/\/frontaliers-grandest.eu\/wp-content\/uploads\/2025\/07\/260328234_2966785176920310_3332838526503858160_n.jpg","contentUrl":"https:\/\/frontaliers-grandest.eu\/wp-content\/uploads\/2025\/07\/260328234_2966785176920310_3332838526503858160_n.jpg","width":396,"height":396,"caption":"Frontaliers Grand Est"},"image":{"@id":"https:\/\/frontaliers-grandest.eu\/de\/#\/schema\/logo\/image\/"},"sameAs":["https:\/\/www.facebook.com\/frontaliers.GR.EST\/?locale=fr_FR"]}]}},"frge_page_order":0,"_links":{"self":[{"href":"https:\/\/frontaliers-grandest.eu\/de\/wp-json\/wp\/v2\/pages\/8168","targetHints":{"allow":["GET"]}}],"collection":[{"href":"https:\/\/frontaliers-grandest.eu\/de\/wp-json\/wp\/v2\/pages"}],"about":[{"href":"https:\/\/frontaliers-grandest.eu\/de\/wp-json\/wp\/v2\/types\/page"}],"author":[{"embeddable":true,"href":"https:\/\/frontaliers-grandest.eu\/de\/wp-json\/wp\/v2\/users\/7"}],"replies":[{"embeddable":true,"href":"https:\/\/frontaliers-grandest.eu\/de\/wp-json\/wp\/v2\/comments?post=8168"}],"version-history":[{"count":1,"href":"https:\/\/frontaliers-grandest.eu\/de\/wp-json\/wp\/v2\/pages\/8168\/revisions"}],"predecessor-version":[{"id":8169,"href":"https:\/\/frontaliers-grandest.eu\/de\/wp-json\/wp\/v2\/pages\/8168\/revisions\/8169"}],"up":[{"embeddable":true,"href":"https:\/\/frontaliers-grandest.eu\/de\/wp-json\/wp\/v2\/pages\/8086"}],"wp:attachment":[{"href":"https:\/\/frontaliers-grandest.eu\/de\/wp-json\/wp\/v2\/media?parent=8168"}],"wp:term":[{"taxonomy":"post_tag","embeddable":true,"href":"https:\/\/frontaliers-grandest.eu\/de\/wp-json\/wp\/v2\/tags?post=8168"},{"taxonomy":"frge_profile","embeddable":true,"href":"https:\/\/frontaliers-grandest.eu\/de\/wp-json\/wp\/v2\/frge_profile?post=8168"}],"curies":[{"name":"wp","href":"https:\/\/api.w.org\/{rel}","templated":true}]}}