{"id":8166,"date":"2021-06-07T12:25:53","date_gmt":"2021-06-07T10:25:53","guid":{"rendered":"https:\/\/frontaliers-grandest.eu\/?page_id=8166"},"modified":"2021-06-07T12:25:54","modified_gmt":"2021-06-07T10:25:54","slug":"welches-land-wird-mir-meine-invaliditatsrente-bezahlen","status":"publish","type":"page","link":"https:\/\/frontaliers-grandest.eu\/de\/startseite\/grenzganger\/frankreich-deutschland\/sozialversicherung\/die-invaliditatsversicherung\/welches-land-wird-mir-meine-invaliditatsrente-bezahlen\/","title":{"rendered":"Welches Land wird mir meine Invalidit\u00e4tsrente bezahlen?"},"content":{"rendered":"\n<h3 class=\"wp-block-heading\"><strong>Europa\u00efsche Vorschriften<\/strong><\/h3>\n\n\n\n<p>Die Liquidation und die Regeln f\u00fcr die Berechnung der Invalidenrenten liegen dem Titel III Kapitel 4 und 5 der EG-Verordnung 883\/2004 vor. Jedes Land beh\u00e4lt seine eigenen Regeln, die Voraussetzungen zu bestimmen, unter denen eine Rente gew\u00e4hrt werden kann.<\/p>\n\n\n\n<h5 class=\"wp-block-heading\"><strong>Es gibt zwei Sozialversicherungssysteme:<\/strong><\/h5>\n\n\n\n<ul class=\"wp-block-list\"><li>In einigen Staaten h\u00e4ngt der Invalidenrente n<strong>icht von der Beitragsdauer ab, sondern von der Tatsache<\/strong>, dass zum Zeitpunkt des Auftretens der Behinderung die Person versichert wurde(dieses System ist Typ-A-Land genannt).<\/li><li>In anderen Staaten h\u00e4ngt<strong>&nbsp;die H\u00f6he der Rente von der Beitragsdauer im Moment<\/strong>, wenn die Behinderung aufgetreten wird (Typ-B).<\/li><\/ul>\n\n\n\n<p>Mit dem Inkrafttreten der EG-Verordnung 883\/2004 am 1. Mai 2010,\u00a0<strong>Deutschland und Frankreich fallen in die Kategorie Typ-B.<\/strong>\u00a0Folglich wird die Invalidenrente als eine Altersrente berechnet (um die Berechnungsmethode einzusehen, k\u00f6nnen Sie das Thema \u201eAltersversicherung\u201c konsultieren).<\/p>\n\n\n\n<h3 class=\"wp-block-heading\"><strong>Wie berechnet sich meine Rente ?<\/strong><\/h3>\n\n\n\n<p>Sobald Sie Ihren Rentenantrag f\u00fcr Behinderung bei Ihrer kompetenten Kasse in Frankreich gestellt haben, werden die franz\u00f6sischen und deutschen Kassen die H\u00f6he Ihrer Rente berechnen.<\/p>\n\n\n\n<h4 class=\"wp-block-heading\"><strong>Franz\u00f6sische Rente<\/strong><\/h4>\n\n\n\n<h5 class=\"wp-block-heading\"><strong>Die Rentenkasse Ihres Wohnsitzes wird zuerst&nbsp; vergleichen und dann berechnen:<\/strong><\/h5>\n\n\n\n<p><strong>Zuerst erfolgt die Ermittlung der inl\u00e4ndischen Rente,<\/strong>&nbsp;die nach den franz\u00f6sischen Rechtsvorschriften berechnet wird;<\/p>\n\n\n\n<p>Danach&nbsp;<strong>erfolgt die Ermittlung der gemeinschaftlichen Rente<\/strong>. Daf\u00fcr muss zuerst die theoretische Gesamtrente des Versicherten so berechnet werden, als w\u00e4ren alle Beitragsjahre im jeweiligen Staatsgebiet zur\u00fcckgelegt worden, danach wird diese Gesamtrente anteilig um die im Gebiet des zust\u00e4ndigen Staates zur\u00fcckgelegten Zeiten gek\u00fcrzt.<\/p>\n\n\n\n<p>Schlie\u00dflich vergleicht der franz\u00f6sische Tr\u00e4ger die franz\u00f6sische Rente mit der gemeinschaftlichen Rente und z<strong>ahlt dann den g\u00fcnstigsten Betrag aus,<\/strong>&nbsp;d.h. den h\u00f6chsten Betrag zwischen der einzelstaatlichen oder gemeinschaftlichen Rente.<\/p>\n\n\n\n<h4 class=\"wp-block-heading\"><strong>Deutsche Rente\u00a0<\/strong><\/h4>\n\n\n\n<h5 class=\"wp-block-heading\"><strong>Die monatliche H\u00f6he Ihrer Rente ergibt sich aus einer Formel mit folgenden Gr\u00f6\u00dfen<\/strong>:<\/h5>\n\n\n\n<ul class=\"wp-block-list\"><li><strong>Pers\u00f6nliche Entgeltpunkte (PEP):<\/strong>&nbsp;Sie werden mit dem Zugangsfaktor multipliziert (Der Zugangsfaktor betr\u00e4gt je nach Jahrgang bzw. Renteneintritt mit 65 oder 67 Jahren 1. Er ist niedriger als 1 bei Vorruhestand und h\u00f6her als 1, wenn eine Rente nach Vollendung des 65. bzw. 67. Lebensjahres in Anspruch genommen wird);<\/li><li><strong>Rentenartfaktor (RAF):<\/strong>&nbsp;Er betr\u00e4gt 1 bei einer vollen Erwerbsminderungsrente, 0,5 bei einer halben Erwerbsminderungsrente, 0,55 bei einer Witwen-\/Witwerrente<\/li><li>und&nbsp;<strong>aktueller Rentenwert(AR):<\/strong>&nbsp;Es handelt sich um den Betrag, den ein Versicherter mit einem Durchschnittseinkommen f\u00fcr ein Jahr Beitragszahlung erh\u00e4lt:&nbsp;31,85\u20ac (alte L\u00e4ndern) und 33,05 \u20ac (neue L\u00e4ndern)&nbsp;Euro\/Monat<\/li><\/ul>\n\n\n\n<h5 class=\"wp-block-heading\"><strong>Monatlicher Rentenbetrag = PEP X RAF X AR<\/strong><\/h5>\n\n\n\n<p><strong>Es gibt keine Mindest- oder H\u00f6chstrente.&nbsp;<\/strong>Die deutsche Rentenkasse soll die Sozialversicherungsbeitr\u00e4ge in Anspruch nehmen, auch wenn sie au\u00dferhalb von f\u00fcnfzehn Referenzjahren vor dem Ruhestand fallen.<\/p>\n\n\n\n<p>Ihre Rente wird j\u00e4hrlich am 1. Juli eingestellt werden, je nach dem Lebensniveau, d.h. den deutschen L\u00f6hnen, und der Zahl der Rentner in Deutschland im Vergleich zu der Zahl der Arbeitnehmer, die an Versicherungsbeitragen zahlen.<\/p>\n\n\n\n<p><strong>Sie k\u00f6nnen bei Ihrer deutschen Rentenversicherung eine Aufzeichnung von Versicherungskontobeantragen.<\/strong><\/p>\n\n\n\n<h4 class=\"wp-block-heading\"><strong>Was passiert wenn Sie weniger als 1 Jahr in Deutschland die Versicherungsbeitragen bezahlt haben ?\u00a0<\/strong><\/h4>\n\n\n\n<p>Sie haben keinen Anspruch auf deutsche Rente, aber diese Versicherungsdauer wird f\u00fcr die Berechnung Ihrer Franz\u00f6sisch Rente ber\u00fccksichtigt werden.<\/p>\n","protected":false},"excerpt":{"rendered":"<p>Europa\u00efsche Vorschriften Die Liquidation und die Regeln f\u00fcr die Berechnung der Invalidenrenten liegen dem Titel III Kapitel 4 und 5 der EG-Verordnung 883\/2004 vor. Jedes Land beh\u00e4lt seine eigenen Regeln, die Voraussetzungen zu bestimmen, unter denen eine Rente gew\u00e4hrt werden kann. Es gibt zwei Sozialversicherungssysteme: In einigen Staaten h\u00e4ngt der Invalidenrente nicht von der Beitragsdauer [&hellip;]<\/p>\n","protected":false},"author":7,"featured_media":0,"parent":8086,"menu_order":2,"comment_status":"closed","ping_status":"closed","template":"","meta":{"inline_featured_image":false,"footnotes":""},"tags":[],"frge_profile":[],"class_list":["post-8166","page","type-page","status-publish","hentry"],"yoast_head":"<!-- This site is optimized with the Yoast SEO plugin v27.1.1 - https:\/\/yoast.com\/product\/yoast-seo-wordpress\/ -->\n<title>Welches Land wird mir meine Invalidit\u00e4tsrente bezahlen? - Frontaliers Grand Est<\/title>\n<meta name=\"robots\" content=\"index, follow, max-snippet:-1, max-image-preview:large, max-video-preview:-1\" \/>\n<link rel=\"canonical\" href=\"https:\/\/frontaliers-grandest.eu\/de\/startseite\/grenzganger\/frankreich-deutschland\/sozialversicherung\/die-invaliditatsversicherung\/welches-land-wird-mir-meine-invaliditatsrente-bezahlen\/\" \/>\n<meta property=\"og:locale\" content=\"de_DE\" \/>\n<meta property=\"og:type\" content=\"article\" \/>\n<meta property=\"og:title\" content=\"Welches Land wird mir meine Invalidit\u00e4tsrente bezahlen? - Frontaliers Grand Est\" \/>\n<meta property=\"og:description\" content=\"Europa\u00efsche Vorschriften Die Liquidation und die Regeln f\u00fcr die Berechnung der Invalidenrenten liegen dem Titel III Kapitel 4 und 5 der EG-Verordnung 883\/2004 vor. Jedes Land beh\u00e4lt seine eigenen Regeln, die Voraussetzungen zu bestimmen, unter denen eine Rente gew\u00e4hrt werden kann. Es gibt zwei Sozialversicherungssysteme: In einigen Staaten h\u00e4ngt der Invalidenrente nicht von der Beitragsdauer [&hellip;]\" \/>\n<meta property=\"og:url\" content=\"https:\/\/frontaliers-grandest.eu\/de\/startseite\/grenzganger\/frankreich-deutschland\/sozialversicherung\/die-invaliditatsversicherung\/welches-land-wird-mir-meine-invaliditatsrente-bezahlen\/\" \/>\n<meta property=\"og:site_name\" content=\"Frontaliers Grand Est\" \/>\n<meta property=\"article:publisher\" content=\"https:\/\/www.facebook.com\/frontaliers.GR.EST\/?locale=fr_FR\" \/>\n<meta property=\"article:modified_time\" content=\"2021-06-07T10:25:54+00:00\" \/>\n<meta name=\"twitter:card\" content=\"summary_large_image\" \/>\n<meta name=\"twitter:label1\" content=\"Gesch\u00e4tzte Lesezeit\" \/>\n\t<meta name=\"twitter:data1\" content=\"3\u00a0Minuten\" \/>\n<script type=\"application\/ld+json\" class=\"yoast-schema-graph\">{\"@context\":\"https:\/\/schema.org\",\"@graph\":[{\"@type\":\"WebPage\",\"@id\":\"https:\/\/frontaliers-grandest.eu\/de\/startseite\/grenzganger\/frankreich-deutschland\/sozialversicherung\/die-invaliditatsversicherung\/welches-land-wird-mir-meine-invaliditatsrente-bezahlen\/\",\"url\":\"https:\/\/frontaliers-grandest.eu\/de\/startseite\/grenzganger\/frankreich-deutschland\/sozialversicherung\/die-invaliditatsversicherung\/welches-land-wird-mir-meine-invaliditatsrente-bezahlen\/\",\"name\":\"Welches Land wird mir meine Invalidit\u00e4tsrente bezahlen? - Frontaliers Grand Est\",\"isPartOf\":{\"@id\":\"https:\/\/frontaliers-grandest.eu\/de\/#website\"},\"datePublished\":\"2021-06-07T10:25:53+00:00\",\"dateModified\":\"2021-06-07T10:25:54+00:00\",\"breadcrumb\":{\"@id\":\"https:\/\/frontaliers-grandest.eu\/de\/startseite\/grenzganger\/frankreich-deutschland\/sozialversicherung\/die-invaliditatsversicherung\/welches-land-wird-mir-meine-invaliditatsrente-bezahlen\/#breadcrumb\"},\"inLanguage\":\"de\",\"potentialAction\":[{\"@type\":\"ReadAction\",\"target\":[\"https:\/\/frontaliers-grandest.eu\/de\/startseite\/grenzganger\/frankreich-deutschland\/sozialversicherung\/die-invaliditatsversicherung\/welches-land-wird-mir-meine-invaliditatsrente-bezahlen\/\"]}]},{\"@type\":\"BreadcrumbList\",\"@id\":\"https:\/\/frontaliers-grandest.eu\/de\/startseite\/grenzganger\/frankreich-deutschland\/sozialversicherung\/die-invaliditatsversicherung\/welches-land-wird-mir-meine-invaliditatsrente-bezahlen\/#breadcrumb\",\"itemListElement\":[{\"@type\":\"ListItem\",\"position\":1,\"name\":\"Startseite\",\"item\":\"https:\/\/frontaliers-grandest.eu\/de\/\"},{\"@type\":\"ListItem\",\"position\":2,\"name\":\"Grenzg\u00e4nger\",\"item\":\"https:\/\/frontaliers-grandest.eu\/de\/startseite\/grenzganger\/\"},{\"@type\":\"ListItem\",\"position\":3,\"name\":\"Frankreich - Deutschland\",\"item\":\"https:\/\/frontaliers-grandest.eu\/de\/startseite\/grenzganger\/frankreich-deutschland\/\"},{\"@type\":\"ListItem\",\"position\":4,\"name\":\"Sozialversicherung in Deutschland\",\"item\":\"https:\/\/frontaliers-grandest.eu\/de\/startseite\/grenzganger\/frankreich-deutschland\/sozialversicherung\/\"},{\"@type\":\"ListItem\",\"position\":5,\"name\":\"Die Invalidit\u00e4tsversicherung\",\"item\":\"https:\/\/frontaliers-grandest.eu\/de\/startseite\/grenzganger\/frankreich-deutschland\/sozialversicherung\/die-invaliditatsversicherung\/\"},{\"@type\":\"ListItem\",\"position\":6,\"name\":\"Welches Land wird mir meine Invalidit\u00e4tsrente bezahlen?\"}]},{\"@type\":\"WebSite\",\"@id\":\"https:\/\/frontaliers-grandest.eu\/de\/#website\",\"url\":\"https:\/\/frontaliers-grandest.eu\/de\/\",\"name\":\"Frontaliers Grand Est\",\"description\":\"Le site ressource du travail frontalier\",\"publisher\":{\"@id\":\"https:\/\/frontaliers-grandest.eu\/de\/#organization\"},\"alternateName\":\"Frontaliers Grand Est\",\"potentialAction\":[{\"@type\":\"SearchAction\",\"target\":{\"@type\":\"EntryPoint\",\"urlTemplate\":\"https:\/\/frontaliers-grandest.eu\/de\/?s={search_term_string}\"},\"query-input\":{\"@type\":\"PropertyValueSpecification\",\"valueRequired\":true,\"valueName\":\"search_term_string\"}}],\"inLanguage\":\"de\"},{\"@type\":\"Organization\",\"@id\":\"https:\/\/frontaliers-grandest.eu\/de\/#organization\",\"name\":\"Frontaliers Grand Est\",\"alternateName\":\"Frontaliers Grand Est\",\"url\":\"https:\/\/frontaliers-grandest.eu\/de\/\",\"logo\":{\"@type\":\"ImageObject\",\"inLanguage\":\"de\",\"@id\":\"https:\/\/frontaliers-grandest.eu\/de\/#\/schema\/logo\/image\/\",\"url\":\"https:\/\/frontaliers-grandest.eu\/wp-content\/uploads\/2025\/07\/260328234_2966785176920310_3332838526503858160_n.jpg\",\"contentUrl\":\"https:\/\/frontaliers-grandest.eu\/wp-content\/uploads\/2025\/07\/260328234_2966785176920310_3332838526503858160_n.jpg\",\"width\":396,\"height\":396,\"caption\":\"Frontaliers Grand Est\"},\"image\":{\"@id\":\"https:\/\/frontaliers-grandest.eu\/de\/#\/schema\/logo\/image\/\"},\"sameAs\":[\"https:\/\/www.facebook.com\/frontaliers.GR.EST\/?locale=fr_FR\"]}]}<\/script>\n<!-- \/ Yoast SEO plugin. -->","yoast_head_json":{"title":"Welches Land wird mir meine Invalidit\u00e4tsrente bezahlen? - Frontaliers Grand Est","robots":{"index":"index","follow":"follow","max-snippet":"max-snippet:-1","max-image-preview":"max-image-preview:large","max-video-preview":"max-video-preview:-1"},"canonical":"https:\/\/frontaliers-grandest.eu\/de\/startseite\/grenzganger\/frankreich-deutschland\/sozialversicherung\/die-invaliditatsversicherung\/welches-land-wird-mir-meine-invaliditatsrente-bezahlen\/","og_locale":"de_DE","og_type":"article","og_title":"Welches Land wird mir meine Invalidit\u00e4tsrente bezahlen? - Frontaliers Grand Est","og_description":"Europa\u00efsche Vorschriften Die Liquidation und die Regeln f\u00fcr die Berechnung der Invalidenrenten liegen dem Titel III Kapitel 4 und 5 der EG-Verordnung 883\/2004 vor. Jedes Land beh\u00e4lt seine eigenen Regeln, die Voraussetzungen zu bestimmen, unter denen eine Rente gew\u00e4hrt werden kann. Es gibt zwei Sozialversicherungssysteme: In einigen Staaten h\u00e4ngt der Invalidenrente nicht von der Beitragsdauer [&hellip;]","og_url":"https:\/\/frontaliers-grandest.eu\/de\/startseite\/grenzganger\/frankreich-deutschland\/sozialversicherung\/die-invaliditatsversicherung\/welches-land-wird-mir-meine-invaliditatsrente-bezahlen\/","og_site_name":"Frontaliers Grand Est","article_publisher":"https:\/\/www.facebook.com\/frontaliers.GR.EST\/?locale=fr_FR","article_modified_time":"2021-06-07T10:25:54+00:00","twitter_card":"summary_large_image","twitter_misc":{"Gesch\u00e4tzte Lesezeit":"3\u00a0Minuten"},"schema":{"@context":"https:\/\/schema.org","@graph":[{"@type":"WebPage","@id":"https:\/\/frontaliers-grandest.eu\/de\/startseite\/grenzganger\/frankreich-deutschland\/sozialversicherung\/die-invaliditatsversicherung\/welches-land-wird-mir-meine-invaliditatsrente-bezahlen\/","url":"https:\/\/frontaliers-grandest.eu\/de\/startseite\/grenzganger\/frankreich-deutschland\/sozialversicherung\/die-invaliditatsversicherung\/welches-land-wird-mir-meine-invaliditatsrente-bezahlen\/","name":"Welches Land wird mir meine Invalidit\u00e4tsrente bezahlen? - Frontaliers Grand Est","isPartOf":{"@id":"https:\/\/frontaliers-grandest.eu\/de\/#website"},"datePublished":"2021-06-07T10:25:53+00:00","dateModified":"2021-06-07T10:25:54+00:00","breadcrumb":{"@id":"https:\/\/frontaliers-grandest.eu\/de\/startseite\/grenzganger\/frankreich-deutschland\/sozialversicherung\/die-invaliditatsversicherung\/welches-land-wird-mir-meine-invaliditatsrente-bezahlen\/#breadcrumb"},"inLanguage":"de","potentialAction":[{"@type":"ReadAction","target":["https:\/\/frontaliers-grandest.eu\/de\/startseite\/grenzganger\/frankreich-deutschland\/sozialversicherung\/die-invaliditatsversicherung\/welches-land-wird-mir-meine-invaliditatsrente-bezahlen\/"]}]},{"@type":"BreadcrumbList","@id":"https:\/\/frontaliers-grandest.eu\/de\/startseite\/grenzganger\/frankreich-deutschland\/sozialversicherung\/die-invaliditatsversicherung\/welches-land-wird-mir-meine-invaliditatsrente-bezahlen\/#breadcrumb","itemListElement":[{"@type":"ListItem","position":1,"name":"Startseite","item":"https:\/\/frontaliers-grandest.eu\/de\/"},{"@type":"ListItem","position":2,"name":"Grenzg\u00e4nger","item":"https:\/\/frontaliers-grandest.eu\/de\/startseite\/grenzganger\/"},{"@type":"ListItem","position":3,"name":"Frankreich - Deutschland","item":"https:\/\/frontaliers-grandest.eu\/de\/startseite\/grenzganger\/frankreich-deutschland\/"},{"@type":"ListItem","position":4,"name":"Sozialversicherung in Deutschland","item":"https:\/\/frontaliers-grandest.eu\/de\/startseite\/grenzganger\/frankreich-deutschland\/sozialversicherung\/"},{"@type":"ListItem","position":5,"name":"Die Invalidit\u00e4tsversicherung","item":"https:\/\/frontaliers-grandest.eu\/de\/startseite\/grenzganger\/frankreich-deutschland\/sozialversicherung\/die-invaliditatsversicherung\/"},{"@type":"ListItem","position":6,"name":"Welches Land wird mir meine Invalidit\u00e4tsrente bezahlen?"}]},{"@type":"WebSite","@id":"https:\/\/frontaliers-grandest.eu\/de\/#website","url":"https:\/\/frontaliers-grandest.eu\/de\/","name":"Frontaliers Grand Est","description":"Le site ressource du travail frontalier","publisher":{"@id":"https:\/\/frontaliers-grandest.eu\/de\/#organization"},"alternateName":"Frontaliers Grand Est","potentialAction":[{"@type":"SearchAction","target":{"@type":"EntryPoint","urlTemplate":"https:\/\/frontaliers-grandest.eu\/de\/?s={search_term_string}"},"query-input":{"@type":"PropertyValueSpecification","valueRequired":true,"valueName":"search_term_string"}}],"inLanguage":"de"},{"@type":"Organization","@id":"https:\/\/frontaliers-grandest.eu\/de\/#organization","name":"Frontaliers Grand Est","alternateName":"Frontaliers Grand Est","url":"https:\/\/frontaliers-grandest.eu\/de\/","logo":{"@type":"ImageObject","inLanguage":"de","@id":"https:\/\/frontaliers-grandest.eu\/de\/#\/schema\/logo\/image\/","url":"https:\/\/frontaliers-grandest.eu\/wp-content\/uploads\/2025\/07\/260328234_2966785176920310_3332838526503858160_n.jpg","contentUrl":"https:\/\/frontaliers-grandest.eu\/wp-content\/uploads\/2025\/07\/260328234_2966785176920310_3332838526503858160_n.jpg","width":396,"height":396,"caption":"Frontaliers Grand Est"},"image":{"@id":"https:\/\/frontaliers-grandest.eu\/de\/#\/schema\/logo\/image\/"},"sameAs":["https:\/\/www.facebook.com\/frontaliers.GR.EST\/?locale=fr_FR"]}]}},"frge_page_order":0,"_links":{"self":[{"href":"https:\/\/frontaliers-grandest.eu\/de\/wp-json\/wp\/v2\/pages\/8166","targetHints":{"allow":["GET"]}}],"collection":[{"href":"https:\/\/frontaliers-grandest.eu\/de\/wp-json\/wp\/v2\/pages"}],"about":[{"href":"https:\/\/frontaliers-grandest.eu\/de\/wp-json\/wp\/v2\/types\/page"}],"author":[{"embeddable":true,"href":"https:\/\/frontaliers-grandest.eu\/de\/wp-json\/wp\/v2\/users\/7"}],"replies":[{"embeddable":true,"href":"https:\/\/frontaliers-grandest.eu\/de\/wp-json\/wp\/v2\/comments?post=8166"}],"version-history":[{"count":1,"href":"https:\/\/frontaliers-grandest.eu\/de\/wp-json\/wp\/v2\/pages\/8166\/revisions"}],"predecessor-version":[{"id":8167,"href":"https:\/\/frontaliers-grandest.eu\/de\/wp-json\/wp\/v2\/pages\/8166\/revisions\/8167"}],"up":[{"embeddable":true,"href":"https:\/\/frontaliers-grandest.eu\/de\/wp-json\/wp\/v2\/pages\/8086"}],"wp:attachment":[{"href":"https:\/\/frontaliers-grandest.eu\/de\/wp-json\/wp\/v2\/media?parent=8166"}],"wp:term":[{"taxonomy":"post_tag","embeddable":true,"href":"https:\/\/frontaliers-grandest.eu\/de\/wp-json\/wp\/v2\/tags?post=8166"},{"taxonomy":"frge_profile","embeddable":true,"href":"https:\/\/frontaliers-grandest.eu\/de\/wp-json\/wp\/v2\/frge_profile?post=8166"}],"curies":[{"name":"wp","href":"https:\/\/api.w.org\/{rel}","templated":true}]}}