{"id":8163,"date":"2021-06-07T12:22:26","date_gmt":"2021-06-07T10:22:26","guid":{"rendered":"https:\/\/frontaliers-grandest.eu\/?page_id=8163"},"modified":"2023-07-12T12:35:52","modified_gmt":"2023-07-12T10:35:52","slug":"wie-werden-mein-erwerbsminderungsgrad-und-die-mir-zustehenden-leistungen-bestimmt","status":"publish","type":"page","link":"https:\/\/frontaliers-grandest.eu\/de\/startseite\/grenzganger\/frankreich-deutschland\/sozialversicherung\/die-invaliditatsversicherung\/wie-werden-mein-erwerbsminderungsgrad-und-die-mir-zustehenden-leistungen-bestimmt\/","title":{"rendered":"Wie werden mein Erwerbsminderungsgrad und die mir zustehenden Leistungen bestimmt?"},"content":{"rendered":"\n<h4 class=\"wp-block-heading\"><strong>Die Bestimmung Ihres Erwerbsminderungsgrads<\/strong><\/h4>\n\n\n\n<p>Es sei daran erinnert, dass sich Frankreich und Deutschland&nbsp;<strong>noch nicht auf eine gemeinsame Regelung zur Bestimmung der einzelnen Rentens\u00e4tze geeinigt haben<\/strong>. Die von der franz\u00f6sischen oder deutschen Kasse getroffene Entscheidung hinsichtlich der Anerkennung Ihrer Erwerbsunf\u00e4higkeit wird nicht automatisch von der anderen Kasse \u00fcbernommen, was zu erheblichen Problemen bei der Rentenzahlung f\u00fchren kann!<\/p>\n\n\n\n<ul class=\"wp-block-list\">\n<li><strong>In Deutschland:<\/strong><br>Sie gelten als erwerbsunf\u00e4hig, wenn Ihre Arbeitsf\u00e4higkeit nachweislich&nbsp;<strong>maximal 6 Stunden pro Tag betr\u00e4gt und diese Sie daran hindert, eine Stelle auf dem Arbeitsmarkt zu finden<\/strong>. Volle Erwerbsunf\u00e4higkeit besteht, wenn ein Versicherter au\u00dfer Stande ist, m<strong>indestens 3 Stunden t\u00e4glich erwerbst\u00e4tig zu sein. Liegt die Arbeitsf\u00e4higkeit \u00fcber 3 Stunden und unter 6 Stunden pro Tag,<\/strong>&nbsp;spricht man von teilweiser Erwerbsunf\u00e4higkeit.<\/li>\n\n\n\n<li><strong>In Frankreich:<br><\/strong>Sie gelten als erwerbsunf\u00e4hig, wenn Sie infolge einer Krankheit oder eines Gebrechens&nbsp;<strong>nicht mehr als ein Drittel der normalen Eink\u00fcnfte erzielen k\u00f6nnen, die eine Person Ihrer Kategorie und Ihres Ausbildungsstandes in Ihrer Region erzielt<\/strong>. Die Invalidit\u00e4tsrente kann Ihnen auf Veranlassung Ihrer CPAM oder auf Ihren Antrag hin gew\u00e4hrt werden.<\/li>\n<\/ul>\n\n\n\n<h4 class=\"wp-block-heading\"><strong>Die deutschen Leistungen<\/strong><\/h4>\n\n\n\n<p>Bei Anerkennung Ihrer teilweisen oder vollen Erwerbsunf\u00e4higkeit zahlt Ihnen Ihre Rentenversicherungskasse&nbsp;<strong>w\u00e4hrend einer Dauer von maximal 3 Jahren&nbsp;eine Rente aus.&nbsp;<\/strong>Sie k\u00f6nnen jedoch bereits&nbsp;<strong>mehrere Monate vor Ablauf der ersten 3 Jahre einen Antrag zur Aufrechterhaltung Ihres Rentenanspruchs stellen.<\/strong><\/p>\n\n\n\n<p>Die Verl\u00e4ngerung des Rentenanspruchs u<strong>m 3 Jahre kann nur zweimal erfolgen.&nbsp;<\/strong>So betr\u00e4gt die H\u00f6chstdauer der vor\u00fcbergehenden Rente 9 Jahre.&nbsp;<strong>Wird nach 9 Jahren festgestellt, dass sich Ihr Gesundheitszustand nicht verbessert, kann die vor\u00fcbergehende Rente aus medizinischen Gr\u00fcnden in eine dauerhafte Rente umgewandelt werden.<\/strong><\/p>\n\n\n\n<h5 class=\"wp-block-heading\"><strong>Die monatliche H\u00f6he Ihrer Rente ergibt sich aus einer Formel mit folgenden Gr\u00f6\u00dfen:<\/strong><\/h5>\n\n\n\n<ul class=\"wp-block-list\">\n<li><strong>Pers\u00f6nliche Entgeltpunkte (PEP):\u00a0<\/strong>Sie werden mit dem Zugangsfaktor multipliziert (Der Zugangsfaktor betr\u00e4gt je nach Jahrgang bzw. Renteneintritt mit 65 oder 67 Jahren 1. Er ist niedriger als 1 bei Vorruhestand und h\u00f6her als 1, wenn eine Rente nach Vollendung des 65. bzw. 67. Lebensjahres in Anspruch genommen wird);<\/li>\n\n\n\n<li><strong>Zugangsfaktor (ZF)<\/strong>: \u00a0: Damit werden Zu- und Abschl\u00e4ge bei Ihrer Rentenberechnung ber\u00fccksichtigt. Abschl\u00e4ge fallen an, wenn Sie vorzeitig in Rente gehen. Zuschl\u00e4ge, wenn Sie beispielsweise nach Erreichen der Regelaltersgrenze zun\u00e4chst auf Ihre Rente verzichten und diese erst sp\u00e4ter beanspruchen. Ohne Zu- oder Abschl\u00e4ge betr\u00e4gt\u00a0der Zugangsfaktor\u00a01,0.<\/li>\n\n\n\n<li><strong>Rentenartfaktor (RAF<\/strong>): Er betr\u00e4gt 1 bei einer vollen Erwerbsminderungsrente, 0,5 bei einer halben Erwerbsminderungsrente, 0,55 bei einer Witwen-\/Witwerrente<\/li>\n\n\n\n<li>und<strong>\u00a0aktueller Rentenwert(AR)<\/strong>: Es handelt sich um den Betrag, den ein Versicherter mit einem Durchschnittseinkommen f\u00fcr ein Jahr Beitragszahlung erh\u00e4lt: 37,60\u20ac (alte L\u00e4ndern) und 37,60 \u20ac (neue L\u00e4ndern) Euro\/Monat (seit dem 01\/07\/2023).<\/li>\n<\/ul>\n\n\n\n<h5 class=\"wp-block-heading\"><strong>Monatlicher Rentenbetrag = PEP X RAF X AR<\/strong> X ZF <\/h5>\n\n\n\n<p>Die schrittweise Anhebung des Renteneintrittsalters von 65 auf 67 Jahre in Deutschland hat ebenfalls eine Auswirkung auf die deutsche Invalidit\u00e4tsversicherung: Die Altersgrenze f\u00fcr einen abschlagsfreien Ruhestand wegen Erwerbsunf\u00e4higkeit steigt ab dem Jahre 2012 schrittweise von 63 auf 65 Jahre an (ansonsten 0,3 Prozent Abschlag f\u00fcr jeden Monat des Rentenbeginns vor der jeweils geltenden Altersgrenze).<\/p>\n\n\n\n<h4 class=\"wp-block-heading\"><strong>Die franz\u00f6sische Invalidit\u00e4tsrente (pension d&#8217;invalidit\u00e9)<\/strong><\/h4>\n\n\n\n<p>Bei Anerkennung Ihrer Invalidit\u00e4t haben Sie Anspruch auf eine Rente, deren H\u00f6he entsprechend Ihrem Gehalt und Ihrem Erwerbsminderungsgrad festgelegt wird. Falls Sie Ihre Erwerbst\u00e4tigkeit fortsetzen, ist der kumulierte Betrag der Rente und Ihres Gehaltes nur bis zu einer Obergrenze zul\u00e4ssig.<\/p>\n\n\n\n<h5 class=\"wp-block-heading\"><strong>Grunds\u00e4tzlich sind jedoch entsprechend der restlichen Arbeitsf\u00e4higkeit des Versicherten 3 Rentenkategorien zu unterscheiden.<\/strong><\/h5>\n\n\n\n<ul class=\"wp-block-list\">\n<li><strong>Kategorie 1:<\/strong>&nbsp;Sie sind in der Lage eine Besch\u00e4ftigung aufzunehmen,<\/li>\n\n\n\n<li><strong>Kategorie 2<\/strong>: Sie sind nicht mehr in der Lage, einen Beruf auszu\u00fcben,<\/li>\n\n\n\n<li><strong>Kategorie 3:<\/strong>&nbsp;Sie k\u00f6nnen keinen Beruf mehr aus\u00fcben und brauchen die st\u00e4ndige Hilfe von jemandem, der Sie mit den grundlegenden Aktivit\u00e4ten des t\u00e4glichen Lebens zu unterst\u00fctzen kann.<\/li>\n<\/ul>\n","protected":false},"excerpt":{"rendered":"<p>Die Bestimmung Ihres Erwerbsminderungsgrads Es sei daran erinnert, dass sich Frankreich und Deutschland&nbsp;noch nicht auf eine gemeinsame Regelung zur Bestimmung der einzelnen Rentens\u00e4tze geeinigt haben. Die von der franz\u00f6sischen oder deutschen Kasse getroffene Entscheidung hinsichtlich der Anerkennung Ihrer Erwerbsunf\u00e4higkeit wird nicht automatisch von der anderen Kasse \u00fcbernommen, was zu erheblichen Problemen bei der Rentenzahlung f\u00fchren [&hellip;]<\/p>\n","protected":false},"author":7,"featured_media":0,"parent":8086,"menu_order":1,"comment_status":"closed","ping_status":"closed","template":"","meta":{"inline_featured_image":false,"footnotes":""},"tags":[],"frge_profile":[],"class_list":["post-8163","page","type-page","status-publish","hentry"],"yoast_head":"<!-- This site is optimized with the Yoast SEO plugin v27.1.1 - https:\/\/yoast.com\/product\/yoast-seo-wordpress\/ -->\n<title>Wie werden mein Erwerbsminderungsgrad und die mir zustehenden Leistungen bestimmt? - Frontaliers Grand Est<\/title>\n<meta name=\"robots\" content=\"index, follow, max-snippet:-1, max-image-preview:large, max-video-preview:-1\" \/>\n<link rel=\"canonical\" href=\"https:\/\/frontaliers-grandest.eu\/de\/startseite\/grenzganger\/frankreich-deutschland\/sozialversicherung\/die-invaliditatsversicherung\/wie-werden-mein-erwerbsminderungsgrad-und-die-mir-zustehenden-leistungen-bestimmt\/\" \/>\n<meta property=\"og:locale\" content=\"de_DE\" \/>\n<meta property=\"og:type\" content=\"article\" \/>\n<meta property=\"og:title\" content=\"Wie werden mein Erwerbsminderungsgrad und die mir zustehenden Leistungen bestimmt? - Frontaliers Grand Est\" \/>\n<meta property=\"og:description\" content=\"Die Bestimmung Ihres Erwerbsminderungsgrads Es sei daran erinnert, dass sich Frankreich und Deutschland&nbsp;noch nicht auf eine gemeinsame Regelung zur Bestimmung der einzelnen Rentens\u00e4tze geeinigt haben. Die von der franz\u00f6sischen oder deutschen Kasse getroffene Entscheidung hinsichtlich der Anerkennung Ihrer Erwerbsunf\u00e4higkeit wird nicht automatisch von der anderen Kasse \u00fcbernommen, was zu erheblichen Problemen bei der Rentenzahlung f\u00fchren [&hellip;]\" \/>\n<meta property=\"og:url\" content=\"https:\/\/frontaliers-grandest.eu\/de\/startseite\/grenzganger\/frankreich-deutschland\/sozialversicherung\/die-invaliditatsversicherung\/wie-werden-mein-erwerbsminderungsgrad-und-die-mir-zustehenden-leistungen-bestimmt\/\" \/>\n<meta property=\"og:site_name\" content=\"Frontaliers Grand Est\" \/>\n<meta property=\"article:publisher\" content=\"https:\/\/www.facebook.com\/frontaliers.GR.EST\/?locale=fr_FR\" \/>\n<meta property=\"article:modified_time\" content=\"2023-07-12T10:35:52+00:00\" \/>\n<meta name=\"twitter:card\" content=\"summary_large_image\" \/>\n<meta name=\"twitter:label1\" content=\"Gesch\u00e4tzte Lesezeit\" \/>\n\t<meta name=\"twitter:data1\" content=\"4\u00a0Minuten\" \/>\n<script type=\"application\/ld+json\" class=\"yoast-schema-graph\">{\"@context\":\"https:\/\/schema.org\",\"@graph\":[{\"@type\":\"WebPage\",\"@id\":\"https:\/\/frontaliers-grandest.eu\/de\/startseite\/grenzganger\/frankreich-deutschland\/sozialversicherung\/die-invaliditatsversicherung\/wie-werden-mein-erwerbsminderungsgrad-und-die-mir-zustehenden-leistungen-bestimmt\/\",\"url\":\"https:\/\/frontaliers-grandest.eu\/de\/startseite\/grenzganger\/frankreich-deutschland\/sozialversicherung\/die-invaliditatsversicherung\/wie-werden-mein-erwerbsminderungsgrad-und-die-mir-zustehenden-leistungen-bestimmt\/\",\"name\":\"Wie werden mein Erwerbsminderungsgrad und die mir zustehenden Leistungen bestimmt? - Frontaliers Grand Est\",\"isPartOf\":{\"@id\":\"https:\/\/frontaliers-grandest.eu\/de\/#website\"},\"datePublished\":\"2021-06-07T10:22:26+00:00\",\"dateModified\":\"2023-07-12T10:35:52+00:00\",\"breadcrumb\":{\"@id\":\"https:\/\/frontaliers-grandest.eu\/de\/startseite\/grenzganger\/frankreich-deutschland\/sozialversicherung\/die-invaliditatsversicherung\/wie-werden-mein-erwerbsminderungsgrad-und-die-mir-zustehenden-leistungen-bestimmt\/#breadcrumb\"},\"inLanguage\":\"de\",\"potentialAction\":[{\"@type\":\"ReadAction\",\"target\":[\"https:\/\/frontaliers-grandest.eu\/de\/startseite\/grenzganger\/frankreich-deutschland\/sozialversicherung\/die-invaliditatsversicherung\/wie-werden-mein-erwerbsminderungsgrad-und-die-mir-zustehenden-leistungen-bestimmt\/\"]}]},{\"@type\":\"BreadcrumbList\",\"@id\":\"https:\/\/frontaliers-grandest.eu\/de\/startseite\/grenzganger\/frankreich-deutschland\/sozialversicherung\/die-invaliditatsversicherung\/wie-werden-mein-erwerbsminderungsgrad-und-die-mir-zustehenden-leistungen-bestimmt\/#breadcrumb\",\"itemListElement\":[{\"@type\":\"ListItem\",\"position\":1,\"name\":\"Startseite\",\"item\":\"https:\/\/frontaliers-grandest.eu\/de\/\"},{\"@type\":\"ListItem\",\"position\":2,\"name\":\"Grenzg\u00e4nger\",\"item\":\"https:\/\/frontaliers-grandest.eu\/de\/startseite\/grenzganger\/\"},{\"@type\":\"ListItem\",\"position\":3,\"name\":\"Frankreich - Deutschland\",\"item\":\"https:\/\/frontaliers-grandest.eu\/de\/startseite\/grenzganger\/frankreich-deutschland\/\"},{\"@type\":\"ListItem\",\"position\":4,\"name\":\"Sozialversicherung in Deutschland\",\"item\":\"https:\/\/frontaliers-grandest.eu\/de\/startseite\/grenzganger\/frankreich-deutschland\/sozialversicherung\/\"},{\"@type\":\"ListItem\",\"position\":5,\"name\":\"Die Invalidit\u00e4tsversicherung\",\"item\":\"https:\/\/frontaliers-grandest.eu\/de\/startseite\/grenzganger\/frankreich-deutschland\/sozialversicherung\/die-invaliditatsversicherung\/\"},{\"@type\":\"ListItem\",\"position\":6,\"name\":\"Wie werden mein Erwerbsminderungsgrad und die mir zustehenden Leistungen bestimmt?\"}]},{\"@type\":\"WebSite\",\"@id\":\"https:\/\/frontaliers-grandest.eu\/de\/#website\",\"url\":\"https:\/\/frontaliers-grandest.eu\/de\/\",\"name\":\"Frontaliers Grand Est\",\"description\":\"Le site ressource du travail frontalier\",\"publisher\":{\"@id\":\"https:\/\/frontaliers-grandest.eu\/de\/#organization\"},\"alternateName\":\"Frontaliers Grand Est\",\"potentialAction\":[{\"@type\":\"SearchAction\",\"target\":{\"@type\":\"EntryPoint\",\"urlTemplate\":\"https:\/\/frontaliers-grandest.eu\/de\/?s={search_term_string}\"},\"query-input\":{\"@type\":\"PropertyValueSpecification\",\"valueRequired\":true,\"valueName\":\"search_term_string\"}}],\"inLanguage\":\"de\"},{\"@type\":\"Organization\",\"@id\":\"https:\/\/frontaliers-grandest.eu\/de\/#organization\",\"name\":\"Frontaliers Grand Est\",\"alternateName\":\"Frontaliers Grand Est\",\"url\":\"https:\/\/frontaliers-grandest.eu\/de\/\",\"logo\":{\"@type\":\"ImageObject\",\"inLanguage\":\"de\",\"@id\":\"https:\/\/frontaliers-grandest.eu\/de\/#\/schema\/logo\/image\/\",\"url\":\"https:\/\/frontaliers-grandest.eu\/wp-content\/uploads\/2025\/07\/260328234_2966785176920310_3332838526503858160_n.jpg\",\"contentUrl\":\"https:\/\/frontaliers-grandest.eu\/wp-content\/uploads\/2025\/07\/260328234_2966785176920310_3332838526503858160_n.jpg\",\"width\":396,\"height\":396,\"caption\":\"Frontaliers Grand Est\"},\"image\":{\"@id\":\"https:\/\/frontaliers-grandest.eu\/de\/#\/schema\/logo\/image\/\"},\"sameAs\":[\"https:\/\/www.facebook.com\/frontaliers.GR.EST\/?locale=fr_FR\"]}]}<\/script>\n<!-- \/ Yoast SEO plugin. -->","yoast_head_json":{"title":"Wie werden mein Erwerbsminderungsgrad und die mir zustehenden Leistungen bestimmt? - Frontaliers Grand Est","robots":{"index":"index","follow":"follow","max-snippet":"max-snippet:-1","max-image-preview":"max-image-preview:large","max-video-preview":"max-video-preview:-1"},"canonical":"https:\/\/frontaliers-grandest.eu\/de\/startseite\/grenzganger\/frankreich-deutschland\/sozialversicherung\/die-invaliditatsversicherung\/wie-werden-mein-erwerbsminderungsgrad-und-die-mir-zustehenden-leistungen-bestimmt\/","og_locale":"de_DE","og_type":"article","og_title":"Wie werden mein Erwerbsminderungsgrad und die mir zustehenden Leistungen bestimmt? - Frontaliers Grand Est","og_description":"Die Bestimmung Ihres Erwerbsminderungsgrads Es sei daran erinnert, dass sich Frankreich und Deutschland&nbsp;noch nicht auf eine gemeinsame Regelung zur Bestimmung der einzelnen Rentens\u00e4tze geeinigt haben. Die von der franz\u00f6sischen oder deutschen Kasse getroffene Entscheidung hinsichtlich der Anerkennung Ihrer Erwerbsunf\u00e4higkeit wird nicht automatisch von der anderen Kasse \u00fcbernommen, was zu erheblichen Problemen bei der Rentenzahlung f\u00fchren [&hellip;]","og_url":"https:\/\/frontaliers-grandest.eu\/de\/startseite\/grenzganger\/frankreich-deutschland\/sozialversicherung\/die-invaliditatsversicherung\/wie-werden-mein-erwerbsminderungsgrad-und-die-mir-zustehenden-leistungen-bestimmt\/","og_site_name":"Frontaliers Grand Est","article_publisher":"https:\/\/www.facebook.com\/frontaliers.GR.EST\/?locale=fr_FR","article_modified_time":"2023-07-12T10:35:52+00:00","twitter_card":"summary_large_image","twitter_misc":{"Gesch\u00e4tzte Lesezeit":"4\u00a0Minuten"},"schema":{"@context":"https:\/\/schema.org","@graph":[{"@type":"WebPage","@id":"https:\/\/frontaliers-grandest.eu\/de\/startseite\/grenzganger\/frankreich-deutschland\/sozialversicherung\/die-invaliditatsversicherung\/wie-werden-mein-erwerbsminderungsgrad-und-die-mir-zustehenden-leistungen-bestimmt\/","url":"https:\/\/frontaliers-grandest.eu\/de\/startseite\/grenzganger\/frankreich-deutschland\/sozialversicherung\/die-invaliditatsversicherung\/wie-werden-mein-erwerbsminderungsgrad-und-die-mir-zustehenden-leistungen-bestimmt\/","name":"Wie werden mein Erwerbsminderungsgrad und die mir zustehenden Leistungen bestimmt? - Frontaliers Grand Est","isPartOf":{"@id":"https:\/\/frontaliers-grandest.eu\/de\/#website"},"datePublished":"2021-06-07T10:22:26+00:00","dateModified":"2023-07-12T10:35:52+00:00","breadcrumb":{"@id":"https:\/\/frontaliers-grandest.eu\/de\/startseite\/grenzganger\/frankreich-deutschland\/sozialversicherung\/die-invaliditatsversicherung\/wie-werden-mein-erwerbsminderungsgrad-und-die-mir-zustehenden-leistungen-bestimmt\/#breadcrumb"},"inLanguage":"de","potentialAction":[{"@type":"ReadAction","target":["https:\/\/frontaliers-grandest.eu\/de\/startseite\/grenzganger\/frankreich-deutschland\/sozialversicherung\/die-invaliditatsversicherung\/wie-werden-mein-erwerbsminderungsgrad-und-die-mir-zustehenden-leistungen-bestimmt\/"]}]},{"@type":"BreadcrumbList","@id":"https:\/\/frontaliers-grandest.eu\/de\/startseite\/grenzganger\/frankreich-deutschland\/sozialversicherung\/die-invaliditatsversicherung\/wie-werden-mein-erwerbsminderungsgrad-und-die-mir-zustehenden-leistungen-bestimmt\/#breadcrumb","itemListElement":[{"@type":"ListItem","position":1,"name":"Startseite","item":"https:\/\/frontaliers-grandest.eu\/de\/"},{"@type":"ListItem","position":2,"name":"Grenzg\u00e4nger","item":"https:\/\/frontaliers-grandest.eu\/de\/startseite\/grenzganger\/"},{"@type":"ListItem","position":3,"name":"Frankreich - Deutschland","item":"https:\/\/frontaliers-grandest.eu\/de\/startseite\/grenzganger\/frankreich-deutschland\/"},{"@type":"ListItem","position":4,"name":"Sozialversicherung in Deutschland","item":"https:\/\/frontaliers-grandest.eu\/de\/startseite\/grenzganger\/frankreich-deutschland\/sozialversicherung\/"},{"@type":"ListItem","position":5,"name":"Die Invalidit\u00e4tsversicherung","item":"https:\/\/frontaliers-grandest.eu\/de\/startseite\/grenzganger\/frankreich-deutschland\/sozialversicherung\/die-invaliditatsversicherung\/"},{"@type":"ListItem","position":6,"name":"Wie werden mein Erwerbsminderungsgrad und die mir zustehenden Leistungen bestimmt?"}]},{"@type":"WebSite","@id":"https:\/\/frontaliers-grandest.eu\/de\/#website","url":"https:\/\/frontaliers-grandest.eu\/de\/","name":"Frontaliers Grand Est","description":"Le site ressource du travail frontalier","publisher":{"@id":"https:\/\/frontaliers-grandest.eu\/de\/#organization"},"alternateName":"Frontaliers Grand Est","potentialAction":[{"@type":"SearchAction","target":{"@type":"EntryPoint","urlTemplate":"https:\/\/frontaliers-grandest.eu\/de\/?s={search_term_string}"},"query-input":{"@type":"PropertyValueSpecification","valueRequired":true,"valueName":"search_term_string"}}],"inLanguage":"de"},{"@type":"Organization","@id":"https:\/\/frontaliers-grandest.eu\/de\/#organization","name":"Frontaliers Grand Est","alternateName":"Frontaliers Grand Est","url":"https:\/\/frontaliers-grandest.eu\/de\/","logo":{"@type":"ImageObject","inLanguage":"de","@id":"https:\/\/frontaliers-grandest.eu\/de\/#\/schema\/logo\/image\/","url":"https:\/\/frontaliers-grandest.eu\/wp-content\/uploads\/2025\/07\/260328234_2966785176920310_3332838526503858160_n.jpg","contentUrl":"https:\/\/frontaliers-grandest.eu\/wp-content\/uploads\/2025\/07\/260328234_2966785176920310_3332838526503858160_n.jpg","width":396,"height":396,"caption":"Frontaliers Grand Est"},"image":{"@id":"https:\/\/frontaliers-grandest.eu\/de\/#\/schema\/logo\/image\/"},"sameAs":["https:\/\/www.facebook.com\/frontaliers.GR.EST\/?locale=fr_FR"]}]}},"frge_page_order":0,"_links":{"self":[{"href":"https:\/\/frontaliers-grandest.eu\/de\/wp-json\/wp\/v2\/pages\/8163","targetHints":{"allow":["GET"]}}],"collection":[{"href":"https:\/\/frontaliers-grandest.eu\/de\/wp-json\/wp\/v2\/pages"}],"about":[{"href":"https:\/\/frontaliers-grandest.eu\/de\/wp-json\/wp\/v2\/types\/page"}],"author":[{"embeddable":true,"href":"https:\/\/frontaliers-grandest.eu\/de\/wp-json\/wp\/v2\/users\/7"}],"replies":[{"embeddable":true,"href":"https:\/\/frontaliers-grandest.eu\/de\/wp-json\/wp\/v2\/comments?post=8163"}],"version-history":[{"count":4,"href":"https:\/\/frontaliers-grandest.eu\/de\/wp-json\/wp\/v2\/pages\/8163\/revisions"}],"predecessor-version":[{"id":28012,"href":"https:\/\/frontaliers-grandest.eu\/de\/wp-json\/wp\/v2\/pages\/8163\/revisions\/28012"}],"up":[{"embeddable":true,"href":"https:\/\/frontaliers-grandest.eu\/de\/wp-json\/wp\/v2\/pages\/8086"}],"wp:attachment":[{"href":"https:\/\/frontaliers-grandest.eu\/de\/wp-json\/wp\/v2\/media?parent=8163"}],"wp:term":[{"taxonomy":"post_tag","embeddable":true,"href":"https:\/\/frontaliers-grandest.eu\/de\/wp-json\/wp\/v2\/tags?post=8163"},{"taxonomy":"frge_profile","embeddable":true,"href":"https:\/\/frontaliers-grandest.eu\/de\/wp-json\/wp\/v2\/frge_profile?post=8163"}],"curies":[{"name":"wp","href":"https:\/\/api.w.org\/{rel}","templated":true}]}}