{"id":8154,"date":"2021-06-07T11:38:59","date_gmt":"2021-06-07T09:38:59","guid":{"rendered":"https:\/\/frontaliers-grandest.eu\/?page_id=8154"},"modified":"2021-06-07T11:38:59","modified_gmt":"2021-06-07T09:38:59","slug":"leistungen-bei-arbeitsunfahigkeit-wegen-arbeitsunfall-oder-berufskrankheiten","status":"publish","type":"page","link":"https:\/\/frontaliers-grandest.eu\/de\/startseite\/grenzganger\/frankreich-deutschland\/sozialversicherung\/arbeitsunfalle-und-berufskrankheiten\/leistungen-bei-arbeitsunfahigkeit-wegen-arbeitsunfall-oder-berufskrankheiten\/","title":{"rendered":"Leistungen bei Arbeitsunf\u00e4higkeit wegen Arbeitsunfall oder Berufskrankheiten"},"content":{"rendered":"\n<h4 class=\"wp-block-heading\"><strong>Bei vor\u00fcbergehender Arbeitsunf\u00e4higkeit<\/strong><\/h4>\n\n\n\n<p>Sie haben Sie einen&nbsp;<strong>unbefristeten&nbsp;Anspruch auf Sachleistungen,<\/strong>&nbsp;d.h. die gesamte medizinische Versorgung.<\/p>\n\n\n\n<h5 class=\"wp-block-heading\"><strong>Was die Geldleistungen anbelangt:<\/strong><\/h5>\n\n\n\n<ul class=\"wp-block-list\"><li>Ihr&nbsp;<strong>Arbeitgeber&nbsp;<\/strong>ist verpflichtet, Ihnen w\u00e4hrend der&nbsp;<strong>ersten 6 Wochen ihrer Erwerbsunf\u00e4higkeit Ihr Gehalt fortzuzahlen<\/strong>.<\/li><li>Danach erhalten Sie vom deutschen Versicherungstr\u00e4ger<strong>&nbsp;Tagesgeld f\u00fcr vor\u00fcbergehende Arbeitsunf\u00e4higkeit f\u00fcr einen Zeitraum von maximal 78 Wochen&nbsp;<\/strong>(einschlie\u00dflich der ersten 6 Wochen). Diese finanzielle Hilfe betr\u00e4gt 80 % Ihres Bruttogehalts.<\/li><li>Ferner k\u00f6nnen Sie \u00dcbergangsgeld in Anspruch nehmen, falls Sie sich umschulen lassen oder einen neuen Beruf lernen wollen. Dieses \u00dcbergangsgeld betr\u00e4gt 75 % des Tagesgeldes f\u00fcr vor\u00fcbergehende &nbsp;Arbeitsunf\u00e4higkeit, wenn mindestens ein Kind zu Ihrer h\u00e4uslichen Gemeinschaft geh\u00f6rt oder Sie pflegebed\u00fcrftig sind, und 68 % des Tagegeldes f\u00fcr vor\u00fcbergehende Arbeitsunf\u00e4higkeit in den anderen F\u00e4llen.<\/li><\/ul>\n\n\n\n<p>F\u00fcr mehr Informationen k\u00f6nnen Sie sich an die Eures Berater oder die zust\u00e4ndige Krankenkasse anwenden.<\/p>\n\n\n\n<h4 class=\"wp-block-heading\"><strong>Bei dauerhafter Arbeitsunf\u00e4higkeit<\/strong><\/h4>\n\n\n\n<p>Sie haben einen&nbsp;<strong>unbefristeten&nbsp;<\/strong>Anspruch auf Sachleistungen,<strong>&nbsp;das hei\u00dft die gesamte medizinische Versorgung.<\/strong><\/p>\n\n\n\n<h5 class=\"wp-block-heading\"><strong>Was die Geldleistungen anbelangt&nbsp;<\/strong><\/h5>\n\n\n\n<p>Sollten Sie aufgrund eines Arbeitsunfalls oder einer Berufskrankheit l\u00e4nger als 26 Wochen arbeitsunf\u00e4hig sein und betr\u00e4gt Ihr Erwerbsminderungsgrad nach Ermittlung der zust\u00e4ndigen Beh\u00f6rden in Deutschland mindestens 20 %,&nbsp;<strong>k\u00f6nnen Sie eine&nbsp;Unfallrente beantragen, sofern diese Arbeitsunf\u00e4higkeit voraussichtlich mindestens 13 Wochen dauert.<\/strong><\/p>\n\n\n\n<p>Die Zahlung&nbsp;<strong>endet sp\u00e4testens nach 78 Wochen,<\/strong>&nbsp;sie kann jedoch nicht vor Beendigung des Krankenhausaufenthaltes eingestellt werden.<\/p>\n\n\n\n<p>Bei einem Erwerbsminderungsgrad von 100 % haben Sie Anspruch auf eine Unfallrente in H\u00f6he von drei Drittel des Bruttolohns in den 12 Monaten vor dem Unfall.<\/p>\n\n\n\n<p>Liegt Ihr Erwerbsminderungsgrad bei oder \u00fcber 20 %, aber unter 100 %, betr\u00e4gt die H\u00f6he Ihrer Rente zwei Drittel des Bruttolohns, abz\u00fcglich des Prozentsatzes Ihrer Erwerbsunf\u00e4higkeit. Zur Ermittlung der monatlichen H\u00f6he Ihrer Rente wird der so berechnete Betrag dann durch 12 geteilt.<\/p>\n\n\n\n<h5 class=\"wp-block-heading\"><strong>Beispiel<\/strong> :<\/h5>\n\n\n\n<ul class=\"wp-block-list\"><li><em>Bei einem Erwerbsminderungsgrad von 100 % haben sie Anspruch auf eine Unfallrente in H\u00f6he von zwei Drittel des Bruttolohns in den 12 Monaten vor dem Unfall.<\/em><\/li><li><em>Bei einem Erwerbsminderungsgrad von 20 % und einem&nbsp;<\/em>und einem Jahreseinkommen von 36.000 Euro vor Ihrem Unfall, bleibt 2\/3 des Jahresgehalts erhalten, oder 24&nbsp;000 Euros. Auf diesen Betrag wird der Prozentsatz Ihrer entsprechenden Behinderung angewandt (20% von 24 000 EUR), oder ein Jahresbetrag von 4.800 Euro. Der j\u00e4hrliche Betrag wird von 12 geteilt damit die monatliche H\u00f6he Ihrer Unfallrente berechnet sein k\u00f6nnte, oder 400 \u20ac monatlich.<\/li><\/ul>\n\n\n\n<h5 class=\"wp-block-heading\"><strong>Achtung&nbsp;!<\/strong><\/h5>\n\n\n\n<ul class=\"wp-block-list\"><li>Ihre Erwerbsunf\u00e4higkeit&nbsp;<strong>kann in Frankreich anerkannt werden, aber nicht in Deutschland,<\/strong>&nbsp;denn es besteht bis heute zwischen Deutschland und Frankreich keine Anerkennungspflicht der Erwerbsminderungsgrade!<\/li><li><strong>Bei einem Erwerbminderungsgrad unter 20 % haben Sie in Deutschland keinen Rentenanspruch.<\/strong><\/li><\/ul>\n","protected":false},"excerpt":{"rendered":"<p>Bei vor\u00fcbergehender Arbeitsunf\u00e4higkeit Sie haben Sie einen&nbsp;unbefristeten&nbsp;Anspruch auf Sachleistungen,&nbsp;d.h. die gesamte medizinische Versorgung. Was die Geldleistungen anbelangt: Ihr&nbsp;Arbeitgeber&nbsp;ist verpflichtet, Ihnen w\u00e4hrend der&nbsp;ersten 6 Wochen ihrer Erwerbsunf\u00e4higkeit Ihr Gehalt fortzuzahlen. Danach erhalten Sie vom deutschen Versicherungstr\u00e4ger&nbsp;Tagesgeld f\u00fcr vor\u00fcbergehende Arbeitsunf\u00e4higkeit f\u00fcr einen Zeitraum von maximal 78 Wochen&nbsp;(einschlie\u00dflich der ersten 6 Wochen). Diese finanzielle Hilfe betr\u00e4gt 80 % [&hellip;]<\/p>\n","protected":false},"author":7,"featured_media":0,"parent":8084,"menu_order":2,"comment_status":"closed","ping_status":"closed","template":"","meta":{"inline_featured_image":false,"footnotes":""},"tags":[],"frge_profile":[],"class_list":["post-8154","page","type-page","status-publish","hentry"],"yoast_head":"<!-- This site is optimized with the Yoast SEO plugin v27.1.1 - https:\/\/yoast.com\/product\/yoast-seo-wordpress\/ -->\n<title>Leistungen bei Arbeitsunf\u00e4higkeit wegen Arbeitsunfall oder Berufskrankheiten - Frontaliers Grand Est<\/title>\n<meta name=\"robots\" content=\"index, follow, max-snippet:-1, max-image-preview:large, max-video-preview:-1\" \/>\n<link rel=\"canonical\" href=\"https:\/\/frontaliers-grandest.eu\/de\/startseite\/grenzganger\/frankreich-deutschland\/sozialversicherung\/arbeitsunfalle-und-berufskrankheiten\/leistungen-bei-arbeitsunfahigkeit-wegen-arbeitsunfall-oder-berufskrankheiten\/\" \/>\n<meta property=\"og:locale\" content=\"de_DE\" \/>\n<meta property=\"og:type\" content=\"article\" \/>\n<meta property=\"og:title\" content=\"Leistungen bei Arbeitsunf\u00e4higkeit wegen Arbeitsunfall oder Berufskrankheiten - Frontaliers Grand Est\" \/>\n<meta property=\"og:description\" content=\"Bei vor\u00fcbergehender Arbeitsunf\u00e4higkeit Sie haben Sie einen&nbsp;unbefristeten&nbsp;Anspruch auf Sachleistungen,&nbsp;d.h. die gesamte medizinische Versorgung. Was die Geldleistungen anbelangt: Ihr&nbsp;Arbeitgeber&nbsp;ist verpflichtet, Ihnen w\u00e4hrend der&nbsp;ersten 6 Wochen ihrer Erwerbsunf\u00e4higkeit Ihr Gehalt fortzuzahlen. Danach erhalten Sie vom deutschen Versicherungstr\u00e4ger&nbsp;Tagesgeld f\u00fcr vor\u00fcbergehende Arbeitsunf\u00e4higkeit f\u00fcr einen Zeitraum von maximal 78 Wochen&nbsp;(einschlie\u00dflich der ersten 6 Wochen). Diese finanzielle Hilfe betr\u00e4gt 80 % [&hellip;]\" \/>\n<meta property=\"og:url\" content=\"https:\/\/frontaliers-grandest.eu\/de\/startseite\/grenzganger\/frankreich-deutschland\/sozialversicherung\/arbeitsunfalle-und-berufskrankheiten\/leistungen-bei-arbeitsunfahigkeit-wegen-arbeitsunfall-oder-berufskrankheiten\/\" \/>\n<meta property=\"og:site_name\" content=\"Frontaliers Grand Est\" \/>\n<meta property=\"article:publisher\" content=\"https:\/\/www.facebook.com\/frontaliers.GR.EST\/?locale=fr_FR\" \/>\n<meta name=\"twitter:card\" content=\"summary_large_image\" \/>\n<meta name=\"twitter:label1\" content=\"Gesch\u00e4tzte Lesezeit\" \/>\n\t<meta name=\"twitter:data1\" content=\"2\u00a0Minuten\" \/>\n<script type=\"application\/ld+json\" class=\"yoast-schema-graph\">{\"@context\":\"https:\/\/schema.org\",\"@graph\":[{\"@type\":\"WebPage\",\"@id\":\"https:\/\/frontaliers-grandest.eu\/de\/startseite\/grenzganger\/frankreich-deutschland\/sozialversicherung\/arbeitsunfalle-und-berufskrankheiten\/leistungen-bei-arbeitsunfahigkeit-wegen-arbeitsunfall-oder-berufskrankheiten\/\",\"url\":\"https:\/\/frontaliers-grandest.eu\/de\/startseite\/grenzganger\/frankreich-deutschland\/sozialversicherung\/arbeitsunfalle-und-berufskrankheiten\/leistungen-bei-arbeitsunfahigkeit-wegen-arbeitsunfall-oder-berufskrankheiten\/\",\"name\":\"Leistungen bei Arbeitsunf\u00e4higkeit wegen Arbeitsunfall oder Berufskrankheiten - Frontaliers Grand Est\",\"isPartOf\":{\"@id\":\"https:\/\/frontaliers-grandest.eu\/de\/#website\"},\"datePublished\":\"2021-06-07T09:38:59+00:00\",\"breadcrumb\":{\"@id\":\"https:\/\/frontaliers-grandest.eu\/de\/startseite\/grenzganger\/frankreich-deutschland\/sozialversicherung\/arbeitsunfalle-und-berufskrankheiten\/leistungen-bei-arbeitsunfahigkeit-wegen-arbeitsunfall-oder-berufskrankheiten\/#breadcrumb\"},\"inLanguage\":\"de\",\"potentialAction\":[{\"@type\":\"ReadAction\",\"target\":[\"https:\/\/frontaliers-grandest.eu\/de\/startseite\/grenzganger\/frankreich-deutschland\/sozialversicherung\/arbeitsunfalle-und-berufskrankheiten\/leistungen-bei-arbeitsunfahigkeit-wegen-arbeitsunfall-oder-berufskrankheiten\/\"]}]},{\"@type\":\"BreadcrumbList\",\"@id\":\"https:\/\/frontaliers-grandest.eu\/de\/startseite\/grenzganger\/frankreich-deutschland\/sozialversicherung\/arbeitsunfalle-und-berufskrankheiten\/leistungen-bei-arbeitsunfahigkeit-wegen-arbeitsunfall-oder-berufskrankheiten\/#breadcrumb\",\"itemListElement\":[{\"@type\":\"ListItem\",\"position\":1,\"name\":\"Startseite\",\"item\":\"https:\/\/frontaliers-grandest.eu\/de\/\"},{\"@type\":\"ListItem\",\"position\":2,\"name\":\"Grenzg\u00e4nger\",\"item\":\"https:\/\/frontaliers-grandest.eu\/de\/startseite\/grenzganger\/\"},{\"@type\":\"ListItem\",\"position\":3,\"name\":\"Frankreich - Deutschland\",\"item\":\"https:\/\/frontaliers-grandest.eu\/de\/startseite\/grenzganger\/frankreich-deutschland\/\"},{\"@type\":\"ListItem\",\"position\":4,\"name\":\"Sozialversicherung in Deutschland\",\"item\":\"https:\/\/frontaliers-grandest.eu\/de\/startseite\/grenzganger\/frankreich-deutschland\/sozialversicherung\/\"},{\"@type\":\"ListItem\",\"position\":5,\"name\":\"Arbeitsunf\u00e4lle und Berufskrankheiten\",\"item\":\"https:\/\/frontaliers-grandest.eu\/de\/startseite\/grenzganger\/frankreich-deutschland\/sozialversicherung\/arbeitsunfalle-und-berufskrankheiten\/\"},{\"@type\":\"ListItem\",\"position\":6,\"name\":\"Leistungen bei Arbeitsunf\u00e4higkeit wegen Arbeitsunfall oder Berufskrankheiten\"}]},{\"@type\":\"WebSite\",\"@id\":\"https:\/\/frontaliers-grandest.eu\/de\/#website\",\"url\":\"https:\/\/frontaliers-grandest.eu\/de\/\",\"name\":\"Frontaliers Grand Est\",\"description\":\"Le site ressource du travail frontalier\",\"publisher\":{\"@id\":\"https:\/\/frontaliers-grandest.eu\/de\/#organization\"},\"alternateName\":\"Frontaliers Grand Est\",\"potentialAction\":[{\"@type\":\"SearchAction\",\"target\":{\"@type\":\"EntryPoint\",\"urlTemplate\":\"https:\/\/frontaliers-grandest.eu\/de\/?s={search_term_string}\"},\"query-input\":{\"@type\":\"PropertyValueSpecification\",\"valueRequired\":true,\"valueName\":\"search_term_string\"}}],\"inLanguage\":\"de\"},{\"@type\":\"Organization\",\"@id\":\"https:\/\/frontaliers-grandest.eu\/de\/#organization\",\"name\":\"Frontaliers Grand Est\",\"alternateName\":\"Frontaliers Grand Est\",\"url\":\"https:\/\/frontaliers-grandest.eu\/de\/\",\"logo\":{\"@type\":\"ImageObject\",\"inLanguage\":\"de\",\"@id\":\"https:\/\/frontaliers-grandest.eu\/de\/#\/schema\/logo\/image\/\",\"url\":\"https:\/\/frontaliers-grandest.eu\/wp-content\/uploads\/2025\/07\/260328234_2966785176920310_3332838526503858160_n.jpg\",\"contentUrl\":\"https:\/\/frontaliers-grandest.eu\/wp-content\/uploads\/2025\/07\/260328234_2966785176920310_3332838526503858160_n.jpg\",\"width\":396,\"height\":396,\"caption\":\"Frontaliers Grand Est\"},\"image\":{\"@id\":\"https:\/\/frontaliers-grandest.eu\/de\/#\/schema\/logo\/image\/\"},\"sameAs\":[\"https:\/\/www.facebook.com\/frontaliers.GR.EST\/?locale=fr_FR\"]}]}<\/script>\n<!-- \/ Yoast SEO plugin. -->","yoast_head_json":{"title":"Leistungen bei Arbeitsunf\u00e4higkeit wegen Arbeitsunfall oder Berufskrankheiten - Frontaliers Grand Est","robots":{"index":"index","follow":"follow","max-snippet":"max-snippet:-1","max-image-preview":"max-image-preview:large","max-video-preview":"max-video-preview:-1"},"canonical":"https:\/\/frontaliers-grandest.eu\/de\/startseite\/grenzganger\/frankreich-deutschland\/sozialversicherung\/arbeitsunfalle-und-berufskrankheiten\/leistungen-bei-arbeitsunfahigkeit-wegen-arbeitsunfall-oder-berufskrankheiten\/","og_locale":"de_DE","og_type":"article","og_title":"Leistungen bei Arbeitsunf\u00e4higkeit wegen Arbeitsunfall oder Berufskrankheiten - Frontaliers Grand Est","og_description":"Bei vor\u00fcbergehender Arbeitsunf\u00e4higkeit Sie haben Sie einen&nbsp;unbefristeten&nbsp;Anspruch auf Sachleistungen,&nbsp;d.h. die gesamte medizinische Versorgung. Was die Geldleistungen anbelangt: Ihr&nbsp;Arbeitgeber&nbsp;ist verpflichtet, Ihnen w\u00e4hrend der&nbsp;ersten 6 Wochen ihrer Erwerbsunf\u00e4higkeit Ihr Gehalt fortzuzahlen. Danach erhalten Sie vom deutschen Versicherungstr\u00e4ger&nbsp;Tagesgeld f\u00fcr vor\u00fcbergehende Arbeitsunf\u00e4higkeit f\u00fcr einen Zeitraum von maximal 78 Wochen&nbsp;(einschlie\u00dflich der ersten 6 Wochen). Diese finanzielle Hilfe betr\u00e4gt 80 % [&hellip;]","og_url":"https:\/\/frontaliers-grandest.eu\/de\/startseite\/grenzganger\/frankreich-deutschland\/sozialversicherung\/arbeitsunfalle-und-berufskrankheiten\/leistungen-bei-arbeitsunfahigkeit-wegen-arbeitsunfall-oder-berufskrankheiten\/","og_site_name":"Frontaliers Grand Est","article_publisher":"https:\/\/www.facebook.com\/frontaliers.GR.EST\/?locale=fr_FR","twitter_card":"summary_large_image","twitter_misc":{"Gesch\u00e4tzte Lesezeit":"2\u00a0Minuten"},"schema":{"@context":"https:\/\/schema.org","@graph":[{"@type":"WebPage","@id":"https:\/\/frontaliers-grandest.eu\/de\/startseite\/grenzganger\/frankreich-deutschland\/sozialversicherung\/arbeitsunfalle-und-berufskrankheiten\/leistungen-bei-arbeitsunfahigkeit-wegen-arbeitsunfall-oder-berufskrankheiten\/","url":"https:\/\/frontaliers-grandest.eu\/de\/startseite\/grenzganger\/frankreich-deutschland\/sozialversicherung\/arbeitsunfalle-und-berufskrankheiten\/leistungen-bei-arbeitsunfahigkeit-wegen-arbeitsunfall-oder-berufskrankheiten\/","name":"Leistungen bei Arbeitsunf\u00e4higkeit wegen Arbeitsunfall oder Berufskrankheiten - Frontaliers Grand Est","isPartOf":{"@id":"https:\/\/frontaliers-grandest.eu\/de\/#website"},"datePublished":"2021-06-07T09:38:59+00:00","breadcrumb":{"@id":"https:\/\/frontaliers-grandest.eu\/de\/startseite\/grenzganger\/frankreich-deutschland\/sozialversicherung\/arbeitsunfalle-und-berufskrankheiten\/leistungen-bei-arbeitsunfahigkeit-wegen-arbeitsunfall-oder-berufskrankheiten\/#breadcrumb"},"inLanguage":"de","potentialAction":[{"@type":"ReadAction","target":["https:\/\/frontaliers-grandest.eu\/de\/startseite\/grenzganger\/frankreich-deutschland\/sozialversicherung\/arbeitsunfalle-und-berufskrankheiten\/leistungen-bei-arbeitsunfahigkeit-wegen-arbeitsunfall-oder-berufskrankheiten\/"]}]},{"@type":"BreadcrumbList","@id":"https:\/\/frontaliers-grandest.eu\/de\/startseite\/grenzganger\/frankreich-deutschland\/sozialversicherung\/arbeitsunfalle-und-berufskrankheiten\/leistungen-bei-arbeitsunfahigkeit-wegen-arbeitsunfall-oder-berufskrankheiten\/#breadcrumb","itemListElement":[{"@type":"ListItem","position":1,"name":"Startseite","item":"https:\/\/frontaliers-grandest.eu\/de\/"},{"@type":"ListItem","position":2,"name":"Grenzg\u00e4nger","item":"https:\/\/frontaliers-grandest.eu\/de\/startseite\/grenzganger\/"},{"@type":"ListItem","position":3,"name":"Frankreich - Deutschland","item":"https:\/\/frontaliers-grandest.eu\/de\/startseite\/grenzganger\/frankreich-deutschland\/"},{"@type":"ListItem","position":4,"name":"Sozialversicherung in Deutschland","item":"https:\/\/frontaliers-grandest.eu\/de\/startseite\/grenzganger\/frankreich-deutschland\/sozialversicherung\/"},{"@type":"ListItem","position":5,"name":"Arbeitsunf\u00e4lle und Berufskrankheiten","item":"https:\/\/frontaliers-grandest.eu\/de\/startseite\/grenzganger\/frankreich-deutschland\/sozialversicherung\/arbeitsunfalle-und-berufskrankheiten\/"},{"@type":"ListItem","position":6,"name":"Leistungen bei Arbeitsunf\u00e4higkeit wegen Arbeitsunfall oder Berufskrankheiten"}]},{"@type":"WebSite","@id":"https:\/\/frontaliers-grandest.eu\/de\/#website","url":"https:\/\/frontaliers-grandest.eu\/de\/","name":"Frontaliers Grand Est","description":"Le site ressource du travail frontalier","publisher":{"@id":"https:\/\/frontaliers-grandest.eu\/de\/#organization"},"alternateName":"Frontaliers Grand Est","potentialAction":[{"@type":"SearchAction","target":{"@type":"EntryPoint","urlTemplate":"https:\/\/frontaliers-grandest.eu\/de\/?s={search_term_string}"},"query-input":{"@type":"PropertyValueSpecification","valueRequired":true,"valueName":"search_term_string"}}],"inLanguage":"de"},{"@type":"Organization","@id":"https:\/\/frontaliers-grandest.eu\/de\/#organization","name":"Frontaliers Grand Est","alternateName":"Frontaliers Grand Est","url":"https:\/\/frontaliers-grandest.eu\/de\/","logo":{"@type":"ImageObject","inLanguage":"de","@id":"https:\/\/frontaliers-grandest.eu\/de\/#\/schema\/logo\/image\/","url":"https:\/\/frontaliers-grandest.eu\/wp-content\/uploads\/2025\/07\/260328234_2966785176920310_3332838526503858160_n.jpg","contentUrl":"https:\/\/frontaliers-grandest.eu\/wp-content\/uploads\/2025\/07\/260328234_2966785176920310_3332838526503858160_n.jpg","width":396,"height":396,"caption":"Frontaliers Grand Est"},"image":{"@id":"https:\/\/frontaliers-grandest.eu\/de\/#\/schema\/logo\/image\/"},"sameAs":["https:\/\/www.facebook.com\/frontaliers.GR.EST\/?locale=fr_FR"]}]}},"frge_page_order":0,"_links":{"self":[{"href":"https:\/\/frontaliers-grandest.eu\/de\/wp-json\/wp\/v2\/pages\/8154","targetHints":{"allow":["GET"]}}],"collection":[{"href":"https:\/\/frontaliers-grandest.eu\/de\/wp-json\/wp\/v2\/pages"}],"about":[{"href":"https:\/\/frontaliers-grandest.eu\/de\/wp-json\/wp\/v2\/types\/page"}],"author":[{"embeddable":true,"href":"https:\/\/frontaliers-grandest.eu\/de\/wp-json\/wp\/v2\/users\/7"}],"replies":[{"embeddable":true,"href":"https:\/\/frontaliers-grandest.eu\/de\/wp-json\/wp\/v2\/comments?post=8154"}],"version-history":[{"count":1,"href":"https:\/\/frontaliers-grandest.eu\/de\/wp-json\/wp\/v2\/pages\/8154\/revisions"}],"predecessor-version":[{"id":8155,"href":"https:\/\/frontaliers-grandest.eu\/de\/wp-json\/wp\/v2\/pages\/8154\/revisions\/8155"}],"up":[{"embeddable":true,"href":"https:\/\/frontaliers-grandest.eu\/de\/wp-json\/wp\/v2\/pages\/8084"}],"wp:attachment":[{"href":"https:\/\/frontaliers-grandest.eu\/de\/wp-json\/wp\/v2\/media?parent=8154"}],"wp:term":[{"taxonomy":"post_tag","embeddable":true,"href":"https:\/\/frontaliers-grandest.eu\/de\/wp-json\/wp\/v2\/tags?post=8154"},{"taxonomy":"frge_profile","embeddable":true,"href":"https:\/\/frontaliers-grandest.eu\/de\/wp-json\/wp\/v2\/frge_profile?post=8154"}],"curies":[{"name":"wp","href":"https:\/\/api.w.org\/{rel}","templated":true}]}}