{"id":8150,"date":"2021-06-07T11:35:32","date_gmt":"2021-06-07T09:35:32","guid":{"rendered":"https:\/\/frontaliers-grandest.eu\/?page_id=8150"},"modified":"2021-06-07T11:36:10","modified_gmt":"2021-06-07T09:36:10","slug":"welche-formalitaten-sind-fur-die-geltendmachung-der-anspruche-erforderlich","status":"publish","type":"page","link":"https:\/\/frontaliers-grandest.eu\/de\/startseite\/grenzganger\/frankreich-deutschland\/sozialversicherung\/arbeitsunfalle-und-berufskrankheiten\/welche-formalitaten-sind-fur-die-geltendmachung-der-anspruche-erforderlich\/","title":{"rendered":"Welche Formalit\u00e4ten sind f\u00fcr die Geltendmachung der Anspr\u00fcche erforderlich?"},"content":{"rendered":"\n<h4 class=\"wp-block-heading\"><strong>Um in Deutschland behandelt zu werden&nbsp;<\/strong><\/h4>\n\n\n\n<p>Handelt es sich um einen Unfall,&nbsp;<strong>muss sich dieser bei Aus\u00fcbung des Berufes ereignet haben.<\/strong><\/p>\n\n\n\n<p>Sie m\u00fcssen unverz\u00fcglich Ihren Arbeitgeber oder seinen Vertreter \u00fcber Ihren Unfall in Kenntnis setzen.<\/p>\n\n\n\n<p><strong>Danach meldet Ihr Arbeitgeber Ihren Unfall seinem Unfallversicherungstr\u00e4ger<\/strong>. Zieht der Arbeitsunfall oder der Wegeunfall eine&nbsp;<strong>Arbeitsunf\u00e4higkeit von mehr als 3 Tagen oder den Tod des Versicherten&nbsp;<\/strong>nach sich, muss der Arbeitgeber den Arbeitsunfall&nbsp;<strong>innerhalb von drei Tagen nach Kenntnisnahme anzeigen.<\/strong><\/p>\n\n\n\n<p><strong>Auf Ihren Antrag hin<\/strong>&nbsp;\u00fcbermittelt Ihnen dann diese Versicherungskasse ein Formular&nbsp;<strong>DA1<\/strong>, mit dem Sie Ihre Leistungsanspr\u00fcche in Frankreich geltend machen k\u00f6nnen.<\/p>\n\n\n\n<p>Zur Feststellung Ihres Arbeitsunfalls oder Ihrer Berufskrankheit m\u00fcssen<strong>&nbsp;Sie so schnell wie m\u00f6glich in Deutschland<\/strong>&nbsp;einen von der deutschen Berufsgenossenschaft zugelassenen Durchgangarzt aufsuchen.<\/p>\n\n\n\n<p>Anschlie\u00dfend m\u00fcssen Sie bei der franz\u00f6sischen CPAM-Ortskrankenkasse die Aush\u00e4ndigung des Vordrucks \u201cFeuille de soins accident du travail\u201d verlangen, um von der Kostenvorauszahlung befreit zu werden.<\/p>\n\n\n\n<h4 class=\"wp-block-heading\"><strong>Um in Frankreich behandelt zu werden<\/strong><\/h4>\n\n\n\n<p>Um Anspruch auf Sachleistungen in Frankreich zu haben, m<strong>\u00fcssen Sie das Formular DA1 an Ihre Krankenversicherungskasse \u00fcbermitteln.<\/strong><\/p>\n\n\n\n<p>Dieses Formular erm\u00f6glicht Ihnen, die R\u00fcckerstattung der Kosten, die mit dem Arbeitsunfall oder der Berufskrankheit verbunden sind, zu erhalten.<\/p>\n","protected":false},"excerpt":{"rendered":"<p>Um in Deutschland behandelt zu werden&nbsp; Handelt es sich um einen Unfall,&nbsp;muss sich dieser bei Aus\u00fcbung des Berufes ereignet haben. Sie m\u00fcssen unverz\u00fcglich Ihren Arbeitgeber oder seinen Vertreter \u00fcber Ihren Unfall in Kenntnis setzen. Danach meldet Ihr Arbeitgeber Ihren Unfall seinem Unfallversicherungstr\u00e4ger. Zieht der Arbeitsunfall oder der Wegeunfall eine&nbsp;Arbeitsunf\u00e4higkeit von mehr als 3 Tagen oder [&hellip;]<\/p>\n","protected":false},"author":7,"featured_media":0,"parent":8084,"menu_order":1,"comment_status":"closed","ping_status":"closed","template":"","meta":{"inline_featured_image":false,"footnotes":""},"tags":[],"frge_profile":[],"class_list":["post-8150","page","type-page","status-publish","hentry"],"yoast_head":"<!-- This site is optimized with the Yoast SEO plugin v27.1.1 - https:\/\/yoast.com\/product\/yoast-seo-wordpress\/ -->\n<title>Welche Formalit\u00e4ten sind f\u00fcr die Geltendmachung der Anspr\u00fcche erforderlich? - Frontaliers Grand Est<\/title>\n<meta name=\"robots\" content=\"index, follow, max-snippet:-1, max-image-preview:large, max-video-preview:-1\" \/>\n<link rel=\"canonical\" href=\"https:\/\/frontaliers-grandest.eu\/de\/startseite\/grenzganger\/frankreich-deutschland\/sozialversicherung\/arbeitsunfalle-und-berufskrankheiten\/welche-formalitaten-sind-fur-die-geltendmachung-der-anspruche-erforderlich\/\" \/>\n<meta property=\"og:locale\" content=\"de_DE\" \/>\n<meta property=\"og:type\" content=\"article\" \/>\n<meta property=\"og:title\" content=\"Welche Formalit\u00e4ten sind f\u00fcr die Geltendmachung der Anspr\u00fcche erforderlich? - Frontaliers Grand Est\" \/>\n<meta property=\"og:description\" content=\"Um in Deutschland behandelt zu werden&nbsp; Handelt es sich um einen Unfall,&nbsp;muss sich dieser bei Aus\u00fcbung des Berufes ereignet haben. Sie m\u00fcssen unverz\u00fcglich Ihren Arbeitgeber oder seinen Vertreter \u00fcber Ihren Unfall in Kenntnis setzen. Danach meldet Ihr Arbeitgeber Ihren Unfall seinem Unfallversicherungstr\u00e4ger. Zieht der Arbeitsunfall oder der Wegeunfall eine&nbsp;Arbeitsunf\u00e4higkeit von mehr als 3 Tagen oder [&hellip;]\" \/>\n<meta property=\"og:url\" content=\"https:\/\/frontaliers-grandest.eu\/de\/startseite\/grenzganger\/frankreich-deutschland\/sozialversicherung\/arbeitsunfalle-und-berufskrankheiten\/welche-formalitaten-sind-fur-die-geltendmachung-der-anspruche-erforderlich\/\" \/>\n<meta property=\"og:site_name\" content=\"Frontaliers Grand Est\" \/>\n<meta property=\"article:publisher\" content=\"https:\/\/www.facebook.com\/frontaliers.GR.EST\/?locale=fr_FR\" \/>\n<meta property=\"article:modified_time\" content=\"2021-06-07T09:36:10+00:00\" \/>\n<meta name=\"twitter:card\" content=\"summary_large_image\" \/>\n<meta name=\"twitter:label1\" content=\"Gesch\u00e4tzte Lesezeit\" \/>\n\t<meta name=\"twitter:data1\" content=\"1\u00a0Minute\" \/>\n<script type=\"application\/ld+json\" class=\"yoast-schema-graph\">{\"@context\":\"https:\/\/schema.org\",\"@graph\":[{\"@type\":\"WebPage\",\"@id\":\"https:\/\/frontaliers-grandest.eu\/de\/startseite\/grenzganger\/frankreich-deutschland\/sozialversicherung\/arbeitsunfalle-und-berufskrankheiten\/welche-formalitaten-sind-fur-die-geltendmachung-der-anspruche-erforderlich\/\",\"url\":\"https:\/\/frontaliers-grandest.eu\/de\/startseite\/grenzganger\/frankreich-deutschland\/sozialversicherung\/arbeitsunfalle-und-berufskrankheiten\/welche-formalitaten-sind-fur-die-geltendmachung-der-anspruche-erforderlich\/\",\"name\":\"Welche Formalit\u00e4ten sind f\u00fcr die Geltendmachung der Anspr\u00fcche erforderlich? - Frontaliers Grand Est\",\"isPartOf\":{\"@id\":\"https:\/\/frontaliers-grandest.eu\/de\/#website\"},\"datePublished\":\"2021-06-07T09:35:32+00:00\",\"dateModified\":\"2021-06-07T09:36:10+00:00\",\"breadcrumb\":{\"@id\":\"https:\/\/frontaliers-grandest.eu\/de\/startseite\/grenzganger\/frankreich-deutschland\/sozialversicherung\/arbeitsunfalle-und-berufskrankheiten\/welche-formalitaten-sind-fur-die-geltendmachung-der-anspruche-erforderlich\/#breadcrumb\"},\"inLanguage\":\"de\",\"potentialAction\":[{\"@type\":\"ReadAction\",\"target\":[\"https:\/\/frontaliers-grandest.eu\/de\/startseite\/grenzganger\/frankreich-deutschland\/sozialversicherung\/arbeitsunfalle-und-berufskrankheiten\/welche-formalitaten-sind-fur-die-geltendmachung-der-anspruche-erforderlich\/\"]}]},{\"@type\":\"BreadcrumbList\",\"@id\":\"https:\/\/frontaliers-grandest.eu\/de\/startseite\/grenzganger\/frankreich-deutschland\/sozialversicherung\/arbeitsunfalle-und-berufskrankheiten\/welche-formalitaten-sind-fur-die-geltendmachung-der-anspruche-erforderlich\/#breadcrumb\",\"itemListElement\":[{\"@type\":\"ListItem\",\"position\":1,\"name\":\"Startseite\",\"item\":\"https:\/\/frontaliers-grandest.eu\/de\/\"},{\"@type\":\"ListItem\",\"position\":2,\"name\":\"Grenzg\u00e4nger\",\"item\":\"https:\/\/frontaliers-grandest.eu\/de\/startseite\/grenzganger\/\"},{\"@type\":\"ListItem\",\"position\":3,\"name\":\"Frankreich - Deutschland\",\"item\":\"https:\/\/frontaliers-grandest.eu\/de\/startseite\/grenzganger\/frankreich-deutschland\/\"},{\"@type\":\"ListItem\",\"position\":4,\"name\":\"Sozialversicherung in Deutschland\",\"item\":\"https:\/\/frontaliers-grandest.eu\/de\/startseite\/grenzganger\/frankreich-deutschland\/sozialversicherung\/\"},{\"@type\":\"ListItem\",\"position\":5,\"name\":\"Arbeitsunf\u00e4lle und Berufskrankheiten\",\"item\":\"https:\/\/frontaliers-grandest.eu\/de\/startseite\/grenzganger\/frankreich-deutschland\/sozialversicherung\/arbeitsunfalle-und-berufskrankheiten\/\"},{\"@type\":\"ListItem\",\"position\":6,\"name\":\"Welche Formalit\u00e4ten sind f\u00fcr die Geltendmachung der Anspr\u00fcche erforderlich?\"}]},{\"@type\":\"WebSite\",\"@id\":\"https:\/\/frontaliers-grandest.eu\/de\/#website\",\"url\":\"https:\/\/frontaliers-grandest.eu\/de\/\",\"name\":\"Frontaliers Grand Est\",\"description\":\"Le site ressource du travail frontalier\",\"publisher\":{\"@id\":\"https:\/\/frontaliers-grandest.eu\/de\/#organization\"},\"alternateName\":\"Frontaliers Grand Est\",\"potentialAction\":[{\"@type\":\"SearchAction\",\"target\":{\"@type\":\"EntryPoint\",\"urlTemplate\":\"https:\/\/frontaliers-grandest.eu\/de\/?s={search_term_string}\"},\"query-input\":{\"@type\":\"PropertyValueSpecification\",\"valueRequired\":true,\"valueName\":\"search_term_string\"}}],\"inLanguage\":\"de\"},{\"@type\":\"Organization\",\"@id\":\"https:\/\/frontaliers-grandest.eu\/de\/#organization\",\"name\":\"Frontaliers Grand Est\",\"alternateName\":\"Frontaliers Grand Est\",\"url\":\"https:\/\/frontaliers-grandest.eu\/de\/\",\"logo\":{\"@type\":\"ImageObject\",\"inLanguage\":\"de\",\"@id\":\"https:\/\/frontaliers-grandest.eu\/de\/#\/schema\/logo\/image\/\",\"url\":\"https:\/\/frontaliers-grandest.eu\/wp-content\/uploads\/2025\/07\/260328234_2966785176920310_3332838526503858160_n.jpg\",\"contentUrl\":\"https:\/\/frontaliers-grandest.eu\/wp-content\/uploads\/2025\/07\/260328234_2966785176920310_3332838526503858160_n.jpg\",\"width\":396,\"height\":396,\"caption\":\"Frontaliers Grand Est\"},\"image\":{\"@id\":\"https:\/\/frontaliers-grandest.eu\/de\/#\/schema\/logo\/image\/\"},\"sameAs\":[\"https:\/\/www.facebook.com\/frontaliers.GR.EST\/?locale=fr_FR\"]}]}<\/script>\n<!-- \/ Yoast SEO plugin. -->","yoast_head_json":{"title":"Welche Formalit\u00e4ten sind f\u00fcr die Geltendmachung der Anspr\u00fcche erforderlich? - Frontaliers Grand Est","robots":{"index":"index","follow":"follow","max-snippet":"max-snippet:-1","max-image-preview":"max-image-preview:large","max-video-preview":"max-video-preview:-1"},"canonical":"https:\/\/frontaliers-grandest.eu\/de\/startseite\/grenzganger\/frankreich-deutschland\/sozialversicherung\/arbeitsunfalle-und-berufskrankheiten\/welche-formalitaten-sind-fur-die-geltendmachung-der-anspruche-erforderlich\/","og_locale":"de_DE","og_type":"article","og_title":"Welche Formalit\u00e4ten sind f\u00fcr die Geltendmachung der Anspr\u00fcche erforderlich? - Frontaliers Grand Est","og_description":"Um in Deutschland behandelt zu werden&nbsp; Handelt es sich um einen Unfall,&nbsp;muss sich dieser bei Aus\u00fcbung des Berufes ereignet haben. Sie m\u00fcssen unverz\u00fcglich Ihren Arbeitgeber oder seinen Vertreter \u00fcber Ihren Unfall in Kenntnis setzen. Danach meldet Ihr Arbeitgeber Ihren Unfall seinem Unfallversicherungstr\u00e4ger. Zieht der Arbeitsunfall oder der Wegeunfall eine&nbsp;Arbeitsunf\u00e4higkeit von mehr als 3 Tagen oder [&hellip;]","og_url":"https:\/\/frontaliers-grandest.eu\/de\/startseite\/grenzganger\/frankreich-deutschland\/sozialversicherung\/arbeitsunfalle-und-berufskrankheiten\/welche-formalitaten-sind-fur-die-geltendmachung-der-anspruche-erforderlich\/","og_site_name":"Frontaliers Grand Est","article_publisher":"https:\/\/www.facebook.com\/frontaliers.GR.EST\/?locale=fr_FR","article_modified_time":"2021-06-07T09:36:10+00:00","twitter_card":"summary_large_image","twitter_misc":{"Gesch\u00e4tzte Lesezeit":"1\u00a0Minute"},"schema":{"@context":"https:\/\/schema.org","@graph":[{"@type":"WebPage","@id":"https:\/\/frontaliers-grandest.eu\/de\/startseite\/grenzganger\/frankreich-deutschland\/sozialversicherung\/arbeitsunfalle-und-berufskrankheiten\/welche-formalitaten-sind-fur-die-geltendmachung-der-anspruche-erforderlich\/","url":"https:\/\/frontaliers-grandest.eu\/de\/startseite\/grenzganger\/frankreich-deutschland\/sozialversicherung\/arbeitsunfalle-und-berufskrankheiten\/welche-formalitaten-sind-fur-die-geltendmachung-der-anspruche-erforderlich\/","name":"Welche Formalit\u00e4ten sind f\u00fcr die Geltendmachung der Anspr\u00fcche erforderlich? - Frontaliers Grand Est","isPartOf":{"@id":"https:\/\/frontaliers-grandest.eu\/de\/#website"},"datePublished":"2021-06-07T09:35:32+00:00","dateModified":"2021-06-07T09:36:10+00:00","breadcrumb":{"@id":"https:\/\/frontaliers-grandest.eu\/de\/startseite\/grenzganger\/frankreich-deutschland\/sozialversicherung\/arbeitsunfalle-und-berufskrankheiten\/welche-formalitaten-sind-fur-die-geltendmachung-der-anspruche-erforderlich\/#breadcrumb"},"inLanguage":"de","potentialAction":[{"@type":"ReadAction","target":["https:\/\/frontaliers-grandest.eu\/de\/startseite\/grenzganger\/frankreich-deutschland\/sozialversicherung\/arbeitsunfalle-und-berufskrankheiten\/welche-formalitaten-sind-fur-die-geltendmachung-der-anspruche-erforderlich\/"]}]},{"@type":"BreadcrumbList","@id":"https:\/\/frontaliers-grandest.eu\/de\/startseite\/grenzganger\/frankreich-deutschland\/sozialversicherung\/arbeitsunfalle-und-berufskrankheiten\/welche-formalitaten-sind-fur-die-geltendmachung-der-anspruche-erforderlich\/#breadcrumb","itemListElement":[{"@type":"ListItem","position":1,"name":"Startseite","item":"https:\/\/frontaliers-grandest.eu\/de\/"},{"@type":"ListItem","position":2,"name":"Grenzg\u00e4nger","item":"https:\/\/frontaliers-grandest.eu\/de\/startseite\/grenzganger\/"},{"@type":"ListItem","position":3,"name":"Frankreich - Deutschland","item":"https:\/\/frontaliers-grandest.eu\/de\/startseite\/grenzganger\/frankreich-deutschland\/"},{"@type":"ListItem","position":4,"name":"Sozialversicherung in Deutschland","item":"https:\/\/frontaliers-grandest.eu\/de\/startseite\/grenzganger\/frankreich-deutschland\/sozialversicherung\/"},{"@type":"ListItem","position":5,"name":"Arbeitsunf\u00e4lle und Berufskrankheiten","item":"https:\/\/frontaliers-grandest.eu\/de\/startseite\/grenzganger\/frankreich-deutschland\/sozialversicherung\/arbeitsunfalle-und-berufskrankheiten\/"},{"@type":"ListItem","position":6,"name":"Welche Formalit\u00e4ten sind f\u00fcr die Geltendmachung der Anspr\u00fcche erforderlich?"}]},{"@type":"WebSite","@id":"https:\/\/frontaliers-grandest.eu\/de\/#website","url":"https:\/\/frontaliers-grandest.eu\/de\/","name":"Frontaliers Grand Est","description":"Le site ressource du travail frontalier","publisher":{"@id":"https:\/\/frontaliers-grandest.eu\/de\/#organization"},"alternateName":"Frontaliers Grand Est","potentialAction":[{"@type":"SearchAction","target":{"@type":"EntryPoint","urlTemplate":"https:\/\/frontaliers-grandest.eu\/de\/?s={search_term_string}"},"query-input":{"@type":"PropertyValueSpecification","valueRequired":true,"valueName":"search_term_string"}}],"inLanguage":"de"},{"@type":"Organization","@id":"https:\/\/frontaliers-grandest.eu\/de\/#organization","name":"Frontaliers Grand Est","alternateName":"Frontaliers Grand Est","url":"https:\/\/frontaliers-grandest.eu\/de\/","logo":{"@type":"ImageObject","inLanguage":"de","@id":"https:\/\/frontaliers-grandest.eu\/de\/#\/schema\/logo\/image\/","url":"https:\/\/frontaliers-grandest.eu\/wp-content\/uploads\/2025\/07\/260328234_2966785176920310_3332838526503858160_n.jpg","contentUrl":"https:\/\/frontaliers-grandest.eu\/wp-content\/uploads\/2025\/07\/260328234_2966785176920310_3332838526503858160_n.jpg","width":396,"height":396,"caption":"Frontaliers Grand Est"},"image":{"@id":"https:\/\/frontaliers-grandest.eu\/de\/#\/schema\/logo\/image\/"},"sameAs":["https:\/\/www.facebook.com\/frontaliers.GR.EST\/?locale=fr_FR"]}]}},"frge_page_order":0,"_links":{"self":[{"href":"https:\/\/frontaliers-grandest.eu\/de\/wp-json\/wp\/v2\/pages\/8150","targetHints":{"allow":["GET"]}}],"collection":[{"href":"https:\/\/frontaliers-grandest.eu\/de\/wp-json\/wp\/v2\/pages"}],"about":[{"href":"https:\/\/frontaliers-grandest.eu\/de\/wp-json\/wp\/v2\/types\/page"}],"author":[{"embeddable":true,"href":"https:\/\/frontaliers-grandest.eu\/de\/wp-json\/wp\/v2\/users\/7"}],"replies":[{"embeddable":true,"href":"https:\/\/frontaliers-grandest.eu\/de\/wp-json\/wp\/v2\/comments?post=8150"}],"version-history":[{"count":2,"href":"https:\/\/frontaliers-grandest.eu\/de\/wp-json\/wp\/v2\/pages\/8150\/revisions"}],"predecessor-version":[{"id":8152,"href":"https:\/\/frontaliers-grandest.eu\/de\/wp-json\/wp\/v2\/pages\/8150\/revisions\/8152"}],"up":[{"embeddable":true,"href":"https:\/\/frontaliers-grandest.eu\/de\/wp-json\/wp\/v2\/pages\/8084"}],"wp:attachment":[{"href":"https:\/\/frontaliers-grandest.eu\/de\/wp-json\/wp\/v2\/media?parent=8150"}],"wp:term":[{"taxonomy":"post_tag","embeddable":true,"href":"https:\/\/frontaliers-grandest.eu\/de\/wp-json\/wp\/v2\/tags?post=8150"},{"taxonomy":"frge_profile","embeddable":true,"href":"https:\/\/frontaliers-grandest.eu\/de\/wp-json\/wp\/v2\/frge_profile?post=8150"}],"curies":[{"name":"wp","href":"https:\/\/api.w.org\/{rel}","templated":true}]}}