{"id":8148,"date":"2021-06-07T11:34:08","date_gmt":"2021-06-07T09:34:08","guid":{"rendered":"https:\/\/frontaliers-grandest.eu\/?page_id=8148"},"modified":"2021-06-07T11:36:36","modified_gmt":"2021-06-07T09:36:36","slug":"welche-risiken-werden-durch-die-unfallversicherung-abgedeckt","status":"publish","type":"page","link":"https:\/\/frontaliers-grandest.eu\/de\/startseite\/grenzganger\/frankreich-deutschland\/sozialversicherung\/arbeitsunfalle-und-berufskrankheiten\/welche-risiken-werden-durch-die-unfallversicherung-abgedeckt\/","title":{"rendered":"Welche Risiken werden durch die Unfallversicherung abgedeckt?"},"content":{"rendered":"\n<p>Die Unfallversicherung gilt f\u00fcr alle in Deutschland besch\u00e4ftigten und auszubildenden Personen.<\/p>\n\n\n\n<p>Ein Arbeitsunfall liegt vor, wenn <strong>ein innerer Zusammenhang zwischen der versicherten T\u00e4tigkeit und dem Unfall besteht<\/strong>\u00a0und auch der eintretende Schaden auf den Unfall zur\u00fcckzuf\u00fchren ist.<\/p>\n\n\n\n<h5 class=\"wp-block-heading\"><strong>Ziel der Unfallversicherung ist es, Versicherte gegen folgende Risiken abzusichern :<\/strong><\/h5>\n\n\n\n<ul class=\"wp-block-list\"><li>Wegeunf\u00e4lle von und zur Arbeit,<\/li><li>Arbeitsunf\u00e4lle,<\/li><li>und Berufskrankheiten.<\/li><\/ul>\n\n\n\n<h5 class=\"wp-block-heading\"><strong>Der Arbeitsunfallsversicherungsschutz gilt nicht :<\/strong><\/h5>\n\n\n\n<ul class=\"wp-block-list\"><li>wenn der Arbeitsunfall vors\u00e4tzlich verursacht wurde,<\/li><li>wenn der Arbeitsunfall auf Alkohol- oder Drogeneinfluss zur\u00fcckzuf\u00fchren ist,<\/li><li>wenn der Wegeunfall sich auf einem erheblichen Umweg ereignet, wenn der Weg r\u00e4umlich unterbrochen wird oder wenn ein schwerwiegender Fehler Ihrerseits vorliegt.<\/li><\/ul>\n","protected":false},"excerpt":{"rendered":"<p>Die Unfallversicherung gilt f\u00fcr alle in Deutschland besch\u00e4ftigten und auszubildenden Personen. Ein Arbeitsunfall liegt vor, wenn ein innerer Zusammenhang zwischen der versicherten T\u00e4tigkeit und dem Unfall besteht\u00a0und auch der eintretende Schaden auf den Unfall zur\u00fcckzuf\u00fchren ist. Ziel der Unfallversicherung ist es, Versicherte gegen folgende Risiken abzusichern : Wegeunf\u00e4lle von und zur Arbeit, Arbeitsunf\u00e4lle, und Berufskrankheiten. [&hellip;]<\/p>\n","protected":false},"author":7,"featured_media":0,"parent":8084,"menu_order":0,"comment_status":"closed","ping_status":"closed","template":"","meta":{"inline_featured_image":false,"footnotes":""},"tags":[],"frge_profile":[],"class_list":["post-8148","page","type-page","status-publish","hentry"],"yoast_head":"<!-- This site is optimized with the Yoast SEO plugin v27.1.1 - https:\/\/yoast.com\/product\/yoast-seo-wordpress\/ -->\n<title>Welche Risiken werden durch die Unfallversicherung abgedeckt? - Frontaliers Grand Est<\/title>\n<meta name=\"robots\" content=\"index, follow, max-snippet:-1, max-image-preview:large, max-video-preview:-1\" \/>\n<link rel=\"canonical\" href=\"https:\/\/frontaliers-grandest.eu\/de\/startseite\/grenzganger\/frankreich-deutschland\/sozialversicherung\/arbeitsunfalle-und-berufskrankheiten\/welche-risiken-werden-durch-die-unfallversicherung-abgedeckt\/\" \/>\n<meta property=\"og:locale\" content=\"de_DE\" \/>\n<meta property=\"og:type\" content=\"article\" \/>\n<meta property=\"og:title\" content=\"Welche Risiken werden durch die Unfallversicherung abgedeckt? - Frontaliers Grand Est\" \/>\n<meta property=\"og:description\" content=\"Die Unfallversicherung gilt f\u00fcr alle in Deutschland besch\u00e4ftigten und auszubildenden Personen. Ein Arbeitsunfall liegt vor, wenn ein innerer Zusammenhang zwischen der versicherten T\u00e4tigkeit und dem Unfall besteht\u00a0und auch der eintretende Schaden auf den Unfall zur\u00fcckzuf\u00fchren ist. Ziel der Unfallversicherung ist es, Versicherte gegen folgende Risiken abzusichern : Wegeunf\u00e4lle von und zur Arbeit, Arbeitsunf\u00e4lle, und Berufskrankheiten. [&hellip;]\" \/>\n<meta property=\"og:url\" content=\"https:\/\/frontaliers-grandest.eu\/de\/startseite\/grenzganger\/frankreich-deutschland\/sozialversicherung\/arbeitsunfalle-und-berufskrankheiten\/welche-risiken-werden-durch-die-unfallversicherung-abgedeckt\/\" \/>\n<meta property=\"og:site_name\" content=\"Frontaliers Grand Est\" \/>\n<meta property=\"article:publisher\" content=\"https:\/\/www.facebook.com\/frontaliers.GR.EST\/?locale=fr_FR\" \/>\n<meta property=\"article:modified_time\" content=\"2021-06-07T09:36:36+00:00\" \/>\n<meta name=\"twitter:card\" content=\"summary_large_image\" \/>\n<meta name=\"twitter:label1\" content=\"Gesch\u00e4tzte Lesezeit\" \/>\n\t<meta name=\"twitter:data1\" content=\"1\u00a0Minute\" \/>\n<script type=\"application\/ld+json\" class=\"yoast-schema-graph\">{\"@context\":\"https:\/\/schema.org\",\"@graph\":[{\"@type\":\"WebPage\",\"@id\":\"https:\/\/frontaliers-grandest.eu\/de\/startseite\/grenzganger\/frankreich-deutschland\/sozialversicherung\/arbeitsunfalle-und-berufskrankheiten\/welche-risiken-werden-durch-die-unfallversicherung-abgedeckt\/\",\"url\":\"https:\/\/frontaliers-grandest.eu\/de\/startseite\/grenzganger\/frankreich-deutschland\/sozialversicherung\/arbeitsunfalle-und-berufskrankheiten\/welche-risiken-werden-durch-die-unfallversicherung-abgedeckt\/\",\"name\":\"Welche Risiken werden durch die Unfallversicherung abgedeckt? - Frontaliers Grand Est\",\"isPartOf\":{\"@id\":\"https:\/\/frontaliers-grandest.eu\/de\/#website\"},\"datePublished\":\"2021-06-07T09:34:08+00:00\",\"dateModified\":\"2021-06-07T09:36:36+00:00\",\"breadcrumb\":{\"@id\":\"https:\/\/frontaliers-grandest.eu\/de\/startseite\/grenzganger\/frankreich-deutschland\/sozialversicherung\/arbeitsunfalle-und-berufskrankheiten\/welche-risiken-werden-durch-die-unfallversicherung-abgedeckt\/#breadcrumb\"},\"inLanguage\":\"de\",\"potentialAction\":[{\"@type\":\"ReadAction\",\"target\":[\"https:\/\/frontaliers-grandest.eu\/de\/startseite\/grenzganger\/frankreich-deutschland\/sozialversicherung\/arbeitsunfalle-und-berufskrankheiten\/welche-risiken-werden-durch-die-unfallversicherung-abgedeckt\/\"]}]},{\"@type\":\"BreadcrumbList\",\"@id\":\"https:\/\/frontaliers-grandest.eu\/de\/startseite\/grenzganger\/frankreich-deutschland\/sozialversicherung\/arbeitsunfalle-und-berufskrankheiten\/welche-risiken-werden-durch-die-unfallversicherung-abgedeckt\/#breadcrumb\",\"itemListElement\":[{\"@type\":\"ListItem\",\"position\":1,\"name\":\"Startseite\",\"item\":\"https:\/\/frontaliers-grandest.eu\/de\/\"},{\"@type\":\"ListItem\",\"position\":2,\"name\":\"Grenzg\u00e4nger\",\"item\":\"https:\/\/frontaliers-grandest.eu\/de\/startseite\/grenzganger\/\"},{\"@type\":\"ListItem\",\"position\":3,\"name\":\"Frankreich - Deutschland\",\"item\":\"https:\/\/frontaliers-grandest.eu\/de\/startseite\/grenzganger\/frankreich-deutschland\/\"},{\"@type\":\"ListItem\",\"position\":4,\"name\":\"Sozialversicherung in Deutschland\",\"item\":\"https:\/\/frontaliers-grandest.eu\/de\/startseite\/grenzganger\/frankreich-deutschland\/sozialversicherung\/\"},{\"@type\":\"ListItem\",\"position\":5,\"name\":\"Arbeitsunf\u00e4lle und Berufskrankheiten\",\"item\":\"https:\/\/frontaliers-grandest.eu\/de\/startseite\/grenzganger\/frankreich-deutschland\/sozialversicherung\/arbeitsunfalle-und-berufskrankheiten\/\"},{\"@type\":\"ListItem\",\"position\":6,\"name\":\"Welche Risiken werden durch die Unfallversicherung abgedeckt?\"}]},{\"@type\":\"WebSite\",\"@id\":\"https:\/\/frontaliers-grandest.eu\/de\/#website\",\"url\":\"https:\/\/frontaliers-grandest.eu\/de\/\",\"name\":\"Frontaliers Grand Est\",\"description\":\"Le site ressource du travail frontalier\",\"publisher\":{\"@id\":\"https:\/\/frontaliers-grandest.eu\/de\/#organization\"},\"alternateName\":\"Frontaliers Grand Est\",\"potentialAction\":[{\"@type\":\"SearchAction\",\"target\":{\"@type\":\"EntryPoint\",\"urlTemplate\":\"https:\/\/frontaliers-grandest.eu\/de\/?s={search_term_string}\"},\"query-input\":{\"@type\":\"PropertyValueSpecification\",\"valueRequired\":true,\"valueName\":\"search_term_string\"}}],\"inLanguage\":\"de\"},{\"@type\":\"Organization\",\"@id\":\"https:\/\/frontaliers-grandest.eu\/de\/#organization\",\"name\":\"Frontaliers Grand Est\",\"alternateName\":\"Frontaliers Grand Est\",\"url\":\"https:\/\/frontaliers-grandest.eu\/de\/\",\"logo\":{\"@type\":\"ImageObject\",\"inLanguage\":\"de\",\"@id\":\"https:\/\/frontaliers-grandest.eu\/de\/#\/schema\/logo\/image\/\",\"url\":\"https:\/\/frontaliers-grandest.eu\/wp-content\/uploads\/2025\/07\/260328234_2966785176920310_3332838526503858160_n.jpg\",\"contentUrl\":\"https:\/\/frontaliers-grandest.eu\/wp-content\/uploads\/2025\/07\/260328234_2966785176920310_3332838526503858160_n.jpg\",\"width\":396,\"height\":396,\"caption\":\"Frontaliers Grand Est\"},\"image\":{\"@id\":\"https:\/\/frontaliers-grandest.eu\/de\/#\/schema\/logo\/image\/\"},\"sameAs\":[\"https:\/\/www.facebook.com\/frontaliers.GR.EST\/?locale=fr_FR\"]}]}<\/script>\n<!-- \/ Yoast SEO plugin. -->","yoast_head_json":{"title":"Welche Risiken werden durch die Unfallversicherung abgedeckt? - Frontaliers Grand Est","robots":{"index":"index","follow":"follow","max-snippet":"max-snippet:-1","max-image-preview":"max-image-preview:large","max-video-preview":"max-video-preview:-1"},"canonical":"https:\/\/frontaliers-grandest.eu\/de\/startseite\/grenzganger\/frankreich-deutschland\/sozialversicherung\/arbeitsunfalle-und-berufskrankheiten\/welche-risiken-werden-durch-die-unfallversicherung-abgedeckt\/","og_locale":"de_DE","og_type":"article","og_title":"Welche Risiken werden durch die Unfallversicherung abgedeckt? - Frontaliers Grand Est","og_description":"Die Unfallversicherung gilt f\u00fcr alle in Deutschland besch\u00e4ftigten und auszubildenden Personen. Ein Arbeitsunfall liegt vor, wenn ein innerer Zusammenhang zwischen der versicherten T\u00e4tigkeit und dem Unfall besteht\u00a0und auch der eintretende Schaden auf den Unfall zur\u00fcckzuf\u00fchren ist. Ziel der Unfallversicherung ist es, Versicherte gegen folgende Risiken abzusichern : Wegeunf\u00e4lle von und zur Arbeit, Arbeitsunf\u00e4lle, und Berufskrankheiten. [&hellip;]","og_url":"https:\/\/frontaliers-grandest.eu\/de\/startseite\/grenzganger\/frankreich-deutschland\/sozialversicherung\/arbeitsunfalle-und-berufskrankheiten\/welche-risiken-werden-durch-die-unfallversicherung-abgedeckt\/","og_site_name":"Frontaliers Grand Est","article_publisher":"https:\/\/www.facebook.com\/frontaliers.GR.EST\/?locale=fr_FR","article_modified_time":"2021-06-07T09:36:36+00:00","twitter_card":"summary_large_image","twitter_misc":{"Gesch\u00e4tzte Lesezeit":"1\u00a0Minute"},"schema":{"@context":"https:\/\/schema.org","@graph":[{"@type":"WebPage","@id":"https:\/\/frontaliers-grandest.eu\/de\/startseite\/grenzganger\/frankreich-deutschland\/sozialversicherung\/arbeitsunfalle-und-berufskrankheiten\/welche-risiken-werden-durch-die-unfallversicherung-abgedeckt\/","url":"https:\/\/frontaliers-grandest.eu\/de\/startseite\/grenzganger\/frankreich-deutschland\/sozialversicherung\/arbeitsunfalle-und-berufskrankheiten\/welche-risiken-werden-durch-die-unfallversicherung-abgedeckt\/","name":"Welche Risiken werden durch die Unfallversicherung abgedeckt? - Frontaliers Grand Est","isPartOf":{"@id":"https:\/\/frontaliers-grandest.eu\/de\/#website"},"datePublished":"2021-06-07T09:34:08+00:00","dateModified":"2021-06-07T09:36:36+00:00","breadcrumb":{"@id":"https:\/\/frontaliers-grandest.eu\/de\/startseite\/grenzganger\/frankreich-deutschland\/sozialversicherung\/arbeitsunfalle-und-berufskrankheiten\/welche-risiken-werden-durch-die-unfallversicherung-abgedeckt\/#breadcrumb"},"inLanguage":"de","potentialAction":[{"@type":"ReadAction","target":["https:\/\/frontaliers-grandest.eu\/de\/startseite\/grenzganger\/frankreich-deutschland\/sozialversicherung\/arbeitsunfalle-und-berufskrankheiten\/welche-risiken-werden-durch-die-unfallversicherung-abgedeckt\/"]}]},{"@type":"BreadcrumbList","@id":"https:\/\/frontaliers-grandest.eu\/de\/startseite\/grenzganger\/frankreich-deutschland\/sozialversicherung\/arbeitsunfalle-und-berufskrankheiten\/welche-risiken-werden-durch-die-unfallversicherung-abgedeckt\/#breadcrumb","itemListElement":[{"@type":"ListItem","position":1,"name":"Startseite","item":"https:\/\/frontaliers-grandest.eu\/de\/"},{"@type":"ListItem","position":2,"name":"Grenzg\u00e4nger","item":"https:\/\/frontaliers-grandest.eu\/de\/startseite\/grenzganger\/"},{"@type":"ListItem","position":3,"name":"Frankreich - Deutschland","item":"https:\/\/frontaliers-grandest.eu\/de\/startseite\/grenzganger\/frankreich-deutschland\/"},{"@type":"ListItem","position":4,"name":"Sozialversicherung in Deutschland","item":"https:\/\/frontaliers-grandest.eu\/de\/startseite\/grenzganger\/frankreich-deutschland\/sozialversicherung\/"},{"@type":"ListItem","position":5,"name":"Arbeitsunf\u00e4lle und Berufskrankheiten","item":"https:\/\/frontaliers-grandest.eu\/de\/startseite\/grenzganger\/frankreich-deutschland\/sozialversicherung\/arbeitsunfalle-und-berufskrankheiten\/"},{"@type":"ListItem","position":6,"name":"Welche Risiken werden durch die Unfallversicherung abgedeckt?"}]},{"@type":"WebSite","@id":"https:\/\/frontaliers-grandest.eu\/de\/#website","url":"https:\/\/frontaliers-grandest.eu\/de\/","name":"Frontaliers Grand Est","description":"Le site ressource du travail frontalier","publisher":{"@id":"https:\/\/frontaliers-grandest.eu\/de\/#organization"},"alternateName":"Frontaliers Grand Est","potentialAction":[{"@type":"SearchAction","target":{"@type":"EntryPoint","urlTemplate":"https:\/\/frontaliers-grandest.eu\/de\/?s={search_term_string}"},"query-input":{"@type":"PropertyValueSpecification","valueRequired":true,"valueName":"search_term_string"}}],"inLanguage":"de"},{"@type":"Organization","@id":"https:\/\/frontaliers-grandest.eu\/de\/#organization","name":"Frontaliers Grand Est","alternateName":"Frontaliers Grand Est","url":"https:\/\/frontaliers-grandest.eu\/de\/","logo":{"@type":"ImageObject","inLanguage":"de","@id":"https:\/\/frontaliers-grandest.eu\/de\/#\/schema\/logo\/image\/","url":"https:\/\/frontaliers-grandest.eu\/wp-content\/uploads\/2025\/07\/260328234_2966785176920310_3332838526503858160_n.jpg","contentUrl":"https:\/\/frontaliers-grandest.eu\/wp-content\/uploads\/2025\/07\/260328234_2966785176920310_3332838526503858160_n.jpg","width":396,"height":396,"caption":"Frontaliers Grand Est"},"image":{"@id":"https:\/\/frontaliers-grandest.eu\/de\/#\/schema\/logo\/image\/"},"sameAs":["https:\/\/www.facebook.com\/frontaliers.GR.EST\/?locale=fr_FR"]}]}},"frge_page_order":0,"_links":{"self":[{"href":"https:\/\/frontaliers-grandest.eu\/de\/wp-json\/wp\/v2\/pages\/8148","targetHints":{"allow":["GET"]}}],"collection":[{"href":"https:\/\/frontaliers-grandest.eu\/de\/wp-json\/wp\/v2\/pages"}],"about":[{"href":"https:\/\/frontaliers-grandest.eu\/de\/wp-json\/wp\/v2\/types\/page"}],"author":[{"embeddable":true,"href":"https:\/\/frontaliers-grandest.eu\/de\/wp-json\/wp\/v2\/users\/7"}],"replies":[{"embeddable":true,"href":"https:\/\/frontaliers-grandest.eu\/de\/wp-json\/wp\/v2\/comments?post=8148"}],"version-history":[{"count":2,"href":"https:\/\/frontaliers-grandest.eu\/de\/wp-json\/wp\/v2\/pages\/8148\/revisions"}],"predecessor-version":[{"id":8153,"href":"https:\/\/frontaliers-grandest.eu\/de\/wp-json\/wp\/v2\/pages\/8148\/revisions\/8153"}],"up":[{"embeddable":true,"href":"https:\/\/frontaliers-grandest.eu\/de\/wp-json\/wp\/v2\/pages\/8084"}],"wp:attachment":[{"href":"https:\/\/frontaliers-grandest.eu\/de\/wp-json\/wp\/v2\/media?parent=8148"}],"wp:term":[{"taxonomy":"post_tag","embeddable":true,"href":"https:\/\/frontaliers-grandest.eu\/de\/wp-json\/wp\/v2\/tags?post=8148"},{"taxonomy":"frge_profile","embeddable":true,"href":"https:\/\/frontaliers-grandest.eu\/de\/wp-json\/wp\/v2\/frge_profile?post=8148"}],"curies":[{"name":"wp","href":"https:\/\/api.w.org\/{rel}","templated":true}]}}