{"id":8140,"date":"2021-06-07T11:23:53","date_gmt":"2021-06-07T09:23:53","guid":{"rendered":"https:\/\/frontaliers-grandest.eu\/?page_id=8140"},"modified":"2021-06-07T11:23:53","modified_gmt":"2021-06-07T09:23:53","slug":"welche-formalitaten-sind-erforderlich","status":"publish","type":"page","link":"https:\/\/frontaliers-grandest.eu\/de\/startseite\/grenzganger\/frankreich-deutschland\/sozialversicherung\/die-krankenversicherung\/welche-formalitaten-sind-erforderlich\/","title":{"rendered":"Welche Formalit\u00e4ten sind erforderlich ?"},"content":{"rendered":"\n<h4 class=\"wp-block-heading\"><strong>Um in Deutschland behandelt werden zu k\u00f6nnen<\/strong><\/h4>\n\n\n\n<p>Bevor Sie Ihre bezahlte T\u00e4tigkeit aufnehmen, m\u00fcssen Sie sich f\u00fcr eine Krankenkasse entscheiden, bei der Sie in die Krankenversicherung einzahlen. Anschlie\u00dfend\u00a0<strong>m\u00fcssen Sie Ihrem Arbeitgeber die gew\u00e4hlte Krankenkasse nennen<\/strong>, er wird Sie dann dort anmelden. Anschlie\u00dfend erhalten Sie von der Krankenversicherung Ihre Versicherungskarte.<\/p>\n\n\n\n<h4 class=\"wp-block-heading\"><strong>Damie Sie und Ihre Familie in Ihrem Wohnland behandelt werden k\u00f6nnen\u00a0<\/strong><\/h4>\n\n\n\n<p>Zusammen mit Ihrer Versicherungskarte erhalten Sie von der deutschen Krankenkasse auch das&nbsp;<strong>Formular S1&nbsp;(seit&nbsp;dem Inkrafttreten der Verordnung&nbsp;883\/2004).<\/strong><\/p>\n\n\n\n<p>Damit Ihnen und Ihrer Familie Sachleistungen in Ihrem Wohnland gew\u00e4hrt werden k\u00f6nnen, m\u00fcssen Sie sich bei der Kranken- und Mutterschaftskasse (<em>Caisse d\u2019Assurance Maladie-Maternit\u00e9)<\/em>&nbsp;Ihres Wohnortes einschreiben.<\/p>\n\n\n\n<h5 class=\"wp-block-heading\"><strong>Hierzu ben\u00f6tigen Sie das&nbsp;Formular S1<\/strong><\/h5>\n\n\n\n<ul class=\"wp-block-list\"><li>f\u00fcr Sie und f\u00fcr Ihre Familienmitglieder, wenn diese in Frankreich wohnen<\/li><li>f\u00fcr Ihre Familienmitglieder, wenn diese nicht in Frankreich wohnen<\/li><\/ul>\n\n\n\n<p><strong>Durch diese Einschreibung&nbsp;wird Ihr Versicherungsschutz auf alle Familienmitglieder ausgeweitet \u2013<\/strong>&nbsp;VORAUSGESETZT, Ihr Ehepartner arbeitet nicht in Frankreich, da er in diesem Fall selbst durch das franz\u00f6sische Krankenversicherungssystem versichert ist.<\/p>\n\n\n\n<p><strong>In diesem Fall&nbsp;sind auch Ihre Kinder durch das franz\u00f6sische Krankenversicherungssystem abgesichert.&nbsp;<\/strong><\/p>\n\n\n\n<p>Seit dem 1. Juli 2005 m\u00fcssen Sie einen behandelnden<strong>&nbsp;Hausarzt<\/strong>&nbsp;(<em>m\u00e9decin traitant<\/em>)haben, der Sie in Gesundheitsfragen betreut und Sie gegebenenfalls an andere \u00c4rzte \u00fcberweist. Halten Sie diesen sogenannten Versorgungsablauf (<em>parcours de soins<\/em>) nicht ein und wenden sich also nicht zun\u00e4chst an Ihren Hausarzt, werden Ihnen die Arztkosten nur in geringerem Umfang erstattet.<\/p>\n\n\n\n<p>Die vorgeschriebene Konsultation Ihres behandelnden Arztes gilt nur, wenn Sie sich in Frankreich behandeln lassen.&nbsp;<\/p>\n\n\n\n<p><strong>Bei Behandlungen in Deutschland ist es nicht mehr notwendig, zun\u00e4chst den Hausarzt aufzusuchen, da Sie dann dem deutschen Versicherungssystem unterliegen.<\/strong>&nbsp;Es ist f\u00fcr Sie m\u00f6glich, Ihren behandelnden Arzt in Deutschland zu haben, insofern er bestimmten Kriterien entspricht. F\u00fcr weitere Informationen wenden Sie sich bitte an Ihre CPAM .<\/p>\n\n\n\n<p>Es ist wichtig, die zust\u00e4ndige deutsche Struktur sowie die CPAM Ihres Wohnortes oder des Wohnortes Ihrer Familie zu benachrichtigen, falls Sie&nbsp;umziehen oder Ihre Aktivit\u00e4t in Deutschland beenden.<\/p>\n","protected":false},"excerpt":{"rendered":"<p>Um in Deutschland behandelt werden zu k\u00f6nnen Bevor Sie Ihre bezahlte T\u00e4tigkeit aufnehmen, m\u00fcssen Sie sich f\u00fcr eine Krankenkasse entscheiden, bei der Sie in die Krankenversicherung einzahlen. Anschlie\u00dfend\u00a0m\u00fcssen Sie Ihrem Arbeitgeber die gew\u00e4hlte Krankenkasse nennen, er wird Sie dann dort anmelden. Anschlie\u00dfend erhalten Sie von der Krankenversicherung Ihre Versicherungskarte. Damie Sie und Ihre Familie in [&hellip;]<\/p>\n","protected":false},"author":7,"featured_media":0,"parent":8082,"menu_order":1,"comment_status":"closed","ping_status":"closed","template":"","meta":{"inline_featured_image":false,"footnotes":""},"tags":[],"frge_profile":[],"class_list":["post-8140","page","type-page","status-publish","hentry"],"yoast_head":"<!-- This site is optimized with the Yoast SEO plugin v27.1.1 - https:\/\/yoast.com\/product\/yoast-seo-wordpress\/ -->\n<title>Welche Formalit\u00e4ten sind erforderlich ? - Frontaliers Grand Est<\/title>\n<meta name=\"robots\" content=\"index, follow, max-snippet:-1, max-image-preview:large, max-video-preview:-1\" \/>\n<link rel=\"canonical\" href=\"https:\/\/frontaliers-grandest.eu\/de\/startseite\/grenzganger\/frankreich-deutschland\/sozialversicherung\/die-krankenversicherung\/welche-formalitaten-sind-erforderlich\/\" \/>\n<meta property=\"og:locale\" content=\"de_DE\" \/>\n<meta property=\"og:type\" content=\"article\" \/>\n<meta property=\"og:title\" content=\"Welche Formalit\u00e4ten sind erforderlich ? - Frontaliers Grand Est\" \/>\n<meta property=\"og:description\" content=\"Um in Deutschland behandelt werden zu k\u00f6nnen Bevor Sie Ihre bezahlte T\u00e4tigkeit aufnehmen, m\u00fcssen Sie sich f\u00fcr eine Krankenkasse entscheiden, bei der Sie in die Krankenversicherung einzahlen. Anschlie\u00dfend\u00a0m\u00fcssen Sie Ihrem Arbeitgeber die gew\u00e4hlte Krankenkasse nennen, er wird Sie dann dort anmelden. Anschlie\u00dfend erhalten Sie von der Krankenversicherung Ihre Versicherungskarte. Damie Sie und Ihre Familie in [&hellip;]\" \/>\n<meta property=\"og:url\" content=\"https:\/\/frontaliers-grandest.eu\/de\/startseite\/grenzganger\/frankreich-deutschland\/sozialversicherung\/die-krankenversicherung\/welche-formalitaten-sind-erforderlich\/\" \/>\n<meta property=\"og:site_name\" content=\"Frontaliers Grand Est\" \/>\n<meta property=\"article:publisher\" content=\"https:\/\/www.facebook.com\/frontaliers.GR.EST\/?locale=fr_FR\" \/>\n<meta name=\"twitter:card\" content=\"summary_large_image\" \/>\n<meta name=\"twitter:label1\" content=\"Gesch\u00e4tzte Lesezeit\" \/>\n\t<meta name=\"twitter:data1\" content=\"2\u00a0Minuten\" \/>\n<script type=\"application\/ld+json\" class=\"yoast-schema-graph\">{\"@context\":\"https:\/\/schema.org\",\"@graph\":[{\"@type\":\"WebPage\",\"@id\":\"https:\/\/frontaliers-grandest.eu\/de\/startseite\/grenzganger\/frankreich-deutschland\/sozialversicherung\/die-krankenversicherung\/welche-formalitaten-sind-erforderlich\/\",\"url\":\"https:\/\/frontaliers-grandest.eu\/de\/startseite\/grenzganger\/frankreich-deutschland\/sozialversicherung\/die-krankenversicherung\/welche-formalitaten-sind-erforderlich\/\",\"name\":\"Welche Formalit\u00e4ten sind erforderlich ? - Frontaliers Grand Est\",\"isPartOf\":{\"@id\":\"https:\/\/frontaliers-grandest.eu\/de\/#website\"},\"datePublished\":\"2021-06-07T09:23:53+00:00\",\"breadcrumb\":{\"@id\":\"https:\/\/frontaliers-grandest.eu\/de\/startseite\/grenzganger\/frankreich-deutschland\/sozialversicherung\/die-krankenversicherung\/welche-formalitaten-sind-erforderlich\/#breadcrumb\"},\"inLanguage\":\"de\",\"potentialAction\":[{\"@type\":\"ReadAction\",\"target\":[\"https:\/\/frontaliers-grandest.eu\/de\/startseite\/grenzganger\/frankreich-deutschland\/sozialversicherung\/die-krankenversicherung\/welche-formalitaten-sind-erforderlich\/\"]}]},{\"@type\":\"BreadcrumbList\",\"@id\":\"https:\/\/frontaliers-grandest.eu\/de\/startseite\/grenzganger\/frankreich-deutschland\/sozialversicherung\/die-krankenversicherung\/welche-formalitaten-sind-erforderlich\/#breadcrumb\",\"itemListElement\":[{\"@type\":\"ListItem\",\"position\":1,\"name\":\"Startseite\",\"item\":\"https:\/\/frontaliers-grandest.eu\/de\/\"},{\"@type\":\"ListItem\",\"position\":2,\"name\":\"Grenzg\u00e4nger\",\"item\":\"https:\/\/frontaliers-grandest.eu\/de\/startseite\/grenzganger\/\"},{\"@type\":\"ListItem\",\"position\":3,\"name\":\"Frankreich - Deutschland\",\"item\":\"https:\/\/frontaliers-grandest.eu\/de\/startseite\/grenzganger\/frankreich-deutschland\/\"},{\"@type\":\"ListItem\",\"position\":4,\"name\":\"Sozialversicherung in Deutschland\",\"item\":\"https:\/\/frontaliers-grandest.eu\/de\/startseite\/grenzganger\/frankreich-deutschland\/sozialversicherung\/\"},{\"@type\":\"ListItem\",\"position\":5,\"name\":\"Die Krankenversicherung\",\"item\":\"https:\/\/frontaliers-grandest.eu\/de\/startseite\/grenzganger\/frankreich-deutschland\/sozialversicherung\/die-krankenversicherung\/\"},{\"@type\":\"ListItem\",\"position\":6,\"name\":\"Welche Formalit\u00e4ten sind erforderlich ?\"}]},{\"@type\":\"WebSite\",\"@id\":\"https:\/\/frontaliers-grandest.eu\/de\/#website\",\"url\":\"https:\/\/frontaliers-grandest.eu\/de\/\",\"name\":\"Frontaliers Grand Est\",\"description\":\"Le site ressource du travail frontalier\",\"publisher\":{\"@id\":\"https:\/\/frontaliers-grandest.eu\/de\/#organization\"},\"alternateName\":\"Frontaliers Grand Est\",\"potentialAction\":[{\"@type\":\"SearchAction\",\"target\":{\"@type\":\"EntryPoint\",\"urlTemplate\":\"https:\/\/frontaliers-grandest.eu\/de\/?s={search_term_string}\"},\"query-input\":{\"@type\":\"PropertyValueSpecification\",\"valueRequired\":true,\"valueName\":\"search_term_string\"}}],\"inLanguage\":\"de\"},{\"@type\":\"Organization\",\"@id\":\"https:\/\/frontaliers-grandest.eu\/de\/#organization\",\"name\":\"Frontaliers Grand Est\",\"alternateName\":\"Frontaliers Grand Est\",\"url\":\"https:\/\/frontaliers-grandest.eu\/de\/\",\"logo\":{\"@type\":\"ImageObject\",\"inLanguage\":\"de\",\"@id\":\"https:\/\/frontaliers-grandest.eu\/de\/#\/schema\/logo\/image\/\",\"url\":\"https:\/\/frontaliers-grandest.eu\/wp-content\/uploads\/2025\/07\/260328234_2966785176920310_3332838526503858160_n.jpg\",\"contentUrl\":\"https:\/\/frontaliers-grandest.eu\/wp-content\/uploads\/2025\/07\/260328234_2966785176920310_3332838526503858160_n.jpg\",\"width\":396,\"height\":396,\"caption\":\"Frontaliers Grand Est\"},\"image\":{\"@id\":\"https:\/\/frontaliers-grandest.eu\/de\/#\/schema\/logo\/image\/\"},\"sameAs\":[\"https:\/\/www.facebook.com\/frontaliers.GR.EST\/?locale=fr_FR\"]}]}<\/script>\n<!-- \/ Yoast SEO plugin. -->","yoast_head_json":{"title":"Welche Formalit\u00e4ten sind erforderlich ? - Frontaliers Grand Est","robots":{"index":"index","follow":"follow","max-snippet":"max-snippet:-1","max-image-preview":"max-image-preview:large","max-video-preview":"max-video-preview:-1"},"canonical":"https:\/\/frontaliers-grandest.eu\/de\/startseite\/grenzganger\/frankreich-deutschland\/sozialversicherung\/die-krankenversicherung\/welche-formalitaten-sind-erforderlich\/","og_locale":"de_DE","og_type":"article","og_title":"Welche Formalit\u00e4ten sind erforderlich ? - Frontaliers Grand Est","og_description":"Um in Deutschland behandelt werden zu k\u00f6nnen Bevor Sie Ihre bezahlte T\u00e4tigkeit aufnehmen, m\u00fcssen Sie sich f\u00fcr eine Krankenkasse entscheiden, bei der Sie in die Krankenversicherung einzahlen. Anschlie\u00dfend\u00a0m\u00fcssen Sie Ihrem Arbeitgeber die gew\u00e4hlte Krankenkasse nennen, er wird Sie dann dort anmelden. Anschlie\u00dfend erhalten Sie von der Krankenversicherung Ihre Versicherungskarte. Damie Sie und Ihre Familie in [&hellip;]","og_url":"https:\/\/frontaliers-grandest.eu\/de\/startseite\/grenzganger\/frankreich-deutschland\/sozialversicherung\/die-krankenversicherung\/welche-formalitaten-sind-erforderlich\/","og_site_name":"Frontaliers Grand Est","article_publisher":"https:\/\/www.facebook.com\/frontaliers.GR.EST\/?locale=fr_FR","twitter_card":"summary_large_image","twitter_misc":{"Gesch\u00e4tzte Lesezeit":"2\u00a0Minuten"},"schema":{"@context":"https:\/\/schema.org","@graph":[{"@type":"WebPage","@id":"https:\/\/frontaliers-grandest.eu\/de\/startseite\/grenzganger\/frankreich-deutschland\/sozialversicherung\/die-krankenversicherung\/welche-formalitaten-sind-erforderlich\/","url":"https:\/\/frontaliers-grandest.eu\/de\/startseite\/grenzganger\/frankreich-deutschland\/sozialversicherung\/die-krankenversicherung\/welche-formalitaten-sind-erforderlich\/","name":"Welche Formalit\u00e4ten sind erforderlich ? - Frontaliers Grand Est","isPartOf":{"@id":"https:\/\/frontaliers-grandest.eu\/de\/#website"},"datePublished":"2021-06-07T09:23:53+00:00","breadcrumb":{"@id":"https:\/\/frontaliers-grandest.eu\/de\/startseite\/grenzganger\/frankreich-deutschland\/sozialversicherung\/die-krankenversicherung\/welche-formalitaten-sind-erforderlich\/#breadcrumb"},"inLanguage":"de","potentialAction":[{"@type":"ReadAction","target":["https:\/\/frontaliers-grandest.eu\/de\/startseite\/grenzganger\/frankreich-deutschland\/sozialversicherung\/die-krankenversicherung\/welche-formalitaten-sind-erforderlich\/"]}]},{"@type":"BreadcrumbList","@id":"https:\/\/frontaliers-grandest.eu\/de\/startseite\/grenzganger\/frankreich-deutschland\/sozialversicherung\/die-krankenversicherung\/welche-formalitaten-sind-erforderlich\/#breadcrumb","itemListElement":[{"@type":"ListItem","position":1,"name":"Startseite","item":"https:\/\/frontaliers-grandest.eu\/de\/"},{"@type":"ListItem","position":2,"name":"Grenzg\u00e4nger","item":"https:\/\/frontaliers-grandest.eu\/de\/startseite\/grenzganger\/"},{"@type":"ListItem","position":3,"name":"Frankreich - Deutschland","item":"https:\/\/frontaliers-grandest.eu\/de\/startseite\/grenzganger\/frankreich-deutschland\/"},{"@type":"ListItem","position":4,"name":"Sozialversicherung in Deutschland","item":"https:\/\/frontaliers-grandest.eu\/de\/startseite\/grenzganger\/frankreich-deutschland\/sozialversicherung\/"},{"@type":"ListItem","position":5,"name":"Die Krankenversicherung","item":"https:\/\/frontaliers-grandest.eu\/de\/startseite\/grenzganger\/frankreich-deutschland\/sozialversicherung\/die-krankenversicherung\/"},{"@type":"ListItem","position":6,"name":"Welche Formalit\u00e4ten sind erforderlich ?"}]},{"@type":"WebSite","@id":"https:\/\/frontaliers-grandest.eu\/de\/#website","url":"https:\/\/frontaliers-grandest.eu\/de\/","name":"Frontaliers Grand Est","description":"Le site ressource du travail frontalier","publisher":{"@id":"https:\/\/frontaliers-grandest.eu\/de\/#organization"},"alternateName":"Frontaliers Grand Est","potentialAction":[{"@type":"SearchAction","target":{"@type":"EntryPoint","urlTemplate":"https:\/\/frontaliers-grandest.eu\/de\/?s={search_term_string}"},"query-input":{"@type":"PropertyValueSpecification","valueRequired":true,"valueName":"search_term_string"}}],"inLanguage":"de"},{"@type":"Organization","@id":"https:\/\/frontaliers-grandest.eu\/de\/#organization","name":"Frontaliers Grand Est","alternateName":"Frontaliers Grand Est","url":"https:\/\/frontaliers-grandest.eu\/de\/","logo":{"@type":"ImageObject","inLanguage":"de","@id":"https:\/\/frontaliers-grandest.eu\/de\/#\/schema\/logo\/image\/","url":"https:\/\/frontaliers-grandest.eu\/wp-content\/uploads\/2025\/07\/260328234_2966785176920310_3332838526503858160_n.jpg","contentUrl":"https:\/\/frontaliers-grandest.eu\/wp-content\/uploads\/2025\/07\/260328234_2966785176920310_3332838526503858160_n.jpg","width":396,"height":396,"caption":"Frontaliers Grand Est"},"image":{"@id":"https:\/\/frontaliers-grandest.eu\/de\/#\/schema\/logo\/image\/"},"sameAs":["https:\/\/www.facebook.com\/frontaliers.GR.EST\/?locale=fr_FR"]}]}},"frge_page_order":0,"_links":{"self":[{"href":"https:\/\/frontaliers-grandest.eu\/de\/wp-json\/wp\/v2\/pages\/8140","targetHints":{"allow":["GET"]}}],"collection":[{"href":"https:\/\/frontaliers-grandest.eu\/de\/wp-json\/wp\/v2\/pages"}],"about":[{"href":"https:\/\/frontaliers-grandest.eu\/de\/wp-json\/wp\/v2\/types\/page"}],"author":[{"embeddable":true,"href":"https:\/\/frontaliers-grandest.eu\/de\/wp-json\/wp\/v2\/users\/7"}],"replies":[{"embeddable":true,"href":"https:\/\/frontaliers-grandest.eu\/de\/wp-json\/wp\/v2\/comments?post=8140"}],"version-history":[{"count":1,"href":"https:\/\/frontaliers-grandest.eu\/de\/wp-json\/wp\/v2\/pages\/8140\/revisions"}],"predecessor-version":[{"id":8141,"href":"https:\/\/frontaliers-grandest.eu\/de\/wp-json\/wp\/v2\/pages\/8140\/revisions\/8141"}],"up":[{"embeddable":true,"href":"https:\/\/frontaliers-grandest.eu\/de\/wp-json\/wp\/v2\/pages\/8082"}],"wp:attachment":[{"href":"https:\/\/frontaliers-grandest.eu\/de\/wp-json\/wp\/v2\/media?parent=8140"}],"wp:term":[{"taxonomy":"post_tag","embeddable":true,"href":"https:\/\/frontaliers-grandest.eu\/de\/wp-json\/wp\/v2\/tags?post=8140"},{"taxonomy":"frge_profile","embeddable":true,"href":"https:\/\/frontaliers-grandest.eu\/de\/wp-json\/wp\/v2\/frge_profile?post=8140"}],"curies":[{"name":"wp","href":"https:\/\/api.w.org\/{rel}","templated":true}]}}