{"id":8130,"date":"2021-06-07T11:08:11","date_gmt":"2021-06-07T09:08:11","guid":{"rendered":"https:\/\/frontaliers-grandest.eu\/?page_id=8130"},"modified":"2021-06-07T11:08:11","modified_gmt":"2021-06-07T09:08:11","slug":"wie-ist-ihr-mutterschutz","status":"publish","type":"page","link":"https:\/\/frontaliers-grandest.eu\/de\/startseite\/grenzganger\/frankreich-deutschland\/sozialversicherung\/die-mutterschaftsversicherung-und-die-elternzeit-in-deutschland\/wie-ist-ihr-mutterschutz\/","title":{"rendered":"Wie ist Ihr Mutterschutz ?"},"content":{"rendered":"\n<h4 class=\"wp-block-heading\"><strong>Sie sind Grenzg\u00e4ngerin<\/strong>\u00a0<\/h4>\n\n\n\n<p>Sie k\u00f6nnen&nbsp;<strong>Sachleistungen in Anspruch nehmen.&nbsp;<\/strong>Sie k\u00f6nnen eine \u00e4rztliche Behandlung in Deutschland oder in Frankreich bekommen, unter der Bedingungen, dass Sie bei Ihrer Wohnortkrankenkasse anhand&nbsp;<strong>eines Dokuments S1 angemeldet sind.<\/strong><\/p>\n\n\n\n<p>Sie k\u00f6nnen&nbsp;<strong>Geldleistungen in Anspruch nehmen, wenn Sie vor Ihrem Mutterschaftsurlaub in Deutschland arbeiten<\/strong>.<\/p>\n\n\n\n<p>Das Mutterschaftsgeld wird Ihnen<strong>&nbsp;f\u00fcr die Dauer des Mutterschaftsurlaubs gezahlt<\/strong>&nbsp;(w\u00e4hrend 6 Wochen vor und &nbsp;w\u00e4hrend 8 Wochen nach der Entbindung). Sie erhalten Tagegeld,&nbsp;<strong>das 100 % des Nettoverdienstes, das Ihnen&nbsp; in den drei Monaten vor Ihrem Mutterschaftsurlaub beglichen wurde,<\/strong>&nbsp;entspricht.<\/p>\n\n\n\n<p>Ein Teil der Mutterschaftshilfe wird von Ihrer Krankenkasse (Maximum 13 \u20ac pro Tag) \u00fcbernommen, der andere Teil von Ihrem Arbeitgeber.<\/p>\n\n\n\n<p>Vorsicht,&nbsp;<strong>f\u00fcr die Grenzg\u00e4nger wird eine theoretische Einkommenssteuer f\u00fcr das Errechnen des Mutterschaftsgelds ber\u00fccksichtigt.<\/strong><\/p>\n\n\n\n<p>Um Sachleistungen zu bekommen, m\u00fcssen Sie Ihrer Krankenkasse eine Schwangerschafts-bescheinigung\u00a0<strong>\u00a07 Wochen vor dem Geburtstermin\u00a0 zukommen lassen.<\/strong><\/p>\n\n\n\n<h4 class=\"wp-block-heading\"><strong>Sie sind bei einem Grenzg\u00e4nger mitversichert, der Krankenversichert ist<\/strong><\/h4>\n\n\n\n<p>Sie k\u00f6nnen Sachleistungen in Ihrem Wohnland oder in Ihrem Arbeitsland in Anspruch nehmen, unter der Bedingung, dass Sie bei einer regionalen Krankenkasse anhand eines&nbsp;<strong>Formulars DP S1 angemeldet sind,<\/strong>&nbsp;wenn Sie in Frankreich wohnen.<\/p>\n\n\n\n<p>Wenn Sie in einem anderen Staat wohnen,&nbsp;<strong>m\u00fcssen Sie sich bei der Krankenkasse Ihres Wohnorts anhand des Formulars DP S1 anmelden<\/strong><\/p>\n","protected":false},"excerpt":{"rendered":"<p>Sie sind Grenzg\u00e4ngerin\u00a0 Sie k\u00f6nnen&nbsp;Sachleistungen in Anspruch nehmen.&nbsp;Sie k\u00f6nnen eine \u00e4rztliche Behandlung in Deutschland oder in Frankreich bekommen, unter der Bedingungen, dass Sie bei Ihrer Wohnortkrankenkasse anhand&nbsp;eines Dokuments S1 angemeldet sind. Sie k\u00f6nnen&nbsp;Geldleistungen in Anspruch nehmen, wenn Sie vor Ihrem Mutterschaftsurlaub in Deutschland arbeiten. Das Mutterschaftsgeld wird Ihnen&nbsp;f\u00fcr die Dauer des Mutterschaftsurlaubs gezahlt&nbsp;(w\u00e4hrend 6 Wochen [&hellip;]<\/p>\n","protected":false},"author":7,"featured_media":0,"parent":8080,"menu_order":0,"comment_status":"closed","ping_status":"closed","template":"","meta":{"inline_featured_image":false,"footnotes":""},"tags":[],"frge_profile":[],"class_list":["post-8130","page","type-page","status-publish","hentry"],"yoast_head":"<!-- This site is optimized with the Yoast SEO plugin v27.1.1 - https:\/\/yoast.com\/product\/yoast-seo-wordpress\/ -->\n<title>Wie ist Ihr Mutterschutz ? - Frontaliers Grand Est<\/title>\n<meta name=\"robots\" content=\"index, follow, max-snippet:-1, max-image-preview:large, max-video-preview:-1\" \/>\n<link rel=\"canonical\" href=\"https:\/\/frontaliers-grandest.eu\/de\/startseite\/grenzganger\/frankreich-deutschland\/sozialversicherung\/die-mutterschaftsversicherung-und-die-elternzeit-in-deutschland\/wie-ist-ihr-mutterschutz\/\" \/>\n<meta property=\"og:locale\" content=\"de_DE\" \/>\n<meta property=\"og:type\" content=\"article\" \/>\n<meta property=\"og:title\" content=\"Wie ist Ihr Mutterschutz ? - Frontaliers Grand Est\" \/>\n<meta property=\"og:description\" content=\"Sie sind Grenzg\u00e4ngerin\u00a0 Sie k\u00f6nnen&nbsp;Sachleistungen in Anspruch nehmen.&nbsp;Sie k\u00f6nnen eine \u00e4rztliche Behandlung in Deutschland oder in Frankreich bekommen, unter der Bedingungen, dass Sie bei Ihrer Wohnortkrankenkasse anhand&nbsp;eines Dokuments S1 angemeldet sind. Sie k\u00f6nnen&nbsp;Geldleistungen in Anspruch nehmen, wenn Sie vor Ihrem Mutterschaftsurlaub in Deutschland arbeiten. Das Mutterschaftsgeld wird Ihnen&nbsp;f\u00fcr die Dauer des Mutterschaftsurlaubs gezahlt&nbsp;(w\u00e4hrend 6 Wochen [&hellip;]\" \/>\n<meta property=\"og:url\" content=\"https:\/\/frontaliers-grandest.eu\/de\/startseite\/grenzganger\/frankreich-deutschland\/sozialversicherung\/die-mutterschaftsversicherung-und-die-elternzeit-in-deutschland\/wie-ist-ihr-mutterschutz\/\" \/>\n<meta property=\"og:site_name\" content=\"Frontaliers Grand Est\" \/>\n<meta property=\"article:publisher\" content=\"https:\/\/www.facebook.com\/frontaliers.GR.EST\/?locale=fr_FR\" \/>\n<meta name=\"twitter:card\" content=\"summary_large_image\" \/>\n<meta name=\"twitter:label1\" content=\"Gesch\u00e4tzte Lesezeit\" \/>\n\t<meta name=\"twitter:data1\" content=\"1\u00a0Minute\" \/>\n<script type=\"application\/ld+json\" class=\"yoast-schema-graph\">{\"@context\":\"https:\/\/schema.org\",\"@graph\":[{\"@type\":\"WebPage\",\"@id\":\"https:\/\/frontaliers-grandest.eu\/de\/startseite\/grenzganger\/frankreich-deutschland\/sozialversicherung\/die-mutterschaftsversicherung-und-die-elternzeit-in-deutschland\/wie-ist-ihr-mutterschutz\/\",\"url\":\"https:\/\/frontaliers-grandest.eu\/de\/startseite\/grenzganger\/frankreich-deutschland\/sozialversicherung\/die-mutterschaftsversicherung-und-die-elternzeit-in-deutschland\/wie-ist-ihr-mutterschutz\/\",\"name\":\"Wie ist Ihr Mutterschutz ? - Frontaliers Grand Est\",\"isPartOf\":{\"@id\":\"https:\/\/frontaliers-grandest.eu\/de\/#website\"},\"datePublished\":\"2021-06-07T09:08:11+00:00\",\"breadcrumb\":{\"@id\":\"https:\/\/frontaliers-grandest.eu\/de\/startseite\/grenzganger\/frankreich-deutschland\/sozialversicherung\/die-mutterschaftsversicherung-und-die-elternzeit-in-deutschland\/wie-ist-ihr-mutterschutz\/#breadcrumb\"},\"inLanguage\":\"de\",\"potentialAction\":[{\"@type\":\"ReadAction\",\"target\":[\"https:\/\/frontaliers-grandest.eu\/de\/startseite\/grenzganger\/frankreich-deutschland\/sozialversicherung\/die-mutterschaftsversicherung-und-die-elternzeit-in-deutschland\/wie-ist-ihr-mutterschutz\/\"]}]},{\"@type\":\"BreadcrumbList\",\"@id\":\"https:\/\/frontaliers-grandest.eu\/de\/startseite\/grenzganger\/frankreich-deutschland\/sozialversicherung\/die-mutterschaftsversicherung-und-die-elternzeit-in-deutschland\/wie-ist-ihr-mutterschutz\/#breadcrumb\",\"itemListElement\":[{\"@type\":\"ListItem\",\"position\":1,\"name\":\"Startseite\",\"item\":\"https:\/\/frontaliers-grandest.eu\/de\/\"},{\"@type\":\"ListItem\",\"position\":2,\"name\":\"Grenzg\u00e4nger\",\"item\":\"https:\/\/frontaliers-grandest.eu\/de\/startseite\/grenzganger\/\"},{\"@type\":\"ListItem\",\"position\":3,\"name\":\"Frankreich - Deutschland\",\"item\":\"https:\/\/frontaliers-grandest.eu\/de\/startseite\/grenzganger\/frankreich-deutschland\/\"},{\"@type\":\"ListItem\",\"position\":4,\"name\":\"Sozialversicherung in Deutschland\",\"item\":\"https:\/\/frontaliers-grandest.eu\/de\/startseite\/grenzganger\/frankreich-deutschland\/sozialversicherung\/\"},{\"@type\":\"ListItem\",\"position\":5,\"name\":\"Die Mutterschaftsversicherung und die Elternzeit in Deutschland\",\"item\":\"https:\/\/frontaliers-grandest.eu\/de\/startseite\/grenzganger\/frankreich-deutschland\/sozialversicherung\/die-mutterschaftsversicherung-und-die-elternzeit-in-deutschland\/\"},{\"@type\":\"ListItem\",\"position\":6,\"name\":\"Wie ist Ihr Mutterschutz ?\"}]},{\"@type\":\"WebSite\",\"@id\":\"https:\/\/frontaliers-grandest.eu\/de\/#website\",\"url\":\"https:\/\/frontaliers-grandest.eu\/de\/\",\"name\":\"Frontaliers Grand Est\",\"description\":\"Le site ressource du travail frontalier\",\"publisher\":{\"@id\":\"https:\/\/frontaliers-grandest.eu\/de\/#organization\"},\"alternateName\":\"Frontaliers Grand Est\",\"potentialAction\":[{\"@type\":\"SearchAction\",\"target\":{\"@type\":\"EntryPoint\",\"urlTemplate\":\"https:\/\/frontaliers-grandest.eu\/de\/?s={search_term_string}\"},\"query-input\":{\"@type\":\"PropertyValueSpecification\",\"valueRequired\":true,\"valueName\":\"search_term_string\"}}],\"inLanguage\":\"de\"},{\"@type\":\"Organization\",\"@id\":\"https:\/\/frontaliers-grandest.eu\/de\/#organization\",\"name\":\"Frontaliers Grand Est\",\"alternateName\":\"Frontaliers Grand Est\",\"url\":\"https:\/\/frontaliers-grandest.eu\/de\/\",\"logo\":{\"@type\":\"ImageObject\",\"inLanguage\":\"de\",\"@id\":\"https:\/\/frontaliers-grandest.eu\/de\/#\/schema\/logo\/image\/\",\"url\":\"https:\/\/frontaliers-grandest.eu\/wp-content\/uploads\/2025\/07\/260328234_2966785176920310_3332838526503858160_n.jpg\",\"contentUrl\":\"https:\/\/frontaliers-grandest.eu\/wp-content\/uploads\/2025\/07\/260328234_2966785176920310_3332838526503858160_n.jpg\",\"width\":396,\"height\":396,\"caption\":\"Frontaliers Grand Est\"},\"image\":{\"@id\":\"https:\/\/frontaliers-grandest.eu\/de\/#\/schema\/logo\/image\/\"},\"sameAs\":[\"https:\/\/www.facebook.com\/frontaliers.GR.EST\/?locale=fr_FR\"]}]}<\/script>\n<!-- \/ Yoast SEO plugin. -->","yoast_head_json":{"title":"Wie ist Ihr Mutterschutz ? - Frontaliers Grand Est","robots":{"index":"index","follow":"follow","max-snippet":"max-snippet:-1","max-image-preview":"max-image-preview:large","max-video-preview":"max-video-preview:-1"},"canonical":"https:\/\/frontaliers-grandest.eu\/de\/startseite\/grenzganger\/frankreich-deutschland\/sozialversicherung\/die-mutterschaftsversicherung-und-die-elternzeit-in-deutschland\/wie-ist-ihr-mutterschutz\/","og_locale":"de_DE","og_type":"article","og_title":"Wie ist Ihr Mutterschutz ? - Frontaliers Grand Est","og_description":"Sie sind Grenzg\u00e4ngerin\u00a0 Sie k\u00f6nnen&nbsp;Sachleistungen in Anspruch nehmen.&nbsp;Sie k\u00f6nnen eine \u00e4rztliche Behandlung in Deutschland oder in Frankreich bekommen, unter der Bedingungen, dass Sie bei Ihrer Wohnortkrankenkasse anhand&nbsp;eines Dokuments S1 angemeldet sind. Sie k\u00f6nnen&nbsp;Geldleistungen in Anspruch nehmen, wenn Sie vor Ihrem Mutterschaftsurlaub in Deutschland arbeiten. Das Mutterschaftsgeld wird Ihnen&nbsp;f\u00fcr die Dauer des Mutterschaftsurlaubs gezahlt&nbsp;(w\u00e4hrend 6 Wochen [&hellip;]","og_url":"https:\/\/frontaliers-grandest.eu\/de\/startseite\/grenzganger\/frankreich-deutschland\/sozialversicherung\/die-mutterschaftsversicherung-und-die-elternzeit-in-deutschland\/wie-ist-ihr-mutterschutz\/","og_site_name":"Frontaliers Grand Est","article_publisher":"https:\/\/www.facebook.com\/frontaliers.GR.EST\/?locale=fr_FR","twitter_card":"summary_large_image","twitter_misc":{"Gesch\u00e4tzte Lesezeit":"1\u00a0Minute"},"schema":{"@context":"https:\/\/schema.org","@graph":[{"@type":"WebPage","@id":"https:\/\/frontaliers-grandest.eu\/de\/startseite\/grenzganger\/frankreich-deutschland\/sozialversicherung\/die-mutterschaftsversicherung-und-die-elternzeit-in-deutschland\/wie-ist-ihr-mutterschutz\/","url":"https:\/\/frontaliers-grandest.eu\/de\/startseite\/grenzganger\/frankreich-deutschland\/sozialversicherung\/die-mutterschaftsversicherung-und-die-elternzeit-in-deutschland\/wie-ist-ihr-mutterschutz\/","name":"Wie ist Ihr Mutterschutz ? - Frontaliers Grand Est","isPartOf":{"@id":"https:\/\/frontaliers-grandest.eu\/de\/#website"},"datePublished":"2021-06-07T09:08:11+00:00","breadcrumb":{"@id":"https:\/\/frontaliers-grandest.eu\/de\/startseite\/grenzganger\/frankreich-deutschland\/sozialversicherung\/die-mutterschaftsversicherung-und-die-elternzeit-in-deutschland\/wie-ist-ihr-mutterschutz\/#breadcrumb"},"inLanguage":"de","potentialAction":[{"@type":"ReadAction","target":["https:\/\/frontaliers-grandest.eu\/de\/startseite\/grenzganger\/frankreich-deutschland\/sozialversicherung\/die-mutterschaftsversicherung-und-die-elternzeit-in-deutschland\/wie-ist-ihr-mutterschutz\/"]}]},{"@type":"BreadcrumbList","@id":"https:\/\/frontaliers-grandest.eu\/de\/startseite\/grenzganger\/frankreich-deutschland\/sozialversicherung\/die-mutterschaftsversicherung-und-die-elternzeit-in-deutschland\/wie-ist-ihr-mutterschutz\/#breadcrumb","itemListElement":[{"@type":"ListItem","position":1,"name":"Startseite","item":"https:\/\/frontaliers-grandest.eu\/de\/"},{"@type":"ListItem","position":2,"name":"Grenzg\u00e4nger","item":"https:\/\/frontaliers-grandest.eu\/de\/startseite\/grenzganger\/"},{"@type":"ListItem","position":3,"name":"Frankreich - Deutschland","item":"https:\/\/frontaliers-grandest.eu\/de\/startseite\/grenzganger\/frankreich-deutschland\/"},{"@type":"ListItem","position":4,"name":"Sozialversicherung in Deutschland","item":"https:\/\/frontaliers-grandest.eu\/de\/startseite\/grenzganger\/frankreich-deutschland\/sozialversicherung\/"},{"@type":"ListItem","position":5,"name":"Die Mutterschaftsversicherung und die Elternzeit in Deutschland","item":"https:\/\/frontaliers-grandest.eu\/de\/startseite\/grenzganger\/frankreich-deutschland\/sozialversicherung\/die-mutterschaftsversicherung-und-die-elternzeit-in-deutschland\/"},{"@type":"ListItem","position":6,"name":"Wie ist Ihr Mutterschutz ?"}]},{"@type":"WebSite","@id":"https:\/\/frontaliers-grandest.eu\/de\/#website","url":"https:\/\/frontaliers-grandest.eu\/de\/","name":"Frontaliers Grand Est","description":"Le site ressource du travail frontalier","publisher":{"@id":"https:\/\/frontaliers-grandest.eu\/de\/#organization"},"alternateName":"Frontaliers Grand Est","potentialAction":[{"@type":"SearchAction","target":{"@type":"EntryPoint","urlTemplate":"https:\/\/frontaliers-grandest.eu\/de\/?s={search_term_string}"},"query-input":{"@type":"PropertyValueSpecification","valueRequired":true,"valueName":"search_term_string"}}],"inLanguage":"de"},{"@type":"Organization","@id":"https:\/\/frontaliers-grandest.eu\/de\/#organization","name":"Frontaliers Grand Est","alternateName":"Frontaliers Grand Est","url":"https:\/\/frontaliers-grandest.eu\/de\/","logo":{"@type":"ImageObject","inLanguage":"de","@id":"https:\/\/frontaliers-grandest.eu\/de\/#\/schema\/logo\/image\/","url":"https:\/\/frontaliers-grandest.eu\/wp-content\/uploads\/2025\/07\/260328234_2966785176920310_3332838526503858160_n.jpg","contentUrl":"https:\/\/frontaliers-grandest.eu\/wp-content\/uploads\/2025\/07\/260328234_2966785176920310_3332838526503858160_n.jpg","width":396,"height":396,"caption":"Frontaliers Grand Est"},"image":{"@id":"https:\/\/frontaliers-grandest.eu\/de\/#\/schema\/logo\/image\/"},"sameAs":["https:\/\/www.facebook.com\/frontaliers.GR.EST\/?locale=fr_FR"]}]}},"frge_page_order":0,"_links":{"self":[{"href":"https:\/\/frontaliers-grandest.eu\/de\/wp-json\/wp\/v2\/pages\/8130","targetHints":{"allow":["GET"]}}],"collection":[{"href":"https:\/\/frontaliers-grandest.eu\/de\/wp-json\/wp\/v2\/pages"}],"about":[{"href":"https:\/\/frontaliers-grandest.eu\/de\/wp-json\/wp\/v2\/types\/page"}],"author":[{"embeddable":true,"href":"https:\/\/frontaliers-grandest.eu\/de\/wp-json\/wp\/v2\/users\/7"}],"replies":[{"embeddable":true,"href":"https:\/\/frontaliers-grandest.eu\/de\/wp-json\/wp\/v2\/comments?post=8130"}],"version-history":[{"count":1,"href":"https:\/\/frontaliers-grandest.eu\/de\/wp-json\/wp\/v2\/pages\/8130\/revisions"}],"predecessor-version":[{"id":8131,"href":"https:\/\/frontaliers-grandest.eu\/de\/wp-json\/wp\/v2\/pages\/8130\/revisions\/8131"}],"up":[{"embeddable":true,"href":"https:\/\/frontaliers-grandest.eu\/de\/wp-json\/wp\/v2\/pages\/8080"}],"wp:attachment":[{"href":"https:\/\/frontaliers-grandest.eu\/de\/wp-json\/wp\/v2\/media?parent=8130"}],"wp:term":[{"taxonomy":"post_tag","embeddable":true,"href":"https:\/\/frontaliers-grandest.eu\/de\/wp-json\/wp\/v2\/tags?post=8130"},{"taxonomy":"frge_profile","embeddable":true,"href":"https:\/\/frontaliers-grandest.eu\/de\/wp-json\/wp\/v2\/frge_profile?post=8130"}],"curies":[{"name":"wp","href":"https:\/\/api.w.org\/{rel}","templated":true}]}}