{"id":8127,"date":"2021-06-07T11:05:00","date_gmt":"2021-06-07T09:05:00","guid":{"rendered":"https:\/\/frontaliers-grandest.eu\/?page_id=8127"},"modified":"2024-05-31T11:56:09","modified_gmt":"2024-05-31T09:56:09","slug":"recht-auf-altersrente","status":"publish","type":"page","link":"https:\/\/frontaliers-grandest.eu\/de\/startseite\/grenzganger\/frankreich-deutschland\/sozialversicherung\/die-arbeitslosenversicherung\/recht-auf-altersrente\/","title":{"rendered":"Recht auf Altersrente"},"content":{"rendered":"\n<h2 class=\"wp-block-heading\">Erwerb von Altersrente rechten<\/h2>\n\n\n\n<p>Die Rechte auf Altersrente sind<strong>&nbsp;unterschiedlich, je nachdem Sie Arbeitslosengeld bekommen oder nicht.<\/strong><\/p>\n\n\n\n<h3 class=\"wp-block-heading\">Arbeitslosengeldempf\u00e4nger<\/h3>\n\n\n\n<p>Arbeitslose, die Arbeitslosengeld von France Travail bekommen,\u00a0<strong>erhalten automatisch Beitrags-Trimester<\/strong>. Jede Periode von Arbeitslosenunterst\u00fctzung, die 50 Tage betr\u00e4gt, entspricht einem Beitrags-Trimester (maximal 4 Trimester pro Jahr).<\/p>\n\n\n\n<h3 class=\"wp-block-heading\">Arbeitslose ohne Arbeitslosenunterst\u00fctzung<\/h3>\n\n\n\n<p>F\u00fcr die Personen, die kein Arbeitslosengeld beziehen, wird die Arbeitslosenzeit f\u00fcr die Altersrente auf folgende Weise ber\u00fccksichtigt&nbsp;:<\/p>\n\n\n\n<ul class=\"wp-block-list\">\n<li>Die erste Arbeitslosenperiode (ein Jahr maximal) wird ber\u00fccksichtigt<\/li>\n\n\n\n<li>Wenn eine unentsch\u00e4digte Arbeitslosenzeit ununterbrochen einer entsch\u00e4digten Arbeitslosenzeit folgt, wird diese Periode f\u00fcr ein Jahr maximal ber\u00fccksichtigt.<\/li>\n<\/ul>\n\n\n\n<h2 class=\"wp-block-heading\">Festzetzung der Rente\u00a0<\/h2>\n\n\n\n<p>Seit dem 1. Juli 2011 wird das Alter, wo die Arbeitslosenunterst\u00fctzung nicht mehr bezahlt wird,<strong>&nbsp;um vier Monate pro Generation verschoben<\/strong>. Auf jeden Fall h\u00f6rt die Arbeitslosenunterst\u00fctzung &nbsp;in 65 Jahren gezahlt werden.<\/p>\n\n\n\n<h3 class=\"wp-block-heading\">Die Altersgrenze erreicht f\u00fcr die Personen, die ab dem 1. Januar 1956 geboren sind :<\/h3>\n\n\n\n<ul class=\"wp-block-list\">\n<li>62 Jahre, wenn die Anzahl der Beitrags-Trimester ausreicht, um eine Vollrente zu erhalten<\/li>\n\n\n\n<li>67 Jahre maximal, wenn die Anzahl der Beitrags-Trimester nicht ausreicht.<\/li>\n<\/ul>\n\n\n\n<p><strong>Das gesetzliche Pensionsalter in Deutschland betr\u00e4gt von 65 bis 67 Jahren je nach dem Geburtsjahr (zwischen 1947 und 1964), ab 1964 \u2013 67 Jahre.<\/strong><\/p>\n","protected":false},"excerpt":{"rendered":"<p>Erwerb von Altersrente rechten Die Rechte auf Altersrente sind&nbsp;unterschiedlich, je nachdem Sie Arbeitslosengeld bekommen oder nicht. Arbeitslosengeldempf\u00e4nger Arbeitslose, die Arbeitslosengeld von France Travail bekommen,\u00a0erhalten automatisch Beitrags-Trimester. Jede Periode von Arbeitslosenunterst\u00fctzung, die 50 Tage betr\u00e4gt, entspricht einem Beitrags-Trimester (maximal 4 Trimester pro Jahr). Arbeitslose ohne Arbeitslosenunterst\u00fctzung F\u00fcr die Personen, die kein Arbeitslosengeld beziehen, wird die Arbeitslosenzeit [&hellip;]<\/p>\n","protected":false},"author":7,"featured_media":0,"parent":8078,"menu_order":3,"comment_status":"closed","ping_status":"closed","template":"","meta":{"inline_featured_image":false,"footnotes":""},"tags":[],"frge_profile":[],"class_list":["post-8127","page","type-page","status-publish","hentry"],"yoast_head":"<!-- This site is optimized with the Yoast SEO plugin v27.1.1 - https:\/\/yoast.com\/product\/yoast-seo-wordpress\/ -->\n<title>Recht auf Altersrente - Frontaliers Grand Est<\/title>\n<meta name=\"robots\" content=\"index, follow, max-snippet:-1, max-image-preview:large, max-video-preview:-1\" \/>\n<link rel=\"canonical\" href=\"https:\/\/frontaliers-grandest.eu\/de\/startseite\/grenzganger\/frankreich-deutschland\/sozialversicherung\/die-arbeitslosenversicherung\/recht-auf-altersrente\/\" \/>\n<meta property=\"og:locale\" content=\"de_DE\" \/>\n<meta property=\"og:type\" content=\"article\" \/>\n<meta property=\"og:title\" content=\"Recht auf Altersrente - Frontaliers Grand Est\" \/>\n<meta property=\"og:description\" content=\"Erwerb von Altersrente rechten Die Rechte auf Altersrente sind&nbsp;unterschiedlich, je nachdem Sie Arbeitslosengeld bekommen oder nicht. Arbeitslosengeldempf\u00e4nger Arbeitslose, die Arbeitslosengeld von France Travail bekommen,\u00a0erhalten automatisch Beitrags-Trimester. Jede Periode von Arbeitslosenunterst\u00fctzung, die 50 Tage betr\u00e4gt, entspricht einem Beitrags-Trimester (maximal 4 Trimester pro Jahr). Arbeitslose ohne Arbeitslosenunterst\u00fctzung F\u00fcr die Personen, die kein Arbeitslosengeld beziehen, wird die Arbeitslosenzeit [&hellip;]\" \/>\n<meta property=\"og:url\" content=\"https:\/\/frontaliers-grandest.eu\/de\/startseite\/grenzganger\/frankreich-deutschland\/sozialversicherung\/die-arbeitslosenversicherung\/recht-auf-altersrente\/\" \/>\n<meta property=\"og:site_name\" content=\"Frontaliers Grand Est\" \/>\n<meta property=\"article:publisher\" content=\"https:\/\/www.facebook.com\/frontaliers.GR.EST\/?locale=fr_FR\" \/>\n<meta property=\"article:modified_time\" content=\"2024-05-31T09:56:09+00:00\" \/>\n<meta name=\"twitter:card\" content=\"summary_large_image\" \/>\n<meta name=\"twitter:label1\" content=\"Gesch\u00e4tzte Lesezeit\" \/>\n\t<meta name=\"twitter:data1\" content=\"1\u00a0Minute\" \/>\n<script type=\"application\/ld+json\" class=\"yoast-schema-graph\">{\"@context\":\"https:\/\/schema.org\",\"@graph\":[{\"@type\":\"WebPage\",\"@id\":\"https:\/\/frontaliers-grandest.eu\/de\/startseite\/grenzganger\/frankreich-deutschland\/sozialversicherung\/die-arbeitslosenversicherung\/recht-auf-altersrente\/\",\"url\":\"https:\/\/frontaliers-grandest.eu\/de\/startseite\/grenzganger\/frankreich-deutschland\/sozialversicherung\/die-arbeitslosenversicherung\/recht-auf-altersrente\/\",\"name\":\"Recht auf Altersrente - Frontaliers Grand Est\",\"isPartOf\":{\"@id\":\"https:\/\/frontaliers-grandest.eu\/de\/#website\"},\"datePublished\":\"2021-06-07T09:05:00+00:00\",\"dateModified\":\"2024-05-31T09:56:09+00:00\",\"breadcrumb\":{\"@id\":\"https:\/\/frontaliers-grandest.eu\/de\/startseite\/grenzganger\/frankreich-deutschland\/sozialversicherung\/die-arbeitslosenversicherung\/recht-auf-altersrente\/#breadcrumb\"},\"inLanguage\":\"de\",\"potentialAction\":[{\"@type\":\"ReadAction\",\"target\":[\"https:\/\/frontaliers-grandest.eu\/de\/startseite\/grenzganger\/frankreich-deutschland\/sozialversicherung\/die-arbeitslosenversicherung\/recht-auf-altersrente\/\"]}]},{\"@type\":\"BreadcrumbList\",\"@id\":\"https:\/\/frontaliers-grandest.eu\/de\/startseite\/grenzganger\/frankreich-deutschland\/sozialversicherung\/die-arbeitslosenversicherung\/recht-auf-altersrente\/#breadcrumb\",\"itemListElement\":[{\"@type\":\"ListItem\",\"position\":1,\"name\":\"Startseite\",\"item\":\"https:\/\/frontaliers-grandest.eu\/de\/\"},{\"@type\":\"ListItem\",\"position\":2,\"name\":\"Grenzg\u00e4nger\",\"item\":\"https:\/\/frontaliers-grandest.eu\/de\/startseite\/grenzganger\/\"},{\"@type\":\"ListItem\",\"position\":3,\"name\":\"Frankreich - Deutschland\",\"item\":\"https:\/\/frontaliers-grandest.eu\/de\/startseite\/grenzganger\/frankreich-deutschland\/\"},{\"@type\":\"ListItem\",\"position\":4,\"name\":\"Sozialversicherung in Deutschland\",\"item\":\"https:\/\/frontaliers-grandest.eu\/de\/startseite\/grenzganger\/frankreich-deutschland\/sozialversicherung\/\"},{\"@type\":\"ListItem\",\"position\":5,\"name\":\"Die Arbeitslosenversicherung\",\"item\":\"https:\/\/frontaliers-grandest.eu\/de\/startseite\/grenzganger\/frankreich-deutschland\/sozialversicherung\/die-arbeitslosenversicherung\/\"},{\"@type\":\"ListItem\",\"position\":6,\"name\":\"Recht auf Altersrente\"}]},{\"@type\":\"WebSite\",\"@id\":\"https:\/\/frontaliers-grandest.eu\/de\/#website\",\"url\":\"https:\/\/frontaliers-grandest.eu\/de\/\",\"name\":\"Frontaliers Grand Est\",\"description\":\"Le site ressource du travail frontalier\",\"publisher\":{\"@id\":\"https:\/\/frontaliers-grandest.eu\/de\/#organization\"},\"alternateName\":\"Frontaliers Grand Est\",\"potentialAction\":[{\"@type\":\"SearchAction\",\"target\":{\"@type\":\"EntryPoint\",\"urlTemplate\":\"https:\/\/frontaliers-grandest.eu\/de\/?s={search_term_string}\"},\"query-input\":{\"@type\":\"PropertyValueSpecification\",\"valueRequired\":true,\"valueName\":\"search_term_string\"}}],\"inLanguage\":\"de\"},{\"@type\":\"Organization\",\"@id\":\"https:\/\/frontaliers-grandest.eu\/de\/#organization\",\"name\":\"Frontaliers Grand Est\",\"alternateName\":\"Frontaliers Grand Est\",\"url\":\"https:\/\/frontaliers-grandest.eu\/de\/\",\"logo\":{\"@type\":\"ImageObject\",\"inLanguage\":\"de\",\"@id\":\"https:\/\/frontaliers-grandest.eu\/de\/#\/schema\/logo\/image\/\",\"url\":\"https:\/\/frontaliers-grandest.eu\/wp-content\/uploads\/2025\/07\/260328234_2966785176920310_3332838526503858160_n.jpg\",\"contentUrl\":\"https:\/\/frontaliers-grandest.eu\/wp-content\/uploads\/2025\/07\/260328234_2966785176920310_3332838526503858160_n.jpg\",\"width\":396,\"height\":396,\"caption\":\"Frontaliers Grand Est\"},\"image\":{\"@id\":\"https:\/\/frontaliers-grandest.eu\/de\/#\/schema\/logo\/image\/\"},\"sameAs\":[\"https:\/\/www.facebook.com\/frontaliers.GR.EST\/?locale=fr_FR\"]}]}<\/script>\n<!-- \/ Yoast SEO plugin. -->","yoast_head_json":{"title":"Recht auf Altersrente - Frontaliers Grand Est","robots":{"index":"index","follow":"follow","max-snippet":"max-snippet:-1","max-image-preview":"max-image-preview:large","max-video-preview":"max-video-preview:-1"},"canonical":"https:\/\/frontaliers-grandest.eu\/de\/startseite\/grenzganger\/frankreich-deutschland\/sozialversicherung\/die-arbeitslosenversicherung\/recht-auf-altersrente\/","og_locale":"de_DE","og_type":"article","og_title":"Recht auf Altersrente - Frontaliers Grand Est","og_description":"Erwerb von Altersrente rechten Die Rechte auf Altersrente sind&nbsp;unterschiedlich, je nachdem Sie Arbeitslosengeld bekommen oder nicht. Arbeitslosengeldempf\u00e4nger Arbeitslose, die Arbeitslosengeld von France Travail bekommen,\u00a0erhalten automatisch Beitrags-Trimester. Jede Periode von Arbeitslosenunterst\u00fctzung, die 50 Tage betr\u00e4gt, entspricht einem Beitrags-Trimester (maximal 4 Trimester pro Jahr). Arbeitslose ohne Arbeitslosenunterst\u00fctzung F\u00fcr die Personen, die kein Arbeitslosengeld beziehen, wird die Arbeitslosenzeit [&hellip;]","og_url":"https:\/\/frontaliers-grandest.eu\/de\/startseite\/grenzganger\/frankreich-deutschland\/sozialversicherung\/die-arbeitslosenversicherung\/recht-auf-altersrente\/","og_site_name":"Frontaliers Grand Est","article_publisher":"https:\/\/www.facebook.com\/frontaliers.GR.EST\/?locale=fr_FR","article_modified_time":"2024-05-31T09:56:09+00:00","twitter_card":"summary_large_image","twitter_misc":{"Gesch\u00e4tzte Lesezeit":"1\u00a0Minute"},"schema":{"@context":"https:\/\/schema.org","@graph":[{"@type":"WebPage","@id":"https:\/\/frontaliers-grandest.eu\/de\/startseite\/grenzganger\/frankreich-deutschland\/sozialversicherung\/die-arbeitslosenversicherung\/recht-auf-altersrente\/","url":"https:\/\/frontaliers-grandest.eu\/de\/startseite\/grenzganger\/frankreich-deutschland\/sozialversicherung\/die-arbeitslosenversicherung\/recht-auf-altersrente\/","name":"Recht auf Altersrente - Frontaliers Grand Est","isPartOf":{"@id":"https:\/\/frontaliers-grandest.eu\/de\/#website"},"datePublished":"2021-06-07T09:05:00+00:00","dateModified":"2024-05-31T09:56:09+00:00","breadcrumb":{"@id":"https:\/\/frontaliers-grandest.eu\/de\/startseite\/grenzganger\/frankreich-deutschland\/sozialversicherung\/die-arbeitslosenversicherung\/recht-auf-altersrente\/#breadcrumb"},"inLanguage":"de","potentialAction":[{"@type":"ReadAction","target":["https:\/\/frontaliers-grandest.eu\/de\/startseite\/grenzganger\/frankreich-deutschland\/sozialversicherung\/die-arbeitslosenversicherung\/recht-auf-altersrente\/"]}]},{"@type":"BreadcrumbList","@id":"https:\/\/frontaliers-grandest.eu\/de\/startseite\/grenzganger\/frankreich-deutschland\/sozialversicherung\/die-arbeitslosenversicherung\/recht-auf-altersrente\/#breadcrumb","itemListElement":[{"@type":"ListItem","position":1,"name":"Startseite","item":"https:\/\/frontaliers-grandest.eu\/de\/"},{"@type":"ListItem","position":2,"name":"Grenzg\u00e4nger","item":"https:\/\/frontaliers-grandest.eu\/de\/startseite\/grenzganger\/"},{"@type":"ListItem","position":3,"name":"Frankreich - Deutschland","item":"https:\/\/frontaliers-grandest.eu\/de\/startseite\/grenzganger\/frankreich-deutschland\/"},{"@type":"ListItem","position":4,"name":"Sozialversicherung in Deutschland","item":"https:\/\/frontaliers-grandest.eu\/de\/startseite\/grenzganger\/frankreich-deutschland\/sozialversicherung\/"},{"@type":"ListItem","position":5,"name":"Die Arbeitslosenversicherung","item":"https:\/\/frontaliers-grandest.eu\/de\/startseite\/grenzganger\/frankreich-deutschland\/sozialversicherung\/die-arbeitslosenversicherung\/"},{"@type":"ListItem","position":6,"name":"Recht auf Altersrente"}]},{"@type":"WebSite","@id":"https:\/\/frontaliers-grandest.eu\/de\/#website","url":"https:\/\/frontaliers-grandest.eu\/de\/","name":"Frontaliers Grand Est","description":"Le site ressource du travail frontalier","publisher":{"@id":"https:\/\/frontaliers-grandest.eu\/de\/#organization"},"alternateName":"Frontaliers Grand Est","potentialAction":[{"@type":"SearchAction","target":{"@type":"EntryPoint","urlTemplate":"https:\/\/frontaliers-grandest.eu\/de\/?s={search_term_string}"},"query-input":{"@type":"PropertyValueSpecification","valueRequired":true,"valueName":"search_term_string"}}],"inLanguage":"de"},{"@type":"Organization","@id":"https:\/\/frontaliers-grandest.eu\/de\/#organization","name":"Frontaliers Grand Est","alternateName":"Frontaliers Grand Est","url":"https:\/\/frontaliers-grandest.eu\/de\/","logo":{"@type":"ImageObject","inLanguage":"de","@id":"https:\/\/frontaliers-grandest.eu\/de\/#\/schema\/logo\/image\/","url":"https:\/\/frontaliers-grandest.eu\/wp-content\/uploads\/2025\/07\/260328234_2966785176920310_3332838526503858160_n.jpg","contentUrl":"https:\/\/frontaliers-grandest.eu\/wp-content\/uploads\/2025\/07\/260328234_2966785176920310_3332838526503858160_n.jpg","width":396,"height":396,"caption":"Frontaliers Grand Est"},"image":{"@id":"https:\/\/frontaliers-grandest.eu\/de\/#\/schema\/logo\/image\/"},"sameAs":["https:\/\/www.facebook.com\/frontaliers.GR.EST\/?locale=fr_FR"]}]}},"frge_page_order":0,"_links":{"self":[{"href":"https:\/\/frontaliers-grandest.eu\/de\/wp-json\/wp\/v2\/pages\/8127","targetHints":{"allow":["GET"]}}],"collection":[{"href":"https:\/\/frontaliers-grandest.eu\/de\/wp-json\/wp\/v2\/pages"}],"about":[{"href":"https:\/\/frontaliers-grandest.eu\/de\/wp-json\/wp\/v2\/types\/page"}],"author":[{"embeddable":true,"href":"https:\/\/frontaliers-grandest.eu\/de\/wp-json\/wp\/v2\/users\/7"}],"replies":[{"embeddable":true,"href":"https:\/\/frontaliers-grandest.eu\/de\/wp-json\/wp\/v2\/comments?post=8127"}],"version-history":[{"count":2,"href":"https:\/\/frontaliers-grandest.eu\/de\/wp-json\/wp\/v2\/pages\/8127\/revisions"}],"predecessor-version":[{"id":38180,"href":"https:\/\/frontaliers-grandest.eu\/de\/wp-json\/wp\/v2\/pages\/8127\/revisions\/38180"}],"up":[{"embeddable":true,"href":"https:\/\/frontaliers-grandest.eu\/de\/wp-json\/wp\/v2\/pages\/8078"}],"wp:attachment":[{"href":"https:\/\/frontaliers-grandest.eu\/de\/wp-json\/wp\/v2\/media?parent=8127"}],"wp:term":[{"taxonomy":"post_tag","embeddable":true,"href":"https:\/\/frontaliers-grandest.eu\/de\/wp-json\/wp\/v2\/tags?post=8127"},{"taxonomy":"frge_profile","embeddable":true,"href":"https:\/\/frontaliers-grandest.eu\/de\/wp-json\/wp\/v2\/frge_profile?post=8127"}],"curies":[{"name":"wp","href":"https:\/\/api.w.org\/{rel}","templated":true}]}}