{"id":8125,"date":"2021-06-07T11:03:01","date_gmt":"2021-06-07T09:03:01","guid":{"rendered":"https:\/\/frontaliers-grandest.eu\/?page_id=8125"},"modified":"2024-05-31T11:54:57","modified_gmt":"2024-05-31T09:54:57","slug":"soziale-absicherung-bei-einer-kundigung","status":"publish","type":"page","link":"https:\/\/frontaliers-grandest.eu\/de\/startseite\/grenzganger\/frankreich-deutschland\/sozialversicherung\/die-arbeitslosenversicherung\/soziale-absicherung-bei-einer-kundigung\/","title":{"rendered":"Soziale Absicherung bei einer K\u00fcndigung"},"content":{"rendered":"\n<h2 class=\"wp-block-heading\">Grundleistungen von franz\u00f6sischer Krankenversicherung<\/h2>\n\n\n\n<p>Als Arbeitslose&nbsp;haben Sie&nbsp;mindestens&nbsp;<strong>Anspruch auf die&nbsp;franz\u00f6sischen Grundleistungen<\/strong>&nbsp;\u2013Krankheits-, Mutterschafts-, Invalidit\u00e4ts- und Todesversicherung im&nbsp;<strong>Rahmen Ihres ehemaligen Versicherungssystems&nbsp;<\/strong>oder im Rahmen der Couverture Maladie Universelle.<\/p>\n\n\n\n<p>Die Arbeitslosengeldempf\u00e4nger&nbsp;<strong>bleiben sozialversichert,&nbsp;solange sie das Arbeitslosengeld bekommen<\/strong>, und haben&nbsp;<strong>Anspruch auf Sachleistungen<\/strong>&nbsp;(Erstattung der Arzt-, Medikamenten- und Krankenhauskosten).<strong>&nbsp;Wenn das Arbeitslosengeld nicht mehr bezahlt wird, haben sie noch 12 Monate lang Anspruch auf franz\u00f6sische Grundleistungen&nbsp;<\/strong>(Krankheits-, Mutterschafts-, Invalidit\u00e4ts- und Todesversicherung). Nach dieser Periode haben sie Anspruch auf Sachleistungen (Krankheits-und Mutterschaftsversicherung der Pflichtsozialversicherung), insofern sie eine Arbeit suchen, oder sie von der Arbeitssuche befreit sind.<\/p>\n\n\n\n<p><strong>Die nicht entsch\u00e4digten Arbeitslosen,&nbsp;<\/strong>die vor der Arbeitslosenzeit sozialversichert waren, haben Anspruch auf Bar- und Sachleistungen &nbsp;(Krankheits-, Mutterschafts-, Invalidit\u00e4ts- und Todesversicherung)&nbsp;<strong>maximal 12 Monate lang.&nbsp;<\/strong>Nach dieser Periode haben sie Anspruch auf die CMU, sowie die Arbeitslosen, die vor der Arbeitslosenzeit nicht sozialversichert waren.<\/p>\n\n\n\n<p>Sie k\u00f6nnen also\u00a0<strong>keine Leistungen aus der deutschen Krankenversicherung mehr in Anspruch nehmen<\/strong>. Prinzipiell ist die franz\u00f6sische Ortskrankenkasse\u00a0<em>Caisse primaire d\u2019assurance maladie<\/em>\u00a0(CPAM) f\u00fcr Sie zust\u00e4ndig, der Sie eine Best\u00e4tigung von France Travail sowie das von Ihrer vorherigen deutschen Krankenkasse ausgestellte F<strong>ormulare S1 \u00fcbermitteln m\u00fcssen.<\/strong>\u00a0Da das franz\u00f6sische Krankenversicherungssystem keinen umfassenden Schutz bietet, ist es ratsam,\u00a0<strong>eine private Zusatzversicherung (<\/strong><em>assurance compl\u00e9mentaire \/mutuelle<\/em>) abzuschlie\u00dfen.<\/p>\n\n\n\n<p>Hinweis, der Europ\u00e4ische Gerichtshof hat am 13. Mai 2003 entschieden, dass ambulante Behandlungen f\u00fcr jeden B\u00fcrger der EU in jedem Staat der EU frei zug\u00e4nglich sein m\u00fcssen und dass alle nationalen Krankenkassen dazu verpflichtet sind, den B\u00fcrgern die durch eine solche Behandlung entstandenen Kosten zu erstatten und zwar&nbsp;<strong>in H\u00f6he der Kosten, f\u00fcr die sie im eigenen Land h\u00e4tte aufkommen m\u00fcssen&nbsp;<\/strong>(EUGH, C-385\/99).<\/p>\n\n\n\n<p><strong>Dennoch ist es ratsam, sich vorher bei der CPAM zu erkundigen&nbsp;<\/strong>(weitere Informationen finden Sie im Kapitel \u201eKrankenversicherung\u201c.)<\/p>\n","protected":false},"excerpt":{"rendered":"<p>Grundleistungen von franz\u00f6sischer Krankenversicherung Als Arbeitslose&nbsp;haben Sie&nbsp;mindestens&nbsp;Anspruch auf die&nbsp;franz\u00f6sischen Grundleistungen&nbsp;\u2013Krankheits-, Mutterschafts-, Invalidit\u00e4ts- und Todesversicherung im&nbsp;Rahmen Ihres ehemaligen Versicherungssystems&nbsp;oder im Rahmen der Couverture Maladie Universelle. Die Arbeitslosengeldempf\u00e4nger&nbsp;bleiben sozialversichert,&nbsp;solange sie das Arbeitslosengeld bekommen, und haben&nbsp;Anspruch auf Sachleistungen&nbsp;(Erstattung der Arzt-, Medikamenten- und Krankenhauskosten).&nbsp;Wenn das Arbeitslosengeld nicht mehr bezahlt wird, haben sie noch 12 Monate lang Anspruch auf franz\u00f6sische [&hellip;]<\/p>\n","protected":false},"author":7,"featured_media":0,"parent":8078,"menu_order":2,"comment_status":"closed","ping_status":"closed","template":"","meta":{"inline_featured_image":false,"footnotes":""},"tags":[],"frge_profile":[],"class_list":["post-8125","page","type-page","status-publish","hentry"],"yoast_head":"<!-- This site is optimized with the Yoast SEO plugin v27.1.1 - https:\/\/yoast.com\/product\/yoast-seo-wordpress\/ -->\n<title>Soziale Absicherung bei einer K\u00fcndigung - Frontaliers Grand Est<\/title>\n<meta name=\"robots\" content=\"index, follow, max-snippet:-1, max-image-preview:large, max-video-preview:-1\" \/>\n<link rel=\"canonical\" href=\"https:\/\/frontaliers-grandest.eu\/de\/startseite\/grenzganger\/frankreich-deutschland\/sozialversicherung\/die-arbeitslosenversicherung\/soziale-absicherung-bei-einer-kundigung\/\" \/>\n<meta property=\"og:locale\" content=\"de_DE\" \/>\n<meta property=\"og:type\" content=\"article\" \/>\n<meta property=\"og:title\" content=\"Soziale Absicherung bei einer K\u00fcndigung - Frontaliers Grand Est\" \/>\n<meta property=\"og:description\" content=\"Grundleistungen von franz\u00f6sischer Krankenversicherung Als Arbeitslose&nbsp;haben Sie&nbsp;mindestens&nbsp;Anspruch auf die&nbsp;franz\u00f6sischen Grundleistungen&nbsp;\u2013Krankheits-, Mutterschafts-, Invalidit\u00e4ts- und Todesversicherung im&nbsp;Rahmen Ihres ehemaligen Versicherungssystems&nbsp;oder im Rahmen der Couverture Maladie Universelle. Die Arbeitslosengeldempf\u00e4nger&nbsp;bleiben sozialversichert,&nbsp;solange sie das Arbeitslosengeld bekommen, und haben&nbsp;Anspruch auf Sachleistungen&nbsp;(Erstattung der Arzt-, Medikamenten- und Krankenhauskosten).&nbsp;Wenn das Arbeitslosengeld nicht mehr bezahlt wird, haben sie noch 12 Monate lang Anspruch auf franz\u00f6sische [&hellip;]\" \/>\n<meta property=\"og:url\" content=\"https:\/\/frontaliers-grandest.eu\/de\/startseite\/grenzganger\/frankreich-deutschland\/sozialversicherung\/die-arbeitslosenversicherung\/soziale-absicherung-bei-einer-kundigung\/\" \/>\n<meta property=\"og:site_name\" content=\"Frontaliers Grand Est\" \/>\n<meta property=\"article:publisher\" content=\"https:\/\/www.facebook.com\/frontaliers.GR.EST\/?locale=fr_FR\" \/>\n<meta property=\"article:modified_time\" content=\"2024-05-31T09:54:57+00:00\" \/>\n<meta name=\"twitter:card\" content=\"summary_large_image\" \/>\n<meta name=\"twitter:label1\" content=\"Gesch\u00e4tzte Lesezeit\" \/>\n\t<meta name=\"twitter:data1\" content=\"2\u00a0Minuten\" \/>\n<script type=\"application\/ld+json\" class=\"yoast-schema-graph\">{\"@context\":\"https:\/\/schema.org\",\"@graph\":[{\"@type\":\"WebPage\",\"@id\":\"https:\/\/frontaliers-grandest.eu\/de\/startseite\/grenzganger\/frankreich-deutschland\/sozialversicherung\/die-arbeitslosenversicherung\/soziale-absicherung-bei-einer-kundigung\/\",\"url\":\"https:\/\/frontaliers-grandest.eu\/de\/startseite\/grenzganger\/frankreich-deutschland\/sozialversicherung\/die-arbeitslosenversicherung\/soziale-absicherung-bei-einer-kundigung\/\",\"name\":\"Soziale Absicherung bei einer K\u00fcndigung - Frontaliers Grand Est\",\"isPartOf\":{\"@id\":\"https:\/\/frontaliers-grandest.eu\/de\/#website\"},\"datePublished\":\"2021-06-07T09:03:01+00:00\",\"dateModified\":\"2024-05-31T09:54:57+00:00\",\"breadcrumb\":{\"@id\":\"https:\/\/frontaliers-grandest.eu\/de\/startseite\/grenzganger\/frankreich-deutschland\/sozialversicherung\/die-arbeitslosenversicherung\/soziale-absicherung-bei-einer-kundigung\/#breadcrumb\"},\"inLanguage\":\"de\",\"potentialAction\":[{\"@type\":\"ReadAction\",\"target\":[\"https:\/\/frontaliers-grandest.eu\/de\/startseite\/grenzganger\/frankreich-deutschland\/sozialversicherung\/die-arbeitslosenversicherung\/soziale-absicherung-bei-einer-kundigung\/\"]}]},{\"@type\":\"BreadcrumbList\",\"@id\":\"https:\/\/frontaliers-grandest.eu\/de\/startseite\/grenzganger\/frankreich-deutschland\/sozialversicherung\/die-arbeitslosenversicherung\/soziale-absicherung-bei-einer-kundigung\/#breadcrumb\",\"itemListElement\":[{\"@type\":\"ListItem\",\"position\":1,\"name\":\"Startseite\",\"item\":\"https:\/\/frontaliers-grandest.eu\/de\/\"},{\"@type\":\"ListItem\",\"position\":2,\"name\":\"Grenzg\u00e4nger\",\"item\":\"https:\/\/frontaliers-grandest.eu\/de\/startseite\/grenzganger\/\"},{\"@type\":\"ListItem\",\"position\":3,\"name\":\"Frankreich - Deutschland\",\"item\":\"https:\/\/frontaliers-grandest.eu\/de\/startseite\/grenzganger\/frankreich-deutschland\/\"},{\"@type\":\"ListItem\",\"position\":4,\"name\":\"Sozialversicherung in Deutschland\",\"item\":\"https:\/\/frontaliers-grandest.eu\/de\/startseite\/grenzganger\/frankreich-deutschland\/sozialversicherung\/\"},{\"@type\":\"ListItem\",\"position\":5,\"name\":\"Die Arbeitslosenversicherung\",\"item\":\"https:\/\/frontaliers-grandest.eu\/de\/startseite\/grenzganger\/frankreich-deutschland\/sozialversicherung\/die-arbeitslosenversicherung\/\"},{\"@type\":\"ListItem\",\"position\":6,\"name\":\"Soziale Absicherung bei einer K\u00fcndigung\"}]},{\"@type\":\"WebSite\",\"@id\":\"https:\/\/frontaliers-grandest.eu\/de\/#website\",\"url\":\"https:\/\/frontaliers-grandest.eu\/de\/\",\"name\":\"Frontaliers Grand Est\",\"description\":\"Le site ressource du travail frontalier\",\"publisher\":{\"@id\":\"https:\/\/frontaliers-grandest.eu\/de\/#organization\"},\"alternateName\":\"Frontaliers Grand Est\",\"potentialAction\":[{\"@type\":\"SearchAction\",\"target\":{\"@type\":\"EntryPoint\",\"urlTemplate\":\"https:\/\/frontaliers-grandest.eu\/de\/?s={search_term_string}\"},\"query-input\":{\"@type\":\"PropertyValueSpecification\",\"valueRequired\":true,\"valueName\":\"search_term_string\"}}],\"inLanguage\":\"de\"},{\"@type\":\"Organization\",\"@id\":\"https:\/\/frontaliers-grandest.eu\/de\/#organization\",\"name\":\"Frontaliers Grand Est\",\"alternateName\":\"Frontaliers Grand Est\",\"url\":\"https:\/\/frontaliers-grandest.eu\/de\/\",\"logo\":{\"@type\":\"ImageObject\",\"inLanguage\":\"de\",\"@id\":\"https:\/\/frontaliers-grandest.eu\/de\/#\/schema\/logo\/image\/\",\"url\":\"https:\/\/frontaliers-grandest.eu\/wp-content\/uploads\/2025\/07\/260328234_2966785176920310_3332838526503858160_n.jpg\",\"contentUrl\":\"https:\/\/frontaliers-grandest.eu\/wp-content\/uploads\/2025\/07\/260328234_2966785176920310_3332838526503858160_n.jpg\",\"width\":396,\"height\":396,\"caption\":\"Frontaliers Grand Est\"},\"image\":{\"@id\":\"https:\/\/frontaliers-grandest.eu\/de\/#\/schema\/logo\/image\/\"},\"sameAs\":[\"https:\/\/www.facebook.com\/frontaliers.GR.EST\/?locale=fr_FR\"]}]}<\/script>\n<!-- \/ Yoast SEO plugin. -->","yoast_head_json":{"title":"Soziale Absicherung bei einer K\u00fcndigung - Frontaliers Grand Est","robots":{"index":"index","follow":"follow","max-snippet":"max-snippet:-1","max-image-preview":"max-image-preview:large","max-video-preview":"max-video-preview:-1"},"canonical":"https:\/\/frontaliers-grandest.eu\/de\/startseite\/grenzganger\/frankreich-deutschland\/sozialversicherung\/die-arbeitslosenversicherung\/soziale-absicherung-bei-einer-kundigung\/","og_locale":"de_DE","og_type":"article","og_title":"Soziale Absicherung bei einer K\u00fcndigung - Frontaliers Grand Est","og_description":"Grundleistungen von franz\u00f6sischer Krankenversicherung Als Arbeitslose&nbsp;haben Sie&nbsp;mindestens&nbsp;Anspruch auf die&nbsp;franz\u00f6sischen Grundleistungen&nbsp;\u2013Krankheits-, Mutterschafts-, Invalidit\u00e4ts- und Todesversicherung im&nbsp;Rahmen Ihres ehemaligen Versicherungssystems&nbsp;oder im Rahmen der Couverture Maladie Universelle. Die Arbeitslosengeldempf\u00e4nger&nbsp;bleiben sozialversichert,&nbsp;solange sie das Arbeitslosengeld bekommen, und haben&nbsp;Anspruch auf Sachleistungen&nbsp;(Erstattung der Arzt-, Medikamenten- und Krankenhauskosten).&nbsp;Wenn das Arbeitslosengeld nicht mehr bezahlt wird, haben sie noch 12 Monate lang Anspruch auf franz\u00f6sische [&hellip;]","og_url":"https:\/\/frontaliers-grandest.eu\/de\/startseite\/grenzganger\/frankreich-deutschland\/sozialversicherung\/die-arbeitslosenversicherung\/soziale-absicherung-bei-einer-kundigung\/","og_site_name":"Frontaliers Grand Est","article_publisher":"https:\/\/www.facebook.com\/frontaliers.GR.EST\/?locale=fr_FR","article_modified_time":"2024-05-31T09:54:57+00:00","twitter_card":"summary_large_image","twitter_misc":{"Gesch\u00e4tzte Lesezeit":"2\u00a0Minuten"},"schema":{"@context":"https:\/\/schema.org","@graph":[{"@type":"WebPage","@id":"https:\/\/frontaliers-grandest.eu\/de\/startseite\/grenzganger\/frankreich-deutschland\/sozialversicherung\/die-arbeitslosenversicherung\/soziale-absicherung-bei-einer-kundigung\/","url":"https:\/\/frontaliers-grandest.eu\/de\/startseite\/grenzganger\/frankreich-deutschland\/sozialversicherung\/die-arbeitslosenversicherung\/soziale-absicherung-bei-einer-kundigung\/","name":"Soziale Absicherung bei einer K\u00fcndigung - Frontaliers Grand Est","isPartOf":{"@id":"https:\/\/frontaliers-grandest.eu\/de\/#website"},"datePublished":"2021-06-07T09:03:01+00:00","dateModified":"2024-05-31T09:54:57+00:00","breadcrumb":{"@id":"https:\/\/frontaliers-grandest.eu\/de\/startseite\/grenzganger\/frankreich-deutschland\/sozialversicherung\/die-arbeitslosenversicherung\/soziale-absicherung-bei-einer-kundigung\/#breadcrumb"},"inLanguage":"de","potentialAction":[{"@type":"ReadAction","target":["https:\/\/frontaliers-grandest.eu\/de\/startseite\/grenzganger\/frankreich-deutschland\/sozialversicherung\/die-arbeitslosenversicherung\/soziale-absicherung-bei-einer-kundigung\/"]}]},{"@type":"BreadcrumbList","@id":"https:\/\/frontaliers-grandest.eu\/de\/startseite\/grenzganger\/frankreich-deutschland\/sozialversicherung\/die-arbeitslosenversicherung\/soziale-absicherung-bei-einer-kundigung\/#breadcrumb","itemListElement":[{"@type":"ListItem","position":1,"name":"Startseite","item":"https:\/\/frontaliers-grandest.eu\/de\/"},{"@type":"ListItem","position":2,"name":"Grenzg\u00e4nger","item":"https:\/\/frontaliers-grandest.eu\/de\/startseite\/grenzganger\/"},{"@type":"ListItem","position":3,"name":"Frankreich - Deutschland","item":"https:\/\/frontaliers-grandest.eu\/de\/startseite\/grenzganger\/frankreich-deutschland\/"},{"@type":"ListItem","position":4,"name":"Sozialversicherung in Deutschland","item":"https:\/\/frontaliers-grandest.eu\/de\/startseite\/grenzganger\/frankreich-deutschland\/sozialversicherung\/"},{"@type":"ListItem","position":5,"name":"Die Arbeitslosenversicherung","item":"https:\/\/frontaliers-grandest.eu\/de\/startseite\/grenzganger\/frankreich-deutschland\/sozialversicherung\/die-arbeitslosenversicherung\/"},{"@type":"ListItem","position":6,"name":"Soziale Absicherung bei einer K\u00fcndigung"}]},{"@type":"WebSite","@id":"https:\/\/frontaliers-grandest.eu\/de\/#website","url":"https:\/\/frontaliers-grandest.eu\/de\/","name":"Frontaliers Grand Est","description":"Le site ressource du travail frontalier","publisher":{"@id":"https:\/\/frontaliers-grandest.eu\/de\/#organization"},"alternateName":"Frontaliers Grand Est","potentialAction":[{"@type":"SearchAction","target":{"@type":"EntryPoint","urlTemplate":"https:\/\/frontaliers-grandest.eu\/de\/?s={search_term_string}"},"query-input":{"@type":"PropertyValueSpecification","valueRequired":true,"valueName":"search_term_string"}}],"inLanguage":"de"},{"@type":"Organization","@id":"https:\/\/frontaliers-grandest.eu\/de\/#organization","name":"Frontaliers Grand Est","alternateName":"Frontaliers Grand Est","url":"https:\/\/frontaliers-grandest.eu\/de\/","logo":{"@type":"ImageObject","inLanguage":"de","@id":"https:\/\/frontaliers-grandest.eu\/de\/#\/schema\/logo\/image\/","url":"https:\/\/frontaliers-grandest.eu\/wp-content\/uploads\/2025\/07\/260328234_2966785176920310_3332838526503858160_n.jpg","contentUrl":"https:\/\/frontaliers-grandest.eu\/wp-content\/uploads\/2025\/07\/260328234_2966785176920310_3332838526503858160_n.jpg","width":396,"height":396,"caption":"Frontaliers Grand Est"},"image":{"@id":"https:\/\/frontaliers-grandest.eu\/de\/#\/schema\/logo\/image\/"},"sameAs":["https:\/\/www.facebook.com\/frontaliers.GR.EST\/?locale=fr_FR"]}]}},"frge_page_order":0,"_links":{"self":[{"href":"https:\/\/frontaliers-grandest.eu\/de\/wp-json\/wp\/v2\/pages\/8125","targetHints":{"allow":["GET"]}}],"collection":[{"href":"https:\/\/frontaliers-grandest.eu\/de\/wp-json\/wp\/v2\/pages"}],"about":[{"href":"https:\/\/frontaliers-grandest.eu\/de\/wp-json\/wp\/v2\/types\/page"}],"author":[{"embeddable":true,"href":"https:\/\/frontaliers-grandest.eu\/de\/wp-json\/wp\/v2\/users\/7"}],"replies":[{"embeddable":true,"href":"https:\/\/frontaliers-grandest.eu\/de\/wp-json\/wp\/v2\/comments?post=8125"}],"version-history":[{"count":2,"href":"https:\/\/frontaliers-grandest.eu\/de\/wp-json\/wp\/v2\/pages\/8125\/revisions"}],"predecessor-version":[{"id":38179,"href":"https:\/\/frontaliers-grandest.eu\/de\/wp-json\/wp\/v2\/pages\/8125\/revisions\/38179"}],"up":[{"embeddable":true,"href":"https:\/\/frontaliers-grandest.eu\/de\/wp-json\/wp\/v2\/pages\/8078"}],"wp:attachment":[{"href":"https:\/\/frontaliers-grandest.eu\/de\/wp-json\/wp\/v2\/media?parent=8125"}],"wp:term":[{"taxonomy":"post_tag","embeddable":true,"href":"https:\/\/frontaliers-grandest.eu\/de\/wp-json\/wp\/v2\/tags?post=8125"},{"taxonomy":"frge_profile","embeddable":true,"href":"https:\/\/frontaliers-grandest.eu\/de\/wp-json\/wp\/v2\/frge_profile?post=8125"}],"curies":[{"name":"wp","href":"https:\/\/api.w.org\/{rel}","templated":true}]}}