{"id":8118,"date":"2021-06-07T10:48:50","date_gmt":"2021-06-07T08:48:50","guid":{"rendered":"https:\/\/frontaliers-grandest.eu\/?page_id=8118"},"modified":"2026-03-12T12:39:15","modified_gmt":"2026-03-12T11:39:15","slug":"sie-horen-ihre-beschaftigung-in-deutschland-auf","status":"publish","type":"page","link":"https:\/\/frontaliers-grandest.eu\/de\/startseite\/grenzganger\/frankreich-deutschland\/sozialversicherung\/familienleistungen\/sie-horen-ihre-beschaftigung-in-deutschland-auf\/","title":{"rendered":"Betr\u00e4ge"},"content":{"rendered":"\n<p>Erfahren Sie mehr \u00fcber die Kindergeldbetr\u00e4ge in Deutschland, deren m\u00f6gliche Verl\u00e4ngerungen sowie Zusch\u00fcsse f\u00fcr besondere Situationen wie Behinderung oder Studium!<\/p>\n\n\n\n<div class=\"wp-block-frontaliers-grandest-plugin-frge-accordion-block\"><div class=\"accordion-top\"><h4 class=\"accordion-title\">Geburts \/ Adoptionsbeihilfe<\/h4><svg viewBox=\"0 0 24 24\" stroke-width=\"1.5\" fill=\"none\" xmlns=\"http:\/\/www.w3.org\/2000\/svg\" class=\"accordion-top__icon\"><path d=\"M3 12L21 12M21 12L12.5 3.5M21 12L12.5 20.5\" stroke-width=\"1.5\" stroke-linecap=\"round\" stroke-linejoin=\"round\"><\/path><\/svg><\/div><div class=\"accordion-content\">\n<p>Auch wenn ein Elternteil in Deutschland arbeitet, ist Frankreich f\u00fcr die Auszahlung des <strong>Geburtszuschusses<\/strong> zust\u00e4ndig. Hier gibt es keine differenzielle Erg\u00e4nzungsleistung<\/p>\n<\/div><\/div>\n\n\n\n<div class=\"wp-block-frontaliers-grandest-plugin-frge-accordion-block\"><div class=\"accordion-top\"><h4 class=\"accordion-title\">Kindergeld<\/h4><svg viewBox=\"0 0 24 24\" stroke-width=\"1.5\" fill=\"none\" xmlns=\"http:\/\/www.w3.org\/2000\/svg\" class=\"accordion-top__icon\"><path d=\"M3 12L21 12M21 12L12.5 3.5M21 12L12.5 20.5\" stroke-width=\"1.5\" stroke-linecap=\"round\" stroke-linejoin=\"round\"><\/path><\/svg><\/div><div class=\"accordion-content\">\n<p>Ab dem <strong>1. Januar 2026<\/strong> betr\u00e4gt das <strong>Kindergeld<\/strong> in Deutschland <strong>259 Euro pro Monat und pro Kind<\/strong>, unabh\u00e4ngig von der Position des Kindes in der Geschwisterreihe. Diese Leistung wird bis zum <strong>18. Geburtstag<\/strong> des Kindes gezahlt. Der Bezug kann bis zum <strong>25. Lebensjahr<\/strong> verl\u00e4ngert werden, wenn das Kind <strong>Studium<\/strong>, eine <strong>berufliche Ausbildung<\/strong> absolviert oder <strong>zivildienstlich t\u00e4tig<\/strong> ist. Bei <strong>Arbeitslosigkeit<\/strong> des Kindes kann die Zahlung bis zum <strong>21. Lebensjahr<\/strong> fortgesetzt werden.<\/p>\n\n\n\n<p>F\u00fcr Kinder mit einer <strong>vor dem 25. oder 27. Lebensjahr (je nach Geburtsjahr) anerkannten Behinderung<\/strong> kann das Kindergeld <strong>ohne Altersbegrenzung<\/strong> gezahlt werden.<\/p>\n\n\n\n<p>In Deutschland k\u00f6nnen Familien im Falle einer <strong>Behinderung oder Krankheit eines Kindes<\/strong> zus\u00e4tzliche Leistungen erhalten. Dazu geh\u00f6ren:<\/p>\n\n\n\n<ul class=\"wp-block-list\">\n<li><strong>Verl\u00e4ngerung des Kindergeldes<\/strong> \u00fcber das 25. Lebensjahr hinaus,<\/li>\n\n\n\n<li><strong>steuerliche Freibetr\u00e4ge<\/strong> (Behinderten-Pauschbetrag),<\/li>\n\n\n\n<li><strong>direkte Zusch\u00fcsse f\u00fcr zus\u00e4tzliche Ausgaben<\/strong> (Mehrbedarf) \u00fcber Sozialleistungen.<\/li>\n<\/ul>\n\n\n\n<p>Diese Regelungen sollen die <strong>zus\u00e4tzlichen Kosten<\/strong> ausgleichen, die durch die besondere Situation des Kindes entstehen.<\/p>\n<\/div><\/div>\n\n\n\n<h5 class=\"wp-block-heading\"><\/h5>\n","protected":false},"excerpt":{"rendered":"<p>Erfahren Sie mehr \u00fcber die Kindergeldbetr\u00e4ge in Deutschland, deren m\u00f6gliche Verl\u00e4ngerungen sowie Zusch\u00fcsse f\u00fcr besondere Situationen wie Behinderung oder Studium!<\/p>\n","protected":false},"author":7,"featured_media":0,"parent":8076,"menu_order":1,"comment_status":"closed","ping_status":"closed","template":"","meta":{"inline_featured_image":false,"footnotes":""},"tags":[465,461,432,448,517,443],"frge_profile":[225,233],"class_list":["post-8118","page","type-page","status-publish","hentry","tag-arbeit","tag-arbeitnehmer","tag-deutschland","tag-frankreich","tag-grengaenger","tag-kinder","frge_profile-arbeitnehmer","frge_profile-arbeitsuchende"],"yoast_head":"<!-- This site is optimized with the Yoast SEO plugin v27.1.1 - https:\/\/yoast.com\/product\/yoast-seo-wordpress\/ -->\n<title>Betr\u00e4ge - Frontaliers Grand Est<\/title>\n<meta name=\"description\" content=\"Erfahren Sie mehr \u00fcber die Kindergeldbetr\u00e4ge in Deutschland, deren m\u00f6gliche Verl\u00e4ngerungen sowie Zusch\u00fcsse f\u00fcr besondere Situationen wie Behinderung oder Studium!\" \/>\n<meta name=\"robots\" content=\"index, follow, max-snippet:-1, max-image-preview:large, max-video-preview:-1\" \/>\n<link rel=\"canonical\" href=\"https:\/\/frontaliers-grandest.eu\/de\/startseite\/grenzganger\/frankreich-deutschland\/sozialversicherung\/familienleistungen\/sie-horen-ihre-beschaftigung-in-deutschland-auf\/\" \/>\n<meta property=\"og:locale\" content=\"de_DE\" \/>\n<meta property=\"og:type\" content=\"article\" \/>\n<meta property=\"og:title\" content=\"Betr\u00e4ge - Frontaliers Grand Est\" \/>\n<meta property=\"og:description\" content=\"Erfahren Sie mehr \u00fcber die Kindergeldbetr\u00e4ge in Deutschland, deren m\u00f6gliche Verl\u00e4ngerungen sowie Zusch\u00fcsse f\u00fcr besondere Situationen wie Behinderung oder Studium!\" \/>\n<meta property=\"og:url\" content=\"https:\/\/frontaliers-grandest.eu\/de\/startseite\/grenzganger\/frankreich-deutschland\/sozialversicherung\/familienleistungen\/sie-horen-ihre-beschaftigung-in-deutschland-auf\/\" \/>\n<meta property=\"og:site_name\" content=\"Frontaliers Grand Est\" \/>\n<meta property=\"article:publisher\" content=\"https:\/\/www.facebook.com\/frontaliers.GR.EST\/?locale=fr_FR\" \/>\n<meta property=\"article:modified_time\" content=\"2026-03-12T11:39:15+00:00\" \/>\n<meta name=\"twitter:card\" content=\"summary_large_image\" \/>\n<meta name=\"twitter:label1\" content=\"Gesch\u00e4tzte Lesezeit\" \/>\n\t<meta name=\"twitter:data1\" content=\"1\u00a0Minute\" \/>\n<script type=\"application\/ld+json\" class=\"yoast-schema-graph\">{\"@context\":\"https:\/\/schema.org\",\"@graph\":[{\"@type\":\"WebPage\",\"@id\":\"https:\/\/frontaliers-grandest.eu\/de\/startseite\/grenzganger\/frankreich-deutschland\/sozialversicherung\/familienleistungen\/sie-horen-ihre-beschaftigung-in-deutschland-auf\/\",\"url\":\"https:\/\/frontaliers-grandest.eu\/de\/startseite\/grenzganger\/frankreich-deutschland\/sozialversicherung\/familienleistungen\/sie-horen-ihre-beschaftigung-in-deutschland-auf\/\",\"name\":\"Betr\u00e4ge - Frontaliers Grand Est\",\"isPartOf\":{\"@id\":\"https:\/\/frontaliers-grandest.eu\/de\/#website\"},\"datePublished\":\"2021-06-07T08:48:50+00:00\",\"dateModified\":\"2026-03-12T11:39:15+00:00\",\"description\":\"Erfahren Sie mehr \u00fcber die Kindergeldbetr\u00e4ge in Deutschland, deren m\u00f6gliche Verl\u00e4ngerungen sowie Zusch\u00fcsse f\u00fcr besondere Situationen wie Behinderung oder Studium!\",\"breadcrumb\":{\"@id\":\"https:\/\/frontaliers-grandest.eu\/de\/startseite\/grenzganger\/frankreich-deutschland\/sozialversicherung\/familienleistungen\/sie-horen-ihre-beschaftigung-in-deutschland-auf\/#breadcrumb\"},\"inLanguage\":\"de\",\"potentialAction\":[{\"@type\":\"ReadAction\",\"target\":[\"https:\/\/frontaliers-grandest.eu\/de\/startseite\/grenzganger\/frankreich-deutschland\/sozialversicherung\/familienleistungen\/sie-horen-ihre-beschaftigung-in-deutschland-auf\/\"]}]},{\"@type\":\"BreadcrumbList\",\"@id\":\"https:\/\/frontaliers-grandest.eu\/de\/startseite\/grenzganger\/frankreich-deutschland\/sozialversicherung\/familienleistungen\/sie-horen-ihre-beschaftigung-in-deutschland-auf\/#breadcrumb\",\"itemListElement\":[{\"@type\":\"ListItem\",\"position\":1,\"name\":\"Startseite\",\"item\":\"https:\/\/frontaliers-grandest.eu\/de\/\"},{\"@type\":\"ListItem\",\"position\":2,\"name\":\"Grenzg\u00e4nger\",\"item\":\"https:\/\/frontaliers-grandest.eu\/de\/startseite\/grenzganger\/\"},{\"@type\":\"ListItem\",\"position\":3,\"name\":\"Frankreich - Deutschland\",\"item\":\"https:\/\/frontaliers-grandest.eu\/de\/startseite\/grenzganger\/frankreich-deutschland\/\"},{\"@type\":\"ListItem\",\"position\":4,\"name\":\"Sozialversicherung in Deutschland\",\"item\":\"https:\/\/frontaliers-grandest.eu\/de\/startseite\/grenzganger\/frankreich-deutschland\/sozialversicherung\/\"},{\"@type\":\"ListItem\",\"position\":5,\"name\":\"Familienleistungen\",\"item\":\"https:\/\/frontaliers-grandest.eu\/de\/startseite\/grenzganger\/frankreich-deutschland\/sozialversicherung\/familienleistungen\/\"},{\"@type\":\"ListItem\",\"position\":6,\"name\":\"Betr\u00e4ge\"}]},{\"@type\":\"WebSite\",\"@id\":\"https:\/\/frontaliers-grandest.eu\/de\/#website\",\"url\":\"https:\/\/frontaliers-grandest.eu\/de\/\",\"name\":\"Frontaliers Grand Est\",\"description\":\"Le site ressource du travail frontalier\",\"publisher\":{\"@id\":\"https:\/\/frontaliers-grandest.eu\/de\/#organization\"},\"alternateName\":\"Frontaliers Grand Est\",\"potentialAction\":[{\"@type\":\"SearchAction\",\"target\":{\"@type\":\"EntryPoint\",\"urlTemplate\":\"https:\/\/frontaliers-grandest.eu\/de\/?s={search_term_string}\"},\"query-input\":{\"@type\":\"PropertyValueSpecification\",\"valueRequired\":true,\"valueName\":\"search_term_string\"}}],\"inLanguage\":\"de\"},{\"@type\":\"Organization\",\"@id\":\"https:\/\/frontaliers-grandest.eu\/de\/#organization\",\"name\":\"Frontaliers Grand Est\",\"alternateName\":\"Frontaliers Grand Est\",\"url\":\"https:\/\/frontaliers-grandest.eu\/de\/\",\"logo\":{\"@type\":\"ImageObject\",\"inLanguage\":\"de\",\"@id\":\"https:\/\/frontaliers-grandest.eu\/de\/#\/schema\/logo\/image\/\",\"url\":\"https:\/\/frontaliers-grandest.eu\/wp-content\/uploads\/2025\/07\/260328234_2966785176920310_3332838526503858160_n.jpg\",\"contentUrl\":\"https:\/\/frontaliers-grandest.eu\/wp-content\/uploads\/2025\/07\/260328234_2966785176920310_3332838526503858160_n.jpg\",\"width\":396,\"height\":396,\"caption\":\"Frontaliers Grand Est\"},\"image\":{\"@id\":\"https:\/\/frontaliers-grandest.eu\/de\/#\/schema\/logo\/image\/\"},\"sameAs\":[\"https:\/\/www.facebook.com\/frontaliers.GR.EST\/?locale=fr_FR\"]}]}<\/script>\n<!-- \/ Yoast SEO plugin. -->","yoast_head_json":{"title":"Betr\u00e4ge - Frontaliers Grand Est","description":"Erfahren Sie mehr \u00fcber die Kindergeldbetr\u00e4ge in Deutschland, deren m\u00f6gliche Verl\u00e4ngerungen sowie Zusch\u00fcsse f\u00fcr besondere Situationen wie Behinderung oder Studium!","robots":{"index":"index","follow":"follow","max-snippet":"max-snippet:-1","max-image-preview":"max-image-preview:large","max-video-preview":"max-video-preview:-1"},"canonical":"https:\/\/frontaliers-grandest.eu\/de\/startseite\/grenzganger\/frankreich-deutschland\/sozialversicherung\/familienleistungen\/sie-horen-ihre-beschaftigung-in-deutschland-auf\/","og_locale":"de_DE","og_type":"article","og_title":"Betr\u00e4ge - Frontaliers Grand Est","og_description":"Erfahren Sie mehr \u00fcber die Kindergeldbetr\u00e4ge in Deutschland, deren m\u00f6gliche Verl\u00e4ngerungen sowie Zusch\u00fcsse f\u00fcr besondere Situationen wie Behinderung oder Studium!","og_url":"https:\/\/frontaliers-grandest.eu\/de\/startseite\/grenzganger\/frankreich-deutschland\/sozialversicherung\/familienleistungen\/sie-horen-ihre-beschaftigung-in-deutschland-auf\/","og_site_name":"Frontaliers Grand Est","article_publisher":"https:\/\/www.facebook.com\/frontaliers.GR.EST\/?locale=fr_FR","article_modified_time":"2026-03-12T11:39:15+00:00","twitter_card":"summary_large_image","twitter_misc":{"Gesch\u00e4tzte Lesezeit":"1\u00a0Minute"},"schema":{"@context":"https:\/\/schema.org","@graph":[{"@type":"WebPage","@id":"https:\/\/frontaliers-grandest.eu\/de\/startseite\/grenzganger\/frankreich-deutschland\/sozialversicherung\/familienleistungen\/sie-horen-ihre-beschaftigung-in-deutschland-auf\/","url":"https:\/\/frontaliers-grandest.eu\/de\/startseite\/grenzganger\/frankreich-deutschland\/sozialversicherung\/familienleistungen\/sie-horen-ihre-beschaftigung-in-deutschland-auf\/","name":"Betr\u00e4ge - Frontaliers Grand Est","isPartOf":{"@id":"https:\/\/frontaliers-grandest.eu\/de\/#website"},"datePublished":"2021-06-07T08:48:50+00:00","dateModified":"2026-03-12T11:39:15+00:00","description":"Erfahren Sie mehr \u00fcber die Kindergeldbetr\u00e4ge in Deutschland, deren m\u00f6gliche Verl\u00e4ngerungen sowie Zusch\u00fcsse f\u00fcr besondere Situationen wie Behinderung oder Studium!","breadcrumb":{"@id":"https:\/\/frontaliers-grandest.eu\/de\/startseite\/grenzganger\/frankreich-deutschland\/sozialversicherung\/familienleistungen\/sie-horen-ihre-beschaftigung-in-deutschland-auf\/#breadcrumb"},"inLanguage":"de","potentialAction":[{"@type":"ReadAction","target":["https:\/\/frontaliers-grandest.eu\/de\/startseite\/grenzganger\/frankreich-deutschland\/sozialversicherung\/familienleistungen\/sie-horen-ihre-beschaftigung-in-deutschland-auf\/"]}]},{"@type":"BreadcrumbList","@id":"https:\/\/frontaliers-grandest.eu\/de\/startseite\/grenzganger\/frankreich-deutschland\/sozialversicherung\/familienleistungen\/sie-horen-ihre-beschaftigung-in-deutschland-auf\/#breadcrumb","itemListElement":[{"@type":"ListItem","position":1,"name":"Startseite","item":"https:\/\/frontaliers-grandest.eu\/de\/"},{"@type":"ListItem","position":2,"name":"Grenzg\u00e4nger","item":"https:\/\/frontaliers-grandest.eu\/de\/startseite\/grenzganger\/"},{"@type":"ListItem","position":3,"name":"Frankreich - Deutschland","item":"https:\/\/frontaliers-grandest.eu\/de\/startseite\/grenzganger\/frankreich-deutschland\/"},{"@type":"ListItem","position":4,"name":"Sozialversicherung in Deutschland","item":"https:\/\/frontaliers-grandest.eu\/de\/startseite\/grenzganger\/frankreich-deutschland\/sozialversicherung\/"},{"@type":"ListItem","position":5,"name":"Familienleistungen","item":"https:\/\/frontaliers-grandest.eu\/de\/startseite\/grenzganger\/frankreich-deutschland\/sozialversicherung\/familienleistungen\/"},{"@type":"ListItem","position":6,"name":"Betr\u00e4ge"}]},{"@type":"WebSite","@id":"https:\/\/frontaliers-grandest.eu\/de\/#website","url":"https:\/\/frontaliers-grandest.eu\/de\/","name":"Frontaliers Grand Est","description":"Le site ressource du travail frontalier","publisher":{"@id":"https:\/\/frontaliers-grandest.eu\/de\/#organization"},"alternateName":"Frontaliers Grand Est","potentialAction":[{"@type":"SearchAction","target":{"@type":"EntryPoint","urlTemplate":"https:\/\/frontaliers-grandest.eu\/de\/?s={search_term_string}"},"query-input":{"@type":"PropertyValueSpecification","valueRequired":true,"valueName":"search_term_string"}}],"inLanguage":"de"},{"@type":"Organization","@id":"https:\/\/frontaliers-grandest.eu\/de\/#organization","name":"Frontaliers Grand Est","alternateName":"Frontaliers Grand Est","url":"https:\/\/frontaliers-grandest.eu\/de\/","logo":{"@type":"ImageObject","inLanguage":"de","@id":"https:\/\/frontaliers-grandest.eu\/de\/#\/schema\/logo\/image\/","url":"https:\/\/frontaliers-grandest.eu\/wp-content\/uploads\/2025\/07\/260328234_2966785176920310_3332838526503858160_n.jpg","contentUrl":"https:\/\/frontaliers-grandest.eu\/wp-content\/uploads\/2025\/07\/260328234_2966785176920310_3332838526503858160_n.jpg","width":396,"height":396,"caption":"Frontaliers Grand Est"},"image":{"@id":"https:\/\/frontaliers-grandest.eu\/de\/#\/schema\/logo\/image\/"},"sameAs":["https:\/\/www.facebook.com\/frontaliers.GR.EST\/?locale=fr_FR"]}]}},"frge_page_order":"0","_links":{"self":[{"href":"https:\/\/frontaliers-grandest.eu\/de\/wp-json\/wp\/v2\/pages\/8118","targetHints":{"allow":["GET"]}}],"collection":[{"href":"https:\/\/frontaliers-grandest.eu\/de\/wp-json\/wp\/v2\/pages"}],"about":[{"href":"https:\/\/frontaliers-grandest.eu\/de\/wp-json\/wp\/v2\/types\/page"}],"author":[{"embeddable":true,"href":"https:\/\/frontaliers-grandest.eu\/de\/wp-json\/wp\/v2\/users\/7"}],"replies":[{"embeddable":true,"href":"https:\/\/frontaliers-grandest.eu\/de\/wp-json\/wp\/v2\/comments?post=8118"}],"version-history":[{"count":2,"href":"https:\/\/frontaliers-grandest.eu\/de\/wp-json\/wp\/v2\/pages\/8118\/revisions"}],"predecessor-version":[{"id":58411,"href":"https:\/\/frontaliers-grandest.eu\/de\/wp-json\/wp\/v2\/pages\/8118\/revisions\/58411"}],"up":[{"embeddable":true,"href":"https:\/\/frontaliers-grandest.eu\/de\/wp-json\/wp\/v2\/pages\/8076"}],"wp:attachment":[{"href":"https:\/\/frontaliers-grandest.eu\/de\/wp-json\/wp\/v2\/media?parent=8118"}],"wp:term":[{"taxonomy":"post_tag","embeddable":true,"href":"https:\/\/frontaliers-grandest.eu\/de\/wp-json\/wp\/v2\/tags?post=8118"},{"taxonomy":"frge_profile","embeddable":true,"href":"https:\/\/frontaliers-grandest.eu\/de\/wp-json\/wp\/v2\/frge_profile?post=8118"}],"curies":[{"name":"wp","href":"https:\/\/api.w.org\/{rel}","templated":true}]}}