{"id":8110,"date":"2021-06-07T10:42:41","date_gmt":"2021-06-07T08:42:41","guid":{"rendered":"https:\/\/frontaliers-grandest.eu\/?page_id=8110"},"modified":"2026-03-12T12:31:18","modified_gmt":"2026-03-12T11:31:18","slug":"von-welchem-land-bekomme-ich-die-familienleistungen","status":"publish","type":"page","link":"https:\/\/frontaliers-grandest.eu\/de\/startseite\/grenzganger\/frankreich-deutschland\/sozialversicherung\/familienleistungen\/von-welchem-land-bekomme-ich-die-familienleistungen\/","title":{"rendered":"Priorit\u00e4tsregeln"},"content":{"rendered":"\n<p>Wenn Sie Grenzg\u00e4nger sind, in <strong>Frankreich wohnen<\/strong> und in <strong>Deutschland arbeiten<\/strong>, haben Sie Anspruch auf <strong>deutsche Familienleistungen<\/strong>. In grenz\u00fcberschreitenden Situationen muss jedoch das <strong>priorit\u00e4re Land<\/strong> f\u00fcr die Auszahlung der Familienleistungen bestimmt werden.<\/p>\n\n\n\n<p><em>Was bedeutet das<\/em>? Sie k\u00f6nnen <strong>nicht 100\u202f% der franz\u00f6sischen und 100\u202f% der deutschen Familienleistungen<\/strong> gleichzeitig erhalten.<br>-> Ein Land <strong>hat Priorit\u00e4t<\/strong>, und das andere Land kann Ihnen eine <strong>differenzielle Erg\u00e4nzungsleistung<\/strong> zahlen : Dabei handelt es sich um den m\u00f6glichen <strong>Zusatzbetrag<\/strong>, den das zweite Land Ihnen schuldet. Dieser wird im Vergleich zu dem vom priorit\u00e4ren Land gezahlten Betrag berechnet.<\/p>\n\n\n\n<div class=\"wp-block-frontaliers-grandest-plugin-frge-accordion-block\"><div class=\"accordion-top\"><h4 class=\"accordion-title\">Das priorit\u00e4re Land festlegen<\/h4><svg viewBox=\"0 0 24 24\" stroke-width=\"1.5\" fill=\"none\" xmlns=\"http:\/\/www.w3.org\/2000\/svg\" class=\"accordion-top__icon\"><path d=\"M3 12L21 12M21 12L12.5 3.5M21 12L12.5 20.5\" stroke-width=\"1.5\" stroke-linecap=\"round\" stroke-linejoin=\"round\"><\/path><\/svg><\/div><div class=\"accordion-content\">\n<ol class=\"wp-block-list\">\n<li><strong>Vorrang der deutschen Leistungen<\/strong> besteht, wenn beide Eltern nur in Deutschland arbeiten <strong>oder<\/strong> wenn Sie in Deutschland arbeiten und Ihr Ehepartner in Frankreich keine Erwerbst\u00e4tigkeit aus\u00fcbt oder keine Ersatzleistungen (z.\u202fB. Arbeitslosengeld, Krankengeld oder Mutterschaftsgeld) erh\u00e4lt : In diesem Fall ist das <strong>Besch\u00e4ftigungsland Deutschland<\/strong> vorrangig f\u00fcr die Auszahlung der Familienleistungen. Frankreich zahlt gegebenenfalls eine <strong>Ausgleichszahlung<\/strong>.<\/li>\n\n\n\n<li><strong>Im Falle des Wohnsitzes der Kinder in Frankreich<\/strong> und einer Erwerbst\u00e4tigkeit eines Elternteils in Frankreich (oder beim Bezug von Arbeitslosengeld bzw. Krankengeld) ist <strong>Frankreich<\/strong> vorrangig f\u00fcr die Auszahlung der Familienleistungen.<\/li>\n<\/ol>\n\n\n\n<p><strong>Patchworkfamilie?<\/strong> Es ist erforderlich, die Analyse beider Kassen einzuholen, um zu kl\u00e4ren, ob Sie einen neuen <strong>Patchworkhaushalt<\/strong> bilden oder ob die berufliche Situation des anderen Elternteils Ihres Kindes ber\u00fccksichtigt werden muss.<\/p>\n\n\n\n<p><strong>Getrennt lebende Eltern?<\/strong> In Deutschland zahlt die <strong>Familienkasse<\/strong> das Kindergeld nicht zur H\u00e4lfte an jeden Elternteil. Lebt das Kind \u00fcberwiegend bei einem Elternteil, wird das Kindergeld an diesen ausgezahlt. Bei <strong>Wechselmodell<\/strong> m\u00fcssen sich die Eltern einigen, wer das Kindergeld in voller H\u00f6he erh\u00e4lt. Wenn die Eltern zustimmen, melden sie dies der Familienkasse. Kommt keine Einigung zustande, entscheidet das <strong>Familiengericht<\/strong>.<\/p>\n\n\n\n<p><strong>Grenzg\u00e4nger-Eltern in zwei verschiedenen L\u00e4ndern:<\/strong> Das <strong>Besch\u00e4ftigungsland<\/strong>, das die h\u00f6heren Leistungen zahlt, hat Vorrang f\u00fcr die Auszahlung der Familienleistungen. Das zweite Besch\u00e4ftigungsland zahlt keine Leistungen. Ein <strong>drittes Antragsverfahren<\/strong> muss ggf. bei der CAF er\u00f6ffnet werden.<\/p>\n<\/div><\/div>\n\n\n\n<div class=\"wp-block-frontaliers-grandest-plugin-frge-accordion-block\"><div class=\"accordion-top\"><h4 class=\"accordion-title\">Schritte<\/h4><svg viewBox=\"0 0 24 24\" stroke-width=\"1.5\" fill=\"none\" xmlns=\"http:\/\/www.w3.org\/2000\/svg\" class=\"accordion-top__icon\"><path d=\"M3 12L21 12M21 12L12.5 3.5M21 12L12.5 20.5\" stroke-width=\"1.5\" stroke-linecap=\"round\" stroke-linejoin=\"round\"><\/path><\/svg><\/div><div class=\"accordion-content\">\n<p>Sie m\u00fcssen ein <strong>Konto bei einer deutschen Familienkasse<\/strong> im Bundesland, in dem Sie arbeiten, und bei der <strong>CAF<\/strong> er\u00f6ffnen. Es ist immer erforderlich, zun\u00e4chst ein Konto bei der <strong>CAF<\/strong> (der n\u00e4chstgelegenen zu Ihrem Wohnort) zu er\u00f6ffnen. Danach m\u00fcssen Sie ein Konto in Deutschland er\u00f6ffnen.<\/p>\n\n\n\n<p>Um Ihre <strong>deutschen Familienleistungen<\/strong> zu erhalten, m\u00fcssen mehrere Dokumente und Nachweise eingereicht werden. Der Antrag ist bei der <strong>Familienkasse Baden-W\u00fcrttemberg West in Karlsruhe<\/strong> einzureichen.<\/p>\n\n\n\n<p><strong>Spezifische Formulare<\/strong> (zum Herunterladen auf der Website der Familienkasse oder der Arbeitsagentur):<\/p>\n\n\n\n<ul class=\"wp-block-list\">\n<li>Formular <strong>\u201eAntrag auf Kindergeld\u201c (Antrag auf Kindergeld \u2013 KG1)<\/strong><\/li>\n\n\n\n<li>Formular <strong>\u201eAnlage Kind\u201c<\/strong>: ein Formular pro Kind<\/li>\n\n\n\n<li>Formular <strong>\u201eAnlage Ausland\u201c<\/strong>: falls Sie oder Ihr Kind im Ausland leben oder Familienleistungen im Ausland erhalten haben<\/li>\n<\/ul>\n\n\n\n<p><strong>Zus\u00e4tzliche Unterlagen:<\/strong><\/p>\n\n\n\n<ul class=\"wp-block-list\">\n<li><strong>Geburtsurkunde<\/strong> Ihres\/Ihrer Kinder<\/li>\n\n\n\n<li><strong>Bankverbindung (IBAN\/RIB)<\/strong> f\u00fcr die Auszahlung des Kindergeldes<\/li>\n\n\n\n<li><strong>Bescheinigung \u00fcber das Ende oder Nichtvorhandensein von Zahlungen<\/strong> der CAF Ihres Wohnorts in Frankreich. Dies ist das europ\u00e4ische Formular <strong>E 411<\/strong>, das von der CAF direkt an die Familienkasse gesendet werden kann<\/li>\n\n\n\n<li><strong>Formular E 401<\/strong>, eine Bescheinigung \u00fcber die Zusammensetzung Ihrer Familie f\u00fcr den Bezug von Familienleistungen, ausgestellt von der CAF<\/li>\n\n\n\n<li><strong>Bescheinigung des deutschen Arbeitgebers<\/strong> (Freistellungsbescheinigung, Steuerfreistellungsbescheinigung oder Kopie des deutschen Steuerbescheids)<\/li>\n\n\n\n<li><strong>Kopie Ihres Ausweises<\/strong> und ggf. des Ausweises Ihres Ehepartners<\/li>\n\n\n\n<li><strong>Nachweise \u00fcber Schul- oder Berufsausbildung<\/strong> f\u00fcr Kinder \u00fcber 18 Jahre (bis 25 Jahre, wenn sie studieren, eine Ausbildung absolvieren, ein Praktikum machen usw.)<\/li>\n<\/ul>\n<\/div><\/div>\n\n\n\n<h4 class=\"wp-block-heading\"><\/h4>\n\n\n\n<h4 class=\"wp-block-heading\"><\/h4>\n\n\n\n<p><\/p>\n\n\n\n<p><\/p>\n\n\n\n<p><\/p>\n","protected":false},"excerpt":{"rendered":"<p>Wenn Sie Grenzg\u00e4nger sind, in Frankreich wohnen und in Deutschland arbeiten, haben Sie Anspruch auf deutsche Familienleistungen. In grenz\u00fcberschreitenden Situationen muss jedoch das priorit\u00e4re Land f\u00fcr die Auszahlung der Familienleistungen bestimmt werden. Was bedeutet das? Sie k\u00f6nnen nicht 100\u202f% der franz\u00f6sischen und 100\u202f% der deutschen Familienleistungen gleichzeitig erhalten.-> Ein Land hat Priorit\u00e4t, und das andere [&hellip;]<\/p>\n","protected":false},"author":7,"featured_media":0,"parent":8076,"menu_order":0,"comment_status":"closed","ping_status":"closed","template":"","meta":{"inline_featured_image":false,"footnotes":""},"tags":[465,461,432,448,517,443,439],"frge_profile":[],"class_list":["post-8110","page","type-page","status-publish","hentry","tag-arbeit","tag-arbeitnehmer","tag-deutschland","tag-frankreich","tag-grengaenger","tag-kinder","tag-schritte"],"yoast_head":"<!-- This site is optimized with the Yoast SEO plugin v27.1.1 - https:\/\/yoast.com\/product\/yoast-seo-wordpress\/ -->\n<title>Priorit\u00e4tsregeln - Frontaliers Grand Est<\/title>\n<meta name=\"description\" content=\"Wenn Sie Grenzg\u00e4nger sind, in Frankreich wohnen und in Deutschland arbeiten, haben Sie Anspruch auf deutsche Familienleistungen.\" \/>\n<meta name=\"robots\" content=\"index, follow, max-snippet:-1, max-image-preview:large, max-video-preview:-1\" \/>\n<link rel=\"canonical\" href=\"https:\/\/frontaliers-grandest.eu\/de\/startseite\/grenzganger\/frankreich-deutschland\/sozialversicherung\/familienleistungen\/von-welchem-land-bekomme-ich-die-familienleistungen\/\" \/>\n<meta property=\"og:locale\" content=\"de_DE\" \/>\n<meta property=\"og:type\" content=\"article\" \/>\n<meta property=\"og:title\" content=\"Priorit\u00e4tsregeln - Frontaliers Grand Est\" \/>\n<meta property=\"og:description\" content=\"Wenn Sie Grenzg\u00e4nger sind, in Frankreich wohnen und in Deutschland arbeiten, haben Sie Anspruch auf deutsche Familienleistungen.\" \/>\n<meta property=\"og:url\" content=\"https:\/\/frontaliers-grandest.eu\/de\/startseite\/grenzganger\/frankreich-deutschland\/sozialversicherung\/familienleistungen\/von-welchem-land-bekomme-ich-die-familienleistungen\/\" \/>\n<meta property=\"og:site_name\" content=\"Frontaliers Grand Est\" \/>\n<meta property=\"article:publisher\" content=\"https:\/\/www.facebook.com\/frontaliers.GR.EST\/?locale=fr_FR\" \/>\n<meta property=\"article:modified_time\" content=\"2026-03-12T11:31:18+00:00\" \/>\n<meta name=\"twitter:card\" content=\"summary_large_image\" \/>\n<meta name=\"twitter:label1\" content=\"Gesch\u00e4tzte Lesezeit\" \/>\n\t<meta name=\"twitter:data1\" content=\"3\u00a0Minuten\" \/>\n<script type=\"application\/ld+json\" class=\"yoast-schema-graph\">{\"@context\":\"https:\/\/schema.org\",\"@graph\":[{\"@type\":\"WebPage\",\"@id\":\"https:\/\/frontaliers-grandest.eu\/de\/startseite\/grenzganger\/frankreich-deutschland\/sozialversicherung\/familienleistungen\/von-welchem-land-bekomme-ich-die-familienleistungen\/\",\"url\":\"https:\/\/frontaliers-grandest.eu\/de\/startseite\/grenzganger\/frankreich-deutschland\/sozialversicherung\/familienleistungen\/von-welchem-land-bekomme-ich-die-familienleistungen\/\",\"name\":\"Priorit\u00e4tsregeln - Frontaliers Grand Est\",\"isPartOf\":{\"@id\":\"https:\/\/frontaliers-grandest.eu\/de\/#website\"},\"datePublished\":\"2021-06-07T08:42:41+00:00\",\"dateModified\":\"2026-03-12T11:31:18+00:00\",\"description\":\"Wenn Sie Grenzg\u00e4nger sind, in Frankreich wohnen und in Deutschland arbeiten, haben Sie Anspruch auf deutsche Familienleistungen.\",\"breadcrumb\":{\"@id\":\"https:\/\/frontaliers-grandest.eu\/de\/startseite\/grenzganger\/frankreich-deutschland\/sozialversicherung\/familienleistungen\/von-welchem-land-bekomme-ich-die-familienleistungen\/#breadcrumb\"},\"inLanguage\":\"de\",\"potentialAction\":[{\"@type\":\"ReadAction\",\"target\":[\"https:\/\/frontaliers-grandest.eu\/de\/startseite\/grenzganger\/frankreich-deutschland\/sozialversicherung\/familienleistungen\/von-welchem-land-bekomme-ich-die-familienleistungen\/\"]}]},{\"@type\":\"BreadcrumbList\",\"@id\":\"https:\/\/frontaliers-grandest.eu\/de\/startseite\/grenzganger\/frankreich-deutschland\/sozialversicherung\/familienleistungen\/von-welchem-land-bekomme-ich-die-familienleistungen\/#breadcrumb\",\"itemListElement\":[{\"@type\":\"ListItem\",\"position\":1,\"name\":\"Startseite\",\"item\":\"https:\/\/frontaliers-grandest.eu\/de\/\"},{\"@type\":\"ListItem\",\"position\":2,\"name\":\"Grenzg\u00e4nger\",\"item\":\"https:\/\/frontaliers-grandest.eu\/de\/startseite\/grenzganger\/\"},{\"@type\":\"ListItem\",\"position\":3,\"name\":\"Frankreich - Deutschland\",\"item\":\"https:\/\/frontaliers-grandest.eu\/de\/startseite\/grenzganger\/frankreich-deutschland\/\"},{\"@type\":\"ListItem\",\"position\":4,\"name\":\"Sozialversicherung in Deutschland\",\"item\":\"https:\/\/frontaliers-grandest.eu\/de\/startseite\/grenzganger\/frankreich-deutschland\/sozialversicherung\/\"},{\"@type\":\"ListItem\",\"position\":5,\"name\":\"Familienleistungen\",\"item\":\"https:\/\/frontaliers-grandest.eu\/de\/startseite\/grenzganger\/frankreich-deutschland\/sozialversicherung\/familienleistungen\/\"},{\"@type\":\"ListItem\",\"position\":6,\"name\":\"Priorit\u00e4tsregeln\"}]},{\"@type\":\"WebSite\",\"@id\":\"https:\/\/frontaliers-grandest.eu\/de\/#website\",\"url\":\"https:\/\/frontaliers-grandest.eu\/de\/\",\"name\":\"Frontaliers Grand Est\",\"description\":\"Le site ressource du travail frontalier\",\"publisher\":{\"@id\":\"https:\/\/frontaliers-grandest.eu\/de\/#organization\"},\"alternateName\":\"Frontaliers Grand Est\",\"potentialAction\":[{\"@type\":\"SearchAction\",\"target\":{\"@type\":\"EntryPoint\",\"urlTemplate\":\"https:\/\/frontaliers-grandest.eu\/de\/?s={search_term_string}\"},\"query-input\":{\"@type\":\"PropertyValueSpecification\",\"valueRequired\":true,\"valueName\":\"search_term_string\"}}],\"inLanguage\":\"de\"},{\"@type\":\"Organization\",\"@id\":\"https:\/\/frontaliers-grandest.eu\/de\/#organization\",\"name\":\"Frontaliers Grand Est\",\"alternateName\":\"Frontaliers Grand Est\",\"url\":\"https:\/\/frontaliers-grandest.eu\/de\/\",\"logo\":{\"@type\":\"ImageObject\",\"inLanguage\":\"de\",\"@id\":\"https:\/\/frontaliers-grandest.eu\/de\/#\/schema\/logo\/image\/\",\"url\":\"https:\/\/frontaliers-grandest.eu\/wp-content\/uploads\/2025\/07\/260328234_2966785176920310_3332838526503858160_n.jpg\",\"contentUrl\":\"https:\/\/frontaliers-grandest.eu\/wp-content\/uploads\/2025\/07\/260328234_2966785176920310_3332838526503858160_n.jpg\",\"width\":396,\"height\":396,\"caption\":\"Frontaliers Grand Est\"},\"image\":{\"@id\":\"https:\/\/frontaliers-grandest.eu\/de\/#\/schema\/logo\/image\/\"},\"sameAs\":[\"https:\/\/www.facebook.com\/frontaliers.GR.EST\/?locale=fr_FR\"]}]}<\/script>\n<!-- \/ Yoast SEO plugin. -->","yoast_head_json":{"title":"Priorit\u00e4tsregeln - Frontaliers Grand Est","description":"Wenn Sie Grenzg\u00e4nger sind, in Frankreich wohnen und in Deutschland arbeiten, haben Sie Anspruch auf deutsche Familienleistungen.","robots":{"index":"index","follow":"follow","max-snippet":"max-snippet:-1","max-image-preview":"max-image-preview:large","max-video-preview":"max-video-preview:-1"},"canonical":"https:\/\/frontaliers-grandest.eu\/de\/startseite\/grenzganger\/frankreich-deutschland\/sozialversicherung\/familienleistungen\/von-welchem-land-bekomme-ich-die-familienleistungen\/","og_locale":"de_DE","og_type":"article","og_title":"Priorit\u00e4tsregeln - Frontaliers Grand Est","og_description":"Wenn Sie Grenzg\u00e4nger sind, in Frankreich wohnen und in Deutschland arbeiten, haben Sie Anspruch auf deutsche Familienleistungen.","og_url":"https:\/\/frontaliers-grandest.eu\/de\/startseite\/grenzganger\/frankreich-deutschland\/sozialversicherung\/familienleistungen\/von-welchem-land-bekomme-ich-die-familienleistungen\/","og_site_name":"Frontaliers Grand Est","article_publisher":"https:\/\/www.facebook.com\/frontaliers.GR.EST\/?locale=fr_FR","article_modified_time":"2026-03-12T11:31:18+00:00","twitter_card":"summary_large_image","twitter_misc":{"Gesch\u00e4tzte Lesezeit":"3\u00a0Minuten"},"schema":{"@context":"https:\/\/schema.org","@graph":[{"@type":"WebPage","@id":"https:\/\/frontaliers-grandest.eu\/de\/startseite\/grenzganger\/frankreich-deutschland\/sozialversicherung\/familienleistungen\/von-welchem-land-bekomme-ich-die-familienleistungen\/","url":"https:\/\/frontaliers-grandest.eu\/de\/startseite\/grenzganger\/frankreich-deutschland\/sozialversicherung\/familienleistungen\/von-welchem-land-bekomme-ich-die-familienleistungen\/","name":"Priorit\u00e4tsregeln - Frontaliers Grand Est","isPartOf":{"@id":"https:\/\/frontaliers-grandest.eu\/de\/#website"},"datePublished":"2021-06-07T08:42:41+00:00","dateModified":"2026-03-12T11:31:18+00:00","description":"Wenn Sie Grenzg\u00e4nger sind, in Frankreich wohnen und in Deutschland arbeiten, haben Sie Anspruch auf deutsche Familienleistungen.","breadcrumb":{"@id":"https:\/\/frontaliers-grandest.eu\/de\/startseite\/grenzganger\/frankreich-deutschland\/sozialversicherung\/familienleistungen\/von-welchem-land-bekomme-ich-die-familienleistungen\/#breadcrumb"},"inLanguage":"de","potentialAction":[{"@type":"ReadAction","target":["https:\/\/frontaliers-grandest.eu\/de\/startseite\/grenzganger\/frankreich-deutschland\/sozialversicherung\/familienleistungen\/von-welchem-land-bekomme-ich-die-familienleistungen\/"]}]},{"@type":"BreadcrumbList","@id":"https:\/\/frontaliers-grandest.eu\/de\/startseite\/grenzganger\/frankreich-deutschland\/sozialversicherung\/familienleistungen\/von-welchem-land-bekomme-ich-die-familienleistungen\/#breadcrumb","itemListElement":[{"@type":"ListItem","position":1,"name":"Startseite","item":"https:\/\/frontaliers-grandest.eu\/de\/"},{"@type":"ListItem","position":2,"name":"Grenzg\u00e4nger","item":"https:\/\/frontaliers-grandest.eu\/de\/startseite\/grenzganger\/"},{"@type":"ListItem","position":3,"name":"Frankreich - Deutschland","item":"https:\/\/frontaliers-grandest.eu\/de\/startseite\/grenzganger\/frankreich-deutschland\/"},{"@type":"ListItem","position":4,"name":"Sozialversicherung in Deutschland","item":"https:\/\/frontaliers-grandest.eu\/de\/startseite\/grenzganger\/frankreich-deutschland\/sozialversicherung\/"},{"@type":"ListItem","position":5,"name":"Familienleistungen","item":"https:\/\/frontaliers-grandest.eu\/de\/startseite\/grenzganger\/frankreich-deutschland\/sozialversicherung\/familienleistungen\/"},{"@type":"ListItem","position":6,"name":"Priorit\u00e4tsregeln"}]},{"@type":"WebSite","@id":"https:\/\/frontaliers-grandest.eu\/de\/#website","url":"https:\/\/frontaliers-grandest.eu\/de\/","name":"Frontaliers Grand Est","description":"Le site ressource du travail frontalier","publisher":{"@id":"https:\/\/frontaliers-grandest.eu\/de\/#organization"},"alternateName":"Frontaliers Grand Est","potentialAction":[{"@type":"SearchAction","target":{"@type":"EntryPoint","urlTemplate":"https:\/\/frontaliers-grandest.eu\/de\/?s={search_term_string}"},"query-input":{"@type":"PropertyValueSpecification","valueRequired":true,"valueName":"search_term_string"}}],"inLanguage":"de"},{"@type":"Organization","@id":"https:\/\/frontaliers-grandest.eu\/de\/#organization","name":"Frontaliers Grand Est","alternateName":"Frontaliers Grand Est","url":"https:\/\/frontaliers-grandest.eu\/de\/","logo":{"@type":"ImageObject","inLanguage":"de","@id":"https:\/\/frontaliers-grandest.eu\/de\/#\/schema\/logo\/image\/","url":"https:\/\/frontaliers-grandest.eu\/wp-content\/uploads\/2025\/07\/260328234_2966785176920310_3332838526503858160_n.jpg","contentUrl":"https:\/\/frontaliers-grandest.eu\/wp-content\/uploads\/2025\/07\/260328234_2966785176920310_3332838526503858160_n.jpg","width":396,"height":396,"caption":"Frontaliers Grand Est"},"image":{"@id":"https:\/\/frontaliers-grandest.eu\/de\/#\/schema\/logo\/image\/"},"sameAs":["https:\/\/www.facebook.com\/frontaliers.GR.EST\/?locale=fr_FR"]}]}},"frge_page_order":"0","_links":{"self":[{"href":"https:\/\/frontaliers-grandest.eu\/de\/wp-json\/wp\/v2\/pages\/8110","targetHints":{"allow":["GET"]}}],"collection":[{"href":"https:\/\/frontaliers-grandest.eu\/de\/wp-json\/wp\/v2\/pages"}],"about":[{"href":"https:\/\/frontaliers-grandest.eu\/de\/wp-json\/wp\/v2\/types\/page"}],"author":[{"embeddable":true,"href":"https:\/\/frontaliers-grandest.eu\/de\/wp-json\/wp\/v2\/users\/7"}],"replies":[{"embeddable":true,"href":"https:\/\/frontaliers-grandest.eu\/de\/wp-json\/wp\/v2\/comments?post=8110"}],"version-history":[{"count":5,"href":"https:\/\/frontaliers-grandest.eu\/de\/wp-json\/wp\/v2\/pages\/8110\/revisions"}],"predecessor-version":[{"id":58409,"href":"https:\/\/frontaliers-grandest.eu\/de\/wp-json\/wp\/v2\/pages\/8110\/revisions\/58409"}],"up":[{"embeddable":true,"href":"https:\/\/frontaliers-grandest.eu\/de\/wp-json\/wp\/v2\/pages\/8076"}],"wp:attachment":[{"href":"https:\/\/frontaliers-grandest.eu\/de\/wp-json\/wp\/v2\/media?parent=8110"}],"wp:term":[{"taxonomy":"post_tag","embeddable":true,"href":"https:\/\/frontaliers-grandest.eu\/de\/wp-json\/wp\/v2\/tags?post=8110"},{"taxonomy":"frge_profile","embeddable":true,"href":"https:\/\/frontaliers-grandest.eu\/de\/wp-json\/wp\/v2\/frge_profile?post=8110"}],"curies":[{"name":"wp","href":"https:\/\/api.w.org\/{rel}","templated":true}]}}