{"id":8103,"date":"2021-06-04T15:01:56","date_gmt":"2021-06-04T13:01:56","guid":{"rendered":"https:\/\/frontaliers-grandest.eu\/?page_id=8103"},"modified":"2026-03-11T16:42:42","modified_gmt":"2026-03-11T15:42:42","slug":"wann-kann-ich-in-den-ruhestand-gehen","status":"publish","type":"page","link":"https:\/\/frontaliers-grandest.eu\/de\/startseite\/grenzganger\/frankreich-deutschland\/sozialversicherung\/die-altersversicherung\/wann-kann-ich-in-den-ruhestand-gehen\/","title":{"rendered":"Wann kann ich in den Ruhestand gehen ?"},"content":{"rendered":"\n<p>Das gesetzliche Renteneintrittsalter ist in Deutschland und Frankreich unterschiedlich. In den folgenden Rubriken finden Sie alle n\u00fctzlichen Informationen zu diesem Thema.<\/p>\n\n\n\n<div class=\"wp-block-frontaliers-grandest-plugin-frge-accordion-block\"><div class=\"accordion-top\"><h4 class=\"accordion-title\">Rentenalter in Deutschland<\/h4><svg viewBox=\"0 0 24 24\" stroke-width=\"1.5\" fill=\"none\" xmlns=\"http:\/\/www.w3.org\/2000\/svg\" class=\"accordion-top__icon\"><path d=\"M3 12L21 12M21 12L12.5 3.5M21 12L12.5 20.5\" stroke-width=\"1.5\" stroke-linecap=\"round\" stroke-linejoin=\"round\"><\/path><\/svg><\/div><div class=\"accordion-content\">\n<p>Das gesetzliche Rentenalter liegt zwischen <strong>65 und 67 Jahren,<\/strong> je nach Ihrem Geburtsjahr. Um Anspruch auf eine Altersrente zu haben, m\u00fcssen Sie mindestens 60 Versicherungsmonate (= 5 Jahre) nachweisen, davon mindestens ein Jahr in Deutschland :<\/p>\n\n\n\n<figure class=\"wp-block-table\"><table class=\"has-fixed-layout\"><tbody><tr><td>Geburtsjahr<\/td><td>Rentenalter<\/td><\/tr><tr><td>1953<\/td><td>65 Jahre et 7 Monate<\/td><\/tr><tr><td>1954<\/td><td>65 Jahre et 8 Monate<\/td><\/tr><tr><td>1955<\/td><td>65 Jahre et 9 Monate<\/td><\/tr><tr><td>1956<\/td><td>65 Jahre et 10 Monate<\/td><\/tr><tr><td>1957<\/td><td>65 Jahre et 11 Monate<\/td><\/tr><tr><td>1958<\/td><td>66 Jahre<\/td><\/tr><tr><td>1959<\/td><td>66 Jahre et 2 Monate<\/td><\/tr><tr><td>1960<\/td><td>66 Jahre et 4 Monate<\/td><\/tr><tr><td>1961<\/td><td>66 Jahre et 6 Monate<\/td><\/tr><tr><td>1962<\/td><td>66 Jahre et 8 Monate<\/td><\/tr><tr><td>1963<\/td><td>66 Jahre et 10 Monate<\/td><\/tr><tr><td>1964<\/td><td>67 Jahre<\/td><\/tr><\/tbody><\/table><\/figure>\n\n\n\n<p><br>In bestimmten gesetzlich vorgesehenen F\u00e4llen kann der Versicherte vorzeitig in den Ruhestand treten, ohne dass seine Altersrente gek\u00fcrzt wird.<\/p>\n\n\n\n<p>Der Antrag kann insbesondere gestellt werden:<\/p>\n\n\n\n<ul class=\"wp-block-list\">\n<li>ab 65 Jahren f\u00fcr schwerbehinderte Menschen (Behinderungsgrad von mindestens 50 %), die mindestens 35 Versicherungsjahre zur\u00fcckgelegt haben;<\/li>\n\n\n\n<li>ab 65 Jahren, wenn der Versicherte 45 Jahre Pflichtbeitr\u00e4ge w\u00e4hrend seiner Besch\u00e4ftigungszeiten nachweisen kann, einschlie\u00dflich der Zeiten der Betreuung oder Erziehung eines Kindes unter 10 Jahren.<\/li>\n<\/ul>\n\n\n\n<p><\/p>\n\n\n\n<p>Hinweis: Beachten Sie, dass die genannten Mindestversicherungszeiten auch Besch\u00e4ftigungszeiten in einem anderen Land als Deutschland umfassen k\u00f6nnen, solange Sie mindestens ein Jahr lang in Deutschland Beitr\u00e4ge gezahlt haben.<br>Wenn der Versicherte die Voraussetzungen f\u00fcr eine vorzeitige Rente ohne Abschlag nicht erf\u00fcllt, kann er dennoch ab dem 63. Lebensjahr eine vorzeitige Rente beantragen, allerdings mit einem Abschlag. Der Abschlag betr\u00e4gt 0,3 % pro Monat, in dem man vor Erreichen des festgelegten Alters in Rente geht (maximaler Abschlag 14,4 %).<\/p>\n\n\n\n<p>Sie k\u00f6nnen auch nach Erreichen des gesetzlichen Rentenalters (von 65 bis 67 Jahren) in den Ruhestand gehen. In diesem Fall wird ein Aufschlag von 0,5 % pro Monat des Aufschubs angewendet.<\/p>\n\n\n\n<p>Die Deutsche Rentenversicherung (DRV) stellt den Nutzern einen Simulator zur Verf\u00fcgung, mit dem sie den Beginn und die H\u00f6he ihrer Rente berechnen k\u00f6nnen. Z\u00f6gern Sie nicht, diesen zu nutzen. Er ist <a href=\"https:\/\/www.deutsche-rentenversicherung.de\/DRV\/DE\/Online-Services\/Online-Rechner\/RentenbeginnUndHoehenRechner\/rentenbeginnrechner.html?nn=8c0b1b90-0537-47a0-a1dd-5778b94982fe\" type=\"link\" id=\"https:\/\/www.deutsche-rentenversicherung.de\/DRV\/DE\/Online-Services\/Online-Rechner\/RentenbeginnUndHoehenRechner\/rentenbeginnrechner.html?nn=8c0b1b90-0537-47a0-a1dd-5778b94982fe\">hier<\/a> verf\u00fcgbar.<\/p>\n\n\n\n<p><br><\/p>\n<\/div><\/div>\n\n\n\n<div class=\"wp-block-frontaliers-grandest-plugin-frge-accordion-block\"><div class=\"accordion-top\"><h4 class=\"accordion-title\">Rentenalter in Frankreich<\/h4><svg viewBox=\"0 0 24 24\" stroke-width=\"1.5\" fill=\"none\" xmlns=\"http:\/\/www.w3.org\/2000\/svg\" class=\"accordion-top__icon\"><path d=\"M3 12L21 12M21 12L12.5 3.5M21 12L12.5 20.5\" stroke-width=\"1.5\" stroke-linecap=\"round\" stroke-linejoin=\"round\"><\/path><\/svg><\/div><div class=\"accordion-content\">\n<p>Das Alter, ab dem Sie in Rente gehen k\u00f6nnen, h\u00e4ngt von Ihrem Geburtsdatum ab. Das gesetzliche Rentenalter liegt zwischen <strong>62 und 64 Jahren<\/strong> :<\/p>\n\n\n\n<figure class=\"wp-block-table\"><table class=\"has-fixed-layout\"><tbody><tr><td>Geburtsjahr<\/td><td>Sie k\u00f6nnen ab einem Alter von:<\/td><\/tr><tr><td>Zwischen dem 1. Januar 1963 und dem 31. M\u00e4rz 1965<\/td><td>62 Jahre und 9 Monate<\/td><\/tr><tr><td>Zwischen dem 1. April 1965 und dem 31. Dezember 1965<\/td><td>63 Jahre<\/td><\/tr><tr><td>1966<\/td><td>63 Jahre und 3 Monate<\/td><\/tr><tr><td>1967<\/td><td>63 Jahre und 6 Monate<\/td><\/tr><tr><td>1968<\/td><td>63 Jahre und 9 Monate<\/td><\/tr><tr><td>Ab dem 1. Januar 1969<\/td><td>64 Jahre<\/td><\/tr><\/tbody><\/table><\/figure>\n\n\n\n<p>Das Alter f\u00fcr den automatischen Vollrentensatz ist auf <strong>67 Jahre<\/strong> festgelegt.<\/p>\n\n\n\n<p>Es ist m\u00f6glich, vor Erreichen des Mindestrentenalters in den Vorruhestand zu gehen, insbesondere in folgenden F\u00e4llen:<\/p>\n\n\n\n<ul class=\"wp-block-list\">\n<li>Bei langer Berufslaufbahn<\/li>\n\n\n\n<li>Wenn Sie trotz einer Behinderung gearbeitet haben<\/li>\n\n\n\n<li>Wenn Sie aufgrund eines Arbeitsunfalls oder einer Berufskrankheit dauerhaft arbeitsunf\u00e4hig sind<\/li>\n\n\n\n<li>Wenn Sie als arbeitsunf\u00e4hig anerkannt sind<\/li>\n\n\n\n<li>Wenn Sie im Laufe Ihres Lebens Asbest ausgesetzt waren.<\/li>\n<\/ul>\n\n\n\n<p>Weitere Informationen finden Sie unter: <a href=\"https:\/\/www.service-public.gouv.fr\/particuliers\/vosdroits\/F14043 \">https:\/\/www.service-public.gouv.fr\/particuliers\/vosdroits\/F14043 <\/a><\/p>\n<\/div><\/div>\n\n\n\n<h4 class=\"wp-block-heading\"><\/h4>\n\n\n\n<p><\/p>\n\n\n\n<p><\/p>\n\n\n\n<p><\/p>\n","protected":false},"excerpt":{"rendered":"<p>Das gesetzliche Renteneintrittsalter ist in Deutschland und Frankreich unterschiedlich. In den folgenden Rubriken finden Sie alle n\u00fctzlichen Informationen zu diesem Thema.<\/p>\n","protected":false},"author":7,"featured_media":0,"parent":8073,"menu_order":2,"comment_status":"closed","ping_status":"closed","template":"","meta":{"inline_featured_image":false,"footnotes":""},"tags":[432,448,833,517,460,829,830],"frge_profile":[225,231],"class_list":["post-8103","page","type-page","status-publish","hentry","tag-deutschland","tag-frankreich","tag-gesetzliches-rentenalter","tag-grengaenger","tag-rente","tag-rentenversicherung","tag-rentner","frge_profile-arbeitnehmer","frge_profile-rentner"],"yoast_head":"<!-- This site is optimized with the Yoast SEO plugin v27.1.1 - https:\/\/yoast.com\/product\/yoast-seo-wordpress\/ -->\n<title>Wann kann ich in den Ruhestand gehen ? - Frontaliers Grand Est<\/title>\n<meta name=\"description\" content=\"Das gesetzliche Rentenalter liegt zwischen 65 und 67 Jahren, je nach Ihrem Geburtsjahr.\" \/>\n<meta name=\"robots\" content=\"index, follow, max-snippet:-1, max-image-preview:large, max-video-preview:-1\" \/>\n<link rel=\"canonical\" href=\"https:\/\/frontaliers-grandest.eu\/de\/startseite\/grenzganger\/frankreich-deutschland\/sozialversicherung\/die-altersversicherung\/wann-kann-ich-in-den-ruhestand-gehen\/\" \/>\n<meta property=\"og:locale\" content=\"de_DE\" \/>\n<meta property=\"og:type\" content=\"article\" \/>\n<meta property=\"og:title\" content=\"Wann kann ich in den Ruhestand gehen ? - Frontaliers Grand Est\" \/>\n<meta property=\"og:description\" content=\"Das gesetzliche Rentenalter liegt zwischen 65 und 67 Jahren, je nach Ihrem Geburtsjahr.\" \/>\n<meta property=\"og:url\" content=\"https:\/\/frontaliers-grandest.eu\/de\/startseite\/grenzganger\/frankreich-deutschland\/sozialversicherung\/die-altersversicherung\/wann-kann-ich-in-den-ruhestand-gehen\/\" \/>\n<meta property=\"og:site_name\" content=\"Frontaliers Grand Est\" \/>\n<meta property=\"article:publisher\" content=\"https:\/\/www.facebook.com\/frontaliers.GR.EST\/?locale=fr_FR\" \/>\n<meta property=\"article:modified_time\" content=\"2026-03-11T15:42:42+00:00\" \/>\n<meta name=\"twitter:card\" content=\"summary_large_image\" \/>\n<meta name=\"twitter:label1\" content=\"Gesch\u00e4tzte Lesezeit\" \/>\n\t<meta name=\"twitter:data1\" content=\"3\u00a0Minuten\" \/>\n<script type=\"application\/ld+json\" class=\"yoast-schema-graph\">{\"@context\":\"https:\/\/schema.org\",\"@graph\":[{\"@type\":\"WebPage\",\"@id\":\"https:\/\/frontaliers-grandest.eu\/de\/startseite\/grenzganger\/frankreich-deutschland\/sozialversicherung\/die-altersversicherung\/wann-kann-ich-in-den-ruhestand-gehen\/\",\"url\":\"https:\/\/frontaliers-grandest.eu\/de\/startseite\/grenzganger\/frankreich-deutschland\/sozialversicherung\/die-altersversicherung\/wann-kann-ich-in-den-ruhestand-gehen\/\",\"name\":\"Wann kann ich in den Ruhestand gehen ? - Frontaliers Grand Est\",\"isPartOf\":{\"@id\":\"https:\/\/frontaliers-grandest.eu\/de\/#website\"},\"datePublished\":\"2021-06-04T13:01:56+00:00\",\"dateModified\":\"2026-03-11T15:42:42+00:00\",\"description\":\"Das gesetzliche Rentenalter liegt zwischen 65 und 67 Jahren, je nach Ihrem Geburtsjahr.\",\"breadcrumb\":{\"@id\":\"https:\/\/frontaliers-grandest.eu\/de\/startseite\/grenzganger\/frankreich-deutschland\/sozialversicherung\/die-altersversicherung\/wann-kann-ich-in-den-ruhestand-gehen\/#breadcrumb\"},\"inLanguage\":\"de\",\"potentialAction\":[{\"@type\":\"ReadAction\",\"target\":[\"https:\/\/frontaliers-grandest.eu\/de\/startseite\/grenzganger\/frankreich-deutschland\/sozialversicherung\/die-altersversicherung\/wann-kann-ich-in-den-ruhestand-gehen\/\"]}]},{\"@type\":\"BreadcrumbList\",\"@id\":\"https:\/\/frontaliers-grandest.eu\/de\/startseite\/grenzganger\/frankreich-deutschland\/sozialversicherung\/die-altersversicherung\/wann-kann-ich-in-den-ruhestand-gehen\/#breadcrumb\",\"itemListElement\":[{\"@type\":\"ListItem\",\"position\":1,\"name\":\"Startseite\",\"item\":\"https:\/\/frontaliers-grandest.eu\/de\/\"},{\"@type\":\"ListItem\",\"position\":2,\"name\":\"Grenzg\u00e4nger\",\"item\":\"https:\/\/frontaliers-grandest.eu\/de\/startseite\/grenzganger\/\"},{\"@type\":\"ListItem\",\"position\":3,\"name\":\"Frankreich - Deutschland\",\"item\":\"https:\/\/frontaliers-grandest.eu\/de\/startseite\/grenzganger\/frankreich-deutschland\/\"},{\"@type\":\"ListItem\",\"position\":4,\"name\":\"Sozialversicherung in Deutschland\",\"item\":\"https:\/\/frontaliers-grandest.eu\/de\/startseite\/grenzganger\/frankreich-deutschland\/sozialversicherung\/\"},{\"@type\":\"ListItem\",\"position\":5,\"name\":\"Die Altersversicherung\",\"item\":\"https:\/\/frontaliers-grandest.eu\/de\/startseite\/grenzganger\/frankreich-deutschland\/sozialversicherung\/die-altersversicherung\/\"},{\"@type\":\"ListItem\",\"position\":6,\"name\":\"Wann kann ich in den Ruhestand gehen ?\"}]},{\"@type\":\"WebSite\",\"@id\":\"https:\/\/frontaliers-grandest.eu\/de\/#website\",\"url\":\"https:\/\/frontaliers-grandest.eu\/de\/\",\"name\":\"Frontaliers Grand Est\",\"description\":\"Le site ressource du travail frontalier\",\"publisher\":{\"@id\":\"https:\/\/frontaliers-grandest.eu\/de\/#organization\"},\"alternateName\":\"Frontaliers Grand Est\",\"potentialAction\":[{\"@type\":\"SearchAction\",\"target\":{\"@type\":\"EntryPoint\",\"urlTemplate\":\"https:\/\/frontaliers-grandest.eu\/de\/?s={search_term_string}\"},\"query-input\":{\"@type\":\"PropertyValueSpecification\",\"valueRequired\":true,\"valueName\":\"search_term_string\"}}],\"inLanguage\":\"de\"},{\"@type\":\"Organization\",\"@id\":\"https:\/\/frontaliers-grandest.eu\/de\/#organization\",\"name\":\"Frontaliers Grand Est\",\"alternateName\":\"Frontaliers Grand Est\",\"url\":\"https:\/\/frontaliers-grandest.eu\/de\/\",\"logo\":{\"@type\":\"ImageObject\",\"inLanguage\":\"de\",\"@id\":\"https:\/\/frontaliers-grandest.eu\/de\/#\/schema\/logo\/image\/\",\"url\":\"https:\/\/frontaliers-grandest.eu\/wp-content\/uploads\/2025\/07\/260328234_2966785176920310_3332838526503858160_n.jpg\",\"contentUrl\":\"https:\/\/frontaliers-grandest.eu\/wp-content\/uploads\/2025\/07\/260328234_2966785176920310_3332838526503858160_n.jpg\",\"width\":396,\"height\":396,\"caption\":\"Frontaliers Grand Est\"},\"image\":{\"@id\":\"https:\/\/frontaliers-grandest.eu\/de\/#\/schema\/logo\/image\/\"},\"sameAs\":[\"https:\/\/www.facebook.com\/frontaliers.GR.EST\/?locale=fr_FR\"]}]}<\/script>\n<!-- \/ Yoast SEO plugin. -->","yoast_head_json":{"title":"Wann kann ich in den Ruhestand gehen ? - Frontaliers Grand Est","description":"Das gesetzliche Rentenalter liegt zwischen 65 und 67 Jahren, je nach Ihrem Geburtsjahr.","robots":{"index":"index","follow":"follow","max-snippet":"max-snippet:-1","max-image-preview":"max-image-preview:large","max-video-preview":"max-video-preview:-1"},"canonical":"https:\/\/frontaliers-grandest.eu\/de\/startseite\/grenzganger\/frankreich-deutschland\/sozialversicherung\/die-altersversicherung\/wann-kann-ich-in-den-ruhestand-gehen\/","og_locale":"de_DE","og_type":"article","og_title":"Wann kann ich in den Ruhestand gehen ? - Frontaliers Grand Est","og_description":"Das gesetzliche Rentenalter liegt zwischen 65 und 67 Jahren, je nach Ihrem Geburtsjahr.","og_url":"https:\/\/frontaliers-grandest.eu\/de\/startseite\/grenzganger\/frankreich-deutschland\/sozialversicherung\/die-altersversicherung\/wann-kann-ich-in-den-ruhestand-gehen\/","og_site_name":"Frontaliers Grand Est","article_publisher":"https:\/\/www.facebook.com\/frontaliers.GR.EST\/?locale=fr_FR","article_modified_time":"2026-03-11T15:42:42+00:00","twitter_card":"summary_large_image","twitter_misc":{"Gesch\u00e4tzte Lesezeit":"3\u00a0Minuten"},"schema":{"@context":"https:\/\/schema.org","@graph":[{"@type":"WebPage","@id":"https:\/\/frontaliers-grandest.eu\/de\/startseite\/grenzganger\/frankreich-deutschland\/sozialversicherung\/die-altersversicherung\/wann-kann-ich-in-den-ruhestand-gehen\/","url":"https:\/\/frontaliers-grandest.eu\/de\/startseite\/grenzganger\/frankreich-deutschland\/sozialversicherung\/die-altersversicherung\/wann-kann-ich-in-den-ruhestand-gehen\/","name":"Wann kann ich in den Ruhestand gehen ? - Frontaliers Grand Est","isPartOf":{"@id":"https:\/\/frontaliers-grandest.eu\/de\/#website"},"datePublished":"2021-06-04T13:01:56+00:00","dateModified":"2026-03-11T15:42:42+00:00","description":"Das gesetzliche Rentenalter liegt zwischen 65 und 67 Jahren, je nach Ihrem Geburtsjahr.","breadcrumb":{"@id":"https:\/\/frontaliers-grandest.eu\/de\/startseite\/grenzganger\/frankreich-deutschland\/sozialversicherung\/die-altersversicherung\/wann-kann-ich-in-den-ruhestand-gehen\/#breadcrumb"},"inLanguage":"de","potentialAction":[{"@type":"ReadAction","target":["https:\/\/frontaliers-grandest.eu\/de\/startseite\/grenzganger\/frankreich-deutschland\/sozialversicherung\/die-altersversicherung\/wann-kann-ich-in-den-ruhestand-gehen\/"]}]},{"@type":"BreadcrumbList","@id":"https:\/\/frontaliers-grandest.eu\/de\/startseite\/grenzganger\/frankreich-deutschland\/sozialversicherung\/die-altersversicherung\/wann-kann-ich-in-den-ruhestand-gehen\/#breadcrumb","itemListElement":[{"@type":"ListItem","position":1,"name":"Startseite","item":"https:\/\/frontaliers-grandest.eu\/de\/"},{"@type":"ListItem","position":2,"name":"Grenzg\u00e4nger","item":"https:\/\/frontaliers-grandest.eu\/de\/startseite\/grenzganger\/"},{"@type":"ListItem","position":3,"name":"Frankreich - Deutschland","item":"https:\/\/frontaliers-grandest.eu\/de\/startseite\/grenzganger\/frankreich-deutschland\/"},{"@type":"ListItem","position":4,"name":"Sozialversicherung in Deutschland","item":"https:\/\/frontaliers-grandest.eu\/de\/startseite\/grenzganger\/frankreich-deutschland\/sozialversicherung\/"},{"@type":"ListItem","position":5,"name":"Die Altersversicherung","item":"https:\/\/frontaliers-grandest.eu\/de\/startseite\/grenzganger\/frankreich-deutschland\/sozialversicherung\/die-altersversicherung\/"},{"@type":"ListItem","position":6,"name":"Wann kann ich in den Ruhestand gehen ?"}]},{"@type":"WebSite","@id":"https:\/\/frontaliers-grandest.eu\/de\/#website","url":"https:\/\/frontaliers-grandest.eu\/de\/","name":"Frontaliers Grand Est","description":"Le site ressource du travail frontalier","publisher":{"@id":"https:\/\/frontaliers-grandest.eu\/de\/#organization"},"alternateName":"Frontaliers Grand Est","potentialAction":[{"@type":"SearchAction","target":{"@type":"EntryPoint","urlTemplate":"https:\/\/frontaliers-grandest.eu\/de\/?s={search_term_string}"},"query-input":{"@type":"PropertyValueSpecification","valueRequired":true,"valueName":"search_term_string"}}],"inLanguage":"de"},{"@type":"Organization","@id":"https:\/\/frontaliers-grandest.eu\/de\/#organization","name":"Frontaliers Grand Est","alternateName":"Frontaliers Grand Est","url":"https:\/\/frontaliers-grandest.eu\/de\/","logo":{"@type":"ImageObject","inLanguage":"de","@id":"https:\/\/frontaliers-grandest.eu\/de\/#\/schema\/logo\/image\/","url":"https:\/\/frontaliers-grandest.eu\/wp-content\/uploads\/2025\/07\/260328234_2966785176920310_3332838526503858160_n.jpg","contentUrl":"https:\/\/frontaliers-grandest.eu\/wp-content\/uploads\/2025\/07\/260328234_2966785176920310_3332838526503858160_n.jpg","width":396,"height":396,"caption":"Frontaliers Grand Est"},"image":{"@id":"https:\/\/frontaliers-grandest.eu\/de\/#\/schema\/logo\/image\/"},"sameAs":["https:\/\/www.facebook.com\/frontaliers.GR.EST\/?locale=fr_FR"]}]}},"frge_page_order":"0","_links":{"self":[{"href":"https:\/\/frontaliers-grandest.eu\/de\/wp-json\/wp\/v2\/pages\/8103","targetHints":{"allow":["GET"]}}],"collection":[{"href":"https:\/\/frontaliers-grandest.eu\/de\/wp-json\/wp\/v2\/pages"}],"about":[{"href":"https:\/\/frontaliers-grandest.eu\/de\/wp-json\/wp\/v2\/types\/page"}],"author":[{"embeddable":true,"href":"https:\/\/frontaliers-grandest.eu\/de\/wp-json\/wp\/v2\/users\/7"}],"replies":[{"embeddable":true,"href":"https:\/\/frontaliers-grandest.eu\/de\/wp-json\/wp\/v2\/comments?post=8103"}],"version-history":[{"count":3,"href":"https:\/\/frontaliers-grandest.eu\/de\/wp-json\/wp\/v2\/pages\/8103\/revisions"}],"predecessor-version":[{"id":58361,"href":"https:\/\/frontaliers-grandest.eu\/de\/wp-json\/wp\/v2\/pages\/8103\/revisions\/58361"}],"up":[{"embeddable":true,"href":"https:\/\/frontaliers-grandest.eu\/de\/wp-json\/wp\/v2\/pages\/8073"}],"wp:attachment":[{"href":"https:\/\/frontaliers-grandest.eu\/de\/wp-json\/wp\/v2\/media?parent=8103"}],"wp:term":[{"taxonomy":"post_tag","embeddable":true,"href":"https:\/\/frontaliers-grandest.eu\/de\/wp-json\/wp\/v2\/tags?post=8103"},{"taxonomy":"frge_profile","embeddable":true,"href":"https:\/\/frontaliers-grandest.eu\/de\/wp-json\/wp\/v2\/frge_profile?post=8103"}],"curies":[{"name":"wp","href":"https:\/\/api.w.org\/{rel}","templated":true}]}}