{"id":8101,"date":"2021-06-04T14:54:02","date_gmt":"2021-06-04T12:54:02","guid":{"rendered":"https:\/\/frontaliers-grandest.eu\/?page_id=8101"},"modified":"2026-03-11T15:45:22","modified_gmt":"2026-03-11T14:45:22","slug":"welche-formalitaten-sind-fur-den-bezug-der-altersrente-erforderlich","status":"publish","type":"page","link":"https:\/\/frontaliers-grandest.eu\/de\/startseite\/grenzganger\/frankreich-deutschland\/sozialversicherung\/die-altersversicherung\/welche-formalitaten-sind-fur-den-bezug-der-altersrente-erforderlich\/","title":{"rendered":"Schritte"},"content":{"rendered":"\n<p>Sowohl in Frankreich als auch in Deutschland ist die Rentenversicherung\u00a0<strong>eine gesetzliche Sozialversicherung.<\/strong>\u00a0Als in Deutschland besch\u00e4ftigter Arbeitnehmer zahlen Sie Beitr\u00e4ge zur Rentenversicherung, die direkt von Ihrem Gehalt abgezogen und vom Arbeitgeber an die zust\u00e4ndige Kasse in Deutschland \u00fcberwiesen werden.<\/p>\n\n\n\n<div class=\"wp-block-frontaliers-grandest-plugin-frge-accordion-block\"><div class=\"accordion-top\"><h4 class=\"accordion-title\">Wie beantrage ich meine Rente?<\/h4><svg viewBox=\"0 0 24 24\" stroke-width=\"1.5\" fill=\"none\" xmlns=\"http:\/\/www.w3.org\/2000\/svg\" class=\"accordion-top__icon\"><path d=\"M3 12L21 12M21 12L12.5 3.5M21 12L12.5 20.5\" stroke-width=\"1.5\" stroke-linecap=\"round\" stroke-linejoin=\"round\"><\/path><\/svg><\/div><div class=\"accordion-content\">\n<p>Eine Rente wird nicht automatisch gew\u00e4hrt: <strong>Sie m\u00fcssen einen Antrag stellen.<\/strong><\/p>\n\n\n\n<ul class=\"wp-block-list\">\n<li><strong><mark style=\"background-color:rgba(0, 0, 0, 0)\" class=\"has-inline-color has-primary-color\">Wenn Sie in Frankreich und Deutschland gearbeitet haben<\/mark><\/strong> : Wenn Sie Ihre Renten (franz\u00f6sische und\/oder deutsche) beantragen m\u00f6chten, m\u00fcssen Sie jedes Mal das beigef\u00fcgte <a href=\"https:\/\/www.formulaires.service-public.fr\/gf\/cerfa_10916.do\" type=\"link\" id=\"https:\/\/www.formulaires.service-public.fr\/gf\/cerfa_10916.do\">franz\u00f6sische Formular<\/a> ausf\u00fcllen und an Ihre CARSAT in Frankreich senden, wobei Sie angeben m\u00fcssen, welche Rente(n) Sie beantragen m\u00f6chten. Die CARSAT wird dann als Verbindungsstelle Ihren Antrag gegebenenfalls an die deutsche Rentenversicherung weiterleiten. Wir empfehlen Grenzg\u00e4ngern, diese Schritte <strong>etwa 4-5 Monate<\/strong> vor dem gew\u00fcnschten Renteneintritt zu unternehmen.<\/li>\n\n\n\n<li><strong><mark style=\"background-color:rgba(0, 0, 0, 0)\" class=\"has-inline-color has-primary-color\">Wenn Sie nie in Frankreich gearbeitet haben<\/mark><\/strong> : Sie m\u00fcssen einen Antrag bei Ihrer zust\u00e4ndigen Rentenversicherung in Deutschland stellen.<\/li>\n<\/ul>\n<\/div><\/div>\n\n\n\n<div class=\"wp-block-frontaliers-grandest-plugin-frge-accordion-block\"><div class=\"accordion-top\"><h4 class=\"accordion-title\">Kontaktdaten Ihrer Rentenversicherung in Deutschland<\/h4><svg viewBox=\"0 0 24 24\" stroke-width=\"1.5\" fill=\"none\" xmlns=\"http:\/\/www.w3.org\/2000\/svg\" class=\"accordion-top__icon\"><path d=\"M3 12L21 12M21 12L12.5 3.5M21 12L12.5 20.5\" stroke-width=\"1.5\" stroke-linecap=\"round\" stroke-linejoin=\"round\"><\/path><\/svg><\/div><div class=\"accordion-content\">\n<p><strong>F\u00fcr das Saarland<\/strong><\/p>\n\n\n\n<p>Deutsche Rentenversicherung Saarland<br>Martin Luther Stra\u00dfe, 2-4<br>D-66111\u00a0 Saarbr\u00fccken<br>Tel.:\u00a000 49 \/ 681 30 930<br><a href=\"http:\/\/www.deutsche-rentenversicherung-saarland.de\/\">www.deutsche-rentenversicherung-saarland.de<\/a><\/p>\n\n\n\n<p><strong>F\u00fcr das Land Rheinland-Pfalz : <\/strong><\/p>\n\n\n\n<p>Deutsche Rentenversicherung Rheinland-Pfalz<br>Eichendorffstra\u03b2e 4-6<br>D-67346 Speyer<br>Tel.:\u00a000 49 \/ 62 32 170<br><a href=\"http:\/\/www.deutsche-rentenversicherung-rlp.de\" target=\"_blank\" rel=\"noreferrer noopener\">www.deutsche-rentenversicherung-rlp.de<\/a><\/p>\n\n\n\n<p><strong>Wenn Sie in einem anderen Bundesland arbeiten<\/strong>, finden Sie <a href=\"https:\/\/www.deutsche-rentenversicherung.de\/DRV\/DE\/Beratung-und-Kontakt\/Kontakt\/Anschriften-Uebersicht\/anschriften_uebersicht_detail.html?nn=a03a7477-a628-4da0-994f-1e69fee044ac\" type=\"link\" id=\"https:\/\/www.deutsche-rentenversicherung.de\/DRV\/DE\/Beratung-und-Kontakt\/Kontakt\/Anschriften-Uebersicht\/anschriften_uebersicht_detail.html?nn=a03a7477-a628-4da0-994f-1e69fee044ac\">hier<\/a> die Kontaktdaten Ihrer Krankenkasse in Deutschland.<\/p>\n<\/div><\/div>\n\n\n\n<h5 class=\"wp-block-heading\"><\/h5>\n\n\n\n<p><\/p>\n\n\n\n<p><\/p>\n\n\n\n<p><\/p>\n","protected":false},"excerpt":{"rendered":"<p>Sowohl in Frankreich als auch in Deutschland ist die Rentenversicherung\u00a0eine gesetzliche Sozialversicherung.\u00a0Als in Deutschland besch\u00e4ftigter Arbeitnehmer zahlen Sie Beitr\u00e4ge zur Rentenversicherung, die direkt von Ihrem Gehalt abgezogen und vom Arbeitgeber an die zust\u00e4ndige Kasse in Deutschland \u00fcberwiesen werden.<\/p>\n","protected":false},"author":7,"featured_media":0,"parent":8073,"menu_order":1,"comment_status":"closed","ping_status":"closed","template":"","meta":{"inline_featured_image":false,"footnotes":""},"tags":[432,448,517,460,829,830,439],"frge_profile":[225,231],"class_list":["post-8101","page","type-page","status-publish","hentry","tag-deutschland","tag-frankreich","tag-grengaenger","tag-rente","tag-rentenversicherung","tag-rentner","tag-schritte","frge_profile-arbeitnehmer","frge_profile-rentner"],"yoast_head":"<!-- This site is optimized with the Yoast SEO plugin v27.1.1 - https:\/\/yoast.com\/product\/yoast-seo-wordpress\/ -->\n<title>Schritte - Frontaliers Grand Est<\/title>\n<meta name=\"description\" content=\"Je nach Ihrer gesamten beruflichen Laufbahn unterscheiden sich die zu unternehmenden Schritte.\" \/>\n<meta name=\"robots\" content=\"index, follow, max-snippet:-1, max-image-preview:large, max-video-preview:-1\" \/>\n<link rel=\"canonical\" href=\"https:\/\/frontaliers-grandest.eu\/de\/startseite\/grenzganger\/frankreich-deutschland\/sozialversicherung\/die-altersversicherung\/welche-formalitaten-sind-fur-den-bezug-der-altersrente-erforderlich\/\" \/>\n<meta property=\"og:locale\" content=\"de_DE\" \/>\n<meta property=\"og:type\" content=\"article\" \/>\n<meta property=\"og:title\" content=\"Schritte - Frontaliers Grand Est\" \/>\n<meta property=\"og:description\" content=\"Je nach Ihrer gesamten beruflichen Laufbahn unterscheiden sich die zu unternehmenden Schritte.\" \/>\n<meta property=\"og:url\" content=\"https:\/\/frontaliers-grandest.eu\/de\/startseite\/grenzganger\/frankreich-deutschland\/sozialversicherung\/die-altersversicherung\/welche-formalitaten-sind-fur-den-bezug-der-altersrente-erforderlich\/\" \/>\n<meta property=\"og:site_name\" content=\"Frontaliers Grand Est\" \/>\n<meta property=\"article:publisher\" content=\"https:\/\/www.facebook.com\/frontaliers.GR.EST\/?locale=fr_FR\" \/>\n<meta property=\"article:modified_time\" content=\"2026-03-11T14:45:22+00:00\" \/>\n<meta name=\"twitter:card\" content=\"summary_large_image\" \/>\n<meta name=\"twitter:label1\" content=\"Gesch\u00e4tzte Lesezeit\" \/>\n\t<meta name=\"twitter:data1\" content=\"2\u00a0Minuten\" \/>\n<script type=\"application\/ld+json\" class=\"yoast-schema-graph\">{\"@context\":\"https:\/\/schema.org\",\"@graph\":[{\"@type\":\"WebPage\",\"@id\":\"https:\/\/frontaliers-grandest.eu\/de\/startseite\/grenzganger\/frankreich-deutschland\/sozialversicherung\/die-altersversicherung\/welche-formalitaten-sind-fur-den-bezug-der-altersrente-erforderlich\/\",\"url\":\"https:\/\/frontaliers-grandest.eu\/de\/startseite\/grenzganger\/frankreich-deutschland\/sozialversicherung\/die-altersversicherung\/welche-formalitaten-sind-fur-den-bezug-der-altersrente-erforderlich\/\",\"name\":\"Schritte - Frontaliers Grand Est\",\"isPartOf\":{\"@id\":\"https:\/\/frontaliers-grandest.eu\/de\/#website\"},\"datePublished\":\"2021-06-04T12:54:02+00:00\",\"dateModified\":\"2026-03-11T14:45:22+00:00\",\"description\":\"Je nach Ihrer gesamten beruflichen Laufbahn unterscheiden sich die zu unternehmenden Schritte.\",\"breadcrumb\":{\"@id\":\"https:\/\/frontaliers-grandest.eu\/de\/startseite\/grenzganger\/frankreich-deutschland\/sozialversicherung\/die-altersversicherung\/welche-formalitaten-sind-fur-den-bezug-der-altersrente-erforderlich\/#breadcrumb\"},\"inLanguage\":\"de\",\"potentialAction\":[{\"@type\":\"ReadAction\",\"target\":[\"https:\/\/frontaliers-grandest.eu\/de\/startseite\/grenzganger\/frankreich-deutschland\/sozialversicherung\/die-altersversicherung\/welche-formalitaten-sind-fur-den-bezug-der-altersrente-erforderlich\/\"]}]},{\"@type\":\"BreadcrumbList\",\"@id\":\"https:\/\/frontaliers-grandest.eu\/de\/startseite\/grenzganger\/frankreich-deutschland\/sozialversicherung\/die-altersversicherung\/welche-formalitaten-sind-fur-den-bezug-der-altersrente-erforderlich\/#breadcrumb\",\"itemListElement\":[{\"@type\":\"ListItem\",\"position\":1,\"name\":\"Startseite\",\"item\":\"https:\/\/frontaliers-grandest.eu\/de\/\"},{\"@type\":\"ListItem\",\"position\":2,\"name\":\"Grenzg\u00e4nger\",\"item\":\"https:\/\/frontaliers-grandest.eu\/de\/startseite\/grenzganger\/\"},{\"@type\":\"ListItem\",\"position\":3,\"name\":\"Frankreich - Deutschland\",\"item\":\"https:\/\/frontaliers-grandest.eu\/de\/startseite\/grenzganger\/frankreich-deutschland\/\"},{\"@type\":\"ListItem\",\"position\":4,\"name\":\"Sozialversicherung in Deutschland\",\"item\":\"https:\/\/frontaliers-grandest.eu\/de\/startseite\/grenzganger\/frankreich-deutschland\/sozialversicherung\/\"},{\"@type\":\"ListItem\",\"position\":5,\"name\":\"Die Altersversicherung\",\"item\":\"https:\/\/frontaliers-grandest.eu\/de\/startseite\/grenzganger\/frankreich-deutschland\/sozialversicherung\/die-altersversicherung\/\"},{\"@type\":\"ListItem\",\"position\":6,\"name\":\"Schritte\"}]},{\"@type\":\"WebSite\",\"@id\":\"https:\/\/frontaliers-grandest.eu\/de\/#website\",\"url\":\"https:\/\/frontaliers-grandest.eu\/de\/\",\"name\":\"Frontaliers Grand Est\",\"description\":\"Le site ressource du travail frontalier\",\"publisher\":{\"@id\":\"https:\/\/frontaliers-grandest.eu\/de\/#organization\"},\"alternateName\":\"Frontaliers Grand Est\",\"potentialAction\":[{\"@type\":\"SearchAction\",\"target\":{\"@type\":\"EntryPoint\",\"urlTemplate\":\"https:\/\/frontaliers-grandest.eu\/de\/?s={search_term_string}\"},\"query-input\":{\"@type\":\"PropertyValueSpecification\",\"valueRequired\":true,\"valueName\":\"search_term_string\"}}],\"inLanguage\":\"de\"},{\"@type\":\"Organization\",\"@id\":\"https:\/\/frontaliers-grandest.eu\/de\/#organization\",\"name\":\"Frontaliers Grand Est\",\"alternateName\":\"Frontaliers Grand Est\",\"url\":\"https:\/\/frontaliers-grandest.eu\/de\/\",\"logo\":{\"@type\":\"ImageObject\",\"inLanguage\":\"de\",\"@id\":\"https:\/\/frontaliers-grandest.eu\/de\/#\/schema\/logo\/image\/\",\"url\":\"https:\/\/frontaliers-grandest.eu\/wp-content\/uploads\/2025\/07\/260328234_2966785176920310_3332838526503858160_n.jpg\",\"contentUrl\":\"https:\/\/frontaliers-grandest.eu\/wp-content\/uploads\/2025\/07\/260328234_2966785176920310_3332838526503858160_n.jpg\",\"width\":396,\"height\":396,\"caption\":\"Frontaliers Grand Est\"},\"image\":{\"@id\":\"https:\/\/frontaliers-grandest.eu\/de\/#\/schema\/logo\/image\/\"},\"sameAs\":[\"https:\/\/www.facebook.com\/frontaliers.GR.EST\/?locale=fr_FR\"]}]}<\/script>\n<!-- \/ Yoast SEO plugin. -->","yoast_head_json":{"title":"Schritte - Frontaliers Grand Est","description":"Je nach Ihrer gesamten beruflichen Laufbahn unterscheiden sich die zu unternehmenden Schritte.","robots":{"index":"index","follow":"follow","max-snippet":"max-snippet:-1","max-image-preview":"max-image-preview:large","max-video-preview":"max-video-preview:-1"},"canonical":"https:\/\/frontaliers-grandest.eu\/de\/startseite\/grenzganger\/frankreich-deutschland\/sozialversicherung\/die-altersversicherung\/welche-formalitaten-sind-fur-den-bezug-der-altersrente-erforderlich\/","og_locale":"de_DE","og_type":"article","og_title":"Schritte - Frontaliers Grand Est","og_description":"Je nach Ihrer gesamten beruflichen Laufbahn unterscheiden sich die zu unternehmenden Schritte.","og_url":"https:\/\/frontaliers-grandest.eu\/de\/startseite\/grenzganger\/frankreich-deutschland\/sozialversicherung\/die-altersversicherung\/welche-formalitaten-sind-fur-den-bezug-der-altersrente-erforderlich\/","og_site_name":"Frontaliers Grand Est","article_publisher":"https:\/\/www.facebook.com\/frontaliers.GR.EST\/?locale=fr_FR","article_modified_time":"2026-03-11T14:45:22+00:00","twitter_card":"summary_large_image","twitter_misc":{"Gesch\u00e4tzte Lesezeit":"2\u00a0Minuten"},"schema":{"@context":"https:\/\/schema.org","@graph":[{"@type":"WebPage","@id":"https:\/\/frontaliers-grandest.eu\/de\/startseite\/grenzganger\/frankreich-deutschland\/sozialversicherung\/die-altersversicherung\/welche-formalitaten-sind-fur-den-bezug-der-altersrente-erforderlich\/","url":"https:\/\/frontaliers-grandest.eu\/de\/startseite\/grenzganger\/frankreich-deutschland\/sozialversicherung\/die-altersversicherung\/welche-formalitaten-sind-fur-den-bezug-der-altersrente-erforderlich\/","name":"Schritte - Frontaliers Grand Est","isPartOf":{"@id":"https:\/\/frontaliers-grandest.eu\/de\/#website"},"datePublished":"2021-06-04T12:54:02+00:00","dateModified":"2026-03-11T14:45:22+00:00","description":"Je nach Ihrer gesamten beruflichen Laufbahn unterscheiden sich die zu unternehmenden Schritte.","breadcrumb":{"@id":"https:\/\/frontaliers-grandest.eu\/de\/startseite\/grenzganger\/frankreich-deutschland\/sozialversicherung\/die-altersversicherung\/welche-formalitaten-sind-fur-den-bezug-der-altersrente-erforderlich\/#breadcrumb"},"inLanguage":"de","potentialAction":[{"@type":"ReadAction","target":["https:\/\/frontaliers-grandest.eu\/de\/startseite\/grenzganger\/frankreich-deutschland\/sozialversicherung\/die-altersversicherung\/welche-formalitaten-sind-fur-den-bezug-der-altersrente-erforderlich\/"]}]},{"@type":"BreadcrumbList","@id":"https:\/\/frontaliers-grandest.eu\/de\/startseite\/grenzganger\/frankreich-deutschland\/sozialversicherung\/die-altersversicherung\/welche-formalitaten-sind-fur-den-bezug-der-altersrente-erforderlich\/#breadcrumb","itemListElement":[{"@type":"ListItem","position":1,"name":"Startseite","item":"https:\/\/frontaliers-grandest.eu\/de\/"},{"@type":"ListItem","position":2,"name":"Grenzg\u00e4nger","item":"https:\/\/frontaliers-grandest.eu\/de\/startseite\/grenzganger\/"},{"@type":"ListItem","position":3,"name":"Frankreich - Deutschland","item":"https:\/\/frontaliers-grandest.eu\/de\/startseite\/grenzganger\/frankreich-deutschland\/"},{"@type":"ListItem","position":4,"name":"Sozialversicherung in Deutschland","item":"https:\/\/frontaliers-grandest.eu\/de\/startseite\/grenzganger\/frankreich-deutschland\/sozialversicherung\/"},{"@type":"ListItem","position":5,"name":"Die Altersversicherung","item":"https:\/\/frontaliers-grandest.eu\/de\/startseite\/grenzganger\/frankreich-deutschland\/sozialversicherung\/die-altersversicherung\/"},{"@type":"ListItem","position":6,"name":"Schritte"}]},{"@type":"WebSite","@id":"https:\/\/frontaliers-grandest.eu\/de\/#website","url":"https:\/\/frontaliers-grandest.eu\/de\/","name":"Frontaliers Grand Est","description":"Le site ressource du travail frontalier","publisher":{"@id":"https:\/\/frontaliers-grandest.eu\/de\/#organization"},"alternateName":"Frontaliers Grand Est","potentialAction":[{"@type":"SearchAction","target":{"@type":"EntryPoint","urlTemplate":"https:\/\/frontaliers-grandest.eu\/de\/?s={search_term_string}"},"query-input":{"@type":"PropertyValueSpecification","valueRequired":true,"valueName":"search_term_string"}}],"inLanguage":"de"},{"@type":"Organization","@id":"https:\/\/frontaliers-grandest.eu\/de\/#organization","name":"Frontaliers Grand Est","alternateName":"Frontaliers Grand Est","url":"https:\/\/frontaliers-grandest.eu\/de\/","logo":{"@type":"ImageObject","inLanguage":"de","@id":"https:\/\/frontaliers-grandest.eu\/de\/#\/schema\/logo\/image\/","url":"https:\/\/frontaliers-grandest.eu\/wp-content\/uploads\/2025\/07\/260328234_2966785176920310_3332838526503858160_n.jpg","contentUrl":"https:\/\/frontaliers-grandest.eu\/wp-content\/uploads\/2025\/07\/260328234_2966785176920310_3332838526503858160_n.jpg","width":396,"height":396,"caption":"Frontaliers Grand Est"},"image":{"@id":"https:\/\/frontaliers-grandest.eu\/de\/#\/schema\/logo\/image\/"},"sameAs":["https:\/\/www.facebook.com\/frontaliers.GR.EST\/?locale=fr_FR"]}]}},"frge_page_order":"0","_links":{"self":[{"href":"https:\/\/frontaliers-grandest.eu\/de\/wp-json\/wp\/v2\/pages\/8101","targetHints":{"allow":["GET"]}}],"collection":[{"href":"https:\/\/frontaliers-grandest.eu\/de\/wp-json\/wp\/v2\/pages"}],"about":[{"href":"https:\/\/frontaliers-grandest.eu\/de\/wp-json\/wp\/v2\/types\/page"}],"author":[{"embeddable":true,"href":"https:\/\/frontaliers-grandest.eu\/de\/wp-json\/wp\/v2\/users\/7"}],"replies":[{"embeddable":true,"href":"https:\/\/frontaliers-grandest.eu\/de\/wp-json\/wp\/v2\/comments?post=8101"}],"version-history":[{"count":3,"href":"https:\/\/frontaliers-grandest.eu\/de\/wp-json\/wp\/v2\/pages\/8101\/revisions"}],"predecessor-version":[{"id":58352,"href":"https:\/\/frontaliers-grandest.eu\/de\/wp-json\/wp\/v2\/pages\/8101\/revisions\/58352"}],"up":[{"embeddable":true,"href":"https:\/\/frontaliers-grandest.eu\/de\/wp-json\/wp\/v2\/pages\/8073"}],"wp:attachment":[{"href":"https:\/\/frontaliers-grandest.eu\/de\/wp-json\/wp\/v2\/media?parent=8101"}],"wp:term":[{"taxonomy":"post_tag","embeddable":true,"href":"https:\/\/frontaliers-grandest.eu\/de\/wp-json\/wp\/v2\/tags?post=8101"},{"taxonomy":"frge_profile","embeddable":true,"href":"https:\/\/frontaliers-grandest.eu\/de\/wp-json\/wp\/v2\/frge_profile?post=8101"}],"curies":[{"name":"wp","href":"https:\/\/api.w.org\/{rel}","templated":true}]}}