{"id":8099,"date":"2021-06-04T14:43:15","date_gmt":"2021-06-04T12:43:15","guid":{"rendered":"https:\/\/frontaliers-grandest.eu\/?page_id=8099"},"modified":"2026-03-11T15:11:05","modified_gmt":"2026-03-11T14:11:05","slug":"wie-berechnet-sich-meine-rente","status":"publish","type":"page","link":"https:\/\/frontaliers-grandest.eu\/de\/startseite\/grenzganger\/frankreich-deutschland\/sozialversicherung\/die-altersversicherung\/wie-berechnet-sich-meine-rente\/","title":{"rendered":"Wie berechnet sich meine Rente ?"},"content":{"rendered":"\n<p>Nach Stellung des Rentenantrags bei Ihrer zust\u00e4ndigen Kasse in Frankreich, berechnen die franz\u00f6sischen und deutschen Versicherungstr\u00e4ger selbst die H\u00f6he der Ihnen zustehenden Rente.<\/p>\n\n\n\n<div class=\"wp-block-frontaliers-grandest-plugin-frge-accordion-block\"><div class=\"accordion-top\"><h4 class=\"accordion-title\">Festlegung der Rentenh\u00f6he<\/h4><svg viewBox=\"0 0 24 24\" stroke-width=\"1.5\" fill=\"none\" xmlns=\"http:\/\/www.w3.org\/2000\/svg\" class=\"accordion-top__icon\"><path d=\"M3 12L21 12M21 12L12.5 3.5M21 12L12.5 20.5\" stroke-width=\"1.5\" stroke-linecap=\"round\" stroke-linejoin=\"round\"><\/path><\/svg><\/div><div class=\"accordion-content\">\n<p>Die H\u00f6he der Rente, auf die der Grenzg\u00e4nger Anspruch hat, richtet sich nach der Anzahl der Beitragsjahre in dem betreffenden Land. Zur Erinnerung: Um in Deutschland Anspruch auf eine Rente zu haben, muss man w\u00e4hrend seines Berufslebens mindestens <strong>5 Jahre<\/strong> (60 Monate) Beitr\u00e4ge gezahlt haben, davon mindestens <strong>1 Jahr in Deutschland<\/strong>.<\/p>\n\n\n\n<p><br>Um die H\u00f6he der f\u00e4lligen Rente zu bestimmen, f\u00fchrt jeder Staat, in dem der Grenzg\u00e4nger einer beruflichen T\u00e4tigkeit nachgegangen ist, zwei Berechnungen durch:<\/p>\n\n\n\n<ul class=\"wp-block-list\">\n<li><strong>Die Berechnung der nationalen Rente<\/strong> : Diese wird gem\u00e4\u00df den nationalen Rechtsvorschriften jedes Staates berechnet.<\/li>\n\n\n\n<li><strong>Die Berechnung der Gemeinschaftsrente<\/strong> : Zun\u00e4chst wird die theoretische Gesamtrente des Versicherten so berechnet, als ob alle Beitragsjahre im Hoheitsgebiet zur\u00fcckgelegt worden w\u00e4ren. Die theoretische Gesamtrente wird dann proportional zu den ausschlie\u00dflich im zust\u00e4ndigen Hoheitsgebiet zur\u00fcckgelegten Zeiten gek\u00fcrzt.<\/li>\n<\/ul>\n\n\n\n<p><strong>Anschlie\u00dfend vergleicht jede Einrichtung die nationale Rente mit der Gemeinschaftsrente und zahlt dem Grenzg\u00e4nger den f\u00fcr ihn g\u00fcnstigeren Betrag aus<\/strong>.<\/p>\n<\/div><\/div>\n\n\n\n<div class=\"wp-block-frontaliers-grandest-plugin-frge-accordion-block\"><div class=\"accordion-top\"><h4 class=\"accordion-title\">Berechnung der Rente in Deutschland<\/h4><svg viewBox=\"0 0 24 24\" stroke-width=\"1.5\" fill=\"none\" xmlns=\"http:\/\/www.w3.org\/2000\/svg\" class=\"accordion-top__icon\"><path d=\"M3 12L21 12M21 12L12.5 3.5M21 12L12.5 20.5\" stroke-width=\"1.5\" stroke-linecap=\"round\" stroke-linejoin=\"round\"><\/path><\/svg><\/div><div class=\"accordion-content\">\n<p>Die H\u00f6he Ihrer monatlichen Rente ergibt sich aus einer Berechnung, bei der folgende Faktoren ber\u00fccksichtigt werden:<\/p>\n\n\n\n<ul class=\"wp-block-list\">\n<li><strong>Pers\u00f6nliche Entgeltpunkte (PEP)<\/strong> : Diese werden mit dem Rentenkoeffizienten \u201eZugangsfaktor\u201d multipliziert (1 f\u00fcr eine Rente mit 65 Jahren, &lt; 1 f\u00fcr eine vorzeitige Rente und > 1 f\u00fcr eine Rente nach 65 Jahren).<\/li>\n\n\n\n<li><strong>einen Rentenartfaktor (RAF) <\/strong>: 1 f\u00fcr eine Altersrente, 1 f\u00fcr eine Vollinvalidit\u00e4tsrente, 0,5 f\u00fcr eine Teilinvalidit\u00e4tsrente, 0,55 f\u00fcr eine Witwenrente usw.<\/li>\n\n\n\n<li><strong>Aktueller Rentenwert (AR)<\/strong> : Er ergibt sich aus den Beitr\u00e4gen, die auf das durchschnittliche Jahreseinkommen erhoben werden. Seit 2024 ist er f\u00fcr ganz Deutschland einheitlich. F\u00fcr 2025 betr\u00e4gt der Rentenwert in ganz Deutschland 40,79 \u20ac. Der Betrag wird jedes Jahr im Juli angepasst.<\/li>\n\n\n\n<li><strong>Zugangsfaktor (ZF)<\/strong> : Er ber\u00fccksichtigt K\u00fcrzungen oder Erh\u00f6hungen bei vorzeitiger oder sp\u00e4terem Renteneintritt und betr\u00e4gt 1, wenn keine K\u00fcrzungen oder Erh\u00f6hungen vorgenommen werden.<\/li>\n<\/ul>\n\n\n\n<div class=\"wp-block-frontaliers-grandest-plugin-simple-infos-block\"><div class=\"simple-infos-container\" style=\"background-image:url(https:\/\/frontaliers-grandest.eu\/wp-content\/plugins\/frontaliers-grandest-plugin\/build\/simple-infos-block\/..\/images\/simple-infos-background.26777861.png);background-size:cover\"><div class=\"simple-infos-container__content\"><p class=\"simple-infos-container__content__text\">                       <strong>Monatlicher Rentenbetrag = PEP X RAF X AR X ZF<\/strong><\/p><\/div><\/div><\/div>\n\n\n\n<p><\/p>\n\n\n\n<p>Es gibt weder eine Mindest- noch eine H\u00f6chstrente. Die deutsche Rentenversicherung muss die gezahlten Sozialbeitr\u00e4ge ber\u00fccksichtigen, auch wenn diese nicht in den f\u00fcnfzehn Referenzjahren vor Ihrem Renteneintritt liegen.<\/p>\n\n\n\n<p><br>Ihre Rente wird jedes Jahr zum 1. Juli entsprechend dem Lebensstandard, d. h. den deutschen L\u00f6hnen, und entsprechend der Anzahl der Rentner in Deutschland im Verh\u00e4ltnis zur Anzahl der Arbeitnehmer, die Beitr\u00e4ge zur Alters- und Invalidit\u00e4tsversicherung zahlen, angepasst.<\/p>\n\n\n\n<p><br>Sie k\u00f6nnen bei Ihrer deutschen Rentenversicherung einen Versicherungsnachweis beantragen. Weitere Informationen zu Ihrer Rente erhalten Sie bei:<br><strong>Deutsche Rentenversicherung Bund<br>Tel. 0800 1000 480 70<\/strong><\/p>\n<\/div><\/div>\n\n\n\n<div class=\"wp-block-frontaliers-grandest-plugin-frge-accordion-block\"><div class=\"accordion-top\"><h4 class=\"accordion-title\">Die Grundrente<\/h4><svg viewBox=\"0 0 24 24\" stroke-width=\"1.5\" fill=\"none\" xmlns=\"http:\/\/www.w3.org\/2000\/svg\" class=\"accordion-top__icon\"><path d=\"M3 12L21 12M21 12L12.5 3.5M21 12L12.5 20.5\" stroke-width=\"1.5\" stroke-linecap=\"round\" stroke-linejoin=\"round\"><\/path><\/svg><\/div><div class=\"accordion-content\">\n<p>Seit dem 1. Januar 2021 gibt es eine Zusatzrente zur Grundrente. Sie betrifft alle Rentner, die mindestens 33 Jahre lang Beitr\u00e4ge gezahlt haben, aber im Vergleich zum nationalen Durchschnitt nur \u00fcber eine geringe Rente verf\u00fcgen. Diese \u201e<strong>Grundrente<\/strong>\u201d wird automatisch ausgezahlt, ohne dass ein Antrag gestellt werden muss. Die Grundrente sieht somit eine individuelle Erg\u00e4nzung der gesetzlichen Rentenversicherung f\u00fcr Langzeitversicherte mit einem unterdurchschnittlichen Einkommen sowie eine Beihilfe zur Grundsicherung und Wohngeld vor.<\/p>\n\n\n\n<p>Die 33 Jahre Grundrentenzeit umfassen folgende Zeitr\u00e4ume :<\/p>\n\n\n\n<ul class=\"wp-block-list\">\n<li>Pflichtbeitr\u00e4ge aus unselbst\u00e4ndiger oder selbst\u00e4ndiger Erwerbst\u00e4tigkeit,<\/li>\n\n\n\n<li>Pflichtbeitragszeiten f\u00fcr Kindererziehung und Betreuung von Angeh\u00f6rigen,<\/li>\n\n\n\n<li>Zeiten, in denen Leistungen bei Krankheit oder Rehabilitation bezogen wurden,<\/li>\n\n\n\n<li>Zeiten, die f\u00fcr Kindererziehung und Betreuung von Angeh\u00f6rigen angerechnet werden,<\/li>\n\n\n\n<li>Ersatzzeiten.<\/li>\n<\/ul>\n\n\n\n<p>Eine Grundrente wird gezahlt, wenn die eigenen Beitr\u00e4ge des Versicherten zur Rentenversicherung mindestens 30 % des Durchschnittslohns des Versicherten betragen.<\/p>\n\n\n\n<p><br>Zeiten, in denen die Beitr\u00e4ge weniger als 30 % des Durchschnittslohns des Versicherten betragen, werden nicht ber\u00fccksichtigt.<\/p>\n\n\n\n<p>Weitere Informationen : <a href=\"https:\/\/www.deutsche-rentenversicherung.de\/SharedDocs\/FAQ\/grundrente\/grundrente_faq_liste.html#a9e4ccc8-20cb-4464-894a-7783e02518d5\">FAQ der DRV<\/a><\/p>\n<\/div><\/div>\n\n\n\n<div class=\"wp-block-frontaliers-grandest-plugin-frge-accordion-block\"><div class=\"accordion-top\"><h4 class=\"accordion-title\">Weniger als ein Jahr Arbeit in Deutschland ?<\/h4><svg viewBox=\"0 0 24 24\" stroke-width=\"1.5\" fill=\"none\" xmlns=\"http:\/\/www.w3.org\/2000\/svg\" class=\"accordion-top__icon\"><path d=\"M3 12L21 12M21 12L12.5 3.5M21 12L12.5 20.5\" stroke-width=\"1.5\" stroke-linecap=\"round\" stroke-linejoin=\"round\"><\/path><\/svg><\/div><div class=\"accordion-content\">\n<p>Sie haben keinen Anspruch\u00a0<strong>auf die deutsche Rente, aber diese Versicherungsperiode wird f\u00fcr die Berechnung der Beitr\u00e4ge von Ihrer franz\u00f6sischen Rente ber\u00fccksichtigt sein.<\/strong><\/p>\n<\/div><\/div>\n\n\n\n<h4 class=\"wp-block-heading\"><\/h4>\n","protected":false},"excerpt":{"rendered":"<p>Nach Stellung des Rentenantrags bei Ihrer zust\u00e4ndigen Kasse in Frankreich, berechnen die franz\u00f6sischen und deutschen Versicherungstr\u00e4ger selbst die H\u00f6he der Ihnen zustehenden Rente.<\/p>\n","protected":false},"author":7,"featured_media":0,"parent":8073,"menu_order":0,"comment_status":"closed","ping_status":"closed","template":"","meta":{"inline_featured_image":false,"footnotes":""},"tags":[465,461,432,448,517,460,829,830],"frge_profile":[225,231],"class_list":["post-8099","page","type-page","status-publish","hentry","tag-arbeit","tag-arbeitnehmer","tag-deutschland","tag-frankreich","tag-grengaenger","tag-rente","tag-rentenversicherung","tag-rentner","frge_profile-arbeitnehmer","frge_profile-rentner"],"yoast_head":"<!-- This site is optimized with the Yoast SEO plugin v27.1.1 - https:\/\/yoast.com\/product\/yoast-seo-wordpress\/ -->\n<title>Wie berechnet sich meine Rente ? - Frontaliers Grand Est<\/title>\n<meta name=\"description\" content=\"Nach Stellung des Rentenantrags bei Ihrer zust\u00e4ndigen Kasse in Frankreich, berechnen die franz\u00f6sischen und deutschen Versicherungstr\u00e4ger selbst die H\u00f6he der Ihnen zustehenden Rente.\" \/>\n<meta name=\"robots\" content=\"index, follow, max-snippet:-1, max-image-preview:large, max-video-preview:-1\" \/>\n<link rel=\"canonical\" href=\"https:\/\/frontaliers-grandest.eu\/de\/startseite\/grenzganger\/frankreich-deutschland\/sozialversicherung\/die-altersversicherung\/wie-berechnet-sich-meine-rente\/\" \/>\n<meta property=\"og:locale\" content=\"de_DE\" \/>\n<meta property=\"og:type\" content=\"article\" \/>\n<meta property=\"og:title\" content=\"Wie berechnet sich meine Rente ? - Frontaliers Grand Est\" \/>\n<meta property=\"og:description\" content=\"Nach Stellung des Rentenantrags bei Ihrer zust\u00e4ndigen Kasse in Frankreich, berechnen die franz\u00f6sischen und deutschen Versicherungstr\u00e4ger selbst die H\u00f6he der Ihnen zustehenden Rente.\" \/>\n<meta property=\"og:url\" content=\"https:\/\/frontaliers-grandest.eu\/de\/startseite\/grenzganger\/frankreich-deutschland\/sozialversicherung\/die-altersversicherung\/wie-berechnet-sich-meine-rente\/\" \/>\n<meta property=\"og:site_name\" content=\"Frontaliers Grand Est\" \/>\n<meta property=\"article:publisher\" content=\"https:\/\/www.facebook.com\/frontaliers.GR.EST\/?locale=fr_FR\" \/>\n<meta property=\"article:modified_time\" content=\"2026-03-11T14:11:05+00:00\" \/>\n<meta name=\"twitter:card\" content=\"summary_large_image\" \/>\n<meta name=\"twitter:label1\" content=\"Gesch\u00e4tzte Lesezeit\" \/>\n\t<meta name=\"twitter:data1\" content=\"4\u00a0Minuten\" \/>\n<script type=\"application\/ld+json\" class=\"yoast-schema-graph\">{\"@context\":\"https:\/\/schema.org\",\"@graph\":[{\"@type\":\"WebPage\",\"@id\":\"https:\/\/frontaliers-grandest.eu\/de\/startseite\/grenzganger\/frankreich-deutschland\/sozialversicherung\/die-altersversicherung\/wie-berechnet-sich-meine-rente\/\",\"url\":\"https:\/\/frontaliers-grandest.eu\/de\/startseite\/grenzganger\/frankreich-deutschland\/sozialversicherung\/die-altersversicherung\/wie-berechnet-sich-meine-rente\/\",\"name\":\"Wie berechnet sich meine Rente ? - Frontaliers Grand Est\",\"isPartOf\":{\"@id\":\"https:\/\/frontaliers-grandest.eu\/de\/#website\"},\"datePublished\":\"2021-06-04T12:43:15+00:00\",\"dateModified\":\"2026-03-11T14:11:05+00:00\",\"description\":\"Nach Stellung des Rentenantrags bei Ihrer zust\u00e4ndigen Kasse in Frankreich, berechnen die franz\u00f6sischen und deutschen Versicherungstr\u00e4ger selbst die H\u00f6he der Ihnen zustehenden Rente.\",\"breadcrumb\":{\"@id\":\"https:\/\/frontaliers-grandest.eu\/de\/startseite\/grenzganger\/frankreich-deutschland\/sozialversicherung\/die-altersversicherung\/wie-berechnet-sich-meine-rente\/#breadcrumb\"},\"inLanguage\":\"de\",\"potentialAction\":[{\"@type\":\"ReadAction\",\"target\":[\"https:\/\/frontaliers-grandest.eu\/de\/startseite\/grenzganger\/frankreich-deutschland\/sozialversicherung\/die-altersversicherung\/wie-berechnet-sich-meine-rente\/\"]}]},{\"@type\":\"BreadcrumbList\",\"@id\":\"https:\/\/frontaliers-grandest.eu\/de\/startseite\/grenzganger\/frankreich-deutschland\/sozialversicherung\/die-altersversicherung\/wie-berechnet-sich-meine-rente\/#breadcrumb\",\"itemListElement\":[{\"@type\":\"ListItem\",\"position\":1,\"name\":\"Startseite\",\"item\":\"https:\/\/frontaliers-grandest.eu\/de\/\"},{\"@type\":\"ListItem\",\"position\":2,\"name\":\"Grenzg\u00e4nger\",\"item\":\"https:\/\/frontaliers-grandest.eu\/de\/startseite\/grenzganger\/\"},{\"@type\":\"ListItem\",\"position\":3,\"name\":\"Frankreich - Deutschland\",\"item\":\"https:\/\/frontaliers-grandest.eu\/de\/startseite\/grenzganger\/frankreich-deutschland\/\"},{\"@type\":\"ListItem\",\"position\":4,\"name\":\"Sozialversicherung in Deutschland\",\"item\":\"https:\/\/frontaliers-grandest.eu\/de\/startseite\/grenzganger\/frankreich-deutschland\/sozialversicherung\/\"},{\"@type\":\"ListItem\",\"position\":5,\"name\":\"Die Altersversicherung\",\"item\":\"https:\/\/frontaliers-grandest.eu\/de\/startseite\/grenzganger\/frankreich-deutschland\/sozialversicherung\/die-altersversicherung\/\"},{\"@type\":\"ListItem\",\"position\":6,\"name\":\"Wie berechnet sich meine Rente ?\"}]},{\"@type\":\"WebSite\",\"@id\":\"https:\/\/frontaliers-grandest.eu\/de\/#website\",\"url\":\"https:\/\/frontaliers-grandest.eu\/de\/\",\"name\":\"Frontaliers Grand Est\",\"description\":\"Le site ressource du travail frontalier\",\"publisher\":{\"@id\":\"https:\/\/frontaliers-grandest.eu\/de\/#organization\"},\"alternateName\":\"Frontaliers Grand Est\",\"potentialAction\":[{\"@type\":\"SearchAction\",\"target\":{\"@type\":\"EntryPoint\",\"urlTemplate\":\"https:\/\/frontaliers-grandest.eu\/de\/?s={search_term_string}\"},\"query-input\":{\"@type\":\"PropertyValueSpecification\",\"valueRequired\":true,\"valueName\":\"search_term_string\"}}],\"inLanguage\":\"de\"},{\"@type\":\"Organization\",\"@id\":\"https:\/\/frontaliers-grandest.eu\/de\/#organization\",\"name\":\"Frontaliers Grand Est\",\"alternateName\":\"Frontaliers Grand Est\",\"url\":\"https:\/\/frontaliers-grandest.eu\/de\/\",\"logo\":{\"@type\":\"ImageObject\",\"inLanguage\":\"de\",\"@id\":\"https:\/\/frontaliers-grandest.eu\/de\/#\/schema\/logo\/image\/\",\"url\":\"https:\/\/frontaliers-grandest.eu\/wp-content\/uploads\/2025\/07\/260328234_2966785176920310_3332838526503858160_n.jpg\",\"contentUrl\":\"https:\/\/frontaliers-grandest.eu\/wp-content\/uploads\/2025\/07\/260328234_2966785176920310_3332838526503858160_n.jpg\",\"width\":396,\"height\":396,\"caption\":\"Frontaliers Grand Est\"},\"image\":{\"@id\":\"https:\/\/frontaliers-grandest.eu\/de\/#\/schema\/logo\/image\/\"},\"sameAs\":[\"https:\/\/www.facebook.com\/frontaliers.GR.EST\/?locale=fr_FR\"]}]}<\/script>\n<!-- \/ Yoast SEO plugin. -->","yoast_head_json":{"title":"Wie berechnet sich meine Rente ? - Frontaliers Grand Est","description":"Nach Stellung des Rentenantrags bei Ihrer zust\u00e4ndigen Kasse in Frankreich, berechnen die franz\u00f6sischen und deutschen Versicherungstr\u00e4ger selbst die H\u00f6he der Ihnen zustehenden Rente.","robots":{"index":"index","follow":"follow","max-snippet":"max-snippet:-1","max-image-preview":"max-image-preview:large","max-video-preview":"max-video-preview:-1"},"canonical":"https:\/\/frontaliers-grandest.eu\/de\/startseite\/grenzganger\/frankreich-deutschland\/sozialversicherung\/die-altersversicherung\/wie-berechnet-sich-meine-rente\/","og_locale":"de_DE","og_type":"article","og_title":"Wie berechnet sich meine Rente ? - Frontaliers Grand Est","og_description":"Nach Stellung des Rentenantrags bei Ihrer zust\u00e4ndigen Kasse in Frankreich, berechnen die franz\u00f6sischen und deutschen Versicherungstr\u00e4ger selbst die H\u00f6he der Ihnen zustehenden Rente.","og_url":"https:\/\/frontaliers-grandest.eu\/de\/startseite\/grenzganger\/frankreich-deutschland\/sozialversicherung\/die-altersversicherung\/wie-berechnet-sich-meine-rente\/","og_site_name":"Frontaliers Grand Est","article_publisher":"https:\/\/www.facebook.com\/frontaliers.GR.EST\/?locale=fr_FR","article_modified_time":"2026-03-11T14:11:05+00:00","twitter_card":"summary_large_image","twitter_misc":{"Gesch\u00e4tzte Lesezeit":"4\u00a0Minuten"},"schema":{"@context":"https:\/\/schema.org","@graph":[{"@type":"WebPage","@id":"https:\/\/frontaliers-grandest.eu\/de\/startseite\/grenzganger\/frankreich-deutschland\/sozialversicherung\/die-altersversicherung\/wie-berechnet-sich-meine-rente\/","url":"https:\/\/frontaliers-grandest.eu\/de\/startseite\/grenzganger\/frankreich-deutschland\/sozialversicherung\/die-altersversicherung\/wie-berechnet-sich-meine-rente\/","name":"Wie berechnet sich meine Rente ? - Frontaliers Grand Est","isPartOf":{"@id":"https:\/\/frontaliers-grandest.eu\/de\/#website"},"datePublished":"2021-06-04T12:43:15+00:00","dateModified":"2026-03-11T14:11:05+00:00","description":"Nach Stellung des Rentenantrags bei Ihrer zust\u00e4ndigen Kasse in Frankreich, berechnen die franz\u00f6sischen und deutschen Versicherungstr\u00e4ger selbst die H\u00f6he der Ihnen zustehenden Rente.","breadcrumb":{"@id":"https:\/\/frontaliers-grandest.eu\/de\/startseite\/grenzganger\/frankreich-deutschland\/sozialversicherung\/die-altersversicherung\/wie-berechnet-sich-meine-rente\/#breadcrumb"},"inLanguage":"de","potentialAction":[{"@type":"ReadAction","target":["https:\/\/frontaliers-grandest.eu\/de\/startseite\/grenzganger\/frankreich-deutschland\/sozialversicherung\/die-altersversicherung\/wie-berechnet-sich-meine-rente\/"]}]},{"@type":"BreadcrumbList","@id":"https:\/\/frontaliers-grandest.eu\/de\/startseite\/grenzganger\/frankreich-deutschland\/sozialversicherung\/die-altersversicherung\/wie-berechnet-sich-meine-rente\/#breadcrumb","itemListElement":[{"@type":"ListItem","position":1,"name":"Startseite","item":"https:\/\/frontaliers-grandest.eu\/de\/"},{"@type":"ListItem","position":2,"name":"Grenzg\u00e4nger","item":"https:\/\/frontaliers-grandest.eu\/de\/startseite\/grenzganger\/"},{"@type":"ListItem","position":3,"name":"Frankreich - Deutschland","item":"https:\/\/frontaliers-grandest.eu\/de\/startseite\/grenzganger\/frankreich-deutschland\/"},{"@type":"ListItem","position":4,"name":"Sozialversicherung in Deutschland","item":"https:\/\/frontaliers-grandest.eu\/de\/startseite\/grenzganger\/frankreich-deutschland\/sozialversicherung\/"},{"@type":"ListItem","position":5,"name":"Die Altersversicherung","item":"https:\/\/frontaliers-grandest.eu\/de\/startseite\/grenzganger\/frankreich-deutschland\/sozialversicherung\/die-altersversicherung\/"},{"@type":"ListItem","position":6,"name":"Wie berechnet sich meine Rente ?"}]},{"@type":"WebSite","@id":"https:\/\/frontaliers-grandest.eu\/de\/#website","url":"https:\/\/frontaliers-grandest.eu\/de\/","name":"Frontaliers Grand Est","description":"Le site ressource du travail frontalier","publisher":{"@id":"https:\/\/frontaliers-grandest.eu\/de\/#organization"},"alternateName":"Frontaliers Grand Est","potentialAction":[{"@type":"SearchAction","target":{"@type":"EntryPoint","urlTemplate":"https:\/\/frontaliers-grandest.eu\/de\/?s={search_term_string}"},"query-input":{"@type":"PropertyValueSpecification","valueRequired":true,"valueName":"search_term_string"}}],"inLanguage":"de"},{"@type":"Organization","@id":"https:\/\/frontaliers-grandest.eu\/de\/#organization","name":"Frontaliers Grand Est","alternateName":"Frontaliers Grand Est","url":"https:\/\/frontaliers-grandest.eu\/de\/","logo":{"@type":"ImageObject","inLanguage":"de","@id":"https:\/\/frontaliers-grandest.eu\/de\/#\/schema\/logo\/image\/","url":"https:\/\/frontaliers-grandest.eu\/wp-content\/uploads\/2025\/07\/260328234_2966785176920310_3332838526503858160_n.jpg","contentUrl":"https:\/\/frontaliers-grandest.eu\/wp-content\/uploads\/2025\/07\/260328234_2966785176920310_3332838526503858160_n.jpg","width":396,"height":396,"caption":"Frontaliers Grand Est"},"image":{"@id":"https:\/\/frontaliers-grandest.eu\/de\/#\/schema\/logo\/image\/"},"sameAs":["https:\/\/www.facebook.com\/frontaliers.GR.EST\/?locale=fr_FR"]}]}},"frge_page_order":"0","_links":{"self":[{"href":"https:\/\/frontaliers-grandest.eu\/de\/wp-json\/wp\/v2\/pages\/8099","targetHints":{"allow":["GET"]}}],"collection":[{"href":"https:\/\/frontaliers-grandest.eu\/de\/wp-json\/wp\/v2\/pages"}],"about":[{"href":"https:\/\/frontaliers-grandest.eu\/de\/wp-json\/wp\/v2\/types\/page"}],"author":[{"embeddable":true,"href":"https:\/\/frontaliers-grandest.eu\/de\/wp-json\/wp\/v2\/users\/7"}],"replies":[{"embeddable":true,"href":"https:\/\/frontaliers-grandest.eu\/de\/wp-json\/wp\/v2\/comments?post=8099"}],"version-history":[{"count":2,"href":"https:\/\/frontaliers-grandest.eu\/de\/wp-json\/wp\/v2\/pages\/8099\/revisions"}],"predecessor-version":[{"id":58348,"href":"https:\/\/frontaliers-grandest.eu\/de\/wp-json\/wp\/v2\/pages\/8099\/revisions\/58348"}],"up":[{"embeddable":true,"href":"https:\/\/frontaliers-grandest.eu\/de\/wp-json\/wp\/v2\/pages\/8073"}],"wp:attachment":[{"href":"https:\/\/frontaliers-grandest.eu\/de\/wp-json\/wp\/v2\/media?parent=8099"}],"wp:term":[{"taxonomy":"post_tag","embeddable":true,"href":"https:\/\/frontaliers-grandest.eu\/de\/wp-json\/wp\/v2\/tags?post=8099"},{"taxonomy":"frge_profile","embeddable":true,"href":"https:\/\/frontaliers-grandest.eu\/de\/wp-json\/wp\/v2\/frge_profile?post=8099"}],"curies":[{"name":"wp","href":"https:\/\/api.w.org\/{rel}","templated":true}]}}