{"id":8084,"date":"2021-06-04T14:24:48","date_gmt":"2021-06-04T12:24:48","guid":{"rendered":"https:\/\/frontaliers-grandest.eu\/?page_id=8084"},"modified":"2024-07-25T14:19:42","modified_gmt":"2024-07-25T12:19:42","slug":"arbeitsunfalle-und-berufskrankheiten","status":"publish","type":"page","link":"https:\/\/frontaliers-grandest.eu\/de\/startseite\/grenzganger\/frankreich-deutschland\/sozialversicherung\/arbeitsunfalle-und-berufskrankheiten\/","title":{"rendered":"Arbeitsunf\u00e4lle und Berufskrankheiten"},"content":{"rendered":"\n<p>Als in Deutschland erwerbst\u00e4tige(r) Arbeitnehmer(in) genie\u00dfen Sie&nbsp;<strong>automatisch den Schutz der gesetzlichen deutschen Unfallversicherung.<\/strong><\/p>\n\n\n\n<p>Es handelt sich hierbei um eine Pflichtversicherung, deren Beitr\u00e4ge in ihrer&nbsp;Gesamtheit von Ihrem Arbeitnehmer&nbsp;\u00fcbernommen werden.<br>Der Anspruch auf Leistungen der Unfallversicherung besteht f\u00fcr s\u00e4mtliche Arbeitsunf\u00e4lle und Krankheiten, die Verletzungen, Krankheiten oder den Tod zur Folge haben.<\/p>\n\n\n\n<h5 class=\"wp-block-heading\"><strong>Die Arbeitsunfallversicherung erbringt:<\/strong><\/h5>\n\n\n\n<ul class=\"wp-block-list\"><li><strong>Sachleistungen,<\/strong>&nbsp;die insbesondere \u00e4rztliche Versorgung, Arzneimittel, Prothesen und Krankenhauskosten abdecken.<\/li><li><strong>Geldleistungen,<\/strong>&nbsp;d.h. Gehaltsabfindungen oder Renten bei einer durch Berufskrankheit oder Arbeitsunfall bedingten Erwerbsunf\u00e4higkeit.<\/li><\/ul>\n\n\n\n<p>Diese Leistungen werden Ihnen vom deutschen Versicherungstr\u00e4ger unter den in Deutschland gesetzlich festgelegten Bedingungen gew\u00e4hrt.<\/p>\n","protected":false},"excerpt":{"rendered":"<p>Als in Deutschland erwerbst\u00e4tige(r) Arbeitnehmer(in) genie\u00dfen Sie&nbsp;automatisch den Schutz der gesetzlichen deutschen Unfallversicherung. Es handelt sich hierbei um eine Pflichtversicherung, deren Beitr\u00e4ge in ihrer&nbsp;Gesamtheit von Ihrem Arbeitnehmer&nbsp;\u00fcbernommen werden.Der Anspruch auf Leistungen der Unfallversicherung besteht f\u00fcr s\u00e4mtliche Arbeitsunf\u00e4lle und Krankheiten, die Verletzungen, Krankheiten oder den Tod zur Folge haben. Die Arbeitsunfallversicherung erbringt: Sachleistungen,&nbsp;die insbesondere \u00e4rztliche Versorgung, [&hellip;]<\/p>\n","protected":false},"author":7,"featured_media":9892,"parent":8071,"menu_order":5,"comment_status":"closed","ping_status":"closed","template":"","meta":{"inline_featured_image":false,"footnotes":""},"tags":[],"frge_profile":[],"class_list":["post-8084","page","type-page","status-publish","has-post-thumbnail","hentry"],"yoast_head":"<!-- This site is optimized with the Yoast SEO plugin v27.1.1 - https:\/\/yoast.com\/product\/yoast-seo-wordpress\/ -->\n<title>Arbeitsunf\u00e4lle und berufskrankheiten in Deutschland<\/title>\n<meta name=\"description\" content=\"Arbeitsunf\u00e4lle und Berufskrankheiten in Deutschland: Pflichtversicherung deckt medizinische Kosten und gew\u00e4hrt Geldleistungen bei Erwerbsunf\u00e4higkeit\" \/>\n<meta name=\"robots\" content=\"index, follow, max-snippet:-1, max-image-preview:large, max-video-preview:-1\" \/>\n<link rel=\"canonical\" href=\"https:\/\/frontaliers-grandest.eu\/de\/startseite\/grenzganger\/frankreich-deutschland\/sozialversicherung\/arbeitsunfalle-und-berufskrankheiten\/\" \/>\n<meta property=\"og:locale\" content=\"de_DE\" \/>\n<meta property=\"og:type\" content=\"article\" \/>\n<meta property=\"og:title\" content=\"Arbeitsunf\u00e4lle und berufskrankheiten in Deutschland\" \/>\n<meta property=\"og:description\" content=\"Arbeitsunf\u00e4lle und Berufskrankheiten in Deutschland: Pflichtversicherung deckt medizinische Kosten und gew\u00e4hrt Geldleistungen bei Erwerbsunf\u00e4higkeit\" \/>\n<meta property=\"og:url\" content=\"https:\/\/frontaliers-grandest.eu\/de\/startseite\/grenzganger\/frankreich-deutschland\/sozialversicherung\/arbeitsunfalle-und-berufskrankheiten\/\" \/>\n<meta property=\"og:site_name\" content=\"Frontaliers Grand Est\" \/>\n<meta property=\"article:publisher\" content=\"https:\/\/www.facebook.com\/frontaliers.GR.EST\/?locale=fr_FR\" \/>\n<meta property=\"article:modified_time\" content=\"2024-07-25T12:19:42+00:00\" \/>\n<meta property=\"og:image\" content=\"https:\/\/frontaliers-grandest.eu\/wp-content\/uploads\/2021\/07\/Accidents-travail-et-maladies-professionnelles-1.jpg\" \/>\n\t<meta property=\"og:image:width\" content=\"1920\" \/>\n\t<meta property=\"og:image:height\" content=\"1080\" \/>\n\t<meta property=\"og:image:type\" content=\"image\/jpeg\" \/>\n<meta name=\"twitter:card\" content=\"summary_large_image\" \/>\n<meta name=\"twitter:label1\" content=\"Gesch\u00e4tzte Lesezeit\" \/>\n\t<meta name=\"twitter:data1\" content=\"1\u00a0Minute\" \/>\n<script type=\"application\/ld+json\" class=\"yoast-schema-graph\">{\"@context\":\"https:\/\/schema.org\",\"@graph\":[{\"@type\":\"WebPage\",\"@id\":\"https:\/\/frontaliers-grandest.eu\/de\/startseite\/grenzganger\/frankreich-deutschland\/sozialversicherung\/arbeitsunfalle-und-berufskrankheiten\/\",\"url\":\"https:\/\/frontaliers-grandest.eu\/de\/startseite\/grenzganger\/frankreich-deutschland\/sozialversicherung\/arbeitsunfalle-und-berufskrankheiten\/\",\"name\":\"Arbeitsunf\u00e4lle und berufskrankheiten in Deutschland\",\"isPartOf\":{\"@id\":\"https:\/\/frontaliers-grandest.eu\/de\/#website\"},\"primaryImageOfPage\":{\"@id\":\"https:\/\/frontaliers-grandest.eu\/de\/startseite\/grenzganger\/frankreich-deutschland\/sozialversicherung\/arbeitsunfalle-und-berufskrankheiten\/#primaryimage\"},\"image\":{\"@id\":\"https:\/\/frontaliers-grandest.eu\/de\/startseite\/grenzganger\/frankreich-deutschland\/sozialversicherung\/arbeitsunfalle-und-berufskrankheiten\/#primaryimage\"},\"thumbnailUrl\":\"https:\/\/frontaliers-grandest.eu\/wp-content\/uploads\/2021\/07\/Accidents-travail-et-maladies-professionnelles-1.jpg\",\"datePublished\":\"2021-06-04T12:24:48+00:00\",\"dateModified\":\"2024-07-25T12:19:42+00:00\",\"description\":\"Arbeitsunf\u00e4lle und Berufskrankheiten in Deutschland: Pflichtversicherung deckt medizinische Kosten und gew\u00e4hrt Geldleistungen bei Erwerbsunf\u00e4higkeit\",\"breadcrumb\":{\"@id\":\"https:\/\/frontaliers-grandest.eu\/de\/startseite\/grenzganger\/frankreich-deutschland\/sozialversicherung\/arbeitsunfalle-und-berufskrankheiten\/#breadcrumb\"},\"inLanguage\":\"de\",\"potentialAction\":[{\"@type\":\"ReadAction\",\"target\":[\"https:\/\/frontaliers-grandest.eu\/de\/startseite\/grenzganger\/frankreich-deutschland\/sozialversicherung\/arbeitsunfalle-und-berufskrankheiten\/\"]}]},{\"@type\":\"ImageObject\",\"inLanguage\":\"de\",\"@id\":\"https:\/\/frontaliers-grandest.eu\/de\/startseite\/grenzganger\/frankreich-deutschland\/sozialversicherung\/arbeitsunfalle-und-berufskrankheiten\/#primaryimage\",\"url\":\"https:\/\/frontaliers-grandest.eu\/wp-content\/uploads\/2021\/07\/Accidents-travail-et-maladies-professionnelles-1.jpg\",\"contentUrl\":\"https:\/\/frontaliers-grandest.eu\/wp-content\/uploads\/2021\/07\/Accidents-travail-et-maladies-professionnelles-1.jpg\",\"width\":1920,\"height\":1080,\"caption\":\"Accidents travail et maladies professionnelles\"},{\"@type\":\"BreadcrumbList\",\"@id\":\"https:\/\/frontaliers-grandest.eu\/de\/startseite\/grenzganger\/frankreich-deutschland\/sozialversicherung\/arbeitsunfalle-und-berufskrankheiten\/#breadcrumb\",\"itemListElement\":[{\"@type\":\"ListItem\",\"position\":1,\"name\":\"Startseite\",\"item\":\"https:\/\/frontaliers-grandest.eu\/de\/\"},{\"@type\":\"ListItem\",\"position\":2,\"name\":\"Grenzg\u00e4nger\",\"item\":\"https:\/\/frontaliers-grandest.eu\/de\/startseite\/grenzganger\/\"},{\"@type\":\"ListItem\",\"position\":3,\"name\":\"Frankreich - Deutschland\",\"item\":\"https:\/\/frontaliers-grandest.eu\/de\/startseite\/grenzganger\/frankreich-deutschland\/\"},{\"@type\":\"ListItem\",\"position\":4,\"name\":\"Sozialversicherung in Deutschland\",\"item\":\"https:\/\/frontaliers-grandest.eu\/de\/startseite\/grenzganger\/frankreich-deutschland\/sozialversicherung\/\"},{\"@type\":\"ListItem\",\"position\":5,\"name\":\"Arbeitsunf\u00e4lle und Berufskrankheiten\"}]},{\"@type\":\"WebSite\",\"@id\":\"https:\/\/frontaliers-grandest.eu\/de\/#website\",\"url\":\"https:\/\/frontaliers-grandest.eu\/de\/\",\"name\":\"Frontaliers Grand Est\",\"description\":\"Le site ressource du travail frontalier\",\"publisher\":{\"@id\":\"https:\/\/frontaliers-grandest.eu\/de\/#organization\"},\"alternateName\":\"Frontaliers Grand Est\",\"potentialAction\":[{\"@type\":\"SearchAction\",\"target\":{\"@type\":\"EntryPoint\",\"urlTemplate\":\"https:\/\/frontaliers-grandest.eu\/de\/?s={search_term_string}\"},\"query-input\":{\"@type\":\"PropertyValueSpecification\",\"valueRequired\":true,\"valueName\":\"search_term_string\"}}],\"inLanguage\":\"de\"},{\"@type\":\"Organization\",\"@id\":\"https:\/\/frontaliers-grandest.eu\/de\/#organization\",\"name\":\"Frontaliers Grand Est\",\"alternateName\":\"Frontaliers Grand Est\",\"url\":\"https:\/\/frontaliers-grandest.eu\/de\/\",\"logo\":{\"@type\":\"ImageObject\",\"inLanguage\":\"de\",\"@id\":\"https:\/\/frontaliers-grandest.eu\/de\/#\/schema\/logo\/image\/\",\"url\":\"https:\/\/frontaliers-grandest.eu\/wp-content\/uploads\/2025\/07\/260328234_2966785176920310_3332838526503858160_n.jpg\",\"contentUrl\":\"https:\/\/frontaliers-grandest.eu\/wp-content\/uploads\/2025\/07\/260328234_2966785176920310_3332838526503858160_n.jpg\",\"width\":396,\"height\":396,\"caption\":\"Frontaliers Grand Est\"},\"image\":{\"@id\":\"https:\/\/frontaliers-grandest.eu\/de\/#\/schema\/logo\/image\/\"},\"sameAs\":[\"https:\/\/www.facebook.com\/frontaliers.GR.EST\/?locale=fr_FR\"]}]}<\/script>\n<!-- \/ Yoast SEO plugin. -->","yoast_head_json":{"title":"Arbeitsunf\u00e4lle und berufskrankheiten in Deutschland","description":"Arbeitsunf\u00e4lle und Berufskrankheiten in Deutschland: Pflichtversicherung deckt medizinische Kosten und gew\u00e4hrt Geldleistungen bei Erwerbsunf\u00e4higkeit","robots":{"index":"index","follow":"follow","max-snippet":"max-snippet:-1","max-image-preview":"max-image-preview:large","max-video-preview":"max-video-preview:-1"},"canonical":"https:\/\/frontaliers-grandest.eu\/de\/startseite\/grenzganger\/frankreich-deutschland\/sozialversicherung\/arbeitsunfalle-und-berufskrankheiten\/","og_locale":"de_DE","og_type":"article","og_title":"Arbeitsunf\u00e4lle und berufskrankheiten in Deutschland","og_description":"Arbeitsunf\u00e4lle und Berufskrankheiten in Deutschland: Pflichtversicherung deckt medizinische Kosten und gew\u00e4hrt Geldleistungen bei Erwerbsunf\u00e4higkeit","og_url":"https:\/\/frontaliers-grandest.eu\/de\/startseite\/grenzganger\/frankreich-deutschland\/sozialversicherung\/arbeitsunfalle-und-berufskrankheiten\/","og_site_name":"Frontaliers Grand Est","article_publisher":"https:\/\/www.facebook.com\/frontaliers.GR.EST\/?locale=fr_FR","article_modified_time":"2024-07-25T12:19:42+00:00","og_image":[{"width":1920,"height":1080,"url":"https:\/\/frontaliers-grandest.eu\/wp-content\/uploads\/2021\/07\/Accidents-travail-et-maladies-professionnelles-1.jpg","type":"image\/jpeg"}],"twitter_card":"summary_large_image","twitter_misc":{"Gesch\u00e4tzte Lesezeit":"1\u00a0Minute"},"schema":{"@context":"https:\/\/schema.org","@graph":[{"@type":"WebPage","@id":"https:\/\/frontaliers-grandest.eu\/de\/startseite\/grenzganger\/frankreich-deutschland\/sozialversicherung\/arbeitsunfalle-und-berufskrankheiten\/","url":"https:\/\/frontaliers-grandest.eu\/de\/startseite\/grenzganger\/frankreich-deutschland\/sozialversicherung\/arbeitsunfalle-und-berufskrankheiten\/","name":"Arbeitsunf\u00e4lle und berufskrankheiten in Deutschland","isPartOf":{"@id":"https:\/\/frontaliers-grandest.eu\/de\/#website"},"primaryImageOfPage":{"@id":"https:\/\/frontaliers-grandest.eu\/de\/startseite\/grenzganger\/frankreich-deutschland\/sozialversicherung\/arbeitsunfalle-und-berufskrankheiten\/#primaryimage"},"image":{"@id":"https:\/\/frontaliers-grandest.eu\/de\/startseite\/grenzganger\/frankreich-deutschland\/sozialversicherung\/arbeitsunfalle-und-berufskrankheiten\/#primaryimage"},"thumbnailUrl":"https:\/\/frontaliers-grandest.eu\/wp-content\/uploads\/2021\/07\/Accidents-travail-et-maladies-professionnelles-1.jpg","datePublished":"2021-06-04T12:24:48+00:00","dateModified":"2024-07-25T12:19:42+00:00","description":"Arbeitsunf\u00e4lle und Berufskrankheiten in Deutschland: Pflichtversicherung deckt medizinische Kosten und gew\u00e4hrt Geldleistungen bei Erwerbsunf\u00e4higkeit","breadcrumb":{"@id":"https:\/\/frontaliers-grandest.eu\/de\/startseite\/grenzganger\/frankreich-deutschland\/sozialversicherung\/arbeitsunfalle-und-berufskrankheiten\/#breadcrumb"},"inLanguage":"de","potentialAction":[{"@type":"ReadAction","target":["https:\/\/frontaliers-grandest.eu\/de\/startseite\/grenzganger\/frankreich-deutschland\/sozialversicherung\/arbeitsunfalle-und-berufskrankheiten\/"]}]},{"@type":"ImageObject","inLanguage":"de","@id":"https:\/\/frontaliers-grandest.eu\/de\/startseite\/grenzganger\/frankreich-deutschland\/sozialversicherung\/arbeitsunfalle-und-berufskrankheiten\/#primaryimage","url":"https:\/\/frontaliers-grandest.eu\/wp-content\/uploads\/2021\/07\/Accidents-travail-et-maladies-professionnelles-1.jpg","contentUrl":"https:\/\/frontaliers-grandest.eu\/wp-content\/uploads\/2021\/07\/Accidents-travail-et-maladies-professionnelles-1.jpg","width":1920,"height":1080,"caption":"Accidents travail et maladies professionnelles"},{"@type":"BreadcrumbList","@id":"https:\/\/frontaliers-grandest.eu\/de\/startseite\/grenzganger\/frankreich-deutschland\/sozialversicherung\/arbeitsunfalle-und-berufskrankheiten\/#breadcrumb","itemListElement":[{"@type":"ListItem","position":1,"name":"Startseite","item":"https:\/\/frontaliers-grandest.eu\/de\/"},{"@type":"ListItem","position":2,"name":"Grenzg\u00e4nger","item":"https:\/\/frontaliers-grandest.eu\/de\/startseite\/grenzganger\/"},{"@type":"ListItem","position":3,"name":"Frankreich - Deutschland","item":"https:\/\/frontaliers-grandest.eu\/de\/startseite\/grenzganger\/frankreich-deutschland\/"},{"@type":"ListItem","position":4,"name":"Sozialversicherung in Deutschland","item":"https:\/\/frontaliers-grandest.eu\/de\/startseite\/grenzganger\/frankreich-deutschland\/sozialversicherung\/"},{"@type":"ListItem","position":5,"name":"Arbeitsunf\u00e4lle und Berufskrankheiten"}]},{"@type":"WebSite","@id":"https:\/\/frontaliers-grandest.eu\/de\/#website","url":"https:\/\/frontaliers-grandest.eu\/de\/","name":"Frontaliers Grand Est","description":"Le site ressource du travail frontalier","publisher":{"@id":"https:\/\/frontaliers-grandest.eu\/de\/#organization"},"alternateName":"Frontaliers Grand Est","potentialAction":[{"@type":"SearchAction","target":{"@type":"EntryPoint","urlTemplate":"https:\/\/frontaliers-grandest.eu\/de\/?s={search_term_string}"},"query-input":{"@type":"PropertyValueSpecification","valueRequired":true,"valueName":"search_term_string"}}],"inLanguage":"de"},{"@type":"Organization","@id":"https:\/\/frontaliers-grandest.eu\/de\/#organization","name":"Frontaliers Grand Est","alternateName":"Frontaliers Grand Est","url":"https:\/\/frontaliers-grandest.eu\/de\/","logo":{"@type":"ImageObject","inLanguage":"de","@id":"https:\/\/frontaliers-grandest.eu\/de\/#\/schema\/logo\/image\/","url":"https:\/\/frontaliers-grandest.eu\/wp-content\/uploads\/2025\/07\/260328234_2966785176920310_3332838526503858160_n.jpg","contentUrl":"https:\/\/frontaliers-grandest.eu\/wp-content\/uploads\/2025\/07\/260328234_2966785176920310_3332838526503858160_n.jpg","width":396,"height":396,"caption":"Frontaliers Grand Est"},"image":{"@id":"https:\/\/frontaliers-grandest.eu\/de\/#\/schema\/logo\/image\/"},"sameAs":["https:\/\/www.facebook.com\/frontaliers.GR.EST\/?locale=fr_FR"]}]}},"frge_page_order":0,"_links":{"self":[{"href":"https:\/\/frontaliers-grandest.eu\/de\/wp-json\/wp\/v2\/pages\/8084","targetHints":{"allow":["GET"]}}],"collection":[{"href":"https:\/\/frontaliers-grandest.eu\/de\/wp-json\/wp\/v2\/pages"}],"about":[{"href":"https:\/\/frontaliers-grandest.eu\/de\/wp-json\/wp\/v2\/types\/page"}],"author":[{"embeddable":true,"href":"https:\/\/frontaliers-grandest.eu\/de\/wp-json\/wp\/v2\/users\/7"}],"replies":[{"embeddable":true,"href":"https:\/\/frontaliers-grandest.eu\/de\/wp-json\/wp\/v2\/comments?post=8084"}],"version-history":[{"count":1,"href":"https:\/\/frontaliers-grandest.eu\/de\/wp-json\/wp\/v2\/pages\/8084\/revisions"}],"predecessor-version":[{"id":8085,"href":"https:\/\/frontaliers-grandest.eu\/de\/wp-json\/wp\/v2\/pages\/8084\/revisions\/8085"}],"up":[{"embeddable":true,"href":"https:\/\/frontaliers-grandest.eu\/de\/wp-json\/wp\/v2\/pages\/8071"}],"wp:featuredmedia":[{"embeddable":true,"href":"https:\/\/frontaliers-grandest.eu\/de\/wp-json\/wp\/v2\/media\/9892"}],"wp:attachment":[{"href":"https:\/\/frontaliers-grandest.eu\/de\/wp-json\/wp\/v2\/media?parent=8084"}],"wp:term":[{"taxonomy":"post_tag","embeddable":true,"href":"https:\/\/frontaliers-grandest.eu\/de\/wp-json\/wp\/v2\/tags?post=8084"},{"taxonomy":"frge_profile","embeddable":true,"href":"https:\/\/frontaliers-grandest.eu\/de\/wp-json\/wp\/v2\/frge_profile?post=8084"}],"curies":[{"name":"wp","href":"https:\/\/api.w.org\/{rel}","templated":true}]}}