{"id":8082,"date":"2021-06-04T14:23:22","date_gmt":"2021-06-04T12:23:22","guid":{"rendered":"https:\/\/frontaliers-grandest.eu\/?page_id=8082"},"modified":"2023-07-12T12:26:15","modified_gmt":"2023-07-12T10:26:15","slug":"die-krankenversicherung","status":"publish","type":"page","link":"https:\/\/frontaliers-grandest.eu\/de\/startseite\/grenzganger\/frankreich-deutschland\/sozialversicherung\/die-krankenversicherung\/","title":{"rendered":"Die Krankenversicherung"},"content":{"rendered":"\n<h5 class=\"wp-block-heading\">Als Arbeitnehmer in Deutschland sind sie automatisch krankenversichert.<\/h5>\n\n\n\n<ul class=\"wp-block-list\">\n<li><strong>Wenn Ihre monatlichen Eink\u00fcnfte unter 66.600\u20ac\/Jahr im Jahre 2023 liegen\u00a0<\/strong>, so sind Sie verpflichtet, Beitr\u00e4ge in eine deutsche gesetzliche Krankenversicherung zu zahlen. Dabei k\u00f6nnen Sie zwischen einer<strong>\u00a0Allgemeinen Ortskrankenkasse, einer Innungskrankenkasse, einer Ersatzkasse,<\/strong>\u00a0wie z.\u00a0B. der Barmer Ersatzkasse, der DAK und der Techniker Krankenkasse, oder einer\u00a0<strong>Betriebskrankenkasse<\/strong>\u00a0w\u00e4hlen. Unter diesen gesetzlichen Krankenkassen k\u00f6nnen Sie frei w\u00e4hlen. Grunds\u00e4tzlich gibt es keine Beschr\u00e4nkungen im Zusammenhang mit dem Beruf, dem Bet\u00e4tigungsfeld oder einer Betriebszugeh\u00f6rigkeit.<\/li>\n<\/ul>\n\n\n\n<p>Die Kassen unterscheiden sich in Bezug auf die Beitragsh\u00f6he, die Dienstleistungen, die Erstattung von zus\u00e4tzlichen fakultativen Leistungen (wie z. B. Akkupunktur, alternative Behandlungsmethoden oder bestimmte Krebstherapien) und beim Angebot von Pr\u00e4ventionsprogrammen (z. B. Ern\u00e4hrungsberatung, R\u00fcckenschule oder Fitnessprogramme).<\/p>\n\n\n\n<ul class=\"wp-block-list\">\n<li><strong>Wenn Ihr Einkommen \u00fcber die genannte Schwelle liegt <strong> 66.600\u20ac\/Jahr<\/strong><\/strong> sind Sie nicht mehr verpflichtet, Beitr\u00e4ge zu einer gesetzlichen Krankenkasse zu leisten.\u00a0<strong>Sie k\u00f6nnen sich entweder bei einer privaten Krankenversicherung versichern oder eine freiwillige Versicherung bei einer gesetzlichen Krankenkasse beantragen<\/strong>. Innerhalb von 3 Monaten m\u00fcssen Sie sich f\u00fcr eine Krankenkasse entscheiden.<\/li>\n<\/ul>\n\n\n\n<p>Sie sollten jedoch wissen, dass Sie bei einer&nbsp;<strong>privaten Krankenkasse<\/strong>&nbsp;Zusatzpr\u00e4mien f\u00fcr jedes Familienmitglied zu zahlen haben. Familienmitglieder ohne eigenes Einkommen werden im Gegensatz zur gesetzlichen Krankenkasse nur gegen zus\u00e4tzliche Pr\u00e4mien mitversichert. Die Beitragsh\u00f6he zur privaten Krankenversicherungen wird in Abh\u00e4ngigkeit des Alters, des Geschlechts, der Krankheitsgeschichte und des gew\u00e4hlten Leistungskatalogs berechnet und ist einkommensunabh\u00e4ngig. Frauen, Personen ab einem bestimmten Alter und mit besonderen gesundheitlichen Risiken m\u00fcssen h\u00f6here Beitr\u00e4ge zahlen. Eine R\u00fcckkehr in die gesetzliche Krankenkasse ist nur unter sehr begrenzten Umst\u00e4nden m\u00f6glich. Wenden Sie sich f\u00fcr weitere Informationen bitte an Ihre gesetzliche Krankenkasse.<\/p>\n\n\n\n<h5 class=\"wp-block-heading\"><strong>Sie m\u00fcssen Ihre deutsche Krankenkasse also selbst aussuchen!<\/strong><\/h5>\n\n\n\n<p>Sie sollten die Beitragss\u00e4tze und Leistungsangebote der verschiedenen Kassen genau vergleichen, bevor Sie eine Wahl treffen. Ihre Beitr\u00e4ge werden direkt von Ihrem Gehalt einbehalten und vom Arbeitgeber an die deutsche Krankenkasse gezahlt.<\/p>\n\n\n\n<h5 class=\"wp-block-heading\"><strong>Die Krankenversicherung erbringt:<\/strong><\/h5>\n\n\n\n<ul class=\"wp-block-list\">\n<li><strong>Sachleistungen,<\/strong>&nbsp;mit denen insbesondere medizinische und zahnmedizinische Behandlungen, Medikamente, Prothesen, Untersuchungen und Vorsorgeuntersuchungen und station\u00e4re Versorgungen abgedeckt werden.<\/li>\n\n\n\n<li><strong>Geldleistungen,<\/strong>&nbsp;die bei Arbeitsunf\u00e4higkeit aufgrund von Krankheit, wegen eines Unfalls, der nicht im Rahmen der beruflichen T\u00e4tigkeit eingetreten ist, aufgrund einer Schwangerschaft oder einer Beurlaubung aus famili\u00e4ren Gr\u00fcnden gezahlt werden.<\/li>\n<\/ul>\n","protected":false},"excerpt":{"rendered":"<p>Als Arbeitnehmer in Deutschland sind sie automatisch krankenversichert. Die Kassen unterscheiden sich in Bezug auf die Beitragsh\u00f6he, die Dienstleistungen, die Erstattung von zus\u00e4tzlichen fakultativen Leistungen (wie z. B. Akkupunktur, alternative Behandlungsmethoden oder bestimmte Krebstherapien) und beim Angebot von Pr\u00e4ventionsprogrammen (z. B. Ern\u00e4hrungsberatung, R\u00fcckenschule oder Fitnessprogramme). Sie sollten jedoch wissen, dass Sie bei einer&nbsp;privaten Krankenkasse&nbsp;Zusatzpr\u00e4mien f\u00fcr [&hellip;]<\/p>\n","protected":false},"author":7,"featured_media":9900,"parent":8071,"menu_order":4,"comment_status":"closed","ping_status":"closed","template":"","meta":{"inline_featured_image":false,"footnotes":""},"tags":[],"frge_profile":[],"class_list":["post-8082","page","type-page","status-publish","has-post-thumbnail","hentry"],"yoast_head":"<!-- This site is optimized with the Yoast SEO plugin v27.1.1 - https:\/\/yoast.com\/product\/yoast-seo-wordpress\/ -->\n<title>Die Krankenversicherung - Frontaliers Grand Est<\/title>\n<meta name=\"robots\" content=\"index, follow, max-snippet:-1, max-image-preview:large, max-video-preview:-1\" \/>\n<link rel=\"canonical\" href=\"https:\/\/frontaliers-grandest.eu\/de\/startseite\/grenzganger\/frankreich-deutschland\/sozialversicherung\/die-krankenversicherung\/\" \/>\n<meta property=\"og:locale\" content=\"de_DE\" \/>\n<meta property=\"og:type\" content=\"article\" \/>\n<meta property=\"og:title\" content=\"Die Krankenversicherung - Frontaliers Grand Est\" \/>\n<meta property=\"og:description\" content=\"Als Arbeitnehmer in Deutschland sind sie automatisch krankenversichert. Die Kassen unterscheiden sich in Bezug auf die Beitragsh\u00f6he, die Dienstleistungen, die Erstattung von zus\u00e4tzlichen fakultativen Leistungen (wie z. B. Akkupunktur, alternative Behandlungsmethoden oder bestimmte Krebstherapien) und beim Angebot von Pr\u00e4ventionsprogrammen (z. B. Ern\u00e4hrungsberatung, R\u00fcckenschule oder Fitnessprogramme). Sie sollten jedoch wissen, dass Sie bei einer&nbsp;privaten Krankenkasse&nbsp;Zusatzpr\u00e4mien f\u00fcr [&hellip;]\" \/>\n<meta property=\"og:url\" content=\"https:\/\/frontaliers-grandest.eu\/de\/startseite\/grenzganger\/frankreich-deutschland\/sozialversicherung\/die-krankenversicherung\/\" \/>\n<meta property=\"og:site_name\" content=\"Frontaliers Grand Est\" \/>\n<meta property=\"article:publisher\" content=\"https:\/\/www.facebook.com\/frontaliers.GR.EST\/?locale=fr_FR\" \/>\n<meta property=\"article:modified_time\" content=\"2023-07-12T10:26:15+00:00\" \/>\n<meta property=\"og:image\" content=\"https:\/\/frontaliers-grandest.eu\/wp-content\/uploads\/2021\/07\/Maladies-et-soins-1-scaled.jpg\" \/>\n\t<meta property=\"og:image:width\" content=\"2560\" \/>\n\t<meta property=\"og:image:height\" content=\"1823\" \/>\n\t<meta property=\"og:image:type\" content=\"image\/jpeg\" \/>\n<meta name=\"twitter:card\" content=\"summary_large_image\" \/>\n<meta name=\"twitter:label1\" content=\"Gesch\u00e4tzte Lesezeit\" \/>\n\t<meta name=\"twitter:data1\" content=\"2\u00a0Minuten\" \/>\n<script type=\"application\/ld+json\" class=\"yoast-schema-graph\">{\"@context\":\"https:\/\/schema.org\",\"@graph\":[{\"@type\":\"WebPage\",\"@id\":\"https:\/\/frontaliers-grandest.eu\/de\/startseite\/grenzganger\/frankreich-deutschland\/sozialversicherung\/die-krankenversicherung\/\",\"url\":\"https:\/\/frontaliers-grandest.eu\/de\/startseite\/grenzganger\/frankreich-deutschland\/sozialversicherung\/die-krankenversicherung\/\",\"name\":\"Die Krankenversicherung - Frontaliers Grand Est\",\"isPartOf\":{\"@id\":\"https:\/\/frontaliers-grandest.eu\/de\/#website\"},\"primaryImageOfPage\":{\"@id\":\"https:\/\/frontaliers-grandest.eu\/de\/startseite\/grenzganger\/frankreich-deutschland\/sozialversicherung\/die-krankenversicherung\/#primaryimage\"},\"image\":{\"@id\":\"https:\/\/frontaliers-grandest.eu\/de\/startseite\/grenzganger\/frankreich-deutschland\/sozialversicherung\/die-krankenversicherung\/#primaryimage\"},\"thumbnailUrl\":\"https:\/\/frontaliers-grandest.eu\/wp-content\/uploads\/2021\/07\/Maladies-et-soins-1-scaled.jpg\",\"datePublished\":\"2021-06-04T12:23:22+00:00\",\"dateModified\":\"2023-07-12T10:26:15+00:00\",\"breadcrumb\":{\"@id\":\"https:\/\/frontaliers-grandest.eu\/de\/startseite\/grenzganger\/frankreich-deutschland\/sozialversicherung\/die-krankenversicherung\/#breadcrumb\"},\"inLanguage\":\"de\",\"potentialAction\":[{\"@type\":\"ReadAction\",\"target\":[\"https:\/\/frontaliers-grandest.eu\/de\/startseite\/grenzganger\/frankreich-deutschland\/sozialversicherung\/die-krankenversicherung\/\"]}]},{\"@type\":\"ImageObject\",\"inLanguage\":\"de\",\"@id\":\"https:\/\/frontaliers-grandest.eu\/de\/startseite\/grenzganger\/frankreich-deutschland\/sozialversicherung\/die-krankenversicherung\/#primaryimage\",\"url\":\"https:\/\/frontaliers-grandest.eu\/wp-content\/uploads\/2021\/07\/Maladies-et-soins-1-scaled.jpg\",\"contentUrl\":\"https:\/\/frontaliers-grandest.eu\/wp-content\/uploads\/2021\/07\/Maladies-et-soins-1-scaled.jpg\",\"width\":2560,\"height\":1823,\"caption\":\"Maladies et soins\"},{\"@type\":\"BreadcrumbList\",\"@id\":\"https:\/\/frontaliers-grandest.eu\/de\/startseite\/grenzganger\/frankreich-deutschland\/sozialversicherung\/die-krankenversicherung\/#breadcrumb\",\"itemListElement\":[{\"@type\":\"ListItem\",\"position\":1,\"name\":\"Startseite\",\"item\":\"https:\/\/frontaliers-grandest.eu\/de\/\"},{\"@type\":\"ListItem\",\"position\":2,\"name\":\"Grenzg\u00e4nger\",\"item\":\"https:\/\/frontaliers-grandest.eu\/de\/startseite\/grenzganger\/\"},{\"@type\":\"ListItem\",\"position\":3,\"name\":\"Frankreich - Deutschland\",\"item\":\"https:\/\/frontaliers-grandest.eu\/de\/startseite\/grenzganger\/frankreich-deutschland\/\"},{\"@type\":\"ListItem\",\"position\":4,\"name\":\"Sozialversicherung in Deutschland\",\"item\":\"https:\/\/frontaliers-grandest.eu\/de\/startseite\/grenzganger\/frankreich-deutschland\/sozialversicherung\/\"},{\"@type\":\"ListItem\",\"position\":5,\"name\":\"Die Krankenversicherung\"}]},{\"@type\":\"WebSite\",\"@id\":\"https:\/\/frontaliers-grandest.eu\/de\/#website\",\"url\":\"https:\/\/frontaliers-grandest.eu\/de\/\",\"name\":\"Frontaliers Grand Est\",\"description\":\"Le site ressource du travail frontalier\",\"publisher\":{\"@id\":\"https:\/\/frontaliers-grandest.eu\/de\/#organization\"},\"alternateName\":\"Frontaliers Grand Est\",\"potentialAction\":[{\"@type\":\"SearchAction\",\"target\":{\"@type\":\"EntryPoint\",\"urlTemplate\":\"https:\/\/frontaliers-grandest.eu\/de\/?s={search_term_string}\"},\"query-input\":{\"@type\":\"PropertyValueSpecification\",\"valueRequired\":true,\"valueName\":\"search_term_string\"}}],\"inLanguage\":\"de\"},{\"@type\":\"Organization\",\"@id\":\"https:\/\/frontaliers-grandest.eu\/de\/#organization\",\"name\":\"Frontaliers Grand Est\",\"alternateName\":\"Frontaliers Grand Est\",\"url\":\"https:\/\/frontaliers-grandest.eu\/de\/\",\"logo\":{\"@type\":\"ImageObject\",\"inLanguage\":\"de\",\"@id\":\"https:\/\/frontaliers-grandest.eu\/de\/#\/schema\/logo\/image\/\",\"url\":\"https:\/\/frontaliers-grandest.eu\/wp-content\/uploads\/2025\/07\/260328234_2966785176920310_3332838526503858160_n.jpg\",\"contentUrl\":\"https:\/\/frontaliers-grandest.eu\/wp-content\/uploads\/2025\/07\/260328234_2966785176920310_3332838526503858160_n.jpg\",\"width\":396,\"height\":396,\"caption\":\"Frontaliers Grand Est\"},\"image\":{\"@id\":\"https:\/\/frontaliers-grandest.eu\/de\/#\/schema\/logo\/image\/\"},\"sameAs\":[\"https:\/\/www.facebook.com\/frontaliers.GR.EST\/?locale=fr_FR\"]}]}<\/script>\n<!-- \/ Yoast SEO plugin. -->","yoast_head_json":{"title":"Die Krankenversicherung - Frontaliers Grand Est","robots":{"index":"index","follow":"follow","max-snippet":"max-snippet:-1","max-image-preview":"max-image-preview:large","max-video-preview":"max-video-preview:-1"},"canonical":"https:\/\/frontaliers-grandest.eu\/de\/startseite\/grenzganger\/frankreich-deutschland\/sozialversicherung\/die-krankenversicherung\/","og_locale":"de_DE","og_type":"article","og_title":"Die Krankenversicherung - Frontaliers Grand Est","og_description":"Als Arbeitnehmer in Deutschland sind sie automatisch krankenversichert. Die Kassen unterscheiden sich in Bezug auf die Beitragsh\u00f6he, die Dienstleistungen, die Erstattung von zus\u00e4tzlichen fakultativen Leistungen (wie z. B. Akkupunktur, alternative Behandlungsmethoden oder bestimmte Krebstherapien) und beim Angebot von Pr\u00e4ventionsprogrammen (z. B. Ern\u00e4hrungsberatung, R\u00fcckenschule oder Fitnessprogramme). Sie sollten jedoch wissen, dass Sie bei einer&nbsp;privaten Krankenkasse&nbsp;Zusatzpr\u00e4mien f\u00fcr [&hellip;]","og_url":"https:\/\/frontaliers-grandest.eu\/de\/startseite\/grenzganger\/frankreich-deutschland\/sozialversicherung\/die-krankenversicherung\/","og_site_name":"Frontaliers Grand Est","article_publisher":"https:\/\/www.facebook.com\/frontaliers.GR.EST\/?locale=fr_FR","article_modified_time":"2023-07-12T10:26:15+00:00","og_image":[{"width":2560,"height":1823,"url":"https:\/\/frontaliers-grandest.eu\/wp-content\/uploads\/2021\/07\/Maladies-et-soins-1-scaled.jpg","type":"image\/jpeg"}],"twitter_card":"summary_large_image","twitter_misc":{"Gesch\u00e4tzte Lesezeit":"2\u00a0Minuten"},"schema":{"@context":"https:\/\/schema.org","@graph":[{"@type":"WebPage","@id":"https:\/\/frontaliers-grandest.eu\/de\/startseite\/grenzganger\/frankreich-deutschland\/sozialversicherung\/die-krankenversicherung\/","url":"https:\/\/frontaliers-grandest.eu\/de\/startseite\/grenzganger\/frankreich-deutschland\/sozialversicherung\/die-krankenversicherung\/","name":"Die Krankenversicherung - Frontaliers Grand Est","isPartOf":{"@id":"https:\/\/frontaliers-grandest.eu\/de\/#website"},"primaryImageOfPage":{"@id":"https:\/\/frontaliers-grandest.eu\/de\/startseite\/grenzganger\/frankreich-deutschland\/sozialversicherung\/die-krankenversicherung\/#primaryimage"},"image":{"@id":"https:\/\/frontaliers-grandest.eu\/de\/startseite\/grenzganger\/frankreich-deutschland\/sozialversicherung\/die-krankenversicherung\/#primaryimage"},"thumbnailUrl":"https:\/\/frontaliers-grandest.eu\/wp-content\/uploads\/2021\/07\/Maladies-et-soins-1-scaled.jpg","datePublished":"2021-06-04T12:23:22+00:00","dateModified":"2023-07-12T10:26:15+00:00","breadcrumb":{"@id":"https:\/\/frontaliers-grandest.eu\/de\/startseite\/grenzganger\/frankreich-deutschland\/sozialversicherung\/die-krankenversicherung\/#breadcrumb"},"inLanguage":"de","potentialAction":[{"@type":"ReadAction","target":["https:\/\/frontaliers-grandest.eu\/de\/startseite\/grenzganger\/frankreich-deutschland\/sozialversicherung\/die-krankenversicherung\/"]}]},{"@type":"ImageObject","inLanguage":"de","@id":"https:\/\/frontaliers-grandest.eu\/de\/startseite\/grenzganger\/frankreich-deutschland\/sozialversicherung\/die-krankenversicherung\/#primaryimage","url":"https:\/\/frontaliers-grandest.eu\/wp-content\/uploads\/2021\/07\/Maladies-et-soins-1-scaled.jpg","contentUrl":"https:\/\/frontaliers-grandest.eu\/wp-content\/uploads\/2021\/07\/Maladies-et-soins-1-scaled.jpg","width":2560,"height":1823,"caption":"Maladies et soins"},{"@type":"BreadcrumbList","@id":"https:\/\/frontaliers-grandest.eu\/de\/startseite\/grenzganger\/frankreich-deutschland\/sozialversicherung\/die-krankenversicherung\/#breadcrumb","itemListElement":[{"@type":"ListItem","position":1,"name":"Startseite","item":"https:\/\/frontaliers-grandest.eu\/de\/"},{"@type":"ListItem","position":2,"name":"Grenzg\u00e4nger","item":"https:\/\/frontaliers-grandest.eu\/de\/startseite\/grenzganger\/"},{"@type":"ListItem","position":3,"name":"Frankreich - Deutschland","item":"https:\/\/frontaliers-grandest.eu\/de\/startseite\/grenzganger\/frankreich-deutschland\/"},{"@type":"ListItem","position":4,"name":"Sozialversicherung in Deutschland","item":"https:\/\/frontaliers-grandest.eu\/de\/startseite\/grenzganger\/frankreich-deutschland\/sozialversicherung\/"},{"@type":"ListItem","position":5,"name":"Die Krankenversicherung"}]},{"@type":"WebSite","@id":"https:\/\/frontaliers-grandest.eu\/de\/#website","url":"https:\/\/frontaliers-grandest.eu\/de\/","name":"Frontaliers Grand Est","description":"Le site ressource du travail frontalier","publisher":{"@id":"https:\/\/frontaliers-grandest.eu\/de\/#organization"},"alternateName":"Frontaliers Grand Est","potentialAction":[{"@type":"SearchAction","target":{"@type":"EntryPoint","urlTemplate":"https:\/\/frontaliers-grandest.eu\/de\/?s={search_term_string}"},"query-input":{"@type":"PropertyValueSpecification","valueRequired":true,"valueName":"search_term_string"}}],"inLanguage":"de"},{"@type":"Organization","@id":"https:\/\/frontaliers-grandest.eu\/de\/#organization","name":"Frontaliers Grand Est","alternateName":"Frontaliers Grand Est","url":"https:\/\/frontaliers-grandest.eu\/de\/","logo":{"@type":"ImageObject","inLanguage":"de","@id":"https:\/\/frontaliers-grandest.eu\/de\/#\/schema\/logo\/image\/","url":"https:\/\/frontaliers-grandest.eu\/wp-content\/uploads\/2025\/07\/260328234_2966785176920310_3332838526503858160_n.jpg","contentUrl":"https:\/\/frontaliers-grandest.eu\/wp-content\/uploads\/2025\/07\/260328234_2966785176920310_3332838526503858160_n.jpg","width":396,"height":396,"caption":"Frontaliers Grand Est"},"image":{"@id":"https:\/\/frontaliers-grandest.eu\/de\/#\/schema\/logo\/image\/"},"sameAs":["https:\/\/www.facebook.com\/frontaliers.GR.EST\/?locale=fr_FR"]}]}},"frge_page_order":0,"_links":{"self":[{"href":"https:\/\/frontaliers-grandest.eu\/de\/wp-json\/wp\/v2\/pages\/8082","targetHints":{"allow":["GET"]}}],"collection":[{"href":"https:\/\/frontaliers-grandest.eu\/de\/wp-json\/wp\/v2\/pages"}],"about":[{"href":"https:\/\/frontaliers-grandest.eu\/de\/wp-json\/wp\/v2\/types\/page"}],"author":[{"embeddable":true,"href":"https:\/\/frontaliers-grandest.eu\/de\/wp-json\/wp\/v2\/users\/7"}],"replies":[{"embeddable":true,"href":"https:\/\/frontaliers-grandest.eu\/de\/wp-json\/wp\/v2\/comments?post=8082"}],"version-history":[{"count":5,"href":"https:\/\/frontaliers-grandest.eu\/de\/wp-json\/wp\/v2\/pages\/8082\/revisions"}],"predecessor-version":[{"id":28009,"href":"https:\/\/frontaliers-grandest.eu\/de\/wp-json\/wp\/v2\/pages\/8082\/revisions\/28009"}],"up":[{"embeddable":true,"href":"https:\/\/frontaliers-grandest.eu\/de\/wp-json\/wp\/v2\/pages\/8071"}],"wp:featuredmedia":[{"embeddable":true,"href":"https:\/\/frontaliers-grandest.eu\/de\/wp-json\/wp\/v2\/media\/9900"}],"wp:attachment":[{"href":"https:\/\/frontaliers-grandest.eu\/de\/wp-json\/wp\/v2\/media?parent=8082"}],"wp:term":[{"taxonomy":"post_tag","embeddable":true,"href":"https:\/\/frontaliers-grandest.eu\/de\/wp-json\/wp\/v2\/tags?post=8082"},{"taxonomy":"frge_profile","embeddable":true,"href":"https:\/\/frontaliers-grandest.eu\/de\/wp-json\/wp\/v2\/frge_profile?post=8082"}],"curies":[{"name":"wp","href":"https:\/\/api.w.org\/{rel}","templated":true}]}}