{"id":8080,"date":"2021-06-04T14:17:58","date_gmt":"2021-06-04T12:17:58","guid":{"rendered":"https:\/\/frontaliers-grandest.eu\/?page_id=8080"},"modified":"2021-07-20T12:57:09","modified_gmt":"2021-07-20T10:57:09","slug":"die-mutterschaftsversicherung-und-die-elternzeit-in-deutschland","status":"publish","type":"page","link":"https:\/\/frontaliers-grandest.eu\/de\/startseite\/grenzganger\/frankreich-deutschland\/sozialversicherung\/die-mutterschaftsversicherung-und-die-elternzeit-in-deutschland\/","title":{"rendered":"Die Mutterschaftsversicherung und die Elternzeit in Deutschland"},"content":{"rendered":"\n<p>Sie haben Anspruch auf Mutterschutz&nbsp; in Deutschland, wenn Sie&nbsp;<strong>als Grenzg\u00e4ngerin krankenversichert sind,<\/strong>&nbsp;oder wenn&nbsp;<strong>Ihr Mann oder Ihr Vater eine berufliche Aktivit\u00e4t in Deutschland aus\u00fcbt&nbsp;<\/strong>UND Sie<strong>&nbsp;in Frankreich nicht pers\u00f6nlich krankenversichert sind.<\/strong><\/p>\n\n\n\n<p>Die Beitr\u00e4ge werden dem Gehalt des Grenzg\u00e4ngers direkt entnommen. Der Arbeitgeber leitet sie dann an die Deutsche Krankenkasse weiter, die er ausgew\u00e4hlt hat.<\/p>\n\n\n\n<h5 class=\"wp-block-heading\">Die Mutterschaftsversicherung besteht aus:<\/h5>\n\n\n\n<ul class=\"wp-block-list\"><li><strong>Sachleistungen<\/strong>, mit denen Hebammenkosten, \u00e4rztliche Behandlungen, Aufenthalte in einem Entbindungsheim und Arzneimittel abgedeckt werden.<\/li><li><strong>Geldleistungen<\/strong>, das heisst Mutterschaftsgeld.<\/li><\/ul>\n","protected":false},"excerpt":{"rendered":"<p>Sie haben Anspruch auf Mutterschutz&nbsp; in Deutschland, wenn Sie&nbsp;als Grenzg\u00e4ngerin krankenversichert sind,&nbsp;oder wenn&nbsp;Ihr Mann oder Ihr Vater eine berufliche Aktivit\u00e4t in Deutschland aus\u00fcbt&nbsp;UND Sie&nbsp;in Frankreich nicht pers\u00f6nlich krankenversichert sind. Die Beitr\u00e4ge werden dem Gehalt des Grenzg\u00e4ngers direkt entnommen. Der Arbeitgeber leitet sie dann an die Deutsche Krankenkasse weiter, die er ausgew\u00e4hlt hat. Die Mutterschaftsversicherung besteht [&hellip;]<\/p>\n","protected":false},"author":7,"featured_media":9896,"parent":8071,"menu_order":3,"comment_status":"closed","ping_status":"closed","template":"","meta":{"inline_featured_image":false,"footnotes":""},"tags":[],"frge_profile":[],"class_list":["post-8080","page","type-page","status-publish","has-post-thumbnail","hentry"],"yoast_head":"<!-- This site is optimized with the Yoast SEO plugin v27.1.1 - https:\/\/yoast.com\/product\/yoast-seo-wordpress\/ -->\n<title>Die Mutterschaftsversicherung und die Elternzeit in Deutschland - Frontaliers Grand Est<\/title>\n<meta name=\"robots\" content=\"index, follow, max-snippet:-1, max-image-preview:large, max-video-preview:-1\" \/>\n<link rel=\"canonical\" href=\"https:\/\/frontaliers-grandest.eu\/de\/startseite\/grenzganger\/frankreich-deutschland\/sozialversicherung\/die-mutterschaftsversicherung-und-die-elternzeit-in-deutschland\/\" \/>\n<meta property=\"og:locale\" content=\"de_DE\" \/>\n<meta property=\"og:type\" content=\"article\" \/>\n<meta property=\"og:title\" content=\"Die Mutterschaftsversicherung und die Elternzeit in Deutschland - Frontaliers Grand Est\" \/>\n<meta property=\"og:description\" content=\"Sie haben Anspruch auf Mutterschutz&nbsp; in Deutschland, wenn Sie&nbsp;als Grenzg\u00e4ngerin krankenversichert sind,&nbsp;oder wenn&nbsp;Ihr Mann oder Ihr Vater eine berufliche Aktivit\u00e4t in Deutschland aus\u00fcbt&nbsp;UND Sie&nbsp;in Frankreich nicht pers\u00f6nlich krankenversichert sind. Die Beitr\u00e4ge werden dem Gehalt des Grenzg\u00e4ngers direkt entnommen. Der Arbeitgeber leitet sie dann an die Deutsche Krankenkasse weiter, die er ausgew\u00e4hlt hat. Die Mutterschaftsversicherung besteht [&hellip;]\" \/>\n<meta property=\"og:url\" content=\"https:\/\/frontaliers-grandest.eu\/de\/startseite\/grenzganger\/frankreich-deutschland\/sozialversicherung\/die-mutterschaftsversicherung-und-die-elternzeit-in-deutschland\/\" \/>\n<meta property=\"og:site_name\" content=\"Frontaliers Grand Est\" \/>\n<meta property=\"article:publisher\" content=\"https:\/\/www.facebook.com\/frontaliers.GR.EST\/?locale=fr_FR\" \/>\n<meta property=\"article:modified_time\" content=\"2021-07-20T10:57:09+00:00\" \/>\n<meta property=\"og:image\" content=\"https:\/\/frontaliers-grandest.eu\/wp-content\/uploads\/2021\/07\/Conge-naissance_adoption-1.jpg\" \/>\n\t<meta property=\"og:image:width\" content=\"1920\" \/>\n\t<meta property=\"og:image:height\" content=\"1272\" \/>\n\t<meta property=\"og:image:type\" content=\"image\/jpeg\" \/>\n<meta name=\"twitter:card\" content=\"summary_large_image\" \/>\n<meta name=\"twitter:label1\" content=\"Gesch\u00e4tzte Lesezeit\" \/>\n\t<meta name=\"twitter:data1\" content=\"1\u00a0Minute\" \/>\n<script type=\"application\/ld+json\" class=\"yoast-schema-graph\">{\"@context\":\"https:\/\/schema.org\",\"@graph\":[{\"@type\":\"WebPage\",\"@id\":\"https:\/\/frontaliers-grandest.eu\/de\/startseite\/grenzganger\/frankreich-deutschland\/sozialversicherung\/die-mutterschaftsversicherung-und-die-elternzeit-in-deutschland\/\",\"url\":\"https:\/\/frontaliers-grandest.eu\/de\/startseite\/grenzganger\/frankreich-deutschland\/sozialversicherung\/die-mutterschaftsversicherung-und-die-elternzeit-in-deutschland\/\",\"name\":\"Die Mutterschaftsversicherung und die Elternzeit in Deutschland - Frontaliers Grand Est\",\"isPartOf\":{\"@id\":\"https:\/\/frontaliers-grandest.eu\/de\/#website\"},\"primaryImageOfPage\":{\"@id\":\"https:\/\/frontaliers-grandest.eu\/de\/startseite\/grenzganger\/frankreich-deutschland\/sozialversicherung\/die-mutterschaftsversicherung-und-die-elternzeit-in-deutschland\/#primaryimage\"},\"image\":{\"@id\":\"https:\/\/frontaliers-grandest.eu\/de\/startseite\/grenzganger\/frankreich-deutschland\/sozialversicherung\/die-mutterschaftsversicherung-und-die-elternzeit-in-deutschland\/#primaryimage\"},\"thumbnailUrl\":\"https:\/\/frontaliers-grandest.eu\/wp-content\/uploads\/2021\/07\/Conge-naissance_adoption-1.jpg\",\"datePublished\":\"2021-06-04T12:17:58+00:00\",\"dateModified\":\"2021-07-20T10:57:09+00:00\",\"breadcrumb\":{\"@id\":\"https:\/\/frontaliers-grandest.eu\/de\/startseite\/grenzganger\/frankreich-deutschland\/sozialversicherung\/die-mutterschaftsversicherung-und-die-elternzeit-in-deutschland\/#breadcrumb\"},\"inLanguage\":\"de\",\"potentialAction\":[{\"@type\":\"ReadAction\",\"target\":[\"https:\/\/frontaliers-grandest.eu\/de\/startseite\/grenzganger\/frankreich-deutschland\/sozialversicherung\/die-mutterschaftsversicherung-und-die-elternzeit-in-deutschland\/\"]}]},{\"@type\":\"ImageObject\",\"inLanguage\":\"de\",\"@id\":\"https:\/\/frontaliers-grandest.eu\/de\/startseite\/grenzganger\/frankreich-deutschland\/sozialversicherung\/die-mutterschaftsversicherung-und-die-elternzeit-in-deutschland\/#primaryimage\",\"url\":\"https:\/\/frontaliers-grandest.eu\/wp-content\/uploads\/2021\/07\/Conge-naissance_adoption-1.jpg\",\"contentUrl\":\"https:\/\/frontaliers-grandest.eu\/wp-content\/uploads\/2021\/07\/Conge-naissance_adoption-1.jpg\",\"width\":1920,\"height\":1272,\"caption\":\"Cong\u00e9 naissance\"},{\"@type\":\"BreadcrumbList\",\"@id\":\"https:\/\/frontaliers-grandest.eu\/de\/startseite\/grenzganger\/frankreich-deutschland\/sozialversicherung\/die-mutterschaftsversicherung-und-die-elternzeit-in-deutschland\/#breadcrumb\",\"itemListElement\":[{\"@type\":\"ListItem\",\"position\":1,\"name\":\"Startseite\",\"item\":\"https:\/\/frontaliers-grandest.eu\/de\/\"},{\"@type\":\"ListItem\",\"position\":2,\"name\":\"Grenzg\u00e4nger\",\"item\":\"https:\/\/frontaliers-grandest.eu\/de\/startseite\/grenzganger\/\"},{\"@type\":\"ListItem\",\"position\":3,\"name\":\"Frankreich - Deutschland\",\"item\":\"https:\/\/frontaliers-grandest.eu\/de\/startseite\/grenzganger\/frankreich-deutschland\/\"},{\"@type\":\"ListItem\",\"position\":4,\"name\":\"Sozialversicherung in Deutschland\",\"item\":\"https:\/\/frontaliers-grandest.eu\/de\/startseite\/grenzganger\/frankreich-deutschland\/sozialversicherung\/\"},{\"@type\":\"ListItem\",\"position\":5,\"name\":\"Die Mutterschaftsversicherung und die Elternzeit in Deutschland\"}]},{\"@type\":\"WebSite\",\"@id\":\"https:\/\/frontaliers-grandest.eu\/de\/#website\",\"url\":\"https:\/\/frontaliers-grandest.eu\/de\/\",\"name\":\"Frontaliers Grand Est\",\"description\":\"Le site ressource du travail frontalier\",\"publisher\":{\"@id\":\"https:\/\/frontaliers-grandest.eu\/de\/#organization\"},\"alternateName\":\"Frontaliers Grand Est\",\"potentialAction\":[{\"@type\":\"SearchAction\",\"target\":{\"@type\":\"EntryPoint\",\"urlTemplate\":\"https:\/\/frontaliers-grandest.eu\/de\/?s={search_term_string}\"},\"query-input\":{\"@type\":\"PropertyValueSpecification\",\"valueRequired\":true,\"valueName\":\"search_term_string\"}}],\"inLanguage\":\"de\"},{\"@type\":\"Organization\",\"@id\":\"https:\/\/frontaliers-grandest.eu\/de\/#organization\",\"name\":\"Frontaliers Grand Est\",\"alternateName\":\"Frontaliers Grand Est\",\"url\":\"https:\/\/frontaliers-grandest.eu\/de\/\",\"logo\":{\"@type\":\"ImageObject\",\"inLanguage\":\"de\",\"@id\":\"https:\/\/frontaliers-grandest.eu\/de\/#\/schema\/logo\/image\/\",\"url\":\"https:\/\/frontaliers-grandest.eu\/wp-content\/uploads\/2025\/07\/260328234_2966785176920310_3332838526503858160_n.jpg\",\"contentUrl\":\"https:\/\/frontaliers-grandest.eu\/wp-content\/uploads\/2025\/07\/260328234_2966785176920310_3332838526503858160_n.jpg\",\"width\":396,\"height\":396,\"caption\":\"Frontaliers Grand Est\"},\"image\":{\"@id\":\"https:\/\/frontaliers-grandest.eu\/de\/#\/schema\/logo\/image\/\"},\"sameAs\":[\"https:\/\/www.facebook.com\/frontaliers.GR.EST\/?locale=fr_FR\"]}]}<\/script>\n<!-- \/ Yoast SEO plugin. -->","yoast_head_json":{"title":"Die Mutterschaftsversicherung und die Elternzeit in Deutschland - Frontaliers Grand Est","robots":{"index":"index","follow":"follow","max-snippet":"max-snippet:-1","max-image-preview":"max-image-preview:large","max-video-preview":"max-video-preview:-1"},"canonical":"https:\/\/frontaliers-grandest.eu\/de\/startseite\/grenzganger\/frankreich-deutschland\/sozialversicherung\/die-mutterschaftsversicherung-und-die-elternzeit-in-deutschland\/","og_locale":"de_DE","og_type":"article","og_title":"Die Mutterschaftsversicherung und die Elternzeit in Deutschland - Frontaliers Grand Est","og_description":"Sie haben Anspruch auf Mutterschutz&nbsp; in Deutschland, wenn Sie&nbsp;als Grenzg\u00e4ngerin krankenversichert sind,&nbsp;oder wenn&nbsp;Ihr Mann oder Ihr Vater eine berufliche Aktivit\u00e4t in Deutschland aus\u00fcbt&nbsp;UND Sie&nbsp;in Frankreich nicht pers\u00f6nlich krankenversichert sind. Die Beitr\u00e4ge werden dem Gehalt des Grenzg\u00e4ngers direkt entnommen. Der Arbeitgeber leitet sie dann an die Deutsche Krankenkasse weiter, die er ausgew\u00e4hlt hat. Die Mutterschaftsversicherung besteht [&hellip;]","og_url":"https:\/\/frontaliers-grandest.eu\/de\/startseite\/grenzganger\/frankreich-deutschland\/sozialversicherung\/die-mutterschaftsversicherung-und-die-elternzeit-in-deutschland\/","og_site_name":"Frontaliers Grand Est","article_publisher":"https:\/\/www.facebook.com\/frontaliers.GR.EST\/?locale=fr_FR","article_modified_time":"2021-07-20T10:57:09+00:00","og_image":[{"width":1920,"height":1272,"url":"https:\/\/frontaliers-grandest.eu\/wp-content\/uploads\/2021\/07\/Conge-naissance_adoption-1.jpg","type":"image\/jpeg"}],"twitter_card":"summary_large_image","twitter_misc":{"Gesch\u00e4tzte Lesezeit":"1\u00a0Minute"},"schema":{"@context":"https:\/\/schema.org","@graph":[{"@type":"WebPage","@id":"https:\/\/frontaliers-grandest.eu\/de\/startseite\/grenzganger\/frankreich-deutschland\/sozialversicherung\/die-mutterschaftsversicherung-und-die-elternzeit-in-deutschland\/","url":"https:\/\/frontaliers-grandest.eu\/de\/startseite\/grenzganger\/frankreich-deutschland\/sozialversicherung\/die-mutterschaftsversicherung-und-die-elternzeit-in-deutschland\/","name":"Die Mutterschaftsversicherung und die Elternzeit in Deutschland - Frontaliers Grand Est","isPartOf":{"@id":"https:\/\/frontaliers-grandest.eu\/de\/#website"},"primaryImageOfPage":{"@id":"https:\/\/frontaliers-grandest.eu\/de\/startseite\/grenzganger\/frankreich-deutschland\/sozialversicherung\/die-mutterschaftsversicherung-und-die-elternzeit-in-deutschland\/#primaryimage"},"image":{"@id":"https:\/\/frontaliers-grandest.eu\/de\/startseite\/grenzganger\/frankreich-deutschland\/sozialversicherung\/die-mutterschaftsversicherung-und-die-elternzeit-in-deutschland\/#primaryimage"},"thumbnailUrl":"https:\/\/frontaliers-grandest.eu\/wp-content\/uploads\/2021\/07\/Conge-naissance_adoption-1.jpg","datePublished":"2021-06-04T12:17:58+00:00","dateModified":"2021-07-20T10:57:09+00:00","breadcrumb":{"@id":"https:\/\/frontaliers-grandest.eu\/de\/startseite\/grenzganger\/frankreich-deutschland\/sozialversicherung\/die-mutterschaftsversicherung-und-die-elternzeit-in-deutschland\/#breadcrumb"},"inLanguage":"de","potentialAction":[{"@type":"ReadAction","target":["https:\/\/frontaliers-grandest.eu\/de\/startseite\/grenzganger\/frankreich-deutschland\/sozialversicherung\/die-mutterschaftsversicherung-und-die-elternzeit-in-deutschland\/"]}]},{"@type":"ImageObject","inLanguage":"de","@id":"https:\/\/frontaliers-grandest.eu\/de\/startseite\/grenzganger\/frankreich-deutschland\/sozialversicherung\/die-mutterschaftsversicherung-und-die-elternzeit-in-deutschland\/#primaryimage","url":"https:\/\/frontaliers-grandest.eu\/wp-content\/uploads\/2021\/07\/Conge-naissance_adoption-1.jpg","contentUrl":"https:\/\/frontaliers-grandest.eu\/wp-content\/uploads\/2021\/07\/Conge-naissance_adoption-1.jpg","width":1920,"height":1272,"caption":"Cong\u00e9 naissance"},{"@type":"BreadcrumbList","@id":"https:\/\/frontaliers-grandest.eu\/de\/startseite\/grenzganger\/frankreich-deutschland\/sozialversicherung\/die-mutterschaftsversicherung-und-die-elternzeit-in-deutschland\/#breadcrumb","itemListElement":[{"@type":"ListItem","position":1,"name":"Startseite","item":"https:\/\/frontaliers-grandest.eu\/de\/"},{"@type":"ListItem","position":2,"name":"Grenzg\u00e4nger","item":"https:\/\/frontaliers-grandest.eu\/de\/startseite\/grenzganger\/"},{"@type":"ListItem","position":3,"name":"Frankreich - Deutschland","item":"https:\/\/frontaliers-grandest.eu\/de\/startseite\/grenzganger\/frankreich-deutschland\/"},{"@type":"ListItem","position":4,"name":"Sozialversicherung in Deutschland","item":"https:\/\/frontaliers-grandest.eu\/de\/startseite\/grenzganger\/frankreich-deutschland\/sozialversicherung\/"},{"@type":"ListItem","position":5,"name":"Die Mutterschaftsversicherung und die Elternzeit in Deutschland"}]},{"@type":"WebSite","@id":"https:\/\/frontaliers-grandest.eu\/de\/#website","url":"https:\/\/frontaliers-grandest.eu\/de\/","name":"Frontaliers Grand Est","description":"Le site ressource du travail frontalier","publisher":{"@id":"https:\/\/frontaliers-grandest.eu\/de\/#organization"},"alternateName":"Frontaliers Grand Est","potentialAction":[{"@type":"SearchAction","target":{"@type":"EntryPoint","urlTemplate":"https:\/\/frontaliers-grandest.eu\/de\/?s={search_term_string}"},"query-input":{"@type":"PropertyValueSpecification","valueRequired":true,"valueName":"search_term_string"}}],"inLanguage":"de"},{"@type":"Organization","@id":"https:\/\/frontaliers-grandest.eu\/de\/#organization","name":"Frontaliers Grand Est","alternateName":"Frontaliers Grand Est","url":"https:\/\/frontaliers-grandest.eu\/de\/","logo":{"@type":"ImageObject","inLanguage":"de","@id":"https:\/\/frontaliers-grandest.eu\/de\/#\/schema\/logo\/image\/","url":"https:\/\/frontaliers-grandest.eu\/wp-content\/uploads\/2025\/07\/260328234_2966785176920310_3332838526503858160_n.jpg","contentUrl":"https:\/\/frontaliers-grandest.eu\/wp-content\/uploads\/2025\/07\/260328234_2966785176920310_3332838526503858160_n.jpg","width":396,"height":396,"caption":"Frontaliers Grand Est"},"image":{"@id":"https:\/\/frontaliers-grandest.eu\/de\/#\/schema\/logo\/image\/"},"sameAs":["https:\/\/www.facebook.com\/frontaliers.GR.EST\/?locale=fr_FR"]}]}},"frge_page_order":0,"_links":{"self":[{"href":"https:\/\/frontaliers-grandest.eu\/de\/wp-json\/wp\/v2\/pages\/8080","targetHints":{"allow":["GET"]}}],"collection":[{"href":"https:\/\/frontaliers-grandest.eu\/de\/wp-json\/wp\/v2\/pages"}],"about":[{"href":"https:\/\/frontaliers-grandest.eu\/de\/wp-json\/wp\/v2\/types\/page"}],"author":[{"embeddable":true,"href":"https:\/\/frontaliers-grandest.eu\/de\/wp-json\/wp\/v2\/users\/7"}],"replies":[{"embeddable":true,"href":"https:\/\/frontaliers-grandest.eu\/de\/wp-json\/wp\/v2\/comments?post=8080"}],"version-history":[{"count":1,"href":"https:\/\/frontaliers-grandest.eu\/de\/wp-json\/wp\/v2\/pages\/8080\/revisions"}],"predecessor-version":[{"id":8081,"href":"https:\/\/frontaliers-grandest.eu\/de\/wp-json\/wp\/v2\/pages\/8080\/revisions\/8081"}],"up":[{"embeddable":true,"href":"https:\/\/frontaliers-grandest.eu\/de\/wp-json\/wp\/v2\/pages\/8071"}],"wp:featuredmedia":[{"embeddable":true,"href":"https:\/\/frontaliers-grandest.eu\/de\/wp-json\/wp\/v2\/media\/9896"}],"wp:attachment":[{"href":"https:\/\/frontaliers-grandest.eu\/de\/wp-json\/wp\/v2\/media?parent=8080"}],"wp:term":[{"taxonomy":"post_tag","embeddable":true,"href":"https:\/\/frontaliers-grandest.eu\/de\/wp-json\/wp\/v2\/tags?post=8080"},{"taxonomy":"frge_profile","embeddable":true,"href":"https:\/\/frontaliers-grandest.eu\/de\/wp-json\/wp\/v2\/frge_profile?post=8080"}],"curies":[{"name":"wp","href":"https:\/\/api.w.org\/{rel}","templated":true}]}}