{"id":8047,"date":"2021-06-04T13:30:21","date_gmt":"2021-06-04T11:30:21","guid":{"rendered":"https:\/\/frontaliers-grandest.eu\/?page_id=8047"},"modified":"2024-07-25T11:14:57","modified_gmt":"2024-07-25T09:14:57","slug":"welche-steuerrechtlichen-schritte-sind-erforderlich-wenn-ich-in-deutschland-arbeite","status":"publish","type":"page","link":"https:\/\/frontaliers-grandest.eu\/de\/startseite\/grenzganger\/frankreich-deutschland\/besteuerung\/die-besteuerung\/welche-steuerrechtlichen-schritte-sind-erforderlich-wenn-ich-in-deutschland-arbeite\/","title":{"rendered":"Welche steuerrechtlichen Schritte sind erforderlich, wenn ich in Deutschland arbeite?"},"content":{"rendered":"\n<p>Wenn Sie in Frankreich wohnen und in Deutschland arbeiten und au\u00dferdem den steuerrechtlichen Status eines Grenzg\u00e4ngers haben, zahlen Sie Ihre Einkommensteuer in Frankreich.<\/p>\n\n\n\n<h4 class=\"wp-block-heading\"><strong>Steuererkl\u00e4rung in Frankreich<\/strong><\/h4>\n\n\n\n<p>In Deutschland besch\u00e4ftigte Grenzg\u00e4nger m\u00fcssen jedes Jahr die Eink\u00fcnfte aus ihrer T\u00e4tigkeit i<strong>n Deutschland in ihrer Steuererkl\u00e4rung f\u00fcr das franz\u00f6sische Finanzamt angeben.&nbsp;Dazu dienen die Formulare 2042 und 2047<\/strong>&nbsp;(Erkl\u00e4rung der im Ausland bezogenen Eink\u00fcnfte).<\/p>\n\n\n\n<p>F\u00fcr Grenzg\u00e4nger wurde der 17. Mai als Einreichungstermin f\u00fcr das Papierformular festgelegt.<\/p>\n\n\n\n<p>Die elektronische Steuererkl\u00e4rung kann sp\u00e4testens am 6. Juni eingereicht werden, je nach dem betreffenden D\u00e9partement.<\/p>\n\n\n\n<p>Ausf\u00fchrlichere Informationen unter: <a href=\"http:\/\/https :\/\/www.service public.fr\/particuliers\/vosdroits\/F359\" target=\"_blank\" rel=\"noreferrer noopener\">https :\/\/www.service public.fr\/particuliers\/vosdroits\/F359<\/a><\/p>\n\n\n\n<p>Wenn Sie eine elektronische Steuererkl\u00e4rung einreichen wollen, besuchen Sie folgende Seite: <a href=\"https:\/\/www.impots.gouv.fr\/portail\/\" target=\"_blank\" rel=\"noreferrer noopener\">https :\/\/www.impots.gouv.fr\/portail\/<\/a><\/p>\n\n\n\n<p>Wenn Sie Ihre Steuererkl\u00e4rung nach diesem Datum beim Finanzamt einreichen, wird Ihr Steuerbetrag um 10 % erh\u00f6ht. Ende Juli erhalten Sie den Steuerbescheid, und im September des laufenden Jahres m\u00fcssen Sie Ihre Steuern bezahlen;<\/p>\n\n\n\n<p><strong>Seit 1. Januar 2019 ist der Steuerabzug auf Lohnabrechnung in Frankreich in Kraft getreten<\/strong>. F\u00fcr die Grenzg\u00e4nger&nbsp; wird ein vorl\u00e4ufige Steuerabzug am 15. jeden Monat bei der Steuerverwaltung von dem Bankkonto des Grenzg\u00e4ngers abgebucht. Die H\u00f6he dieses Steuerabzugs wird aufgrund Ihrer franz\u00f6sischen Steuererkl\u00e4rung des vorhergehenden Jahres bestimmen.<\/p>\n\n\n\n<p>Wenn\u00a0<strong>kein Steuerabzug auf Ihres Bankkontos bei der Steuerverwaltung durchgef\u00fchrt wurde, ist m\u00f6glicherweise Ihre Steuererkl\u00e4rung aus dem Vorjahr fehlerhaft<\/strong>. Eine Korrektur ist daher erforderlich.<\/p>\n\n\n\n<h4 class=\"wp-block-heading\"><strong>Beantragung einer Freistellungsbescheinigung in Frankreich<\/strong><\/h4>\n\n\n\n<p>Der Arbeitnehmer muss die Freistellung von der franz\u00f6sischen Lohnsteuer (<strong>Formular 5011<\/strong>) beim franz\u00f6zischen Finanzamt seines Wohnsitzes beantragen und diese&nbsp;<strong>Freistellungsbescheinigung dem Arbeitgeber in Deutschland vorlegen<\/strong>.<br>Dieser Antrag muss vor Ende des Monats nach der Anstellung erfolgen und jedes Jahr im Januar erneuert werden.<\/p>\n\n\n\n<p>F\u00fcr weitere Informationen k\u00f6nnen sie die EURES-Berater und die zust\u00e4ndigen Steuerbeh\u00f6rden kontaktieren.<\/p>\n","protected":false},"excerpt":{"rendered":"<p>Wenn Sie in Frankreich wohnen und in Deutschland arbeiten und au\u00dferdem den steuerrechtlichen Status eines Grenzg\u00e4ngers haben, zahlen Sie Ihre Einkommensteuer in Frankreich. Steuererkl\u00e4rung in Frankreich In Deutschland besch\u00e4ftigte Grenzg\u00e4nger m\u00fcssen jedes Jahr die Eink\u00fcnfte aus ihrer T\u00e4tigkeit in Deutschland in ihrer Steuererkl\u00e4rung f\u00fcr das franz\u00f6sische Finanzamt angeben.&nbsp;Dazu dienen die Formulare 2042 und 2047&nbsp;(Erkl\u00e4rung der [&hellip;]<\/p>\n","protected":false},"author":7,"featured_media":0,"parent":8025,"menu_order":1,"comment_status":"closed","ping_status":"closed","template":"","meta":{"inline_featured_image":false,"footnotes":""},"tags":[],"frge_profile":[],"class_list":["post-8047","page","type-page","status-publish","hentry"],"yoast_head":"<!-- This site is optimized with the Yoast SEO plugin v27.1.1 - https:\/\/yoast.com\/product\/yoast-seo-wordpress\/ -->\n<title>Steuerliche schritte f\u00fcr arbeitnehmer in Deutschland<\/title>\n<meta name=\"description\" content=\"Arbeiten Sie in Deutschland und wohnen in Frankreich? Erfahren Sie alles \u00fcber Steuererkl\u00e4rungen, Abz\u00fcge und Freistellungsbescheinigungen f\u00fcr Grenzg\u00e4nger.\" \/>\n<meta name=\"robots\" content=\"index, follow, max-snippet:-1, max-image-preview:large, max-video-preview:-1\" \/>\n<link rel=\"canonical\" href=\"https:\/\/frontaliers-grandest.eu\/de\/startseite\/grenzganger\/frankreich-deutschland\/besteuerung\/die-besteuerung\/welche-steuerrechtlichen-schritte-sind-erforderlich-wenn-ich-in-deutschland-arbeite\/\" \/>\n<meta property=\"og:locale\" content=\"de_DE\" \/>\n<meta property=\"og:type\" content=\"article\" \/>\n<meta property=\"og:title\" content=\"Steuerliche schritte f\u00fcr arbeitnehmer in Deutschland\" \/>\n<meta property=\"og:description\" content=\"Arbeiten Sie in Deutschland und wohnen in Frankreich? Erfahren Sie alles \u00fcber Steuererkl\u00e4rungen, Abz\u00fcge und Freistellungsbescheinigungen f\u00fcr Grenzg\u00e4nger.\" \/>\n<meta property=\"og:url\" content=\"https:\/\/frontaliers-grandest.eu\/de\/startseite\/grenzganger\/frankreich-deutschland\/besteuerung\/die-besteuerung\/welche-steuerrechtlichen-schritte-sind-erforderlich-wenn-ich-in-deutschland-arbeite\/\" \/>\n<meta property=\"og:site_name\" content=\"Frontaliers Grand Est\" \/>\n<meta property=\"article:publisher\" content=\"https:\/\/www.facebook.com\/frontaliers.GR.EST\/?locale=fr_FR\" \/>\n<meta property=\"article:modified_time\" content=\"2024-07-25T09:14:57+00:00\" \/>\n<meta name=\"twitter:card\" content=\"summary_large_image\" \/>\n<meta name=\"twitter:label1\" content=\"Gesch\u00e4tzte Lesezeit\" \/>\n\t<meta name=\"twitter:data1\" content=\"2\u00a0Minuten\" \/>\n<script type=\"application\/ld+json\" class=\"yoast-schema-graph\">{\"@context\":\"https:\/\/schema.org\",\"@graph\":[{\"@type\":\"WebPage\",\"@id\":\"https:\/\/frontaliers-grandest.eu\/de\/startseite\/grenzganger\/frankreich-deutschland\/besteuerung\/die-besteuerung\/welche-steuerrechtlichen-schritte-sind-erforderlich-wenn-ich-in-deutschland-arbeite\/\",\"url\":\"https:\/\/frontaliers-grandest.eu\/de\/startseite\/grenzganger\/frankreich-deutschland\/besteuerung\/die-besteuerung\/welche-steuerrechtlichen-schritte-sind-erforderlich-wenn-ich-in-deutschland-arbeite\/\",\"name\":\"Steuerliche schritte f\u00fcr arbeitnehmer in Deutschland\",\"isPartOf\":{\"@id\":\"https:\/\/frontaliers-grandest.eu\/de\/#website\"},\"datePublished\":\"2021-06-04T11:30:21+00:00\",\"dateModified\":\"2024-07-25T09:14:57+00:00\",\"description\":\"Arbeiten Sie in Deutschland und wohnen in Frankreich? Erfahren Sie alles \u00fcber Steuererkl\u00e4rungen, Abz\u00fcge und Freistellungsbescheinigungen f\u00fcr Grenzg\u00e4nger.\",\"breadcrumb\":{\"@id\":\"https:\/\/frontaliers-grandest.eu\/de\/startseite\/grenzganger\/frankreich-deutschland\/besteuerung\/die-besteuerung\/welche-steuerrechtlichen-schritte-sind-erforderlich-wenn-ich-in-deutschland-arbeite\/#breadcrumb\"},\"inLanguage\":\"de\",\"potentialAction\":[{\"@type\":\"ReadAction\",\"target\":[\"https:\/\/frontaliers-grandest.eu\/de\/startseite\/grenzganger\/frankreich-deutschland\/besteuerung\/die-besteuerung\/welche-steuerrechtlichen-schritte-sind-erforderlich-wenn-ich-in-deutschland-arbeite\/\"]}]},{\"@type\":\"BreadcrumbList\",\"@id\":\"https:\/\/frontaliers-grandest.eu\/de\/startseite\/grenzganger\/frankreich-deutschland\/besteuerung\/die-besteuerung\/welche-steuerrechtlichen-schritte-sind-erforderlich-wenn-ich-in-deutschland-arbeite\/#breadcrumb\",\"itemListElement\":[{\"@type\":\"ListItem\",\"position\":1,\"name\":\"Startseite\",\"item\":\"https:\/\/frontaliers-grandest.eu\/de\/\"},{\"@type\":\"ListItem\",\"position\":2,\"name\":\"Grenzg\u00e4nger\",\"item\":\"https:\/\/frontaliers-grandest.eu\/de\/startseite\/grenzganger\/\"},{\"@type\":\"ListItem\",\"position\":3,\"name\":\"Frankreich - Deutschland\",\"item\":\"https:\/\/frontaliers-grandest.eu\/de\/startseite\/grenzganger\/frankreich-deutschland\/\"},{\"@type\":\"ListItem\",\"position\":4,\"name\":\"Besteuerung in Deutschland\",\"item\":\"https:\/\/frontaliers-grandest.eu\/de\/startseite\/grenzganger\/frankreich-deutschland\/besteuerung\/\"},{\"@type\":\"ListItem\",\"position\":5,\"name\":\"Die Besteuerung\",\"item\":\"https:\/\/frontaliers-grandest.eu\/de\/?page_id=8025\"},{\"@type\":\"ListItem\",\"position\":6,\"name\":\"Welche steuerrechtlichen Schritte sind erforderlich, wenn ich in Deutschland arbeite?\"}]},{\"@type\":\"WebSite\",\"@id\":\"https:\/\/frontaliers-grandest.eu\/de\/#website\",\"url\":\"https:\/\/frontaliers-grandest.eu\/de\/\",\"name\":\"Frontaliers Grand Est\",\"description\":\"Le site ressource du travail frontalier\",\"publisher\":{\"@id\":\"https:\/\/frontaliers-grandest.eu\/de\/#organization\"},\"alternateName\":\"Frontaliers Grand Est\",\"potentialAction\":[{\"@type\":\"SearchAction\",\"target\":{\"@type\":\"EntryPoint\",\"urlTemplate\":\"https:\/\/frontaliers-grandest.eu\/de\/?s={search_term_string}\"},\"query-input\":{\"@type\":\"PropertyValueSpecification\",\"valueRequired\":true,\"valueName\":\"search_term_string\"}}],\"inLanguage\":\"de\"},{\"@type\":\"Organization\",\"@id\":\"https:\/\/frontaliers-grandest.eu\/de\/#organization\",\"name\":\"Frontaliers Grand Est\",\"alternateName\":\"Frontaliers Grand Est\",\"url\":\"https:\/\/frontaliers-grandest.eu\/de\/\",\"logo\":{\"@type\":\"ImageObject\",\"inLanguage\":\"de\",\"@id\":\"https:\/\/frontaliers-grandest.eu\/de\/#\/schema\/logo\/image\/\",\"url\":\"https:\/\/frontaliers-grandest.eu\/wp-content\/uploads\/2025\/07\/260328234_2966785176920310_3332838526503858160_n.jpg\",\"contentUrl\":\"https:\/\/frontaliers-grandest.eu\/wp-content\/uploads\/2025\/07\/260328234_2966785176920310_3332838526503858160_n.jpg\",\"width\":396,\"height\":396,\"caption\":\"Frontaliers Grand Est\"},\"image\":{\"@id\":\"https:\/\/frontaliers-grandest.eu\/de\/#\/schema\/logo\/image\/\"},\"sameAs\":[\"https:\/\/www.facebook.com\/frontaliers.GR.EST\/?locale=fr_FR\"]}]}<\/script>\n<!-- \/ Yoast SEO plugin. -->","yoast_head_json":{"title":"Steuerliche schritte f\u00fcr arbeitnehmer in Deutschland","description":"Arbeiten Sie in Deutschland und wohnen in Frankreich? Erfahren Sie alles \u00fcber Steuererkl\u00e4rungen, Abz\u00fcge und Freistellungsbescheinigungen f\u00fcr Grenzg\u00e4nger.","robots":{"index":"index","follow":"follow","max-snippet":"max-snippet:-1","max-image-preview":"max-image-preview:large","max-video-preview":"max-video-preview:-1"},"canonical":"https:\/\/frontaliers-grandest.eu\/de\/startseite\/grenzganger\/frankreich-deutschland\/besteuerung\/die-besteuerung\/welche-steuerrechtlichen-schritte-sind-erforderlich-wenn-ich-in-deutschland-arbeite\/","og_locale":"de_DE","og_type":"article","og_title":"Steuerliche schritte f\u00fcr arbeitnehmer in Deutschland","og_description":"Arbeiten Sie in Deutschland und wohnen in Frankreich? Erfahren Sie alles \u00fcber Steuererkl\u00e4rungen, Abz\u00fcge und Freistellungsbescheinigungen f\u00fcr Grenzg\u00e4nger.","og_url":"https:\/\/frontaliers-grandest.eu\/de\/startseite\/grenzganger\/frankreich-deutschland\/besteuerung\/die-besteuerung\/welche-steuerrechtlichen-schritte-sind-erforderlich-wenn-ich-in-deutschland-arbeite\/","og_site_name":"Frontaliers Grand Est","article_publisher":"https:\/\/www.facebook.com\/frontaliers.GR.EST\/?locale=fr_FR","article_modified_time":"2024-07-25T09:14:57+00:00","twitter_card":"summary_large_image","twitter_misc":{"Gesch\u00e4tzte Lesezeit":"2\u00a0Minuten"},"schema":{"@context":"https:\/\/schema.org","@graph":[{"@type":"WebPage","@id":"https:\/\/frontaliers-grandest.eu\/de\/startseite\/grenzganger\/frankreich-deutschland\/besteuerung\/die-besteuerung\/welche-steuerrechtlichen-schritte-sind-erforderlich-wenn-ich-in-deutschland-arbeite\/","url":"https:\/\/frontaliers-grandest.eu\/de\/startseite\/grenzganger\/frankreich-deutschland\/besteuerung\/die-besteuerung\/welche-steuerrechtlichen-schritte-sind-erforderlich-wenn-ich-in-deutschland-arbeite\/","name":"Steuerliche schritte f\u00fcr arbeitnehmer in Deutschland","isPartOf":{"@id":"https:\/\/frontaliers-grandest.eu\/de\/#website"},"datePublished":"2021-06-04T11:30:21+00:00","dateModified":"2024-07-25T09:14:57+00:00","description":"Arbeiten Sie in Deutschland und wohnen in Frankreich? Erfahren Sie alles \u00fcber Steuererkl\u00e4rungen, Abz\u00fcge und Freistellungsbescheinigungen f\u00fcr Grenzg\u00e4nger.","breadcrumb":{"@id":"https:\/\/frontaliers-grandest.eu\/de\/startseite\/grenzganger\/frankreich-deutschland\/besteuerung\/die-besteuerung\/welche-steuerrechtlichen-schritte-sind-erforderlich-wenn-ich-in-deutschland-arbeite\/#breadcrumb"},"inLanguage":"de","potentialAction":[{"@type":"ReadAction","target":["https:\/\/frontaliers-grandest.eu\/de\/startseite\/grenzganger\/frankreich-deutschland\/besteuerung\/die-besteuerung\/welche-steuerrechtlichen-schritte-sind-erforderlich-wenn-ich-in-deutschland-arbeite\/"]}]},{"@type":"BreadcrumbList","@id":"https:\/\/frontaliers-grandest.eu\/de\/startseite\/grenzganger\/frankreich-deutschland\/besteuerung\/die-besteuerung\/welche-steuerrechtlichen-schritte-sind-erforderlich-wenn-ich-in-deutschland-arbeite\/#breadcrumb","itemListElement":[{"@type":"ListItem","position":1,"name":"Startseite","item":"https:\/\/frontaliers-grandest.eu\/de\/"},{"@type":"ListItem","position":2,"name":"Grenzg\u00e4nger","item":"https:\/\/frontaliers-grandest.eu\/de\/startseite\/grenzganger\/"},{"@type":"ListItem","position":3,"name":"Frankreich - Deutschland","item":"https:\/\/frontaliers-grandest.eu\/de\/startseite\/grenzganger\/frankreich-deutschland\/"},{"@type":"ListItem","position":4,"name":"Besteuerung in Deutschland","item":"https:\/\/frontaliers-grandest.eu\/de\/startseite\/grenzganger\/frankreich-deutschland\/besteuerung\/"},{"@type":"ListItem","position":5,"name":"Die Besteuerung","item":"https:\/\/frontaliers-grandest.eu\/de\/?page_id=8025"},{"@type":"ListItem","position":6,"name":"Welche steuerrechtlichen Schritte sind erforderlich, wenn ich in Deutschland arbeite?"}]},{"@type":"WebSite","@id":"https:\/\/frontaliers-grandest.eu\/de\/#website","url":"https:\/\/frontaliers-grandest.eu\/de\/","name":"Frontaliers Grand Est","description":"Le site ressource du travail frontalier","publisher":{"@id":"https:\/\/frontaliers-grandest.eu\/de\/#organization"},"alternateName":"Frontaliers Grand Est","potentialAction":[{"@type":"SearchAction","target":{"@type":"EntryPoint","urlTemplate":"https:\/\/frontaliers-grandest.eu\/de\/?s={search_term_string}"},"query-input":{"@type":"PropertyValueSpecification","valueRequired":true,"valueName":"search_term_string"}}],"inLanguage":"de"},{"@type":"Organization","@id":"https:\/\/frontaliers-grandest.eu\/de\/#organization","name":"Frontaliers Grand Est","alternateName":"Frontaliers Grand Est","url":"https:\/\/frontaliers-grandest.eu\/de\/","logo":{"@type":"ImageObject","inLanguage":"de","@id":"https:\/\/frontaliers-grandest.eu\/de\/#\/schema\/logo\/image\/","url":"https:\/\/frontaliers-grandest.eu\/wp-content\/uploads\/2025\/07\/260328234_2966785176920310_3332838526503858160_n.jpg","contentUrl":"https:\/\/frontaliers-grandest.eu\/wp-content\/uploads\/2025\/07\/260328234_2966785176920310_3332838526503858160_n.jpg","width":396,"height":396,"caption":"Frontaliers Grand Est"},"image":{"@id":"https:\/\/frontaliers-grandest.eu\/de\/#\/schema\/logo\/image\/"},"sameAs":["https:\/\/www.facebook.com\/frontaliers.GR.EST\/?locale=fr_FR"]}]}},"frge_page_order":0,"_links":{"self":[{"href":"https:\/\/frontaliers-grandest.eu\/de\/wp-json\/wp\/v2\/pages\/8047","targetHints":{"allow":["GET"]}}],"collection":[{"href":"https:\/\/frontaliers-grandest.eu\/de\/wp-json\/wp\/v2\/pages"}],"about":[{"href":"https:\/\/frontaliers-grandest.eu\/de\/wp-json\/wp\/v2\/types\/page"}],"author":[{"embeddable":true,"href":"https:\/\/frontaliers-grandest.eu\/de\/wp-json\/wp\/v2\/users\/7"}],"replies":[{"embeddable":true,"href":"https:\/\/frontaliers-grandest.eu\/de\/wp-json\/wp\/v2\/comments?post=8047"}],"version-history":[{"count":1,"href":"https:\/\/frontaliers-grandest.eu\/de\/wp-json\/wp\/v2\/pages\/8047\/revisions"}],"predecessor-version":[{"id":8048,"href":"https:\/\/frontaliers-grandest.eu\/de\/wp-json\/wp\/v2\/pages\/8047\/revisions\/8048"}],"up":[{"embeddable":true,"href":"https:\/\/frontaliers-grandest.eu\/de\/wp-json\/wp\/v2\/pages\/8025"}],"wp:attachment":[{"href":"https:\/\/frontaliers-grandest.eu\/de\/wp-json\/wp\/v2\/media?parent=8047"}],"wp:term":[{"taxonomy":"post_tag","embeddable":true,"href":"https:\/\/frontaliers-grandest.eu\/de\/wp-json\/wp\/v2\/tags?post=8047"},{"taxonomy":"frge_profile","embeddable":true,"href":"https:\/\/frontaliers-grandest.eu\/de\/wp-json\/wp\/v2\/frge_profile?post=8047"}],"curies":[{"name":"wp","href":"https:\/\/api.w.org\/{rel}","templated":true}]}}