{"id":8006,"date":"2021-06-03T16:03:30","date_gmt":"2021-06-03T14:03:30","guid":{"rendered":"https:\/\/frontaliers-grandest.eu\/?page_id=8006"},"modified":"2022-11-30T11:22:33","modified_gmt":"2022-11-30T10:22:33","slug":"sie-haben-einen-minijob","status":"publish","type":"page","link":"https:\/\/frontaliers-grandest.eu\/de\/startseite\/grenzganger\/frankreich-deutschland\/arbeitsrecht\/der-arbeitsvertrag\/sie-haben-einen-minijob\/","title":{"rendered":"Sie haben einen Minijob"},"content":{"rendered":"\n<h4 class=\"wp-block-heading\"><strong>D\u00e9finition<\/strong><\/h4>\n\n\n\n<p><strong>Eine Besch\u00e4ftigung wird dann als Minijob betrachtet<\/strong>, wenn das monatliche Einkommen aus dieser Arbeit<strong>\u00a0520 \u20ac nicht \u00fcbersteigt<\/strong>. Bei dieser Art von Arbeitsverh\u00e4ltnis zahlt der Arbeitgeber einen Pauschalbetrag von 31,28\u00a0% an Abgaben an die Minijob-Zentrale, die Deutsche Rentenversicherung Knappschaft-Bahn-See.<\/p>\n\n\n\n<p>Diese Abgaben setzen sich zusammen aus 13\u00a0% Krankenversicherungspauschale, 15\u00a0% Rentenversicherungspauschale und 2\u00a0% Pauschale f\u00fcr Steuern und 1,28% f\u00fcr andere Abgaben<\/p>\n\n\n\n<p><strong>Minijobs in Haushalten<\/strong><br>Die Beitragspauschale f\u00fcr den Arbeitgeber ist niedriger 14,79% (5 % f\u00fcr die Krankenversicherung, 5 % f\u00fcr die Altersversicherung, 1,6 % f\u00fcr die Unfallversicherung, 2 % f\u00fcr die Steuern und 1,19 % sonstige Beitr\u00e4ge, die die Kosten des Arbeitgebers ausgleichen (Krankheit, Mutterschaft usw.).<\/p>\n\n\n\n<h4 class=\"wp-block-heading\"><strong>Altersversicherung und Minijob<\/strong><\/h4>\n\n\n\n<p>Alle Arbeitnehmer, die im Rahmen eines Mini-Job eingesetzt werden,&nbsp;<strong>unterliegen zur Rentenversicherung.<\/strong><\/p>\n\n\n\n<p>Der Arbeitgeber muss eine Pauschale von 15\u00a0% an die Minijob-Zentrale zahlen, wodurch minimale Rentenanspr\u00fcche entstehen. Ein Lohnrentenbeitrag (13,6% im Privathausalt \/ 3,6% im Gewerbe) wird zus\u00e4tzlich vom Arbeitgeber abgezogen hinzugef\u00fcgt.<\/p>\n\n\n\n<p>Der zus\u00e4tzliche Lohnrentenbeitrag (Arbeitnehmerbeitrag )&nbsp;<strong>erm\u00f6glicht es den Arbeitnehmern<\/strong>, die seit 2013 beigetragen haben,&nbsp;&nbsp;<strong>eine h\u00f6here Rente zu bekommen, und die vollen Rechte auf Altersversicherungsleistungen zu profitieren,<\/strong>&nbsp;zum Beispiel bei der Rehabilitation oder im Falle einer Behinderung.<\/p>\n\n\n\n<p>Es besteht eine M\u00f6glichkeit von der obligatorischen Rentenversicherung befreit werden; Dazu m\u00fcssen Sie Ihren Arbeitgeber informieren. Pr\u00fcfen Sie, ob Sie dabei keine Rechte. Z.b.<em>&nbsp;Verlust des Rechts auf eine Rehabilitierungsma\u03b2nahme oder auf eine Invalidenrente.<\/em><\/p>\n\n\n\n<p><strong>Hinweis f\u00fcr den Rentner:\u00a0<\/strong>Die Empf\u00e4nger von Vorruhestands- und voller Invalidenrente k\u00f6nnen im Rahmen der Aus\u00fcbung eines Mini-Jobs 520 \u20ac gewinnen ohne Verringerung oder Beseitigung ihrer Rente.<\/p>\n\n\n\n<p>Wenn sie einen Mini-Job aus\u00fcben<strong>, sind die Rentner von der obligatorischen Rentenversicherung befreit.<\/strong><\/p>\n\n\n\n<h4 class=\"wp-block-heading\"><strong>Steuern<\/strong><\/h4>\n\n\n\n<p>Die Steuern&nbsp;<strong>stellen 2 % des Pauschalbeitrags dar.<\/strong><\/p>\n\n\n\n<p><strong>Achtung:<\/strong>&nbsp;F\u00fcr Minijobs&nbsp;<strong>f\u00e4llt in Deutschland normalerweise keine Lohnsteuer an<\/strong>, Sie m\u00fcssen Ihr Arbeitsentgelt aber zusammen mit allen Eink\u00fcnften, die Sie in Frankreich erhalten, dem franz\u00f6sischen Finanzamt anzeigen (wenn Sie Ihre Steuern in Frankreich zahlen). Im franz\u00f6sischen Recht gibt es keine Minijobs.<\/p>\n\n\n\n<p>\u201eMinijobber\u201c&nbsp;<strong>haben Anspruch auf Feiertage, Urlaub&nbsp;<\/strong>(der nach Anzahl der Arbeitstage berechnet wird)<strong>&nbsp;und Mutterschaftsgeld.<\/strong><\/p>\n\n\n\n<p>F\u00fcr n\u00e4here Ausk\u00fcnfte k\u00f6nnen Sie sich an die Eures Berater anwenden.<\/p>\n","protected":false},"excerpt":{"rendered":"<p>D\u00e9finition Eine Besch\u00e4ftigung wird dann als Minijob betrachtet, wenn das monatliche Einkommen aus dieser Arbeit\u00a0520 \u20ac nicht \u00fcbersteigt. Bei dieser Art von Arbeitsverh\u00e4ltnis zahlt der Arbeitgeber einen Pauschalbetrag von 31,28\u00a0% an Abgaben an die Minijob-Zentrale, die Deutsche Rentenversicherung Knappschaft-Bahn-See. Diese Abgaben setzen sich zusammen aus 13\u00a0% Krankenversicherungspauschale, 15\u00a0% Rentenversicherungspauschale und 2\u00a0% Pauschale f\u00fcr Steuern und [&hellip;]<\/p>\n","protected":false},"author":7,"featured_media":0,"parent":7884,"menu_order":3,"comment_status":"closed","ping_status":"closed","template":"","meta":{"inline_featured_image":false,"footnotes":""},"tags":[],"frge_profile":[],"class_list":["post-8006","page","type-page","status-publish","hentry"],"yoast_head":"<!-- This site is optimized with the Yoast SEO plugin v27.1.1 - https:\/\/yoast.com\/product\/yoast-seo-wordpress\/ -->\n<title>Sie haben einen Minijob - Frontaliers Grand Est<\/title>\n<meta name=\"description\" content=\"Eine Besch\u00e4ftigung wird als Minijob bezeichnet, wenn der durchschnittliche Monatslohn nicht mehr als 520 \u20ac\/Monat betr\u00e4gt.\" \/>\n<meta name=\"robots\" content=\"index, follow, max-snippet:-1, max-image-preview:large, max-video-preview:-1\" \/>\n<link rel=\"canonical\" href=\"https:\/\/frontaliers-grandest.eu\/de\/startseite\/grenzganger\/frankreich-deutschland\/arbeitsrecht\/der-arbeitsvertrag\/sie-haben-einen-minijob\/\" \/>\n<meta property=\"og:locale\" content=\"de_DE\" \/>\n<meta property=\"og:type\" content=\"article\" \/>\n<meta property=\"og:title\" content=\"Sie haben einen Minijob - Frontaliers Grand Est\" \/>\n<meta property=\"og:description\" content=\"Eine Besch\u00e4ftigung wird als Minijob bezeichnet, wenn der durchschnittliche Monatslohn nicht mehr als 520 \u20ac\/Monat betr\u00e4gt.\" \/>\n<meta property=\"og:url\" content=\"https:\/\/frontaliers-grandest.eu\/de\/startseite\/grenzganger\/frankreich-deutschland\/arbeitsrecht\/der-arbeitsvertrag\/sie-haben-einen-minijob\/\" \/>\n<meta property=\"og:site_name\" content=\"Frontaliers Grand Est\" \/>\n<meta property=\"article:publisher\" content=\"https:\/\/www.facebook.com\/frontaliers.GR.EST\/?locale=fr_FR\" \/>\n<meta property=\"article:modified_time\" content=\"2022-11-30T10:22:33+00:00\" \/>\n<meta name=\"twitter:card\" content=\"summary_large_image\" \/>\n<meta name=\"twitter:label1\" content=\"Gesch\u00e4tzte Lesezeit\" \/>\n\t<meta name=\"twitter:data1\" content=\"2\u00a0Minuten\" \/>\n<script type=\"application\/ld+json\" class=\"yoast-schema-graph\">{\"@context\":\"https:\/\/schema.org\",\"@graph\":[{\"@type\":\"WebPage\",\"@id\":\"https:\/\/frontaliers-grandest.eu\/de\/startseite\/grenzganger\/frankreich-deutschland\/arbeitsrecht\/der-arbeitsvertrag\/sie-haben-einen-minijob\/\",\"url\":\"https:\/\/frontaliers-grandest.eu\/de\/startseite\/grenzganger\/frankreich-deutschland\/arbeitsrecht\/der-arbeitsvertrag\/sie-haben-einen-minijob\/\",\"name\":\"Sie haben einen Minijob - Frontaliers Grand Est\",\"isPartOf\":{\"@id\":\"https:\/\/frontaliers-grandest.eu\/de\/#website\"},\"datePublished\":\"2021-06-03T14:03:30+00:00\",\"dateModified\":\"2022-11-30T10:22:33+00:00\",\"description\":\"Eine Besch\u00e4ftigung wird als Minijob bezeichnet, wenn der durchschnittliche Monatslohn nicht mehr als 520 \u20ac\/Monat betr\u00e4gt.\",\"breadcrumb\":{\"@id\":\"https:\/\/frontaliers-grandest.eu\/de\/startseite\/grenzganger\/frankreich-deutschland\/arbeitsrecht\/der-arbeitsvertrag\/sie-haben-einen-minijob\/#breadcrumb\"},\"inLanguage\":\"de\",\"potentialAction\":[{\"@type\":\"ReadAction\",\"target\":[\"https:\/\/frontaliers-grandest.eu\/de\/startseite\/grenzganger\/frankreich-deutschland\/arbeitsrecht\/der-arbeitsvertrag\/sie-haben-einen-minijob\/\"]}]},{\"@type\":\"BreadcrumbList\",\"@id\":\"https:\/\/frontaliers-grandest.eu\/de\/startseite\/grenzganger\/frankreich-deutschland\/arbeitsrecht\/der-arbeitsvertrag\/sie-haben-einen-minijob\/#breadcrumb\",\"itemListElement\":[{\"@type\":\"ListItem\",\"position\":1,\"name\":\"Startseite\",\"item\":\"https:\/\/frontaliers-grandest.eu\/de\/\"},{\"@type\":\"ListItem\",\"position\":2,\"name\":\"Grenzg\u00e4nger\",\"item\":\"https:\/\/frontaliers-grandest.eu\/de\/startseite\/grenzganger\/\"},{\"@type\":\"ListItem\",\"position\":3,\"name\":\"Frankreich - Deutschland\",\"item\":\"https:\/\/frontaliers-grandest.eu\/de\/startseite\/grenzganger\/frankreich-deutschland\/\"},{\"@type\":\"ListItem\",\"position\":4,\"name\":\"Arbeitsrecht in Deutschland\",\"item\":\"https:\/\/frontaliers-grandest.eu\/de\/startseite\/grenzganger\/frankreich-deutschland\/arbeitsrecht\/\"},{\"@type\":\"ListItem\",\"position\":5,\"name\":\"Der Arbeitsvertrag\",\"item\":\"https:\/\/frontaliers-grandest.eu\/de\/startseite\/grenzganger\/frankreich-deutschland\/arbeitsrecht\/der-arbeitsvertrag\/\"},{\"@type\":\"ListItem\",\"position\":6,\"name\":\"Sie haben einen Minijob\"}]},{\"@type\":\"WebSite\",\"@id\":\"https:\/\/frontaliers-grandest.eu\/de\/#website\",\"url\":\"https:\/\/frontaliers-grandest.eu\/de\/\",\"name\":\"Frontaliers Grand Est\",\"description\":\"Le site ressource du travail frontalier\",\"publisher\":{\"@id\":\"https:\/\/frontaliers-grandest.eu\/de\/#organization\"},\"alternateName\":\"Frontaliers Grand Est\",\"potentialAction\":[{\"@type\":\"SearchAction\",\"target\":{\"@type\":\"EntryPoint\",\"urlTemplate\":\"https:\/\/frontaliers-grandest.eu\/de\/?s={search_term_string}\"},\"query-input\":{\"@type\":\"PropertyValueSpecification\",\"valueRequired\":true,\"valueName\":\"search_term_string\"}}],\"inLanguage\":\"de\"},{\"@type\":\"Organization\",\"@id\":\"https:\/\/frontaliers-grandest.eu\/de\/#organization\",\"name\":\"Frontaliers Grand Est\",\"alternateName\":\"Frontaliers Grand Est\",\"url\":\"https:\/\/frontaliers-grandest.eu\/de\/\",\"logo\":{\"@type\":\"ImageObject\",\"inLanguage\":\"de\",\"@id\":\"https:\/\/frontaliers-grandest.eu\/de\/#\/schema\/logo\/image\/\",\"url\":\"https:\/\/frontaliers-grandest.eu\/wp-content\/uploads\/2025\/07\/260328234_2966785176920310_3332838526503858160_n.jpg\",\"contentUrl\":\"https:\/\/frontaliers-grandest.eu\/wp-content\/uploads\/2025\/07\/260328234_2966785176920310_3332838526503858160_n.jpg\",\"width\":396,\"height\":396,\"caption\":\"Frontaliers Grand Est\"},\"image\":{\"@id\":\"https:\/\/frontaliers-grandest.eu\/de\/#\/schema\/logo\/image\/\"},\"sameAs\":[\"https:\/\/www.facebook.com\/frontaliers.GR.EST\/?locale=fr_FR\"]}]}<\/script>\n<!-- \/ Yoast SEO plugin. -->","yoast_head_json":{"title":"Sie haben einen Minijob - Frontaliers Grand Est","description":"Eine Besch\u00e4ftigung wird als Minijob bezeichnet, wenn der durchschnittliche Monatslohn nicht mehr als 520 \u20ac\/Monat betr\u00e4gt.","robots":{"index":"index","follow":"follow","max-snippet":"max-snippet:-1","max-image-preview":"max-image-preview:large","max-video-preview":"max-video-preview:-1"},"canonical":"https:\/\/frontaliers-grandest.eu\/de\/startseite\/grenzganger\/frankreich-deutschland\/arbeitsrecht\/der-arbeitsvertrag\/sie-haben-einen-minijob\/","og_locale":"de_DE","og_type":"article","og_title":"Sie haben einen Minijob - Frontaliers Grand Est","og_description":"Eine Besch\u00e4ftigung wird als Minijob bezeichnet, wenn der durchschnittliche Monatslohn nicht mehr als 520 \u20ac\/Monat betr\u00e4gt.","og_url":"https:\/\/frontaliers-grandest.eu\/de\/startseite\/grenzganger\/frankreich-deutschland\/arbeitsrecht\/der-arbeitsvertrag\/sie-haben-einen-minijob\/","og_site_name":"Frontaliers Grand Est","article_publisher":"https:\/\/www.facebook.com\/frontaliers.GR.EST\/?locale=fr_FR","article_modified_time":"2022-11-30T10:22:33+00:00","twitter_card":"summary_large_image","twitter_misc":{"Gesch\u00e4tzte Lesezeit":"2\u00a0Minuten"},"schema":{"@context":"https:\/\/schema.org","@graph":[{"@type":"WebPage","@id":"https:\/\/frontaliers-grandest.eu\/de\/startseite\/grenzganger\/frankreich-deutschland\/arbeitsrecht\/der-arbeitsvertrag\/sie-haben-einen-minijob\/","url":"https:\/\/frontaliers-grandest.eu\/de\/startseite\/grenzganger\/frankreich-deutschland\/arbeitsrecht\/der-arbeitsvertrag\/sie-haben-einen-minijob\/","name":"Sie haben einen Minijob - Frontaliers Grand Est","isPartOf":{"@id":"https:\/\/frontaliers-grandest.eu\/de\/#website"},"datePublished":"2021-06-03T14:03:30+00:00","dateModified":"2022-11-30T10:22:33+00:00","description":"Eine Besch\u00e4ftigung wird als Minijob bezeichnet, wenn der durchschnittliche Monatslohn nicht mehr als 520 \u20ac\/Monat betr\u00e4gt.","breadcrumb":{"@id":"https:\/\/frontaliers-grandest.eu\/de\/startseite\/grenzganger\/frankreich-deutschland\/arbeitsrecht\/der-arbeitsvertrag\/sie-haben-einen-minijob\/#breadcrumb"},"inLanguage":"de","potentialAction":[{"@type":"ReadAction","target":["https:\/\/frontaliers-grandest.eu\/de\/startseite\/grenzganger\/frankreich-deutschland\/arbeitsrecht\/der-arbeitsvertrag\/sie-haben-einen-minijob\/"]}]},{"@type":"BreadcrumbList","@id":"https:\/\/frontaliers-grandest.eu\/de\/startseite\/grenzganger\/frankreich-deutschland\/arbeitsrecht\/der-arbeitsvertrag\/sie-haben-einen-minijob\/#breadcrumb","itemListElement":[{"@type":"ListItem","position":1,"name":"Startseite","item":"https:\/\/frontaliers-grandest.eu\/de\/"},{"@type":"ListItem","position":2,"name":"Grenzg\u00e4nger","item":"https:\/\/frontaliers-grandest.eu\/de\/startseite\/grenzganger\/"},{"@type":"ListItem","position":3,"name":"Frankreich - Deutschland","item":"https:\/\/frontaliers-grandest.eu\/de\/startseite\/grenzganger\/frankreich-deutschland\/"},{"@type":"ListItem","position":4,"name":"Arbeitsrecht in Deutschland","item":"https:\/\/frontaliers-grandest.eu\/de\/startseite\/grenzganger\/frankreich-deutschland\/arbeitsrecht\/"},{"@type":"ListItem","position":5,"name":"Der Arbeitsvertrag","item":"https:\/\/frontaliers-grandest.eu\/de\/startseite\/grenzganger\/frankreich-deutschland\/arbeitsrecht\/der-arbeitsvertrag\/"},{"@type":"ListItem","position":6,"name":"Sie haben einen Minijob"}]},{"@type":"WebSite","@id":"https:\/\/frontaliers-grandest.eu\/de\/#website","url":"https:\/\/frontaliers-grandest.eu\/de\/","name":"Frontaliers Grand Est","description":"Le site ressource du travail frontalier","publisher":{"@id":"https:\/\/frontaliers-grandest.eu\/de\/#organization"},"alternateName":"Frontaliers Grand Est","potentialAction":[{"@type":"SearchAction","target":{"@type":"EntryPoint","urlTemplate":"https:\/\/frontaliers-grandest.eu\/de\/?s={search_term_string}"},"query-input":{"@type":"PropertyValueSpecification","valueRequired":true,"valueName":"search_term_string"}}],"inLanguage":"de"},{"@type":"Organization","@id":"https:\/\/frontaliers-grandest.eu\/de\/#organization","name":"Frontaliers Grand Est","alternateName":"Frontaliers Grand Est","url":"https:\/\/frontaliers-grandest.eu\/de\/","logo":{"@type":"ImageObject","inLanguage":"de","@id":"https:\/\/frontaliers-grandest.eu\/de\/#\/schema\/logo\/image\/","url":"https:\/\/frontaliers-grandest.eu\/wp-content\/uploads\/2025\/07\/260328234_2966785176920310_3332838526503858160_n.jpg","contentUrl":"https:\/\/frontaliers-grandest.eu\/wp-content\/uploads\/2025\/07\/260328234_2966785176920310_3332838526503858160_n.jpg","width":396,"height":396,"caption":"Frontaliers Grand Est"},"image":{"@id":"https:\/\/frontaliers-grandest.eu\/de\/#\/schema\/logo\/image\/"},"sameAs":["https:\/\/www.facebook.com\/frontaliers.GR.EST\/?locale=fr_FR"]}]}},"frge_page_order":0,"_links":{"self":[{"href":"https:\/\/frontaliers-grandest.eu\/de\/wp-json\/wp\/v2\/pages\/8006","targetHints":{"allow":["GET"]}}],"collection":[{"href":"https:\/\/frontaliers-grandest.eu\/de\/wp-json\/wp\/v2\/pages"}],"about":[{"href":"https:\/\/frontaliers-grandest.eu\/de\/wp-json\/wp\/v2\/types\/page"}],"author":[{"embeddable":true,"href":"https:\/\/frontaliers-grandest.eu\/de\/wp-json\/wp\/v2\/users\/7"}],"replies":[{"embeddable":true,"href":"https:\/\/frontaliers-grandest.eu\/de\/wp-json\/wp\/v2\/comments?post=8006"}],"version-history":[{"count":3,"href":"https:\/\/frontaliers-grandest.eu\/de\/wp-json\/wp\/v2\/pages\/8006\/revisions"}],"predecessor-version":[{"id":21840,"href":"https:\/\/frontaliers-grandest.eu\/de\/wp-json\/wp\/v2\/pages\/8006\/revisions\/21840"}],"up":[{"embeddable":true,"href":"https:\/\/frontaliers-grandest.eu\/de\/wp-json\/wp\/v2\/pages\/7884"}],"wp:attachment":[{"href":"https:\/\/frontaliers-grandest.eu\/de\/wp-json\/wp\/v2\/media?parent=8006"}],"wp:term":[{"taxonomy":"post_tag","embeddable":true,"href":"https:\/\/frontaliers-grandest.eu\/de\/wp-json\/wp\/v2\/tags?post=8006"},{"taxonomy":"frge_profile","embeddable":true,"href":"https:\/\/frontaliers-grandest.eu\/de\/wp-json\/wp\/v2\/frge_profile?post=8006"}],"curies":[{"name":"wp","href":"https:\/\/api.w.org\/{rel}","templated":true}]}}