{"id":7980,"date":"2021-05-31T16:21:01","date_gmt":"2021-05-31T14:21:01","guid":{"rendered":"https:\/\/frontaliers-grandest.eu\/?page_id=7980"},"modified":"2026-03-12T11:11:57","modified_gmt":"2026-03-12T10:11:57","slug":"kundigung-des-vetrags-wahrend-der-probezeit","status":"publish","type":"page","link":"https:\/\/frontaliers-grandest.eu\/de\/startseite\/grenzganger\/frankreich-deutschland\/arbeitsrecht\/die-kundigung-des-arbeitsvertrags\/kundigung-des-vetrags-wahrend-der-probezeit\/","title":{"rendered":"K\u00fcndigung des Vetrags w\u00e4hrend der Probezeit"},"content":{"rendered":"\n<p>Die Probezeit gibt Ihnen die M\u00f6glichkeit, Ihre Zufriedenheit mit dem neuen Arbeitsplatz zu beurteilen, und dem Arbeitgeber, Ihre Kompetenzen zu bewerten. Eine Probezeit ist nur dann m\u00f6glich, wenn sie in Ihrem Arbeitsvertrag vorgesehen ist oder wenn sich Ihr Arbeitsvertrag diesbez\u00fcglich auf einen Tarifvertrag bezieht.<\/p>\n\n\n\n<p>Je nach den Bestimmungen des f\u00fcr Sie geltenden Tarifvertrags liegt die Dauer der Probezeit normalerweise zwischen einem und sechs Monaten. Gibt es keinen anwendbaren Tarifvertrag, kann Ihr Arbeitgeber im Arbeitsvertrag eine bestimmte Dauer der Probezeit festlegen. Nach deutschem Recht darf die Probezeit in der Regel jedoch <strong>h\u00f6chstens sechs Monate<\/strong> betragen.<\/p>\n\n\n\n<p>W\u00e4hrend einer Probezeit von bis zu sechs Monaten kann das Arbeitsverh\u00e4ltnis sowohl vom Arbeitnehmer als auch vom Arbeitgeber <strong>mit einer Frist von zwei Wochen<\/strong> gek\u00fcndigt werden. Diese K\u00fcndigung kann jederzeit erfolgen und muss grunds\u00e4tzlich nicht begr\u00fcndet werden.<\/p>\n\n\n\n<p>Nach Ablauf von sechs Monaten gelten die <strong>gesetzlichen K\u00fcndigungsfristen<\/strong>. In der Regel betr\u00e4gt die K\u00fcndigungsfrist dann <strong>vier Wochen zum 15. oder zum Ende eines Kalendermonats<\/strong>, sofern im Arbeitsvertrag oder in einem Tarifvertrag nichts anderes vorgesehen ist.<\/p>\n\n\n\n<p>Die in einem Tarifvertrag festgelegten K\u00fcndigungsfristen k\u00f6nnen von den gesetzlichen Bestimmungen abweichen. Auch im Arbeitsvertrag kann eine l\u00e4ngere K\u00fcndigungsfrist vereinbart werden.<\/p>\n\n\n\n<p>Unabh\u00e4ngig von der Probezeit besteht f\u00fcr beide Parteien die M\u00f6glichkeit, das Arbeitsverh\u00e4ltnis <strong>bei Vorliegen eines wichtigen Grundes fristlos zu k\u00fcndigen<\/strong>, beispielsweise im Falle einer schweren Pflichtverletzung.<\/p>\n","protected":false},"excerpt":{"rendered":"<p>Die Probezeit gibt Ihnen die M\u00f6glichkeit, Ihre Zufriedenheit mit dem neuen Arbeitsplatz zu beurteilen, und dem Arbeitgeber, Ihre Kompetenzen zu bewerten. Eine Probezeit ist nur dann m\u00f6glich, wenn sie in Ihrem Arbeitsvertrag vorgesehen ist oder wenn sich Ihr Arbeitsvertrag diesbez\u00fcglich auf einen Tarifvertrag bezieht. Je nach den Bestimmungen des f\u00fcr Sie geltenden Tarifvertrags liegt die [&hellip;]<\/p>\n","protected":false},"author":7,"featured_media":0,"parent":7882,"menu_order":0,"comment_status":"closed","ping_status":"closed","template":"","meta":{"inline_featured_image":false,"footnotes":""},"tags":[461,432,517,879],"frge_profile":[],"class_list":["post-7980","page","type-page","status-publish","hentry","tag-arbeitnehmer","tag-deutschland","tag-grengaenger","tag-probezeit"],"yoast_head":"<!-- This site is optimized with the Yoast SEO plugin v27.1.1 - https:\/\/yoast.com\/product\/yoast-seo-wordpress\/ -->\n<title>K\u00fcndigung des Vetrags w\u00e4hrend der Probezeit - Frontaliers Grand Est<\/title>\n<meta name=\"description\" content=\"Probezeit in Deutschland: Dauer, Voraussetzungen und K\u00fcndigungsfristen. \u00dcberblick \u00fcber Rechte w\u00e4hrend der Probezeit\" \/>\n<meta name=\"robots\" content=\"index, follow, max-snippet:-1, max-image-preview:large, max-video-preview:-1\" \/>\n<link rel=\"canonical\" href=\"https:\/\/frontaliers-grandest.eu\/de\/startseite\/grenzganger\/frankreich-deutschland\/arbeitsrecht\/die-kundigung-des-arbeitsvertrags\/kundigung-des-vetrags-wahrend-der-probezeit\/\" \/>\n<meta property=\"og:locale\" content=\"de_DE\" \/>\n<meta property=\"og:type\" content=\"article\" \/>\n<meta property=\"og:title\" content=\"K\u00fcndigung des Vetrags w\u00e4hrend der Probezeit - Frontaliers Grand Est\" \/>\n<meta property=\"og:description\" content=\"Probezeit in Deutschland: Dauer, Voraussetzungen und K\u00fcndigungsfristen. \u00dcberblick \u00fcber Rechte w\u00e4hrend der Probezeit\" \/>\n<meta property=\"og:url\" content=\"https:\/\/frontaliers-grandest.eu\/de\/startseite\/grenzganger\/frankreich-deutschland\/arbeitsrecht\/die-kundigung-des-arbeitsvertrags\/kundigung-des-vetrags-wahrend-der-probezeit\/\" \/>\n<meta property=\"og:site_name\" content=\"Frontaliers Grand Est\" \/>\n<meta property=\"article:publisher\" content=\"https:\/\/www.facebook.com\/frontaliers.GR.EST\/?locale=fr_FR\" \/>\n<meta property=\"article:modified_time\" content=\"2026-03-12T10:11:57+00:00\" \/>\n<meta name=\"twitter:card\" content=\"summary_large_image\" \/>\n<meta name=\"twitter:label1\" content=\"Gesch\u00e4tzte Lesezeit\" \/>\n\t<meta name=\"twitter:data1\" content=\"2\u00a0Minuten\" \/>\n<script type=\"application\/ld+json\" class=\"yoast-schema-graph\">{\"@context\":\"https:\/\/schema.org\",\"@graph\":[{\"@type\":\"WebPage\",\"@id\":\"https:\/\/frontaliers-grandest.eu\/de\/startseite\/grenzganger\/frankreich-deutschland\/arbeitsrecht\/die-kundigung-des-arbeitsvertrags\/kundigung-des-vetrags-wahrend-der-probezeit\/\",\"url\":\"https:\/\/frontaliers-grandest.eu\/de\/startseite\/grenzganger\/frankreich-deutschland\/arbeitsrecht\/die-kundigung-des-arbeitsvertrags\/kundigung-des-vetrags-wahrend-der-probezeit\/\",\"name\":\"K\u00fcndigung des Vetrags w\u00e4hrend der Probezeit - Frontaliers Grand Est\",\"isPartOf\":{\"@id\":\"https:\/\/frontaliers-grandest.eu\/de\/#website\"},\"datePublished\":\"2021-05-31T14:21:01+00:00\",\"dateModified\":\"2026-03-12T10:11:57+00:00\",\"description\":\"Probezeit in Deutschland: Dauer, Voraussetzungen und K\u00fcndigungsfristen. \u00dcberblick \u00fcber Rechte w\u00e4hrend der Probezeit\",\"breadcrumb\":{\"@id\":\"https:\/\/frontaliers-grandest.eu\/de\/startseite\/grenzganger\/frankreich-deutschland\/arbeitsrecht\/die-kundigung-des-arbeitsvertrags\/kundigung-des-vetrags-wahrend-der-probezeit\/#breadcrumb\"},\"inLanguage\":\"de\",\"potentialAction\":[{\"@type\":\"ReadAction\",\"target\":[\"https:\/\/frontaliers-grandest.eu\/de\/startseite\/grenzganger\/frankreich-deutschland\/arbeitsrecht\/die-kundigung-des-arbeitsvertrags\/kundigung-des-vetrags-wahrend-der-probezeit\/\"]}]},{\"@type\":\"BreadcrumbList\",\"@id\":\"https:\/\/frontaliers-grandest.eu\/de\/startseite\/grenzganger\/frankreich-deutschland\/arbeitsrecht\/die-kundigung-des-arbeitsvertrags\/kundigung-des-vetrags-wahrend-der-probezeit\/#breadcrumb\",\"itemListElement\":[{\"@type\":\"ListItem\",\"position\":1,\"name\":\"Startseite\",\"item\":\"https:\/\/frontaliers-grandest.eu\/de\/\"},{\"@type\":\"ListItem\",\"position\":2,\"name\":\"Grenzg\u00e4nger\",\"item\":\"https:\/\/frontaliers-grandest.eu\/de\/startseite\/grenzganger\/\"},{\"@type\":\"ListItem\",\"position\":3,\"name\":\"Frankreich - Deutschland\",\"item\":\"https:\/\/frontaliers-grandest.eu\/de\/startseite\/grenzganger\/frankreich-deutschland\/\"},{\"@type\":\"ListItem\",\"position\":4,\"name\":\"Arbeitsrecht in Deutschland\",\"item\":\"https:\/\/frontaliers-grandest.eu\/de\/startseite\/grenzganger\/frankreich-deutschland\/arbeitsrecht\/\"},{\"@type\":\"ListItem\",\"position\":5,\"name\":\"Die K\u00fcndigung des Arbeitsvertrags\",\"item\":\"https:\/\/frontaliers-grandest.eu\/de\/startseite\/grenzganger\/frankreich-deutschland\/arbeitsrecht\/die-kundigung-des-arbeitsvertrags\/\"},{\"@type\":\"ListItem\",\"position\":6,\"name\":\"K\u00fcndigung des Vetrags w\u00e4hrend der Probezeit\"}]},{\"@type\":\"WebSite\",\"@id\":\"https:\/\/frontaliers-grandest.eu\/de\/#website\",\"url\":\"https:\/\/frontaliers-grandest.eu\/de\/\",\"name\":\"Frontaliers Grand Est\",\"description\":\"Le site ressource du travail frontalier\",\"publisher\":{\"@id\":\"https:\/\/frontaliers-grandest.eu\/de\/#organization\"},\"alternateName\":\"Frontaliers Grand Est\",\"potentialAction\":[{\"@type\":\"SearchAction\",\"target\":{\"@type\":\"EntryPoint\",\"urlTemplate\":\"https:\/\/frontaliers-grandest.eu\/de\/?s={search_term_string}\"},\"query-input\":{\"@type\":\"PropertyValueSpecification\",\"valueRequired\":true,\"valueName\":\"search_term_string\"}}],\"inLanguage\":\"de\"},{\"@type\":\"Organization\",\"@id\":\"https:\/\/frontaliers-grandest.eu\/de\/#organization\",\"name\":\"Frontaliers Grand Est\",\"alternateName\":\"Frontaliers Grand Est\",\"url\":\"https:\/\/frontaliers-grandest.eu\/de\/\",\"logo\":{\"@type\":\"ImageObject\",\"inLanguage\":\"de\",\"@id\":\"https:\/\/frontaliers-grandest.eu\/de\/#\/schema\/logo\/image\/\",\"url\":\"https:\/\/frontaliers-grandest.eu\/wp-content\/uploads\/2025\/07\/260328234_2966785176920310_3332838526503858160_n.jpg\",\"contentUrl\":\"https:\/\/frontaliers-grandest.eu\/wp-content\/uploads\/2025\/07\/260328234_2966785176920310_3332838526503858160_n.jpg\",\"width\":396,\"height\":396,\"caption\":\"Frontaliers Grand Est\"},\"image\":{\"@id\":\"https:\/\/frontaliers-grandest.eu\/de\/#\/schema\/logo\/image\/\"},\"sameAs\":[\"https:\/\/www.facebook.com\/frontaliers.GR.EST\/?locale=fr_FR\"]}]}<\/script>\n<!-- \/ Yoast SEO plugin. -->","yoast_head_json":{"title":"K\u00fcndigung des Vetrags w\u00e4hrend der Probezeit - Frontaliers Grand Est","description":"Probezeit in Deutschland: Dauer, Voraussetzungen und K\u00fcndigungsfristen. \u00dcberblick \u00fcber Rechte w\u00e4hrend der Probezeit","robots":{"index":"index","follow":"follow","max-snippet":"max-snippet:-1","max-image-preview":"max-image-preview:large","max-video-preview":"max-video-preview:-1"},"canonical":"https:\/\/frontaliers-grandest.eu\/de\/startseite\/grenzganger\/frankreich-deutschland\/arbeitsrecht\/die-kundigung-des-arbeitsvertrags\/kundigung-des-vetrags-wahrend-der-probezeit\/","og_locale":"de_DE","og_type":"article","og_title":"K\u00fcndigung des Vetrags w\u00e4hrend der Probezeit - Frontaliers Grand Est","og_description":"Probezeit in Deutschland: Dauer, Voraussetzungen und K\u00fcndigungsfristen. \u00dcberblick \u00fcber Rechte w\u00e4hrend der Probezeit","og_url":"https:\/\/frontaliers-grandest.eu\/de\/startseite\/grenzganger\/frankreich-deutschland\/arbeitsrecht\/die-kundigung-des-arbeitsvertrags\/kundigung-des-vetrags-wahrend-der-probezeit\/","og_site_name":"Frontaliers Grand Est","article_publisher":"https:\/\/www.facebook.com\/frontaliers.GR.EST\/?locale=fr_FR","article_modified_time":"2026-03-12T10:11:57+00:00","twitter_card":"summary_large_image","twitter_misc":{"Gesch\u00e4tzte Lesezeit":"2\u00a0Minuten"},"schema":{"@context":"https:\/\/schema.org","@graph":[{"@type":"WebPage","@id":"https:\/\/frontaliers-grandest.eu\/de\/startseite\/grenzganger\/frankreich-deutschland\/arbeitsrecht\/die-kundigung-des-arbeitsvertrags\/kundigung-des-vetrags-wahrend-der-probezeit\/","url":"https:\/\/frontaliers-grandest.eu\/de\/startseite\/grenzganger\/frankreich-deutschland\/arbeitsrecht\/die-kundigung-des-arbeitsvertrags\/kundigung-des-vetrags-wahrend-der-probezeit\/","name":"K\u00fcndigung des Vetrags w\u00e4hrend der Probezeit - Frontaliers Grand Est","isPartOf":{"@id":"https:\/\/frontaliers-grandest.eu\/de\/#website"},"datePublished":"2021-05-31T14:21:01+00:00","dateModified":"2026-03-12T10:11:57+00:00","description":"Probezeit in Deutschland: Dauer, Voraussetzungen und K\u00fcndigungsfristen. \u00dcberblick \u00fcber Rechte w\u00e4hrend der Probezeit","breadcrumb":{"@id":"https:\/\/frontaliers-grandest.eu\/de\/startseite\/grenzganger\/frankreich-deutschland\/arbeitsrecht\/die-kundigung-des-arbeitsvertrags\/kundigung-des-vetrags-wahrend-der-probezeit\/#breadcrumb"},"inLanguage":"de","potentialAction":[{"@type":"ReadAction","target":["https:\/\/frontaliers-grandest.eu\/de\/startseite\/grenzganger\/frankreich-deutschland\/arbeitsrecht\/die-kundigung-des-arbeitsvertrags\/kundigung-des-vetrags-wahrend-der-probezeit\/"]}]},{"@type":"BreadcrumbList","@id":"https:\/\/frontaliers-grandest.eu\/de\/startseite\/grenzganger\/frankreich-deutschland\/arbeitsrecht\/die-kundigung-des-arbeitsvertrags\/kundigung-des-vetrags-wahrend-der-probezeit\/#breadcrumb","itemListElement":[{"@type":"ListItem","position":1,"name":"Startseite","item":"https:\/\/frontaliers-grandest.eu\/de\/"},{"@type":"ListItem","position":2,"name":"Grenzg\u00e4nger","item":"https:\/\/frontaliers-grandest.eu\/de\/startseite\/grenzganger\/"},{"@type":"ListItem","position":3,"name":"Frankreich - Deutschland","item":"https:\/\/frontaliers-grandest.eu\/de\/startseite\/grenzganger\/frankreich-deutschland\/"},{"@type":"ListItem","position":4,"name":"Arbeitsrecht in Deutschland","item":"https:\/\/frontaliers-grandest.eu\/de\/startseite\/grenzganger\/frankreich-deutschland\/arbeitsrecht\/"},{"@type":"ListItem","position":5,"name":"Die K\u00fcndigung des Arbeitsvertrags","item":"https:\/\/frontaliers-grandest.eu\/de\/startseite\/grenzganger\/frankreich-deutschland\/arbeitsrecht\/die-kundigung-des-arbeitsvertrags\/"},{"@type":"ListItem","position":6,"name":"K\u00fcndigung des Vetrags w\u00e4hrend der Probezeit"}]},{"@type":"WebSite","@id":"https:\/\/frontaliers-grandest.eu\/de\/#website","url":"https:\/\/frontaliers-grandest.eu\/de\/","name":"Frontaliers Grand Est","description":"Le site ressource du travail frontalier","publisher":{"@id":"https:\/\/frontaliers-grandest.eu\/de\/#organization"},"alternateName":"Frontaliers Grand Est","potentialAction":[{"@type":"SearchAction","target":{"@type":"EntryPoint","urlTemplate":"https:\/\/frontaliers-grandest.eu\/de\/?s={search_term_string}"},"query-input":{"@type":"PropertyValueSpecification","valueRequired":true,"valueName":"search_term_string"}}],"inLanguage":"de"},{"@type":"Organization","@id":"https:\/\/frontaliers-grandest.eu\/de\/#organization","name":"Frontaliers Grand Est","alternateName":"Frontaliers Grand Est","url":"https:\/\/frontaliers-grandest.eu\/de\/","logo":{"@type":"ImageObject","inLanguage":"de","@id":"https:\/\/frontaliers-grandest.eu\/de\/#\/schema\/logo\/image\/","url":"https:\/\/frontaliers-grandest.eu\/wp-content\/uploads\/2025\/07\/260328234_2966785176920310_3332838526503858160_n.jpg","contentUrl":"https:\/\/frontaliers-grandest.eu\/wp-content\/uploads\/2025\/07\/260328234_2966785176920310_3332838526503858160_n.jpg","width":396,"height":396,"caption":"Frontaliers Grand Est"},"image":{"@id":"https:\/\/frontaliers-grandest.eu\/de\/#\/schema\/logo\/image\/"},"sameAs":["https:\/\/www.facebook.com\/frontaliers.GR.EST\/?locale=fr_FR"]}]}},"frge_page_order":"0","_links":{"self":[{"href":"https:\/\/frontaliers-grandest.eu\/de\/wp-json\/wp\/v2\/pages\/7980","targetHints":{"allow":["GET"]}}],"collection":[{"href":"https:\/\/frontaliers-grandest.eu\/de\/wp-json\/wp\/v2\/pages"}],"about":[{"href":"https:\/\/frontaliers-grandest.eu\/de\/wp-json\/wp\/v2\/types\/page"}],"author":[{"embeddable":true,"href":"https:\/\/frontaliers-grandest.eu\/de\/wp-json\/wp\/v2\/users\/7"}],"replies":[{"embeddable":true,"href":"https:\/\/frontaliers-grandest.eu\/de\/wp-json\/wp\/v2\/comments?post=7980"}],"version-history":[{"count":2,"href":"https:\/\/frontaliers-grandest.eu\/de\/wp-json\/wp\/v2\/pages\/7980\/revisions"}],"predecessor-version":[{"id":58391,"href":"https:\/\/frontaliers-grandest.eu\/de\/wp-json\/wp\/v2\/pages\/7980\/revisions\/58391"}],"up":[{"embeddable":true,"href":"https:\/\/frontaliers-grandest.eu\/de\/wp-json\/wp\/v2\/pages\/7882"}],"wp:attachment":[{"href":"https:\/\/frontaliers-grandest.eu\/de\/wp-json\/wp\/v2\/media?parent=7980"}],"wp:term":[{"taxonomy":"post_tag","embeddable":true,"href":"https:\/\/frontaliers-grandest.eu\/de\/wp-json\/wp\/v2\/tags?post=7980"},{"taxonomy":"frge_profile","embeddable":true,"href":"https:\/\/frontaliers-grandest.eu\/de\/wp-json\/wp\/v2\/frge_profile?post=7980"}],"curies":[{"name":"wp","href":"https:\/\/api.w.org\/{rel}","templated":true}]}}