{"id":7978,"date":"2021-05-31T16:19:19","date_gmt":"2021-05-31T14:19:19","guid":{"rendered":"https:\/\/frontaliers-grandest.eu\/?page_id=7978"},"modified":"2026-02-24T08:50:09","modified_gmt":"2026-02-24T07:50:09","slug":"forderung-der-berufstatigkeit-von-menschen-mit-behinderung","status":"publish","type":"page","link":"https:\/\/frontaliers-grandest.eu\/de\/startseite\/grenzganger\/frankreich-deutschland\/arbeitsrecht\/behinderung-und-arbeit-in-deutschland\/forderung-der-berufstatigkeit-von-menschen-mit-behinderung\/","title":{"rendered":"Ma\u00dfnahmen zur F\u00f6rderung der Berufst\u00e4tigkeit von Menschen mit Behinderung"},"content":{"rendered":"\n<p>Der deutsche Gesetzgeber f\u00fchrte im neunten Buch des Sozialgesetzbuchs (SGB IX), das am 1. Juli 2001 in Kraft trat, den&nbsp;<strong>Grundsatz des Diskriminierungsverbots<\/strong>&nbsp;ein, der sowohl f\u00fcr das Leben in der Gesellschaft als auch f\u00fcr das Arbeitsleben gilt. Daraus folgt, dass behinderte Arbeitnehmer gleich behandelt werden m\u00fcssen, wie alle anderen.&nbsp;<strong>Das Gesetz f\u00fchrt auch den Grundsatz der Teilhabe der behinderten Menschen am Erwerbsleben ein<\/strong>. Um dies zu f\u00f6rdern, gibt es entsprechend der Behinderung spezifische Ma\u00dfnahmen.<\/p>\n\n\n\n<h4 class=\"wp-block-heading\"><strong>Arbeitsentgelt und Urlaubstage<\/strong><\/h4>\n\n\n\n<p>Der behinderte Arbeitnehmer erh\u00e4lt entsprechend<strong>&nbsp;seinem Arbeitsvertrag und den geleisteten Arbeitsstunden das gleiche Arbeitsentgelt wie alle anderen Besch\u00e4ftigten.<\/strong>&nbsp;Hier muss betont werden, dass Rentenzahlungen oder Verg\u00fcnstigungen aufgrund der Behinderung nicht in die Berechnung des Arbeitsentgelts durch den Arbeitgeber einflie\u00dfen d\u00fcrfen.<\/p>\n\n\n\n<p>Schwerbehinderte haben Anspruch auf f\u00fcnf zus\u00e4tzliche Urlaubstage (bei Vollzeitbesch\u00e4ftigung).<\/p>\n\n\n\n<h4 class=\"wp-block-heading\"><strong>Werkst\u00e4tten f\u00fcr behinderte Menschen<\/strong><\/h4>\n\n\n\n<p>Erstes Ziel ist die&nbsp;<strong>Teilhabe der behinderten Arbeitnehmer am allgemeinen Arbeitsmarkt<\/strong>. Einige behinderte Menschen sind jedoch aufgrund der Art und Schwere ihrer Behinderung trotz aller verf\u00fcgbaren Hilfsmittel nicht oder nicht mehr in der Lage, am Arbeitsleben auf dem allgemeinen Arbeitsmarkt teilzunehmen. Die Werkst\u00e4tten werden von speziellen Einrichtungen betrieben und erm\u00f6glichen es, das von der Regierung gesetzte Ziel einer Teilhabe am Arbeitsleben zu erreichen.<\/p>\n\n\n\n<p>Die Werkst\u00e4tten haben die Aufgabe, den&nbsp;<strong>behinderten Menschen einen Berufsbildungs- oder Arbeitsplatz zur Verf\u00fcgung zu stellen<\/strong>.&nbsp;<strong>Das Arbeitsentgelt ist leistungsangemessen.<\/strong><\/p>\n\n\n\n<p>In WfbM wird kein Mindestlohn gezahlt. Die Personen erhalten ein <strong>Werkstatt-Entgeld<\/strong>, dass je nach Werkstatt variiert. Das Entgelt der Werkstattbesch\u00e4ftigten setzt sich aus mehreren Komponenten zusammen: Der<strong> Grundbetrag<\/strong> bel\u00e4uft sich derzeit auf 133 Euro und wird von der Bundesagentur f\u00fcr Arbeit gezahlt; hinzu kann eine<strong> leistungsbasierte Verg\u00fctung<\/strong> kommen. Das Durchschnittliche Arbeitsentgelt betrag in 2023 232 Euro monatlich.<\/p>\n\n\n\n<p><strong>F\u00fcr die Aufnahme in eine solche Werkstatt gibt es jedoch eine Bedingung, die erf\u00fcllt sein muss<\/strong>: Der betreffende Arbeitnehmer muss sp\u00e4testens nach einer absolvierten Ausbildung eine<strong>&nbsp;wirtschaftlich verwertbare Arbeit<\/strong>&nbsp;erbringen k\u00f6nnen. F\u00fcr Menschen, die die Voraussetzungen f\u00fcr die Arbeit in einer solchen Werkstatt nicht erf\u00fcllen, gibt es Tagesf\u00f6rderst\u00e4tten, in denen Ma\u00dfnahmen zur F\u00f6rderung der sozialen Integration und der Teilhabe am Leben in der Gesellschaft angeboten werden. Diese F\u00f6rderst\u00e4tten sind an die Werkst\u00e4tten angegliedert, um den \u00dcbergang in eine Werkstatt zu erleichtern.<\/p>\n\n\n\n<p>Die Werkst\u00e4tten sind bundesweit anerkannt und werden von der Bundesarbeitsgemeinschaft Werkst\u00e4tten f\u00fcr behinderte Menschen (BAG WfbM) vertreten, die alle neuen, die&nbsp;<strong>Werkst\u00e4tten betreffenden Ma\u00dfnahmen sowie Stellenanzeigen, Aus- und Weiterbildungsangebote und Veranstaltungstermine ver\u00f6ffentlicht. Website der Arbeitsgemeinschaft&nbsp;<\/strong>:&nbsp;<a href=\"https:\/\/www.bagwfbm.de\/\" target=\"_blank\" rel=\"noreferrer noopener\">https:\/\/www.bagwfbm.de\/<\/a>.<\/p>\n\n\n\n<h4 class=\"wp-block-heading\"><strong>Inklusionsvereinbarungen und Integrationsfachdienste<\/strong><\/h4>\n\n\n\n<p>Eine&nbsp;<strong>Inklusionsvereinbarung<\/strong>&nbsp;wird&nbsp;<strong>zwischen dem Arbeitgeber eines behinderten Arbeitnehmers und der Schwerbehindertenvertretung<\/strong>&nbsp;abgeschlossen. Der Arbeitsgeber kann das Integrationsamt seines Bundeslandes bitten, an den Verhandlungen teilzunehmen. In dieser Vereinbarung werden die begleitenden Ma\u00dfnahmen f\u00fcr die Integration des behinderten Arbeitnehmers in das Unternehmen festgelegt. Dazu geh\u00f6ren insbesondere&nbsp;<strong>die Gestaltung des Arbeitsplatzes, die Organisation der Arbeit selbst, die Arbeitszeiten<\/strong>&nbsp;etc.<\/p>\n\n\n\n<p>In den 2000er Jahren wurden&nbsp;<strong>Integrationsfachdienste<\/strong>&nbsp;eingerichtet. Ziel dieser Fachdienste ist es, die&nbsp;<strong>Chancen auf Teilhabe am Erwerbsleben von Menschen zu verbessern<\/strong>, die besondere Unterst\u00fctzung ben\u00f6tigen, um einen Arbeitsplatz zu erlangen und zu behalten. Zu ihren weiteren Aufgaben geh\u00f6ren die Beratung und Unterst\u00fctzung von Schwerbehinderten. Au\u00dferdem kommen sie auch dann zum Einsatz, wenn ein behinderter Arbeitnehmer von einer Werkstatt auf den allgemeinen Arbeitsmarkt wechselt.<\/p>\n\n\n\n<h4 class=\"wp-block-heading\"><strong>Besonderer K\u00fcndigungsschutz<\/strong><\/h4>\n\n\n\n<p>Schwerbehinderte Menschen haben ein Recht auf besonderen K\u00fcndigungsschutz, sobald das<strong> Arbeitsverh\u00e4ltnis sechs Monate bestanden hat<\/strong>. Arbeitgeber k\u00f6nnen also Arbeitnehmern mit einem Schwerbehindertenstatus nur k\u00fcndigen, nach erhalt der <strong>Zustimmung des Integrationsamtes<\/strong>. Gem\u00e4\u00df dem geltenden Verfahren h\u00f6rt das Integrationsamt die <strong>Personalvertretung<\/strong> sowie den <strong>schwerbehinderten Arbeitnehmer<\/strong> und die <strong>Schwerbehindertenvertretung<\/strong> an, bevor es seine abschlie\u00dfende Entscheidung trifft.<\/p>\n\n\n\n<p>Dies gilt f\u00fcr <strong>K\u00fcndigungen mit Einhaltung der K\u00fcndigungsfrist<\/strong>, als auch bei <strong>fristlosen K\u00fcndigungen<\/strong>. Au\u00dferdem betr\u00e4gt die K\u00fcndigungsfrist <strong>mindestens 4 Wochen<\/strong> und kann nicht verk\u00fcrzt werden. \u00a0<\/p>\n\n\n\n<p>Schwerbehinderte Arbeitnehmer k\u00f6nnen au\u00dferdem vom Arbeitgeber <strong>verlangte Mehrarbeit <\/strong>(also die Arbeit, die \u00fcber die normale gesetzliche Arbeitszeit von 8 Stunden werkt\u00e4glich hinausgeht) <strong>verweigern<\/strong>. Mehrarbeit oder \u00dcberstunden sind <strong>freiwillig<\/strong>. Aus der Ablehnung darf schwerbehinderten Mitarbeitenden <strong>kein Nachteil entstehen<\/strong>.<\/p>\n\n\n\n<p><\/p>\n","protected":false},"excerpt":{"rendered":"<p>Der deutsche Gesetzgeber f\u00fchrte im neunten Buch des Sozialgesetzbuchs (SGB IX), das am 1. Juli 2001 in Kraft trat, den&nbsp;Grundsatz des Diskriminierungsverbots&nbsp;ein, der sowohl f\u00fcr das Leben in der Gesellschaft als auch f\u00fcr das Arbeitsleben gilt. Daraus folgt, dass behinderte Arbeitnehmer gleich behandelt werden m\u00fcssen, wie alle anderen.&nbsp;Das Gesetz f\u00fchrt auch den Grundsatz der Teilhabe [&hellip;]<\/p>\n","protected":false},"author":7,"featured_media":0,"parent":7879,"menu_order":1,"comment_status":"closed","ping_status":"closed","template":"","meta":{"inline_featured_image":false,"footnotes":""},"tags":[],"frge_profile":[],"class_list":["post-7978","page","type-page","status-publish","hentry"],"yoast_head":"<!-- This site is optimized with the Yoast SEO plugin v27.1.1 - https:\/\/yoast.com\/product\/yoast-seo-wordpress\/ -->\n<title>Ma\u00dfnahmen zur F\u00f6rderung der Berufst\u00e4tigkeit von Menschen mit Behinderung - Frontaliers Grand Est<\/title>\n<meta name=\"robots\" content=\"index, follow, max-snippet:-1, max-image-preview:large, max-video-preview:-1\" \/>\n<link rel=\"canonical\" href=\"https:\/\/frontaliers-grandest.eu\/de\/startseite\/grenzganger\/frankreich-deutschland\/arbeitsrecht\/behinderung-und-arbeit-in-deutschland\/forderung-der-berufstatigkeit-von-menschen-mit-behinderung\/\" \/>\n<meta property=\"og:locale\" content=\"de_DE\" \/>\n<meta property=\"og:type\" content=\"article\" \/>\n<meta property=\"og:title\" content=\"Ma\u00dfnahmen zur F\u00f6rderung der Berufst\u00e4tigkeit von Menschen mit Behinderung - Frontaliers Grand Est\" \/>\n<meta property=\"og:description\" content=\"Der deutsche Gesetzgeber f\u00fchrte im neunten Buch des Sozialgesetzbuchs (SGB IX), das am 1. Juli 2001 in Kraft trat, den&nbsp;Grundsatz des Diskriminierungsverbots&nbsp;ein, der sowohl f\u00fcr das Leben in der Gesellschaft als auch f\u00fcr das Arbeitsleben gilt. Daraus folgt, dass behinderte Arbeitnehmer gleich behandelt werden m\u00fcssen, wie alle anderen.&nbsp;Das Gesetz f\u00fchrt auch den Grundsatz der Teilhabe [&hellip;]\" \/>\n<meta property=\"og:url\" content=\"https:\/\/frontaliers-grandest.eu\/de\/startseite\/grenzganger\/frankreich-deutschland\/arbeitsrecht\/behinderung-und-arbeit-in-deutschland\/forderung-der-berufstatigkeit-von-menschen-mit-behinderung\/\" \/>\n<meta property=\"og:site_name\" content=\"Frontaliers Grand Est\" \/>\n<meta property=\"article:publisher\" content=\"https:\/\/www.facebook.com\/frontaliers.GR.EST\/?locale=fr_FR\" \/>\n<meta property=\"article:modified_time\" content=\"2026-02-24T07:50:09+00:00\" \/>\n<meta name=\"twitter:card\" content=\"summary_large_image\" \/>\n<meta name=\"twitter:label1\" content=\"Gesch\u00e4tzte Lesezeit\" \/>\n\t<meta name=\"twitter:data1\" content=\"4\u00a0Minuten\" \/>\n<script type=\"application\/ld+json\" class=\"yoast-schema-graph\">{\"@context\":\"https:\/\/schema.org\",\"@graph\":[{\"@type\":\"WebPage\",\"@id\":\"https:\/\/frontaliers-grandest.eu\/de\/startseite\/grenzganger\/frankreich-deutschland\/arbeitsrecht\/behinderung-und-arbeit-in-deutschland\/forderung-der-berufstatigkeit-von-menschen-mit-behinderung\/\",\"url\":\"https:\/\/frontaliers-grandest.eu\/de\/startseite\/grenzganger\/frankreich-deutschland\/arbeitsrecht\/behinderung-und-arbeit-in-deutschland\/forderung-der-berufstatigkeit-von-menschen-mit-behinderung\/\",\"name\":\"Ma\u00dfnahmen zur F\u00f6rderung der Berufst\u00e4tigkeit von Menschen mit Behinderung - Frontaliers Grand Est\",\"isPartOf\":{\"@id\":\"https:\/\/frontaliers-grandest.eu\/de\/#website\"},\"datePublished\":\"2021-05-31T14:19:19+00:00\",\"dateModified\":\"2026-02-24T07:50:09+00:00\",\"breadcrumb\":{\"@id\":\"https:\/\/frontaliers-grandest.eu\/de\/startseite\/grenzganger\/frankreich-deutschland\/arbeitsrecht\/behinderung-und-arbeit-in-deutschland\/forderung-der-berufstatigkeit-von-menschen-mit-behinderung\/#breadcrumb\"},\"inLanguage\":\"de\",\"potentialAction\":[{\"@type\":\"ReadAction\",\"target\":[\"https:\/\/frontaliers-grandest.eu\/de\/startseite\/grenzganger\/frankreich-deutschland\/arbeitsrecht\/behinderung-und-arbeit-in-deutschland\/forderung-der-berufstatigkeit-von-menschen-mit-behinderung\/\"]}]},{\"@type\":\"BreadcrumbList\",\"@id\":\"https:\/\/frontaliers-grandest.eu\/de\/startseite\/grenzganger\/frankreich-deutschland\/arbeitsrecht\/behinderung-und-arbeit-in-deutschland\/forderung-der-berufstatigkeit-von-menschen-mit-behinderung\/#breadcrumb\",\"itemListElement\":[{\"@type\":\"ListItem\",\"position\":1,\"name\":\"Startseite\",\"item\":\"https:\/\/frontaliers-grandest.eu\/de\/\"},{\"@type\":\"ListItem\",\"position\":2,\"name\":\"Grenzg\u00e4nger\",\"item\":\"https:\/\/frontaliers-grandest.eu\/de\/startseite\/grenzganger\/\"},{\"@type\":\"ListItem\",\"position\":3,\"name\":\"Frankreich - Deutschland\",\"item\":\"https:\/\/frontaliers-grandest.eu\/de\/startseite\/grenzganger\/frankreich-deutschland\/\"},{\"@type\":\"ListItem\",\"position\":4,\"name\":\"Arbeitsrecht in Deutschland\",\"item\":\"https:\/\/frontaliers-grandest.eu\/de\/startseite\/grenzganger\/frankreich-deutschland\/arbeitsrecht\/\"},{\"@type\":\"ListItem\",\"position\":5,\"name\":\"Behinderung und Arbeit in Deutschland\",\"item\":\"https:\/\/frontaliers-grandest.eu\/de\/startseite\/grenzganger\/frankreich-deutschland\/arbeitsrecht\/behinderung-und-arbeit-in-deutschland\/\"},{\"@type\":\"ListItem\",\"position\":6,\"name\":\"Ma\u00dfnahmen zur F\u00f6rderung der Berufst\u00e4tigkeit von Menschen mit Behinderung\"}]},{\"@type\":\"WebSite\",\"@id\":\"https:\/\/frontaliers-grandest.eu\/de\/#website\",\"url\":\"https:\/\/frontaliers-grandest.eu\/de\/\",\"name\":\"Frontaliers Grand Est\",\"description\":\"Le site ressource du travail frontalier\",\"publisher\":{\"@id\":\"https:\/\/frontaliers-grandest.eu\/de\/#organization\"},\"alternateName\":\"Frontaliers Grand Est\",\"potentialAction\":[{\"@type\":\"SearchAction\",\"target\":{\"@type\":\"EntryPoint\",\"urlTemplate\":\"https:\/\/frontaliers-grandest.eu\/de\/?s={search_term_string}\"},\"query-input\":{\"@type\":\"PropertyValueSpecification\",\"valueRequired\":true,\"valueName\":\"search_term_string\"}}],\"inLanguage\":\"de\"},{\"@type\":\"Organization\",\"@id\":\"https:\/\/frontaliers-grandest.eu\/de\/#organization\",\"name\":\"Frontaliers Grand Est\",\"alternateName\":\"Frontaliers Grand Est\",\"url\":\"https:\/\/frontaliers-grandest.eu\/de\/\",\"logo\":{\"@type\":\"ImageObject\",\"inLanguage\":\"de\",\"@id\":\"https:\/\/frontaliers-grandest.eu\/de\/#\/schema\/logo\/image\/\",\"url\":\"https:\/\/frontaliers-grandest.eu\/wp-content\/uploads\/2025\/07\/260328234_2966785176920310_3332838526503858160_n.jpg\",\"contentUrl\":\"https:\/\/frontaliers-grandest.eu\/wp-content\/uploads\/2025\/07\/260328234_2966785176920310_3332838526503858160_n.jpg\",\"width\":396,\"height\":396,\"caption\":\"Frontaliers Grand Est\"},\"image\":{\"@id\":\"https:\/\/frontaliers-grandest.eu\/de\/#\/schema\/logo\/image\/\"},\"sameAs\":[\"https:\/\/www.facebook.com\/frontaliers.GR.EST\/?locale=fr_FR\"]}]}<\/script>\n<!-- \/ Yoast SEO plugin. -->","yoast_head_json":{"title":"Ma\u00dfnahmen zur F\u00f6rderung der Berufst\u00e4tigkeit von Menschen mit Behinderung - Frontaliers Grand Est","robots":{"index":"index","follow":"follow","max-snippet":"max-snippet:-1","max-image-preview":"max-image-preview:large","max-video-preview":"max-video-preview:-1"},"canonical":"https:\/\/frontaliers-grandest.eu\/de\/startseite\/grenzganger\/frankreich-deutschland\/arbeitsrecht\/behinderung-und-arbeit-in-deutschland\/forderung-der-berufstatigkeit-von-menschen-mit-behinderung\/","og_locale":"de_DE","og_type":"article","og_title":"Ma\u00dfnahmen zur F\u00f6rderung der Berufst\u00e4tigkeit von Menschen mit Behinderung - Frontaliers Grand Est","og_description":"Der deutsche Gesetzgeber f\u00fchrte im neunten Buch des Sozialgesetzbuchs (SGB IX), das am 1. Juli 2001 in Kraft trat, den&nbsp;Grundsatz des Diskriminierungsverbots&nbsp;ein, der sowohl f\u00fcr das Leben in der Gesellschaft als auch f\u00fcr das Arbeitsleben gilt. Daraus folgt, dass behinderte Arbeitnehmer gleich behandelt werden m\u00fcssen, wie alle anderen.&nbsp;Das Gesetz f\u00fchrt auch den Grundsatz der Teilhabe [&hellip;]","og_url":"https:\/\/frontaliers-grandest.eu\/de\/startseite\/grenzganger\/frankreich-deutschland\/arbeitsrecht\/behinderung-und-arbeit-in-deutschland\/forderung-der-berufstatigkeit-von-menschen-mit-behinderung\/","og_site_name":"Frontaliers Grand Est","article_publisher":"https:\/\/www.facebook.com\/frontaliers.GR.EST\/?locale=fr_FR","article_modified_time":"2026-02-24T07:50:09+00:00","twitter_card":"summary_large_image","twitter_misc":{"Gesch\u00e4tzte Lesezeit":"4\u00a0Minuten"},"schema":{"@context":"https:\/\/schema.org","@graph":[{"@type":"WebPage","@id":"https:\/\/frontaliers-grandest.eu\/de\/startseite\/grenzganger\/frankreich-deutschland\/arbeitsrecht\/behinderung-und-arbeit-in-deutschland\/forderung-der-berufstatigkeit-von-menschen-mit-behinderung\/","url":"https:\/\/frontaliers-grandest.eu\/de\/startseite\/grenzganger\/frankreich-deutschland\/arbeitsrecht\/behinderung-und-arbeit-in-deutschland\/forderung-der-berufstatigkeit-von-menschen-mit-behinderung\/","name":"Ma\u00dfnahmen zur F\u00f6rderung der Berufst\u00e4tigkeit von Menschen mit Behinderung - Frontaliers Grand Est","isPartOf":{"@id":"https:\/\/frontaliers-grandest.eu\/de\/#website"},"datePublished":"2021-05-31T14:19:19+00:00","dateModified":"2026-02-24T07:50:09+00:00","breadcrumb":{"@id":"https:\/\/frontaliers-grandest.eu\/de\/startseite\/grenzganger\/frankreich-deutschland\/arbeitsrecht\/behinderung-und-arbeit-in-deutschland\/forderung-der-berufstatigkeit-von-menschen-mit-behinderung\/#breadcrumb"},"inLanguage":"de","potentialAction":[{"@type":"ReadAction","target":["https:\/\/frontaliers-grandest.eu\/de\/startseite\/grenzganger\/frankreich-deutschland\/arbeitsrecht\/behinderung-und-arbeit-in-deutschland\/forderung-der-berufstatigkeit-von-menschen-mit-behinderung\/"]}]},{"@type":"BreadcrumbList","@id":"https:\/\/frontaliers-grandest.eu\/de\/startseite\/grenzganger\/frankreich-deutschland\/arbeitsrecht\/behinderung-und-arbeit-in-deutschland\/forderung-der-berufstatigkeit-von-menschen-mit-behinderung\/#breadcrumb","itemListElement":[{"@type":"ListItem","position":1,"name":"Startseite","item":"https:\/\/frontaliers-grandest.eu\/de\/"},{"@type":"ListItem","position":2,"name":"Grenzg\u00e4nger","item":"https:\/\/frontaliers-grandest.eu\/de\/startseite\/grenzganger\/"},{"@type":"ListItem","position":3,"name":"Frankreich - Deutschland","item":"https:\/\/frontaliers-grandest.eu\/de\/startseite\/grenzganger\/frankreich-deutschland\/"},{"@type":"ListItem","position":4,"name":"Arbeitsrecht in Deutschland","item":"https:\/\/frontaliers-grandest.eu\/de\/startseite\/grenzganger\/frankreich-deutschland\/arbeitsrecht\/"},{"@type":"ListItem","position":5,"name":"Behinderung und Arbeit in Deutschland","item":"https:\/\/frontaliers-grandest.eu\/de\/startseite\/grenzganger\/frankreich-deutschland\/arbeitsrecht\/behinderung-und-arbeit-in-deutschland\/"},{"@type":"ListItem","position":6,"name":"Ma\u00dfnahmen zur F\u00f6rderung der Berufst\u00e4tigkeit von Menschen mit Behinderung"}]},{"@type":"WebSite","@id":"https:\/\/frontaliers-grandest.eu\/de\/#website","url":"https:\/\/frontaliers-grandest.eu\/de\/","name":"Frontaliers Grand Est","description":"Le site ressource du travail frontalier","publisher":{"@id":"https:\/\/frontaliers-grandest.eu\/de\/#organization"},"alternateName":"Frontaliers Grand Est","potentialAction":[{"@type":"SearchAction","target":{"@type":"EntryPoint","urlTemplate":"https:\/\/frontaliers-grandest.eu\/de\/?s={search_term_string}"},"query-input":{"@type":"PropertyValueSpecification","valueRequired":true,"valueName":"search_term_string"}}],"inLanguage":"de"},{"@type":"Organization","@id":"https:\/\/frontaliers-grandest.eu\/de\/#organization","name":"Frontaliers Grand Est","alternateName":"Frontaliers Grand Est","url":"https:\/\/frontaliers-grandest.eu\/de\/","logo":{"@type":"ImageObject","inLanguage":"de","@id":"https:\/\/frontaliers-grandest.eu\/de\/#\/schema\/logo\/image\/","url":"https:\/\/frontaliers-grandest.eu\/wp-content\/uploads\/2025\/07\/260328234_2966785176920310_3332838526503858160_n.jpg","contentUrl":"https:\/\/frontaliers-grandest.eu\/wp-content\/uploads\/2025\/07\/260328234_2966785176920310_3332838526503858160_n.jpg","width":396,"height":396,"caption":"Frontaliers Grand Est"},"image":{"@id":"https:\/\/frontaliers-grandest.eu\/de\/#\/schema\/logo\/image\/"},"sameAs":["https:\/\/www.facebook.com\/frontaliers.GR.EST\/?locale=fr_FR"]}]}},"frge_page_order":"0","_links":{"self":[{"href":"https:\/\/frontaliers-grandest.eu\/de\/wp-json\/wp\/v2\/pages\/7978","targetHints":{"allow":["GET"]}}],"collection":[{"href":"https:\/\/frontaliers-grandest.eu\/de\/wp-json\/wp\/v2\/pages"}],"about":[{"href":"https:\/\/frontaliers-grandest.eu\/de\/wp-json\/wp\/v2\/types\/page"}],"author":[{"embeddable":true,"href":"https:\/\/frontaliers-grandest.eu\/de\/wp-json\/wp\/v2\/users\/7"}],"replies":[{"embeddable":true,"href":"https:\/\/frontaliers-grandest.eu\/de\/wp-json\/wp\/v2\/comments?post=7978"}],"version-history":[{"count":3,"href":"https:\/\/frontaliers-grandest.eu\/de\/wp-json\/wp\/v2\/pages\/7978\/revisions"}],"predecessor-version":[{"id":57883,"href":"https:\/\/frontaliers-grandest.eu\/de\/wp-json\/wp\/v2\/pages\/7978\/revisions\/57883"}],"up":[{"embeddable":true,"href":"https:\/\/frontaliers-grandest.eu\/de\/wp-json\/wp\/v2\/pages\/7879"}],"wp:attachment":[{"href":"https:\/\/frontaliers-grandest.eu\/de\/wp-json\/wp\/v2\/media?parent=7978"}],"wp:term":[{"taxonomy":"post_tag","embeddable":true,"href":"https:\/\/frontaliers-grandest.eu\/de\/wp-json\/wp\/v2\/tags?post=7978"},{"taxonomy":"frge_profile","embeddable":true,"href":"https:\/\/frontaliers-grandest.eu\/de\/wp-json\/wp\/v2\/frge_profile?post=7978"}],"curies":[{"name":"wp","href":"https:\/\/api.w.org\/{rel}","templated":true}]}}