{"id":7879,"date":"2021-05-31T11:34:07","date_gmt":"2021-05-31T09:34:07","guid":{"rendered":"https:\/\/frontaliers-grandest.eu\/?page_id=7879"},"modified":"2026-03-12T11:09:21","modified_gmt":"2026-03-12T10:09:21","slug":"behinderung-und-arbeit-in-deutschland","status":"publish","type":"page","link":"https:\/\/frontaliers-grandest.eu\/de\/startseite\/grenzganger\/frankreich-deutschland\/arbeitsrecht\/behinderung-und-arbeit-in-deutschland\/","title":{"rendered":"Behinderung und Arbeit in Deutschland"},"content":{"rendered":"\n<p>Die Europ\u00e4ische Union r\u00e4umt behinderten Menschen generell&nbsp;<strong>ein Recht auf Selbstbestimmung und Teilhabe ein \u2013 wer als Mensch mit Behinderung gilt, wird jedoch von jedem Land eigenst\u00e4ndig<\/strong>&nbsp;und nach seinen eigenen Regeln festgelegt.<\/p>\n\n\n\n<p>Auch wenn der Begriff \u201eBehinderung\u201c in jedem Land unterschiedlich definiert wird, gibt es bei bestimmten Grunds\u00e4tzen dennoch \u00dcberschneidungen, beispielsweise die Verpflichtung der Unternehmen, Menschen mit Behinderung einzustellen.<\/p>\n\n\n\n<p>In Deutschland schreibt das&nbsp;<strong>Gesetz eine Pflichtquote f\u00fcr die Besch\u00e4ftigung schwerbehinderter Menschen<\/strong>&nbsp;vor: private und \u00f6ffentliche Unternehmen mit 20 Besch\u00e4ftigten oder mehr m\u00fcssen mindestens 5 % der Arbeitspl\u00e4tze mit schwerbehinderten Menschen besetzen.&nbsp;<strong>Wenn der Arbeitgeber diese Pflichtarbeitspl\u00e4tze nicht besetzt, hat er eine Ausgleichsabgabe zu entrichten<\/strong>,&nbsp;<strong>die auf der Grundlage der jahresdurchschnittlichen Besch\u00e4ftigungszahl errechnet wird<\/strong>. Diese Ausgleichabgabe flie\u00dft an die Integrations\u00e4mter, von denen es in Deutschland 17 gibt.<\/p>\n\n\n\n<p>Bei den Integrations\u00e4mtern handelt es sich um Einrichtungen auf L\u00e4nderebene, deren Aufgabe es unter anderem ist, die&nbsp;<strong>Teilhabe schwerbehinderter Menschen am Arbeitsleben zu f\u00f6rdern, Schulungen anzubieten, Fachdienste zu beauftragen<\/strong>&nbsp;etc. Sie sind mit den Hauptf\u00fcrsorgestellen in einem Dachverband, der&nbsp;<strong>Bundesarbeitsgemeinschaft der Integrations\u00e4mter und Hauptf\u00fcrsorgestellen<\/strong>, zusammengeschlossen, der als Ort des Austauschs dient und die Sichtbarkeit der Integrations\u00e4mter erh\u00f6ht.<\/p>\n","protected":false},"excerpt":{"rendered":"<p>Die Europ\u00e4ische Union r\u00e4umt behinderten Menschen generell&nbsp;ein Recht auf Selbstbestimmung und Teilhabe ein \u2013 wer als Mensch mit Behinderung gilt, wird jedoch von jedem Land eigenst\u00e4ndig&nbsp;und nach seinen eigenen Regeln festgelegt. Auch wenn der Begriff \u201eBehinderung\u201c in jedem Land unterschiedlich definiert wird, gibt es bei bestimmten Grunds\u00e4tzen dennoch \u00dcberschneidungen, beispielsweise die Verpflichtung der Unternehmen, Menschen [&hellip;]<\/p>\n","protected":false},"author":7,"featured_media":0,"parent":7871,"menu_order":1,"comment_status":"closed","ping_status":"closed","template":"","meta":{"inline_featured_image":false,"footnotes":""},"tags":[461,449,432,517],"frge_profile":[],"class_list":["post-7879","page","type-page","status-publish","hentry","tag-arbeitnehmer","tag-behinderung","tag-deutschland","tag-grengaenger"],"yoast_head":"<!-- This site is optimized with the Yoast SEO plugin v27.1.1 - https:\/\/yoast.com\/product\/yoast-seo-wordpress\/ -->\n<title>Behinderung und Arbeit in Deutschland - Frontaliers Grand Est<\/title>\n<meta name=\"description\" content=\"Besch\u00e4ftigung von Menschen mit Behinderung : Pflichtquote von 5 %, Ausgleichsabgabe f\u00fcr Arbeitgeber ,Rolle der Integrations\u00e4mter\" \/>\n<meta name=\"robots\" content=\"index, follow, max-snippet:-1, max-image-preview:large, max-video-preview:-1\" \/>\n<link rel=\"canonical\" href=\"https:\/\/frontaliers-grandest.eu\/de\/startseite\/grenzganger\/frankreich-deutschland\/arbeitsrecht\/behinderung-und-arbeit-in-deutschland\/\" \/>\n<meta property=\"og:locale\" content=\"de_DE\" \/>\n<meta property=\"og:type\" content=\"article\" \/>\n<meta property=\"og:title\" content=\"Behinderung und Arbeit in Deutschland - Frontaliers Grand Est\" \/>\n<meta property=\"og:description\" content=\"Besch\u00e4ftigung von Menschen mit Behinderung : Pflichtquote von 5 %, Ausgleichsabgabe f\u00fcr Arbeitgeber ,Rolle der Integrations\u00e4mter\" \/>\n<meta property=\"og:url\" content=\"https:\/\/frontaliers-grandest.eu\/de\/startseite\/grenzganger\/frankreich-deutschland\/arbeitsrecht\/behinderung-und-arbeit-in-deutschland\/\" \/>\n<meta property=\"og:site_name\" content=\"Frontaliers Grand Est\" \/>\n<meta property=\"article:publisher\" content=\"https:\/\/www.facebook.com\/frontaliers.GR.EST\/?locale=fr_FR\" \/>\n<meta property=\"article:modified_time\" content=\"2026-03-12T10:09:21+00:00\" \/>\n<meta name=\"twitter:card\" content=\"summary_large_image\" \/>\n<meta name=\"twitter:label1\" content=\"Gesch\u00e4tzte Lesezeit\" \/>\n\t<meta name=\"twitter:data1\" content=\"1\u00a0Minute\" \/>\n<script type=\"application\/ld+json\" class=\"yoast-schema-graph\">{\"@context\":\"https:\/\/schema.org\",\"@graph\":[{\"@type\":\"WebPage\",\"@id\":\"https:\/\/frontaliers-grandest.eu\/de\/startseite\/grenzganger\/frankreich-deutschland\/arbeitsrecht\/behinderung-und-arbeit-in-deutschland\/\",\"url\":\"https:\/\/frontaliers-grandest.eu\/de\/startseite\/grenzganger\/frankreich-deutschland\/arbeitsrecht\/behinderung-und-arbeit-in-deutschland\/\",\"name\":\"Behinderung und Arbeit in Deutschland - Frontaliers Grand Est\",\"isPartOf\":{\"@id\":\"https:\/\/frontaliers-grandest.eu\/de\/#website\"},\"datePublished\":\"2021-05-31T09:34:07+00:00\",\"dateModified\":\"2026-03-12T10:09:21+00:00\",\"description\":\"Besch\u00e4ftigung von Menschen mit Behinderung : Pflichtquote von 5 %, Ausgleichsabgabe f\u00fcr Arbeitgeber ,Rolle der Integrations\u00e4mter\",\"breadcrumb\":{\"@id\":\"https:\/\/frontaliers-grandest.eu\/de\/startseite\/grenzganger\/frankreich-deutschland\/arbeitsrecht\/behinderung-und-arbeit-in-deutschland\/#breadcrumb\"},\"inLanguage\":\"de\",\"potentialAction\":[{\"@type\":\"ReadAction\",\"target\":[\"https:\/\/frontaliers-grandest.eu\/de\/startseite\/grenzganger\/frankreich-deutschland\/arbeitsrecht\/behinderung-und-arbeit-in-deutschland\/\"]}]},{\"@type\":\"BreadcrumbList\",\"@id\":\"https:\/\/frontaliers-grandest.eu\/de\/startseite\/grenzganger\/frankreich-deutschland\/arbeitsrecht\/behinderung-und-arbeit-in-deutschland\/#breadcrumb\",\"itemListElement\":[{\"@type\":\"ListItem\",\"position\":1,\"name\":\"Startseite\",\"item\":\"https:\/\/frontaliers-grandest.eu\/de\/\"},{\"@type\":\"ListItem\",\"position\":2,\"name\":\"Grenzg\u00e4nger\",\"item\":\"https:\/\/frontaliers-grandest.eu\/de\/startseite\/grenzganger\/\"},{\"@type\":\"ListItem\",\"position\":3,\"name\":\"Frankreich - Deutschland\",\"item\":\"https:\/\/frontaliers-grandest.eu\/de\/startseite\/grenzganger\/frankreich-deutschland\/\"},{\"@type\":\"ListItem\",\"position\":4,\"name\":\"Arbeitsrecht in Deutschland\",\"item\":\"https:\/\/frontaliers-grandest.eu\/de\/startseite\/grenzganger\/frankreich-deutschland\/arbeitsrecht\/\"},{\"@type\":\"ListItem\",\"position\":5,\"name\":\"Behinderung und Arbeit in Deutschland\"}]},{\"@type\":\"WebSite\",\"@id\":\"https:\/\/frontaliers-grandest.eu\/de\/#website\",\"url\":\"https:\/\/frontaliers-grandest.eu\/de\/\",\"name\":\"Frontaliers Grand Est\",\"description\":\"Le site ressource du travail frontalier\",\"publisher\":{\"@id\":\"https:\/\/frontaliers-grandest.eu\/de\/#organization\"},\"alternateName\":\"Frontaliers Grand Est\",\"potentialAction\":[{\"@type\":\"SearchAction\",\"target\":{\"@type\":\"EntryPoint\",\"urlTemplate\":\"https:\/\/frontaliers-grandest.eu\/de\/?s={search_term_string}\"},\"query-input\":{\"@type\":\"PropertyValueSpecification\",\"valueRequired\":true,\"valueName\":\"search_term_string\"}}],\"inLanguage\":\"de\"},{\"@type\":\"Organization\",\"@id\":\"https:\/\/frontaliers-grandest.eu\/de\/#organization\",\"name\":\"Frontaliers Grand Est\",\"alternateName\":\"Frontaliers Grand Est\",\"url\":\"https:\/\/frontaliers-grandest.eu\/de\/\",\"logo\":{\"@type\":\"ImageObject\",\"inLanguage\":\"de\",\"@id\":\"https:\/\/frontaliers-grandest.eu\/de\/#\/schema\/logo\/image\/\",\"url\":\"https:\/\/frontaliers-grandest.eu\/wp-content\/uploads\/2025\/07\/260328234_2966785176920310_3332838526503858160_n.jpg\",\"contentUrl\":\"https:\/\/frontaliers-grandest.eu\/wp-content\/uploads\/2025\/07\/260328234_2966785176920310_3332838526503858160_n.jpg\",\"width\":396,\"height\":396,\"caption\":\"Frontaliers Grand Est\"},\"image\":{\"@id\":\"https:\/\/frontaliers-grandest.eu\/de\/#\/schema\/logo\/image\/\"},\"sameAs\":[\"https:\/\/www.facebook.com\/frontaliers.GR.EST\/?locale=fr_FR\"]}]}<\/script>\n<!-- \/ Yoast SEO plugin. -->","yoast_head_json":{"title":"Behinderung und Arbeit in Deutschland - Frontaliers Grand Est","description":"Besch\u00e4ftigung von Menschen mit Behinderung : Pflichtquote von 5 %, Ausgleichsabgabe f\u00fcr Arbeitgeber ,Rolle der Integrations\u00e4mter","robots":{"index":"index","follow":"follow","max-snippet":"max-snippet:-1","max-image-preview":"max-image-preview:large","max-video-preview":"max-video-preview:-1"},"canonical":"https:\/\/frontaliers-grandest.eu\/de\/startseite\/grenzganger\/frankreich-deutschland\/arbeitsrecht\/behinderung-und-arbeit-in-deutschland\/","og_locale":"de_DE","og_type":"article","og_title":"Behinderung und Arbeit in Deutschland - Frontaliers Grand Est","og_description":"Besch\u00e4ftigung von Menschen mit Behinderung : Pflichtquote von 5 %, Ausgleichsabgabe f\u00fcr Arbeitgeber ,Rolle der Integrations\u00e4mter","og_url":"https:\/\/frontaliers-grandest.eu\/de\/startseite\/grenzganger\/frankreich-deutschland\/arbeitsrecht\/behinderung-und-arbeit-in-deutschland\/","og_site_name":"Frontaliers Grand Est","article_publisher":"https:\/\/www.facebook.com\/frontaliers.GR.EST\/?locale=fr_FR","article_modified_time":"2026-03-12T10:09:21+00:00","twitter_card":"summary_large_image","twitter_misc":{"Gesch\u00e4tzte Lesezeit":"1\u00a0Minute"},"schema":{"@context":"https:\/\/schema.org","@graph":[{"@type":"WebPage","@id":"https:\/\/frontaliers-grandest.eu\/de\/startseite\/grenzganger\/frankreich-deutschland\/arbeitsrecht\/behinderung-und-arbeit-in-deutschland\/","url":"https:\/\/frontaliers-grandest.eu\/de\/startseite\/grenzganger\/frankreich-deutschland\/arbeitsrecht\/behinderung-und-arbeit-in-deutschland\/","name":"Behinderung und Arbeit in Deutschland - Frontaliers Grand Est","isPartOf":{"@id":"https:\/\/frontaliers-grandest.eu\/de\/#website"},"datePublished":"2021-05-31T09:34:07+00:00","dateModified":"2026-03-12T10:09:21+00:00","description":"Besch\u00e4ftigung von Menschen mit Behinderung : Pflichtquote von 5 %, Ausgleichsabgabe f\u00fcr Arbeitgeber ,Rolle der Integrations\u00e4mter","breadcrumb":{"@id":"https:\/\/frontaliers-grandest.eu\/de\/startseite\/grenzganger\/frankreich-deutschland\/arbeitsrecht\/behinderung-und-arbeit-in-deutschland\/#breadcrumb"},"inLanguage":"de","potentialAction":[{"@type":"ReadAction","target":["https:\/\/frontaliers-grandest.eu\/de\/startseite\/grenzganger\/frankreich-deutschland\/arbeitsrecht\/behinderung-und-arbeit-in-deutschland\/"]}]},{"@type":"BreadcrumbList","@id":"https:\/\/frontaliers-grandest.eu\/de\/startseite\/grenzganger\/frankreich-deutschland\/arbeitsrecht\/behinderung-und-arbeit-in-deutschland\/#breadcrumb","itemListElement":[{"@type":"ListItem","position":1,"name":"Startseite","item":"https:\/\/frontaliers-grandest.eu\/de\/"},{"@type":"ListItem","position":2,"name":"Grenzg\u00e4nger","item":"https:\/\/frontaliers-grandest.eu\/de\/startseite\/grenzganger\/"},{"@type":"ListItem","position":3,"name":"Frankreich - Deutschland","item":"https:\/\/frontaliers-grandest.eu\/de\/startseite\/grenzganger\/frankreich-deutschland\/"},{"@type":"ListItem","position":4,"name":"Arbeitsrecht in Deutschland","item":"https:\/\/frontaliers-grandest.eu\/de\/startseite\/grenzganger\/frankreich-deutschland\/arbeitsrecht\/"},{"@type":"ListItem","position":5,"name":"Behinderung und Arbeit in Deutschland"}]},{"@type":"WebSite","@id":"https:\/\/frontaliers-grandest.eu\/de\/#website","url":"https:\/\/frontaliers-grandest.eu\/de\/","name":"Frontaliers Grand Est","description":"Le site ressource du travail frontalier","publisher":{"@id":"https:\/\/frontaliers-grandest.eu\/de\/#organization"},"alternateName":"Frontaliers Grand Est","potentialAction":[{"@type":"SearchAction","target":{"@type":"EntryPoint","urlTemplate":"https:\/\/frontaliers-grandest.eu\/de\/?s={search_term_string}"},"query-input":{"@type":"PropertyValueSpecification","valueRequired":true,"valueName":"search_term_string"}}],"inLanguage":"de"},{"@type":"Organization","@id":"https:\/\/frontaliers-grandest.eu\/de\/#organization","name":"Frontaliers Grand Est","alternateName":"Frontaliers Grand Est","url":"https:\/\/frontaliers-grandest.eu\/de\/","logo":{"@type":"ImageObject","inLanguage":"de","@id":"https:\/\/frontaliers-grandest.eu\/de\/#\/schema\/logo\/image\/","url":"https:\/\/frontaliers-grandest.eu\/wp-content\/uploads\/2025\/07\/260328234_2966785176920310_3332838526503858160_n.jpg","contentUrl":"https:\/\/frontaliers-grandest.eu\/wp-content\/uploads\/2025\/07\/260328234_2966785176920310_3332838526503858160_n.jpg","width":396,"height":396,"caption":"Frontaliers Grand Est"},"image":{"@id":"https:\/\/frontaliers-grandest.eu\/de\/#\/schema\/logo\/image\/"},"sameAs":["https:\/\/www.facebook.com\/frontaliers.GR.EST\/?locale=fr_FR"]}]}},"frge_page_order":"0","_links":{"self":[{"href":"https:\/\/frontaliers-grandest.eu\/de\/wp-json\/wp\/v2\/pages\/7879","targetHints":{"allow":["GET"]}}],"collection":[{"href":"https:\/\/frontaliers-grandest.eu\/de\/wp-json\/wp\/v2\/pages"}],"about":[{"href":"https:\/\/frontaliers-grandest.eu\/de\/wp-json\/wp\/v2\/types\/page"}],"author":[{"embeddable":true,"href":"https:\/\/frontaliers-grandest.eu\/de\/wp-json\/wp\/v2\/users\/7"}],"replies":[{"embeddable":true,"href":"https:\/\/frontaliers-grandest.eu\/de\/wp-json\/wp\/v2\/comments?post=7879"}],"version-history":[{"count":2,"href":"https:\/\/frontaliers-grandest.eu\/de\/wp-json\/wp\/v2\/pages\/7879\/revisions"}],"predecessor-version":[{"id":7881,"href":"https:\/\/frontaliers-grandest.eu\/de\/wp-json\/wp\/v2\/pages\/7879\/revisions\/7881"}],"up":[{"embeddable":true,"href":"https:\/\/frontaliers-grandest.eu\/de\/wp-json\/wp\/v2\/pages\/7871"}],"wp:attachment":[{"href":"https:\/\/frontaliers-grandest.eu\/de\/wp-json\/wp\/v2\/media?parent=7879"}],"wp:term":[{"taxonomy":"post_tag","embeddable":true,"href":"https:\/\/frontaliers-grandest.eu\/de\/wp-json\/wp\/v2\/tags?post=7879"},{"taxonomy":"frge_profile","embeddable":true,"href":"https:\/\/frontaliers-grandest.eu\/de\/wp-json\/wp\/v2\/frge_profile?post=7879"}],"curies":[{"name":"wp","href":"https:\/\/api.w.org\/{rel}","templated":true}]}}