{"id":7648,"date":"2025-10-30T12:12:07","date_gmt":"2025-10-30T11:12:07","guid":{"rendered":"https:\/\/frontaliers-grandest.eu\/?page_id=7648"},"modified":"2025-10-30T12:12:08","modified_gmt":"2025-10-30T11:12:08","slug":"ein-praktikum-in-der-grossregion-finden","status":"publish","type":"page","link":"https:\/\/frontaliers-grandest.eu\/de\/startseite\/jugendliche\/praktikum\/ein-praktikum-in-der-grossregion-finden\/","title":{"rendered":"Ein praktikum in der Grossregion finden"},"content":{"rendered":"\n<div class=\"wp-block-frontaliers-grandest-plugin-frge-accordion-block\"><div class=\"accordion-top\"><h4 class=\"accordion-title\"><strong>Ein Praktikum in Deutschland <strong>finden<\/strong> <\/strong><\/h4><svg viewBox=\"0 0 24 24\" stroke-width=\"1.5\" fill=\"none\" xmlns=\"http:\/\/www.w3.org\/2000\/svg\" class=\"accordion-top__icon\"><path d=\"M3 12L21 12M21 12L12.5 3.5M21 12L12.5 20.5\" stroke-width=\"1.5\" stroke-linecap=\"round\" stroke-linejoin=\"round\"><\/path><\/svg><\/div><div class=\"accordion-content\">\n<p>Um ein Praktikum zu finden k\u00f6nnen Bewerber Praktikumsangebote auf speziellen Plattformen und Jobportalen einsehen und ihren Lebenslauf dort hochladen.<\/p>\n\n\n\n<p>Es wird empfohlen, mit der Suche mindestens 6 bis 9 Monate vor dem gew\u00fcnschten Praktikumsbeginn zu starten. Der deutsche Markt ist oft sehr wettbewerbsintensiv, und Unternehmen planen Praktikumspl\u00e4tze fr\u00fchzeitig, besonders bei beliebten Stellen oder internationalen Praktika.<\/p>\n\n\n\n<p><strong>Allgemeine spezialisierte Plattformen<\/strong><\/p>\n\n\n\n<ul class=\"wp-block-list\">\n<li><strong>EURES<\/strong> (europ\u00e4isches Portal f\u00fcr berufliche Mobilit\u00e4t): <a href=\"https:\/\/eures.europa.eu\/index_de\" target=\"_blank\" rel=\"noreferrer noopener\">https:\/\/ec.europa.eu\/eures<\/a><\/li>\n\n\n\n<li><strong>Private Plattformen<\/strong>:\n<ul class=\"wp-block-list\">\n<li><a href=\"http:\/\/www.praktika.de\" target=\"_blank\" rel=\"noreferrer noopener\">www.praktika.de<\/a><\/li>\n\n\n\n<li><a href=\"http:\/\/www.jobber.de\" target=\"_blank\" rel=\"noreferrer noopener\">www.jobber.de<\/a><\/li>\n\n\n\n<li><a href=\"http:\/\/www.praktikum-service.de\" target=\"_blank\" rel=\"noreferrer noopener\">www.praktikum-service.de<\/a><\/li>\n\n\n\n<li><a href=\"http:\/\/www.praktikum.info\" target=\"_blank\" rel=\"noreferrer noopener\">www.praktikum.info<\/a><\/li>\n\n\n\n<li><a href=\"http:\/\/www.stellenanzeigen.de\/stellenangebote\/praktikum\" target=\"_blank\" rel=\"noreferrer noopener\">www.stellenanzeigen.de\/stellenangebote\/praktikum<\/a><\/li>\n\n\n\n<li><a href=\"http:\/\/www.praktikum.de\" target=\"_blank\" rel=\"noreferrer noopener\">www.praktikum.de<\/a><\/li>\n\n\n\n<li><a href=\"https:\/\/fr.jobted.com\/\" target=\"_blank\" rel=\"noreferrer noopener\">https:\/\/fr.jobted.com\/<\/a><\/li>\n<\/ul>\n<\/li>\n<\/ul>\n\n\n\n<p><strong>Berufliche Netzwerke<\/strong><\/p>\n\n\n\n<ul class=\"wp-block-list\">\n<li><strong>LinkedIn<\/strong>: Wichtig f\u00fcr die Stellensuche und berufliche Kontakte.<\/li>\n\n\n\n<li><strong>XING<\/strong>: Das f\u00fchrende berufliche Netzwerk im deutschsprachigen Raum.<\/li>\n<\/ul>\n\n\n\n<p><strong>Akademische Netzwerke<\/strong><\/p>\n\n\n\n<ul class=\"wp-block-list\">\n<li><strong>Praktikumsabteilungen oder Auslandsb\u00fcros ihrer Hochschule<\/strong>: Diese verf\u00fcgen h\u00e4ufig \u00fcber Partnerschaften mit Unternehmen oder Institutionen in Deutschland.<\/li>\n<\/ul>\n\n\n\n<p><strong>Initiativbewerbung<\/strong><\/p>\n\n\n\n<p>Es ist m\u00f6glich, sich initiativ bei Unternehmen im gew\u00fcnschten Bereich zu bewerben, auch wenn keine aktuellen Angebote ver\u00f6ffentlicht sind.<\/p>\n\n\n\n<p><strong>Messen und Foren<\/strong><\/p>\n\n\n\n<p>Es wird empfohlen, an Studienmessen, Jobb\u00f6rsen und grenz\u00fcberschreitenden Veranstaltungen teilzunehmen (z.\u202fB. in der Gro\u00dfregion oder im Oberrheingebiet). Informationen dazu sind \u00fcber das EURES-Portal erh\u00e4ltlich.<\/p>\n\n\n\n<p><strong>Bewerbungsunterlagen vorbereiten<\/strong><\/p>\n\n\n\n<p>Die Qualit\u00e4t der Bewerbung ist entscheidend f\u00fcr ein Praktikum in Deutschland.<\/p>\n\n\n\n<ul class=\"wp-block-list\">\n<li><strong>Lebenslauf<\/strong>: Der deutsche Lebenslauf ist in umgekehrt chronologischer Reihenfolge verfasst, sachlich und \u00fcbersichtlich.\n<ul class=\"wp-block-list\">\n<li>Ein professionelles Foto wird h\u00e4ufig erwartet (ist jedoch nicht verpflichtend).<\/li>\n\n\n\n<li>Bildungsabschl\u00fcsse und Berufserfahrungen sollten klar hervorgehoben werden.<\/li>\n\n\n\n<li>Sprachkenntnisse m\u00fcssen deutlich angegeben werden.<\/li>\n<\/ul>\n<\/li>\n\n\n\n<li><strong>Anschreiben<\/strong>: Es sollte an den richtigen Ansprechpartner gerichtet und konkret auf die Position und das Unternehmen zugeschnitten sein. Es soll die Motivation f\u00fcr ein Praktikum in Deutschland und speziell in diesem Unternehmen darlegen.<\/li>\n\n\n\n<li><strong>\u00dcbersetzung der Unterlagen<\/strong>: Lebenslauf und Anschreiben m\u00fcssen auf Deutsch verfasst sein (au\u00dfer wenn in der Anzeige eine andere Sprache gefordert ist, z.\u202fB. Englisch). Zeugnisse und Noten\u00fcbersichten sollten \u00fcbersetzt oder angepasst werden.<\/li>\n<\/ul>\n\n\n\n<p><strong>Kontaktstellen und Informationen<\/strong><\/p>\n\n\n\n<ul class=\"wp-block-list\">\n<li>Deutsch-Franz\u00f6sisches Jugendwerk: <a href=\"https:\/\/www.dfjw.org\/\" target=\"_blank\" rel=\"noreferrer noopener\">https:\/\/www.dfjw.org\/<\/a><\/li>\n\n\n\n<li>Informations- und Dokumentationszentrum der deutschen Botschaft: <a href=\"http:\/\/www.cidal.diplo.de\" target=\"_blank\" rel=\"noreferrer noopener\">www.cidal.diplo.de<\/a><\/li>\n\n\n\n<li>Deutsch-franz\u00f6sische Vereinigung AFAST\/DEFTA: <a href=\"http:\/\/www.afasp.net\" target=\"_blank\" rel=\"noreferrer noopener\">www.afasp.net<\/a><\/li>\n<\/ul>\n\n\n\n<p><strong>Sprachkenntnisse<\/strong><\/p>\n\n\n\n<p>Die Arbeitssprache ist Deutsch. Kenntnisse der deutschen Sprache sind in der Regel erforderlich, auch in ausl\u00e4ndischen Unternehmen. Englisch wird in internationalen Konzernen verwendet. Es kann sinnvoll sein, vor oder w\u00e4hrend des Praktikums einen Intensivsprachkurs zu belegen.<\/p>\n<\/div><\/div>\n\n\n\n<div class=\"wp-block-frontaliers-grandest-plugin-frge-accordion-block\"><div class=\"accordion-top\"><h4 class=\"accordion-title\"><strong>Ein Praktikum in<\/strong> Belgien <strong>finden<\/strong> <\/h4><svg viewBox=\"0 0 24 24\" stroke-width=\"1.5\" fill=\"none\" xmlns=\"http:\/\/www.w3.org\/2000\/svg\" class=\"accordion-top__icon\"><path d=\"M3 12L21 12M21 12L12.5 3.5M21 12L12.5 20.5\" stroke-width=\"1.5\" stroke-linecap=\"round\" stroke-linejoin=\"round\"><\/path><\/svg><\/div><div class=\"accordion-content\">\n<p>Um ein Praktikum zu finden, k\u00f6nnen Bewerber Praktikumsangebote auf spezialisierten Plattformen und Jobportalen einsehen und ihren Lebenslauf dort hochladen.<\/p>\n\n\n\n<p><strong>Informationszentren und Institutionen<\/strong><\/p>\n\n\n\n<ul class=\"wp-block-list\">\n<li>Franz\u00f6sische Handelskammer in Belgien: <a href=\"https:\/\/www.ccifrancebelgique.be\/\" target=\"_blank\" rel=\"noreferrer noopener\">https:\/\/www.ccifrancebelgique.be\/<\/a><\/li>\n\n\n\n<li>Europ\u00e4ische Institutionen (Europ\u00e4isches Parlament, Rat der EU, Europ\u00e4ische Kommission usw.)<\/li>\n\n\n\n<li>Jugendinformationszentren: <a href=\"https:\/\/inforjeunes.be\/\" target=\"_blank\" rel=\"noreferrer noopener\">https:\/\/inforjeunes.be\/<\/a><\/li>\n<\/ul>\n\n\n\n<p><strong>Private Plattformen zur Praktikumssuche<\/strong><\/p>\n\n\n\n<ul class=\"wp-block-list\">\n<li><a href=\"https:\/\/www.student.be\/fr\/stages\" target=\"_blank\" rel=\"noreferrer noopener\">https:\/\/www.student.be\/fr\/stages<\/a><\/li>\n\n\n\n<li><a href=\"http:\/\/ww5.stageshopping.be\/\" target=\"_blank\" rel=\"noreferrer noopener\">http:\/\/ww5.stageshopping.be\/<\/a><\/li>\n<\/ul>\n\n\n\n<p><strong>Die Praktikumssuche<\/strong><\/p>\n\n\n\n<p>Die Bewerbung sollte fr\u00fchzeitig erfolgen. Der Lebenslauf muss klar und strukturiert sein. Anschreiben sollten an das jeweilige Unternehmen und den entsprechenden Branchen angepasst werden. Auch Initiativbewerbungen sind g\u00e4ngige Praxis.<\/p>\n\n\n\n<p><strong>Sprachkenntnisse<\/strong><\/p>\n\n\n\n<p>In der Wallonie ist Franz\u00f6sisch ausreichend. In Flandern und anderen nicht-franz\u00f6sischsprachigen Gebieten sind Niederl\u00e4ndisch- oder Deutschkenntnisse empfehlenswert.<\/p>\n<\/div><\/div>\n\n\n\n<div class=\"wp-block-frontaliers-grandest-plugin-frge-accordion-block\"><div class=\"accordion-top\"><h4 class=\"accordion-title\">Ein Praktikum <strong>in Frankreich<\/strong> <strong>finden<\/strong> <\/h4><svg viewBox=\"0 0 24 24\" stroke-width=\"1.5\" fill=\"none\" xmlns=\"http:\/\/www.w3.org\/2000\/svg\" class=\"accordion-top__icon\"><path d=\"M3 12L21 12M21 12L12.5 3.5M21 12L12.5 20.5\" stroke-width=\"1.5\" stroke-linecap=\"round\" stroke-linejoin=\"round\"><\/path><\/svg><\/div><div class=\"accordion-content\">\n<p>Um ein Praktikum zu finden, k\u00f6nnen Bewerber Praktikumsangebote auf spezialisierten Plattformen und Jobportalen einsehen und ihren Lebenslauf dort hochladen.<\/p>\n\n\n\n<p><strong>Informationszentren und Institutionen<\/strong><\/p>\n\n\n\n<ul class=\"wp-block-list\">\n<li>Jugendinformationszentrum (CIDJ): <a href=\"http:\/\/www.cidj.com\" target=\"_blank\" rel=\"noreferrer noopener\">www.cidj.com<\/a><\/li>\n\n\n\n<li>ONISEP: <a href=\"http:\/\/www.onisep.fr\" target=\"_blank\" rel=\"noreferrer noopener\">www.onisep.fr<\/a><\/li>\n<\/ul>\n\n\n\n<p><strong>Private Plattformen zur Praktikumssuche<\/strong><\/p>\n\n\n\n<ul class=\"wp-block-list\">\n<li><a href=\"http:\/\/www.letudiant.fr\" target=\"_blank\" rel=\"noreferrer noopener\">www.letudiant.fr<\/a><\/li>\n\n\n\n<li><a href=\"http:\/\/www.directetudiant.com\" target=\"_blank\" rel=\"noreferrer noopener\">www.directetudiant.com<\/a><\/li>\n\n\n\n<li><a href=\"http:\/\/www.kapstages.com\" target=\"_blank\" rel=\"noreferrer noopener\">www.kapstages.com<\/a><\/li>\n\n\n\n<li><a href=\"http:\/\/www.stage.fr\" target=\"_blank\" rel=\"noreferrer noopener\">www.stage.fr<\/a><\/li>\n\n\n\n<li><a href=\"http:\/\/www.indeed.fr\" target=\"_blank\" rel=\"noreferrer noopener\">www.indeed.fr<\/a><\/li>\n\n\n\n<li><a href=\"http:\/\/www.en-stage.com\" target=\"_blank\" rel=\"noreferrer noopener\">www.en-stage.com<\/a><\/li>\n<\/ul>\n\n\n\n<p><strong>Die Praktikumssuche<\/strong><\/p>\n\n\n\n<p>Die Bewerbungen sollten fr\u00fchzeitig verschickt werden. Ein klar strukturierter Lebenslauf und ein individuell angepasstes Anschreiben sind erforderlich. Initiativbewerbungen sind ebenfalls m\u00f6glich.<\/p>\n\n\n\n<p><strong>Sprachkenntnisse<\/strong><\/p>\n\n\n\n<p>Die Arbeitssprache in Frankreich ist Franz\u00f6sisch. Ausl\u00e4ndische Bewerber m\u00fcssen Franz\u00f6sisch beherrschen, auch in internationalen Unternehmen. F\u00fcr internationale Positionen wird h\u00e4ufig Englisch verlangt.<\/p>\n<\/div><\/div>\n\n\n\n<div class=\"wp-block-frontaliers-grandest-plugin-frge-accordion-block\"><div class=\"accordion-top\"><h4 class=\"accordion-title\">Ein Praktikum in <strong>Luxemburg <strong>finden<\/strong> <\/strong><\/h4><svg viewBox=\"0 0 24 24\" stroke-width=\"1.5\" fill=\"none\" xmlns=\"http:\/\/www.w3.org\/2000\/svg\" class=\"accordion-top__icon\"><path d=\"M3 12L21 12M21 12L12.5 3.5M21 12L12.5 20.5\" stroke-width=\"1.5\" stroke-linecap=\"round\" stroke-linejoin=\"round\"><\/path><\/svg><\/div><div class=\"accordion-content\">\n<p>Um ein Praktikum zu finden, k\u00f6nnen Bewerber Praktikumsangebote auf spezialisierten Plattformen und Jobportalen einsehen und ihren Lebenslauf dort hochladen.<\/p>\n\n\n\n<p><strong>Kontaktstellen und Informationen<\/strong><\/p>\n\n\n\n<ul class=\"wp-block-list\">\n<li>Jugendinformationszentrum: <a href=\"http:\/\/www.jugendinfo.lu\" target=\"_blank\" rel=\"noreferrer noopener\">www.jugendinfo.lu<\/a><\/li>\n\n\n\n<li>Handwerkskammer: <a href=\"http:\/\/www.cdm.lu\" target=\"_blank\" rel=\"noreferrer noopener\">www.cdm.lu<\/a><\/li>\n\n\n\n<li>Handelskammer: <a href=\"http:\/\/www.cc.lu\">www.cc.lu<\/a><\/li>\n<\/ul>\n\n\n\n<p><strong>Private Plattformen zur Praktikumssuche<\/strong><\/p>\n\n\n\n<ul class=\"wp-block-list\">\n<li><a href=\"http:\/\/www.moovijob.com\" target=\"_blank\" rel=\"noreferrer noopener\">www.moovijob.com<\/a><\/li>\n\n\n\n<li><a href=\"http:\/\/www.optioncarriere.lu\" target=\"_blank\" rel=\"noreferrer noopener\">www.optioncarriere.lu<\/a><\/li>\n\n\n\n<li><a href=\"http:\/\/www.jobs.lu\" target=\"_blank\" rel=\"noreferrer noopener\">www.jobs.lu<\/a><\/li>\n\n\n\n<li><a href=\"http:\/\/www.stages-emplois.com\" target=\"_blank\" rel=\"noreferrer noopener\">www.stages-emplois.com<\/a> (Rubrik: \u201eStages au Luxembourg\u201c)<\/li>\n<\/ul>\n\n\n\n<p><strong>Initiativbewerbung<\/strong><\/p>\n\n\n\n<p>Das Online-Verzeichnis www.editus.lu bietet eine \u00dcbersicht der Unternehmen f\u00fcr Initiativbewerbungen.<\/p>\n\n\n\n<p><strong>Die Praktikumssuche<\/strong><\/p>\n\n\n\n<p>Die Bewerbung sollte 5 bis 6 Monate vor dem gew\u00fcnschten Praktikumsbeginn verschickt werden. Ein professioneller Lebenslauf, ein \u00fcberzeugendes Anschreiben und die Vorbereitung auf ein m\u00f6gliches Vorstellungsgespr\u00e4ch sind wichtig.<\/p>\n\n\n\n<p><strong>Sprachkenntnisse<\/strong><\/p>\n\n\n\n<p>In Luxemburg sind Luxemburgisch, Deutsch und Franz\u00f6sisch Amtssprachen. Die Kenntnis von zwei oder mehr dieser Sprachen ist von Vorteil.<br>Franz\u00f6sisch ist im Dienstleistungssektor, Handel und Gastgewerbe \u00fcblich,<br>Englisch in Industrie, Banken und IT. Deutsch wird oft in der Presse und in manchen Wirtschaftsbereichen genutzt.<strong> <\/strong>Etwa 75\u202f% der Einwohner sprechen ebenfalls Deutsch.<\/p>\n\n\n\n<p><strong>In der Schweiz<\/strong><\/p>\n\n\n\n<p><strong>Portale zur Praktikumssuche<\/strong><\/p>\n\n\n\n<ul class=\"wp-block-list\">\n<li><a href=\"https:\/\/www.students.ch\/fr\/\" target=\"_blank\" rel=\"noreferrer noopener\">https:\/\/www.students.ch\/fr\/<\/a> (mit Praktikumsbereich)<\/li>\n\n\n\n<li><a href=\"https:\/\/www.iagora.com\/\" target=\"_blank\" rel=\"noreferrer noopener\">https:\/\/www.iagora.com\/<\/a><\/li>\n\n\n\n<li><a href=\"http:\/\/www.optioncarriere.ch\">www.optionca<\/a><a href=\"http:\/\/www.optioncarriere.ch\" target=\"_blank\" rel=\"noreferrer noopener\">r<\/a><a href=\"http:\/\/www.optioncarriere.ch\">riere.ch<\/a><\/li>\n<\/ul>\n\n\n\n<p><strong>Initiativbewerbungen<\/strong><\/p>\n\n\n\n<p>Initiativbewerbungen sind oft erfolgreich f\u00fcr Praktika.<br>Die franz\u00f6sisch-schweizerische Handelskammer informiert \u00fcber Unternehmen: <a href=\"https:\/\/www.ccifs.ch\/\" target=\"_blank\" rel=\"noreferrer noopener\">https:\/\/www.ccifs.ch\/<\/a><\/p>\n\n\n\n<p><strong>Die Praktikumssuche<\/strong><\/p>\n\n\n\n<p>Bewerber sollten gezielt nach Unternehmen suchen, die ihren Qualifikationen und Interessen entsprechen. Der Lebenslauf sollte klar, pr\u00e4zise und nicht l\u00e4nger als eine A4-Seite sein. Das Anschreiben sollte die Wahl des Unternehmens und die Motivation f\u00fcr das Praktikum erl\u00e4utern.<\/p>\n\n\n\n<p><strong>Sprachkenntnisse<\/strong><\/p>\n\n\n\n<p>Die Schweiz hat vier Landessprachen: Deutsch, Franz\u00f6sisch, Italienisch und R\u00e4toromanisch. Je nach Region wird die entsprechende Sprache erwartet. In internationalen Unternehmen wird auch Englisch verwendet.<\/p>\n<\/div><\/div>\n","protected":false},"excerpt":{"rendered":"","protected":false},"author":7,"featured_media":0,"parent":7432,"menu_order":0,"comment_status":"closed","ping_status":"closed","template":"","meta":{"inline_featured_image":false,"footnotes":""},"tags":[],"frge_profile":[],"class_list":["post-7648","page","type-page","status-publish","hentry"],"yoast_head":"<!-- This site is optimized with the Yoast SEO plugin v27.1.1 - https:\/\/yoast.com\/product\/yoast-seo-wordpress\/ -->\n<title>Ein praktikum in der Grossregion finden - Frontaliers Grand Est<\/title>\n<meta name=\"robots\" content=\"index, follow, max-snippet:-1, max-image-preview:large, max-video-preview:-1\" \/>\n<link rel=\"canonical\" href=\"https:\/\/frontaliers-grandest.eu\/de\/startseite\/jugendliche\/praktikum\/ein-praktikum-in-der-grossregion-finden\/\" \/>\n<meta property=\"og:locale\" content=\"de_DE\" \/>\n<meta property=\"og:type\" content=\"article\" \/>\n<meta property=\"og:title\" content=\"Ein praktikum in der Grossregion finden - Frontaliers Grand Est\" \/>\n<meta property=\"og:url\" content=\"https:\/\/frontaliers-grandest.eu\/de\/startseite\/jugendliche\/praktikum\/ein-praktikum-in-der-grossregion-finden\/\" \/>\n<meta property=\"og:site_name\" content=\"Frontaliers Grand Est\" \/>\n<meta property=\"article:publisher\" content=\"https:\/\/www.facebook.com\/frontaliers.GR.EST\/?locale=fr_FR\" \/>\n<meta property=\"article:modified_time\" content=\"2025-10-30T11:12:08+00:00\" \/>\n<meta name=\"twitter:card\" content=\"summary_large_image\" \/>\n<meta name=\"twitter:label1\" content=\"Gesch\u00e4tzte Lesezeit\" \/>\n\t<meta name=\"twitter:data1\" content=\"4\u00a0Minuten\" \/>\n<script type=\"application\/ld+json\" class=\"yoast-schema-graph\">{\"@context\":\"https:\/\/schema.org\",\"@graph\":[{\"@type\":\"WebPage\",\"@id\":\"https:\/\/frontaliers-grandest.eu\/de\/startseite\/jugendliche\/praktikum\/ein-praktikum-in-der-grossregion-finden\/\",\"url\":\"https:\/\/frontaliers-grandest.eu\/de\/startseite\/jugendliche\/praktikum\/ein-praktikum-in-der-grossregion-finden\/\",\"name\":\"Ein praktikum in der Grossregion finden - Frontaliers Grand Est\",\"isPartOf\":{\"@id\":\"https:\/\/frontaliers-grandest.eu\/de\/#website\"},\"datePublished\":\"2025-10-30T11:12:07+00:00\",\"dateModified\":\"2025-10-30T11:12:08+00:00\",\"breadcrumb\":{\"@id\":\"https:\/\/frontaliers-grandest.eu\/de\/startseite\/jugendliche\/praktikum\/ein-praktikum-in-der-grossregion-finden\/#breadcrumb\"},\"inLanguage\":\"de\",\"potentialAction\":[{\"@type\":\"ReadAction\",\"target\":[\"https:\/\/frontaliers-grandest.eu\/de\/startseite\/jugendliche\/praktikum\/ein-praktikum-in-der-grossregion-finden\/\"]}]},{\"@type\":\"BreadcrumbList\",\"@id\":\"https:\/\/frontaliers-grandest.eu\/de\/startseite\/jugendliche\/praktikum\/ein-praktikum-in-der-grossregion-finden\/#breadcrumb\",\"itemListElement\":[{\"@type\":\"ListItem\",\"position\":1,\"name\":\"Startseite\",\"item\":\"https:\/\/frontaliers-grandest.eu\/de\/\"},{\"@type\":\"ListItem\",\"position\":2,\"name\":\"Jugendliche\",\"item\":\"https:\/\/frontaliers-grandest.eu\/de\/startseite\/jugendliche\/\"},{\"@type\":\"ListItem\",\"position\":3,\"name\":\"Praktikum\",\"item\":\"https:\/\/frontaliers-grandest.eu\/de\/startseite\/jugendliche\/praktikum\/\"},{\"@type\":\"ListItem\",\"position\":4,\"name\":\"Ein praktikum in der Grossregion finden\"}]},{\"@type\":\"WebSite\",\"@id\":\"https:\/\/frontaliers-grandest.eu\/de\/#website\",\"url\":\"https:\/\/frontaliers-grandest.eu\/de\/\",\"name\":\"Frontaliers Grand Est\",\"description\":\"Le site ressource du travail frontalier\",\"publisher\":{\"@id\":\"https:\/\/frontaliers-grandest.eu\/de\/#organization\"},\"alternateName\":\"Frontaliers Grand Est\",\"potentialAction\":[{\"@type\":\"SearchAction\",\"target\":{\"@type\":\"EntryPoint\",\"urlTemplate\":\"https:\/\/frontaliers-grandest.eu\/de\/?s={search_term_string}\"},\"query-input\":{\"@type\":\"PropertyValueSpecification\",\"valueRequired\":true,\"valueName\":\"search_term_string\"}}],\"inLanguage\":\"de\"},{\"@type\":\"Organization\",\"@id\":\"https:\/\/frontaliers-grandest.eu\/de\/#organization\",\"name\":\"Frontaliers Grand Est\",\"alternateName\":\"Frontaliers Grand Est\",\"url\":\"https:\/\/frontaliers-grandest.eu\/de\/\",\"logo\":{\"@type\":\"ImageObject\",\"inLanguage\":\"de\",\"@id\":\"https:\/\/frontaliers-grandest.eu\/de\/#\/schema\/logo\/image\/\",\"url\":\"https:\/\/frontaliers-grandest.eu\/wp-content\/uploads\/2025\/07\/260328234_2966785176920310_3332838526503858160_n.jpg\",\"contentUrl\":\"https:\/\/frontaliers-grandest.eu\/wp-content\/uploads\/2025\/07\/260328234_2966785176920310_3332838526503858160_n.jpg\",\"width\":396,\"height\":396,\"caption\":\"Frontaliers Grand Est\"},\"image\":{\"@id\":\"https:\/\/frontaliers-grandest.eu\/de\/#\/schema\/logo\/image\/\"},\"sameAs\":[\"https:\/\/www.facebook.com\/frontaliers.GR.EST\/?locale=fr_FR\"]}]}<\/script>\n<!-- \/ Yoast SEO plugin. -->","yoast_head_json":{"title":"Ein praktikum in der Grossregion finden - Frontaliers Grand Est","robots":{"index":"index","follow":"follow","max-snippet":"max-snippet:-1","max-image-preview":"max-image-preview:large","max-video-preview":"max-video-preview:-1"},"canonical":"https:\/\/frontaliers-grandest.eu\/de\/startseite\/jugendliche\/praktikum\/ein-praktikum-in-der-grossregion-finden\/","og_locale":"de_DE","og_type":"article","og_title":"Ein praktikum in der Grossregion finden - Frontaliers Grand Est","og_url":"https:\/\/frontaliers-grandest.eu\/de\/startseite\/jugendliche\/praktikum\/ein-praktikum-in-der-grossregion-finden\/","og_site_name":"Frontaliers Grand Est","article_publisher":"https:\/\/www.facebook.com\/frontaliers.GR.EST\/?locale=fr_FR","article_modified_time":"2025-10-30T11:12:08+00:00","twitter_card":"summary_large_image","twitter_misc":{"Gesch\u00e4tzte Lesezeit":"4\u00a0Minuten"},"schema":{"@context":"https:\/\/schema.org","@graph":[{"@type":"WebPage","@id":"https:\/\/frontaliers-grandest.eu\/de\/startseite\/jugendliche\/praktikum\/ein-praktikum-in-der-grossregion-finden\/","url":"https:\/\/frontaliers-grandest.eu\/de\/startseite\/jugendliche\/praktikum\/ein-praktikum-in-der-grossregion-finden\/","name":"Ein praktikum in der Grossregion finden - Frontaliers Grand Est","isPartOf":{"@id":"https:\/\/frontaliers-grandest.eu\/de\/#website"},"datePublished":"2025-10-30T11:12:07+00:00","dateModified":"2025-10-30T11:12:08+00:00","breadcrumb":{"@id":"https:\/\/frontaliers-grandest.eu\/de\/startseite\/jugendliche\/praktikum\/ein-praktikum-in-der-grossregion-finden\/#breadcrumb"},"inLanguage":"de","potentialAction":[{"@type":"ReadAction","target":["https:\/\/frontaliers-grandest.eu\/de\/startseite\/jugendliche\/praktikum\/ein-praktikum-in-der-grossregion-finden\/"]}]},{"@type":"BreadcrumbList","@id":"https:\/\/frontaliers-grandest.eu\/de\/startseite\/jugendliche\/praktikum\/ein-praktikum-in-der-grossregion-finden\/#breadcrumb","itemListElement":[{"@type":"ListItem","position":1,"name":"Startseite","item":"https:\/\/frontaliers-grandest.eu\/de\/"},{"@type":"ListItem","position":2,"name":"Jugendliche","item":"https:\/\/frontaliers-grandest.eu\/de\/startseite\/jugendliche\/"},{"@type":"ListItem","position":3,"name":"Praktikum","item":"https:\/\/frontaliers-grandest.eu\/de\/startseite\/jugendliche\/praktikum\/"},{"@type":"ListItem","position":4,"name":"Ein praktikum in der Grossregion finden"}]},{"@type":"WebSite","@id":"https:\/\/frontaliers-grandest.eu\/de\/#website","url":"https:\/\/frontaliers-grandest.eu\/de\/","name":"Frontaliers Grand Est","description":"Le site ressource du travail frontalier","publisher":{"@id":"https:\/\/frontaliers-grandest.eu\/de\/#organization"},"alternateName":"Frontaliers Grand Est","potentialAction":[{"@type":"SearchAction","target":{"@type":"EntryPoint","urlTemplate":"https:\/\/frontaliers-grandest.eu\/de\/?s={search_term_string}"},"query-input":{"@type":"PropertyValueSpecification","valueRequired":true,"valueName":"search_term_string"}}],"inLanguage":"de"},{"@type":"Organization","@id":"https:\/\/frontaliers-grandest.eu\/de\/#organization","name":"Frontaliers Grand Est","alternateName":"Frontaliers Grand Est","url":"https:\/\/frontaliers-grandest.eu\/de\/","logo":{"@type":"ImageObject","inLanguage":"de","@id":"https:\/\/frontaliers-grandest.eu\/de\/#\/schema\/logo\/image\/","url":"https:\/\/frontaliers-grandest.eu\/wp-content\/uploads\/2025\/07\/260328234_2966785176920310_3332838526503858160_n.jpg","contentUrl":"https:\/\/frontaliers-grandest.eu\/wp-content\/uploads\/2025\/07\/260328234_2966785176920310_3332838526503858160_n.jpg","width":396,"height":396,"caption":"Frontaliers Grand Est"},"image":{"@id":"https:\/\/frontaliers-grandest.eu\/de\/#\/schema\/logo\/image\/"},"sameAs":["https:\/\/www.facebook.com\/frontaliers.GR.EST\/?locale=fr_FR"]}]}},"frge_page_order":"0","_links":{"self":[{"href":"https:\/\/frontaliers-grandest.eu\/de\/wp-json\/wp\/v2\/pages\/7648","targetHints":{"allow":["GET"]}}],"collection":[{"href":"https:\/\/frontaliers-grandest.eu\/de\/wp-json\/wp\/v2\/pages"}],"about":[{"href":"https:\/\/frontaliers-grandest.eu\/de\/wp-json\/wp\/v2\/types\/page"}],"author":[{"embeddable":true,"href":"https:\/\/frontaliers-grandest.eu\/de\/wp-json\/wp\/v2\/users\/7"}],"replies":[{"embeddable":true,"href":"https:\/\/frontaliers-grandest.eu\/de\/wp-json\/wp\/v2\/comments?post=7648"}],"version-history":[{"count":7,"href":"https:\/\/frontaliers-grandest.eu\/de\/wp-json\/wp\/v2\/pages\/7648\/revisions"}],"predecessor-version":[{"id":54741,"href":"https:\/\/frontaliers-grandest.eu\/de\/wp-json\/wp\/v2\/pages\/7648\/revisions\/54741"}],"up":[{"embeddable":true,"href":"https:\/\/frontaliers-grandest.eu\/de\/wp-json\/wp\/v2\/pages\/7432"}],"wp:attachment":[{"href":"https:\/\/frontaliers-grandest.eu\/de\/wp-json\/wp\/v2\/media?parent=7648"}],"wp:term":[{"taxonomy":"post_tag","embeddable":true,"href":"https:\/\/frontaliers-grandest.eu\/de\/wp-json\/wp\/v2\/tags?post=7648"},{"taxonomy":"frge_profile","embeddable":true,"href":"https:\/\/frontaliers-grandest.eu\/de\/wp-json\/wp\/v2\/frge_profile?post=7648"}],"curies":[{"name":"wp","href":"https:\/\/api.w.org\/{rel}","templated":true}]}}