{"id":7646,"date":"2021-05-19T12:37:17","date_gmt":"2021-05-19T10:37:17","guid":{"rendered":"https:\/\/frontaliers-grandest.eu\/?page_id=7646"},"modified":"2024-07-25T11:41:58","modified_gmt":"2024-07-25T09:41:58","slug":"sprachtests","status":"publish","type":"page","link":"https:\/\/frontaliers-grandest.eu\/de\/startseite\/jugendliche\/studie-ausbildung\/anerkennung-der-diplome\/die-anerkennung-der-diplome-in-luxemburg\/sprachtests\/","title":{"rendered":"Sprachtests"},"content":{"rendered":"\n<h5 class=\"wp-block-heading\"><strong>F\u00fcr die Kandidaten der Drittl\u00e4nder<\/strong><\/h5>\n\n\n\n<p>Die Sprachtests sind in den Aufnahmepr\u00fcfungen inbegriffen.<\/p>\n\n\n\n<h5 class=\"wp-block-heading\"><strong>Die Kandidaten mit Staatsb\u00fcrgerschaft der Europ\u00e4ischen Union<\/strong><\/h5>\n\n\n\n<p>Um ein Sprachniveau auf der Grundlage einer europ\u00e4ischen Zertifizierung zu best\u00e4tigen, m\u00fcssen sich die Kandidaten an das nationale Sprachinstitut (Institut National des Langues) in Luxemburg (<a href=\"http:\/\/www.insl.lu\" target=\"_blank\" rel=\"noreferrer noopener\">www.insl.lu<\/a>) wenden. Das Institut organisiert Sprachtests in Zusammenarbeit mit den spezialisierten Instituten, im Besonderen f\u00fcr die folgenden Sprachen:<\/p>\n\n\n\n<ul class=\"wp-block-list\"><li><strong>Englisch<\/strong>: Tests des International English Language Testing System (IELTS).<\/li><li><strong>Deutsch<\/strong>: Tests des Goethe Institut.<\/li><li><strong>Letzeburgisch<\/strong>: Pr\u00fcfung in Letzeburgisch, die in Zusammenarbeit mit dem luxemburgischen Ministerium f\u00fcr nationale Erziehung und berufliche Bildung (Minist\u00e8re de l\u2019\u00c9ducation Nationale et de la Formation Professionnelle) organisiert wird.<\/li><\/ul>\n","protected":false},"excerpt":{"rendered":"<p>F\u00fcr die Kandidaten der Drittl\u00e4nder Die Sprachtests sind in den Aufnahmepr\u00fcfungen inbegriffen. Die Kandidaten mit Staatsb\u00fcrgerschaft der Europ\u00e4ischen Union Um ein Sprachniveau auf der Grundlage einer europ\u00e4ischen Zertifizierung zu best\u00e4tigen, m\u00fcssen sich die Kandidaten an das nationale Sprachinstitut (Institut National des Langues) in Luxemburg (www.insl.lu) wenden. Das Institut organisiert Sprachtests in Zusammenarbeit mit den spezialisierten [&hellip;]<\/p>\n","protected":false},"author":7,"featured_media":0,"parent":7592,"menu_order":2,"comment_status":"closed","ping_status":"closed","template":"","meta":{"inline_featured_image":false,"footnotes":""},"tags":[],"frge_profile":[],"class_list":["post-7646","page","type-page","status-publish","hentry"],"yoast_head":"<!-- This site is optimized with the Yoast SEO plugin v27.1.1 - https:\/\/yoast.com\/product\/yoast-seo-wordpress\/ -->\n<title>Sprachtests f\u00fcr kandidaten in Luxemburg: eu- und drittl\u00e4nder<\/title>\n<meta name=\"description\" content=\"Sprachtests: Kandidaten aus Drittl\u00e4ndern m\u00fcssen Tests ablegen. EU-B\u00fcrger best\u00e4tigen ihr Sprachniveau \u00fcber das Institut National des Langues in Luxemburg.\" \/>\n<meta name=\"robots\" content=\"index, follow, max-snippet:-1, max-image-preview:large, max-video-preview:-1\" \/>\n<link rel=\"canonical\" href=\"https:\/\/frontaliers-grandest.eu\/de\/startseite\/jugendliche\/studie-ausbildung\/anerkennung-der-diplome\/die-anerkennung-der-diplome-in-luxemburg\/sprachtests\/\" \/>\n<meta property=\"og:locale\" content=\"de_DE\" \/>\n<meta property=\"og:type\" content=\"article\" \/>\n<meta property=\"og:title\" content=\"Sprachtests f\u00fcr kandidaten in Luxemburg: eu- und drittl\u00e4nder\" \/>\n<meta property=\"og:description\" content=\"Sprachtests: Kandidaten aus Drittl\u00e4ndern m\u00fcssen Tests ablegen. EU-B\u00fcrger best\u00e4tigen ihr Sprachniveau \u00fcber das Institut National des Langues in Luxemburg.\" \/>\n<meta property=\"og:url\" content=\"https:\/\/frontaliers-grandest.eu\/de\/startseite\/jugendliche\/studie-ausbildung\/anerkennung-der-diplome\/die-anerkennung-der-diplome-in-luxemburg\/sprachtests\/\" \/>\n<meta property=\"og:site_name\" content=\"Frontaliers Grand Est\" \/>\n<meta property=\"article:publisher\" content=\"https:\/\/www.facebook.com\/frontaliers.GR.EST\/?locale=fr_FR\" \/>\n<meta property=\"article:modified_time\" content=\"2024-07-25T09:41:58+00:00\" \/>\n<meta name=\"twitter:card\" content=\"summary_large_image\" \/>\n<meta name=\"twitter:label1\" content=\"Gesch\u00e4tzte Lesezeit\" \/>\n\t<meta name=\"twitter:data1\" content=\"1\u00a0Minute\" \/>\n<script type=\"application\/ld+json\" class=\"yoast-schema-graph\">{\"@context\":\"https:\/\/schema.org\",\"@graph\":[{\"@type\":\"WebPage\",\"@id\":\"https:\/\/frontaliers-grandest.eu\/de\/startseite\/jugendliche\/studie-ausbildung\/anerkennung-der-diplome\/die-anerkennung-der-diplome-in-luxemburg\/sprachtests\/\",\"url\":\"https:\/\/frontaliers-grandest.eu\/de\/startseite\/jugendliche\/studie-ausbildung\/anerkennung-der-diplome\/die-anerkennung-der-diplome-in-luxemburg\/sprachtests\/\",\"name\":\"Sprachtests f\u00fcr kandidaten in Luxemburg: eu- und drittl\u00e4nder\",\"isPartOf\":{\"@id\":\"https:\/\/frontaliers-grandest.eu\/de\/#website\"},\"datePublished\":\"2021-05-19T10:37:17+00:00\",\"dateModified\":\"2024-07-25T09:41:58+00:00\",\"description\":\"Sprachtests: Kandidaten aus Drittl\u00e4ndern m\u00fcssen Tests ablegen. EU-B\u00fcrger best\u00e4tigen ihr Sprachniveau \u00fcber das Institut National des Langues in Luxemburg.\",\"breadcrumb\":{\"@id\":\"https:\/\/frontaliers-grandest.eu\/de\/startseite\/jugendliche\/studie-ausbildung\/anerkennung-der-diplome\/die-anerkennung-der-diplome-in-luxemburg\/sprachtests\/#breadcrumb\"},\"inLanguage\":\"de\",\"potentialAction\":[{\"@type\":\"ReadAction\",\"target\":[\"https:\/\/frontaliers-grandest.eu\/de\/startseite\/jugendliche\/studie-ausbildung\/anerkennung-der-diplome\/die-anerkennung-der-diplome-in-luxemburg\/sprachtests\/\"]}]},{\"@type\":\"BreadcrumbList\",\"@id\":\"https:\/\/frontaliers-grandest.eu\/de\/startseite\/jugendliche\/studie-ausbildung\/anerkennung-der-diplome\/die-anerkennung-der-diplome-in-luxemburg\/sprachtests\/#breadcrumb\",\"itemListElement\":[{\"@type\":\"ListItem\",\"position\":1,\"name\":\"Startseite\",\"item\":\"https:\/\/frontaliers-grandest.eu\/de\/\"},{\"@type\":\"ListItem\",\"position\":2,\"name\":\"Jugendliche\",\"item\":\"https:\/\/frontaliers-grandest.eu\/de\/startseite\/jugendliche\/\"},{\"@type\":\"ListItem\",\"position\":3,\"name\":\"Studie \/ Ausbildung\",\"item\":\"https:\/\/frontaliers-grandest.eu\/de\/startseite\/jugendliche\/studie-ausbildung\/\"},{\"@type\":\"ListItem\",\"position\":4,\"name\":\"Anerkennung der Diplome\",\"item\":\"https:\/\/frontaliers-grandest.eu\/de\/startseite\/jugendliche\/studie-ausbildung\/anerkennung-der-diplome\/\"},{\"@type\":\"ListItem\",\"position\":5,\"name\":\"Die anerkennung der diplome in Luxemburg\",\"item\":\"https:\/\/frontaliers-grandest.eu\/de\/startseite\/jugendliche\/studie-ausbildung\/anerkennung-der-diplome\/die-anerkennung-der-diplome-in-luxemburg\/\"},{\"@type\":\"ListItem\",\"position\":6,\"name\":\"Sprachtests\"}]},{\"@type\":\"WebSite\",\"@id\":\"https:\/\/frontaliers-grandest.eu\/de\/#website\",\"url\":\"https:\/\/frontaliers-grandest.eu\/de\/\",\"name\":\"Frontaliers Grand Est\",\"description\":\"Le site ressource du travail frontalier\",\"publisher\":{\"@id\":\"https:\/\/frontaliers-grandest.eu\/de\/#organization\"},\"alternateName\":\"Frontaliers Grand Est\",\"potentialAction\":[{\"@type\":\"SearchAction\",\"target\":{\"@type\":\"EntryPoint\",\"urlTemplate\":\"https:\/\/frontaliers-grandest.eu\/de\/?s={search_term_string}\"},\"query-input\":{\"@type\":\"PropertyValueSpecification\",\"valueRequired\":true,\"valueName\":\"search_term_string\"}}],\"inLanguage\":\"de\"},{\"@type\":\"Organization\",\"@id\":\"https:\/\/frontaliers-grandest.eu\/de\/#organization\",\"name\":\"Frontaliers Grand Est\",\"alternateName\":\"Frontaliers Grand Est\",\"url\":\"https:\/\/frontaliers-grandest.eu\/de\/\",\"logo\":{\"@type\":\"ImageObject\",\"inLanguage\":\"de\",\"@id\":\"https:\/\/frontaliers-grandest.eu\/de\/#\/schema\/logo\/image\/\",\"url\":\"https:\/\/frontaliers-grandest.eu\/wp-content\/uploads\/2025\/07\/260328234_2966785176920310_3332838526503858160_n.jpg\",\"contentUrl\":\"https:\/\/frontaliers-grandest.eu\/wp-content\/uploads\/2025\/07\/260328234_2966785176920310_3332838526503858160_n.jpg\",\"width\":396,\"height\":396,\"caption\":\"Frontaliers Grand Est\"},\"image\":{\"@id\":\"https:\/\/frontaliers-grandest.eu\/de\/#\/schema\/logo\/image\/\"},\"sameAs\":[\"https:\/\/www.facebook.com\/frontaliers.GR.EST\/?locale=fr_FR\"]}]}<\/script>\n<!-- \/ Yoast SEO plugin. -->","yoast_head_json":{"title":"Sprachtests f\u00fcr kandidaten in Luxemburg: eu- und drittl\u00e4nder","description":"Sprachtests: Kandidaten aus Drittl\u00e4ndern m\u00fcssen Tests ablegen. EU-B\u00fcrger best\u00e4tigen ihr Sprachniveau \u00fcber das Institut National des Langues in Luxemburg.","robots":{"index":"index","follow":"follow","max-snippet":"max-snippet:-1","max-image-preview":"max-image-preview:large","max-video-preview":"max-video-preview:-1"},"canonical":"https:\/\/frontaliers-grandest.eu\/de\/startseite\/jugendliche\/studie-ausbildung\/anerkennung-der-diplome\/die-anerkennung-der-diplome-in-luxemburg\/sprachtests\/","og_locale":"de_DE","og_type":"article","og_title":"Sprachtests f\u00fcr kandidaten in Luxemburg: eu- und drittl\u00e4nder","og_description":"Sprachtests: Kandidaten aus Drittl\u00e4ndern m\u00fcssen Tests ablegen. EU-B\u00fcrger best\u00e4tigen ihr Sprachniveau \u00fcber das Institut National des Langues in Luxemburg.","og_url":"https:\/\/frontaliers-grandest.eu\/de\/startseite\/jugendliche\/studie-ausbildung\/anerkennung-der-diplome\/die-anerkennung-der-diplome-in-luxemburg\/sprachtests\/","og_site_name":"Frontaliers Grand Est","article_publisher":"https:\/\/www.facebook.com\/frontaliers.GR.EST\/?locale=fr_FR","article_modified_time":"2024-07-25T09:41:58+00:00","twitter_card":"summary_large_image","twitter_misc":{"Gesch\u00e4tzte Lesezeit":"1\u00a0Minute"},"schema":{"@context":"https:\/\/schema.org","@graph":[{"@type":"WebPage","@id":"https:\/\/frontaliers-grandest.eu\/de\/startseite\/jugendliche\/studie-ausbildung\/anerkennung-der-diplome\/die-anerkennung-der-diplome-in-luxemburg\/sprachtests\/","url":"https:\/\/frontaliers-grandest.eu\/de\/startseite\/jugendliche\/studie-ausbildung\/anerkennung-der-diplome\/die-anerkennung-der-diplome-in-luxemburg\/sprachtests\/","name":"Sprachtests f\u00fcr kandidaten in Luxemburg: eu- und drittl\u00e4nder","isPartOf":{"@id":"https:\/\/frontaliers-grandest.eu\/de\/#website"},"datePublished":"2021-05-19T10:37:17+00:00","dateModified":"2024-07-25T09:41:58+00:00","description":"Sprachtests: Kandidaten aus Drittl\u00e4ndern m\u00fcssen Tests ablegen. EU-B\u00fcrger best\u00e4tigen ihr Sprachniveau \u00fcber das Institut National des Langues in Luxemburg.","breadcrumb":{"@id":"https:\/\/frontaliers-grandest.eu\/de\/startseite\/jugendliche\/studie-ausbildung\/anerkennung-der-diplome\/die-anerkennung-der-diplome-in-luxemburg\/sprachtests\/#breadcrumb"},"inLanguage":"de","potentialAction":[{"@type":"ReadAction","target":["https:\/\/frontaliers-grandest.eu\/de\/startseite\/jugendliche\/studie-ausbildung\/anerkennung-der-diplome\/die-anerkennung-der-diplome-in-luxemburg\/sprachtests\/"]}]},{"@type":"BreadcrumbList","@id":"https:\/\/frontaliers-grandest.eu\/de\/startseite\/jugendliche\/studie-ausbildung\/anerkennung-der-diplome\/die-anerkennung-der-diplome-in-luxemburg\/sprachtests\/#breadcrumb","itemListElement":[{"@type":"ListItem","position":1,"name":"Startseite","item":"https:\/\/frontaliers-grandest.eu\/de\/"},{"@type":"ListItem","position":2,"name":"Jugendliche","item":"https:\/\/frontaliers-grandest.eu\/de\/startseite\/jugendliche\/"},{"@type":"ListItem","position":3,"name":"Studie \/ Ausbildung","item":"https:\/\/frontaliers-grandest.eu\/de\/startseite\/jugendliche\/studie-ausbildung\/"},{"@type":"ListItem","position":4,"name":"Anerkennung der Diplome","item":"https:\/\/frontaliers-grandest.eu\/de\/startseite\/jugendliche\/studie-ausbildung\/anerkennung-der-diplome\/"},{"@type":"ListItem","position":5,"name":"Die anerkennung der diplome in Luxemburg","item":"https:\/\/frontaliers-grandest.eu\/de\/startseite\/jugendliche\/studie-ausbildung\/anerkennung-der-diplome\/die-anerkennung-der-diplome-in-luxemburg\/"},{"@type":"ListItem","position":6,"name":"Sprachtests"}]},{"@type":"WebSite","@id":"https:\/\/frontaliers-grandest.eu\/de\/#website","url":"https:\/\/frontaliers-grandest.eu\/de\/","name":"Frontaliers Grand Est","description":"Le site ressource du travail frontalier","publisher":{"@id":"https:\/\/frontaliers-grandest.eu\/de\/#organization"},"alternateName":"Frontaliers Grand Est","potentialAction":[{"@type":"SearchAction","target":{"@type":"EntryPoint","urlTemplate":"https:\/\/frontaliers-grandest.eu\/de\/?s={search_term_string}"},"query-input":{"@type":"PropertyValueSpecification","valueRequired":true,"valueName":"search_term_string"}}],"inLanguage":"de"},{"@type":"Organization","@id":"https:\/\/frontaliers-grandest.eu\/de\/#organization","name":"Frontaliers Grand Est","alternateName":"Frontaliers Grand Est","url":"https:\/\/frontaliers-grandest.eu\/de\/","logo":{"@type":"ImageObject","inLanguage":"de","@id":"https:\/\/frontaliers-grandest.eu\/de\/#\/schema\/logo\/image\/","url":"https:\/\/frontaliers-grandest.eu\/wp-content\/uploads\/2025\/07\/260328234_2966785176920310_3332838526503858160_n.jpg","contentUrl":"https:\/\/frontaliers-grandest.eu\/wp-content\/uploads\/2025\/07\/260328234_2966785176920310_3332838526503858160_n.jpg","width":396,"height":396,"caption":"Frontaliers Grand Est"},"image":{"@id":"https:\/\/frontaliers-grandest.eu\/de\/#\/schema\/logo\/image\/"},"sameAs":["https:\/\/www.facebook.com\/frontaliers.GR.EST\/?locale=fr_FR"]}]}},"frge_page_order":0,"_links":{"self":[{"href":"https:\/\/frontaliers-grandest.eu\/de\/wp-json\/wp\/v2\/pages\/7646","targetHints":{"allow":["GET"]}}],"collection":[{"href":"https:\/\/frontaliers-grandest.eu\/de\/wp-json\/wp\/v2\/pages"}],"about":[{"href":"https:\/\/frontaliers-grandest.eu\/de\/wp-json\/wp\/v2\/types\/page"}],"author":[{"embeddable":true,"href":"https:\/\/frontaliers-grandest.eu\/de\/wp-json\/wp\/v2\/users\/7"}],"replies":[{"embeddable":true,"href":"https:\/\/frontaliers-grandest.eu\/de\/wp-json\/wp\/v2\/comments?post=7646"}],"version-history":[{"count":1,"href":"https:\/\/frontaliers-grandest.eu\/de\/wp-json\/wp\/v2\/pages\/7646\/revisions"}],"predecessor-version":[{"id":7647,"href":"https:\/\/frontaliers-grandest.eu\/de\/wp-json\/wp\/v2\/pages\/7646\/revisions\/7647"}],"up":[{"embeddable":true,"href":"https:\/\/frontaliers-grandest.eu\/de\/wp-json\/wp\/v2\/pages\/7592"}],"wp:attachment":[{"href":"https:\/\/frontaliers-grandest.eu\/de\/wp-json\/wp\/v2\/media?parent=7646"}],"wp:term":[{"taxonomy":"post_tag","embeddable":true,"href":"https:\/\/frontaliers-grandest.eu\/de\/wp-json\/wp\/v2\/tags?post=7646"},{"taxonomy":"frge_profile","embeddable":true,"href":"https:\/\/frontaliers-grandest.eu\/de\/wp-json\/wp\/v2\/frge_profile?post=7646"}],"curies":[{"name":"wp","href":"https:\/\/api.w.org\/{rel}","templated":true}]}}