{"id":7644,"date":"2021-05-19T12:35:23","date_gmt":"2021-05-19T10:35:23","guid":{"rendered":"https:\/\/frontaliers-grandest.eu\/?page_id=7644"},"modified":"2024-03-13T12:05:29","modified_gmt":"2024-03-13T11:05:29","slug":"hochschulstudien-fortsetzen","status":"publish","type":"page","link":"https:\/\/frontaliers-grandest.eu\/de\/startseite\/jugendliche\/studie-ausbildung\/anerkennung-der-diplome\/die-anerkennung-der-diplome-in-luxemburg\/hochschulstudien-fortsetzen\/","title":{"rendered":"Hochschulstudien fortsetzen"},"content":{"rendered":"\n<h4 class=\"wp-block-heading\">Kandidaten mit Staatsb\u00fcrgerschaften der Europ\u00e4ischen Union<\/h4>\n\n\n\n<p>Jeder Student, der sich w\u00e4hrend der Studien an der Universit\u00e4t von Luxemburg anmelden m\u00f6chte, muss verpflichtend sein vorheriges universit\u00e4res oder Hochschuldiplom in das Register der Titel von Luxemburg eintragen. Die Eintragung erfolgt \u00fcber die folgende Adresse:<\/p>\n\n\n\n<figure class=\"wp-block-pullquote\"><blockquote><p><strong>Minist\u00e8re de l\u2019Enseignement Sup\u00e9rieur et de la Recherche<\/strong> <\/p><p>20, Mont\u00e9e de la P\u00e9trusse <br>L &#8211; 2912 Luxembourg <br>Tel. +352 247 86 639 <br><a href=\"http:\/\/www.mesr.public.lu\" target=\"_blank\" rel=\"noreferrer noopener\">www.mesr.public.lu<\/a><\/p><\/blockquote><\/figure>\n\n\n\n<p>Ein ausl\u00e4ndischer Hochschulstudientitel wird unter den folgenden Bedingungen ins Register der Titel eingetragen:<\/p>\n\n\n\n<ul class=\"wp-block-list\"><li>Falls er gem\u00e4\u00df den Gesetzen und Regelungen des Landes erlassen wurde, in dem der Titel verliehen wurde.<\/li><li>Falls er einen definitiven Hochschulstudientitel darstellt.<\/li><li>Falls es Studien von einer Dauer von mindestens 3 Jahren vorsieht.<\/li><\/ul>\n\n\n\n<div class=\"wp-block-buttons is-layout-flex wp-block-buttons-is-layout-flex\">\n<div class=\"wp-block-button is-style-outline is-style-outline--1\"><a class=\"wp-block-button__link\" href=\"http:\/\/www.guichet.public.lu\" target=\"_blank\" rel=\"noreferrer noopener\"><strong>Informationen und Formulare finden Sie auf der Webseite unter<\/strong> www.guichet.public.lu.<\/a><\/div>\n<\/div>\n\n\n\n<p>Nach ihrem Erhalt muss eine Abschrift der Eintragung beim Service des \u00c9tudes et de la Vie \u00c9tudiante im Register hinterlegt werden. Falls dies nicht erfolgt, kann kein Diplom, das von der Universit\u00e4t Luxemburg erlassen wird, ausgeh\u00e4ndigt werden.<\/p>\n\n\n\n<h4 class=\"wp-block-heading\">Kandidaten mit Staatsb\u00fcrgerschaften ausserhalb der Europ\u00e4ischen Union<\/h4>\n\n\n\n<p>Alle Studenten, die aus Drittl\u00e4ndern stammen (und nicht in Luxemburg ans\u00e4ssig sind) und sich ins dritte oder f\u00fcnfte Semester des Bachelorstudiums, einen Masterstudiengang oder f\u00fcr ein Doktorat anmelden m\u00f6chten, m\u00fcssen sich bei SEVE-B\u00fcro vorstellen und ihr Hochschuldiplom dabei haben.<\/p>\n\n\n\n<p>Das SEVE wird dann eine Aufnahmepr\u00fcfung einberufen.<\/p>\n\n\n\n<p>Gleichzeitig muss die Online-Anmeldung auf der Webseite der Universit\u00e4t erfolgen.<\/p>\n\n\n\n<h5 class=\"wp-block-heading\">Die Aufnahmepr\u00fcfung besteht aus den folgenden Tests:<\/h5>\n\n\n\n<ul class=\"wp-block-list\"><li>Aus eine Sprachtest in zwei Sprachen der ausgew\u00e4hlten Studienrichtung.<\/li><li>Aus einer Aufsatzprobe zu einem Thema des Allgemeinwissens in einer der beiden Sprachen der ausgew\u00e4hlten Studienrichtung.<\/li><li>Aus einem Mathematiktest.<\/li><\/ul>\n\n\n\n<p>Falls der Kandidat die Aufnahmepr\u00fcfung besteht, muss er einen Antrag zwecks Anerkennung der in der Vergangenheit absolvierten Universit\u00e4tsstudien (f\u00fcr das ganze erfolgreich abgeschlossene Universit\u00e4tsjahr) stellen. In diesem Falle muss er sich mit dem SEVE-B\u00fcro in Verbindung setzen. Dieses wird seine Unterlagen an das Bewertungskomitee der Fakult\u00e4t \u00fcbermitteln, das seinerseits die Entscheidung \u00fcber das Niveau der Aufnahme (zweites oder drittes Jahr Bachelor, Master) treffen wird.<\/p>\n","protected":false},"excerpt":{"rendered":"<p>Kandidaten mit Staatsb\u00fcrgerschaften der Europ\u00e4ischen Union Jeder Student, der sich w\u00e4hrend der Studien an der Universit\u00e4t von Luxemburg anmelden m\u00f6chte, muss verpflichtend sein vorheriges universit\u00e4res oder Hochschuldiplom in das Register der Titel von Luxemburg eintragen. Die Eintragung erfolgt \u00fcber die folgende Adresse: Minist\u00e8re de l\u2019Enseignement Sup\u00e9rieur et de la Recherche 20, Mont\u00e9e de la P\u00e9trusse [&hellip;]<\/p>\n","protected":false},"author":7,"featured_media":0,"parent":7592,"menu_order":1,"comment_status":"closed","ping_status":"closed","template":"","meta":{"inline_featured_image":false,"footnotes":""},"tags":[],"frge_profile":[],"class_list":["post-7644","page","type-page","status-publish","hentry"],"yoast_head":"<!-- This site is optimized with the Yoast SEO plugin v27.1.1 - https:\/\/yoast.com\/product\/yoast-seo-wordpress\/ -->\n<title>Hochschulstudien fortsetzen - Frontaliers Grand Est<\/title>\n<meta name=\"robots\" content=\"index, follow, max-snippet:-1, max-image-preview:large, max-video-preview:-1\" \/>\n<link rel=\"canonical\" href=\"https:\/\/frontaliers-grandest.eu\/de\/startseite\/jugendliche\/studie-ausbildung\/anerkennung-der-diplome\/die-anerkennung-der-diplome-in-luxemburg\/hochschulstudien-fortsetzen\/\" \/>\n<meta property=\"og:locale\" content=\"de_DE\" \/>\n<meta property=\"og:type\" content=\"article\" \/>\n<meta property=\"og:title\" content=\"Hochschulstudien fortsetzen - Frontaliers Grand Est\" \/>\n<meta property=\"og:description\" content=\"Kandidaten mit Staatsb\u00fcrgerschaften der Europ\u00e4ischen Union Jeder Student, der sich w\u00e4hrend der Studien an der Universit\u00e4t von Luxemburg anmelden m\u00f6chte, muss verpflichtend sein vorheriges universit\u00e4res oder Hochschuldiplom in das Register der Titel von Luxemburg eintragen. Die Eintragung erfolgt \u00fcber die folgende Adresse: Minist\u00e8re de l\u2019Enseignement Sup\u00e9rieur et de la Recherche 20, Mont\u00e9e de la P\u00e9trusse [&hellip;]\" \/>\n<meta property=\"og:url\" content=\"https:\/\/frontaliers-grandest.eu\/de\/startseite\/jugendliche\/studie-ausbildung\/anerkennung-der-diplome\/die-anerkennung-der-diplome-in-luxemburg\/hochschulstudien-fortsetzen\/\" \/>\n<meta property=\"og:site_name\" content=\"Frontaliers Grand Est\" \/>\n<meta property=\"article:publisher\" content=\"https:\/\/www.facebook.com\/frontaliers.GR.EST\/?locale=fr_FR\" \/>\n<meta property=\"article:modified_time\" content=\"2024-03-13T11:05:29+00:00\" \/>\n<meta name=\"twitter:card\" content=\"summary_large_image\" \/>\n<meta name=\"twitter:label1\" content=\"Gesch\u00e4tzte Lesezeit\" \/>\n\t<meta name=\"twitter:data1\" content=\"2\u00a0Minuten\" \/>\n<script type=\"application\/ld+json\" class=\"yoast-schema-graph\">{\"@context\":\"https:\/\/schema.org\",\"@graph\":[{\"@type\":\"WebPage\",\"@id\":\"https:\/\/frontaliers-grandest.eu\/de\/startseite\/jugendliche\/studie-ausbildung\/anerkennung-der-diplome\/die-anerkennung-der-diplome-in-luxemburg\/hochschulstudien-fortsetzen\/\",\"url\":\"https:\/\/frontaliers-grandest.eu\/de\/startseite\/jugendliche\/studie-ausbildung\/anerkennung-der-diplome\/die-anerkennung-der-diplome-in-luxemburg\/hochschulstudien-fortsetzen\/\",\"name\":\"Hochschulstudien fortsetzen - Frontaliers Grand Est\",\"isPartOf\":{\"@id\":\"https:\/\/frontaliers-grandest.eu\/de\/#website\"},\"datePublished\":\"2021-05-19T10:35:23+00:00\",\"dateModified\":\"2024-03-13T11:05:29+00:00\",\"breadcrumb\":{\"@id\":\"https:\/\/frontaliers-grandest.eu\/de\/startseite\/jugendliche\/studie-ausbildung\/anerkennung-der-diplome\/die-anerkennung-der-diplome-in-luxemburg\/hochschulstudien-fortsetzen\/#breadcrumb\"},\"inLanguage\":\"de\",\"potentialAction\":[{\"@type\":\"ReadAction\",\"target\":[\"https:\/\/frontaliers-grandest.eu\/de\/startseite\/jugendliche\/studie-ausbildung\/anerkennung-der-diplome\/die-anerkennung-der-diplome-in-luxemburg\/hochschulstudien-fortsetzen\/\"]}]},{\"@type\":\"BreadcrumbList\",\"@id\":\"https:\/\/frontaliers-grandest.eu\/de\/startseite\/jugendliche\/studie-ausbildung\/anerkennung-der-diplome\/die-anerkennung-der-diplome-in-luxemburg\/hochschulstudien-fortsetzen\/#breadcrumb\",\"itemListElement\":[{\"@type\":\"ListItem\",\"position\":1,\"name\":\"Startseite\",\"item\":\"https:\/\/frontaliers-grandest.eu\/de\/\"},{\"@type\":\"ListItem\",\"position\":2,\"name\":\"Jugendliche\",\"item\":\"https:\/\/frontaliers-grandest.eu\/de\/startseite\/jugendliche\/\"},{\"@type\":\"ListItem\",\"position\":3,\"name\":\"Studie \/ Ausbildung\",\"item\":\"https:\/\/frontaliers-grandest.eu\/de\/startseite\/jugendliche\/studie-ausbildung\/\"},{\"@type\":\"ListItem\",\"position\":4,\"name\":\"Anerkennung der Diplome\",\"item\":\"https:\/\/frontaliers-grandest.eu\/de\/startseite\/jugendliche\/studie-ausbildung\/anerkennung-der-diplome\/\"},{\"@type\":\"ListItem\",\"position\":5,\"name\":\"Die anerkennung der diplome in Luxemburg\",\"item\":\"https:\/\/frontaliers-grandest.eu\/de\/startseite\/jugendliche\/studie-ausbildung\/anerkennung-der-diplome\/die-anerkennung-der-diplome-in-luxemburg\/\"},{\"@type\":\"ListItem\",\"position\":6,\"name\":\"Hochschulstudien fortsetzen\"}]},{\"@type\":\"WebSite\",\"@id\":\"https:\/\/frontaliers-grandest.eu\/de\/#website\",\"url\":\"https:\/\/frontaliers-grandest.eu\/de\/\",\"name\":\"Frontaliers Grand Est\",\"description\":\"Le site ressource du travail frontalier\",\"publisher\":{\"@id\":\"https:\/\/frontaliers-grandest.eu\/de\/#organization\"},\"alternateName\":\"Frontaliers Grand Est\",\"potentialAction\":[{\"@type\":\"SearchAction\",\"target\":{\"@type\":\"EntryPoint\",\"urlTemplate\":\"https:\/\/frontaliers-grandest.eu\/de\/?s={search_term_string}\"},\"query-input\":{\"@type\":\"PropertyValueSpecification\",\"valueRequired\":true,\"valueName\":\"search_term_string\"}}],\"inLanguage\":\"de\"},{\"@type\":\"Organization\",\"@id\":\"https:\/\/frontaliers-grandest.eu\/de\/#organization\",\"name\":\"Frontaliers Grand Est\",\"alternateName\":\"Frontaliers Grand Est\",\"url\":\"https:\/\/frontaliers-grandest.eu\/de\/\",\"logo\":{\"@type\":\"ImageObject\",\"inLanguage\":\"de\",\"@id\":\"https:\/\/frontaliers-grandest.eu\/de\/#\/schema\/logo\/image\/\",\"url\":\"https:\/\/frontaliers-grandest.eu\/wp-content\/uploads\/2025\/07\/260328234_2966785176920310_3332838526503858160_n.jpg\",\"contentUrl\":\"https:\/\/frontaliers-grandest.eu\/wp-content\/uploads\/2025\/07\/260328234_2966785176920310_3332838526503858160_n.jpg\",\"width\":396,\"height\":396,\"caption\":\"Frontaliers Grand Est\"},\"image\":{\"@id\":\"https:\/\/frontaliers-grandest.eu\/de\/#\/schema\/logo\/image\/\"},\"sameAs\":[\"https:\/\/www.facebook.com\/frontaliers.GR.EST\/?locale=fr_FR\"]}]}<\/script>\n<!-- \/ Yoast SEO plugin. -->","yoast_head_json":{"title":"Hochschulstudien fortsetzen - Frontaliers Grand Est","robots":{"index":"index","follow":"follow","max-snippet":"max-snippet:-1","max-image-preview":"max-image-preview:large","max-video-preview":"max-video-preview:-1"},"canonical":"https:\/\/frontaliers-grandest.eu\/de\/startseite\/jugendliche\/studie-ausbildung\/anerkennung-der-diplome\/die-anerkennung-der-diplome-in-luxemburg\/hochschulstudien-fortsetzen\/","og_locale":"de_DE","og_type":"article","og_title":"Hochschulstudien fortsetzen - Frontaliers Grand Est","og_description":"Kandidaten mit Staatsb\u00fcrgerschaften der Europ\u00e4ischen Union Jeder Student, der sich w\u00e4hrend der Studien an der Universit\u00e4t von Luxemburg anmelden m\u00f6chte, muss verpflichtend sein vorheriges universit\u00e4res oder Hochschuldiplom in das Register der Titel von Luxemburg eintragen. Die Eintragung erfolgt \u00fcber die folgende Adresse: Minist\u00e8re de l\u2019Enseignement Sup\u00e9rieur et de la Recherche 20, Mont\u00e9e de la P\u00e9trusse [&hellip;]","og_url":"https:\/\/frontaliers-grandest.eu\/de\/startseite\/jugendliche\/studie-ausbildung\/anerkennung-der-diplome\/die-anerkennung-der-diplome-in-luxemburg\/hochschulstudien-fortsetzen\/","og_site_name":"Frontaliers Grand Est","article_publisher":"https:\/\/www.facebook.com\/frontaliers.GR.EST\/?locale=fr_FR","article_modified_time":"2024-03-13T11:05:29+00:00","twitter_card":"summary_large_image","twitter_misc":{"Gesch\u00e4tzte Lesezeit":"2\u00a0Minuten"},"schema":{"@context":"https:\/\/schema.org","@graph":[{"@type":"WebPage","@id":"https:\/\/frontaliers-grandest.eu\/de\/startseite\/jugendliche\/studie-ausbildung\/anerkennung-der-diplome\/die-anerkennung-der-diplome-in-luxemburg\/hochschulstudien-fortsetzen\/","url":"https:\/\/frontaliers-grandest.eu\/de\/startseite\/jugendliche\/studie-ausbildung\/anerkennung-der-diplome\/die-anerkennung-der-diplome-in-luxemburg\/hochschulstudien-fortsetzen\/","name":"Hochschulstudien fortsetzen - Frontaliers Grand Est","isPartOf":{"@id":"https:\/\/frontaliers-grandest.eu\/de\/#website"},"datePublished":"2021-05-19T10:35:23+00:00","dateModified":"2024-03-13T11:05:29+00:00","breadcrumb":{"@id":"https:\/\/frontaliers-grandest.eu\/de\/startseite\/jugendliche\/studie-ausbildung\/anerkennung-der-diplome\/die-anerkennung-der-diplome-in-luxemburg\/hochschulstudien-fortsetzen\/#breadcrumb"},"inLanguage":"de","potentialAction":[{"@type":"ReadAction","target":["https:\/\/frontaliers-grandest.eu\/de\/startseite\/jugendliche\/studie-ausbildung\/anerkennung-der-diplome\/die-anerkennung-der-diplome-in-luxemburg\/hochschulstudien-fortsetzen\/"]}]},{"@type":"BreadcrumbList","@id":"https:\/\/frontaliers-grandest.eu\/de\/startseite\/jugendliche\/studie-ausbildung\/anerkennung-der-diplome\/die-anerkennung-der-diplome-in-luxemburg\/hochschulstudien-fortsetzen\/#breadcrumb","itemListElement":[{"@type":"ListItem","position":1,"name":"Startseite","item":"https:\/\/frontaliers-grandest.eu\/de\/"},{"@type":"ListItem","position":2,"name":"Jugendliche","item":"https:\/\/frontaliers-grandest.eu\/de\/startseite\/jugendliche\/"},{"@type":"ListItem","position":3,"name":"Studie \/ Ausbildung","item":"https:\/\/frontaliers-grandest.eu\/de\/startseite\/jugendliche\/studie-ausbildung\/"},{"@type":"ListItem","position":4,"name":"Anerkennung der Diplome","item":"https:\/\/frontaliers-grandest.eu\/de\/startseite\/jugendliche\/studie-ausbildung\/anerkennung-der-diplome\/"},{"@type":"ListItem","position":5,"name":"Die anerkennung der diplome in Luxemburg","item":"https:\/\/frontaliers-grandest.eu\/de\/startseite\/jugendliche\/studie-ausbildung\/anerkennung-der-diplome\/die-anerkennung-der-diplome-in-luxemburg\/"},{"@type":"ListItem","position":6,"name":"Hochschulstudien fortsetzen"}]},{"@type":"WebSite","@id":"https:\/\/frontaliers-grandest.eu\/de\/#website","url":"https:\/\/frontaliers-grandest.eu\/de\/","name":"Frontaliers Grand Est","description":"Le site ressource du travail frontalier","publisher":{"@id":"https:\/\/frontaliers-grandest.eu\/de\/#organization"},"alternateName":"Frontaliers Grand Est","potentialAction":[{"@type":"SearchAction","target":{"@type":"EntryPoint","urlTemplate":"https:\/\/frontaliers-grandest.eu\/de\/?s={search_term_string}"},"query-input":{"@type":"PropertyValueSpecification","valueRequired":true,"valueName":"search_term_string"}}],"inLanguage":"de"},{"@type":"Organization","@id":"https:\/\/frontaliers-grandest.eu\/de\/#organization","name":"Frontaliers Grand Est","alternateName":"Frontaliers Grand Est","url":"https:\/\/frontaliers-grandest.eu\/de\/","logo":{"@type":"ImageObject","inLanguage":"de","@id":"https:\/\/frontaliers-grandest.eu\/de\/#\/schema\/logo\/image\/","url":"https:\/\/frontaliers-grandest.eu\/wp-content\/uploads\/2025\/07\/260328234_2966785176920310_3332838526503858160_n.jpg","contentUrl":"https:\/\/frontaliers-grandest.eu\/wp-content\/uploads\/2025\/07\/260328234_2966785176920310_3332838526503858160_n.jpg","width":396,"height":396,"caption":"Frontaliers Grand Est"},"image":{"@id":"https:\/\/frontaliers-grandest.eu\/de\/#\/schema\/logo\/image\/"},"sameAs":["https:\/\/www.facebook.com\/frontaliers.GR.EST\/?locale=fr_FR"]}]}},"frge_page_order":0,"_links":{"self":[{"href":"https:\/\/frontaliers-grandest.eu\/de\/wp-json\/wp\/v2\/pages\/7644","targetHints":{"allow":["GET"]}}],"collection":[{"href":"https:\/\/frontaliers-grandest.eu\/de\/wp-json\/wp\/v2\/pages"}],"about":[{"href":"https:\/\/frontaliers-grandest.eu\/de\/wp-json\/wp\/v2\/types\/page"}],"author":[{"embeddable":true,"href":"https:\/\/frontaliers-grandest.eu\/de\/wp-json\/wp\/v2\/users\/7"}],"replies":[{"embeddable":true,"href":"https:\/\/frontaliers-grandest.eu\/de\/wp-json\/wp\/v2\/comments?post=7644"}],"version-history":[{"count":2,"href":"https:\/\/frontaliers-grandest.eu\/de\/wp-json\/wp\/v2\/pages\/7644\/revisions"}],"predecessor-version":[{"id":34615,"href":"https:\/\/frontaliers-grandest.eu\/de\/wp-json\/wp\/v2\/pages\/7644\/revisions\/34615"}],"up":[{"embeddable":true,"href":"https:\/\/frontaliers-grandest.eu\/de\/wp-json\/wp\/v2\/pages\/7592"}],"wp:attachment":[{"href":"https:\/\/frontaliers-grandest.eu\/de\/wp-json\/wp\/v2\/media?parent=7644"}],"wp:term":[{"taxonomy":"post_tag","embeddable":true,"href":"https:\/\/frontaliers-grandest.eu\/de\/wp-json\/wp\/v2\/tags?post=7644"},{"taxonomy":"frge_profile","embeddable":true,"href":"https:\/\/frontaliers-grandest.eu\/de\/wp-json\/wp\/v2\/frge_profile?post=7644"}],"curies":[{"name":"wp","href":"https:\/\/api.w.org\/{rel}","templated":true}]}}