{"id":7641,"date":"2021-05-19T12:29:19","date_gmt":"2021-05-19T10:29:19","guid":{"rendered":"https:\/\/frontaliers-grandest.eu\/?page_id=7641"},"modified":"2024-03-13T12:04:58","modified_gmt":"2024-03-13T11:04:58","slug":"zugang-zum-ersten-zyklus-des-hochschulstudiums","status":"publish","type":"page","link":"https:\/\/frontaliers-grandest.eu\/de\/startseite\/jugendliche\/studie-ausbildung\/anerkennung-der-diplome\/die-anerkennung-der-diplome-in-luxemburg\/zugang-zum-ersten-zyklus-des-hochschulstudiums\/","title":{"rendered":"Zugang zum ersten zyklus des hochschulstudiums"},"content":{"rendered":"\n<h3 class=\"wp-block-heading\">Kandidaten mit Staatsb\u00fcrgerschaften der Europ\u00e4ischen Union<\/h3>\n\n\n\n<p>Alle Studenten, die sich an einer Universit\u00e4t in Luxemburg anmelden m\u00f6chten und \u00fcber kein Diplom verf\u00fcgen, das von Seiten des luxemburgischen Erziehungsministeriums (Minist\u00e8re de l\u2019\u00c9ducation Nationale) erlassen wurde, m\u00fcssen einen Antrag auf Anerkennung ihres Diploms der Sekundarstufe stellen. Die Antr\u00e4ge m\u00fcssen an die folgende Adresse \u00fcbermittelt werden: <\/p>\n\n\n\n<figure class=\"wp-block-pullquote\"><blockquote><p><strong>Minist\u00e8re de l\u2019\u00c9ducation Nationale, de l\u2019Enfance et de la Jeunesse (Men) <\/strong><br><strong>Service de la reconnaissance des dipl\u00f4mes<\/strong> <\/p><p>18-20 mont\u00e9e de la P\u00e9trusse <br>L &#8211; 2327 Luxembourg \/ Luxemburg <br>Tel. +352 247 85 910 <br><a href=\"mailto:reconnaissance@men.lu\" target=\"_blank\" rel=\"noreferrer noopener\">reconnaissance@men.lu<\/a> <br><a href=\"http:\/\/www.men.public.lu\" target=\"_blank\" rel=\"noreferrer noopener\">www.men.public.lu<\/a><\/p><\/blockquote><\/figure>\n\n\n\n<p>Eine Anerkennung kann f\u00fcr die Bescheinigungen \/ Diplome des Studienabschlusses erlangt werden, wenn diese im Besonderen den folgenden Kriterien entsprechen:<\/p>\n\n\n\n<ul class=\"wp-block-list\"><li>Sie m\u00fcssen sich auf einen Bildungsweg beziehen, der mindestens 12 darauffolgende, mit Erfolg abgeschlossene Schuljahre umfasst;<\/li><li>Sie m\u00fcssen den Zugang zu den Hochschul- oder universit\u00e4ren Studien im Herkunftsland verschaffen.<\/li><\/ul>\n\n\n\n<p>Luxemburg hat eine gegenseitige Anerkennung der Diplome der Sekund\u00e4rstufe (die diese Bedingungen erf\u00fcllen) mit den Mitgliedstaaten des Europarates und mit einigen Staaten, die keine Mitglieder des Europarates sind, vereinbart. Die Liste der L\u00e4nder ist auf der Webseite der Universit\u00e4t von Luxemburg abrufbar unter <a href=\"http:\/\/www.uni.lu\" target=\"_blank\" rel=\"noreferrer noopener\">www.uni.lu<\/a>.<\/p>\n\n\n\n<h4 class=\"wp-block-heading\">Vorgehensweise<\/h4>\n\n\n\n<p>Die Informationen und Antragsformulare k\u00f6nnen auf der Webseite der Universit\u00e4t Luxemburg unter <a href=\"http:\/\/www.uni.lu\" target=\"_blank\" rel=\"noreferrer noopener\">www.uni.lu<\/a><\/p>\n\n\n\n<p>eingesehen werden. Die Verwaltungsseite von Luxemburg unter www.guichet.public.lu, enth\u00e4lt auch die Formulare f\u00fcr den Online-Antrag in der Rubrik \u00ab Demander une reconnaissance de dipl\u00f4me \u00bb (Die Anerkennung eines Diploms beantragen).<\/p>\n\n\n\n<h3 class=\"wp-block-heading\">Kandidaten ohne die Staatsb\u00fcrgerschaft der Europ\u00e4ischen Union<\/h3>\n\n\n\n<p>Zus\u00e4tzlich zu den oben angef\u00fchrten, erforderlichen Bedingungen (Bildungsweg von mindestens 12 Jahren, Diplom, das zum Zugang zu den Hochschul- oder universit\u00e4ren Studien im Herkunftsland verschafft), wird die Anerkennung als luxemburgisches Abitur nur gew\u00e4hrt, wenn eine im Folgenden angef\u00fchrte Bedingung erf\u00fcllt wird :<\/p>\n\n\n\n<ul class=\"wp-block-list\"><li>Der Antragsteller ist Inhaber eines Diploms, das von Seiten eines anerkannten Instituts f\u00fcr sekund\u00e4re Bildung erlassen wird, das sich in einem Mitgliedstaat der Europ\u00e4ischen Union befindet und einen Abschluss eines Zyklus von Hochschulstudien von der Mindestdauer von 3 Jahren (Bachelor \/ bac+3, 180 ECTS Credits) erm\u00f6glicht.<\/li><li>Der Antragsteller kann eine f\u00f6rmliche Anmeldung zwecks Hochschulstudiums in einem Mitgliedstaat der Europ\u00e4ischen Union vornehmen, falls das Abschlussdiplom der Sekundarstufe (f\u00fcr das er die Anerkennung beantragt) den folgenden Kriterien entspricht: Die Pr\u00fcfungsproben des Diploms m\u00fcssen mindestens in 2 verschiedenen Sprachen (wovon Franz\u00f6sisch oder Deutsch) und in verschiedenen F\u00e4chern (Human- und Sozialwissenschaften, Naturwissenschaften, Mathematik, Technologie, Kunst und bildende K\u00fcnste) erfolgt sein.<\/li><li>Der Antragsteller ist Inhaber eines Diploms, das von Seiten eines Hochschulinstituts erlassen wurde, das seitens eines Drittlandes anerkannt wird und einen Hochschulstudienverlauf von mindestens 3 Jahren vorsieht und \u00fcber eine Sprachbescheinigung auf Niveau B2 (innerhalb des allgemeinen europ\u00e4ischen Referenzrahmens) f\u00fcr die Sprachen Letzeburgisch, Franz\u00f6sisch oder Deutsch verf\u00fcgt.<\/li><\/ul>\n\n\n\n<h4 class=\"wp-block-heading\">Vorgehensweise<\/h4>\n\n\n\n<p>Die Formulare f\u00fcr den Anerkennungsantrag k\u00f6nnen auf der Seite <a href=\"http:\/\/www.guichet.public.lu\" target=\"_blank\" rel=\"noreferrer noopener\">www.guichet.public.lu<\/a> heruntergeladen werden. Die Dokumente m\u00fcssen in einer der drei offiziellen Sprachen des Gro\u00dfherzogtums Luxemburg (Franz\u00f6sisch, Letzeburgisch oder Deutsch) oder in englischer Sprache verfasst sein oder von Seiten eines in Luxemburg erm\u00e4chtigten \u00dcbersetzers in eine dieser Sprachen \u00fcbersetzt werden.<\/p>\n\n\n\n<p>Der Antragsteller erh\u00e4lt innerhalb eines Zeitraums von 2-6 Wochen nach dem Eingang der vollst\u00e4ndigen Unterlagen beim luxemburgischen Ministerium f\u00fcr Erziehung, Kindheit und Jugend (Minist\u00e8re de l\u2019Education nationale, de l\u2019Enfance et de la Jeunesse) R\u00fccksprache.<\/p>\n\n\n\n<h5 class=\"wp-block-heading\"><strong>Falls das Diplom nicht anerkannt ist<\/strong><\/h5>\n\n\n\n<p>W\u00e4hrend der Kandidat seinen Antrag auf Anerkennung des Diploms stellt, muss er das Verfahren f\u00fcr die Einschreibung beim Dienst f\u00fcr die Studien und das Studentenleben (Service des \u00c9tudes et de la Vie \u00c9tudiante &#8211; SEVE) einreichen. Falls sein Diplom nicht anerkannt wird, wird der SEVE den Kandidaten zu einer Aufnahmepr\u00fcfung laden.<\/p>\n\n\n\n<p>Falls die Aufnahmepr\u00fcfung bestanden wird, ist es m\u00f6glich, den Zugang zu allen Studieng\u00e4ngen der Universit\u00e4t (akademischen oder beruflichen Bachelor) zu erlangen.<\/p>\n\n\n\n<h5 class=\"wp-block-heading\"><strong>Kosten f\u00fcr den Antrag auf Anerkennung<\/strong><\/h5>\n\n\n\n<p>Jeglicher Antrag zwecks Anerkennung des Diploms der Sekundarstufe wie Baccalaur\u00e9at oder Abitur ist kostenpflichtig und unterliegt der Zahlung einer Steuer in H\u00f6he von:<\/p>\n\n\n\n<ul class=\"wp-block-list\"><li>75 \u20ac f\u00fcr die Diplome, die von den L\u00e4ndern erlassen wurden, die das \u00dcbereinkommen von Paris und Lissabon unterzeichnet haben.<\/li><li>125 \u20ac f\u00fcr die Diplome, die von den L\u00e4ndern erlassen wurde, die das \u00dcbereinkommen von Paris und Lissabon nicht unterzeichnet haben.<\/li><\/ul>\n","protected":false},"excerpt":{"rendered":"<p>Kandidaten mit Staatsb\u00fcrgerschaften der Europ\u00e4ischen Union Alle Studenten, die sich an einer Universit\u00e4t in Luxemburg anmelden m\u00f6chten und \u00fcber kein Diplom verf\u00fcgen, das von Seiten des luxemburgischen Erziehungsministeriums (Minist\u00e8re de l\u2019\u00c9ducation Nationale) erlassen wurde, m\u00fcssen einen Antrag auf Anerkennung ihres Diploms der Sekundarstufe stellen. Die Antr\u00e4ge m\u00fcssen an die folgende Adresse \u00fcbermittelt werden: Minist\u00e8re de [&hellip;]<\/p>\n","protected":false},"author":7,"featured_media":0,"parent":7592,"menu_order":0,"comment_status":"closed","ping_status":"closed","template":"","meta":{"inline_featured_image":false,"footnotes":""},"tags":[],"frge_profile":[],"class_list":["post-7641","page","type-page","status-publish","hentry"],"yoast_head":"<!-- This site is optimized with the Yoast SEO plugin v27.1.1 - https:\/\/yoast.com\/product\/yoast-seo-wordpress\/ -->\n<title>Zugang zum ersten zyklus des hochschulstudiums - Frontaliers Grand Est<\/title>\n<meta name=\"robots\" content=\"index, follow, max-snippet:-1, max-image-preview:large, max-video-preview:-1\" \/>\n<link rel=\"canonical\" href=\"https:\/\/frontaliers-grandest.eu\/de\/startseite\/jugendliche\/studie-ausbildung\/anerkennung-der-diplome\/die-anerkennung-der-diplome-in-luxemburg\/zugang-zum-ersten-zyklus-des-hochschulstudiums\/\" \/>\n<meta property=\"og:locale\" content=\"de_DE\" \/>\n<meta property=\"og:type\" content=\"article\" \/>\n<meta property=\"og:title\" content=\"Zugang zum ersten zyklus des hochschulstudiums - Frontaliers Grand Est\" \/>\n<meta property=\"og:description\" content=\"Kandidaten mit Staatsb\u00fcrgerschaften der Europ\u00e4ischen Union Alle Studenten, die sich an einer Universit\u00e4t in Luxemburg anmelden m\u00f6chten und \u00fcber kein Diplom verf\u00fcgen, das von Seiten des luxemburgischen Erziehungsministeriums (Minist\u00e8re de l\u2019\u00c9ducation Nationale) erlassen wurde, m\u00fcssen einen Antrag auf Anerkennung ihres Diploms der Sekundarstufe stellen. Die Antr\u00e4ge m\u00fcssen an die folgende Adresse \u00fcbermittelt werden: Minist\u00e8re de [&hellip;]\" \/>\n<meta property=\"og:url\" content=\"https:\/\/frontaliers-grandest.eu\/de\/startseite\/jugendliche\/studie-ausbildung\/anerkennung-der-diplome\/die-anerkennung-der-diplome-in-luxemburg\/zugang-zum-ersten-zyklus-des-hochschulstudiums\/\" \/>\n<meta property=\"og:site_name\" content=\"Frontaliers Grand Est\" \/>\n<meta property=\"article:publisher\" content=\"https:\/\/www.facebook.com\/frontaliers.GR.EST\/?locale=fr_FR\" \/>\n<meta property=\"article:modified_time\" content=\"2024-03-13T11:04:58+00:00\" \/>\n<meta name=\"twitter:card\" content=\"summary_large_image\" \/>\n<meta name=\"twitter:label1\" content=\"Gesch\u00e4tzte Lesezeit\" \/>\n\t<meta name=\"twitter:data1\" content=\"4\u00a0Minuten\" \/>\n<script type=\"application\/ld+json\" class=\"yoast-schema-graph\">{\"@context\":\"https:\/\/schema.org\",\"@graph\":[{\"@type\":\"WebPage\",\"@id\":\"https:\/\/frontaliers-grandest.eu\/de\/startseite\/jugendliche\/studie-ausbildung\/anerkennung-der-diplome\/die-anerkennung-der-diplome-in-luxemburg\/zugang-zum-ersten-zyklus-des-hochschulstudiums\/\",\"url\":\"https:\/\/frontaliers-grandest.eu\/de\/startseite\/jugendliche\/studie-ausbildung\/anerkennung-der-diplome\/die-anerkennung-der-diplome-in-luxemburg\/zugang-zum-ersten-zyklus-des-hochschulstudiums\/\",\"name\":\"Zugang zum ersten zyklus des hochschulstudiums - Frontaliers Grand Est\",\"isPartOf\":{\"@id\":\"https:\/\/frontaliers-grandest.eu\/de\/#website\"},\"datePublished\":\"2021-05-19T10:29:19+00:00\",\"dateModified\":\"2024-03-13T11:04:58+00:00\",\"breadcrumb\":{\"@id\":\"https:\/\/frontaliers-grandest.eu\/de\/startseite\/jugendliche\/studie-ausbildung\/anerkennung-der-diplome\/die-anerkennung-der-diplome-in-luxemburg\/zugang-zum-ersten-zyklus-des-hochschulstudiums\/#breadcrumb\"},\"inLanguage\":\"de\",\"potentialAction\":[{\"@type\":\"ReadAction\",\"target\":[\"https:\/\/frontaliers-grandest.eu\/de\/startseite\/jugendliche\/studie-ausbildung\/anerkennung-der-diplome\/die-anerkennung-der-diplome-in-luxemburg\/zugang-zum-ersten-zyklus-des-hochschulstudiums\/\"]}]},{\"@type\":\"BreadcrumbList\",\"@id\":\"https:\/\/frontaliers-grandest.eu\/de\/startseite\/jugendliche\/studie-ausbildung\/anerkennung-der-diplome\/die-anerkennung-der-diplome-in-luxemburg\/zugang-zum-ersten-zyklus-des-hochschulstudiums\/#breadcrumb\",\"itemListElement\":[{\"@type\":\"ListItem\",\"position\":1,\"name\":\"Startseite\",\"item\":\"https:\/\/frontaliers-grandest.eu\/de\/\"},{\"@type\":\"ListItem\",\"position\":2,\"name\":\"Jugendliche\",\"item\":\"https:\/\/frontaliers-grandest.eu\/de\/startseite\/jugendliche\/\"},{\"@type\":\"ListItem\",\"position\":3,\"name\":\"Studie \/ Ausbildung\",\"item\":\"https:\/\/frontaliers-grandest.eu\/de\/startseite\/jugendliche\/studie-ausbildung\/\"},{\"@type\":\"ListItem\",\"position\":4,\"name\":\"Anerkennung der Diplome\",\"item\":\"https:\/\/frontaliers-grandest.eu\/de\/startseite\/jugendliche\/studie-ausbildung\/anerkennung-der-diplome\/\"},{\"@type\":\"ListItem\",\"position\":5,\"name\":\"Die anerkennung der diplome in Luxemburg\",\"item\":\"https:\/\/frontaliers-grandest.eu\/de\/startseite\/jugendliche\/studie-ausbildung\/anerkennung-der-diplome\/die-anerkennung-der-diplome-in-luxemburg\/\"},{\"@type\":\"ListItem\",\"position\":6,\"name\":\"Zugang zum ersten zyklus des hochschulstudiums\"}]},{\"@type\":\"WebSite\",\"@id\":\"https:\/\/frontaliers-grandest.eu\/de\/#website\",\"url\":\"https:\/\/frontaliers-grandest.eu\/de\/\",\"name\":\"Frontaliers Grand Est\",\"description\":\"Le site ressource du travail frontalier\",\"publisher\":{\"@id\":\"https:\/\/frontaliers-grandest.eu\/de\/#organization\"},\"alternateName\":\"Frontaliers Grand Est\",\"potentialAction\":[{\"@type\":\"SearchAction\",\"target\":{\"@type\":\"EntryPoint\",\"urlTemplate\":\"https:\/\/frontaliers-grandest.eu\/de\/?s={search_term_string}\"},\"query-input\":{\"@type\":\"PropertyValueSpecification\",\"valueRequired\":true,\"valueName\":\"search_term_string\"}}],\"inLanguage\":\"de\"},{\"@type\":\"Organization\",\"@id\":\"https:\/\/frontaliers-grandest.eu\/de\/#organization\",\"name\":\"Frontaliers Grand Est\",\"alternateName\":\"Frontaliers Grand Est\",\"url\":\"https:\/\/frontaliers-grandest.eu\/de\/\",\"logo\":{\"@type\":\"ImageObject\",\"inLanguage\":\"de\",\"@id\":\"https:\/\/frontaliers-grandest.eu\/de\/#\/schema\/logo\/image\/\",\"url\":\"https:\/\/frontaliers-grandest.eu\/wp-content\/uploads\/2025\/07\/260328234_2966785176920310_3332838526503858160_n.jpg\",\"contentUrl\":\"https:\/\/frontaliers-grandest.eu\/wp-content\/uploads\/2025\/07\/260328234_2966785176920310_3332838526503858160_n.jpg\",\"width\":396,\"height\":396,\"caption\":\"Frontaliers Grand Est\"},\"image\":{\"@id\":\"https:\/\/frontaliers-grandest.eu\/de\/#\/schema\/logo\/image\/\"},\"sameAs\":[\"https:\/\/www.facebook.com\/frontaliers.GR.EST\/?locale=fr_FR\"]}]}<\/script>\n<!-- \/ Yoast SEO plugin. -->","yoast_head_json":{"title":"Zugang zum ersten zyklus des hochschulstudiums - Frontaliers Grand Est","robots":{"index":"index","follow":"follow","max-snippet":"max-snippet:-1","max-image-preview":"max-image-preview:large","max-video-preview":"max-video-preview:-1"},"canonical":"https:\/\/frontaliers-grandest.eu\/de\/startseite\/jugendliche\/studie-ausbildung\/anerkennung-der-diplome\/die-anerkennung-der-diplome-in-luxemburg\/zugang-zum-ersten-zyklus-des-hochschulstudiums\/","og_locale":"de_DE","og_type":"article","og_title":"Zugang zum ersten zyklus des hochschulstudiums - Frontaliers Grand Est","og_description":"Kandidaten mit Staatsb\u00fcrgerschaften der Europ\u00e4ischen Union Alle Studenten, die sich an einer Universit\u00e4t in Luxemburg anmelden m\u00f6chten und \u00fcber kein Diplom verf\u00fcgen, das von Seiten des luxemburgischen Erziehungsministeriums (Minist\u00e8re de l\u2019\u00c9ducation Nationale) erlassen wurde, m\u00fcssen einen Antrag auf Anerkennung ihres Diploms der Sekundarstufe stellen. Die Antr\u00e4ge m\u00fcssen an die folgende Adresse \u00fcbermittelt werden: Minist\u00e8re de [&hellip;]","og_url":"https:\/\/frontaliers-grandest.eu\/de\/startseite\/jugendliche\/studie-ausbildung\/anerkennung-der-diplome\/die-anerkennung-der-diplome-in-luxemburg\/zugang-zum-ersten-zyklus-des-hochschulstudiums\/","og_site_name":"Frontaliers Grand Est","article_publisher":"https:\/\/www.facebook.com\/frontaliers.GR.EST\/?locale=fr_FR","article_modified_time":"2024-03-13T11:04:58+00:00","twitter_card":"summary_large_image","twitter_misc":{"Gesch\u00e4tzte Lesezeit":"4\u00a0Minuten"},"schema":{"@context":"https:\/\/schema.org","@graph":[{"@type":"WebPage","@id":"https:\/\/frontaliers-grandest.eu\/de\/startseite\/jugendliche\/studie-ausbildung\/anerkennung-der-diplome\/die-anerkennung-der-diplome-in-luxemburg\/zugang-zum-ersten-zyklus-des-hochschulstudiums\/","url":"https:\/\/frontaliers-grandest.eu\/de\/startseite\/jugendliche\/studie-ausbildung\/anerkennung-der-diplome\/die-anerkennung-der-diplome-in-luxemburg\/zugang-zum-ersten-zyklus-des-hochschulstudiums\/","name":"Zugang zum ersten zyklus des hochschulstudiums - Frontaliers Grand Est","isPartOf":{"@id":"https:\/\/frontaliers-grandest.eu\/de\/#website"},"datePublished":"2021-05-19T10:29:19+00:00","dateModified":"2024-03-13T11:04:58+00:00","breadcrumb":{"@id":"https:\/\/frontaliers-grandest.eu\/de\/startseite\/jugendliche\/studie-ausbildung\/anerkennung-der-diplome\/die-anerkennung-der-diplome-in-luxemburg\/zugang-zum-ersten-zyklus-des-hochschulstudiums\/#breadcrumb"},"inLanguage":"de","potentialAction":[{"@type":"ReadAction","target":["https:\/\/frontaliers-grandest.eu\/de\/startseite\/jugendliche\/studie-ausbildung\/anerkennung-der-diplome\/die-anerkennung-der-diplome-in-luxemburg\/zugang-zum-ersten-zyklus-des-hochschulstudiums\/"]}]},{"@type":"BreadcrumbList","@id":"https:\/\/frontaliers-grandest.eu\/de\/startseite\/jugendliche\/studie-ausbildung\/anerkennung-der-diplome\/die-anerkennung-der-diplome-in-luxemburg\/zugang-zum-ersten-zyklus-des-hochschulstudiums\/#breadcrumb","itemListElement":[{"@type":"ListItem","position":1,"name":"Startseite","item":"https:\/\/frontaliers-grandest.eu\/de\/"},{"@type":"ListItem","position":2,"name":"Jugendliche","item":"https:\/\/frontaliers-grandest.eu\/de\/startseite\/jugendliche\/"},{"@type":"ListItem","position":3,"name":"Studie \/ Ausbildung","item":"https:\/\/frontaliers-grandest.eu\/de\/startseite\/jugendliche\/studie-ausbildung\/"},{"@type":"ListItem","position":4,"name":"Anerkennung der Diplome","item":"https:\/\/frontaliers-grandest.eu\/de\/startseite\/jugendliche\/studie-ausbildung\/anerkennung-der-diplome\/"},{"@type":"ListItem","position":5,"name":"Die anerkennung der diplome in Luxemburg","item":"https:\/\/frontaliers-grandest.eu\/de\/startseite\/jugendliche\/studie-ausbildung\/anerkennung-der-diplome\/die-anerkennung-der-diplome-in-luxemburg\/"},{"@type":"ListItem","position":6,"name":"Zugang zum ersten zyklus des hochschulstudiums"}]},{"@type":"WebSite","@id":"https:\/\/frontaliers-grandest.eu\/de\/#website","url":"https:\/\/frontaliers-grandest.eu\/de\/","name":"Frontaliers Grand Est","description":"Le site ressource du travail frontalier","publisher":{"@id":"https:\/\/frontaliers-grandest.eu\/de\/#organization"},"alternateName":"Frontaliers Grand Est","potentialAction":[{"@type":"SearchAction","target":{"@type":"EntryPoint","urlTemplate":"https:\/\/frontaliers-grandest.eu\/de\/?s={search_term_string}"},"query-input":{"@type":"PropertyValueSpecification","valueRequired":true,"valueName":"search_term_string"}}],"inLanguage":"de"},{"@type":"Organization","@id":"https:\/\/frontaliers-grandest.eu\/de\/#organization","name":"Frontaliers Grand Est","alternateName":"Frontaliers Grand Est","url":"https:\/\/frontaliers-grandest.eu\/de\/","logo":{"@type":"ImageObject","inLanguage":"de","@id":"https:\/\/frontaliers-grandest.eu\/de\/#\/schema\/logo\/image\/","url":"https:\/\/frontaliers-grandest.eu\/wp-content\/uploads\/2025\/07\/260328234_2966785176920310_3332838526503858160_n.jpg","contentUrl":"https:\/\/frontaliers-grandest.eu\/wp-content\/uploads\/2025\/07\/260328234_2966785176920310_3332838526503858160_n.jpg","width":396,"height":396,"caption":"Frontaliers Grand Est"},"image":{"@id":"https:\/\/frontaliers-grandest.eu\/de\/#\/schema\/logo\/image\/"},"sameAs":["https:\/\/www.facebook.com\/frontaliers.GR.EST\/?locale=fr_FR"]}]}},"frge_page_order":0,"_links":{"self":[{"href":"https:\/\/frontaliers-grandest.eu\/de\/wp-json\/wp\/v2\/pages\/7641","targetHints":{"allow":["GET"]}}],"collection":[{"href":"https:\/\/frontaliers-grandest.eu\/de\/wp-json\/wp\/v2\/pages"}],"about":[{"href":"https:\/\/frontaliers-grandest.eu\/de\/wp-json\/wp\/v2\/types\/page"}],"author":[{"embeddable":true,"href":"https:\/\/frontaliers-grandest.eu\/de\/wp-json\/wp\/v2\/users\/7"}],"replies":[{"embeddable":true,"href":"https:\/\/frontaliers-grandest.eu\/de\/wp-json\/wp\/v2\/comments?post=7641"}],"version-history":[{"count":3,"href":"https:\/\/frontaliers-grandest.eu\/de\/wp-json\/wp\/v2\/pages\/7641\/revisions"}],"predecessor-version":[{"id":34614,"href":"https:\/\/frontaliers-grandest.eu\/de\/wp-json\/wp\/v2\/pages\/7641\/revisions\/34614"}],"up":[{"embeddable":true,"href":"https:\/\/frontaliers-grandest.eu\/de\/wp-json\/wp\/v2\/pages\/7592"}],"wp:attachment":[{"href":"https:\/\/frontaliers-grandest.eu\/de\/wp-json\/wp\/v2\/media?parent=7641"}],"wp:term":[{"taxonomy":"post_tag","embeddable":true,"href":"https:\/\/frontaliers-grandest.eu\/de\/wp-json\/wp\/v2\/tags?post=7641"},{"taxonomy":"frge_profile","embeddable":true,"href":"https:\/\/frontaliers-grandest.eu\/de\/wp-json\/wp\/v2\/frge_profile?post=7641"}],"curies":[{"name":"wp","href":"https:\/\/api.w.org\/{rel}","templated":true}]}}