{"id":7628,"date":"2021-05-19T11:55:17","date_gmt":"2021-05-19T09:55:17","guid":{"rendered":"https:\/\/frontaliers-grandest.eu\/?page_id=7628"},"modified":"2024-07-25T14:52:56","modified_gmt":"2024-07-25T12:52:56","slug":"bescheinigungen-fur-die-vergleichbarkeit-von-diplomen","status":"publish","type":"page","link":"https:\/\/frontaliers-grandest.eu\/de\/startseite\/jugendliche\/studie-ausbildung\/anerkennung-der-diplome\/die-anerkennung-der-diplome-in-belgien\/bescheinigungen-fur-die-vergleichbarkeit-von-diplomen\/","title":{"rendered":"Bescheinigungen f\u00fcr die vergleichbarkeit von diplomen"},"content":{"rendered":"\n<p>Um die Lesbarkeit Ihres Diploms zu verbessern, k\u00f6nnen Sie einen Antrag zwecks akademischer Anerkennung an die folgende Stelle einreichen:<\/p>\n\n\n\n<figure class=\"wp-block-pullquote\"><blockquote><p><strong>Generaldirektion f\u00fcr nicht obligatorischen Unterricht und wissenschaftliche Forschung<\/strong><br><strong>Service de la Reconnaissance acad\u00e9mique et professionnelle des dipl\u00f4mes \u00e9trangers<\/strong> <\/p><p>1, rue Adolphe Lavall\u00e9e <br>B &#8211; 1080 Bruxelles \/ Br\u00fcssel <br>Tel. : +32 269 08898 <br><a href=\"mailto:equi.sup@cfwb.be\" target=\"_blank\" rel=\"noreferrer noopener\">equi.sup@cfwb.be<\/a><\/p><\/blockquote><\/figure>\n\n\n\n<h4 class=\"wp-block-heading\">Die folgenden Dokumente m\u00fcssen beim Dienst f\u00fcr die akademische Anerkennung eingereicht werden:<\/h4>\n\n\n\n<ul class=\"wp-block-list\"><li>Eine Kopie des Diploms oder der Diplome der Sekundarstufe sowie den Notenausweis in Anlage, falls erforderlich zusammen mit einer beglaubigten \u00dcbersetzung.<\/li><li>Eine Kopie des offiziellen Programms der absolvierten Ausbildungen.<\/li><li>Eine Kopie der Abschlussarbeit zwecks Beendigung des Studiums (Abschlussarbeit, Diplomarbeit, usw.)<\/li><\/ul>\n\n\n\n<p>In der F\u00f6deration von Wallonien-Br\u00fcssel ist das Verfahren zwecks Beantragung der akademischen Anerkennung kostenpflichtig. Die Kosten belaufen sich auf 174 \u20ac.<\/p>\n\n\n\n<h4 class=\"wp-block-heading\">Die verschiedenen Typen der akademischen Anerkennung von Seiten des Ministeriums Wallonien-Br\u00fcssell\u00a0:<\/h4>\n\n\n\n<p>Da es sich um eine individuelle Bewertung handelt, gibt es keine automatische Anerkennung, auch f\u00fcr die europ\u00e4ischen Diplome. Es k\u00f6nnen zwei verschiedene Arten von Anerkennung erhalten werden: <strong>der Anerkennungsbescheid <\/strong>oder <strong>der Anerkennungsbescheid des Studienniveaus. <\/strong>Der Kandidat kann auch Einspruch erheben gegen eine eventuelle <strong>Verweigerung der Anerkennung bzw. Ablehnungsbescheid<\/strong>.<\/p>\n\n\n\n<h5 class=\"wp-block-heading\">Der Anerkennungsbescheid<\/h5>\n\n\n\n<p>Dieses Dokument bescheinigt, dass die absolvierten Studien einem akademischen Grad des Hochschulstudiums in Belgien (Bachelor, Master) entsprechen. Es erm\u00f6glicht die Weiterf\u00fchrung des Studiums auf dem in Belgien angef\u00fchrten Niveau.<\/p>\n\n\n\n<h5 class=\"wp-block-heading\">Der Anerkennungsbescheid des Studienniveaus<\/h5>\n\n\n\n<p>Falls sich eine vollst\u00e4ndige Anerkennung als unm\u00f6glich herausstellt, kann sich die Kommission zu einer Anerkennung des Studienniveaus \u00e4u\u00dfern. <strong>Der entsprechende Bescheid bescheinigt, dass die absolvierten Studien einem Studienniveau entsprechen, das dem akademischen Niveau in Belgien entspricht, ohne aber den Fachbereich des Studiums anzuf\u00fchren. Diese Anerkennung des Niveaus wirkt sich zwar nicht positiv auf die Weiterf\u00fchrung der Studien aus und erm\u00f6glicht auch nicht den Zugang zu den gesch\u00fctzten Berufen.<\/strong><\/p>\n\n\n\n<p>Er kann sich aber bei einem Arbeitgeber als n\u00fctzlich erweisen, um das gesetzliche Niveau (des 1. oder zweiten Zyklus) der im Ausland absolvierten Studien zu bestimmen.<\/p>\n\n\n\n<h5 class=\"wp-block-heading\">Der Ablehnungsbescheid<\/h5>\n\n\n\n<p>In diesem Falle ist eine vollst\u00e4ndige Nachholung der Studien erforderlich.<\/p>\n","protected":false},"excerpt":{"rendered":"<p>Um die Lesbarkeit Ihres Diploms zu verbessern, k\u00f6nnen Sie einen Antrag zwecks akademischer Anerkennung an die folgende Stelle einreichen: Generaldirektion f\u00fcr nicht obligatorischen Unterricht und wissenschaftliche ForschungService de la Reconnaissance acad\u00e9mique et professionnelle des dipl\u00f4mes \u00e9trangers 1, rue Adolphe Lavall\u00e9e B &#8211; 1080 Bruxelles \/ Br\u00fcssel Tel. : +32 269 08898 equi.sup@cfwb.be Die folgenden Dokumente [&hellip;]<\/p>\n","protected":false},"author":7,"featured_media":0,"parent":7588,"menu_order":3,"comment_status":"closed","ping_status":"closed","template":"","meta":{"inline_featured_image":false,"footnotes":""},"tags":[],"frge_profile":[],"class_list":["post-7628","page","type-page","status-publish","hentry"],"yoast_head":"<!-- This site is optimized with the Yoast SEO plugin v27.1.1 - https:\/\/yoast.com\/product\/yoast-seo-wordpress\/ -->\n<title>Vergleichbarkeit von diplomen: anerkennung und verfahren in Belgien<\/title>\n<meta name=\"description\" content=\"Um die Lesbarkeit Ihres Diploms zu verbessern, k\u00f6nnen Sie einen Antrag zwecks akademischer Anerkennung\" \/>\n<meta name=\"robots\" content=\"index, follow, max-snippet:-1, max-image-preview:large, max-video-preview:-1\" \/>\n<link rel=\"canonical\" href=\"https:\/\/frontaliers-grandest.eu\/de\/startseite\/jugendliche\/studie-ausbildung\/anerkennung-der-diplome\/die-anerkennung-der-diplome-in-belgien\/bescheinigungen-fur-die-vergleichbarkeit-von-diplomen\/\" \/>\n<meta property=\"og:locale\" content=\"de_DE\" \/>\n<meta property=\"og:type\" content=\"article\" \/>\n<meta property=\"og:title\" content=\"Vergleichbarkeit von diplomen: anerkennung und verfahren in Belgien\" \/>\n<meta property=\"og:description\" content=\"Um die Lesbarkeit Ihres Diploms zu verbessern, k\u00f6nnen Sie einen Antrag zwecks akademischer Anerkennung\" \/>\n<meta property=\"og:url\" content=\"https:\/\/frontaliers-grandest.eu\/de\/startseite\/jugendliche\/studie-ausbildung\/anerkennung-der-diplome\/die-anerkennung-der-diplome-in-belgien\/bescheinigungen-fur-die-vergleichbarkeit-von-diplomen\/\" \/>\n<meta property=\"og:site_name\" content=\"Frontaliers Grand Est\" \/>\n<meta property=\"article:publisher\" content=\"https:\/\/www.facebook.com\/frontaliers.GR.EST\/?locale=fr_FR\" \/>\n<meta property=\"article:modified_time\" content=\"2024-07-25T12:52:56+00:00\" \/>\n<meta name=\"twitter:card\" content=\"summary_large_image\" \/>\n<meta name=\"twitter:label1\" content=\"Gesch\u00e4tzte Lesezeit\" \/>\n\t<meta name=\"twitter:data1\" content=\"2\u00a0Minuten\" \/>\n<script type=\"application\/ld+json\" class=\"yoast-schema-graph\">{\"@context\":\"https:\/\/schema.org\",\"@graph\":[{\"@type\":\"WebPage\",\"@id\":\"https:\/\/frontaliers-grandest.eu\/de\/startseite\/jugendliche\/studie-ausbildung\/anerkennung-der-diplome\/die-anerkennung-der-diplome-in-belgien\/bescheinigungen-fur-die-vergleichbarkeit-von-diplomen\/\",\"url\":\"https:\/\/frontaliers-grandest.eu\/de\/startseite\/jugendliche\/studie-ausbildung\/anerkennung-der-diplome\/die-anerkennung-der-diplome-in-belgien\/bescheinigungen-fur-die-vergleichbarkeit-von-diplomen\/\",\"name\":\"Vergleichbarkeit von diplomen: anerkennung und verfahren in Belgien\",\"isPartOf\":{\"@id\":\"https:\/\/frontaliers-grandest.eu\/de\/#website\"},\"datePublished\":\"2021-05-19T09:55:17+00:00\",\"dateModified\":\"2024-07-25T12:52:56+00:00\",\"description\":\"Um die Lesbarkeit Ihres Diploms zu verbessern, k\u00f6nnen Sie einen Antrag zwecks akademischer Anerkennung\",\"breadcrumb\":{\"@id\":\"https:\/\/frontaliers-grandest.eu\/de\/startseite\/jugendliche\/studie-ausbildung\/anerkennung-der-diplome\/die-anerkennung-der-diplome-in-belgien\/bescheinigungen-fur-die-vergleichbarkeit-von-diplomen\/#breadcrumb\"},\"inLanguage\":\"de\",\"potentialAction\":[{\"@type\":\"ReadAction\",\"target\":[\"https:\/\/frontaliers-grandest.eu\/de\/startseite\/jugendliche\/studie-ausbildung\/anerkennung-der-diplome\/die-anerkennung-der-diplome-in-belgien\/bescheinigungen-fur-die-vergleichbarkeit-von-diplomen\/\"]}]},{\"@type\":\"BreadcrumbList\",\"@id\":\"https:\/\/frontaliers-grandest.eu\/de\/startseite\/jugendliche\/studie-ausbildung\/anerkennung-der-diplome\/die-anerkennung-der-diplome-in-belgien\/bescheinigungen-fur-die-vergleichbarkeit-von-diplomen\/#breadcrumb\",\"itemListElement\":[{\"@type\":\"ListItem\",\"position\":1,\"name\":\"Startseite\",\"item\":\"https:\/\/frontaliers-grandest.eu\/de\/\"},{\"@type\":\"ListItem\",\"position\":2,\"name\":\"Jugendliche\",\"item\":\"https:\/\/frontaliers-grandest.eu\/de\/startseite\/jugendliche\/\"},{\"@type\":\"ListItem\",\"position\":3,\"name\":\"Studie \/ Ausbildung\",\"item\":\"https:\/\/frontaliers-grandest.eu\/de\/startseite\/jugendliche\/studie-ausbildung\/\"},{\"@type\":\"ListItem\",\"position\":4,\"name\":\"Anerkennung der Diplome\",\"item\":\"https:\/\/frontaliers-grandest.eu\/de\/startseite\/jugendliche\/studie-ausbildung\/anerkennung-der-diplome\/\"},{\"@type\":\"ListItem\",\"position\":5,\"name\":\"Die anerkennung der diplome in Belgien\",\"item\":\"https:\/\/frontaliers-grandest.eu\/de\/startseite\/jugendliche\/studie-ausbildung\/anerkennung-der-diplome\/die-anerkennung-der-diplome-in-belgien\/\"},{\"@type\":\"ListItem\",\"position\":6,\"name\":\"Bescheinigungen f\u00fcr die vergleichbarkeit von diplomen\"}]},{\"@type\":\"WebSite\",\"@id\":\"https:\/\/frontaliers-grandest.eu\/de\/#website\",\"url\":\"https:\/\/frontaliers-grandest.eu\/de\/\",\"name\":\"Frontaliers Grand Est\",\"description\":\"Le site ressource du travail frontalier\",\"publisher\":{\"@id\":\"https:\/\/frontaliers-grandest.eu\/de\/#organization\"},\"alternateName\":\"Frontaliers Grand Est\",\"potentialAction\":[{\"@type\":\"SearchAction\",\"target\":{\"@type\":\"EntryPoint\",\"urlTemplate\":\"https:\/\/frontaliers-grandest.eu\/de\/?s={search_term_string}\"},\"query-input\":{\"@type\":\"PropertyValueSpecification\",\"valueRequired\":true,\"valueName\":\"search_term_string\"}}],\"inLanguage\":\"de\"},{\"@type\":\"Organization\",\"@id\":\"https:\/\/frontaliers-grandest.eu\/de\/#organization\",\"name\":\"Frontaliers Grand Est\",\"alternateName\":\"Frontaliers Grand Est\",\"url\":\"https:\/\/frontaliers-grandest.eu\/de\/\",\"logo\":{\"@type\":\"ImageObject\",\"inLanguage\":\"de\",\"@id\":\"https:\/\/frontaliers-grandest.eu\/de\/#\/schema\/logo\/image\/\",\"url\":\"https:\/\/frontaliers-grandest.eu\/wp-content\/uploads\/2025\/07\/260328234_2966785176920310_3332838526503858160_n.jpg\",\"contentUrl\":\"https:\/\/frontaliers-grandest.eu\/wp-content\/uploads\/2025\/07\/260328234_2966785176920310_3332838526503858160_n.jpg\",\"width\":396,\"height\":396,\"caption\":\"Frontaliers Grand Est\"},\"image\":{\"@id\":\"https:\/\/frontaliers-grandest.eu\/de\/#\/schema\/logo\/image\/\"},\"sameAs\":[\"https:\/\/www.facebook.com\/frontaliers.GR.EST\/?locale=fr_FR\"]}]}<\/script>\n<!-- \/ Yoast SEO plugin. -->","yoast_head_json":{"title":"Vergleichbarkeit von diplomen: anerkennung und verfahren in Belgien","description":"Um die Lesbarkeit Ihres Diploms zu verbessern, k\u00f6nnen Sie einen Antrag zwecks akademischer Anerkennung","robots":{"index":"index","follow":"follow","max-snippet":"max-snippet:-1","max-image-preview":"max-image-preview:large","max-video-preview":"max-video-preview:-1"},"canonical":"https:\/\/frontaliers-grandest.eu\/de\/startseite\/jugendliche\/studie-ausbildung\/anerkennung-der-diplome\/die-anerkennung-der-diplome-in-belgien\/bescheinigungen-fur-die-vergleichbarkeit-von-diplomen\/","og_locale":"de_DE","og_type":"article","og_title":"Vergleichbarkeit von diplomen: anerkennung und verfahren in Belgien","og_description":"Um die Lesbarkeit Ihres Diploms zu verbessern, k\u00f6nnen Sie einen Antrag zwecks akademischer Anerkennung","og_url":"https:\/\/frontaliers-grandest.eu\/de\/startseite\/jugendliche\/studie-ausbildung\/anerkennung-der-diplome\/die-anerkennung-der-diplome-in-belgien\/bescheinigungen-fur-die-vergleichbarkeit-von-diplomen\/","og_site_name":"Frontaliers Grand Est","article_publisher":"https:\/\/www.facebook.com\/frontaliers.GR.EST\/?locale=fr_FR","article_modified_time":"2024-07-25T12:52:56+00:00","twitter_card":"summary_large_image","twitter_misc":{"Gesch\u00e4tzte Lesezeit":"2\u00a0Minuten"},"schema":{"@context":"https:\/\/schema.org","@graph":[{"@type":"WebPage","@id":"https:\/\/frontaliers-grandest.eu\/de\/startseite\/jugendliche\/studie-ausbildung\/anerkennung-der-diplome\/die-anerkennung-der-diplome-in-belgien\/bescheinigungen-fur-die-vergleichbarkeit-von-diplomen\/","url":"https:\/\/frontaliers-grandest.eu\/de\/startseite\/jugendliche\/studie-ausbildung\/anerkennung-der-diplome\/die-anerkennung-der-diplome-in-belgien\/bescheinigungen-fur-die-vergleichbarkeit-von-diplomen\/","name":"Vergleichbarkeit von diplomen: anerkennung und verfahren in Belgien","isPartOf":{"@id":"https:\/\/frontaliers-grandest.eu\/de\/#website"},"datePublished":"2021-05-19T09:55:17+00:00","dateModified":"2024-07-25T12:52:56+00:00","description":"Um die Lesbarkeit Ihres Diploms zu verbessern, k\u00f6nnen Sie einen Antrag zwecks akademischer Anerkennung","breadcrumb":{"@id":"https:\/\/frontaliers-grandest.eu\/de\/startseite\/jugendliche\/studie-ausbildung\/anerkennung-der-diplome\/die-anerkennung-der-diplome-in-belgien\/bescheinigungen-fur-die-vergleichbarkeit-von-diplomen\/#breadcrumb"},"inLanguage":"de","potentialAction":[{"@type":"ReadAction","target":["https:\/\/frontaliers-grandest.eu\/de\/startseite\/jugendliche\/studie-ausbildung\/anerkennung-der-diplome\/die-anerkennung-der-diplome-in-belgien\/bescheinigungen-fur-die-vergleichbarkeit-von-diplomen\/"]}]},{"@type":"BreadcrumbList","@id":"https:\/\/frontaliers-grandest.eu\/de\/startseite\/jugendliche\/studie-ausbildung\/anerkennung-der-diplome\/die-anerkennung-der-diplome-in-belgien\/bescheinigungen-fur-die-vergleichbarkeit-von-diplomen\/#breadcrumb","itemListElement":[{"@type":"ListItem","position":1,"name":"Startseite","item":"https:\/\/frontaliers-grandest.eu\/de\/"},{"@type":"ListItem","position":2,"name":"Jugendliche","item":"https:\/\/frontaliers-grandest.eu\/de\/startseite\/jugendliche\/"},{"@type":"ListItem","position":3,"name":"Studie \/ Ausbildung","item":"https:\/\/frontaliers-grandest.eu\/de\/startseite\/jugendliche\/studie-ausbildung\/"},{"@type":"ListItem","position":4,"name":"Anerkennung der Diplome","item":"https:\/\/frontaliers-grandest.eu\/de\/startseite\/jugendliche\/studie-ausbildung\/anerkennung-der-diplome\/"},{"@type":"ListItem","position":5,"name":"Die anerkennung der diplome in Belgien","item":"https:\/\/frontaliers-grandest.eu\/de\/startseite\/jugendliche\/studie-ausbildung\/anerkennung-der-diplome\/die-anerkennung-der-diplome-in-belgien\/"},{"@type":"ListItem","position":6,"name":"Bescheinigungen f\u00fcr die vergleichbarkeit von diplomen"}]},{"@type":"WebSite","@id":"https:\/\/frontaliers-grandest.eu\/de\/#website","url":"https:\/\/frontaliers-grandest.eu\/de\/","name":"Frontaliers Grand Est","description":"Le site ressource du travail frontalier","publisher":{"@id":"https:\/\/frontaliers-grandest.eu\/de\/#organization"},"alternateName":"Frontaliers Grand Est","potentialAction":[{"@type":"SearchAction","target":{"@type":"EntryPoint","urlTemplate":"https:\/\/frontaliers-grandest.eu\/de\/?s={search_term_string}"},"query-input":{"@type":"PropertyValueSpecification","valueRequired":true,"valueName":"search_term_string"}}],"inLanguage":"de"},{"@type":"Organization","@id":"https:\/\/frontaliers-grandest.eu\/de\/#organization","name":"Frontaliers Grand Est","alternateName":"Frontaliers Grand Est","url":"https:\/\/frontaliers-grandest.eu\/de\/","logo":{"@type":"ImageObject","inLanguage":"de","@id":"https:\/\/frontaliers-grandest.eu\/de\/#\/schema\/logo\/image\/","url":"https:\/\/frontaliers-grandest.eu\/wp-content\/uploads\/2025\/07\/260328234_2966785176920310_3332838526503858160_n.jpg","contentUrl":"https:\/\/frontaliers-grandest.eu\/wp-content\/uploads\/2025\/07\/260328234_2966785176920310_3332838526503858160_n.jpg","width":396,"height":396,"caption":"Frontaliers Grand Est"},"image":{"@id":"https:\/\/frontaliers-grandest.eu\/de\/#\/schema\/logo\/image\/"},"sameAs":["https:\/\/www.facebook.com\/frontaliers.GR.EST\/?locale=fr_FR"]}]}},"frge_page_order":0,"_links":{"self":[{"href":"https:\/\/frontaliers-grandest.eu\/de\/wp-json\/wp\/v2\/pages\/7628","targetHints":{"allow":["GET"]}}],"collection":[{"href":"https:\/\/frontaliers-grandest.eu\/de\/wp-json\/wp\/v2\/pages"}],"about":[{"href":"https:\/\/frontaliers-grandest.eu\/de\/wp-json\/wp\/v2\/types\/page"}],"author":[{"embeddable":true,"href":"https:\/\/frontaliers-grandest.eu\/de\/wp-json\/wp\/v2\/users\/7"}],"replies":[{"embeddable":true,"href":"https:\/\/frontaliers-grandest.eu\/de\/wp-json\/wp\/v2\/comments?post=7628"}],"version-history":[{"count":2,"href":"https:\/\/frontaliers-grandest.eu\/de\/wp-json\/wp\/v2\/pages\/7628\/revisions"}],"predecessor-version":[{"id":34612,"href":"https:\/\/frontaliers-grandest.eu\/de\/wp-json\/wp\/v2\/pages\/7628\/revisions\/34612"}],"up":[{"embeddable":true,"href":"https:\/\/frontaliers-grandest.eu\/de\/wp-json\/wp\/v2\/pages\/7588"}],"wp:attachment":[{"href":"https:\/\/frontaliers-grandest.eu\/de\/wp-json\/wp\/v2\/media?parent=7628"}],"wp:term":[{"taxonomy":"post_tag","embeddable":true,"href":"https:\/\/frontaliers-grandest.eu\/de\/wp-json\/wp\/v2\/tags?post=7628"},{"taxonomy":"frge_profile","embeddable":true,"href":"https:\/\/frontaliers-grandest.eu\/de\/wp-json\/wp\/v2\/frge_profile?post=7628"}],"curies":[{"name":"wp","href":"https:\/\/api.w.org\/{rel}","templated":true}]}}