{"id":7625,"date":"2021-05-19T11:49:31","date_gmt":"2021-05-19T09:49:31","guid":{"rendered":"https:\/\/frontaliers-grandest.eu\/?page_id=7625"},"modified":"2021-05-19T11:50:04","modified_gmt":"2021-05-19T09:50:04","slug":"hochschulstudien-fortsetzen","status":"publish","type":"page","link":"https:\/\/frontaliers-grandest.eu\/de\/startseite\/jugendliche\/studie-ausbildung\/anerkennung-der-diplome\/die-anerkennung-der-diplome-in-belgien\/hochschulstudien-fortsetzen\/","title":{"rendered":"Hochschulstudien fortsetzen"},"content":{"rendered":"\n<h4 class=\"wp-block-heading\">Kandidaten mit einer Staatsb\u00fcrgerschaft der Europ\u00e4ischen Union<\/h4>\n\n\n\n<p>Sie studieren gerade an einer Hochschule der Europ\u00e4ischen Union und m\u00f6chten Ihre Studien an einer Universit\u00e4t der F\u00f6deration von Wallonien-Br\u00fcssel fortsetzen.<\/p>\n\n\n\n<p>Sie brauchen keine <strong>Anerkennung Ihres Diploms der Sekundarstufe <\/strong>bei einem Dienst f\u00fcr die akademische und berufliche Anerkennung der ausl\u00e4ndischen Diploms der oberen Stufe zu beantragen.<\/p>\n\n\n\n<p>Sie k\u00f6nnen einen Antrag auf Aufnahme zum Bachelor- (2. oder 3. Jahr), Masterstudium oder Doktorat direkt stellen, indem Sie mit der von Ihnen ausgew\u00e4hlten Hochschule Kontakt aufnehmen und dort ihre Aufnahme zur universit\u00e4ren Studienrichtung beantragen, die Sie interessiert.<\/p>\n\n\n\n<p>Die betreffende Hochschule wird die Vergleichbarkeit Ihrer vorherigen Studien mit denen, die Sie gerne an dieser Hochschule absolvieren m\u00f6chten, \u00fcberpr\u00fcfen. Die Hochschule entscheidet \u00fcber das Niveau der Aufnahme (2. oder 3. Jahr des Bachelor- oder des Masterstudiums) auf der Grundlage der pers\u00f6nlichen Unterlagen und der Anzahl der Credits, die sie f\u00fcr die vorherigen Studien anerkennen kann.<\/p>\n\n\n\n<p>In den meisten F\u00e4llen erfolgt eine vollst\u00e4ndige Anerkennung Ihrer vorherigen Studien, und Sie erhalten den Zugang zum selben Studienjahr wie in ihrem Herkunftsland.<\/p>\n\n\n\n<p><strong>Dennoch kann es vorkommen, dass die Stundenzahl und der Inhalt der Ausbildung sich zu sehr von der Ausbildung in Belgien unterscheiden und demzufolge nur eine teilweise Anerkennung durch die Kommission m\u00f6glich ist.<\/strong><\/p>\n\n\n\n<p>Es ist empfehlenswert, die Universit\u00e4ten telefonisch oder \u00fcber das Antragsformular auf Zulassung online zu kontaktieren, um die genauen Aufnahmebedingungen in Erfahrung zu bringen.<\/p>\n\n\n\n<p><strong>F\u00fcr die Studenten der Medizin und der paramedizinischen Studienrichtungen finden besondere Auswahlverfahren Anwendung. <\/strong>Wir m\u00f6chten Sie bitten, die Webseiten der einzelnen Hochschulen zu besuchen. Ein Verzeichnis der Hochschulen findet sich auf dem Bildungsportal der F\u00f6deration Wallonien-Br\u00fcssel unter <a href=\"http:\/\/www.enseignement.be\">www.enseignement.be<\/a>. Die Plattform <a href=\"http:\/\/www.go4sup.be\">www.go4sup.be<\/a> erm\u00f6glicht die Bestimmung des Standortes der einzelnen Institute und der Niederlassungen in Wallonien.<\/p>\n\n\n\n<h4 class=\"wp-block-heading\">Kandidaten mit einer Staatsb\u00fcrgerschaft ausserhalb der Europ\u00e4ischen Union<\/h4>\n\n\n\n<p>Die einzelne Hochschule \u00fcberpr\u00fcft die Vergleichbarkeit Ihrer vorherigen Studien mit denen, die Sie an der Hochschule fortsetzen m\u00f6chten. Eine Kommission der Hochschule erstellt ein Gutachten \u00fcber das Niveau der Aufnahme (2. oder 3. Jahr Bachelor, Master).<\/p>\n\n\n\n<p>Aufgrund von Unterschieden inhaltlicher Art und hinsichtlich der Stundenzahl, <strong>genehmigt die Kommission nur in seltenen F\u00e4llen eine vollst\u00e4ndige Anerkennung der im Ausland absolvierten Hochschulstudien.<\/strong><\/p>\n","protected":false},"excerpt":{"rendered":"<p>Kandidaten mit einer Staatsb\u00fcrgerschaft der Europ\u00e4ischen Union Sie studieren gerade an einer Hochschule der Europ\u00e4ischen Union und m\u00f6chten Ihre Studien an einer Universit\u00e4t der F\u00f6deration von Wallonien-Br\u00fcssel fortsetzen. Sie brauchen keine Anerkennung Ihres Diploms der Sekundarstufe bei einem Dienst f\u00fcr die akademische und berufliche Anerkennung der ausl\u00e4ndischen Diploms der oberen Stufe zu beantragen. Sie k\u00f6nnen [&hellip;]<\/p>\n","protected":false},"author":7,"featured_media":0,"parent":7588,"menu_order":2,"comment_status":"closed","ping_status":"closed","template":"","meta":{"inline_featured_image":false,"footnotes":""},"tags":[],"frge_profile":[],"class_list":["post-7625","page","type-page","status-publish","hentry"],"yoast_head":"<!-- This site is optimized with the Yoast SEO plugin v27.1.1 - https:\/\/yoast.com\/product\/yoast-seo-wordpress\/ -->\n<title>Hochschulstudien fortsetzen - Frontaliers Grand Est<\/title>\n<meta name=\"robots\" content=\"index, follow, max-snippet:-1, max-image-preview:large, max-video-preview:-1\" \/>\n<link rel=\"canonical\" href=\"https:\/\/frontaliers-grandest.eu\/de\/startseite\/jugendliche\/studie-ausbildung\/anerkennung-der-diplome\/die-anerkennung-der-diplome-in-belgien\/hochschulstudien-fortsetzen\/\" \/>\n<meta property=\"og:locale\" content=\"de_DE\" \/>\n<meta property=\"og:type\" content=\"article\" \/>\n<meta property=\"og:title\" content=\"Hochschulstudien fortsetzen - Frontaliers Grand Est\" \/>\n<meta property=\"og:description\" content=\"Kandidaten mit einer Staatsb\u00fcrgerschaft der Europ\u00e4ischen Union Sie studieren gerade an einer Hochschule der Europ\u00e4ischen Union und m\u00f6chten Ihre Studien an einer Universit\u00e4t der F\u00f6deration von Wallonien-Br\u00fcssel fortsetzen. Sie brauchen keine Anerkennung Ihres Diploms der Sekundarstufe bei einem Dienst f\u00fcr die akademische und berufliche Anerkennung der ausl\u00e4ndischen Diploms der oberen Stufe zu beantragen. Sie k\u00f6nnen [&hellip;]\" \/>\n<meta property=\"og:url\" content=\"https:\/\/frontaliers-grandest.eu\/de\/startseite\/jugendliche\/studie-ausbildung\/anerkennung-der-diplome\/die-anerkennung-der-diplome-in-belgien\/hochschulstudien-fortsetzen\/\" \/>\n<meta property=\"og:site_name\" content=\"Frontaliers Grand Est\" \/>\n<meta property=\"article:publisher\" content=\"https:\/\/www.facebook.com\/frontaliers.GR.EST\/?locale=fr_FR\" \/>\n<meta property=\"article:modified_time\" content=\"2021-05-19T09:50:04+00:00\" \/>\n<meta name=\"twitter:card\" content=\"summary_large_image\" \/>\n<meta name=\"twitter:label1\" content=\"Gesch\u00e4tzte Lesezeit\" \/>\n\t<meta name=\"twitter:data1\" content=\"2\u00a0Minuten\" \/>\n<script type=\"application\/ld+json\" class=\"yoast-schema-graph\">{\"@context\":\"https:\/\/schema.org\",\"@graph\":[{\"@type\":\"WebPage\",\"@id\":\"https:\/\/frontaliers-grandest.eu\/de\/startseite\/jugendliche\/studie-ausbildung\/anerkennung-der-diplome\/die-anerkennung-der-diplome-in-belgien\/hochschulstudien-fortsetzen\/\",\"url\":\"https:\/\/frontaliers-grandest.eu\/de\/startseite\/jugendliche\/studie-ausbildung\/anerkennung-der-diplome\/die-anerkennung-der-diplome-in-belgien\/hochschulstudien-fortsetzen\/\",\"name\":\"Hochschulstudien fortsetzen - Frontaliers Grand Est\",\"isPartOf\":{\"@id\":\"https:\/\/frontaliers-grandest.eu\/de\/#website\"},\"datePublished\":\"2021-05-19T09:49:31+00:00\",\"dateModified\":\"2021-05-19T09:50:04+00:00\",\"breadcrumb\":{\"@id\":\"https:\/\/frontaliers-grandest.eu\/de\/startseite\/jugendliche\/studie-ausbildung\/anerkennung-der-diplome\/die-anerkennung-der-diplome-in-belgien\/hochschulstudien-fortsetzen\/#breadcrumb\"},\"inLanguage\":\"de\",\"potentialAction\":[{\"@type\":\"ReadAction\",\"target\":[\"https:\/\/frontaliers-grandest.eu\/de\/startseite\/jugendliche\/studie-ausbildung\/anerkennung-der-diplome\/die-anerkennung-der-diplome-in-belgien\/hochschulstudien-fortsetzen\/\"]}]},{\"@type\":\"BreadcrumbList\",\"@id\":\"https:\/\/frontaliers-grandest.eu\/de\/startseite\/jugendliche\/studie-ausbildung\/anerkennung-der-diplome\/die-anerkennung-der-diplome-in-belgien\/hochschulstudien-fortsetzen\/#breadcrumb\",\"itemListElement\":[{\"@type\":\"ListItem\",\"position\":1,\"name\":\"Startseite\",\"item\":\"https:\/\/frontaliers-grandest.eu\/de\/\"},{\"@type\":\"ListItem\",\"position\":2,\"name\":\"Jugendliche\",\"item\":\"https:\/\/frontaliers-grandest.eu\/de\/startseite\/jugendliche\/\"},{\"@type\":\"ListItem\",\"position\":3,\"name\":\"Studie \/ Ausbildung\",\"item\":\"https:\/\/frontaliers-grandest.eu\/de\/startseite\/jugendliche\/studie-ausbildung\/\"},{\"@type\":\"ListItem\",\"position\":4,\"name\":\"Anerkennung der Diplome\",\"item\":\"https:\/\/frontaliers-grandest.eu\/de\/startseite\/jugendliche\/studie-ausbildung\/anerkennung-der-diplome\/\"},{\"@type\":\"ListItem\",\"position\":5,\"name\":\"Die anerkennung der diplome in Belgien\",\"item\":\"https:\/\/frontaliers-grandest.eu\/de\/startseite\/jugendliche\/studie-ausbildung\/anerkennung-der-diplome\/die-anerkennung-der-diplome-in-belgien\/\"},{\"@type\":\"ListItem\",\"position\":6,\"name\":\"Hochschulstudien fortsetzen\"}]},{\"@type\":\"WebSite\",\"@id\":\"https:\/\/frontaliers-grandest.eu\/de\/#website\",\"url\":\"https:\/\/frontaliers-grandest.eu\/de\/\",\"name\":\"Frontaliers Grand Est\",\"description\":\"Le site ressource du travail frontalier\",\"publisher\":{\"@id\":\"https:\/\/frontaliers-grandest.eu\/de\/#organization\"},\"alternateName\":\"Frontaliers Grand Est\",\"potentialAction\":[{\"@type\":\"SearchAction\",\"target\":{\"@type\":\"EntryPoint\",\"urlTemplate\":\"https:\/\/frontaliers-grandest.eu\/de\/?s={search_term_string}\"},\"query-input\":{\"@type\":\"PropertyValueSpecification\",\"valueRequired\":true,\"valueName\":\"search_term_string\"}}],\"inLanguage\":\"de\"},{\"@type\":\"Organization\",\"@id\":\"https:\/\/frontaliers-grandest.eu\/de\/#organization\",\"name\":\"Frontaliers Grand Est\",\"alternateName\":\"Frontaliers Grand Est\",\"url\":\"https:\/\/frontaliers-grandest.eu\/de\/\",\"logo\":{\"@type\":\"ImageObject\",\"inLanguage\":\"de\",\"@id\":\"https:\/\/frontaliers-grandest.eu\/de\/#\/schema\/logo\/image\/\",\"url\":\"https:\/\/frontaliers-grandest.eu\/wp-content\/uploads\/2025\/07\/260328234_2966785176920310_3332838526503858160_n.jpg\",\"contentUrl\":\"https:\/\/frontaliers-grandest.eu\/wp-content\/uploads\/2025\/07\/260328234_2966785176920310_3332838526503858160_n.jpg\",\"width\":396,\"height\":396,\"caption\":\"Frontaliers Grand Est\"},\"image\":{\"@id\":\"https:\/\/frontaliers-grandest.eu\/de\/#\/schema\/logo\/image\/\"},\"sameAs\":[\"https:\/\/www.facebook.com\/frontaliers.GR.EST\/?locale=fr_FR\"]}]}<\/script>\n<!-- \/ Yoast SEO plugin. -->","yoast_head_json":{"title":"Hochschulstudien fortsetzen - Frontaliers Grand Est","robots":{"index":"index","follow":"follow","max-snippet":"max-snippet:-1","max-image-preview":"max-image-preview:large","max-video-preview":"max-video-preview:-1"},"canonical":"https:\/\/frontaliers-grandest.eu\/de\/startseite\/jugendliche\/studie-ausbildung\/anerkennung-der-diplome\/die-anerkennung-der-diplome-in-belgien\/hochschulstudien-fortsetzen\/","og_locale":"de_DE","og_type":"article","og_title":"Hochschulstudien fortsetzen - Frontaliers Grand Est","og_description":"Kandidaten mit einer Staatsb\u00fcrgerschaft der Europ\u00e4ischen Union Sie studieren gerade an einer Hochschule der Europ\u00e4ischen Union und m\u00f6chten Ihre Studien an einer Universit\u00e4t der F\u00f6deration von Wallonien-Br\u00fcssel fortsetzen. Sie brauchen keine Anerkennung Ihres Diploms der Sekundarstufe bei einem Dienst f\u00fcr die akademische und berufliche Anerkennung der ausl\u00e4ndischen Diploms der oberen Stufe zu beantragen. Sie k\u00f6nnen [&hellip;]","og_url":"https:\/\/frontaliers-grandest.eu\/de\/startseite\/jugendliche\/studie-ausbildung\/anerkennung-der-diplome\/die-anerkennung-der-diplome-in-belgien\/hochschulstudien-fortsetzen\/","og_site_name":"Frontaliers Grand Est","article_publisher":"https:\/\/www.facebook.com\/frontaliers.GR.EST\/?locale=fr_FR","article_modified_time":"2021-05-19T09:50:04+00:00","twitter_card":"summary_large_image","twitter_misc":{"Gesch\u00e4tzte Lesezeit":"2\u00a0Minuten"},"schema":{"@context":"https:\/\/schema.org","@graph":[{"@type":"WebPage","@id":"https:\/\/frontaliers-grandest.eu\/de\/startseite\/jugendliche\/studie-ausbildung\/anerkennung-der-diplome\/die-anerkennung-der-diplome-in-belgien\/hochschulstudien-fortsetzen\/","url":"https:\/\/frontaliers-grandest.eu\/de\/startseite\/jugendliche\/studie-ausbildung\/anerkennung-der-diplome\/die-anerkennung-der-diplome-in-belgien\/hochschulstudien-fortsetzen\/","name":"Hochschulstudien fortsetzen - Frontaliers Grand Est","isPartOf":{"@id":"https:\/\/frontaliers-grandest.eu\/de\/#website"},"datePublished":"2021-05-19T09:49:31+00:00","dateModified":"2021-05-19T09:50:04+00:00","breadcrumb":{"@id":"https:\/\/frontaliers-grandest.eu\/de\/startseite\/jugendliche\/studie-ausbildung\/anerkennung-der-diplome\/die-anerkennung-der-diplome-in-belgien\/hochschulstudien-fortsetzen\/#breadcrumb"},"inLanguage":"de","potentialAction":[{"@type":"ReadAction","target":["https:\/\/frontaliers-grandest.eu\/de\/startseite\/jugendliche\/studie-ausbildung\/anerkennung-der-diplome\/die-anerkennung-der-diplome-in-belgien\/hochschulstudien-fortsetzen\/"]}]},{"@type":"BreadcrumbList","@id":"https:\/\/frontaliers-grandest.eu\/de\/startseite\/jugendliche\/studie-ausbildung\/anerkennung-der-diplome\/die-anerkennung-der-diplome-in-belgien\/hochschulstudien-fortsetzen\/#breadcrumb","itemListElement":[{"@type":"ListItem","position":1,"name":"Startseite","item":"https:\/\/frontaliers-grandest.eu\/de\/"},{"@type":"ListItem","position":2,"name":"Jugendliche","item":"https:\/\/frontaliers-grandest.eu\/de\/startseite\/jugendliche\/"},{"@type":"ListItem","position":3,"name":"Studie \/ Ausbildung","item":"https:\/\/frontaliers-grandest.eu\/de\/startseite\/jugendliche\/studie-ausbildung\/"},{"@type":"ListItem","position":4,"name":"Anerkennung der Diplome","item":"https:\/\/frontaliers-grandest.eu\/de\/startseite\/jugendliche\/studie-ausbildung\/anerkennung-der-diplome\/"},{"@type":"ListItem","position":5,"name":"Die anerkennung der diplome in Belgien","item":"https:\/\/frontaliers-grandest.eu\/de\/startseite\/jugendliche\/studie-ausbildung\/anerkennung-der-diplome\/die-anerkennung-der-diplome-in-belgien\/"},{"@type":"ListItem","position":6,"name":"Hochschulstudien fortsetzen"}]},{"@type":"WebSite","@id":"https:\/\/frontaliers-grandest.eu\/de\/#website","url":"https:\/\/frontaliers-grandest.eu\/de\/","name":"Frontaliers Grand Est","description":"Le site ressource du travail frontalier","publisher":{"@id":"https:\/\/frontaliers-grandest.eu\/de\/#organization"},"alternateName":"Frontaliers Grand Est","potentialAction":[{"@type":"SearchAction","target":{"@type":"EntryPoint","urlTemplate":"https:\/\/frontaliers-grandest.eu\/de\/?s={search_term_string}"},"query-input":{"@type":"PropertyValueSpecification","valueRequired":true,"valueName":"search_term_string"}}],"inLanguage":"de"},{"@type":"Organization","@id":"https:\/\/frontaliers-grandest.eu\/de\/#organization","name":"Frontaliers Grand Est","alternateName":"Frontaliers Grand Est","url":"https:\/\/frontaliers-grandest.eu\/de\/","logo":{"@type":"ImageObject","inLanguage":"de","@id":"https:\/\/frontaliers-grandest.eu\/de\/#\/schema\/logo\/image\/","url":"https:\/\/frontaliers-grandest.eu\/wp-content\/uploads\/2025\/07\/260328234_2966785176920310_3332838526503858160_n.jpg","contentUrl":"https:\/\/frontaliers-grandest.eu\/wp-content\/uploads\/2025\/07\/260328234_2966785176920310_3332838526503858160_n.jpg","width":396,"height":396,"caption":"Frontaliers Grand Est"},"image":{"@id":"https:\/\/frontaliers-grandest.eu\/de\/#\/schema\/logo\/image\/"},"sameAs":["https:\/\/www.facebook.com\/frontaliers.GR.EST\/?locale=fr_FR"]}]}},"frge_page_order":0,"_links":{"self":[{"href":"https:\/\/frontaliers-grandest.eu\/de\/wp-json\/wp\/v2\/pages\/7625","targetHints":{"allow":["GET"]}}],"collection":[{"href":"https:\/\/frontaliers-grandest.eu\/de\/wp-json\/wp\/v2\/pages"}],"about":[{"href":"https:\/\/frontaliers-grandest.eu\/de\/wp-json\/wp\/v2\/types\/page"}],"author":[{"embeddable":true,"href":"https:\/\/frontaliers-grandest.eu\/de\/wp-json\/wp\/v2\/users\/7"}],"replies":[{"embeddable":true,"href":"https:\/\/frontaliers-grandest.eu\/de\/wp-json\/wp\/v2\/comments?post=7625"}],"version-history":[{"count":2,"href":"https:\/\/frontaliers-grandest.eu\/de\/wp-json\/wp\/v2\/pages\/7625\/revisions"}],"predecessor-version":[{"id":7627,"href":"https:\/\/frontaliers-grandest.eu\/de\/wp-json\/wp\/v2\/pages\/7625\/revisions\/7627"}],"up":[{"embeddable":true,"href":"https:\/\/frontaliers-grandest.eu\/de\/wp-json\/wp\/v2\/pages\/7588"}],"wp:attachment":[{"href":"https:\/\/frontaliers-grandest.eu\/de\/wp-json\/wp\/v2\/media?parent=7625"}],"wp:term":[{"taxonomy":"post_tag","embeddable":true,"href":"https:\/\/frontaliers-grandest.eu\/de\/wp-json\/wp\/v2\/tags?post=7625"},{"taxonomy":"frge_profile","embeddable":true,"href":"https:\/\/frontaliers-grandest.eu\/de\/wp-json\/wp\/v2\/frge_profile?post=7625"}],"curies":[{"name":"wp","href":"https:\/\/api.w.org\/{rel}","templated":true}]}}