{"id":7623,"date":"2021-05-19T11:42:29","date_gmt":"2021-05-19T09:42:29","guid":{"rendered":"https:\/\/frontaliers-grandest.eu\/?page_id=7623"},"modified":"2024-03-13T12:03:11","modified_gmt":"2024-03-13T11:03:11","slug":"zugang-zum-ersten-zyklus-des-hochschulstudiums","status":"publish","type":"page","link":"https:\/\/frontaliers-grandest.eu\/de\/startseite\/jugendliche\/studie-ausbildung\/anerkennung-der-diplome\/die-anerkennung-der-diplome-in-belgien\/zugang-zum-ersten-zyklus-des-hochschulstudiums\/","title":{"rendered":"Zugang zum ersten zyklus des hochschulstudiums"},"content":{"rendered":"\n<h3 class=\"wp-block-heading\">Kandidaten mit EU-Staatsb\u00fcrgerschaft<\/h3>\n\n\n\n<p>Zwecks Zugangs zum ersten Studienzyklus (in Belgien \u201ebaccalaur\u00e9at\u201c genannt), m\u00fcssen Sie sich im Besitz eines<\/p>\n\n\n\n<p><strong>Abiturzeugnisses <\/strong>befinden, das einem Abschlusszeugnis der Sekundarstufe entspricht und in der Region von Wallonien-Br\u00fcssel (z.B. ein franz\u00f6sisches Abiturzeugnis) g\u00fcltig ist.<\/p>\n\n\n\n<p>Die Studenten, die \u00fcber ein ausl\u00e4ndisches Diplom der Sekundarstufe verf\u00fcgen, m\u00fcssen einen<\/p>\n\n\n\n<p><strong>Anerkennungsantrag <\/strong>f\u00fcr ihr Diplom oder Studienabschlusses der Sekundarstufe beim Service des \u00c9quivalences du Minist\u00e8re de la F\u00e9d\u00e9ration Wallonie-Bruxelles (Dienst f\u00fcr Anerkennung des Ministeriums der F\u00f6deration Wallonien-Br\u00fcssel) einreichen, um Zugang zu den Studienprogrammen des Bachelors zu erhalten. <\/p>\n\n\n\n<figure class=\"wp-block-pullquote\"><blockquote><p><strong>Direction g\u00e9n\u00e9rale de l\u2019Enseignement obligatoire <\/strong><br><strong>Service des \u00e9quivalences de l\u2019enseignement secondaire<\/strong> <\/p><p>1, rue Adolphe Lavall\u00e9e <br>B &#8211; 1080 Bruxelles \/ Br\u00fcssel <br>Tel. : +32 2 690 8686 <br><a href=\"mailto:equi.oblig@cfwb.be\">equi.oblig@cfwb.be <\/a><br><a href=\"http:\/\/www.equivalences.cfwb.be\" target=\"_blank\" rel=\"noreferrer noopener\">www.equivalences.cfwb.be<\/a><\/p><\/blockquote><\/figure>\n\n\n\n<p>Die Studenten, die \u00fcber keinen dieser Titel verf\u00fcgen, die Ihnen den Zugang zu einem Hochschulstudium erm\u00f6glichen, k\u00f6nnen auch einen Zugang zur Universit\u00e4t erhalten, falls sie die von Seiten des Instituts organisierte <strong>Aufnahmepr\u00fcfung <\/strong>bestehen. Um die Modalit\u00e4ten der Anmeldung zur Pr\u00fcfung in Erfahrung zu bringen, m\u00f6chten wir Sie bitten, auf den Webseiten der Universit\u00e4ten unter der Rubrik \u201eAdmission (Aufnahme)\u201c nachzuschlagen. Die Universit\u00e4t von Li\u00e8ge (L\u00fcttich) organisiert beispielsweise zwei Pr\u00fcfungssessionen (eine im Monat Juni und die n\u00e4chste im Monat August), die im Besonderen die Kenntnisse der franz\u00f6sischen Sprache und der Mathematik zum Gegenstand haben. Das Anmeldeformular kann auf der Webseite der Universit\u00e4t L\u00fcttich unter <a href=\"http:\/\/www.ulg.ac.be\" target=\"_blank\" rel=\"noreferrer noopener\">www.ulg.ac.be<\/a> heruntergeladen werden und muss dann ausgef\u00fcllt an den Zulassungsdienst (Service des Admissions) \u00fcbermittelt werden.<\/p>\n\n\n\n<h3 class=\"wp-block-heading\">Die Kandidaten ohne Staatsb\u00fcrgerschaft der Europ\u00e4ischen Union<\/h3>\n\n\n\n<p>Jedes Institut organisiert sein eigenes Auswahlverfahren. Man muss sich somit auf den Webseiten der einzelnen Universit\u00e4t informieren.<\/p>\n\n\n\n<p>Die Universit\u00e4t von Li\u00e8ge (L\u00fcttich) l\u00e4sst nur die Studenten aus einem Drittland au\u00dferhalb der Europ\u00e4ischen Union zum ersten Studienjahr des Bachelors zu, die die folgenden Anforderungen erf\u00fcllen:<\/p>\n\n\n\n<ul class=\"wp-block-list\"><li>Erhalt eines Anerkennungsbescheids zwischen dem erhaltenen Diplom der Sekundarstufe und dem belgischen Diplom.<\/li><li>Bestehung der Aufnahmepr\u00fcfung zum Bachelorstudium. Es k\u00f6nnen auch Zusatzpr\u00fcfung auferlegt werden.<\/li><li>Erzielung eines <strong>Mindestdurchschnitts beim Abitur <\/strong>sowie in den F\u00e4chern der gew\u00fcnschten Fakult\u00e4t.<\/li><\/ul>\n","protected":false},"excerpt":{"rendered":"<p>Kandidaten mit EU-Staatsb\u00fcrgerschaft Zwecks Zugangs zum ersten Studienzyklus (in Belgien \u201ebaccalaur\u00e9at\u201c genannt), m\u00fcssen Sie sich im Besitz eines Abiturzeugnisses befinden, das einem Abschlusszeugnis der Sekundarstufe entspricht und in der Region von Wallonien-Br\u00fcssel (z.B. ein franz\u00f6sisches Abiturzeugnis) g\u00fcltig ist. Die Studenten, die \u00fcber ein ausl\u00e4ndisches Diplom der Sekundarstufe verf\u00fcgen, m\u00fcssen einen Anerkennungsantrag f\u00fcr ihr Diplom oder [&hellip;]<\/p>\n","protected":false},"author":7,"featured_media":0,"parent":7588,"menu_order":1,"comment_status":"closed","ping_status":"closed","template":"","meta":{"inline_featured_image":false,"footnotes":""},"tags":[],"frge_profile":[],"class_list":["post-7623","page","type-page","status-publish","hentry"],"yoast_head":"<!-- This site is optimized with the Yoast SEO plugin v27.1.1 - https:\/\/yoast.com\/product\/yoast-seo-wordpress\/ -->\n<title>Zugang zum ersten zyklus des hochschulstudiums - Frontaliers Grand Est<\/title>\n<meta name=\"robots\" content=\"index, follow, max-snippet:-1, max-image-preview:large, max-video-preview:-1\" \/>\n<link rel=\"canonical\" href=\"https:\/\/frontaliers-grandest.eu\/de\/startseite\/jugendliche\/studie-ausbildung\/anerkennung-der-diplome\/die-anerkennung-der-diplome-in-belgien\/zugang-zum-ersten-zyklus-des-hochschulstudiums\/\" \/>\n<meta property=\"og:locale\" content=\"de_DE\" \/>\n<meta property=\"og:type\" content=\"article\" \/>\n<meta property=\"og:title\" content=\"Zugang zum ersten zyklus des hochschulstudiums - Frontaliers Grand Est\" \/>\n<meta property=\"og:description\" content=\"Kandidaten mit EU-Staatsb\u00fcrgerschaft Zwecks Zugangs zum ersten Studienzyklus (in Belgien \u201ebaccalaur\u00e9at\u201c genannt), m\u00fcssen Sie sich im Besitz eines Abiturzeugnisses befinden, das einem Abschlusszeugnis der Sekundarstufe entspricht und in der Region von Wallonien-Br\u00fcssel (z.B. ein franz\u00f6sisches Abiturzeugnis) g\u00fcltig ist. Die Studenten, die \u00fcber ein ausl\u00e4ndisches Diplom der Sekundarstufe verf\u00fcgen, m\u00fcssen einen Anerkennungsantrag f\u00fcr ihr Diplom oder [&hellip;]\" \/>\n<meta property=\"og:url\" content=\"https:\/\/frontaliers-grandest.eu\/de\/startseite\/jugendliche\/studie-ausbildung\/anerkennung-der-diplome\/die-anerkennung-der-diplome-in-belgien\/zugang-zum-ersten-zyklus-des-hochschulstudiums\/\" \/>\n<meta property=\"og:site_name\" content=\"Frontaliers Grand Est\" \/>\n<meta property=\"article:publisher\" content=\"https:\/\/www.facebook.com\/frontaliers.GR.EST\/?locale=fr_FR\" \/>\n<meta property=\"article:modified_time\" content=\"2024-03-13T11:03:11+00:00\" \/>\n<meta name=\"twitter:card\" content=\"summary_large_image\" \/>\n<meta name=\"twitter:label1\" content=\"Gesch\u00e4tzte Lesezeit\" \/>\n\t<meta name=\"twitter:data1\" content=\"2\u00a0Minuten\" \/>\n<script type=\"application\/ld+json\" class=\"yoast-schema-graph\">{\"@context\":\"https:\/\/schema.org\",\"@graph\":[{\"@type\":\"WebPage\",\"@id\":\"https:\/\/frontaliers-grandest.eu\/de\/startseite\/jugendliche\/studie-ausbildung\/anerkennung-der-diplome\/die-anerkennung-der-diplome-in-belgien\/zugang-zum-ersten-zyklus-des-hochschulstudiums\/\",\"url\":\"https:\/\/frontaliers-grandest.eu\/de\/startseite\/jugendliche\/studie-ausbildung\/anerkennung-der-diplome\/die-anerkennung-der-diplome-in-belgien\/zugang-zum-ersten-zyklus-des-hochschulstudiums\/\",\"name\":\"Zugang zum ersten zyklus des hochschulstudiums - Frontaliers Grand Est\",\"isPartOf\":{\"@id\":\"https:\/\/frontaliers-grandest.eu\/de\/#website\"},\"datePublished\":\"2021-05-19T09:42:29+00:00\",\"dateModified\":\"2024-03-13T11:03:11+00:00\",\"breadcrumb\":{\"@id\":\"https:\/\/frontaliers-grandest.eu\/de\/startseite\/jugendliche\/studie-ausbildung\/anerkennung-der-diplome\/die-anerkennung-der-diplome-in-belgien\/zugang-zum-ersten-zyklus-des-hochschulstudiums\/#breadcrumb\"},\"inLanguage\":\"de\",\"potentialAction\":[{\"@type\":\"ReadAction\",\"target\":[\"https:\/\/frontaliers-grandest.eu\/de\/startseite\/jugendliche\/studie-ausbildung\/anerkennung-der-diplome\/die-anerkennung-der-diplome-in-belgien\/zugang-zum-ersten-zyklus-des-hochschulstudiums\/\"]}]},{\"@type\":\"BreadcrumbList\",\"@id\":\"https:\/\/frontaliers-grandest.eu\/de\/startseite\/jugendliche\/studie-ausbildung\/anerkennung-der-diplome\/die-anerkennung-der-diplome-in-belgien\/zugang-zum-ersten-zyklus-des-hochschulstudiums\/#breadcrumb\",\"itemListElement\":[{\"@type\":\"ListItem\",\"position\":1,\"name\":\"Startseite\",\"item\":\"https:\/\/frontaliers-grandest.eu\/de\/\"},{\"@type\":\"ListItem\",\"position\":2,\"name\":\"Jugendliche\",\"item\":\"https:\/\/frontaliers-grandest.eu\/de\/startseite\/jugendliche\/\"},{\"@type\":\"ListItem\",\"position\":3,\"name\":\"Studie \/ Ausbildung\",\"item\":\"https:\/\/frontaliers-grandest.eu\/de\/startseite\/jugendliche\/studie-ausbildung\/\"},{\"@type\":\"ListItem\",\"position\":4,\"name\":\"Anerkennung der Diplome\",\"item\":\"https:\/\/frontaliers-grandest.eu\/de\/startseite\/jugendliche\/studie-ausbildung\/anerkennung-der-diplome\/\"},{\"@type\":\"ListItem\",\"position\":5,\"name\":\"Die anerkennung der diplome in Belgien\",\"item\":\"https:\/\/frontaliers-grandest.eu\/de\/startseite\/jugendliche\/studie-ausbildung\/anerkennung-der-diplome\/die-anerkennung-der-diplome-in-belgien\/\"},{\"@type\":\"ListItem\",\"position\":6,\"name\":\"Zugang zum ersten zyklus des hochschulstudiums\"}]},{\"@type\":\"WebSite\",\"@id\":\"https:\/\/frontaliers-grandest.eu\/de\/#website\",\"url\":\"https:\/\/frontaliers-grandest.eu\/de\/\",\"name\":\"Frontaliers Grand Est\",\"description\":\"Le site ressource du travail frontalier\",\"publisher\":{\"@id\":\"https:\/\/frontaliers-grandest.eu\/de\/#organization\"},\"alternateName\":\"Frontaliers Grand Est\",\"potentialAction\":[{\"@type\":\"SearchAction\",\"target\":{\"@type\":\"EntryPoint\",\"urlTemplate\":\"https:\/\/frontaliers-grandest.eu\/de\/?s={search_term_string}\"},\"query-input\":{\"@type\":\"PropertyValueSpecification\",\"valueRequired\":true,\"valueName\":\"search_term_string\"}}],\"inLanguage\":\"de\"},{\"@type\":\"Organization\",\"@id\":\"https:\/\/frontaliers-grandest.eu\/de\/#organization\",\"name\":\"Frontaliers Grand Est\",\"alternateName\":\"Frontaliers Grand Est\",\"url\":\"https:\/\/frontaliers-grandest.eu\/de\/\",\"logo\":{\"@type\":\"ImageObject\",\"inLanguage\":\"de\",\"@id\":\"https:\/\/frontaliers-grandest.eu\/de\/#\/schema\/logo\/image\/\",\"url\":\"https:\/\/frontaliers-grandest.eu\/wp-content\/uploads\/2025\/07\/260328234_2966785176920310_3332838526503858160_n.jpg\",\"contentUrl\":\"https:\/\/frontaliers-grandest.eu\/wp-content\/uploads\/2025\/07\/260328234_2966785176920310_3332838526503858160_n.jpg\",\"width\":396,\"height\":396,\"caption\":\"Frontaliers Grand Est\"},\"image\":{\"@id\":\"https:\/\/frontaliers-grandest.eu\/de\/#\/schema\/logo\/image\/\"},\"sameAs\":[\"https:\/\/www.facebook.com\/frontaliers.GR.EST\/?locale=fr_FR\"]}]}<\/script>\n<!-- \/ Yoast SEO plugin. -->","yoast_head_json":{"title":"Zugang zum ersten zyklus des hochschulstudiums - Frontaliers Grand Est","robots":{"index":"index","follow":"follow","max-snippet":"max-snippet:-1","max-image-preview":"max-image-preview:large","max-video-preview":"max-video-preview:-1"},"canonical":"https:\/\/frontaliers-grandest.eu\/de\/startseite\/jugendliche\/studie-ausbildung\/anerkennung-der-diplome\/die-anerkennung-der-diplome-in-belgien\/zugang-zum-ersten-zyklus-des-hochschulstudiums\/","og_locale":"de_DE","og_type":"article","og_title":"Zugang zum ersten zyklus des hochschulstudiums - Frontaliers Grand Est","og_description":"Kandidaten mit EU-Staatsb\u00fcrgerschaft Zwecks Zugangs zum ersten Studienzyklus (in Belgien \u201ebaccalaur\u00e9at\u201c genannt), m\u00fcssen Sie sich im Besitz eines Abiturzeugnisses befinden, das einem Abschlusszeugnis der Sekundarstufe entspricht und in der Region von Wallonien-Br\u00fcssel (z.B. ein franz\u00f6sisches Abiturzeugnis) g\u00fcltig ist. Die Studenten, die \u00fcber ein ausl\u00e4ndisches Diplom der Sekundarstufe verf\u00fcgen, m\u00fcssen einen Anerkennungsantrag f\u00fcr ihr Diplom oder [&hellip;]","og_url":"https:\/\/frontaliers-grandest.eu\/de\/startseite\/jugendliche\/studie-ausbildung\/anerkennung-der-diplome\/die-anerkennung-der-diplome-in-belgien\/zugang-zum-ersten-zyklus-des-hochschulstudiums\/","og_site_name":"Frontaliers Grand Est","article_publisher":"https:\/\/www.facebook.com\/frontaliers.GR.EST\/?locale=fr_FR","article_modified_time":"2024-03-13T11:03:11+00:00","twitter_card":"summary_large_image","twitter_misc":{"Gesch\u00e4tzte Lesezeit":"2\u00a0Minuten"},"schema":{"@context":"https:\/\/schema.org","@graph":[{"@type":"WebPage","@id":"https:\/\/frontaliers-grandest.eu\/de\/startseite\/jugendliche\/studie-ausbildung\/anerkennung-der-diplome\/die-anerkennung-der-diplome-in-belgien\/zugang-zum-ersten-zyklus-des-hochschulstudiums\/","url":"https:\/\/frontaliers-grandest.eu\/de\/startseite\/jugendliche\/studie-ausbildung\/anerkennung-der-diplome\/die-anerkennung-der-diplome-in-belgien\/zugang-zum-ersten-zyklus-des-hochschulstudiums\/","name":"Zugang zum ersten zyklus des hochschulstudiums - Frontaliers Grand Est","isPartOf":{"@id":"https:\/\/frontaliers-grandest.eu\/de\/#website"},"datePublished":"2021-05-19T09:42:29+00:00","dateModified":"2024-03-13T11:03:11+00:00","breadcrumb":{"@id":"https:\/\/frontaliers-grandest.eu\/de\/startseite\/jugendliche\/studie-ausbildung\/anerkennung-der-diplome\/die-anerkennung-der-diplome-in-belgien\/zugang-zum-ersten-zyklus-des-hochschulstudiums\/#breadcrumb"},"inLanguage":"de","potentialAction":[{"@type":"ReadAction","target":["https:\/\/frontaliers-grandest.eu\/de\/startseite\/jugendliche\/studie-ausbildung\/anerkennung-der-diplome\/die-anerkennung-der-diplome-in-belgien\/zugang-zum-ersten-zyklus-des-hochschulstudiums\/"]}]},{"@type":"BreadcrumbList","@id":"https:\/\/frontaliers-grandest.eu\/de\/startseite\/jugendliche\/studie-ausbildung\/anerkennung-der-diplome\/die-anerkennung-der-diplome-in-belgien\/zugang-zum-ersten-zyklus-des-hochschulstudiums\/#breadcrumb","itemListElement":[{"@type":"ListItem","position":1,"name":"Startseite","item":"https:\/\/frontaliers-grandest.eu\/de\/"},{"@type":"ListItem","position":2,"name":"Jugendliche","item":"https:\/\/frontaliers-grandest.eu\/de\/startseite\/jugendliche\/"},{"@type":"ListItem","position":3,"name":"Studie \/ Ausbildung","item":"https:\/\/frontaliers-grandest.eu\/de\/startseite\/jugendliche\/studie-ausbildung\/"},{"@type":"ListItem","position":4,"name":"Anerkennung der Diplome","item":"https:\/\/frontaliers-grandest.eu\/de\/startseite\/jugendliche\/studie-ausbildung\/anerkennung-der-diplome\/"},{"@type":"ListItem","position":5,"name":"Die anerkennung der diplome in Belgien","item":"https:\/\/frontaliers-grandest.eu\/de\/startseite\/jugendliche\/studie-ausbildung\/anerkennung-der-diplome\/die-anerkennung-der-diplome-in-belgien\/"},{"@type":"ListItem","position":6,"name":"Zugang zum ersten zyklus des hochschulstudiums"}]},{"@type":"WebSite","@id":"https:\/\/frontaliers-grandest.eu\/de\/#website","url":"https:\/\/frontaliers-grandest.eu\/de\/","name":"Frontaliers Grand Est","description":"Le site ressource du travail frontalier","publisher":{"@id":"https:\/\/frontaliers-grandest.eu\/de\/#organization"},"alternateName":"Frontaliers Grand Est","potentialAction":[{"@type":"SearchAction","target":{"@type":"EntryPoint","urlTemplate":"https:\/\/frontaliers-grandest.eu\/de\/?s={search_term_string}"},"query-input":{"@type":"PropertyValueSpecification","valueRequired":true,"valueName":"search_term_string"}}],"inLanguage":"de"},{"@type":"Organization","@id":"https:\/\/frontaliers-grandest.eu\/de\/#organization","name":"Frontaliers Grand Est","alternateName":"Frontaliers Grand Est","url":"https:\/\/frontaliers-grandest.eu\/de\/","logo":{"@type":"ImageObject","inLanguage":"de","@id":"https:\/\/frontaliers-grandest.eu\/de\/#\/schema\/logo\/image\/","url":"https:\/\/frontaliers-grandest.eu\/wp-content\/uploads\/2025\/07\/260328234_2966785176920310_3332838526503858160_n.jpg","contentUrl":"https:\/\/frontaliers-grandest.eu\/wp-content\/uploads\/2025\/07\/260328234_2966785176920310_3332838526503858160_n.jpg","width":396,"height":396,"caption":"Frontaliers Grand Est"},"image":{"@id":"https:\/\/frontaliers-grandest.eu\/de\/#\/schema\/logo\/image\/"},"sameAs":["https:\/\/www.facebook.com\/frontaliers.GR.EST\/?locale=fr_FR"]}]}},"frge_page_order":0,"_links":{"self":[{"href":"https:\/\/frontaliers-grandest.eu\/de\/wp-json\/wp\/v2\/pages\/7623","targetHints":{"allow":["GET"]}}],"collection":[{"href":"https:\/\/frontaliers-grandest.eu\/de\/wp-json\/wp\/v2\/pages"}],"about":[{"href":"https:\/\/frontaliers-grandest.eu\/de\/wp-json\/wp\/v2\/types\/page"}],"author":[{"embeddable":true,"href":"https:\/\/frontaliers-grandest.eu\/de\/wp-json\/wp\/v2\/users\/7"}],"replies":[{"embeddable":true,"href":"https:\/\/frontaliers-grandest.eu\/de\/wp-json\/wp\/v2\/comments?post=7623"}],"version-history":[{"count":2,"href":"https:\/\/frontaliers-grandest.eu\/de\/wp-json\/wp\/v2\/pages\/7623\/revisions"}],"predecessor-version":[{"id":34611,"href":"https:\/\/frontaliers-grandest.eu\/de\/wp-json\/wp\/v2\/pages\/7623\/revisions\/34611"}],"up":[{"embeddable":true,"href":"https:\/\/frontaliers-grandest.eu\/de\/wp-json\/wp\/v2\/pages\/7588"}],"wp:attachment":[{"href":"https:\/\/frontaliers-grandest.eu\/de\/wp-json\/wp\/v2\/media?parent=7623"}],"wp:term":[{"taxonomy":"post_tag","embeddable":true,"href":"https:\/\/frontaliers-grandest.eu\/de\/wp-json\/wp\/v2\/tags?post=7623"},{"taxonomy":"frge_profile","embeddable":true,"href":"https:\/\/frontaliers-grandest.eu\/de\/wp-json\/wp\/v2\/frge_profile?post=7623"}],"curies":[{"name":"wp","href":"https:\/\/api.w.org\/{rel}","templated":true}]}}