{"id":7615,"date":"2021-05-19T11:18:59","date_gmt":"2021-05-19T09:18:59","guid":{"rendered":"https:\/\/frontaliers-grandest.eu\/?page_id=7615"},"modified":"2021-05-19T11:19:00","modified_gmt":"2021-05-19T09:19:00","slug":"hochschulstudien-fortsetzen","status":"publish","type":"page","link":"https:\/\/frontaliers-grandest.eu\/de\/startseite\/jugendliche\/studie-ausbildung\/anerkennung-der-diplome\/die-anerkennung-der-diplome-in-deutschland\/hochschulstudien-fortsetzen\/","title":{"rendered":"Hochschulstudien fortsetzen"},"content":{"rendered":"\n<h4 class=\"wp-block-heading\">Befreiung von Studien<\/h4>\n\n\n\n<p>Sie m\u00f6chten gerne an einer deutschen Hochschule (<em>Hochschule, <\/em>Universit\u00e4t) einen Studiengang (2. oder 3. Jahr des Bachelors oder einen Master) absolvieren. Das LMD-System (Licence\/Master\/Doctorat = Bachelor\/Master\/Promotion) beg\u00fcnstigt wesentlich die Mobilit\u00e4t mit Hilfe des ECTS-Systems.<\/p>\n\n\n\n<p>Des Weiteren bleiben <strong>die deutsch-franz\u00f6sischen Vereinbarungen <\/strong>(2007) g\u00fcltig, da ihre sehr klaren Regeln einen wichtigen Zusatz des LMD-Systems darstellen. Frankreich und Deutschland haben bestimmte Vereinbarungen f\u00fcr die gegenseitige Anerkennung der Hochschulabschl\u00fcsse getroffen.<\/p>\n\n\n\n<p>Im Besonderen betrafen diese auch die Befreiung von Studien, um den Studenten die M\u00f6glichkeit zu bieten, ihre Studien im Partnerland fortzusetzen, ohne Zeit zu verlieren.<\/p>\n\n\n\n<h5 class=\"wp-block-heading\">Diese Vereinbarungen betreffen verschiedene Studienrichtungen: <\/h5>\n\n\n\n<p>Wissenschaften, Geisteswissenschaft und Kunst, Humanwissenschaften, Wirtschaftswissenschaften, Verwaltung, Politik- und Rechtswissenschaften,<\/p>\n\n\n\n<p>Hochschulausbildungen im technologischen Bereich und Ingenieurwesen.<\/p>\n\n\n\n<p>F\u00fcr all diese Studienrichtungen k\u00f6nnen alle Studenten, die \u00fcber ein Bachelordiplom + 2 verf\u00fcgen direkt ins 5. Semester <em>(Hauptstudium)<\/em> einsteigen. Die Studenten, die ein Bachelordiplom absolviert haben, erhalten den Zugang zum Masterstudium.<\/p>\n\n\n\n<h5 class=\"wp-block-heading\">Die Befreiung ist aber nicht automatisch. <\/h5>\n\n\n\n<p>Die zust\u00e4ndige Beh\u00f6rde ist die Universit\u00e4t, an der sich der Kandidat einschreiben m\u00f6chte. Diese Universit\u00e4t \u00fcberpr\u00fcft den von Seiten des Studenten gestellten Antrag und beh\u00e4lt sich das Recht vor, die Befreiung zu genehmigen oder auch nicht.<\/p>\n\n\n\n<h4 class=\"wp-block-heading\">Vorgehensweise<\/h4>\n\n\n\n<p>Sie m\u00fcssen eine \u00dcbertragung oder Anerkennung bei der Universit\u00e4t beantragen, an der Sie Ihr Studium antreten m\u00f6chten. Der Antrag muss in schriftlicher Form bei den verschiedenen Pr\u00fcfungs\u00e4mtern der betreffenden Fakult\u00e4ten <em>(Pr\u00fcfungsamt oder Pr\u00fcfungssekretariat)<\/em> eingereicht werden. In Anlage zum Antrag m\u00fcssen ein Notenausweis und eine Bescheinigung bez\u00fcglich des Niveaus der Kenntnis der deutschen Sprache \u00fcbermittelt werden. Die Bearbeitung des Antrags kann mehrere Wochen in Anspruch nehmen. Daher ist es empfehlenswert, diesen zeitgerecht zu stellen.<\/p>\n","protected":false},"excerpt":{"rendered":"<p>Befreiung von Studien Sie m\u00f6chten gerne an einer deutschen Hochschule (Hochschule, Universit\u00e4t) einen Studiengang (2. oder 3. Jahr des Bachelors oder einen Master) absolvieren. Das LMD-System (Licence\/Master\/Doctorat = Bachelor\/Master\/Promotion) beg\u00fcnstigt wesentlich die Mobilit\u00e4t mit Hilfe des ECTS-Systems. Des Weiteren bleiben die deutsch-franz\u00f6sischen Vereinbarungen (2007) g\u00fcltig, da ihre sehr klaren Regeln einen wichtigen Zusatz des LMD-Systems [&hellip;]<\/p>\n","protected":false},"author":7,"featured_media":0,"parent":7586,"menu_order":1,"comment_status":"closed","ping_status":"closed","template":"","meta":{"inline_featured_image":false,"footnotes":""},"tags":[],"frge_profile":[],"class_list":["post-7615","page","type-page","status-publish","hentry"],"yoast_head":"<!-- This site is optimized with the Yoast SEO plugin v27.1.1 - https:\/\/yoast.com\/product\/yoast-seo-wordpress\/ -->\n<title>Hochschulstudien fortsetzen - Frontaliers Grand Est<\/title>\n<meta name=\"robots\" content=\"index, follow, max-snippet:-1, max-image-preview:large, max-video-preview:-1\" \/>\n<link rel=\"canonical\" href=\"https:\/\/frontaliers-grandest.eu\/de\/startseite\/jugendliche\/studie-ausbildung\/anerkennung-der-diplome\/die-anerkennung-der-diplome-in-deutschland\/hochschulstudien-fortsetzen\/\" \/>\n<meta property=\"og:locale\" content=\"de_DE\" \/>\n<meta property=\"og:type\" content=\"article\" \/>\n<meta property=\"og:title\" content=\"Hochschulstudien fortsetzen - Frontaliers Grand Est\" \/>\n<meta property=\"og:description\" content=\"Befreiung von Studien Sie m\u00f6chten gerne an einer deutschen Hochschule (Hochschule, Universit\u00e4t) einen Studiengang (2. oder 3. Jahr des Bachelors oder einen Master) absolvieren. Das LMD-System (Licence\/Master\/Doctorat = Bachelor\/Master\/Promotion) beg\u00fcnstigt wesentlich die Mobilit\u00e4t mit Hilfe des ECTS-Systems. Des Weiteren bleiben die deutsch-franz\u00f6sischen Vereinbarungen (2007) g\u00fcltig, da ihre sehr klaren Regeln einen wichtigen Zusatz des LMD-Systems [&hellip;]\" \/>\n<meta property=\"og:url\" content=\"https:\/\/frontaliers-grandest.eu\/de\/startseite\/jugendliche\/studie-ausbildung\/anerkennung-der-diplome\/die-anerkennung-der-diplome-in-deutschland\/hochschulstudien-fortsetzen\/\" \/>\n<meta property=\"og:site_name\" content=\"Frontaliers Grand Est\" \/>\n<meta property=\"article:publisher\" content=\"https:\/\/www.facebook.com\/frontaliers.GR.EST\/?locale=fr_FR\" \/>\n<meta property=\"article:modified_time\" content=\"2021-05-19T09:19:00+00:00\" \/>\n<meta name=\"twitter:card\" content=\"summary_large_image\" \/>\n<meta name=\"twitter:label1\" content=\"Gesch\u00e4tzte Lesezeit\" \/>\n\t<meta name=\"twitter:data1\" content=\"2\u00a0Minuten\" \/>\n<script type=\"application\/ld+json\" class=\"yoast-schema-graph\">{\"@context\":\"https:\/\/schema.org\",\"@graph\":[{\"@type\":\"WebPage\",\"@id\":\"https:\/\/frontaliers-grandest.eu\/de\/startseite\/jugendliche\/studie-ausbildung\/anerkennung-der-diplome\/die-anerkennung-der-diplome-in-deutschland\/hochschulstudien-fortsetzen\/\",\"url\":\"https:\/\/frontaliers-grandest.eu\/de\/startseite\/jugendliche\/studie-ausbildung\/anerkennung-der-diplome\/die-anerkennung-der-diplome-in-deutschland\/hochschulstudien-fortsetzen\/\",\"name\":\"Hochschulstudien fortsetzen - Frontaliers Grand Est\",\"isPartOf\":{\"@id\":\"https:\/\/frontaliers-grandest.eu\/de\/#website\"},\"datePublished\":\"2021-05-19T09:18:59+00:00\",\"dateModified\":\"2021-05-19T09:19:00+00:00\",\"breadcrumb\":{\"@id\":\"https:\/\/frontaliers-grandest.eu\/de\/startseite\/jugendliche\/studie-ausbildung\/anerkennung-der-diplome\/die-anerkennung-der-diplome-in-deutschland\/hochschulstudien-fortsetzen\/#breadcrumb\"},\"inLanguage\":\"de\",\"potentialAction\":[{\"@type\":\"ReadAction\",\"target\":[\"https:\/\/frontaliers-grandest.eu\/de\/startseite\/jugendliche\/studie-ausbildung\/anerkennung-der-diplome\/die-anerkennung-der-diplome-in-deutschland\/hochschulstudien-fortsetzen\/\"]}]},{\"@type\":\"BreadcrumbList\",\"@id\":\"https:\/\/frontaliers-grandest.eu\/de\/startseite\/jugendliche\/studie-ausbildung\/anerkennung-der-diplome\/die-anerkennung-der-diplome-in-deutschland\/hochschulstudien-fortsetzen\/#breadcrumb\",\"itemListElement\":[{\"@type\":\"ListItem\",\"position\":1,\"name\":\"Startseite\",\"item\":\"https:\/\/frontaliers-grandest.eu\/de\/\"},{\"@type\":\"ListItem\",\"position\":2,\"name\":\"Jugendliche\",\"item\":\"https:\/\/frontaliers-grandest.eu\/de\/startseite\/jugendliche\/\"},{\"@type\":\"ListItem\",\"position\":3,\"name\":\"Studie \/ Ausbildung\",\"item\":\"https:\/\/frontaliers-grandest.eu\/de\/startseite\/jugendliche\/studie-ausbildung\/\"},{\"@type\":\"ListItem\",\"position\":4,\"name\":\"Anerkennung der Diplome\",\"item\":\"https:\/\/frontaliers-grandest.eu\/de\/startseite\/jugendliche\/studie-ausbildung\/anerkennung-der-diplome\/\"},{\"@type\":\"ListItem\",\"position\":5,\"name\":\"Die anerkennung der diplome in Deutschland\",\"item\":\"https:\/\/frontaliers-grandest.eu\/de\/startseite\/jugendliche\/studie-ausbildung\/anerkennung-der-diplome\/die-anerkennung-der-diplome-in-deutschland\/\"},{\"@type\":\"ListItem\",\"position\":6,\"name\":\"Hochschulstudien fortsetzen\"}]},{\"@type\":\"WebSite\",\"@id\":\"https:\/\/frontaliers-grandest.eu\/de\/#website\",\"url\":\"https:\/\/frontaliers-grandest.eu\/de\/\",\"name\":\"Frontaliers Grand Est\",\"description\":\"Le site ressource du travail frontalier\",\"publisher\":{\"@id\":\"https:\/\/frontaliers-grandest.eu\/de\/#organization\"},\"alternateName\":\"Frontaliers Grand Est\",\"potentialAction\":[{\"@type\":\"SearchAction\",\"target\":{\"@type\":\"EntryPoint\",\"urlTemplate\":\"https:\/\/frontaliers-grandest.eu\/de\/?s={search_term_string}\"},\"query-input\":{\"@type\":\"PropertyValueSpecification\",\"valueRequired\":true,\"valueName\":\"search_term_string\"}}],\"inLanguage\":\"de\"},{\"@type\":\"Organization\",\"@id\":\"https:\/\/frontaliers-grandest.eu\/de\/#organization\",\"name\":\"Frontaliers Grand Est\",\"alternateName\":\"Frontaliers Grand Est\",\"url\":\"https:\/\/frontaliers-grandest.eu\/de\/\",\"logo\":{\"@type\":\"ImageObject\",\"inLanguage\":\"de\",\"@id\":\"https:\/\/frontaliers-grandest.eu\/de\/#\/schema\/logo\/image\/\",\"url\":\"https:\/\/frontaliers-grandest.eu\/wp-content\/uploads\/2025\/07\/260328234_2966785176920310_3332838526503858160_n.jpg\",\"contentUrl\":\"https:\/\/frontaliers-grandest.eu\/wp-content\/uploads\/2025\/07\/260328234_2966785176920310_3332838526503858160_n.jpg\",\"width\":396,\"height\":396,\"caption\":\"Frontaliers Grand Est\"},\"image\":{\"@id\":\"https:\/\/frontaliers-grandest.eu\/de\/#\/schema\/logo\/image\/\"},\"sameAs\":[\"https:\/\/www.facebook.com\/frontaliers.GR.EST\/?locale=fr_FR\"]}]}<\/script>\n<!-- \/ Yoast SEO plugin. -->","yoast_head_json":{"title":"Hochschulstudien fortsetzen - Frontaliers Grand Est","robots":{"index":"index","follow":"follow","max-snippet":"max-snippet:-1","max-image-preview":"max-image-preview:large","max-video-preview":"max-video-preview:-1"},"canonical":"https:\/\/frontaliers-grandest.eu\/de\/startseite\/jugendliche\/studie-ausbildung\/anerkennung-der-diplome\/die-anerkennung-der-diplome-in-deutschland\/hochschulstudien-fortsetzen\/","og_locale":"de_DE","og_type":"article","og_title":"Hochschulstudien fortsetzen - Frontaliers Grand Est","og_description":"Befreiung von Studien Sie m\u00f6chten gerne an einer deutschen Hochschule (Hochschule, Universit\u00e4t) einen Studiengang (2. oder 3. Jahr des Bachelors oder einen Master) absolvieren. Das LMD-System (Licence\/Master\/Doctorat = Bachelor\/Master\/Promotion) beg\u00fcnstigt wesentlich die Mobilit\u00e4t mit Hilfe des ECTS-Systems. Des Weiteren bleiben die deutsch-franz\u00f6sischen Vereinbarungen (2007) g\u00fcltig, da ihre sehr klaren Regeln einen wichtigen Zusatz des LMD-Systems [&hellip;]","og_url":"https:\/\/frontaliers-grandest.eu\/de\/startseite\/jugendliche\/studie-ausbildung\/anerkennung-der-diplome\/die-anerkennung-der-diplome-in-deutschland\/hochschulstudien-fortsetzen\/","og_site_name":"Frontaliers Grand Est","article_publisher":"https:\/\/www.facebook.com\/frontaliers.GR.EST\/?locale=fr_FR","article_modified_time":"2021-05-19T09:19:00+00:00","twitter_card":"summary_large_image","twitter_misc":{"Gesch\u00e4tzte Lesezeit":"2\u00a0Minuten"},"schema":{"@context":"https:\/\/schema.org","@graph":[{"@type":"WebPage","@id":"https:\/\/frontaliers-grandest.eu\/de\/startseite\/jugendliche\/studie-ausbildung\/anerkennung-der-diplome\/die-anerkennung-der-diplome-in-deutschland\/hochschulstudien-fortsetzen\/","url":"https:\/\/frontaliers-grandest.eu\/de\/startseite\/jugendliche\/studie-ausbildung\/anerkennung-der-diplome\/die-anerkennung-der-diplome-in-deutschland\/hochschulstudien-fortsetzen\/","name":"Hochschulstudien fortsetzen - Frontaliers Grand Est","isPartOf":{"@id":"https:\/\/frontaliers-grandest.eu\/de\/#website"},"datePublished":"2021-05-19T09:18:59+00:00","dateModified":"2021-05-19T09:19:00+00:00","breadcrumb":{"@id":"https:\/\/frontaliers-grandest.eu\/de\/startseite\/jugendliche\/studie-ausbildung\/anerkennung-der-diplome\/die-anerkennung-der-diplome-in-deutschland\/hochschulstudien-fortsetzen\/#breadcrumb"},"inLanguage":"de","potentialAction":[{"@type":"ReadAction","target":["https:\/\/frontaliers-grandest.eu\/de\/startseite\/jugendliche\/studie-ausbildung\/anerkennung-der-diplome\/die-anerkennung-der-diplome-in-deutschland\/hochschulstudien-fortsetzen\/"]}]},{"@type":"BreadcrumbList","@id":"https:\/\/frontaliers-grandest.eu\/de\/startseite\/jugendliche\/studie-ausbildung\/anerkennung-der-diplome\/die-anerkennung-der-diplome-in-deutschland\/hochschulstudien-fortsetzen\/#breadcrumb","itemListElement":[{"@type":"ListItem","position":1,"name":"Startseite","item":"https:\/\/frontaliers-grandest.eu\/de\/"},{"@type":"ListItem","position":2,"name":"Jugendliche","item":"https:\/\/frontaliers-grandest.eu\/de\/startseite\/jugendliche\/"},{"@type":"ListItem","position":3,"name":"Studie \/ Ausbildung","item":"https:\/\/frontaliers-grandest.eu\/de\/startseite\/jugendliche\/studie-ausbildung\/"},{"@type":"ListItem","position":4,"name":"Anerkennung der Diplome","item":"https:\/\/frontaliers-grandest.eu\/de\/startseite\/jugendliche\/studie-ausbildung\/anerkennung-der-diplome\/"},{"@type":"ListItem","position":5,"name":"Die anerkennung der diplome in Deutschland","item":"https:\/\/frontaliers-grandest.eu\/de\/startseite\/jugendliche\/studie-ausbildung\/anerkennung-der-diplome\/die-anerkennung-der-diplome-in-deutschland\/"},{"@type":"ListItem","position":6,"name":"Hochschulstudien fortsetzen"}]},{"@type":"WebSite","@id":"https:\/\/frontaliers-grandest.eu\/de\/#website","url":"https:\/\/frontaliers-grandest.eu\/de\/","name":"Frontaliers Grand Est","description":"Le site ressource du travail frontalier","publisher":{"@id":"https:\/\/frontaliers-grandest.eu\/de\/#organization"},"alternateName":"Frontaliers Grand Est","potentialAction":[{"@type":"SearchAction","target":{"@type":"EntryPoint","urlTemplate":"https:\/\/frontaliers-grandest.eu\/de\/?s={search_term_string}"},"query-input":{"@type":"PropertyValueSpecification","valueRequired":true,"valueName":"search_term_string"}}],"inLanguage":"de"},{"@type":"Organization","@id":"https:\/\/frontaliers-grandest.eu\/de\/#organization","name":"Frontaliers Grand Est","alternateName":"Frontaliers Grand Est","url":"https:\/\/frontaliers-grandest.eu\/de\/","logo":{"@type":"ImageObject","inLanguage":"de","@id":"https:\/\/frontaliers-grandest.eu\/de\/#\/schema\/logo\/image\/","url":"https:\/\/frontaliers-grandest.eu\/wp-content\/uploads\/2025\/07\/260328234_2966785176920310_3332838526503858160_n.jpg","contentUrl":"https:\/\/frontaliers-grandest.eu\/wp-content\/uploads\/2025\/07\/260328234_2966785176920310_3332838526503858160_n.jpg","width":396,"height":396,"caption":"Frontaliers Grand Est"},"image":{"@id":"https:\/\/frontaliers-grandest.eu\/de\/#\/schema\/logo\/image\/"},"sameAs":["https:\/\/www.facebook.com\/frontaliers.GR.EST\/?locale=fr_FR"]}]}},"frge_page_order":0,"_links":{"self":[{"href":"https:\/\/frontaliers-grandest.eu\/de\/wp-json\/wp\/v2\/pages\/7615","targetHints":{"allow":["GET"]}}],"collection":[{"href":"https:\/\/frontaliers-grandest.eu\/de\/wp-json\/wp\/v2\/pages"}],"about":[{"href":"https:\/\/frontaliers-grandest.eu\/de\/wp-json\/wp\/v2\/types\/page"}],"author":[{"embeddable":true,"href":"https:\/\/frontaliers-grandest.eu\/de\/wp-json\/wp\/v2\/users\/7"}],"replies":[{"embeddable":true,"href":"https:\/\/frontaliers-grandest.eu\/de\/wp-json\/wp\/v2\/comments?post=7615"}],"version-history":[{"count":1,"href":"https:\/\/frontaliers-grandest.eu\/de\/wp-json\/wp\/v2\/pages\/7615\/revisions"}],"predecessor-version":[{"id":7616,"href":"https:\/\/frontaliers-grandest.eu\/de\/wp-json\/wp\/v2\/pages\/7615\/revisions\/7616"}],"up":[{"embeddable":true,"href":"https:\/\/frontaliers-grandest.eu\/de\/wp-json\/wp\/v2\/pages\/7586"}],"wp:attachment":[{"href":"https:\/\/frontaliers-grandest.eu\/de\/wp-json\/wp\/v2\/media?parent=7615"}],"wp:term":[{"taxonomy":"post_tag","embeddable":true,"href":"https:\/\/frontaliers-grandest.eu\/de\/wp-json\/wp\/v2\/tags?post=7615"},{"taxonomy":"frge_profile","embeddable":true,"href":"https:\/\/frontaliers-grandest.eu\/de\/wp-json\/wp\/v2\/frge_profile?post=7615"}],"curies":[{"name":"wp","href":"https:\/\/api.w.org\/{rel}","templated":true}]}}