{"id":7613,"date":"2021-05-19T11:15:40","date_gmt":"2021-05-19T09:15:40","guid":{"rendered":"https:\/\/frontaliers-grandest.eu\/?page_id=7613"},"modified":"2024-03-13T11:49:47","modified_gmt":"2024-03-13T10:49:47","slug":"zugang-zum-ersten-zyklus-des-hochschulstudiums","status":"publish","type":"page","link":"https:\/\/frontaliers-grandest.eu\/de\/startseite\/jugendliche\/studie-ausbildung\/anerkennung-der-diplome\/die-anerkennung-der-diplome-in-deutschland\/zugang-zum-ersten-zyklus-des-hochschulstudiums\/","title":{"rendered":"Zugang zum ersten zyklus des hochschulstudiums"},"content":{"rendered":"\n<h3 class=\"wp-block-heading\">Kandidaten, die Staatsb\u00fcrger der Europ\u00e4ischen Union sind<\/h3>\n\n\n\n<p>Den Kandidaten, die Staatsb\u00fcrger der Europ\u00e4ischen Union sind (und auch Kandidaten, die aus anderen L\u00e4ndern au\u00dferhalb der EU stammen, falls es ein bilaterales Abkommen gibt), dient das Abiturzeugnis als Zugangsberechtigung f\u00fcr das Hochschulstudium <em>(Hochschulzugangberechtigung)<\/em>.<\/p>\n\n\n\n<p>Als Kandidat mit franz\u00f6sischem Abitur (oder gleichwertigem Titel) k\u00f6nnen Sie somit direkt das Hochschulstudium antreten.<\/p>\n\n\n\n<h3 class=\"wp-block-heading\">Kandidaten ohne Staatsb\u00fcrgerschaft der Europ\u00e4ischen Union<\/h3>\n\n\n\n<p>Das B\u00fcro ENIC-NARIC, die <em>Zentralstelle f\u00fcr Ausl\u00e4ndisches Bildungswesen <\/em>(ZAB), ist ein Informationsb\u00fcro \u00fcber die Anerkennung von Diplomen in Deutschland. <\/p>\n\n\n\n<figure class=\"wp-block-pullquote\"><blockquote><p><strong>Zentralstelle f\u00fcr Ausl\u00e4ndisches Bildungswesen <br>ENIC-NARIC Center Sekretariat der Kultusministerkonferenz <\/strong><\/p><p>Graurheindorfer Str. 157 D &#8211; 53117 Bonn <br>Tel. : +49 228 501 352, -264 <br><a href=\"mailto:zab@kmk.org\" target=\"_blank\" rel=\"noreferrer noopener\">zab@kmk.org <\/a><br><a href=\"http:\/\/www.kmk.org\/zab\" target=\"_blank\" rel=\"noreferrer noopener\">www.kmk.org\/zab<\/a><\/p><\/blockquote><\/figure>\n\n\n\n<p>Auf ihrer Webseite listet die Zentralstelle f\u00fcr Ausl\u00e4ndisches Bildungswesen (ZAB) die ausl\u00e4ndischen Diplome auf und informiert \u00fcber ihre Anerkennung von Land zu Land.<\/p>\n\n\n\n<p>Die Staatsb\u00fcrger von Drittl\u00e4ndern m\u00fcssen somit in der Datenbank der ZAB, www.anabin.kmk.org, nachschlagen, um in Erfahrung zu bringen, ob ihr Abitur in Deutschland anerkannt ist oder nicht.<\/p>\n\n\n\n<p>F\u00fcr die Diplome, die nicht in die Lage versetzen, direkten Zugang zum Hochschulstudium zu erhalten, informiert die Webseite \u00fcber die <strong>zus\u00e4tzlichen Qualifikationen, die noch erworben werden m\u00fcssen.<\/strong><\/p>\n\n\n\n<h3 class=\"wp-block-heading\">Vorgehensweise<\/h3>\n\n\n\n<h4 class=\"wp-block-heading\"><strong>Unterlagen f\u00fcr die Bewerbung<\/strong><\/h4>\n\n\n\n<p>Das internationale B\u00fcro der Universit\u00e4t <em>(Akademisches Auslandsamt) <\/em>sichtet Ihre Unterlagen sowie alle Dokumente und notwendigen Bescheinigungen (Diplom, Bescheinigung f\u00fcr das Studienniveau, Bescheinigung f\u00fcr das Sprachniveau). Im Falle einer Anerkennung des ausl\u00e4ndischen Diploms, \u00fcbermittelt Ihnen das akademische Auslandsamt ein positives Zulassungsgutachten, das Sie in die Lage versetzt, an der Hochschule zu immatrikulieren.<\/p>\n\n\n\n<h4 class=\"wp-block-heading\"><strong>Besondere F\u00e4lle<\/strong><\/h4>\n\n\n\n<h5 class=\"wp-block-heading\">Die F\u00e4cher mit Numerus clausus<\/h5>\n\n\n\n<p>F\u00fcr die F\u00e4cher mit Numerus Clausus (Medizin, Zahnheilkunde, Pharmazie, Lebensmittelchemie, Habilitation), die zu einem staatlichen Abschluss <em>(Staatsexamen)<\/em> f\u00fchren, entscheiden die entsprechenden Pr\u00fcfungs\u00e4mter <em>(staatliche Pr\u00fcfungs\u00e4mter) <\/em>in den zust\u00e4ndigen Institutionen oder Verwaltungs\u00e4mter, die f\u00fcr die Bewertung der Unterlagen und der Auswahl der Kandidaten zust\u00e4ndig sind.<\/p>\n\n\n\n<p>In einigen F\u00e4llen k\u00f6nnen die Kandidaten eine Bewertung des vorherigen Diploms bei der <em>Zentralstelle f\u00fcr Ausl\u00e4ndisches Bildungswesen <\/em>(ZAB) beantragen.<\/p>\n\n\n\n<p>Es wird empfohlen, sich direkt bei den Institutionen zu informieren, um die Auswahlmodalit\u00e4ten in Erfahrung zu bringen.<\/p>\n\n\n\n<p>Die Liste der Institutionen finden Sie auf der folgenden Webseite :\u00a0<a href=\"http:\/\/www.hochschulkompass.de\" target=\"_blank\" rel=\"noreferrer noopener\">www.hochschulkompass.de<\/a><\/p>\n\n\n\n<div class=\"wp-block-buttons is-layout-flex wp-block-buttons-is-layout-flex\">\n<div class=\"wp-block-button\"><a class=\"wp-block-button__link\"><strong>Wichtiger Hinweis: <\/strong>F\u00fcr die F\u00e4cher mit Numerus Clausus m\u00f6chten wir Sie bitten, zu \u00fcberpr\u00fcfen, ob das in Deutschland abgelegte Staatsexamen auch in die Lage versetzt, den Beruf auch im Herkunftsland auszu\u00fcben.<\/a><\/div>\n<\/div>\n\n\n\n<p>Die Kandidaten ohne eine Staatsb\u00fcrgerschaft der Europ\u00e4ischen Union haben keinen Zugang zu einem \u00f6ffentlichen Amt in Deutschland. Die ist nur in Sonderf\u00e4llen und mit der Genehmigung der zust\u00e4ndigen Beh\u00f6rden der L\u00e4nder m\u00f6glich.<\/p>\n\n\n\n<h5 class=\"wp-block-heading\">Fachrichtungen mit grosser Anfrage<\/h5>\n\n\n\n<p>In bestimmten L\u00e4ndern erfolgt die Auswahl an den Institutionen, an denen es in bestimmten F\u00e4chern eine zu gro\u00dfe Anzahl von Bewerbungen gibt. Die \u00dcberpr\u00fcfung der Unterlagen erfolgt an den einzelnen Instituten.<\/p>\n","protected":false},"excerpt":{"rendered":"<p>Kandidaten, die Staatsb\u00fcrger der Europ\u00e4ischen Union sind Den Kandidaten, die Staatsb\u00fcrger der Europ\u00e4ischen Union sind (und auch Kandidaten, die aus anderen L\u00e4ndern au\u00dferhalb der EU stammen, falls es ein bilaterales Abkommen gibt), dient das Abiturzeugnis als Zugangsberechtigung f\u00fcr das Hochschulstudium (Hochschulzugangberechtigung). Als Kandidat mit franz\u00f6sischem Abitur (oder gleichwertigem Titel) k\u00f6nnen Sie somit direkt das Hochschulstudium [&hellip;]<\/p>\n","protected":false},"author":7,"featured_media":0,"parent":7586,"menu_order":0,"comment_status":"closed","ping_status":"closed","template":"","meta":{"inline_featured_image":false,"footnotes":""},"tags":[],"frge_profile":[],"class_list":["post-7613","page","type-page","status-publish","hentry"],"yoast_head":"<!-- This site is optimized with the Yoast SEO plugin v27.1.1 - https:\/\/yoast.com\/product\/yoast-seo-wordpress\/ -->\n<title>Zugang zum ersten zyklus des hochschulstudiums - Frontaliers Grand Est<\/title>\n<meta name=\"robots\" content=\"index, follow, max-snippet:-1, max-image-preview:large, max-video-preview:-1\" \/>\n<link rel=\"canonical\" href=\"https:\/\/frontaliers-grandest.eu\/de\/startseite\/jugendliche\/studie-ausbildung\/anerkennung-der-diplome\/die-anerkennung-der-diplome-in-deutschland\/zugang-zum-ersten-zyklus-des-hochschulstudiums\/\" \/>\n<meta property=\"og:locale\" content=\"de_DE\" \/>\n<meta property=\"og:type\" content=\"article\" \/>\n<meta property=\"og:title\" content=\"Zugang zum ersten zyklus des hochschulstudiums - Frontaliers Grand Est\" \/>\n<meta property=\"og:description\" content=\"Kandidaten, die Staatsb\u00fcrger der Europ\u00e4ischen Union sind Den Kandidaten, die Staatsb\u00fcrger der Europ\u00e4ischen Union sind (und auch Kandidaten, die aus anderen L\u00e4ndern au\u00dferhalb der EU stammen, falls es ein bilaterales Abkommen gibt), dient das Abiturzeugnis als Zugangsberechtigung f\u00fcr das Hochschulstudium (Hochschulzugangberechtigung). Als Kandidat mit franz\u00f6sischem Abitur (oder gleichwertigem Titel) k\u00f6nnen Sie somit direkt das Hochschulstudium [&hellip;]\" \/>\n<meta property=\"og:url\" content=\"https:\/\/frontaliers-grandest.eu\/de\/startseite\/jugendliche\/studie-ausbildung\/anerkennung-der-diplome\/die-anerkennung-der-diplome-in-deutschland\/zugang-zum-ersten-zyklus-des-hochschulstudiums\/\" \/>\n<meta property=\"og:site_name\" content=\"Frontaliers Grand Est\" \/>\n<meta property=\"article:publisher\" content=\"https:\/\/www.facebook.com\/frontaliers.GR.EST\/?locale=fr_FR\" \/>\n<meta property=\"article:modified_time\" content=\"2024-03-13T10:49:47+00:00\" \/>\n<meta name=\"twitter:card\" content=\"summary_large_image\" \/>\n<meta name=\"twitter:label1\" content=\"Gesch\u00e4tzte Lesezeit\" \/>\n\t<meta name=\"twitter:data1\" content=\"3\u00a0Minuten\" \/>\n<script type=\"application\/ld+json\" class=\"yoast-schema-graph\">{\"@context\":\"https:\/\/schema.org\",\"@graph\":[{\"@type\":\"WebPage\",\"@id\":\"https:\/\/frontaliers-grandest.eu\/de\/startseite\/jugendliche\/studie-ausbildung\/anerkennung-der-diplome\/die-anerkennung-der-diplome-in-deutschland\/zugang-zum-ersten-zyklus-des-hochschulstudiums\/\",\"url\":\"https:\/\/frontaliers-grandest.eu\/de\/startseite\/jugendliche\/studie-ausbildung\/anerkennung-der-diplome\/die-anerkennung-der-diplome-in-deutschland\/zugang-zum-ersten-zyklus-des-hochschulstudiums\/\",\"name\":\"Zugang zum ersten zyklus des hochschulstudiums - Frontaliers Grand Est\",\"isPartOf\":{\"@id\":\"https:\/\/frontaliers-grandest.eu\/de\/#website\"},\"datePublished\":\"2021-05-19T09:15:40+00:00\",\"dateModified\":\"2024-03-13T10:49:47+00:00\",\"breadcrumb\":{\"@id\":\"https:\/\/frontaliers-grandest.eu\/de\/startseite\/jugendliche\/studie-ausbildung\/anerkennung-der-diplome\/die-anerkennung-der-diplome-in-deutschland\/zugang-zum-ersten-zyklus-des-hochschulstudiums\/#breadcrumb\"},\"inLanguage\":\"de\",\"potentialAction\":[{\"@type\":\"ReadAction\",\"target\":[\"https:\/\/frontaliers-grandest.eu\/de\/startseite\/jugendliche\/studie-ausbildung\/anerkennung-der-diplome\/die-anerkennung-der-diplome-in-deutschland\/zugang-zum-ersten-zyklus-des-hochschulstudiums\/\"]}]},{\"@type\":\"BreadcrumbList\",\"@id\":\"https:\/\/frontaliers-grandest.eu\/de\/startseite\/jugendliche\/studie-ausbildung\/anerkennung-der-diplome\/die-anerkennung-der-diplome-in-deutschland\/zugang-zum-ersten-zyklus-des-hochschulstudiums\/#breadcrumb\",\"itemListElement\":[{\"@type\":\"ListItem\",\"position\":1,\"name\":\"Startseite\",\"item\":\"https:\/\/frontaliers-grandest.eu\/de\/\"},{\"@type\":\"ListItem\",\"position\":2,\"name\":\"Jugendliche\",\"item\":\"https:\/\/frontaliers-grandest.eu\/de\/startseite\/jugendliche\/\"},{\"@type\":\"ListItem\",\"position\":3,\"name\":\"Studie \/ Ausbildung\",\"item\":\"https:\/\/frontaliers-grandest.eu\/de\/startseite\/jugendliche\/studie-ausbildung\/\"},{\"@type\":\"ListItem\",\"position\":4,\"name\":\"Anerkennung der Diplome\",\"item\":\"https:\/\/frontaliers-grandest.eu\/de\/startseite\/jugendliche\/studie-ausbildung\/anerkennung-der-diplome\/\"},{\"@type\":\"ListItem\",\"position\":5,\"name\":\"Die anerkennung der diplome in Deutschland\",\"item\":\"https:\/\/frontaliers-grandest.eu\/de\/startseite\/jugendliche\/studie-ausbildung\/anerkennung-der-diplome\/die-anerkennung-der-diplome-in-deutschland\/\"},{\"@type\":\"ListItem\",\"position\":6,\"name\":\"Zugang zum ersten zyklus des hochschulstudiums\"}]},{\"@type\":\"WebSite\",\"@id\":\"https:\/\/frontaliers-grandest.eu\/de\/#website\",\"url\":\"https:\/\/frontaliers-grandest.eu\/de\/\",\"name\":\"Frontaliers Grand Est\",\"description\":\"Le site ressource du travail frontalier\",\"publisher\":{\"@id\":\"https:\/\/frontaliers-grandest.eu\/de\/#organization\"},\"alternateName\":\"Frontaliers Grand Est\",\"potentialAction\":[{\"@type\":\"SearchAction\",\"target\":{\"@type\":\"EntryPoint\",\"urlTemplate\":\"https:\/\/frontaliers-grandest.eu\/de\/?s={search_term_string}\"},\"query-input\":{\"@type\":\"PropertyValueSpecification\",\"valueRequired\":true,\"valueName\":\"search_term_string\"}}],\"inLanguage\":\"de\"},{\"@type\":\"Organization\",\"@id\":\"https:\/\/frontaliers-grandest.eu\/de\/#organization\",\"name\":\"Frontaliers Grand Est\",\"alternateName\":\"Frontaliers Grand Est\",\"url\":\"https:\/\/frontaliers-grandest.eu\/de\/\",\"logo\":{\"@type\":\"ImageObject\",\"inLanguage\":\"de\",\"@id\":\"https:\/\/frontaliers-grandest.eu\/de\/#\/schema\/logo\/image\/\",\"url\":\"https:\/\/frontaliers-grandest.eu\/wp-content\/uploads\/2025\/07\/260328234_2966785176920310_3332838526503858160_n.jpg\",\"contentUrl\":\"https:\/\/frontaliers-grandest.eu\/wp-content\/uploads\/2025\/07\/260328234_2966785176920310_3332838526503858160_n.jpg\",\"width\":396,\"height\":396,\"caption\":\"Frontaliers Grand Est\"},\"image\":{\"@id\":\"https:\/\/frontaliers-grandest.eu\/de\/#\/schema\/logo\/image\/\"},\"sameAs\":[\"https:\/\/www.facebook.com\/frontaliers.GR.EST\/?locale=fr_FR\"]}]}<\/script>\n<!-- \/ Yoast SEO plugin. -->","yoast_head_json":{"title":"Zugang zum ersten zyklus des hochschulstudiums - Frontaliers Grand Est","robots":{"index":"index","follow":"follow","max-snippet":"max-snippet:-1","max-image-preview":"max-image-preview:large","max-video-preview":"max-video-preview:-1"},"canonical":"https:\/\/frontaliers-grandest.eu\/de\/startseite\/jugendliche\/studie-ausbildung\/anerkennung-der-diplome\/die-anerkennung-der-diplome-in-deutschland\/zugang-zum-ersten-zyklus-des-hochschulstudiums\/","og_locale":"de_DE","og_type":"article","og_title":"Zugang zum ersten zyklus des hochschulstudiums - Frontaliers Grand Est","og_description":"Kandidaten, die Staatsb\u00fcrger der Europ\u00e4ischen Union sind Den Kandidaten, die Staatsb\u00fcrger der Europ\u00e4ischen Union sind (und auch Kandidaten, die aus anderen L\u00e4ndern au\u00dferhalb der EU stammen, falls es ein bilaterales Abkommen gibt), dient das Abiturzeugnis als Zugangsberechtigung f\u00fcr das Hochschulstudium (Hochschulzugangberechtigung). Als Kandidat mit franz\u00f6sischem Abitur (oder gleichwertigem Titel) k\u00f6nnen Sie somit direkt das Hochschulstudium [&hellip;]","og_url":"https:\/\/frontaliers-grandest.eu\/de\/startseite\/jugendliche\/studie-ausbildung\/anerkennung-der-diplome\/die-anerkennung-der-diplome-in-deutschland\/zugang-zum-ersten-zyklus-des-hochschulstudiums\/","og_site_name":"Frontaliers Grand Est","article_publisher":"https:\/\/www.facebook.com\/frontaliers.GR.EST\/?locale=fr_FR","article_modified_time":"2024-03-13T10:49:47+00:00","twitter_card":"summary_large_image","twitter_misc":{"Gesch\u00e4tzte Lesezeit":"3\u00a0Minuten"},"schema":{"@context":"https:\/\/schema.org","@graph":[{"@type":"WebPage","@id":"https:\/\/frontaliers-grandest.eu\/de\/startseite\/jugendliche\/studie-ausbildung\/anerkennung-der-diplome\/die-anerkennung-der-diplome-in-deutschland\/zugang-zum-ersten-zyklus-des-hochschulstudiums\/","url":"https:\/\/frontaliers-grandest.eu\/de\/startseite\/jugendliche\/studie-ausbildung\/anerkennung-der-diplome\/die-anerkennung-der-diplome-in-deutschland\/zugang-zum-ersten-zyklus-des-hochschulstudiums\/","name":"Zugang zum ersten zyklus des hochschulstudiums - Frontaliers Grand Est","isPartOf":{"@id":"https:\/\/frontaliers-grandest.eu\/de\/#website"},"datePublished":"2021-05-19T09:15:40+00:00","dateModified":"2024-03-13T10:49:47+00:00","breadcrumb":{"@id":"https:\/\/frontaliers-grandest.eu\/de\/startseite\/jugendliche\/studie-ausbildung\/anerkennung-der-diplome\/die-anerkennung-der-diplome-in-deutschland\/zugang-zum-ersten-zyklus-des-hochschulstudiums\/#breadcrumb"},"inLanguage":"de","potentialAction":[{"@type":"ReadAction","target":["https:\/\/frontaliers-grandest.eu\/de\/startseite\/jugendliche\/studie-ausbildung\/anerkennung-der-diplome\/die-anerkennung-der-diplome-in-deutschland\/zugang-zum-ersten-zyklus-des-hochschulstudiums\/"]}]},{"@type":"BreadcrumbList","@id":"https:\/\/frontaliers-grandest.eu\/de\/startseite\/jugendliche\/studie-ausbildung\/anerkennung-der-diplome\/die-anerkennung-der-diplome-in-deutschland\/zugang-zum-ersten-zyklus-des-hochschulstudiums\/#breadcrumb","itemListElement":[{"@type":"ListItem","position":1,"name":"Startseite","item":"https:\/\/frontaliers-grandest.eu\/de\/"},{"@type":"ListItem","position":2,"name":"Jugendliche","item":"https:\/\/frontaliers-grandest.eu\/de\/startseite\/jugendliche\/"},{"@type":"ListItem","position":3,"name":"Studie \/ Ausbildung","item":"https:\/\/frontaliers-grandest.eu\/de\/startseite\/jugendliche\/studie-ausbildung\/"},{"@type":"ListItem","position":4,"name":"Anerkennung der Diplome","item":"https:\/\/frontaliers-grandest.eu\/de\/startseite\/jugendliche\/studie-ausbildung\/anerkennung-der-diplome\/"},{"@type":"ListItem","position":5,"name":"Die anerkennung der diplome in Deutschland","item":"https:\/\/frontaliers-grandest.eu\/de\/startseite\/jugendliche\/studie-ausbildung\/anerkennung-der-diplome\/die-anerkennung-der-diplome-in-deutschland\/"},{"@type":"ListItem","position":6,"name":"Zugang zum ersten zyklus des hochschulstudiums"}]},{"@type":"WebSite","@id":"https:\/\/frontaliers-grandest.eu\/de\/#website","url":"https:\/\/frontaliers-grandest.eu\/de\/","name":"Frontaliers Grand Est","description":"Le site ressource du travail frontalier","publisher":{"@id":"https:\/\/frontaliers-grandest.eu\/de\/#organization"},"alternateName":"Frontaliers Grand Est","potentialAction":[{"@type":"SearchAction","target":{"@type":"EntryPoint","urlTemplate":"https:\/\/frontaliers-grandest.eu\/de\/?s={search_term_string}"},"query-input":{"@type":"PropertyValueSpecification","valueRequired":true,"valueName":"search_term_string"}}],"inLanguage":"de"},{"@type":"Organization","@id":"https:\/\/frontaliers-grandest.eu\/de\/#organization","name":"Frontaliers Grand Est","alternateName":"Frontaliers Grand Est","url":"https:\/\/frontaliers-grandest.eu\/de\/","logo":{"@type":"ImageObject","inLanguage":"de","@id":"https:\/\/frontaliers-grandest.eu\/de\/#\/schema\/logo\/image\/","url":"https:\/\/frontaliers-grandest.eu\/wp-content\/uploads\/2025\/07\/260328234_2966785176920310_3332838526503858160_n.jpg","contentUrl":"https:\/\/frontaliers-grandest.eu\/wp-content\/uploads\/2025\/07\/260328234_2966785176920310_3332838526503858160_n.jpg","width":396,"height":396,"caption":"Frontaliers Grand Est"},"image":{"@id":"https:\/\/frontaliers-grandest.eu\/de\/#\/schema\/logo\/image\/"},"sameAs":["https:\/\/www.facebook.com\/frontaliers.GR.EST\/?locale=fr_FR"]}]}},"frge_page_order":0,"_links":{"self":[{"href":"https:\/\/frontaliers-grandest.eu\/de\/wp-json\/wp\/v2\/pages\/7613","targetHints":{"allow":["GET"]}}],"collection":[{"href":"https:\/\/frontaliers-grandest.eu\/de\/wp-json\/wp\/v2\/pages"}],"about":[{"href":"https:\/\/frontaliers-grandest.eu\/de\/wp-json\/wp\/v2\/types\/page"}],"author":[{"embeddable":true,"href":"https:\/\/frontaliers-grandest.eu\/de\/wp-json\/wp\/v2\/users\/7"}],"replies":[{"embeddable":true,"href":"https:\/\/frontaliers-grandest.eu\/de\/wp-json\/wp\/v2\/comments?post=7613"}],"version-history":[{"count":2,"href":"https:\/\/frontaliers-grandest.eu\/de\/wp-json\/wp\/v2\/pages\/7613\/revisions"}],"predecessor-version":[{"id":34610,"href":"https:\/\/frontaliers-grandest.eu\/de\/wp-json\/wp\/v2\/pages\/7613\/revisions\/34610"}],"up":[{"embeddable":true,"href":"https:\/\/frontaliers-grandest.eu\/de\/wp-json\/wp\/v2\/pages\/7586"}],"wp:attachment":[{"href":"https:\/\/frontaliers-grandest.eu\/de\/wp-json\/wp\/v2\/media?parent=7613"}],"wp:term":[{"taxonomy":"post_tag","embeddable":true,"href":"https:\/\/frontaliers-grandest.eu\/de\/wp-json\/wp\/v2\/tags?post=7613"},{"taxonomy":"frge_profile","embeddable":true,"href":"https:\/\/frontaliers-grandest.eu\/de\/wp-json\/wp\/v2\/frge_profile?post=7613"}],"curies":[{"name":"wp","href":"https:\/\/api.w.org\/{rel}","templated":true}]}}