{"id":7611,"date":"2021-05-19T11:02:58","date_gmt":"2021-05-19T09:02:01","guid":{"rendered":"https:\/\/frontaliers-grandest.eu\/?page_id=7611"},"modified":"2021-05-19T12:19:17","modified_gmt":"2021-05-19T10:19:17","slug":"die-akademische-anerkennung-der-diplome-durch-das-verfahren-von-bologna","status":"publish","type":"page","link":"https:\/\/frontaliers-grandest.eu\/de\/startseite\/jugendliche\/studie-ausbildung\/anerkennung-der-diplome\/europa-das-prinzip-der-mobilitat-fur-die-studierenden\/die-akademische-anerkennung-der-diplome-durch-das-verfahren-von-bologna\/","title":{"rendered":"Die akademische anerkennung der diplome durch das verfahren von Bologna"},"content":{"rendered":"\n<p>Als B\u00fcrger der Europ\u00e4ischen Union steht Ihnen das Recht zu, an jeglicher Universit\u00e4t in Europa zu studieren. Dies erfolgt unter denselben Bedingungen, die auch f\u00fcr die Staatb\u00fcrger des Landes gelten, in dem sich die entsprechende Universit\u00e4t befindet. Die Mobilit\u00e4t schlie\u00dft auch die Anerkennung der Diplome oder die Anerkennung der Studienzeiten in einem Land ein.<\/p>\n\n\n\n<p>Am 11. April 1997 wurde das \u00dcbereinkommen von Lissabon, unter der Federf\u00fchrung des Europarates und der UNESCO, geschlossen. Es befasst sich mit der Anerkennung der Qualifikationen im Bereich der Hochschulbildung in Europa und bereitet den Bologna-Prozess vor.<\/p>\n\n\n\n<p>Der <strong>Bologna-Prozess<\/strong>, der im Jahre 1998 begr\u00fcndet wurde, ist ein Mechanismus zwecks Ann\u00e4herung der Bildungssysteme im Hochschulbereich in Europa. Er f\u00fchrte im Jahre 2010 zur Errichtung des <strong>Europ\u00e4ischen Raums f\u00fcr die Hochschulbildung. <\/strong>Dieser Raum besteht aus ungef\u00e4hr f\u00fcnfzig Staaten (europ\u00e4ischer Wirtschaftsraum, T\u00fcrkei und russische F\u00f6deration). Er erm\u00f6glicht die Harmonisierung der nationalen Systeme, indem er eine Aufteilung in drei Studienabschnitte vorsieht: Bachelor, Master und Doktorat (LMD).<\/p>\n\n\n\n<p>Die Erkl\u00e4rung von London von 2007 verfolgt das Ziel der Umsetzung einer Politik der Qualit\u00e4tssicherung, sei es der Institute als auch der Ausbildungen.<\/p>\n\n\n\n<h4 class=\"wp-block-heading\">Das Europ\u00e4ische System zur Anrechnung von Studienleistungen (ECTS)&nbsp;:<\/h4>\n\n\n\n<p>Das Europ\u00e4ische System zur Anrechnung von Studienleistungen (ECTS), European Credits Transfer System, ist ein Punktesystem, das die Europ\u00e4ische Union entwickelt hat und das die gegenseitige Anerkennung der Qualifikationen erleichtert. Es versetzt in die Lage, Werteinheiten zu erwerben, um die Kurse, die an einer Universit\u00e4t oder an mehreren europ\u00e4ischen Universit\u00e4ten belegt wurden, in einem anderen Land anerkennen zu lassen. Nach ihrem Abschluss sind die Module definitiv erworben und k\u00f6nnen an allen Hochschulen Europas angerechnet werden.<\/p>\n\n\n\n<p>In allen L\u00e4ndern des europ\u00e4ischen Raums der Hochschulbildung ist die Anzahl der ECTS identisch.<\/p>\n\n\n\n<p>Die Anzahl der ECTS betr\u00e4gt 60 Einheiten pro Jahr.<\/p>\n\n\n\n<p>Somit beinhaltet ein Bachelorstudium 180 Credits, die auf drei Jahre aufgeteilt sind, d.h. sechs Semester. Ein Master umfasst 120 Credits, die auf zwei Jahre, d.h. auf vier Semester nach dem Abschluss des Bachelors aufgeteilt sind. Das Doktorat wird innerhalb eines Zeitraums von 3 Jahren vorbereitet.<\/p>\n","protected":false},"excerpt":{"rendered":"<p>Als B\u00fcrger der Europ\u00e4ischen Union steht Ihnen das Recht zu, an jeglicher Universit\u00e4t in Europa zu studieren. Dies erfolgt unter denselben Bedingungen, die auch f\u00fcr die Staatb\u00fcrger des Landes gelten, in dem sich die entsprechende Universit\u00e4t befindet. Die Mobilit\u00e4t schlie\u00dft auch die Anerkennung der Diplome oder die Anerkennung der Studienzeiten in einem Land ein. Am [&hellip;]<\/p>\n","protected":false},"author":7,"featured_media":0,"parent":7584,"menu_order":4,"comment_status":"closed","ping_status":"closed","template":"","meta":{"inline_featured_image":false,"footnotes":""},"tags":[],"frge_profile":[],"class_list":["post-7611","page","type-page","status-publish","hentry"],"yoast_head":"<!-- This site is optimized with the Yoast SEO plugin v27.1.1 - https:\/\/yoast.com\/product\/yoast-seo-wordpress\/ -->\n<title>Die akademische anerkennung der diplome durch das verfahren von Bologna - Frontaliers Grand Est<\/title>\n<meta name=\"robots\" content=\"index, follow, max-snippet:-1, max-image-preview:large, max-video-preview:-1\" \/>\n<link rel=\"canonical\" href=\"https:\/\/frontaliers-grandest.eu\/de\/startseite\/jugendliche\/studie-ausbildung\/anerkennung-der-diplome\/europa-das-prinzip-der-mobilitat-fur-die-studierenden\/die-akademische-anerkennung-der-diplome-durch-das-verfahren-von-bologna\/\" \/>\n<meta property=\"og:locale\" content=\"de_DE\" \/>\n<meta property=\"og:type\" content=\"article\" \/>\n<meta property=\"og:title\" content=\"Die akademische anerkennung der diplome durch das verfahren von Bologna - Frontaliers Grand Est\" \/>\n<meta property=\"og:description\" content=\"Als B\u00fcrger der Europ\u00e4ischen Union steht Ihnen das Recht zu, an jeglicher Universit\u00e4t in Europa zu studieren. Dies erfolgt unter denselben Bedingungen, die auch f\u00fcr die Staatb\u00fcrger des Landes gelten, in dem sich die entsprechende Universit\u00e4t befindet. Die Mobilit\u00e4t schlie\u00dft auch die Anerkennung der Diplome oder die Anerkennung der Studienzeiten in einem Land ein. Am [&hellip;]\" \/>\n<meta property=\"og:url\" content=\"https:\/\/frontaliers-grandest.eu\/de\/startseite\/jugendliche\/studie-ausbildung\/anerkennung-der-diplome\/europa-das-prinzip-der-mobilitat-fur-die-studierenden\/die-akademische-anerkennung-der-diplome-durch-das-verfahren-von-bologna\/\" \/>\n<meta property=\"og:site_name\" content=\"Frontaliers Grand Est\" \/>\n<meta property=\"article:publisher\" content=\"https:\/\/www.facebook.com\/frontaliers.GR.EST\/?locale=fr_FR\" \/>\n<meta property=\"article:modified_time\" content=\"2021-05-19T10:19:17+00:00\" \/>\n<meta name=\"twitter:card\" content=\"summary_large_image\" \/>\n<meta name=\"twitter:label1\" content=\"Gesch\u00e4tzte Lesezeit\" \/>\n\t<meta name=\"twitter:data1\" content=\"2\u00a0Minuten\" \/>\n<script type=\"application\/ld+json\" class=\"yoast-schema-graph\">{\"@context\":\"https:\/\/schema.org\",\"@graph\":[{\"@type\":\"WebPage\",\"@id\":\"https:\/\/frontaliers-grandest.eu\/de\/startseite\/jugendliche\/studie-ausbildung\/anerkennung-der-diplome\/europa-das-prinzip-der-mobilitat-fur-die-studierenden\/die-akademische-anerkennung-der-diplome-durch-das-verfahren-von-bologna\/\",\"url\":\"https:\/\/frontaliers-grandest.eu\/de\/startseite\/jugendliche\/studie-ausbildung\/anerkennung-der-diplome\/europa-das-prinzip-der-mobilitat-fur-die-studierenden\/die-akademische-anerkennung-der-diplome-durch-das-verfahren-von-bologna\/\",\"name\":\"Die akademische anerkennung der diplome durch das verfahren von Bologna - Frontaliers Grand Est\",\"isPartOf\":{\"@id\":\"https:\/\/frontaliers-grandest.eu\/de\/#website\"},\"datePublished\":\"2021-05-19T09:02:01+00:00\",\"dateModified\":\"2021-05-19T10:19:17+00:00\",\"breadcrumb\":{\"@id\":\"https:\/\/frontaliers-grandest.eu\/de\/startseite\/jugendliche\/studie-ausbildung\/anerkennung-der-diplome\/europa-das-prinzip-der-mobilitat-fur-die-studierenden\/die-akademische-anerkennung-der-diplome-durch-das-verfahren-von-bologna\/#breadcrumb\"},\"inLanguage\":\"de\",\"potentialAction\":[{\"@type\":\"ReadAction\",\"target\":[\"https:\/\/frontaliers-grandest.eu\/de\/startseite\/jugendliche\/studie-ausbildung\/anerkennung-der-diplome\/europa-das-prinzip-der-mobilitat-fur-die-studierenden\/die-akademische-anerkennung-der-diplome-durch-das-verfahren-von-bologna\/\"]}]},{\"@type\":\"BreadcrumbList\",\"@id\":\"https:\/\/frontaliers-grandest.eu\/de\/startseite\/jugendliche\/studie-ausbildung\/anerkennung-der-diplome\/europa-das-prinzip-der-mobilitat-fur-die-studierenden\/die-akademische-anerkennung-der-diplome-durch-das-verfahren-von-bologna\/#breadcrumb\",\"itemListElement\":[{\"@type\":\"ListItem\",\"position\":1,\"name\":\"Startseite\",\"item\":\"https:\/\/frontaliers-grandest.eu\/de\/\"},{\"@type\":\"ListItem\",\"position\":2,\"name\":\"Jugendliche\",\"item\":\"https:\/\/frontaliers-grandest.eu\/de\/startseite\/jugendliche\/\"},{\"@type\":\"ListItem\",\"position\":3,\"name\":\"Studie \/ Ausbildung\",\"item\":\"https:\/\/frontaliers-grandest.eu\/de\/startseite\/jugendliche\/studie-ausbildung\/\"},{\"@type\":\"ListItem\",\"position\":4,\"name\":\"Anerkennung der Diplome\",\"item\":\"https:\/\/frontaliers-grandest.eu\/de\/startseite\/jugendliche\/studie-ausbildung\/anerkennung-der-diplome\/\"},{\"@type\":\"ListItem\",\"position\":5,\"name\":\"Europa : Das prinzip der mobilit\u00e4t f\u00fcr die studierenden\",\"item\":\"https:\/\/frontaliers-grandest.eu\/de\/startseite\/jugendliche\/studie-ausbildung\/anerkennung-der-diplome\/europa-das-prinzip-der-mobilitat-fur-die-studierenden\/\"},{\"@type\":\"ListItem\",\"position\":6,\"name\":\"Die akademische anerkennung der diplome durch das verfahren von Bologna\"}]},{\"@type\":\"WebSite\",\"@id\":\"https:\/\/frontaliers-grandest.eu\/de\/#website\",\"url\":\"https:\/\/frontaliers-grandest.eu\/de\/\",\"name\":\"Frontaliers Grand Est\",\"description\":\"Le site ressource du travail frontalier\",\"publisher\":{\"@id\":\"https:\/\/frontaliers-grandest.eu\/de\/#organization\"},\"alternateName\":\"Frontaliers Grand Est\",\"potentialAction\":[{\"@type\":\"SearchAction\",\"target\":{\"@type\":\"EntryPoint\",\"urlTemplate\":\"https:\/\/frontaliers-grandest.eu\/de\/?s={search_term_string}\"},\"query-input\":{\"@type\":\"PropertyValueSpecification\",\"valueRequired\":true,\"valueName\":\"search_term_string\"}}],\"inLanguage\":\"de\"},{\"@type\":\"Organization\",\"@id\":\"https:\/\/frontaliers-grandest.eu\/de\/#organization\",\"name\":\"Frontaliers Grand Est\",\"alternateName\":\"Frontaliers Grand Est\",\"url\":\"https:\/\/frontaliers-grandest.eu\/de\/\",\"logo\":{\"@type\":\"ImageObject\",\"inLanguage\":\"de\",\"@id\":\"https:\/\/frontaliers-grandest.eu\/de\/#\/schema\/logo\/image\/\",\"url\":\"https:\/\/frontaliers-grandest.eu\/wp-content\/uploads\/2025\/07\/260328234_2966785176920310_3332838526503858160_n.jpg\",\"contentUrl\":\"https:\/\/frontaliers-grandest.eu\/wp-content\/uploads\/2025\/07\/260328234_2966785176920310_3332838526503858160_n.jpg\",\"width\":396,\"height\":396,\"caption\":\"Frontaliers Grand Est\"},\"image\":{\"@id\":\"https:\/\/frontaliers-grandest.eu\/de\/#\/schema\/logo\/image\/\"},\"sameAs\":[\"https:\/\/www.facebook.com\/frontaliers.GR.EST\/?locale=fr_FR\"]}]}<\/script>\n<!-- \/ Yoast SEO plugin. -->","yoast_head_json":{"title":"Die akademische anerkennung der diplome durch das verfahren von Bologna - Frontaliers Grand Est","robots":{"index":"index","follow":"follow","max-snippet":"max-snippet:-1","max-image-preview":"max-image-preview:large","max-video-preview":"max-video-preview:-1"},"canonical":"https:\/\/frontaliers-grandest.eu\/de\/startseite\/jugendliche\/studie-ausbildung\/anerkennung-der-diplome\/europa-das-prinzip-der-mobilitat-fur-die-studierenden\/die-akademische-anerkennung-der-diplome-durch-das-verfahren-von-bologna\/","og_locale":"de_DE","og_type":"article","og_title":"Die akademische anerkennung der diplome durch das verfahren von Bologna - Frontaliers Grand Est","og_description":"Als B\u00fcrger der Europ\u00e4ischen Union steht Ihnen das Recht zu, an jeglicher Universit\u00e4t in Europa zu studieren. Dies erfolgt unter denselben Bedingungen, die auch f\u00fcr die Staatb\u00fcrger des Landes gelten, in dem sich die entsprechende Universit\u00e4t befindet. Die Mobilit\u00e4t schlie\u00dft auch die Anerkennung der Diplome oder die Anerkennung der Studienzeiten in einem Land ein. Am [&hellip;]","og_url":"https:\/\/frontaliers-grandest.eu\/de\/startseite\/jugendliche\/studie-ausbildung\/anerkennung-der-diplome\/europa-das-prinzip-der-mobilitat-fur-die-studierenden\/die-akademische-anerkennung-der-diplome-durch-das-verfahren-von-bologna\/","og_site_name":"Frontaliers Grand Est","article_publisher":"https:\/\/www.facebook.com\/frontaliers.GR.EST\/?locale=fr_FR","article_modified_time":"2021-05-19T10:19:17+00:00","twitter_card":"summary_large_image","twitter_misc":{"Gesch\u00e4tzte Lesezeit":"2\u00a0Minuten"},"schema":{"@context":"https:\/\/schema.org","@graph":[{"@type":"WebPage","@id":"https:\/\/frontaliers-grandest.eu\/de\/startseite\/jugendliche\/studie-ausbildung\/anerkennung-der-diplome\/europa-das-prinzip-der-mobilitat-fur-die-studierenden\/die-akademische-anerkennung-der-diplome-durch-das-verfahren-von-bologna\/","url":"https:\/\/frontaliers-grandest.eu\/de\/startseite\/jugendliche\/studie-ausbildung\/anerkennung-der-diplome\/europa-das-prinzip-der-mobilitat-fur-die-studierenden\/die-akademische-anerkennung-der-diplome-durch-das-verfahren-von-bologna\/","name":"Die akademische anerkennung der diplome durch das verfahren von Bologna - Frontaliers Grand Est","isPartOf":{"@id":"https:\/\/frontaliers-grandest.eu\/de\/#website"},"datePublished":"2021-05-19T09:02:01+00:00","dateModified":"2021-05-19T10:19:17+00:00","breadcrumb":{"@id":"https:\/\/frontaliers-grandest.eu\/de\/startseite\/jugendliche\/studie-ausbildung\/anerkennung-der-diplome\/europa-das-prinzip-der-mobilitat-fur-die-studierenden\/die-akademische-anerkennung-der-diplome-durch-das-verfahren-von-bologna\/#breadcrumb"},"inLanguage":"de","potentialAction":[{"@type":"ReadAction","target":["https:\/\/frontaliers-grandest.eu\/de\/startseite\/jugendliche\/studie-ausbildung\/anerkennung-der-diplome\/europa-das-prinzip-der-mobilitat-fur-die-studierenden\/die-akademische-anerkennung-der-diplome-durch-das-verfahren-von-bologna\/"]}]},{"@type":"BreadcrumbList","@id":"https:\/\/frontaliers-grandest.eu\/de\/startseite\/jugendliche\/studie-ausbildung\/anerkennung-der-diplome\/europa-das-prinzip-der-mobilitat-fur-die-studierenden\/die-akademische-anerkennung-der-diplome-durch-das-verfahren-von-bologna\/#breadcrumb","itemListElement":[{"@type":"ListItem","position":1,"name":"Startseite","item":"https:\/\/frontaliers-grandest.eu\/de\/"},{"@type":"ListItem","position":2,"name":"Jugendliche","item":"https:\/\/frontaliers-grandest.eu\/de\/startseite\/jugendliche\/"},{"@type":"ListItem","position":3,"name":"Studie \/ Ausbildung","item":"https:\/\/frontaliers-grandest.eu\/de\/startseite\/jugendliche\/studie-ausbildung\/"},{"@type":"ListItem","position":4,"name":"Anerkennung der Diplome","item":"https:\/\/frontaliers-grandest.eu\/de\/startseite\/jugendliche\/studie-ausbildung\/anerkennung-der-diplome\/"},{"@type":"ListItem","position":5,"name":"Europa : Das prinzip der mobilit\u00e4t f\u00fcr die studierenden","item":"https:\/\/frontaliers-grandest.eu\/de\/startseite\/jugendliche\/studie-ausbildung\/anerkennung-der-diplome\/europa-das-prinzip-der-mobilitat-fur-die-studierenden\/"},{"@type":"ListItem","position":6,"name":"Die akademische anerkennung der diplome durch das verfahren von Bologna"}]},{"@type":"WebSite","@id":"https:\/\/frontaliers-grandest.eu\/de\/#website","url":"https:\/\/frontaliers-grandest.eu\/de\/","name":"Frontaliers Grand Est","description":"Le site ressource du travail frontalier","publisher":{"@id":"https:\/\/frontaliers-grandest.eu\/de\/#organization"},"alternateName":"Frontaliers Grand Est","potentialAction":[{"@type":"SearchAction","target":{"@type":"EntryPoint","urlTemplate":"https:\/\/frontaliers-grandest.eu\/de\/?s={search_term_string}"},"query-input":{"@type":"PropertyValueSpecification","valueRequired":true,"valueName":"search_term_string"}}],"inLanguage":"de"},{"@type":"Organization","@id":"https:\/\/frontaliers-grandest.eu\/de\/#organization","name":"Frontaliers Grand Est","alternateName":"Frontaliers Grand Est","url":"https:\/\/frontaliers-grandest.eu\/de\/","logo":{"@type":"ImageObject","inLanguage":"de","@id":"https:\/\/frontaliers-grandest.eu\/de\/#\/schema\/logo\/image\/","url":"https:\/\/frontaliers-grandest.eu\/wp-content\/uploads\/2025\/07\/260328234_2966785176920310_3332838526503858160_n.jpg","contentUrl":"https:\/\/frontaliers-grandest.eu\/wp-content\/uploads\/2025\/07\/260328234_2966785176920310_3332838526503858160_n.jpg","width":396,"height":396,"caption":"Frontaliers Grand Est"},"image":{"@id":"https:\/\/frontaliers-grandest.eu\/de\/#\/schema\/logo\/image\/"},"sameAs":["https:\/\/www.facebook.com\/frontaliers.GR.EST\/?locale=fr_FR"]}]}},"frge_page_order":0,"_links":{"self":[{"href":"https:\/\/frontaliers-grandest.eu\/de\/wp-json\/wp\/v2\/pages\/7611","targetHints":{"allow":["GET"]}}],"collection":[{"href":"https:\/\/frontaliers-grandest.eu\/de\/wp-json\/wp\/v2\/pages"}],"about":[{"href":"https:\/\/frontaliers-grandest.eu\/de\/wp-json\/wp\/v2\/types\/page"}],"author":[{"embeddable":true,"href":"https:\/\/frontaliers-grandest.eu\/de\/wp-json\/wp\/v2\/users\/7"}],"replies":[{"embeddable":true,"href":"https:\/\/frontaliers-grandest.eu\/de\/wp-json\/wp\/v2\/comments?post=7611"}],"version-history":[{"count":2,"href":"https:\/\/frontaliers-grandest.eu\/de\/wp-json\/wp\/v2\/pages\/7611\/revisions"}],"predecessor-version":[{"id":7640,"href":"https:\/\/frontaliers-grandest.eu\/de\/wp-json\/wp\/v2\/pages\/7611\/revisions\/7640"}],"up":[{"embeddable":true,"href":"https:\/\/frontaliers-grandest.eu\/de\/wp-json\/wp\/v2\/pages\/7584"}],"wp:attachment":[{"href":"https:\/\/frontaliers-grandest.eu\/de\/wp-json\/wp\/v2\/media?parent=7611"}],"wp:term":[{"taxonomy":"post_tag","embeddable":true,"href":"https:\/\/frontaliers-grandest.eu\/de\/wp-json\/wp\/v2\/tags?post=7611"},{"taxonomy":"frge_profile","embeddable":true,"href":"https:\/\/frontaliers-grandest.eu\/de\/wp-json\/wp\/v2\/frge_profile?post=7611"}],"curies":[{"name":"wp","href":"https:\/\/api.w.org\/{rel}","templated":true}]}}