{"id":7608,"date":"2021-05-19T10:59:58","date_gmt":"2021-05-19T08:59:48","guid":{"rendered":"https:\/\/frontaliers-grandest.eu\/?page_id=7608"},"modified":"2024-07-08T08:38:07","modified_gmt":"2024-07-08T06:38:07","slug":"das-netzwerk-enic-naric-ein-netzwerk-der-zentren-fur-die-anerkennung-der-diplome-und-der-qualifikationen-in-europa","status":"publish","type":"page","link":"https:\/\/frontaliers-grandest.eu\/de\/startseite\/jugendliche\/studie-ausbildung\/anerkennung-der-diplome\/europa-das-prinzip-der-mobilitat-fur-die-studierenden\/das-netzwerk-enic-naric-ein-netzwerk-der-zentren-fur-die-anerkennung-der-diplome-und-der-qualifikationen-in-europa\/","title":{"rendered":"Das netzwerk enic-naric : ein netzwerk der zentren f\u00fcr die anerkennung der diplome und der qualifikationen in Europa"},"content":{"rendered":"\n<p>Die europ\u00e4ischen Informationszentren, die sich in den verschiedenen L\u00e4ndern Europas befinden, verfolgen das Ziel, alle notwendigen Informationen \u00fcber die Verfahren zwecks Anerkennung in den entsprechenden L\u00e4ndern zu geben. Die Statute der verschiedenen Zentren und die Aufgaben, die diese erf\u00fcllen, unterscheiden sich je nach Land. Der Gro\u00dfteil \u00fcbernimmt eine informative Rolle \u00fcber die Vergleichbarkeit der Diplome.<\/p>\n\n\n\n<p>Einige Zentren sind, in ihrer Funktion als Verwaltungsinstanzen f\u00fcr die Hochschulausbildung, auch in der Lage, die Anerkennung der Diplome zu erlassen. Dies ist in Belgien und Luxemburg der Fall.<\/p>\n\n\n\n<p>Um Ihr Diplom zwecks \u201eVergleichbarkeit\u201c bewerten zu lassen, nehmen Sie bitte Kontakt mit dem B\u00fcro des ENIC-NARIC in dem Land auf, in dem Sie die Ihre Studien antreten m\u00f6chten.<\/p>\n\n\n\n<p>Die Liste der Zentren kann auf der Webseite des Netzwerkes eingesehen werden :\u00a0<a href=\"http:\/\/www.enic-naric.net\" target=\"_blank\" rel=\"noreferrer noopener\">www.enic-naric.net<\/a>.<\/p>\n","protected":false},"excerpt":{"rendered":"<p>Die europ\u00e4ischen Informationszentren, die sich in den verschiedenen L\u00e4ndern Europas befinden, verfolgen das Ziel, alle notwendigen Informationen \u00fcber die Verfahren zwecks Anerkennung in den entsprechenden L\u00e4ndern zu geben. Die Statute der verschiedenen Zentren und die Aufgaben, die diese erf\u00fcllen, unterscheiden sich je nach Land. Der Gro\u00dfteil \u00fcbernimmt eine informative Rolle \u00fcber die Vergleichbarkeit der Diplome. [&hellip;]<\/p>\n","protected":false},"author":7,"featured_media":0,"parent":7584,"menu_order":3,"comment_status":"closed","ping_status":"closed","template":"","meta":{"inline_featured_image":false,"footnotes":""},"tags":[],"frge_profile":[],"class_list":["post-7608","page","type-page","status-publish","hentry"],"yoast_head":"<!-- This site is optimized with the Yoast SEO plugin v27.1.1 - https:\/\/yoast.com\/product\/yoast-seo-wordpress\/ -->\n<title>Netzwerk enic-naric: anerkennung der diplome in europa<\/title>\n<meta name=\"description\" content=\"Die europ\u00e4ischen Informationszentren verfolgen das Ziel, alle notwendigen Informationen \u00fcber die Verfahren zwecks Anerkennung in den entsprechenden L\u00e4ndern zu geben.\" \/>\n<meta name=\"robots\" content=\"index, follow, max-snippet:-1, max-image-preview:large, max-video-preview:-1\" \/>\n<link rel=\"canonical\" href=\"https:\/\/frontaliers-grandest.eu\/de\/startseite\/jugendliche\/studie-ausbildung\/anerkennung-der-diplome\/europa-das-prinzip-der-mobilitat-fur-die-studierenden\/das-netzwerk-enic-naric-ein-netzwerk-der-zentren-fur-die-anerkennung-der-diplome-und-der-qualifikationen-in-europa\/\" \/>\n<meta property=\"og:locale\" content=\"de_DE\" \/>\n<meta property=\"og:type\" content=\"article\" \/>\n<meta property=\"og:title\" content=\"Netzwerk enic-naric: anerkennung der diplome in europa\" \/>\n<meta property=\"og:description\" content=\"Die europ\u00e4ischen Informationszentren verfolgen das Ziel, alle notwendigen Informationen \u00fcber die Verfahren zwecks Anerkennung in den entsprechenden L\u00e4ndern zu geben.\" \/>\n<meta property=\"og:url\" content=\"https:\/\/frontaliers-grandest.eu\/de\/startseite\/jugendliche\/studie-ausbildung\/anerkennung-der-diplome\/europa-das-prinzip-der-mobilitat-fur-die-studierenden\/das-netzwerk-enic-naric-ein-netzwerk-der-zentren-fur-die-anerkennung-der-diplome-und-der-qualifikationen-in-europa\/\" \/>\n<meta property=\"og:site_name\" content=\"Frontaliers Grand Est\" \/>\n<meta property=\"article:publisher\" content=\"https:\/\/www.facebook.com\/frontaliers.GR.EST\/?locale=fr_FR\" \/>\n<meta property=\"article:modified_time\" content=\"2024-07-08T06:38:07+00:00\" \/>\n<meta name=\"twitter:card\" content=\"summary_large_image\" \/>\n<meta name=\"twitter:label1\" content=\"Gesch\u00e4tzte Lesezeit\" \/>\n\t<meta name=\"twitter:data1\" content=\"1\u00a0Minute\" \/>\n<script type=\"application\/ld+json\" class=\"yoast-schema-graph\">{\"@context\":\"https:\/\/schema.org\",\"@graph\":[{\"@type\":\"WebPage\",\"@id\":\"https:\/\/frontaliers-grandest.eu\/de\/startseite\/jugendliche\/studie-ausbildung\/anerkennung-der-diplome\/europa-das-prinzip-der-mobilitat-fur-die-studierenden\/das-netzwerk-enic-naric-ein-netzwerk-der-zentren-fur-die-anerkennung-der-diplome-und-der-qualifikationen-in-europa\/\",\"url\":\"https:\/\/frontaliers-grandest.eu\/de\/startseite\/jugendliche\/studie-ausbildung\/anerkennung-der-diplome\/europa-das-prinzip-der-mobilitat-fur-die-studierenden\/das-netzwerk-enic-naric-ein-netzwerk-der-zentren-fur-die-anerkennung-der-diplome-und-der-qualifikationen-in-europa\/\",\"name\":\"Netzwerk enic-naric: anerkennung der diplome in europa\",\"isPartOf\":{\"@id\":\"https:\/\/frontaliers-grandest.eu\/de\/#website\"},\"datePublished\":\"2021-05-19T08:59:48+00:00\",\"dateModified\":\"2024-07-08T06:38:07+00:00\",\"description\":\"Die europ\u00e4ischen Informationszentren verfolgen das Ziel, alle notwendigen Informationen \u00fcber die Verfahren zwecks Anerkennung in den entsprechenden L\u00e4ndern zu geben.\",\"breadcrumb\":{\"@id\":\"https:\/\/frontaliers-grandest.eu\/de\/startseite\/jugendliche\/studie-ausbildung\/anerkennung-der-diplome\/europa-das-prinzip-der-mobilitat-fur-die-studierenden\/das-netzwerk-enic-naric-ein-netzwerk-der-zentren-fur-die-anerkennung-der-diplome-und-der-qualifikationen-in-europa\/#breadcrumb\"},\"inLanguage\":\"de\",\"potentialAction\":[{\"@type\":\"ReadAction\",\"target\":[\"https:\/\/frontaliers-grandest.eu\/de\/startseite\/jugendliche\/studie-ausbildung\/anerkennung-der-diplome\/europa-das-prinzip-der-mobilitat-fur-die-studierenden\/das-netzwerk-enic-naric-ein-netzwerk-der-zentren-fur-die-anerkennung-der-diplome-und-der-qualifikationen-in-europa\/\"]}]},{\"@type\":\"BreadcrumbList\",\"@id\":\"https:\/\/frontaliers-grandest.eu\/de\/startseite\/jugendliche\/studie-ausbildung\/anerkennung-der-diplome\/europa-das-prinzip-der-mobilitat-fur-die-studierenden\/das-netzwerk-enic-naric-ein-netzwerk-der-zentren-fur-die-anerkennung-der-diplome-und-der-qualifikationen-in-europa\/#breadcrumb\",\"itemListElement\":[{\"@type\":\"ListItem\",\"position\":1,\"name\":\"Startseite\",\"item\":\"https:\/\/frontaliers-grandest.eu\/de\/\"},{\"@type\":\"ListItem\",\"position\":2,\"name\":\"Jugendliche\",\"item\":\"https:\/\/frontaliers-grandest.eu\/de\/startseite\/jugendliche\/\"},{\"@type\":\"ListItem\",\"position\":3,\"name\":\"Studie \/ Ausbildung\",\"item\":\"https:\/\/frontaliers-grandest.eu\/de\/startseite\/jugendliche\/studie-ausbildung\/\"},{\"@type\":\"ListItem\",\"position\":4,\"name\":\"Anerkennung der Diplome\",\"item\":\"https:\/\/frontaliers-grandest.eu\/de\/startseite\/jugendliche\/studie-ausbildung\/anerkennung-der-diplome\/\"},{\"@type\":\"ListItem\",\"position\":5,\"name\":\"Europa : Das prinzip der mobilit\u00e4t f\u00fcr die studierenden\",\"item\":\"https:\/\/frontaliers-grandest.eu\/de\/startseite\/jugendliche\/studie-ausbildung\/anerkennung-der-diplome\/europa-das-prinzip-der-mobilitat-fur-die-studierenden\/\"},{\"@type\":\"ListItem\",\"position\":6,\"name\":\"Das netzwerk enic-naric : ein netzwerk der zentren f\u00fcr die anerkennung der diplome und der qualifikationen in Europa\"}]},{\"@type\":\"WebSite\",\"@id\":\"https:\/\/frontaliers-grandest.eu\/de\/#website\",\"url\":\"https:\/\/frontaliers-grandest.eu\/de\/\",\"name\":\"Frontaliers Grand Est\",\"description\":\"Le site ressource du travail frontalier\",\"publisher\":{\"@id\":\"https:\/\/frontaliers-grandest.eu\/de\/#organization\"},\"alternateName\":\"Frontaliers Grand Est\",\"potentialAction\":[{\"@type\":\"SearchAction\",\"target\":{\"@type\":\"EntryPoint\",\"urlTemplate\":\"https:\/\/frontaliers-grandest.eu\/de\/?s={search_term_string}\"},\"query-input\":{\"@type\":\"PropertyValueSpecification\",\"valueRequired\":true,\"valueName\":\"search_term_string\"}}],\"inLanguage\":\"de\"},{\"@type\":\"Organization\",\"@id\":\"https:\/\/frontaliers-grandest.eu\/de\/#organization\",\"name\":\"Frontaliers Grand Est\",\"alternateName\":\"Frontaliers Grand Est\",\"url\":\"https:\/\/frontaliers-grandest.eu\/de\/\",\"logo\":{\"@type\":\"ImageObject\",\"inLanguage\":\"de\",\"@id\":\"https:\/\/frontaliers-grandest.eu\/de\/#\/schema\/logo\/image\/\",\"url\":\"https:\/\/frontaliers-grandest.eu\/wp-content\/uploads\/2025\/07\/260328234_2966785176920310_3332838526503858160_n.jpg\",\"contentUrl\":\"https:\/\/frontaliers-grandest.eu\/wp-content\/uploads\/2025\/07\/260328234_2966785176920310_3332838526503858160_n.jpg\",\"width\":396,\"height\":396,\"caption\":\"Frontaliers Grand Est\"},\"image\":{\"@id\":\"https:\/\/frontaliers-grandest.eu\/de\/#\/schema\/logo\/image\/\"},\"sameAs\":[\"https:\/\/www.facebook.com\/frontaliers.GR.EST\/?locale=fr_FR\"]}]}<\/script>\n<!-- \/ Yoast SEO plugin. -->","yoast_head_json":{"title":"Netzwerk enic-naric: anerkennung der diplome in europa","description":"Die europ\u00e4ischen Informationszentren verfolgen das Ziel, alle notwendigen Informationen \u00fcber die Verfahren zwecks Anerkennung in den entsprechenden L\u00e4ndern zu geben.","robots":{"index":"index","follow":"follow","max-snippet":"max-snippet:-1","max-image-preview":"max-image-preview:large","max-video-preview":"max-video-preview:-1"},"canonical":"https:\/\/frontaliers-grandest.eu\/de\/startseite\/jugendliche\/studie-ausbildung\/anerkennung-der-diplome\/europa-das-prinzip-der-mobilitat-fur-die-studierenden\/das-netzwerk-enic-naric-ein-netzwerk-der-zentren-fur-die-anerkennung-der-diplome-und-der-qualifikationen-in-europa\/","og_locale":"de_DE","og_type":"article","og_title":"Netzwerk enic-naric: anerkennung der diplome in europa","og_description":"Die europ\u00e4ischen Informationszentren verfolgen das Ziel, alle notwendigen Informationen \u00fcber die Verfahren zwecks Anerkennung in den entsprechenden L\u00e4ndern zu geben.","og_url":"https:\/\/frontaliers-grandest.eu\/de\/startseite\/jugendliche\/studie-ausbildung\/anerkennung-der-diplome\/europa-das-prinzip-der-mobilitat-fur-die-studierenden\/das-netzwerk-enic-naric-ein-netzwerk-der-zentren-fur-die-anerkennung-der-diplome-und-der-qualifikationen-in-europa\/","og_site_name":"Frontaliers Grand Est","article_publisher":"https:\/\/www.facebook.com\/frontaliers.GR.EST\/?locale=fr_FR","article_modified_time":"2024-07-08T06:38:07+00:00","twitter_card":"summary_large_image","twitter_misc":{"Gesch\u00e4tzte Lesezeit":"1\u00a0Minute"},"schema":{"@context":"https:\/\/schema.org","@graph":[{"@type":"WebPage","@id":"https:\/\/frontaliers-grandest.eu\/de\/startseite\/jugendliche\/studie-ausbildung\/anerkennung-der-diplome\/europa-das-prinzip-der-mobilitat-fur-die-studierenden\/das-netzwerk-enic-naric-ein-netzwerk-der-zentren-fur-die-anerkennung-der-diplome-und-der-qualifikationen-in-europa\/","url":"https:\/\/frontaliers-grandest.eu\/de\/startseite\/jugendliche\/studie-ausbildung\/anerkennung-der-diplome\/europa-das-prinzip-der-mobilitat-fur-die-studierenden\/das-netzwerk-enic-naric-ein-netzwerk-der-zentren-fur-die-anerkennung-der-diplome-und-der-qualifikationen-in-europa\/","name":"Netzwerk enic-naric: anerkennung der diplome in europa","isPartOf":{"@id":"https:\/\/frontaliers-grandest.eu\/de\/#website"},"datePublished":"2021-05-19T08:59:48+00:00","dateModified":"2024-07-08T06:38:07+00:00","description":"Die europ\u00e4ischen Informationszentren verfolgen das Ziel, alle notwendigen Informationen \u00fcber die Verfahren zwecks Anerkennung in den entsprechenden L\u00e4ndern zu geben.","breadcrumb":{"@id":"https:\/\/frontaliers-grandest.eu\/de\/startseite\/jugendliche\/studie-ausbildung\/anerkennung-der-diplome\/europa-das-prinzip-der-mobilitat-fur-die-studierenden\/das-netzwerk-enic-naric-ein-netzwerk-der-zentren-fur-die-anerkennung-der-diplome-und-der-qualifikationen-in-europa\/#breadcrumb"},"inLanguage":"de","potentialAction":[{"@type":"ReadAction","target":["https:\/\/frontaliers-grandest.eu\/de\/startseite\/jugendliche\/studie-ausbildung\/anerkennung-der-diplome\/europa-das-prinzip-der-mobilitat-fur-die-studierenden\/das-netzwerk-enic-naric-ein-netzwerk-der-zentren-fur-die-anerkennung-der-diplome-und-der-qualifikationen-in-europa\/"]}]},{"@type":"BreadcrumbList","@id":"https:\/\/frontaliers-grandest.eu\/de\/startseite\/jugendliche\/studie-ausbildung\/anerkennung-der-diplome\/europa-das-prinzip-der-mobilitat-fur-die-studierenden\/das-netzwerk-enic-naric-ein-netzwerk-der-zentren-fur-die-anerkennung-der-diplome-und-der-qualifikationen-in-europa\/#breadcrumb","itemListElement":[{"@type":"ListItem","position":1,"name":"Startseite","item":"https:\/\/frontaliers-grandest.eu\/de\/"},{"@type":"ListItem","position":2,"name":"Jugendliche","item":"https:\/\/frontaliers-grandest.eu\/de\/startseite\/jugendliche\/"},{"@type":"ListItem","position":3,"name":"Studie \/ Ausbildung","item":"https:\/\/frontaliers-grandest.eu\/de\/startseite\/jugendliche\/studie-ausbildung\/"},{"@type":"ListItem","position":4,"name":"Anerkennung der Diplome","item":"https:\/\/frontaliers-grandest.eu\/de\/startseite\/jugendliche\/studie-ausbildung\/anerkennung-der-diplome\/"},{"@type":"ListItem","position":5,"name":"Europa : Das prinzip der mobilit\u00e4t f\u00fcr die studierenden","item":"https:\/\/frontaliers-grandest.eu\/de\/startseite\/jugendliche\/studie-ausbildung\/anerkennung-der-diplome\/europa-das-prinzip-der-mobilitat-fur-die-studierenden\/"},{"@type":"ListItem","position":6,"name":"Das netzwerk enic-naric : ein netzwerk der zentren f\u00fcr die anerkennung der diplome und der qualifikationen in Europa"}]},{"@type":"WebSite","@id":"https:\/\/frontaliers-grandest.eu\/de\/#website","url":"https:\/\/frontaliers-grandest.eu\/de\/","name":"Frontaliers Grand Est","description":"Le site ressource du travail frontalier","publisher":{"@id":"https:\/\/frontaliers-grandest.eu\/de\/#organization"},"alternateName":"Frontaliers Grand Est","potentialAction":[{"@type":"SearchAction","target":{"@type":"EntryPoint","urlTemplate":"https:\/\/frontaliers-grandest.eu\/de\/?s={search_term_string}"},"query-input":{"@type":"PropertyValueSpecification","valueRequired":true,"valueName":"search_term_string"}}],"inLanguage":"de"},{"@type":"Organization","@id":"https:\/\/frontaliers-grandest.eu\/de\/#organization","name":"Frontaliers Grand Est","alternateName":"Frontaliers Grand Est","url":"https:\/\/frontaliers-grandest.eu\/de\/","logo":{"@type":"ImageObject","inLanguage":"de","@id":"https:\/\/frontaliers-grandest.eu\/de\/#\/schema\/logo\/image\/","url":"https:\/\/frontaliers-grandest.eu\/wp-content\/uploads\/2025\/07\/260328234_2966785176920310_3332838526503858160_n.jpg","contentUrl":"https:\/\/frontaliers-grandest.eu\/wp-content\/uploads\/2025\/07\/260328234_2966785176920310_3332838526503858160_n.jpg","width":396,"height":396,"caption":"Frontaliers Grand Est"},"image":{"@id":"https:\/\/frontaliers-grandest.eu\/de\/#\/schema\/logo\/image\/"},"sameAs":["https:\/\/www.facebook.com\/frontaliers.GR.EST\/?locale=fr_FR"]}]}},"frge_page_order":0,"_links":{"self":[{"href":"https:\/\/frontaliers-grandest.eu\/de\/wp-json\/wp\/v2\/pages\/7608","targetHints":{"allow":["GET"]}}],"collection":[{"href":"https:\/\/frontaliers-grandest.eu\/de\/wp-json\/wp\/v2\/pages"}],"about":[{"href":"https:\/\/frontaliers-grandest.eu\/de\/wp-json\/wp\/v2\/types\/page"}],"author":[{"embeddable":true,"href":"https:\/\/frontaliers-grandest.eu\/de\/wp-json\/wp\/v2\/users\/7"}],"replies":[{"embeddable":true,"href":"https:\/\/frontaliers-grandest.eu\/de\/wp-json\/wp\/v2\/comments?post=7608"}],"version-history":[{"count":3,"href":"https:\/\/frontaliers-grandest.eu\/de\/wp-json\/wp\/v2\/pages\/7608\/revisions"}],"predecessor-version":[{"id":7639,"href":"https:\/\/frontaliers-grandest.eu\/de\/wp-json\/wp\/v2\/pages\/7608\/revisions\/7639"}],"up":[{"embeddable":true,"href":"https:\/\/frontaliers-grandest.eu\/de\/wp-json\/wp\/v2\/pages\/7584"}],"wp:attachment":[{"href":"https:\/\/frontaliers-grandest.eu\/de\/wp-json\/wp\/v2\/media?parent=7608"}],"wp:term":[{"taxonomy":"post_tag","embeddable":true,"href":"https:\/\/frontaliers-grandest.eu\/de\/wp-json\/wp\/v2\/tags?post=7608"},{"taxonomy":"frge_profile","embeddable":true,"href":"https:\/\/frontaliers-grandest.eu\/de\/wp-json\/wp\/v2\/frge_profile?post=7608"}],"curies":[{"name":"wp","href":"https:\/\/api.w.org\/{rel}","templated":true}]}}