{"id":7603,"date":"2021-05-19T10:50:10","date_gmt":"2021-05-19T08:50:10","guid":{"rendered":"https:\/\/frontaliers-grandest.eu\/?page_id=7603"},"modified":"2021-05-19T10:50:11","modified_gmt":"2021-05-19T08:50:11","slug":"der-europass-ein-dokument-zwecks-forderung-der-mobilitat","status":"publish","type":"page","link":"https:\/\/frontaliers-grandest.eu\/de\/startseite\/jugendliche\/studie-ausbildung\/anerkennung-der-diplome\/europa-das-prinzip-der-mobilitat-fur-die-studierenden\/der-europass-ein-dokument-zwecks-forderung-der-mobilitat\/","title":{"rendered":"Der Europass, ein dokument zwecks f\u00f6rderung der mobilit\u00e4t"},"content":{"rendered":"\n<h4 class=\"wp-block-heading\">Der Europass bedeutet nicht eine Anerkennung des Diploms.<\/h4>\n\n\n\n<p>Der Europass bietet die M\u00f6glichkeit, die eigenen Kompetenzen von einem Land auf das andere zu \u00fcbertragen: Es handelt sich um insgesamt f\u00fcnf Dokumente, die die erworbenen Diplome, die durchgef\u00fchrten Praktika und die erworbenen beruflichen Erfahrungen in Form von Kompetenzen und Kenntnissen ausdr\u00fccken.<\/p>\n\n\n\n<h5 class=\"wp-block-heading\">Zu diesen f\u00fcnf Dokumenten geh\u00f6ren:<\/h5>\n\n\n\n<ul class=\"wp-block-list\"><li>Zwei Dokumente sind frei zug\u00e4nglich (Sie k\u00f6nnen von der Webseite jeden Landes runtergeladen werden) und k\u00f6nnen von Seiten der europ\u00e4ischen B\u00fcrger ausgef\u00fcllt werden;<ul><li>Der Lebenslauf, um die eigenen Kompetenzen und Qualifikationen vorzustellen.<\/li><li><strong>der Sprachpass, <\/strong>ein Werkzeug f\u00fcr die Selbsteinsch\u00e4tzung der Kompetenzen im Bereich der Sprachen.<\/li><\/ul><\/li><li>Drei Dokumente werden von den zust\u00e4ndigen Beh\u00f6rden im Bereich der Bildung und Ausbildung erlassen:<ul><li><strong>Der Mobilit\u00e4tsnachweis <\/strong>versetzt den Studenten in die Lage, die in einem anderen europ\u00e4ischen Land \u00fcber ein Studienquartal, z.B. im Rahmen eines Austauschprogramms, erworbenen Kenntnisse und Kompetenzen transferieren zu lassen.<\/li><li><strong>Die Zeugniserl\u00e4uterung <\/strong>beschreibt das Wissen und die Kompetenzen, die die Inhaber der Bescheinigungen im Bereich der Bildung und beruflichen Ausbildung erworben haben; es erg\u00e4nzt die Informationen, die auf der offiziellen Bescheinigung angef\u00fchrt sind und erleichtert sein Verst\u00e4ndnis.<\/li><li><strong>Der Diplomzusatz beschreibt <\/strong>die Kenntnisse und Kompetenzen, die die Inhaber der Bescheinigungen im Bereich der Hochschulbildung erworben haben. Er tr\u00e4gt zu einer besseren Lesbarkeit der Diplome im Rahmen der Hochschulbildung, im Besonderen au\u00dferhalb des Landes, in dem sie erlassen werden, bei.<\/li><\/ul><\/li><\/ul>\n\n\n\n<p>In jedem Land (der Europ\u00e4ischen Union und des europ\u00e4ischen Wirtschaftsraums) koordiniert das nationale Zentrum Europass die gesamten T\u00e4tigkeiten bez\u00fcglich der Dokumente des Europass.<\/p>\n\n\n\n<h5 class=\"wp-block-heading\"><strong>Informationszentren von Europass<\/strong><\/h5>\n\n\n<div class=\"wp-block-wptb-table-block\"><div class=\"wptb-container-legacy\" data-table-id=\"7604\">\n    <table class=\"wptb-preview-table wptb-element-main-table_setting-7604 edit-active\" style=\"border: 1px solid rgb(209, 209, 209);\" data-reconstraction=\"1\" data-wptb-table-tds-sum-max-width=\"263\" data-wptb-cells-width-auto-count=\"2\" data-wptb-extra-styles=\"LyogRW50ZXIgeW91ciBjdXN0b20gQ1NTIHJ1bGVzIGhlcmUgKi8=\" role=\"table\" data-table-columns=\"2\"><tbody><tr class=\"wptb-row\"><td class=\"wptb-cell\" data-y-index=\"0\" data-x-index=\"0\" style=\"border: 1px solid rgb(209, 209, 209);\" data-wptb-css-td-auto-width=\"true\" data-wptb-cell-vertical-alignment=\"top\"><div class=\"wptb-text-container wptb-ph-element wptb-element-text-1\"><div class=\"\" style=\"position: relative;\"><p style=\"text-align: center;\"><strong>Deutschland<br><\/strong><br>Robert-Schuman-Platz 3<br>D-53175 Bonn<br>Tel.&nbsp; 49 (0) 228&nbsp;107 \u2013 1644 (ou 1645, ou 1646)<br><a data-mce-href=\"mailto:europass@bibb.de\" href=\"mailto:europass@bibb.de\">europass@bibb.de<\/a><br><\/p><\/div><\/div><\/td><td class=\"wptb-cell\" data-y-index=\"0\" data-x-index=\"1\" style=\"border: 1px solid rgb(209, 209, 209);\" data-wptb-css-td-auto-width=\"true\" data-wptb-cell-vertical-alignment=\"top\"><div class=\"wptb-text-container wptb-ph-element wptb-element-text-2\"><div class=\"\" style=\"position: relative;\"><p class=\"\" style=\"text-align: center;\"><strong>Belgien <\/strong>(franz\u00f6sische Gemeinschaft)<br>Centre national Europass<br><br>Chauss\u00e9e de Charleroi, 111<br>B-1060 Bruxelles<br>Tel. 32 0254 26287<br><a data-mce-href=\"mailto:europass@aef-europe.be\" href=\"mailto:europass@aef-europe.be\">europass@aef-europe.be<\/a><\/p><\/div><\/div><\/td><\/tr><tr class=\"wptb-row\"><td class=\"wptb-cell\" data-y-index=\"1\" data-x-index=\"0\" style=\"border: 1px solid rgb(209, 209, 209);\" data-wptb-css-td-auto-width=\"true\" data-wptb-cell-vertical-alignment=\"top\"><div class=\"wptb-text-container wptb-ph-element wptb-element-text-3\"><div class=\"\" style=\"position: relative;\"><p style=\"text-align: center;\"><strong>Frankreich<br><\/strong>Centre Europe Education<br><br>25 quai des Chartons<br>F-33080 Bordeaux Cedex<br>Tel. 33 (0)5 56 00 94 00<br><a data-mce-href=\"mailto:centre-europass@2e2f.fr\" href=\"mailto:centre-europass@2e2f.fr\">centre-europass@2e2f.fr<\/a><\/p><\/div><\/div><\/td><td class=\"wptb-cell\" data-y-index=\"1\" data-x-index=\"1\" style=\"border: 1px solid rgb(209, 209, 209);\" data-wptb-css-td-auto-width=\"true\" data-wptb-cell-vertical-alignment=\"top\"><div class=\"wptb-text-container wptb-ph-element wptb-element-text-4\"><div class=\"\" style=\"position: relative;\"><p class=\"\" style=\"text-align: center;\"><strong>Luxemburg<br><\/strong><br>58, bd Grande-Duchesse Charlotte<br>L-1330 Luxembourg<br>Tel. 352 24785 284<br><a data-mce-href=\"mailto:europass@anefore.lu\" href=\"mailto:europass@anefore.lu\" data-mce-selected=\"inline-boundary\">europass@anefore.lu<\/a><\/p><\/div><\/div><\/td><\/tr><\/tbody><\/table>\n<\/div>\n<\/div>","protected":false},"excerpt":{"rendered":"<p>Der Europass bedeutet nicht eine Anerkennung des Diploms. Der Europass bietet die M\u00f6glichkeit, die eigenen Kompetenzen von einem Land auf das andere zu \u00fcbertragen: Es handelt sich um insgesamt f\u00fcnf Dokumente, die die erworbenen Diplome, die durchgef\u00fchrten Praktika und die erworbenen beruflichen Erfahrungen in Form von Kompetenzen und Kenntnissen ausdr\u00fccken. Zu diesen f\u00fcnf Dokumenten geh\u00f6ren: [&hellip;]<\/p>\n","protected":false},"author":7,"featured_media":0,"parent":7584,"menu_order":1,"comment_status":"closed","ping_status":"closed","template":"","meta":{"inline_featured_image":false,"footnotes":""},"tags":[],"frge_profile":[],"class_list":["post-7603","page","type-page","status-publish","hentry"],"yoast_head":"<!-- This site is optimized with the Yoast SEO plugin v27.1.1 - https:\/\/yoast.com\/product\/yoast-seo-wordpress\/ -->\n<title>Der Europass, ein dokument zwecks f\u00f6rderung der mobilit\u00e4t - Frontaliers Grand Est<\/title>\n<meta name=\"robots\" content=\"index, follow, max-snippet:-1, max-image-preview:large, max-video-preview:-1\" \/>\n<link rel=\"canonical\" href=\"https:\/\/frontaliers-grandest.eu\/de\/startseite\/jugendliche\/studie-ausbildung\/anerkennung-der-diplome\/europa-das-prinzip-der-mobilitat-fur-die-studierenden\/der-europass-ein-dokument-zwecks-forderung-der-mobilitat\/\" \/>\n<meta property=\"og:locale\" content=\"de_DE\" \/>\n<meta property=\"og:type\" content=\"article\" \/>\n<meta property=\"og:title\" content=\"Der Europass, ein dokument zwecks f\u00f6rderung der mobilit\u00e4t - Frontaliers Grand Est\" \/>\n<meta property=\"og:description\" content=\"Der Europass bedeutet nicht eine Anerkennung des Diploms. Der Europass bietet die M\u00f6glichkeit, die eigenen Kompetenzen von einem Land auf das andere zu \u00fcbertragen: Es handelt sich um insgesamt f\u00fcnf Dokumente, die die erworbenen Diplome, die durchgef\u00fchrten Praktika und die erworbenen beruflichen Erfahrungen in Form von Kompetenzen und Kenntnissen ausdr\u00fccken. Zu diesen f\u00fcnf Dokumenten geh\u00f6ren: [&hellip;]\" \/>\n<meta property=\"og:url\" content=\"https:\/\/frontaliers-grandest.eu\/de\/startseite\/jugendliche\/studie-ausbildung\/anerkennung-der-diplome\/europa-das-prinzip-der-mobilitat-fur-die-studierenden\/der-europass-ein-dokument-zwecks-forderung-der-mobilitat\/\" \/>\n<meta property=\"og:site_name\" content=\"Frontaliers Grand Est\" \/>\n<meta property=\"article:publisher\" content=\"https:\/\/www.facebook.com\/frontaliers.GR.EST\/?locale=fr_FR\" \/>\n<meta property=\"article:modified_time\" content=\"2021-05-19T08:50:11+00:00\" \/>\n<meta name=\"twitter:card\" content=\"summary_large_image\" \/>\n<meta name=\"twitter:label1\" content=\"Gesch\u00e4tzte Lesezeit\" \/>\n\t<meta name=\"twitter:data1\" content=\"2\u00a0Minuten\" \/>\n<script type=\"application\/ld+json\" class=\"yoast-schema-graph\">{\"@context\":\"https:\/\/schema.org\",\"@graph\":[{\"@type\":\"WebPage\",\"@id\":\"https:\/\/frontaliers-grandest.eu\/de\/startseite\/jugendliche\/studie-ausbildung\/anerkennung-der-diplome\/europa-das-prinzip-der-mobilitat-fur-die-studierenden\/der-europass-ein-dokument-zwecks-forderung-der-mobilitat\/\",\"url\":\"https:\/\/frontaliers-grandest.eu\/de\/startseite\/jugendliche\/studie-ausbildung\/anerkennung-der-diplome\/europa-das-prinzip-der-mobilitat-fur-die-studierenden\/der-europass-ein-dokument-zwecks-forderung-der-mobilitat\/\",\"name\":\"Der Europass, ein dokument zwecks f\u00f6rderung der mobilit\u00e4t - Frontaliers Grand Est\",\"isPartOf\":{\"@id\":\"https:\/\/frontaliers-grandest.eu\/de\/#website\"},\"datePublished\":\"2021-05-19T08:50:10+00:00\",\"dateModified\":\"2021-05-19T08:50:11+00:00\",\"breadcrumb\":{\"@id\":\"https:\/\/frontaliers-grandest.eu\/de\/startseite\/jugendliche\/studie-ausbildung\/anerkennung-der-diplome\/europa-das-prinzip-der-mobilitat-fur-die-studierenden\/der-europass-ein-dokument-zwecks-forderung-der-mobilitat\/#breadcrumb\"},\"inLanguage\":\"de\",\"potentialAction\":[{\"@type\":\"ReadAction\",\"target\":[\"https:\/\/frontaliers-grandest.eu\/de\/startseite\/jugendliche\/studie-ausbildung\/anerkennung-der-diplome\/europa-das-prinzip-der-mobilitat-fur-die-studierenden\/der-europass-ein-dokument-zwecks-forderung-der-mobilitat\/\"]}]},{\"@type\":\"BreadcrumbList\",\"@id\":\"https:\/\/frontaliers-grandest.eu\/de\/startseite\/jugendliche\/studie-ausbildung\/anerkennung-der-diplome\/europa-das-prinzip-der-mobilitat-fur-die-studierenden\/der-europass-ein-dokument-zwecks-forderung-der-mobilitat\/#breadcrumb\",\"itemListElement\":[{\"@type\":\"ListItem\",\"position\":1,\"name\":\"Startseite\",\"item\":\"https:\/\/frontaliers-grandest.eu\/de\/\"},{\"@type\":\"ListItem\",\"position\":2,\"name\":\"Jugendliche\",\"item\":\"https:\/\/frontaliers-grandest.eu\/de\/startseite\/jugendliche\/\"},{\"@type\":\"ListItem\",\"position\":3,\"name\":\"Studie \/ Ausbildung\",\"item\":\"https:\/\/frontaliers-grandest.eu\/de\/startseite\/jugendliche\/studie-ausbildung\/\"},{\"@type\":\"ListItem\",\"position\":4,\"name\":\"Anerkennung der Diplome\",\"item\":\"https:\/\/frontaliers-grandest.eu\/de\/startseite\/jugendliche\/studie-ausbildung\/anerkennung-der-diplome\/\"},{\"@type\":\"ListItem\",\"position\":5,\"name\":\"Europa : Das prinzip der mobilit\u00e4t f\u00fcr die studierenden\",\"item\":\"https:\/\/frontaliers-grandest.eu\/de\/startseite\/jugendliche\/studie-ausbildung\/anerkennung-der-diplome\/europa-das-prinzip-der-mobilitat-fur-die-studierenden\/\"},{\"@type\":\"ListItem\",\"position\":6,\"name\":\"Der Europass, ein dokument zwecks f\u00f6rderung der mobilit\u00e4t\"}]},{\"@type\":\"WebSite\",\"@id\":\"https:\/\/frontaliers-grandest.eu\/de\/#website\",\"url\":\"https:\/\/frontaliers-grandest.eu\/de\/\",\"name\":\"Frontaliers Grand Est\",\"description\":\"Le site ressource du travail frontalier\",\"publisher\":{\"@id\":\"https:\/\/frontaliers-grandest.eu\/de\/#organization\"},\"alternateName\":\"Frontaliers Grand Est\",\"potentialAction\":[{\"@type\":\"SearchAction\",\"target\":{\"@type\":\"EntryPoint\",\"urlTemplate\":\"https:\/\/frontaliers-grandest.eu\/de\/?s={search_term_string}\"},\"query-input\":{\"@type\":\"PropertyValueSpecification\",\"valueRequired\":true,\"valueName\":\"search_term_string\"}}],\"inLanguage\":\"de\"},{\"@type\":\"Organization\",\"@id\":\"https:\/\/frontaliers-grandest.eu\/de\/#organization\",\"name\":\"Frontaliers Grand Est\",\"alternateName\":\"Frontaliers Grand Est\",\"url\":\"https:\/\/frontaliers-grandest.eu\/de\/\",\"logo\":{\"@type\":\"ImageObject\",\"inLanguage\":\"de\",\"@id\":\"https:\/\/frontaliers-grandest.eu\/de\/#\/schema\/logo\/image\/\",\"url\":\"https:\/\/frontaliers-grandest.eu\/wp-content\/uploads\/2025\/07\/260328234_2966785176920310_3332838526503858160_n.jpg\",\"contentUrl\":\"https:\/\/frontaliers-grandest.eu\/wp-content\/uploads\/2025\/07\/260328234_2966785176920310_3332838526503858160_n.jpg\",\"width\":396,\"height\":396,\"caption\":\"Frontaliers Grand Est\"},\"image\":{\"@id\":\"https:\/\/frontaliers-grandest.eu\/de\/#\/schema\/logo\/image\/\"},\"sameAs\":[\"https:\/\/www.facebook.com\/frontaliers.GR.EST\/?locale=fr_FR\"]}]}<\/script>\n<!-- \/ Yoast SEO plugin. -->","yoast_head_json":{"title":"Der Europass, ein dokument zwecks f\u00f6rderung der mobilit\u00e4t - Frontaliers Grand Est","robots":{"index":"index","follow":"follow","max-snippet":"max-snippet:-1","max-image-preview":"max-image-preview:large","max-video-preview":"max-video-preview:-1"},"canonical":"https:\/\/frontaliers-grandest.eu\/de\/startseite\/jugendliche\/studie-ausbildung\/anerkennung-der-diplome\/europa-das-prinzip-der-mobilitat-fur-die-studierenden\/der-europass-ein-dokument-zwecks-forderung-der-mobilitat\/","og_locale":"de_DE","og_type":"article","og_title":"Der Europass, ein dokument zwecks f\u00f6rderung der mobilit\u00e4t - Frontaliers Grand Est","og_description":"Der Europass bedeutet nicht eine Anerkennung des Diploms. Der Europass bietet die M\u00f6glichkeit, die eigenen Kompetenzen von einem Land auf das andere zu \u00fcbertragen: Es handelt sich um insgesamt f\u00fcnf Dokumente, die die erworbenen Diplome, die durchgef\u00fchrten Praktika und die erworbenen beruflichen Erfahrungen in Form von Kompetenzen und Kenntnissen ausdr\u00fccken. Zu diesen f\u00fcnf Dokumenten geh\u00f6ren: [&hellip;]","og_url":"https:\/\/frontaliers-grandest.eu\/de\/startseite\/jugendliche\/studie-ausbildung\/anerkennung-der-diplome\/europa-das-prinzip-der-mobilitat-fur-die-studierenden\/der-europass-ein-dokument-zwecks-forderung-der-mobilitat\/","og_site_name":"Frontaliers Grand Est","article_publisher":"https:\/\/www.facebook.com\/frontaliers.GR.EST\/?locale=fr_FR","article_modified_time":"2021-05-19T08:50:11+00:00","twitter_card":"summary_large_image","twitter_misc":{"Gesch\u00e4tzte Lesezeit":"2\u00a0Minuten"},"schema":{"@context":"https:\/\/schema.org","@graph":[{"@type":"WebPage","@id":"https:\/\/frontaliers-grandest.eu\/de\/startseite\/jugendliche\/studie-ausbildung\/anerkennung-der-diplome\/europa-das-prinzip-der-mobilitat-fur-die-studierenden\/der-europass-ein-dokument-zwecks-forderung-der-mobilitat\/","url":"https:\/\/frontaliers-grandest.eu\/de\/startseite\/jugendliche\/studie-ausbildung\/anerkennung-der-diplome\/europa-das-prinzip-der-mobilitat-fur-die-studierenden\/der-europass-ein-dokument-zwecks-forderung-der-mobilitat\/","name":"Der Europass, ein dokument zwecks f\u00f6rderung der mobilit\u00e4t - Frontaliers Grand Est","isPartOf":{"@id":"https:\/\/frontaliers-grandest.eu\/de\/#website"},"datePublished":"2021-05-19T08:50:10+00:00","dateModified":"2021-05-19T08:50:11+00:00","breadcrumb":{"@id":"https:\/\/frontaliers-grandest.eu\/de\/startseite\/jugendliche\/studie-ausbildung\/anerkennung-der-diplome\/europa-das-prinzip-der-mobilitat-fur-die-studierenden\/der-europass-ein-dokument-zwecks-forderung-der-mobilitat\/#breadcrumb"},"inLanguage":"de","potentialAction":[{"@type":"ReadAction","target":["https:\/\/frontaliers-grandest.eu\/de\/startseite\/jugendliche\/studie-ausbildung\/anerkennung-der-diplome\/europa-das-prinzip-der-mobilitat-fur-die-studierenden\/der-europass-ein-dokument-zwecks-forderung-der-mobilitat\/"]}]},{"@type":"BreadcrumbList","@id":"https:\/\/frontaliers-grandest.eu\/de\/startseite\/jugendliche\/studie-ausbildung\/anerkennung-der-diplome\/europa-das-prinzip-der-mobilitat-fur-die-studierenden\/der-europass-ein-dokument-zwecks-forderung-der-mobilitat\/#breadcrumb","itemListElement":[{"@type":"ListItem","position":1,"name":"Startseite","item":"https:\/\/frontaliers-grandest.eu\/de\/"},{"@type":"ListItem","position":2,"name":"Jugendliche","item":"https:\/\/frontaliers-grandest.eu\/de\/startseite\/jugendliche\/"},{"@type":"ListItem","position":3,"name":"Studie \/ Ausbildung","item":"https:\/\/frontaliers-grandest.eu\/de\/startseite\/jugendliche\/studie-ausbildung\/"},{"@type":"ListItem","position":4,"name":"Anerkennung der Diplome","item":"https:\/\/frontaliers-grandest.eu\/de\/startseite\/jugendliche\/studie-ausbildung\/anerkennung-der-diplome\/"},{"@type":"ListItem","position":5,"name":"Europa : Das prinzip der mobilit\u00e4t f\u00fcr die studierenden","item":"https:\/\/frontaliers-grandest.eu\/de\/startseite\/jugendliche\/studie-ausbildung\/anerkennung-der-diplome\/europa-das-prinzip-der-mobilitat-fur-die-studierenden\/"},{"@type":"ListItem","position":6,"name":"Der Europass, ein dokument zwecks f\u00f6rderung der mobilit\u00e4t"}]},{"@type":"WebSite","@id":"https:\/\/frontaliers-grandest.eu\/de\/#website","url":"https:\/\/frontaliers-grandest.eu\/de\/","name":"Frontaliers Grand Est","description":"Le site ressource du travail frontalier","publisher":{"@id":"https:\/\/frontaliers-grandest.eu\/de\/#organization"},"alternateName":"Frontaliers Grand Est","potentialAction":[{"@type":"SearchAction","target":{"@type":"EntryPoint","urlTemplate":"https:\/\/frontaliers-grandest.eu\/de\/?s={search_term_string}"},"query-input":{"@type":"PropertyValueSpecification","valueRequired":true,"valueName":"search_term_string"}}],"inLanguage":"de"},{"@type":"Organization","@id":"https:\/\/frontaliers-grandest.eu\/de\/#organization","name":"Frontaliers Grand Est","alternateName":"Frontaliers Grand Est","url":"https:\/\/frontaliers-grandest.eu\/de\/","logo":{"@type":"ImageObject","inLanguage":"de","@id":"https:\/\/frontaliers-grandest.eu\/de\/#\/schema\/logo\/image\/","url":"https:\/\/frontaliers-grandest.eu\/wp-content\/uploads\/2025\/07\/260328234_2966785176920310_3332838526503858160_n.jpg","contentUrl":"https:\/\/frontaliers-grandest.eu\/wp-content\/uploads\/2025\/07\/260328234_2966785176920310_3332838526503858160_n.jpg","width":396,"height":396,"caption":"Frontaliers Grand Est"},"image":{"@id":"https:\/\/frontaliers-grandest.eu\/de\/#\/schema\/logo\/image\/"},"sameAs":["https:\/\/www.facebook.com\/frontaliers.GR.EST\/?locale=fr_FR"]}]}},"frge_page_order":0,"_links":{"self":[{"href":"https:\/\/frontaliers-grandest.eu\/de\/wp-json\/wp\/v2\/pages\/7603","targetHints":{"allow":["GET"]}}],"collection":[{"href":"https:\/\/frontaliers-grandest.eu\/de\/wp-json\/wp\/v2\/pages"}],"about":[{"href":"https:\/\/frontaliers-grandest.eu\/de\/wp-json\/wp\/v2\/types\/page"}],"author":[{"embeddable":true,"href":"https:\/\/frontaliers-grandest.eu\/de\/wp-json\/wp\/v2\/users\/7"}],"replies":[{"embeddable":true,"href":"https:\/\/frontaliers-grandest.eu\/de\/wp-json\/wp\/v2\/comments?post=7603"}],"version-history":[{"count":1,"href":"https:\/\/frontaliers-grandest.eu\/de\/wp-json\/wp\/v2\/pages\/7603\/revisions"}],"predecessor-version":[{"id":7605,"href":"https:\/\/frontaliers-grandest.eu\/de\/wp-json\/wp\/v2\/pages\/7603\/revisions\/7605"}],"up":[{"embeddable":true,"href":"https:\/\/frontaliers-grandest.eu\/de\/wp-json\/wp\/v2\/pages\/7584"}],"wp:attachment":[{"href":"https:\/\/frontaliers-grandest.eu\/de\/wp-json\/wp\/v2\/media?parent=7603"}],"wp:term":[{"taxonomy":"post_tag","embeddable":true,"href":"https:\/\/frontaliers-grandest.eu\/de\/wp-json\/wp\/v2\/tags?post=7603"},{"taxonomy":"frge_profile","embeddable":true,"href":"https:\/\/frontaliers-grandest.eu\/de\/wp-json\/wp\/v2\/frge_profile?post=7603"}],"curies":[{"name":"wp","href":"https:\/\/api.w.org\/{rel}","templated":true}]}}