{"id":7577,"date":"2021-05-18T15:45:37","date_gmt":"2021-05-18T13:45:37","guid":{"rendered":"https:\/\/frontaliers-grandest.eu\/?page_id=7577"},"modified":"2024-07-03T10:57:15","modified_gmt":"2024-07-03T08:57:15","slug":"eurodyssee-programm-fur-die-arbeitsuchenden-zwischen-18-und-30-jahren","status":"publish","type":"page","link":"https:\/\/frontaliers-grandest.eu\/de\/startseite\/jugendliche\/studie-ausbildung\/im-nachbarland-studieren\/europaische-austauschprogramme\/eurodyssee-programm-fur-die-arbeitsuchenden-zwischen-18-und-30-jahren\/","title":{"rendered":"Eurodyssee programm f\u00fcr die arbeitsuchenden zwischen 18 und 30 jahren"},"content":{"rendered":"\n<p>Eurodyss\u00e9e ist ein Jugendaustausch in Europa, der Ihnen erm\u00f6glicht, ein Praktikum in einem Unternehmen zu absolvieren. Es ist m\u00f6glich, wenn Sie ein Arbeitssuchender zwischen 18 und 30 Jahren sind, und in einem Land wohnen, welches dem Verein der europ\u00e4ischen Regionen geh\u00f6rt (Liste der europ\u00e2ischen Regionen auf \u00a0<a href=\"https:\/\/aer.eu\/\" target=\"_blank\" rel=\"noreferrer noopener\">www.aer.eu<\/a>).<\/p>\n\n\n\n<p>Die Praktika k\u00f6nnen in einer privaten oder \u00f6ffentlichen Einrichtung absolviert werden. Sie werden von den Empfangsregionen und f\u00fcr eine Dauer von 3 bis 7 Monaten organisiert.<\/p>\n\n\n\n<p>Bewerbungen werden auf der Website von Eurodyss\u00e9e eingereicht : <a href=\"http:\/\/www.eurodyssee.eu\/fr\" target=\"_blank\" rel=\"noreferrer noopener\">www.eurodyssee.eu\/fr<\/a>&nbsp;<\/p>\n","protected":false},"excerpt":{"rendered":"<p>Eurodyss\u00e9e ist ein Jugendaustausch in Europa, der Ihnen erm\u00f6glicht, ein Praktikum in einem Unternehmen zu absolvieren. Es ist m\u00f6glich, wenn Sie ein Arbeitssuchender zwischen 18 und 30 Jahren sind, und in einem Land wohnen, welches dem Verein der europ\u00e4ischen Regionen geh\u00f6rt (Liste der europ\u00e2ischen Regionen auf \u00a0www.aer.eu). Die Praktika k\u00f6nnen in einer privaten oder \u00f6ffentlichen [&hellip;]<\/p>\n","protected":false},"author":7,"featured_media":0,"parent":7572,"menu_order":1,"comment_status":"closed","ping_status":"closed","template":"","meta":{"inline_featured_image":false,"footnotes":""},"tags":[],"frge_profile":[],"class_list":["post-7577","page","type-page","status-publish","hentry"],"yoast_head":"<!-- This site is optimized with the Yoast SEO plugin v27.1.1 - https:\/\/yoast.com\/product\/yoast-seo-wordpress\/ -->\n<title>Eurodyssee programm f\u00fcr die arbeitsuchenden zwischen 18 und 30 jahren - Frontaliers Grand Est<\/title>\n<meta name=\"robots\" content=\"index, follow, max-snippet:-1, max-image-preview:large, max-video-preview:-1\" \/>\n<link rel=\"canonical\" href=\"https:\/\/frontaliers-grandest.eu\/de\/startseite\/jugendliche\/studie-ausbildung\/im-nachbarland-studieren\/europaische-austauschprogramme\/eurodyssee-programm-fur-die-arbeitsuchenden-zwischen-18-und-30-jahren\/\" \/>\n<meta property=\"og:locale\" content=\"de_DE\" \/>\n<meta property=\"og:type\" content=\"article\" \/>\n<meta property=\"og:title\" content=\"Eurodyssee programm f\u00fcr die arbeitsuchenden zwischen 18 und 30 jahren - Frontaliers Grand Est\" \/>\n<meta property=\"og:description\" content=\"Eurodyss\u00e9e ist ein Jugendaustausch in Europa, der Ihnen erm\u00f6glicht, ein Praktikum in einem Unternehmen zu absolvieren. Es ist m\u00f6glich, wenn Sie ein Arbeitssuchender zwischen 18 und 30 Jahren sind, und in einem Land wohnen, welches dem Verein der europ\u00e4ischen Regionen geh\u00f6rt (Liste der europ\u00e2ischen Regionen auf \u00a0www.aer.eu). Die Praktika k\u00f6nnen in einer privaten oder \u00f6ffentlichen [&hellip;]\" \/>\n<meta property=\"og:url\" content=\"https:\/\/frontaliers-grandest.eu\/de\/startseite\/jugendliche\/studie-ausbildung\/im-nachbarland-studieren\/europaische-austauschprogramme\/eurodyssee-programm-fur-die-arbeitsuchenden-zwischen-18-und-30-jahren\/\" \/>\n<meta property=\"og:site_name\" content=\"Frontaliers Grand Est\" \/>\n<meta property=\"article:publisher\" content=\"https:\/\/www.facebook.com\/frontaliers.GR.EST\/?locale=fr_FR\" \/>\n<meta property=\"article:modified_time\" content=\"2024-07-03T08:57:15+00:00\" \/>\n<meta name=\"twitter:card\" content=\"summary_large_image\" \/>\n<meta name=\"twitter:label1\" content=\"Gesch\u00e4tzte Lesezeit\" \/>\n\t<meta name=\"twitter:data1\" content=\"1\u00a0Minute\" \/>\n<script type=\"application\/ld+json\" class=\"yoast-schema-graph\">{\"@context\":\"https:\/\/schema.org\",\"@graph\":[{\"@type\":\"WebPage\",\"@id\":\"https:\/\/frontaliers-grandest.eu\/de\/startseite\/jugendliche\/studie-ausbildung\/im-nachbarland-studieren\/europaische-austauschprogramme\/eurodyssee-programm-fur-die-arbeitsuchenden-zwischen-18-und-30-jahren\/\",\"url\":\"https:\/\/frontaliers-grandest.eu\/de\/startseite\/jugendliche\/studie-ausbildung\/im-nachbarland-studieren\/europaische-austauschprogramme\/eurodyssee-programm-fur-die-arbeitsuchenden-zwischen-18-und-30-jahren\/\",\"name\":\"Eurodyssee programm f\u00fcr die arbeitsuchenden zwischen 18 und 30 jahren - Frontaliers Grand Est\",\"isPartOf\":{\"@id\":\"https:\/\/frontaliers-grandest.eu\/de\/#website\"},\"datePublished\":\"2021-05-18T13:45:37+00:00\",\"dateModified\":\"2024-07-03T08:57:15+00:00\",\"breadcrumb\":{\"@id\":\"https:\/\/frontaliers-grandest.eu\/de\/startseite\/jugendliche\/studie-ausbildung\/im-nachbarland-studieren\/europaische-austauschprogramme\/eurodyssee-programm-fur-die-arbeitsuchenden-zwischen-18-und-30-jahren\/#breadcrumb\"},\"inLanguage\":\"de\",\"potentialAction\":[{\"@type\":\"ReadAction\",\"target\":[\"https:\/\/frontaliers-grandest.eu\/de\/startseite\/jugendliche\/studie-ausbildung\/im-nachbarland-studieren\/europaische-austauschprogramme\/eurodyssee-programm-fur-die-arbeitsuchenden-zwischen-18-und-30-jahren\/\"]}]},{\"@type\":\"BreadcrumbList\",\"@id\":\"https:\/\/frontaliers-grandest.eu\/de\/startseite\/jugendliche\/studie-ausbildung\/im-nachbarland-studieren\/europaische-austauschprogramme\/eurodyssee-programm-fur-die-arbeitsuchenden-zwischen-18-und-30-jahren\/#breadcrumb\",\"itemListElement\":[{\"@type\":\"ListItem\",\"position\":1,\"name\":\"Startseite\",\"item\":\"https:\/\/frontaliers-grandest.eu\/de\/\"},{\"@type\":\"ListItem\",\"position\":2,\"name\":\"Jugendliche\",\"item\":\"https:\/\/frontaliers-grandest.eu\/de\/startseite\/jugendliche\/\"},{\"@type\":\"ListItem\",\"position\":3,\"name\":\"Studie \/ Ausbildung\",\"item\":\"https:\/\/frontaliers-grandest.eu\/de\/startseite\/jugendliche\/studie-ausbildung\/\"},{\"@type\":\"ListItem\",\"position\":4,\"name\":\"Im Nachbarland Studieren\",\"item\":\"https:\/\/frontaliers-grandest.eu\/de\/startseite\/jugendliche\/studie-ausbildung\/im-nachbarland-studieren\/\"},{\"@type\":\"ListItem\",\"position\":5,\"name\":\"Europa\u00efsche Austauschprogramme\",\"item\":\"https:\/\/frontaliers-grandest.eu\/de\/startseite\/jugendliche\/studie-ausbildung\/im-nachbarland-studieren\/europaische-austauschprogramme\/\"},{\"@type\":\"ListItem\",\"position\":6,\"name\":\"Eurodyssee programm f\u00fcr die arbeitsuchenden zwischen 18 und 30 jahren\"}]},{\"@type\":\"WebSite\",\"@id\":\"https:\/\/frontaliers-grandest.eu\/de\/#website\",\"url\":\"https:\/\/frontaliers-grandest.eu\/de\/\",\"name\":\"Frontaliers Grand Est\",\"description\":\"Le site ressource du travail frontalier\",\"publisher\":{\"@id\":\"https:\/\/frontaliers-grandest.eu\/de\/#organization\"},\"alternateName\":\"Frontaliers Grand Est\",\"potentialAction\":[{\"@type\":\"SearchAction\",\"target\":{\"@type\":\"EntryPoint\",\"urlTemplate\":\"https:\/\/frontaliers-grandest.eu\/de\/?s={search_term_string}\"},\"query-input\":{\"@type\":\"PropertyValueSpecification\",\"valueRequired\":true,\"valueName\":\"search_term_string\"}}],\"inLanguage\":\"de\"},{\"@type\":\"Organization\",\"@id\":\"https:\/\/frontaliers-grandest.eu\/de\/#organization\",\"name\":\"Frontaliers Grand Est\",\"alternateName\":\"Frontaliers Grand Est\",\"url\":\"https:\/\/frontaliers-grandest.eu\/de\/\",\"logo\":{\"@type\":\"ImageObject\",\"inLanguage\":\"de\",\"@id\":\"https:\/\/frontaliers-grandest.eu\/de\/#\/schema\/logo\/image\/\",\"url\":\"https:\/\/frontaliers-grandest.eu\/wp-content\/uploads\/2025\/07\/260328234_2966785176920310_3332838526503858160_n.jpg\",\"contentUrl\":\"https:\/\/frontaliers-grandest.eu\/wp-content\/uploads\/2025\/07\/260328234_2966785176920310_3332838526503858160_n.jpg\",\"width\":396,\"height\":396,\"caption\":\"Frontaliers Grand Est\"},\"image\":{\"@id\":\"https:\/\/frontaliers-grandest.eu\/de\/#\/schema\/logo\/image\/\"},\"sameAs\":[\"https:\/\/www.facebook.com\/frontaliers.GR.EST\/?locale=fr_FR\"]}]}<\/script>\n<!-- \/ Yoast SEO plugin. -->","yoast_head_json":{"title":"Eurodyssee programm f\u00fcr die arbeitsuchenden zwischen 18 und 30 jahren - Frontaliers Grand Est","robots":{"index":"index","follow":"follow","max-snippet":"max-snippet:-1","max-image-preview":"max-image-preview:large","max-video-preview":"max-video-preview:-1"},"canonical":"https:\/\/frontaliers-grandest.eu\/de\/startseite\/jugendliche\/studie-ausbildung\/im-nachbarland-studieren\/europaische-austauschprogramme\/eurodyssee-programm-fur-die-arbeitsuchenden-zwischen-18-und-30-jahren\/","og_locale":"de_DE","og_type":"article","og_title":"Eurodyssee programm f\u00fcr die arbeitsuchenden zwischen 18 und 30 jahren - Frontaliers Grand Est","og_description":"Eurodyss\u00e9e ist ein Jugendaustausch in Europa, der Ihnen erm\u00f6glicht, ein Praktikum in einem Unternehmen zu absolvieren. Es ist m\u00f6glich, wenn Sie ein Arbeitssuchender zwischen 18 und 30 Jahren sind, und in einem Land wohnen, welches dem Verein der europ\u00e4ischen Regionen geh\u00f6rt (Liste der europ\u00e2ischen Regionen auf \u00a0www.aer.eu). Die Praktika k\u00f6nnen in einer privaten oder \u00f6ffentlichen [&hellip;]","og_url":"https:\/\/frontaliers-grandest.eu\/de\/startseite\/jugendliche\/studie-ausbildung\/im-nachbarland-studieren\/europaische-austauschprogramme\/eurodyssee-programm-fur-die-arbeitsuchenden-zwischen-18-und-30-jahren\/","og_site_name":"Frontaliers Grand Est","article_publisher":"https:\/\/www.facebook.com\/frontaliers.GR.EST\/?locale=fr_FR","article_modified_time":"2024-07-03T08:57:15+00:00","twitter_card":"summary_large_image","twitter_misc":{"Gesch\u00e4tzte Lesezeit":"1\u00a0Minute"},"schema":{"@context":"https:\/\/schema.org","@graph":[{"@type":"WebPage","@id":"https:\/\/frontaliers-grandest.eu\/de\/startseite\/jugendliche\/studie-ausbildung\/im-nachbarland-studieren\/europaische-austauschprogramme\/eurodyssee-programm-fur-die-arbeitsuchenden-zwischen-18-und-30-jahren\/","url":"https:\/\/frontaliers-grandest.eu\/de\/startseite\/jugendliche\/studie-ausbildung\/im-nachbarland-studieren\/europaische-austauschprogramme\/eurodyssee-programm-fur-die-arbeitsuchenden-zwischen-18-und-30-jahren\/","name":"Eurodyssee programm f\u00fcr die arbeitsuchenden zwischen 18 und 30 jahren - Frontaliers Grand Est","isPartOf":{"@id":"https:\/\/frontaliers-grandest.eu\/de\/#website"},"datePublished":"2021-05-18T13:45:37+00:00","dateModified":"2024-07-03T08:57:15+00:00","breadcrumb":{"@id":"https:\/\/frontaliers-grandest.eu\/de\/startseite\/jugendliche\/studie-ausbildung\/im-nachbarland-studieren\/europaische-austauschprogramme\/eurodyssee-programm-fur-die-arbeitsuchenden-zwischen-18-und-30-jahren\/#breadcrumb"},"inLanguage":"de","potentialAction":[{"@type":"ReadAction","target":["https:\/\/frontaliers-grandest.eu\/de\/startseite\/jugendliche\/studie-ausbildung\/im-nachbarland-studieren\/europaische-austauschprogramme\/eurodyssee-programm-fur-die-arbeitsuchenden-zwischen-18-und-30-jahren\/"]}]},{"@type":"BreadcrumbList","@id":"https:\/\/frontaliers-grandest.eu\/de\/startseite\/jugendliche\/studie-ausbildung\/im-nachbarland-studieren\/europaische-austauschprogramme\/eurodyssee-programm-fur-die-arbeitsuchenden-zwischen-18-und-30-jahren\/#breadcrumb","itemListElement":[{"@type":"ListItem","position":1,"name":"Startseite","item":"https:\/\/frontaliers-grandest.eu\/de\/"},{"@type":"ListItem","position":2,"name":"Jugendliche","item":"https:\/\/frontaliers-grandest.eu\/de\/startseite\/jugendliche\/"},{"@type":"ListItem","position":3,"name":"Studie \/ Ausbildung","item":"https:\/\/frontaliers-grandest.eu\/de\/startseite\/jugendliche\/studie-ausbildung\/"},{"@type":"ListItem","position":4,"name":"Im Nachbarland Studieren","item":"https:\/\/frontaliers-grandest.eu\/de\/startseite\/jugendliche\/studie-ausbildung\/im-nachbarland-studieren\/"},{"@type":"ListItem","position":5,"name":"Europa\u00efsche Austauschprogramme","item":"https:\/\/frontaliers-grandest.eu\/de\/startseite\/jugendliche\/studie-ausbildung\/im-nachbarland-studieren\/europaische-austauschprogramme\/"},{"@type":"ListItem","position":6,"name":"Eurodyssee programm f\u00fcr die arbeitsuchenden zwischen 18 und 30 jahren"}]},{"@type":"WebSite","@id":"https:\/\/frontaliers-grandest.eu\/de\/#website","url":"https:\/\/frontaliers-grandest.eu\/de\/","name":"Frontaliers Grand Est","description":"Le site ressource du travail frontalier","publisher":{"@id":"https:\/\/frontaliers-grandest.eu\/de\/#organization"},"alternateName":"Frontaliers Grand Est","potentialAction":[{"@type":"SearchAction","target":{"@type":"EntryPoint","urlTemplate":"https:\/\/frontaliers-grandest.eu\/de\/?s={search_term_string}"},"query-input":{"@type":"PropertyValueSpecification","valueRequired":true,"valueName":"search_term_string"}}],"inLanguage":"de"},{"@type":"Organization","@id":"https:\/\/frontaliers-grandest.eu\/de\/#organization","name":"Frontaliers Grand Est","alternateName":"Frontaliers Grand Est","url":"https:\/\/frontaliers-grandest.eu\/de\/","logo":{"@type":"ImageObject","inLanguage":"de","@id":"https:\/\/frontaliers-grandest.eu\/de\/#\/schema\/logo\/image\/","url":"https:\/\/frontaliers-grandest.eu\/wp-content\/uploads\/2025\/07\/260328234_2966785176920310_3332838526503858160_n.jpg","contentUrl":"https:\/\/frontaliers-grandest.eu\/wp-content\/uploads\/2025\/07\/260328234_2966785176920310_3332838526503858160_n.jpg","width":396,"height":396,"caption":"Frontaliers Grand Est"},"image":{"@id":"https:\/\/frontaliers-grandest.eu\/de\/#\/schema\/logo\/image\/"},"sameAs":["https:\/\/www.facebook.com\/frontaliers.GR.EST\/?locale=fr_FR"]}]}},"frge_page_order":0,"_links":{"self":[{"href":"https:\/\/frontaliers-grandest.eu\/de\/wp-json\/wp\/v2\/pages\/7577","targetHints":{"allow":["GET"]}}],"collection":[{"href":"https:\/\/frontaliers-grandest.eu\/de\/wp-json\/wp\/v2\/pages"}],"about":[{"href":"https:\/\/frontaliers-grandest.eu\/de\/wp-json\/wp\/v2\/types\/page"}],"author":[{"embeddable":true,"href":"https:\/\/frontaliers-grandest.eu\/de\/wp-json\/wp\/v2\/users\/7"}],"replies":[{"embeddable":true,"href":"https:\/\/frontaliers-grandest.eu\/de\/wp-json\/wp\/v2\/comments?post=7577"}],"version-history":[{"count":2,"href":"https:\/\/frontaliers-grandest.eu\/de\/wp-json\/wp\/v2\/pages\/7577\/revisions"}],"predecessor-version":[{"id":39715,"href":"https:\/\/frontaliers-grandest.eu\/de\/wp-json\/wp\/v2\/pages\/7577\/revisions\/39715"}],"up":[{"embeddable":true,"href":"https:\/\/frontaliers-grandest.eu\/de\/wp-json\/wp\/v2\/pages\/7572"}],"wp:attachment":[{"href":"https:\/\/frontaliers-grandest.eu\/de\/wp-json\/wp\/v2\/media?parent=7577"}],"wp:term":[{"taxonomy":"post_tag","embeddable":true,"href":"https:\/\/frontaliers-grandest.eu\/de\/wp-json\/wp\/v2\/tags?post=7577"},{"taxonomy":"frge_profile","embeddable":true,"href":"https:\/\/frontaliers-grandest.eu\/de\/wp-json\/wp\/v2\/frge_profile?post=7577"}],"curies":[{"name":"wp","href":"https:\/\/api.w.org\/{rel}","templated":true}]}}