{"id":7550,"date":"2021-05-18T15:14:35","date_gmt":"2021-05-18T13:14:35","guid":{"rendered":"https:\/\/frontaliers-grandest.eu\/?page_id=7550"},"modified":"2024-07-09T17:14:31","modified_gmt":"2024-07-09T15:14:31","slug":"sprachtests","status":"publish","type":"page","link":"https:\/\/frontaliers-grandest.eu\/de\/startseite\/jugendliche\/studie-ausbildung\/grenzuberschreitende-erstausbildung\/ein-hochschulstudium-in-luxemburg-absolvieren\/sprachtests\/","title":{"rendered":"Sprachtests"},"content":{"rendered":"\n<p>Der Unterricht in Luxemburg zeichnet sich durch seine <strong>Mehrsprachigkeit<\/strong> aus. Bachelor-Studieng\u00e4nge werden in mindestens zwei Sprachen angeboten, h\u00e4ufig auf Franz\u00f6sisch und Englisch oder Franz\u00f6sisch und Deutsch.<\/p>\n\n\n\n<p>Die meisten Masterstudieng\u00e4nge werden in englischer Sprache angeboten, manchmal in zwei (Englisch und Franz\u00f6sisch) oder drei Sprachen (Englisch, Deutsch, Franz\u00f6sisch).<\/p>\n\n\n\n<p>F\u00fcr Bewerber aus der Europ\u00e4ischen Union h\u00e4ngt das geforderte Sprachniveau vom gew\u00e4hlten Studiengang ab. F\u00fcr geisteswissenschaftliche Fachrichtungen kann C1-Niveau verlangt werden, f\u00fcr andere F\u00e4cher ist Niveau B2 ausreichend. F\u00fcr weitere Informationen zum erforderlichen Sprachniveau besuchen Sie die Website der Universit\u00e4t Luxemburg.<\/p>\n\n\n\n<p>Das Technische Gymnasium f\u00fcr Gesundheitsberufe verlangt, dass die Bewerber \u00fcber ein Minimum an <strong>Luxemburgisch-Kenntnissen <\/strong>zur Kommunikation mit den Patienten verf\u00fcgen.<\/p>\n\n\n\n<p>F\u00fcr Bewerber aus Nicht-EU-L\u00e4ndern beinhaltet die Aufnahmepr\u00fcfung einen Test in beiden Sprachen der gew\u00e4hlten Ausbildung.<\/p>\n","protected":false},"excerpt":{"rendered":"<p>Der Unterricht in Luxemburg zeichnet sich durch seine Mehrsprachigkeit aus. Bachelor-Studieng\u00e4nge werden in mindestens zwei Sprachen angeboten, h\u00e4ufig auf Franz\u00f6sisch und Englisch oder Franz\u00f6sisch und Deutsch. Die meisten Masterstudieng\u00e4nge werden in englischer Sprache angeboten, manchmal in zwei (Englisch und Franz\u00f6sisch) oder drei Sprachen (Englisch, Deutsch, Franz\u00f6sisch). F\u00fcr Bewerber aus der Europ\u00e4ischen Union h\u00e4ngt das geforderte [&hellip;]<\/p>\n","protected":false},"author":7,"featured_media":0,"parent":7543,"menu_order":2,"comment_status":"closed","ping_status":"closed","template":"","meta":{"inline_featured_image":false,"footnotes":""},"tags":[],"frge_profile":[],"class_list":["post-7550","page","type-page","status-publish","hentry"],"yoast_head":"<!-- This site is optimized with the Yoast SEO plugin v27.1.1 - https:\/\/yoast.com\/product\/yoast-seo-wordpress\/ -->\n<title>Studieng\u00e4nge in Luxemburg: sprachtests und anforderungen<\/title>\n<meta name=\"description\" content=\"Der Unterricht in Luxemburg ist mehrsprachig, Bachelor-Studieng\u00e4nge sind in zwei Sprachen, meist Franz\u00f6sisch und Englisch oder Deutsch\" \/>\n<meta name=\"robots\" content=\"index, follow, max-snippet:-1, max-image-preview:large, max-video-preview:-1\" \/>\n<link rel=\"canonical\" href=\"https:\/\/frontaliers-grandest.eu\/de\/startseite\/jugendliche\/studie-ausbildung\/grenzuberschreitende-erstausbildung\/ein-hochschulstudium-in-luxemburg-absolvieren\/sprachtests\/\" \/>\n<meta property=\"og:locale\" content=\"de_DE\" \/>\n<meta property=\"og:type\" content=\"article\" \/>\n<meta property=\"og:title\" content=\"Studieng\u00e4nge in Luxemburg: sprachtests und anforderungen\" \/>\n<meta property=\"og:description\" content=\"Der Unterricht in Luxemburg ist mehrsprachig, Bachelor-Studieng\u00e4nge sind in zwei Sprachen, meist Franz\u00f6sisch und Englisch oder Deutsch\" \/>\n<meta property=\"og:url\" content=\"https:\/\/frontaliers-grandest.eu\/de\/startseite\/jugendliche\/studie-ausbildung\/grenzuberschreitende-erstausbildung\/ein-hochschulstudium-in-luxemburg-absolvieren\/sprachtests\/\" \/>\n<meta property=\"og:site_name\" content=\"Frontaliers Grand Est\" \/>\n<meta property=\"article:publisher\" content=\"https:\/\/www.facebook.com\/frontaliers.GR.EST\/?locale=fr_FR\" \/>\n<meta property=\"article:modified_time\" content=\"2024-07-09T15:14:31+00:00\" \/>\n<meta name=\"twitter:card\" content=\"summary_large_image\" \/>\n<meta name=\"twitter:label1\" content=\"Gesch\u00e4tzte Lesezeit\" \/>\n\t<meta name=\"twitter:data1\" content=\"1\u00a0Minute\" \/>\n<script type=\"application\/ld+json\" class=\"yoast-schema-graph\">{\"@context\":\"https:\/\/schema.org\",\"@graph\":[{\"@type\":\"WebPage\",\"@id\":\"https:\/\/frontaliers-grandest.eu\/de\/startseite\/jugendliche\/studie-ausbildung\/grenzuberschreitende-erstausbildung\/ein-hochschulstudium-in-luxemburg-absolvieren\/sprachtests\/\",\"url\":\"https:\/\/frontaliers-grandest.eu\/de\/startseite\/jugendliche\/studie-ausbildung\/grenzuberschreitende-erstausbildung\/ein-hochschulstudium-in-luxemburg-absolvieren\/sprachtests\/\",\"name\":\"Studieng\u00e4nge in Luxemburg: sprachtests und anforderungen\",\"isPartOf\":{\"@id\":\"https:\/\/frontaliers-grandest.eu\/de\/#website\"},\"datePublished\":\"2021-05-18T13:14:35+00:00\",\"dateModified\":\"2024-07-09T15:14:31+00:00\",\"description\":\"Der Unterricht in Luxemburg ist mehrsprachig, Bachelor-Studieng\u00e4nge sind in zwei Sprachen, meist Franz\u00f6sisch und Englisch oder Deutsch\",\"breadcrumb\":{\"@id\":\"https:\/\/frontaliers-grandest.eu\/de\/startseite\/jugendliche\/studie-ausbildung\/grenzuberschreitende-erstausbildung\/ein-hochschulstudium-in-luxemburg-absolvieren\/sprachtests\/#breadcrumb\"},\"inLanguage\":\"de\",\"potentialAction\":[{\"@type\":\"ReadAction\",\"target\":[\"https:\/\/frontaliers-grandest.eu\/de\/startseite\/jugendliche\/studie-ausbildung\/grenzuberschreitende-erstausbildung\/ein-hochschulstudium-in-luxemburg-absolvieren\/sprachtests\/\"]}]},{\"@type\":\"BreadcrumbList\",\"@id\":\"https:\/\/frontaliers-grandest.eu\/de\/startseite\/jugendliche\/studie-ausbildung\/grenzuberschreitende-erstausbildung\/ein-hochschulstudium-in-luxemburg-absolvieren\/sprachtests\/#breadcrumb\",\"itemListElement\":[{\"@type\":\"ListItem\",\"position\":1,\"name\":\"Startseite\",\"item\":\"https:\/\/frontaliers-grandest.eu\/de\/\"},{\"@type\":\"ListItem\",\"position\":2,\"name\":\"Jugendliche\",\"item\":\"https:\/\/frontaliers-grandest.eu\/de\/startseite\/jugendliche\/\"},{\"@type\":\"ListItem\",\"position\":3,\"name\":\"Studie \/ Ausbildung\",\"item\":\"https:\/\/frontaliers-grandest.eu\/de\/startseite\/jugendliche\/studie-ausbildung\/\"},{\"@type\":\"ListItem\",\"position\":4,\"name\":\"Grenz\u00fcberschreitende Erstausbildung\",\"item\":\"https:\/\/frontaliers-grandest.eu\/de\/startseite\/jugendliche\/studie-ausbildung\/grenzuberschreitende-erstausbildung\/\"},{\"@type\":\"ListItem\",\"position\":5,\"name\":\"Ein hochschulstudium in Luxemburg Absolvieren\",\"item\":\"https:\/\/frontaliers-grandest.eu\/de\/startseite\/jugendliche\/studie-ausbildung\/grenzuberschreitende-erstausbildung\/ein-hochschulstudium-in-luxemburg-absolvieren\/\"},{\"@type\":\"ListItem\",\"position\":6,\"name\":\"Sprachtests\"}]},{\"@type\":\"WebSite\",\"@id\":\"https:\/\/frontaliers-grandest.eu\/de\/#website\",\"url\":\"https:\/\/frontaliers-grandest.eu\/de\/\",\"name\":\"Frontaliers Grand Est\",\"description\":\"Le site ressource du travail frontalier\",\"publisher\":{\"@id\":\"https:\/\/frontaliers-grandest.eu\/de\/#organization\"},\"alternateName\":\"Frontaliers Grand Est\",\"potentialAction\":[{\"@type\":\"SearchAction\",\"target\":{\"@type\":\"EntryPoint\",\"urlTemplate\":\"https:\/\/frontaliers-grandest.eu\/de\/?s={search_term_string}\"},\"query-input\":{\"@type\":\"PropertyValueSpecification\",\"valueRequired\":true,\"valueName\":\"search_term_string\"}}],\"inLanguage\":\"de\"},{\"@type\":\"Organization\",\"@id\":\"https:\/\/frontaliers-grandest.eu\/de\/#organization\",\"name\":\"Frontaliers Grand Est\",\"alternateName\":\"Frontaliers Grand Est\",\"url\":\"https:\/\/frontaliers-grandest.eu\/de\/\",\"logo\":{\"@type\":\"ImageObject\",\"inLanguage\":\"de\",\"@id\":\"https:\/\/frontaliers-grandest.eu\/de\/#\/schema\/logo\/image\/\",\"url\":\"https:\/\/frontaliers-grandest.eu\/wp-content\/uploads\/2025\/07\/260328234_2966785176920310_3332838526503858160_n.jpg\",\"contentUrl\":\"https:\/\/frontaliers-grandest.eu\/wp-content\/uploads\/2025\/07\/260328234_2966785176920310_3332838526503858160_n.jpg\",\"width\":396,\"height\":396,\"caption\":\"Frontaliers Grand Est\"},\"image\":{\"@id\":\"https:\/\/frontaliers-grandest.eu\/de\/#\/schema\/logo\/image\/\"},\"sameAs\":[\"https:\/\/www.facebook.com\/frontaliers.GR.EST\/?locale=fr_FR\"]}]}<\/script>\n<!-- \/ Yoast SEO plugin. -->","yoast_head_json":{"title":"Studieng\u00e4nge in Luxemburg: sprachtests und anforderungen","description":"Der Unterricht in Luxemburg ist mehrsprachig, Bachelor-Studieng\u00e4nge sind in zwei Sprachen, meist Franz\u00f6sisch und Englisch oder Deutsch","robots":{"index":"index","follow":"follow","max-snippet":"max-snippet:-1","max-image-preview":"max-image-preview:large","max-video-preview":"max-video-preview:-1"},"canonical":"https:\/\/frontaliers-grandest.eu\/de\/startseite\/jugendliche\/studie-ausbildung\/grenzuberschreitende-erstausbildung\/ein-hochschulstudium-in-luxemburg-absolvieren\/sprachtests\/","og_locale":"de_DE","og_type":"article","og_title":"Studieng\u00e4nge in Luxemburg: sprachtests und anforderungen","og_description":"Der Unterricht in Luxemburg ist mehrsprachig, Bachelor-Studieng\u00e4nge sind in zwei Sprachen, meist Franz\u00f6sisch und Englisch oder Deutsch","og_url":"https:\/\/frontaliers-grandest.eu\/de\/startseite\/jugendliche\/studie-ausbildung\/grenzuberschreitende-erstausbildung\/ein-hochschulstudium-in-luxemburg-absolvieren\/sprachtests\/","og_site_name":"Frontaliers Grand Est","article_publisher":"https:\/\/www.facebook.com\/frontaliers.GR.EST\/?locale=fr_FR","article_modified_time":"2024-07-09T15:14:31+00:00","twitter_card":"summary_large_image","twitter_misc":{"Gesch\u00e4tzte Lesezeit":"1\u00a0Minute"},"schema":{"@context":"https:\/\/schema.org","@graph":[{"@type":"WebPage","@id":"https:\/\/frontaliers-grandest.eu\/de\/startseite\/jugendliche\/studie-ausbildung\/grenzuberschreitende-erstausbildung\/ein-hochschulstudium-in-luxemburg-absolvieren\/sprachtests\/","url":"https:\/\/frontaliers-grandest.eu\/de\/startseite\/jugendliche\/studie-ausbildung\/grenzuberschreitende-erstausbildung\/ein-hochschulstudium-in-luxemburg-absolvieren\/sprachtests\/","name":"Studieng\u00e4nge in Luxemburg: sprachtests und anforderungen","isPartOf":{"@id":"https:\/\/frontaliers-grandest.eu\/de\/#website"},"datePublished":"2021-05-18T13:14:35+00:00","dateModified":"2024-07-09T15:14:31+00:00","description":"Der Unterricht in Luxemburg ist mehrsprachig, Bachelor-Studieng\u00e4nge sind in zwei Sprachen, meist Franz\u00f6sisch und Englisch oder Deutsch","breadcrumb":{"@id":"https:\/\/frontaliers-grandest.eu\/de\/startseite\/jugendliche\/studie-ausbildung\/grenzuberschreitende-erstausbildung\/ein-hochschulstudium-in-luxemburg-absolvieren\/sprachtests\/#breadcrumb"},"inLanguage":"de","potentialAction":[{"@type":"ReadAction","target":["https:\/\/frontaliers-grandest.eu\/de\/startseite\/jugendliche\/studie-ausbildung\/grenzuberschreitende-erstausbildung\/ein-hochschulstudium-in-luxemburg-absolvieren\/sprachtests\/"]}]},{"@type":"BreadcrumbList","@id":"https:\/\/frontaliers-grandest.eu\/de\/startseite\/jugendliche\/studie-ausbildung\/grenzuberschreitende-erstausbildung\/ein-hochschulstudium-in-luxemburg-absolvieren\/sprachtests\/#breadcrumb","itemListElement":[{"@type":"ListItem","position":1,"name":"Startseite","item":"https:\/\/frontaliers-grandest.eu\/de\/"},{"@type":"ListItem","position":2,"name":"Jugendliche","item":"https:\/\/frontaliers-grandest.eu\/de\/startseite\/jugendliche\/"},{"@type":"ListItem","position":3,"name":"Studie \/ Ausbildung","item":"https:\/\/frontaliers-grandest.eu\/de\/startseite\/jugendliche\/studie-ausbildung\/"},{"@type":"ListItem","position":4,"name":"Grenz\u00fcberschreitende Erstausbildung","item":"https:\/\/frontaliers-grandest.eu\/de\/startseite\/jugendliche\/studie-ausbildung\/grenzuberschreitende-erstausbildung\/"},{"@type":"ListItem","position":5,"name":"Ein hochschulstudium in Luxemburg Absolvieren","item":"https:\/\/frontaliers-grandest.eu\/de\/startseite\/jugendliche\/studie-ausbildung\/grenzuberschreitende-erstausbildung\/ein-hochschulstudium-in-luxemburg-absolvieren\/"},{"@type":"ListItem","position":6,"name":"Sprachtests"}]},{"@type":"WebSite","@id":"https:\/\/frontaliers-grandest.eu\/de\/#website","url":"https:\/\/frontaliers-grandest.eu\/de\/","name":"Frontaliers Grand Est","description":"Le site ressource du travail frontalier","publisher":{"@id":"https:\/\/frontaliers-grandest.eu\/de\/#organization"},"alternateName":"Frontaliers Grand Est","potentialAction":[{"@type":"SearchAction","target":{"@type":"EntryPoint","urlTemplate":"https:\/\/frontaliers-grandest.eu\/de\/?s={search_term_string}"},"query-input":{"@type":"PropertyValueSpecification","valueRequired":true,"valueName":"search_term_string"}}],"inLanguage":"de"},{"@type":"Organization","@id":"https:\/\/frontaliers-grandest.eu\/de\/#organization","name":"Frontaliers Grand Est","alternateName":"Frontaliers Grand Est","url":"https:\/\/frontaliers-grandest.eu\/de\/","logo":{"@type":"ImageObject","inLanguage":"de","@id":"https:\/\/frontaliers-grandest.eu\/de\/#\/schema\/logo\/image\/","url":"https:\/\/frontaliers-grandest.eu\/wp-content\/uploads\/2025\/07\/260328234_2966785176920310_3332838526503858160_n.jpg","contentUrl":"https:\/\/frontaliers-grandest.eu\/wp-content\/uploads\/2025\/07\/260328234_2966785176920310_3332838526503858160_n.jpg","width":396,"height":396,"caption":"Frontaliers Grand Est"},"image":{"@id":"https:\/\/frontaliers-grandest.eu\/de\/#\/schema\/logo\/image\/"},"sameAs":["https:\/\/www.facebook.com\/frontaliers.GR.EST\/?locale=fr_FR"]}]}},"frge_page_order":0,"_links":{"self":[{"href":"https:\/\/frontaliers-grandest.eu\/de\/wp-json\/wp\/v2\/pages\/7550","targetHints":{"allow":["GET"]}}],"collection":[{"href":"https:\/\/frontaliers-grandest.eu\/de\/wp-json\/wp\/v2\/pages"}],"about":[{"href":"https:\/\/frontaliers-grandest.eu\/de\/wp-json\/wp\/v2\/types\/page"}],"author":[{"embeddable":true,"href":"https:\/\/frontaliers-grandest.eu\/de\/wp-json\/wp\/v2\/users\/7"}],"replies":[{"embeddable":true,"href":"https:\/\/frontaliers-grandest.eu\/de\/wp-json\/wp\/v2\/comments?post=7550"}],"version-history":[{"count":1,"href":"https:\/\/frontaliers-grandest.eu\/de\/wp-json\/wp\/v2\/pages\/7550\/revisions"}],"predecessor-version":[{"id":7551,"href":"https:\/\/frontaliers-grandest.eu\/de\/wp-json\/wp\/v2\/pages\/7550\/revisions\/7551"}],"up":[{"embeddable":true,"href":"https:\/\/frontaliers-grandest.eu\/de\/wp-json\/wp\/v2\/pages\/7543"}],"wp:attachment":[{"href":"https:\/\/frontaliers-grandest.eu\/de\/wp-json\/wp\/v2\/media?parent=7550"}],"wp:term":[{"taxonomy":"post_tag","embeddable":true,"href":"https:\/\/frontaliers-grandest.eu\/de\/wp-json\/wp\/v2\/tags?post=7550"},{"taxonomy":"frge_profile","embeddable":true,"href":"https:\/\/frontaliers-grandest.eu\/de\/wp-json\/wp\/v2\/frge_profile?post=7550"}],"curies":[{"name":"wp","href":"https:\/\/api.w.org\/{rel}","templated":true}]}}