{"id":7547,"date":"2021-05-18T15:11:51","date_gmt":"2021-05-18T13:11:51","guid":{"rendered":"https:\/\/frontaliers-grandest.eu\/?page_id=7547"},"modified":"2024-03-13T11:48:38","modified_gmt":"2024-03-13T10:48:38","slug":"die-einschreibung","status":"publish","type":"page","link":"https:\/\/frontaliers-grandest.eu\/de\/startseite\/jugendliche\/studie-ausbildung\/grenzuberschreitende-erstausbildung\/ein-hochschulstudium-in-luxemburg-absolvieren\/die-einschreibung\/","title":{"rendered":"Die einschreibung"},"content":{"rendered":"\n<h3 class=\"wp-block-heading\">Eine Ausbildung finden<\/h3>\n\n\n\n<p>Schauen Sie sich die Liste der Studieng\u00e4nge auf der Website der Universit\u00e4t Luxemburg an: <a href=\"http:\/\/www.uni.lu\" target=\"_blank\" rel=\"noreferrer noopener\">www.uni.lu<\/a>\u00a0<\/p>\n\n\n\n<p>Konsultieren Sie die Liste der verschiedenen Gymnasien auf der Verwaltungswebsite der Regierung des Gro\u00dfherzogtums Luxemburg:\u00a0<a href=\"http:\/\/www.guichet.public.lu\" target=\"_blank\" rel=\"noreferrer noopener\">www.guichet.public.lu<\/a> \u00a0<\/p>\n\n\n\n<h3 class=\"wp-block-heading\">Eine Bewerbung einreichen<\/h3>\n\n\n\n<h4 class=\"wp-block-heading\">Einschreibung im ersten Abschnitt an der Universit\u00e4t Luxemburg<\/h4>\n\n\n\n<h5 class=\"wp-block-heading\"><strong>Bewerber aus der Europ\u00e4ischen Union<\/strong><\/h5>\n\n\n\n<p>Studierende aus einem Mitgliedsstaat der Europ\u00e4ischen Union, die einen Abschluss in einem EU-Land erworben haben, k\u00f6nnen sich an der Universit\u00e4t einschreiben.<\/p>\n\n\n\n<p>Die Einschreibung erfolgt online f\u00fcr das n\u00e4chste Semester \u00fcber die Website der Universit\u00e4t (zwischen Januar und April f\u00fcr das Wintersemester). Es m\u00fcssen bestimmte Dokumente zur Zusammenstellung der Bewerbungsunterlagen eingereicht werden. Diese sind an die <strong>Studierenden-Dienststelle (SEVE)<\/strong> zu schicken.<\/p>\n\n\n\n<figure class=\"wp-block-pullquote\"><blockquote><p><strong>Service des \u00c9tudes et de la Vie \u00c9tudiante<\/strong><\/p><p>Campus Limperstberg<br>162a, avenue de la Fa\u00efencerie<br>L &#8211; 1511 Luxemburg<br><a href=\"mailto:seve.infos@uni.lu\" target=\"_blank\" rel=\"noreferrer noopener\">seve.infos@uni.lu\u00a0<\/a><\/p><\/blockquote><\/figure>\n\n\n\n<p>Diese Stelle ist mit der administrativen Bearbeitung der Immatrikulationsunterlagen betraut (aktueller Stand, diverse Verfahren, \u00c4nderung, Zahlung, Ansprechpartnern\u2026). Jeder Bewerber erh\u00e4lt vier bis sechs Wochen nach der Einreichung ein Schreiben, worin er \u00fcber den Fortgang seiner Bewerbung informiert wird.<\/p>\n\n\n\n<p><strong>In den meisten Studieng\u00e4ngen erfolgt die Zulassung nach Aktenlage, wobei die Anzahl der Pl\u00e4tze begrenzt ist.<\/strong> Wenn nach Ende der Immatrikulationsfrist die Anzahl der Bewerbungen einen festgelegten Grenzwert \u00fcbersteigt (in der Regel 180), trifft eine Jury der Universit\u00e4t eine Auswahl. Dabei st\u00fctzt sie sich auf ein Beurteilungssystem auf Grundlage der Sprachkenntnisse, der Motivation der Bewerber und dem vorherigen Notenniveau. Konsultieren Sie die Website der Universit\u00e4t f\u00fcr die Auswahlverfahren nach F\u00e4chern.<\/p>\n\n\n\n<h5 class=\"wp-block-heading\"><strong>Bewerber aus Nicht-EU-L\u00e4ndern<\/strong><\/h5>\n\n\n\n<p>F\u00fcr die Bewerbung an der Universit\u00e4t Luxemburg unterliegen Bewerber, die nicht aus der Europ\u00e4ischen Union stammen, besonderen Bestimmungen. Die den Unterlagen beizuf\u00fcgenden Kopien des Abschlusses und der Notenaufstellung m\u00fcssen unbedingt <strong>apostilliert*<\/strong>&nbsp;oder doppelt beglaubigt werden (originale Stempel und Unterschriften \u2013 keine Kopien). Mit diesen ist es den Bewerbern m\u00f6glich, sich einer <strong>von der Universit\u00e4t organisierten Aufnahmepr\u00fcfung<\/strong> zu unterziehen.<\/p>\n\n\n\n<ul class=\"wp-block-list\"><li>Bewerber mit Wohnsitz in Mexiko \/ Vereinigten Staaten \/ Kanada.<br><br>Diese Formalit\u00e4ten sind nicht erforderlich, hingegen muss die Bildungseinrichtung des Ursprungslandes der Universit\u00e4t eine Kopie des Abschlusses des Bewerbers und der Notenaufstellung in einem versiegelten Umschlag \u00fcbersenden.<\/li><\/ul>\n\n\n\n<ul class=\"wp-block-list\"><li>Bewerber aus bestimmten afrikanischen L\u00e4ndern (Kamerun, Nigeria, Elfenbeink\u00fcste, Ghana, Senegal).<br><br>Neben der Apostille oder der doppelten Beglaubigung des Zeugnisses und der Notenaufstellung muss die Bildungseinrichtung (Gymnasium\/Hochschule), an der der Bewerber seinen Erstabschluss erlangt hat, der Universit\u00e4t eine Kopie dieses Zeugnisses sowie der Notenaufstellung in einem versiegelten Umschlag \u00fcbersenden.<\/li><\/ul>\n\n\n\n<p>Diese Dokumente sind f\u00fcr die Teilnahme der Aufnahmepr\u00fcfung unbedingt erforderlich, wobei diese umfasst :<\/p>\n\n\n\n<ul class=\"wp-block-list\"><li>eine Pr\u00fcfung in den Verkehrssprachen der gew\u00e4hlten Ausbildung,<\/li><li>einen Aufsatz zu einem allgemeinen kulturellen Thema in einer der Verkehrssprachen der gew\u00e4hlten Ausbildung,<\/li><li>einen Mathematiktest (luxemburgisches Gymnasialniveau).<\/li><\/ul>\n\n\n\n<h4 class=\"wp-block-heading\">Einschreibung im zweiten Abschnitt an der Universit\u00e4t Luxemburg<\/h4>\n\n\n\n<p>Bewerber mit einem Bachelor (nach dreij\u00e4hrigem Studium, 180 ECTS-Punkte) k\u00f6nnen sich in einem Masterstudiengang einschreiben. <strong>Die Auswahl erfolgt nach Aktenlage<\/strong>. Die Bewerbungen m\u00fcssen ein Motivationsschreiben, einen Lebenslauf, Kopien vorheriger Abschl\u00fcsse sowie der Aufstellung der erzielten Noten. einen Nachweis \u00fcber Sprachkenntnisse sowie Empfehlungsschreiben von Referenzpersonen beinhalten.<\/p>\n\n\n\n<p>F\u00fcr Bewerber aus Nicht-EU-L\u00e4ndern erfolgt die Auswahl auf Grundlage der Unterlagen f\u00fcr die Einschreibung.<\/p>\n\n\n\n<p>Konsultieren Sie die Website der Universit\u00e4t Luxemburg f\u00fcr weitere Informationen.<\/p>\n\n\n\n<h4 class=\"wp-block-heading\">Anmeldung an einem technischen Gymnasium<\/h4>\n\n\n\n<p>Die Zulassung erfolgt nach Aktenlage. Die Bildungseinrichtung kann einen Vorbereitungskurs oder eine Aufnahmepr\u00fcfung vorschreiben. Setzen Sie sich direkt mit den Einrichtungen in Verbindung.<\/p>\n\n\n\n<p>Im&nbsp; Technischen Gymnasium f\u00fcr Gesundheitsberufe ist die Anzahl der Pl\u00e4tze pro Fachbereich begrenzt (ca. 15 Pl\u00e4tze). Wenn die Anzahl der Bewerbungen die Zahl verf\u00fcgbarer Pl\u00e4tze \u00fcbersteigt, nimmt das technische Gymnasium eine Auswahl vor (Einstufung der Bewerbungsantr\u00e4ge durch eine Aufnahmekommission).<\/p>\n\n\n\n<h3 class=\"wp-block-heading\">Die Einschreibegeb\u00fchren<\/h3>\n\n\n\n<p>An der Universit\u00e4t Luxemburg belaufen sich die Einschreibegeb\u00fchren pro Semester auf 400 \u20ac f\u00fcr das 1. und 2. Semester (von Ausnahmen abgesehen), auf 200 \u20ac pro Semester f\u00fcr das 3. bis 6. Semester. F\u00fcr das Technische Gymnasium f\u00fcr Gesundheitsberufe betragen sie 100 \u20ac pro Semester.<\/p>\n\n\n\n<p>*&nbsp;Die Apostille ist ein spezielles Siegel, das von einer Beh\u00f6rde (der Botschaft) aufgebracht wird, um die Echtzeit des offiziellen Dokuments zu best\u00e4tigen.<\/p>\n","protected":false},"excerpt":{"rendered":"<p>Eine Ausbildung finden Schauen Sie sich die Liste der Studieng\u00e4nge auf der Website der Universit\u00e4t Luxemburg an: www.uni.lu\u00a0 Konsultieren Sie die Liste der verschiedenen Gymnasien auf der Verwaltungswebsite der Regierung des Gro\u00dfherzogtums Luxemburg:\u00a0www.guichet.public.lu \u00a0 Eine Bewerbung einreichen Einschreibung im ersten Abschnitt an der Universit\u00e4t Luxemburg Bewerber aus der Europ\u00e4ischen Union Studierende aus einem Mitgliedsstaat der [&hellip;]<\/p>\n","protected":false},"author":7,"featured_media":0,"parent":7543,"menu_order":1,"comment_status":"closed","ping_status":"closed","template":"","meta":{"inline_featured_image":false,"footnotes":""},"tags":[],"frge_profile":[],"class_list":["post-7547","page","type-page","status-publish","hentry"],"yoast_head":"<!-- This site is optimized with the Yoast SEO plugin v27.1.1 - https:\/\/yoast.com\/product\/yoast-seo-wordpress\/ -->\n<title>Die einschreibung - Frontaliers Grand Est<\/title>\n<meta name=\"robots\" content=\"index, follow, max-snippet:-1, max-image-preview:large, max-video-preview:-1\" \/>\n<link rel=\"canonical\" href=\"https:\/\/frontaliers-grandest.eu\/de\/startseite\/jugendliche\/studie-ausbildung\/grenzuberschreitende-erstausbildung\/ein-hochschulstudium-in-luxemburg-absolvieren\/die-einschreibung\/\" \/>\n<meta property=\"og:locale\" content=\"de_DE\" \/>\n<meta property=\"og:type\" content=\"article\" \/>\n<meta property=\"og:title\" content=\"Die einschreibung - Frontaliers Grand Est\" \/>\n<meta property=\"og:description\" content=\"Eine Ausbildung finden Schauen Sie sich die Liste der Studieng\u00e4nge auf der Website der Universit\u00e4t Luxemburg an: www.uni.lu\u00a0 Konsultieren Sie die Liste der verschiedenen Gymnasien auf der Verwaltungswebsite der Regierung des Gro\u00dfherzogtums Luxemburg:\u00a0www.guichet.public.lu \u00a0 Eine Bewerbung einreichen Einschreibung im ersten Abschnitt an der Universit\u00e4t Luxemburg Bewerber aus der Europ\u00e4ischen Union Studierende aus einem Mitgliedsstaat der [&hellip;]\" \/>\n<meta property=\"og:url\" content=\"https:\/\/frontaliers-grandest.eu\/de\/startseite\/jugendliche\/studie-ausbildung\/grenzuberschreitende-erstausbildung\/ein-hochschulstudium-in-luxemburg-absolvieren\/die-einschreibung\/\" \/>\n<meta property=\"og:site_name\" content=\"Frontaliers Grand Est\" \/>\n<meta property=\"article:publisher\" content=\"https:\/\/www.facebook.com\/frontaliers.GR.EST\/?locale=fr_FR\" \/>\n<meta property=\"article:modified_time\" content=\"2024-03-13T10:48:38+00:00\" \/>\n<meta name=\"twitter:card\" content=\"summary_large_image\" \/>\n<meta name=\"twitter:label1\" content=\"Gesch\u00e4tzte Lesezeit\" \/>\n\t<meta name=\"twitter:data1\" content=\"4\u00a0Minuten\" \/>\n<script type=\"application\/ld+json\" class=\"yoast-schema-graph\">{\"@context\":\"https:\/\/schema.org\",\"@graph\":[{\"@type\":\"WebPage\",\"@id\":\"https:\/\/frontaliers-grandest.eu\/de\/startseite\/jugendliche\/studie-ausbildung\/grenzuberschreitende-erstausbildung\/ein-hochschulstudium-in-luxemburg-absolvieren\/die-einschreibung\/\",\"url\":\"https:\/\/frontaliers-grandest.eu\/de\/startseite\/jugendliche\/studie-ausbildung\/grenzuberschreitende-erstausbildung\/ein-hochschulstudium-in-luxemburg-absolvieren\/die-einschreibung\/\",\"name\":\"Die einschreibung - Frontaliers Grand Est\",\"isPartOf\":{\"@id\":\"https:\/\/frontaliers-grandest.eu\/de\/#website\"},\"datePublished\":\"2021-05-18T13:11:51+00:00\",\"dateModified\":\"2024-03-13T10:48:38+00:00\",\"breadcrumb\":{\"@id\":\"https:\/\/frontaliers-grandest.eu\/de\/startseite\/jugendliche\/studie-ausbildung\/grenzuberschreitende-erstausbildung\/ein-hochschulstudium-in-luxemburg-absolvieren\/die-einschreibung\/#breadcrumb\"},\"inLanguage\":\"de\",\"potentialAction\":[{\"@type\":\"ReadAction\",\"target\":[\"https:\/\/frontaliers-grandest.eu\/de\/startseite\/jugendliche\/studie-ausbildung\/grenzuberschreitende-erstausbildung\/ein-hochschulstudium-in-luxemburg-absolvieren\/die-einschreibung\/\"]}]},{\"@type\":\"BreadcrumbList\",\"@id\":\"https:\/\/frontaliers-grandest.eu\/de\/startseite\/jugendliche\/studie-ausbildung\/grenzuberschreitende-erstausbildung\/ein-hochschulstudium-in-luxemburg-absolvieren\/die-einschreibung\/#breadcrumb\",\"itemListElement\":[{\"@type\":\"ListItem\",\"position\":1,\"name\":\"Startseite\",\"item\":\"https:\/\/frontaliers-grandest.eu\/de\/\"},{\"@type\":\"ListItem\",\"position\":2,\"name\":\"Jugendliche\",\"item\":\"https:\/\/frontaliers-grandest.eu\/de\/startseite\/jugendliche\/\"},{\"@type\":\"ListItem\",\"position\":3,\"name\":\"Studie \/ Ausbildung\",\"item\":\"https:\/\/frontaliers-grandest.eu\/de\/startseite\/jugendliche\/studie-ausbildung\/\"},{\"@type\":\"ListItem\",\"position\":4,\"name\":\"Grenz\u00fcberschreitende Erstausbildung\",\"item\":\"https:\/\/frontaliers-grandest.eu\/de\/startseite\/jugendliche\/studie-ausbildung\/grenzuberschreitende-erstausbildung\/\"},{\"@type\":\"ListItem\",\"position\":5,\"name\":\"Ein hochschulstudium in Luxemburg Absolvieren\",\"item\":\"https:\/\/frontaliers-grandest.eu\/de\/startseite\/jugendliche\/studie-ausbildung\/grenzuberschreitende-erstausbildung\/ein-hochschulstudium-in-luxemburg-absolvieren\/\"},{\"@type\":\"ListItem\",\"position\":6,\"name\":\"Die einschreibung\"}]},{\"@type\":\"WebSite\",\"@id\":\"https:\/\/frontaliers-grandest.eu\/de\/#website\",\"url\":\"https:\/\/frontaliers-grandest.eu\/de\/\",\"name\":\"Frontaliers Grand Est\",\"description\":\"Le site ressource du travail frontalier\",\"publisher\":{\"@id\":\"https:\/\/frontaliers-grandest.eu\/de\/#organization\"},\"alternateName\":\"Frontaliers Grand Est\",\"potentialAction\":[{\"@type\":\"SearchAction\",\"target\":{\"@type\":\"EntryPoint\",\"urlTemplate\":\"https:\/\/frontaliers-grandest.eu\/de\/?s={search_term_string}\"},\"query-input\":{\"@type\":\"PropertyValueSpecification\",\"valueRequired\":true,\"valueName\":\"search_term_string\"}}],\"inLanguage\":\"de\"},{\"@type\":\"Organization\",\"@id\":\"https:\/\/frontaliers-grandest.eu\/de\/#organization\",\"name\":\"Frontaliers Grand Est\",\"alternateName\":\"Frontaliers Grand Est\",\"url\":\"https:\/\/frontaliers-grandest.eu\/de\/\",\"logo\":{\"@type\":\"ImageObject\",\"inLanguage\":\"de\",\"@id\":\"https:\/\/frontaliers-grandest.eu\/de\/#\/schema\/logo\/image\/\",\"url\":\"https:\/\/frontaliers-grandest.eu\/wp-content\/uploads\/2025\/07\/260328234_2966785176920310_3332838526503858160_n.jpg\",\"contentUrl\":\"https:\/\/frontaliers-grandest.eu\/wp-content\/uploads\/2025\/07\/260328234_2966785176920310_3332838526503858160_n.jpg\",\"width\":396,\"height\":396,\"caption\":\"Frontaliers Grand Est\"},\"image\":{\"@id\":\"https:\/\/frontaliers-grandest.eu\/de\/#\/schema\/logo\/image\/\"},\"sameAs\":[\"https:\/\/www.facebook.com\/frontaliers.GR.EST\/?locale=fr_FR\"]}]}<\/script>\n<!-- \/ Yoast SEO plugin. -->","yoast_head_json":{"title":"Die einschreibung - Frontaliers Grand Est","robots":{"index":"index","follow":"follow","max-snippet":"max-snippet:-1","max-image-preview":"max-image-preview:large","max-video-preview":"max-video-preview:-1"},"canonical":"https:\/\/frontaliers-grandest.eu\/de\/startseite\/jugendliche\/studie-ausbildung\/grenzuberschreitende-erstausbildung\/ein-hochschulstudium-in-luxemburg-absolvieren\/die-einschreibung\/","og_locale":"de_DE","og_type":"article","og_title":"Die einschreibung - Frontaliers Grand Est","og_description":"Eine Ausbildung finden Schauen Sie sich die Liste der Studieng\u00e4nge auf der Website der Universit\u00e4t Luxemburg an: www.uni.lu\u00a0 Konsultieren Sie die Liste der verschiedenen Gymnasien auf der Verwaltungswebsite der Regierung des Gro\u00dfherzogtums Luxemburg:\u00a0www.guichet.public.lu \u00a0 Eine Bewerbung einreichen Einschreibung im ersten Abschnitt an der Universit\u00e4t Luxemburg Bewerber aus der Europ\u00e4ischen Union Studierende aus einem Mitgliedsstaat der [&hellip;]","og_url":"https:\/\/frontaliers-grandest.eu\/de\/startseite\/jugendliche\/studie-ausbildung\/grenzuberschreitende-erstausbildung\/ein-hochschulstudium-in-luxemburg-absolvieren\/die-einschreibung\/","og_site_name":"Frontaliers Grand Est","article_publisher":"https:\/\/www.facebook.com\/frontaliers.GR.EST\/?locale=fr_FR","article_modified_time":"2024-03-13T10:48:38+00:00","twitter_card":"summary_large_image","twitter_misc":{"Gesch\u00e4tzte Lesezeit":"4\u00a0Minuten"},"schema":{"@context":"https:\/\/schema.org","@graph":[{"@type":"WebPage","@id":"https:\/\/frontaliers-grandest.eu\/de\/startseite\/jugendliche\/studie-ausbildung\/grenzuberschreitende-erstausbildung\/ein-hochschulstudium-in-luxemburg-absolvieren\/die-einschreibung\/","url":"https:\/\/frontaliers-grandest.eu\/de\/startseite\/jugendliche\/studie-ausbildung\/grenzuberschreitende-erstausbildung\/ein-hochschulstudium-in-luxemburg-absolvieren\/die-einschreibung\/","name":"Die einschreibung - Frontaliers Grand Est","isPartOf":{"@id":"https:\/\/frontaliers-grandest.eu\/de\/#website"},"datePublished":"2021-05-18T13:11:51+00:00","dateModified":"2024-03-13T10:48:38+00:00","breadcrumb":{"@id":"https:\/\/frontaliers-grandest.eu\/de\/startseite\/jugendliche\/studie-ausbildung\/grenzuberschreitende-erstausbildung\/ein-hochschulstudium-in-luxemburg-absolvieren\/die-einschreibung\/#breadcrumb"},"inLanguage":"de","potentialAction":[{"@type":"ReadAction","target":["https:\/\/frontaliers-grandest.eu\/de\/startseite\/jugendliche\/studie-ausbildung\/grenzuberschreitende-erstausbildung\/ein-hochschulstudium-in-luxemburg-absolvieren\/die-einschreibung\/"]}]},{"@type":"BreadcrumbList","@id":"https:\/\/frontaliers-grandest.eu\/de\/startseite\/jugendliche\/studie-ausbildung\/grenzuberschreitende-erstausbildung\/ein-hochschulstudium-in-luxemburg-absolvieren\/die-einschreibung\/#breadcrumb","itemListElement":[{"@type":"ListItem","position":1,"name":"Startseite","item":"https:\/\/frontaliers-grandest.eu\/de\/"},{"@type":"ListItem","position":2,"name":"Jugendliche","item":"https:\/\/frontaliers-grandest.eu\/de\/startseite\/jugendliche\/"},{"@type":"ListItem","position":3,"name":"Studie \/ Ausbildung","item":"https:\/\/frontaliers-grandest.eu\/de\/startseite\/jugendliche\/studie-ausbildung\/"},{"@type":"ListItem","position":4,"name":"Grenz\u00fcberschreitende Erstausbildung","item":"https:\/\/frontaliers-grandest.eu\/de\/startseite\/jugendliche\/studie-ausbildung\/grenzuberschreitende-erstausbildung\/"},{"@type":"ListItem","position":5,"name":"Ein hochschulstudium in Luxemburg Absolvieren","item":"https:\/\/frontaliers-grandest.eu\/de\/startseite\/jugendliche\/studie-ausbildung\/grenzuberschreitende-erstausbildung\/ein-hochschulstudium-in-luxemburg-absolvieren\/"},{"@type":"ListItem","position":6,"name":"Die einschreibung"}]},{"@type":"WebSite","@id":"https:\/\/frontaliers-grandest.eu\/de\/#website","url":"https:\/\/frontaliers-grandest.eu\/de\/","name":"Frontaliers Grand Est","description":"Le site ressource du travail frontalier","publisher":{"@id":"https:\/\/frontaliers-grandest.eu\/de\/#organization"},"alternateName":"Frontaliers Grand Est","potentialAction":[{"@type":"SearchAction","target":{"@type":"EntryPoint","urlTemplate":"https:\/\/frontaliers-grandest.eu\/de\/?s={search_term_string}"},"query-input":{"@type":"PropertyValueSpecification","valueRequired":true,"valueName":"search_term_string"}}],"inLanguage":"de"},{"@type":"Organization","@id":"https:\/\/frontaliers-grandest.eu\/de\/#organization","name":"Frontaliers Grand Est","alternateName":"Frontaliers Grand Est","url":"https:\/\/frontaliers-grandest.eu\/de\/","logo":{"@type":"ImageObject","inLanguage":"de","@id":"https:\/\/frontaliers-grandest.eu\/de\/#\/schema\/logo\/image\/","url":"https:\/\/frontaliers-grandest.eu\/wp-content\/uploads\/2025\/07\/260328234_2966785176920310_3332838526503858160_n.jpg","contentUrl":"https:\/\/frontaliers-grandest.eu\/wp-content\/uploads\/2025\/07\/260328234_2966785176920310_3332838526503858160_n.jpg","width":396,"height":396,"caption":"Frontaliers Grand Est"},"image":{"@id":"https:\/\/frontaliers-grandest.eu\/de\/#\/schema\/logo\/image\/"},"sameAs":["https:\/\/www.facebook.com\/frontaliers.GR.EST\/?locale=fr_FR"]}]}},"frge_page_order":0,"_links":{"self":[{"href":"https:\/\/frontaliers-grandest.eu\/de\/wp-json\/wp\/v2\/pages\/7547","targetHints":{"allow":["GET"]}}],"collection":[{"href":"https:\/\/frontaliers-grandest.eu\/de\/wp-json\/wp\/v2\/pages"}],"about":[{"href":"https:\/\/frontaliers-grandest.eu\/de\/wp-json\/wp\/v2\/types\/page"}],"author":[{"embeddable":true,"href":"https:\/\/frontaliers-grandest.eu\/de\/wp-json\/wp\/v2\/users\/7"}],"replies":[{"embeddable":true,"href":"https:\/\/frontaliers-grandest.eu\/de\/wp-json\/wp\/v2\/comments?post=7547"}],"version-history":[{"count":2,"href":"https:\/\/frontaliers-grandest.eu\/de\/wp-json\/wp\/v2\/pages\/7547\/revisions"}],"predecessor-version":[{"id":34608,"href":"https:\/\/frontaliers-grandest.eu\/de\/wp-json\/wp\/v2\/pages\/7547\/revisions\/34608"}],"up":[{"embeddable":true,"href":"https:\/\/frontaliers-grandest.eu\/de\/wp-json\/wp\/v2\/pages\/7543"}],"wp:attachment":[{"href":"https:\/\/frontaliers-grandest.eu\/de\/wp-json\/wp\/v2\/media?parent=7547"}],"wp:term":[{"taxonomy":"post_tag","embeddable":true,"href":"https:\/\/frontaliers-grandest.eu\/de\/wp-json\/wp\/v2\/tags?post=7547"},{"taxonomy":"frge_profile","embeddable":true,"href":"https:\/\/frontaliers-grandest.eu\/de\/wp-json\/wp\/v2\/frge_profile?post=7547"}],"curies":[{"name":"wp","href":"https:\/\/api.w.org\/{rel}","templated":true}]}}