{"id":7539,"date":"2021-05-18T15:01:59","date_gmt":"2021-05-18T13:01:59","guid":{"rendered":"https:\/\/frontaliers-grandest.eu\/?page_id=7539"},"modified":"2024-06-27T10:14:03","modified_gmt":"2024-06-27T08:14:03","slug":"die-anerkennung-der-asbschlusse","status":"publish","type":"page","link":"https:\/\/frontaliers-grandest.eu\/de\/startseite\/jugendliche\/studie-ausbildung\/grenzuberschreitende-erstausbildung\/ein-hochschulstudium-in-frankreich-absolvieren\/die-anerkennung-der-asbschlusse\/","title":{"rendered":"Die Anerkennung der asbschl\u00fcsse"},"content":{"rendered":"\n<p>Es gibt keine offizielle Gleichwertigkeit zwischen ausl\u00e4ndischen und franz\u00f6sischen Abschl\u00fcssen.<\/p>\n\n\n\n<p>Das ENIC-NARIC Frankreich als Informationsstelle f\u00fcr die akademische und berufliche Anerkennung von Abschl\u00fcssen ist daf\u00fcr zust\u00e4ndig, ausl\u00e4ndische Abschl\u00fcsse verst\u00e4ndlich und vergleichbar zu machen. Es stellt Bescheinigungen \u00fcber das im ausl\u00e4ndischen Bildungssystem im Vergleich zum franz\u00f6sischen System erreichte Niveau, jedoch kein Anspr\u00fcche begr\u00fcndendes Dokument aus.<\/p>\n\n\n\n<p>Die Bescheinigung wird manchmal von Hochschulen verlangt.<\/p>\n\n\n\n<figure class=\"wp-block-pullquote\"><blockquote><p><strong>ENIC-NARIC France<br>CIEP<br>D\u00e9partement reconnaissance des dipl\u00f4mes<\/strong><br>1, avenue L\u00e9on Journault<br>F &#8211; 92318 S\u00e8vres Cedex<br>Tel.: +33 1 70 19 30 31<br>E-Mail: <a href=\"mailto:enic-naric@ciep.fr\" target=\"_blank\" rel=\"noreferrer noopener\">enic-naric@ciep.fr<\/a><br><a href=\"http:\/\/www.ciep.fr\/enic-naricfr\" target=\"_blank\" rel=\"noreferrer noopener\">www.ciep.fr\/enic-naricfr<\/a><\/p><\/blockquote><\/figure>\n\n\n\n<p>F\u00fcr weitere Informationen konsultieren Sie die Brosch\u00fcre \u201eAnerkennung der Diplome in der Gro\u00dfregion\u201c des CRD EURES Lorraine, welche auch unter der Rubrik \u201ePublikationen\u201c auf dessen Website <a href=\"https:\/\/frontaliers-grandest.eu\/\">https:\/\/frontaliers-grandest.eu<\/a> heruntergeladen werden kann.<\/p>\n","protected":false},"excerpt":{"rendered":"<p>Es gibt keine offizielle Gleichwertigkeit zwischen ausl\u00e4ndischen und franz\u00f6sischen Abschl\u00fcssen. Das ENIC-NARIC Frankreich als Informationsstelle f\u00fcr die akademische und berufliche Anerkennung von Abschl\u00fcssen ist daf\u00fcr zust\u00e4ndig, ausl\u00e4ndische Abschl\u00fcsse verst\u00e4ndlich und vergleichbar zu machen. Es stellt Bescheinigungen \u00fcber das im ausl\u00e4ndischen Bildungssystem im Vergleich zum franz\u00f6sischen System erreichte Niveau, jedoch kein Anspr\u00fcche begr\u00fcndendes Dokument aus. Die [&hellip;]<\/p>\n","protected":false},"author":7,"featured_media":0,"parent":7530,"menu_order":3,"comment_status":"closed","ping_status":"closed","template":"","meta":{"inline_featured_image":false,"footnotes":""},"tags":[],"frge_profile":[],"class_list":["post-7539","page","type-page","status-publish","hentry"],"yoast_head":"<!-- This site is optimized with the Yoast SEO plugin v27.1.1 - https:\/\/yoast.com\/product\/yoast-seo-wordpress\/ -->\n<title>Die Anerkennung der asbschl\u00fcsse - Frontaliers Grand Est<\/title>\n<meta name=\"robots\" content=\"index, follow, max-snippet:-1, max-image-preview:large, max-video-preview:-1\" \/>\n<link rel=\"canonical\" href=\"https:\/\/frontaliers-grandest.eu\/de\/startseite\/jugendliche\/studie-ausbildung\/grenzuberschreitende-erstausbildung\/ein-hochschulstudium-in-frankreich-absolvieren\/die-anerkennung-der-asbschlusse\/\" \/>\n<meta property=\"og:locale\" content=\"de_DE\" \/>\n<meta property=\"og:type\" content=\"article\" \/>\n<meta property=\"og:title\" content=\"Die Anerkennung der asbschl\u00fcsse - Frontaliers Grand Est\" \/>\n<meta property=\"og:description\" content=\"Es gibt keine offizielle Gleichwertigkeit zwischen ausl\u00e4ndischen und franz\u00f6sischen Abschl\u00fcssen. Das ENIC-NARIC Frankreich als Informationsstelle f\u00fcr die akademische und berufliche Anerkennung von Abschl\u00fcssen ist daf\u00fcr zust\u00e4ndig, ausl\u00e4ndische Abschl\u00fcsse verst\u00e4ndlich und vergleichbar zu machen. Es stellt Bescheinigungen \u00fcber das im ausl\u00e4ndischen Bildungssystem im Vergleich zum franz\u00f6sischen System erreichte Niveau, jedoch kein Anspr\u00fcche begr\u00fcndendes Dokument aus. Die [&hellip;]\" \/>\n<meta property=\"og:url\" content=\"https:\/\/frontaliers-grandest.eu\/de\/startseite\/jugendliche\/studie-ausbildung\/grenzuberschreitende-erstausbildung\/ein-hochschulstudium-in-frankreich-absolvieren\/die-anerkennung-der-asbschlusse\/\" \/>\n<meta property=\"og:site_name\" content=\"Frontaliers Grand Est\" \/>\n<meta property=\"article:publisher\" content=\"https:\/\/www.facebook.com\/frontaliers.GR.EST\/?locale=fr_FR\" \/>\n<meta property=\"article:modified_time\" content=\"2024-06-27T08:14:03+00:00\" \/>\n<meta name=\"twitter:card\" content=\"summary_large_image\" \/>\n<meta name=\"twitter:label1\" content=\"Gesch\u00e4tzte Lesezeit\" \/>\n\t<meta name=\"twitter:data1\" content=\"1\u00a0Minute\" \/>\n<script type=\"application\/ld+json\" class=\"yoast-schema-graph\">{\"@context\":\"https:\/\/schema.org\",\"@graph\":[{\"@type\":\"WebPage\",\"@id\":\"https:\/\/frontaliers-grandest.eu\/de\/startseite\/jugendliche\/studie-ausbildung\/grenzuberschreitende-erstausbildung\/ein-hochschulstudium-in-frankreich-absolvieren\/die-anerkennung-der-asbschlusse\/\",\"url\":\"https:\/\/frontaliers-grandest.eu\/de\/startseite\/jugendliche\/studie-ausbildung\/grenzuberschreitende-erstausbildung\/ein-hochschulstudium-in-frankreich-absolvieren\/die-anerkennung-der-asbschlusse\/\",\"name\":\"Die Anerkennung der asbschl\u00fcsse - Frontaliers Grand Est\",\"isPartOf\":{\"@id\":\"https:\/\/frontaliers-grandest.eu\/de\/#website\"},\"datePublished\":\"2021-05-18T13:01:59+00:00\",\"dateModified\":\"2024-06-27T08:14:03+00:00\",\"breadcrumb\":{\"@id\":\"https:\/\/frontaliers-grandest.eu\/de\/startseite\/jugendliche\/studie-ausbildung\/grenzuberschreitende-erstausbildung\/ein-hochschulstudium-in-frankreich-absolvieren\/die-anerkennung-der-asbschlusse\/#breadcrumb\"},\"inLanguage\":\"de\",\"potentialAction\":[{\"@type\":\"ReadAction\",\"target\":[\"https:\/\/frontaliers-grandest.eu\/de\/startseite\/jugendliche\/studie-ausbildung\/grenzuberschreitende-erstausbildung\/ein-hochschulstudium-in-frankreich-absolvieren\/die-anerkennung-der-asbschlusse\/\"]}]},{\"@type\":\"BreadcrumbList\",\"@id\":\"https:\/\/frontaliers-grandest.eu\/de\/startseite\/jugendliche\/studie-ausbildung\/grenzuberschreitende-erstausbildung\/ein-hochschulstudium-in-frankreich-absolvieren\/die-anerkennung-der-asbschlusse\/#breadcrumb\",\"itemListElement\":[{\"@type\":\"ListItem\",\"position\":1,\"name\":\"Startseite\",\"item\":\"https:\/\/frontaliers-grandest.eu\/de\/\"},{\"@type\":\"ListItem\",\"position\":2,\"name\":\"Jugendliche\",\"item\":\"https:\/\/frontaliers-grandest.eu\/de\/startseite\/jugendliche\/\"},{\"@type\":\"ListItem\",\"position\":3,\"name\":\"Studie \/ Ausbildung\",\"item\":\"https:\/\/frontaliers-grandest.eu\/de\/startseite\/jugendliche\/studie-ausbildung\/\"},{\"@type\":\"ListItem\",\"position\":4,\"name\":\"Grenz\u00fcberschreitende Erstausbildung\",\"item\":\"https:\/\/frontaliers-grandest.eu\/de\/startseite\/jugendliche\/studie-ausbildung\/grenzuberschreitende-erstausbildung\/\"},{\"@type\":\"ListItem\",\"position\":5,\"name\":\"Ein hochschulstudium in Frankreich Absolvieren\",\"item\":\"https:\/\/frontaliers-grandest.eu\/de\/startseite\/jugendliche\/studie-ausbildung\/grenzuberschreitende-erstausbildung\/ein-hochschulstudium-in-frankreich-absolvieren\/\"},{\"@type\":\"ListItem\",\"position\":6,\"name\":\"Die Anerkennung der asbschl\u00fcsse\"}]},{\"@type\":\"WebSite\",\"@id\":\"https:\/\/frontaliers-grandest.eu\/de\/#website\",\"url\":\"https:\/\/frontaliers-grandest.eu\/de\/\",\"name\":\"Frontaliers Grand Est\",\"description\":\"Le site ressource du travail frontalier\",\"publisher\":{\"@id\":\"https:\/\/frontaliers-grandest.eu\/de\/#organization\"},\"alternateName\":\"Frontaliers Grand Est\",\"potentialAction\":[{\"@type\":\"SearchAction\",\"target\":{\"@type\":\"EntryPoint\",\"urlTemplate\":\"https:\/\/frontaliers-grandest.eu\/de\/?s={search_term_string}\"},\"query-input\":{\"@type\":\"PropertyValueSpecification\",\"valueRequired\":true,\"valueName\":\"search_term_string\"}}],\"inLanguage\":\"de\"},{\"@type\":\"Organization\",\"@id\":\"https:\/\/frontaliers-grandest.eu\/de\/#organization\",\"name\":\"Frontaliers Grand Est\",\"alternateName\":\"Frontaliers Grand Est\",\"url\":\"https:\/\/frontaliers-grandest.eu\/de\/\",\"logo\":{\"@type\":\"ImageObject\",\"inLanguage\":\"de\",\"@id\":\"https:\/\/frontaliers-grandest.eu\/de\/#\/schema\/logo\/image\/\",\"url\":\"https:\/\/frontaliers-grandest.eu\/wp-content\/uploads\/2025\/07\/260328234_2966785176920310_3332838526503858160_n.jpg\",\"contentUrl\":\"https:\/\/frontaliers-grandest.eu\/wp-content\/uploads\/2025\/07\/260328234_2966785176920310_3332838526503858160_n.jpg\",\"width\":396,\"height\":396,\"caption\":\"Frontaliers Grand Est\"},\"image\":{\"@id\":\"https:\/\/frontaliers-grandest.eu\/de\/#\/schema\/logo\/image\/\"},\"sameAs\":[\"https:\/\/www.facebook.com\/frontaliers.GR.EST\/?locale=fr_FR\"]}]}<\/script>\n<!-- \/ Yoast SEO plugin. -->","yoast_head_json":{"title":"Die Anerkennung der asbschl\u00fcsse - Frontaliers Grand Est","robots":{"index":"index","follow":"follow","max-snippet":"max-snippet:-1","max-image-preview":"max-image-preview:large","max-video-preview":"max-video-preview:-1"},"canonical":"https:\/\/frontaliers-grandest.eu\/de\/startseite\/jugendliche\/studie-ausbildung\/grenzuberschreitende-erstausbildung\/ein-hochschulstudium-in-frankreich-absolvieren\/die-anerkennung-der-asbschlusse\/","og_locale":"de_DE","og_type":"article","og_title":"Die Anerkennung der asbschl\u00fcsse - Frontaliers Grand Est","og_description":"Es gibt keine offizielle Gleichwertigkeit zwischen ausl\u00e4ndischen und franz\u00f6sischen Abschl\u00fcssen. Das ENIC-NARIC Frankreich als Informationsstelle f\u00fcr die akademische und berufliche Anerkennung von Abschl\u00fcssen ist daf\u00fcr zust\u00e4ndig, ausl\u00e4ndische Abschl\u00fcsse verst\u00e4ndlich und vergleichbar zu machen. Es stellt Bescheinigungen \u00fcber das im ausl\u00e4ndischen Bildungssystem im Vergleich zum franz\u00f6sischen System erreichte Niveau, jedoch kein Anspr\u00fcche begr\u00fcndendes Dokument aus. Die [&hellip;]","og_url":"https:\/\/frontaliers-grandest.eu\/de\/startseite\/jugendliche\/studie-ausbildung\/grenzuberschreitende-erstausbildung\/ein-hochschulstudium-in-frankreich-absolvieren\/die-anerkennung-der-asbschlusse\/","og_site_name":"Frontaliers Grand Est","article_publisher":"https:\/\/www.facebook.com\/frontaliers.GR.EST\/?locale=fr_FR","article_modified_time":"2024-06-27T08:14:03+00:00","twitter_card":"summary_large_image","twitter_misc":{"Gesch\u00e4tzte Lesezeit":"1\u00a0Minute"},"schema":{"@context":"https:\/\/schema.org","@graph":[{"@type":"WebPage","@id":"https:\/\/frontaliers-grandest.eu\/de\/startseite\/jugendliche\/studie-ausbildung\/grenzuberschreitende-erstausbildung\/ein-hochschulstudium-in-frankreich-absolvieren\/die-anerkennung-der-asbschlusse\/","url":"https:\/\/frontaliers-grandest.eu\/de\/startseite\/jugendliche\/studie-ausbildung\/grenzuberschreitende-erstausbildung\/ein-hochschulstudium-in-frankreich-absolvieren\/die-anerkennung-der-asbschlusse\/","name":"Die Anerkennung der asbschl\u00fcsse - Frontaliers Grand Est","isPartOf":{"@id":"https:\/\/frontaliers-grandest.eu\/de\/#website"},"datePublished":"2021-05-18T13:01:59+00:00","dateModified":"2024-06-27T08:14:03+00:00","breadcrumb":{"@id":"https:\/\/frontaliers-grandest.eu\/de\/startseite\/jugendliche\/studie-ausbildung\/grenzuberschreitende-erstausbildung\/ein-hochschulstudium-in-frankreich-absolvieren\/die-anerkennung-der-asbschlusse\/#breadcrumb"},"inLanguage":"de","potentialAction":[{"@type":"ReadAction","target":["https:\/\/frontaliers-grandest.eu\/de\/startseite\/jugendliche\/studie-ausbildung\/grenzuberschreitende-erstausbildung\/ein-hochschulstudium-in-frankreich-absolvieren\/die-anerkennung-der-asbschlusse\/"]}]},{"@type":"BreadcrumbList","@id":"https:\/\/frontaliers-grandest.eu\/de\/startseite\/jugendliche\/studie-ausbildung\/grenzuberschreitende-erstausbildung\/ein-hochschulstudium-in-frankreich-absolvieren\/die-anerkennung-der-asbschlusse\/#breadcrumb","itemListElement":[{"@type":"ListItem","position":1,"name":"Startseite","item":"https:\/\/frontaliers-grandest.eu\/de\/"},{"@type":"ListItem","position":2,"name":"Jugendliche","item":"https:\/\/frontaliers-grandest.eu\/de\/startseite\/jugendliche\/"},{"@type":"ListItem","position":3,"name":"Studie \/ Ausbildung","item":"https:\/\/frontaliers-grandest.eu\/de\/startseite\/jugendliche\/studie-ausbildung\/"},{"@type":"ListItem","position":4,"name":"Grenz\u00fcberschreitende Erstausbildung","item":"https:\/\/frontaliers-grandest.eu\/de\/startseite\/jugendliche\/studie-ausbildung\/grenzuberschreitende-erstausbildung\/"},{"@type":"ListItem","position":5,"name":"Ein hochschulstudium in Frankreich Absolvieren","item":"https:\/\/frontaliers-grandest.eu\/de\/startseite\/jugendliche\/studie-ausbildung\/grenzuberschreitende-erstausbildung\/ein-hochschulstudium-in-frankreich-absolvieren\/"},{"@type":"ListItem","position":6,"name":"Die Anerkennung der asbschl\u00fcsse"}]},{"@type":"WebSite","@id":"https:\/\/frontaliers-grandest.eu\/de\/#website","url":"https:\/\/frontaliers-grandest.eu\/de\/","name":"Frontaliers Grand Est","description":"Le site ressource du travail frontalier","publisher":{"@id":"https:\/\/frontaliers-grandest.eu\/de\/#organization"},"alternateName":"Frontaliers Grand Est","potentialAction":[{"@type":"SearchAction","target":{"@type":"EntryPoint","urlTemplate":"https:\/\/frontaliers-grandest.eu\/de\/?s={search_term_string}"},"query-input":{"@type":"PropertyValueSpecification","valueRequired":true,"valueName":"search_term_string"}}],"inLanguage":"de"},{"@type":"Organization","@id":"https:\/\/frontaliers-grandest.eu\/de\/#organization","name":"Frontaliers Grand Est","alternateName":"Frontaliers Grand Est","url":"https:\/\/frontaliers-grandest.eu\/de\/","logo":{"@type":"ImageObject","inLanguage":"de","@id":"https:\/\/frontaliers-grandest.eu\/de\/#\/schema\/logo\/image\/","url":"https:\/\/frontaliers-grandest.eu\/wp-content\/uploads\/2025\/07\/260328234_2966785176920310_3332838526503858160_n.jpg","contentUrl":"https:\/\/frontaliers-grandest.eu\/wp-content\/uploads\/2025\/07\/260328234_2966785176920310_3332838526503858160_n.jpg","width":396,"height":396,"caption":"Frontaliers Grand Est"},"image":{"@id":"https:\/\/frontaliers-grandest.eu\/de\/#\/schema\/logo\/image\/"},"sameAs":["https:\/\/www.facebook.com\/frontaliers.GR.EST\/?locale=fr_FR"]}]}},"frge_page_order":0,"_links":{"self":[{"href":"https:\/\/frontaliers-grandest.eu\/de\/wp-json\/wp\/v2\/pages\/7539","targetHints":{"allow":["GET"]}}],"collection":[{"href":"https:\/\/frontaliers-grandest.eu\/de\/wp-json\/wp\/v2\/pages"}],"about":[{"href":"https:\/\/frontaliers-grandest.eu\/de\/wp-json\/wp\/v2\/types\/page"}],"author":[{"embeddable":true,"href":"https:\/\/frontaliers-grandest.eu\/de\/wp-json\/wp\/v2\/users\/7"}],"replies":[{"embeddable":true,"href":"https:\/\/frontaliers-grandest.eu\/de\/wp-json\/wp\/v2\/comments?post=7539"}],"version-history":[{"count":2,"href":"https:\/\/frontaliers-grandest.eu\/de\/wp-json\/wp\/v2\/pages\/7539\/revisions"}],"predecessor-version":[{"id":39447,"href":"https:\/\/frontaliers-grandest.eu\/de\/wp-json\/wp\/v2\/pages\/7539\/revisions\/39447"}],"up":[{"embeddable":true,"href":"https:\/\/frontaliers-grandest.eu\/de\/wp-json\/wp\/v2\/pages\/7530"}],"wp:attachment":[{"href":"https:\/\/frontaliers-grandest.eu\/de\/wp-json\/wp\/v2\/media?parent=7539"}],"wp:term":[{"taxonomy":"post_tag","embeddable":true,"href":"https:\/\/frontaliers-grandest.eu\/de\/wp-json\/wp\/v2\/tags?post=7539"},{"taxonomy":"frge_profile","embeddable":true,"href":"https:\/\/frontaliers-grandest.eu\/de\/wp-json\/wp\/v2\/frge_profile?post=7539"}],"curies":[{"name":"wp","href":"https:\/\/api.w.org\/{rel}","templated":true}]}}