{"id":7535,"date":"2021-05-18T14:58:30","date_gmt":"2021-05-18T12:58:30","guid":{"rendered":"https:\/\/frontaliers-grandest.eu\/?page_id=7535"},"modified":"2024-07-08T10:55:11","modified_gmt":"2024-07-08T08:55:11","slug":"die-einschreibung","status":"publish","type":"page","link":"https:\/\/frontaliers-grandest.eu\/de\/startseite\/jugendliche\/studie-ausbildung\/grenzuberschreitende-erstausbildung\/ein-hochschulstudium-in-frankreich-absolvieren\/die-einschreibung\/","title":{"rendered":"Die einschreibung"},"content":{"rendered":"\n<h3 class=\"wp-block-heading\">Die Liste der Hochschulen einsehen<\/h3>\n\n\n\n<p>Die Website des Ministeriums f\u00fcr Bildung, Hochschulwesen und Forschung enth\u00e4lt eine Liste der Hochschulen \u2013 Universit\u00e4ten wie Fachhochschulen:&nbsp;<a href=\"http:\/\/www.enseignementsup-recherche.gouv.fr\/\" target=\"_blank\" rel=\"noreferrer noopener\">www.enseignementsup-recherche.gouv.fr<\/a><\/p>\n\n\n\n<p>Konsultieren Sie auch die Website der Nationalen Informationsstelle f\u00fcr Unterricht und Berufswesen (ONISEP), <a href=\"https:\/\/www.onisep.fr\/\" target=\"_blank\" rel=\"noreferrer noopener\">www.onisep.fr<\/a><\/p>\n\n\n\n<h3 class=\"wp-block-heading\">Eine Bewerbung einreichen<\/h3>\n\n\n\n<h4 class=\"wp-block-heading\">Einschreibung im ersten Abschnitt<\/h4>\n\n\n\n<h5 class=\"wp-block-heading\"><strong>Bewerber aus der Europ\u00e4ischen Union, aus dem Europ\u00e4ischen Wirtschaftsraum (EWR), aus Andorra oder aus der Schweiz (in Frankreich lebend oder nicht)<\/strong><\/h5>\n\n\n\n<p>Wenn Sie sich f\u00fcr die Hochschulausbildung in Frankreich im 1. Studienjahr einschreiben m\u00f6chten, m\u00fcssen Sie sich im Jahr zuvor ebenso wie die franz\u00f6sischen Studierenden auf der Website des Ministeriums f\u00fcr Bildung APB (Post-Abitur-Zulassung) einschreiben: <a href=\"https:\/\/www.parcoursup.fr\/\" target=\"_blank\" rel=\"noreferrer noopener\">www.admission-postbac.fr<\/a><\/p>\n\n\n\n<p>Das Verfahren ist verpflichtend f\u00fcr die Einschreibung in den meisten Studieng\u00e4ngen und folgt einem genauen Zeitplan: Einschreibung ab Ende Januar, Zusammenstellung und \u00dcbersendung der Bewerbungsunterlagen, administrative Anmeldungen bei den Hochschuleinrichtungen. \u00dcber die Website kann man sich ebenfalls \u00fcber die bestehenden Ausbildungen informieren.<\/p>\n\n\n\n<p>F\u00fcr die Oberschulen oder privaten Schulen erfolgt die Einschreibung direkt bei den Einrichtungen.<\/p>\n\n\n\n<p><strong>Achtung:<\/strong> Auch wenn die Einschreibungen \u00fcber eine einheitliche Website vorgenommen werden, sind die Aufnahmemodalit\u00e4ten von Ausbildung zu Ausbildung sehr unterschiedlich:<\/p>\n\n\n\n<ul class=\"wp-block-list\">\n<li>Hinsichtlich des Abiturs ist die Universit\u00e4t nicht sehr streng bei der Auswahl, ausgenommen die Organisation von Sprachtests. Jeder Studierende kann sich an einer Universit\u00e4t einschreiben.<\/li>\n\n\n\n<li>F\u00fcr <strong>Ausbildungen mit strenger Auswahl<\/strong> empfiehlt es sich, sorgf\u00e4ltig die Rubrik \u201een savoir plus\/mehr erfahren\u201c auf der \u201eAdmission-postbac\u201c-Website zu lesen.<\/li>\n<\/ul>\n\n\n\n<p><strong>BTS, DUT:<\/strong> Aufgrund der Vorschriften kann in einigen F\u00e4llen der Zugang zur Ausbildung abh\u00e4ngig von Ihrer fr\u00fcheren schulischen Laufbahn beschr\u00e4nkt sein.<\/p>\n\n\n\n<p><strong>Ingenieurausbildungen, Architektur- und Handelsschulen sowie Kunsthochschulen<\/strong>: Auch wenn die Anmeldung \u00fcber die \u201eAdmission-postbac\u201c-Website l\u00e4uft, variieren die Einschreibebedingungen je nach Art der Hochschulreife und Staatsangeh\u00f6rigkeit. Die Zulassung kann nach Aktenlage oder anhand eines Gespr\u00e4chs oder einer schriftlichen Pr\u00fcfung erfolgen.<\/p>\n\n\n\n<p><strong>Medizin<\/strong>: Das PACES (Gemeinsames Erstes Jahr f\u00fcr Gesundheitsstudieng\u00e4nge) an der medizinischen Fakult\u00e4t ist der allgemeine Zweig zur Absolvierung eines Medizinstudiums (wie auch f\u00fcr Pharmazie, Zahnmedizin, Hebammenausbildung, Bewegungstherapie, Ergotherapie, Psychomotoriktherapie, medizinisch-technischer Radiologieassistent). Die Einschreibung erfolgt \u00fcber die Website <a href=\"https:\/\/www.parcoursup.fr\/\">www.admission-postbac.fr<\/a><\/p>\n\n\n\n<p>F\u00fcr die Zulassung zu medizinischen Studieng\u00e4ngen nach dem 1. Jahr m\u00fcssen die Bewerber entsprechend dem gew\u00e4hlten Studiengang nach dem Numerus Clausus eingestuft werden (am Ende des ersten Studienjahres stattfindet).<\/p>\n\n\n\n<p>Der Zugang zu vielen Schulen (vor allem im paramedizinischen Bereich) ist durch eine Aufnahmepr\u00fcfung beschr\u00e4nkt.<\/p>\n\n\n\n<h5 class=\"wp-block-heading\">Bewerber, die nicht aus einem Land der Europ\u00e4ischen Union (EU), dem Europ\u00e4ischen Wirtschaftsraum (EWR), aus Andorra oder der Schweiz stammen.<\/h5>\n\n\n\n<h5 class=\"wp-block-heading\">Sie haben Ihren Wohnsitz in einem Land, wo das Verfahren der Zentren f\u00fcr ein Studium in Frankreich (CEF) existiert.<\/h5>\n\n\n\n<p><strong>Das CEF-Verfahren (Zentrum f\u00fcr ein Studium in Frankreich)*<\/strong><\/p>\n\n\n\n<p>F\u00fcr eine bestimmte Zahl von L\u00e4ndern auf er Welt (31) ist die Beh\u00f6rde <strong>Campus France<\/strong> Vermittlungsstelle f\u00fcr Einschreibungen in der Hochschulausbildung. Auf der Website der Beh\u00f6rde <a href=\"http:\/\/www.campusfrance.org\/\">www.campusfrance.org<\/a> k\u00f6nnen ausl\u00e4ndische Studierende Informationen \u00fcber das Studium in Frankreich finden (Ausbildungen, Beihilfen, Unterk\u00fcnfte\u2026) und in einem pers\u00f6nlichen Bereich Fragen stellen.<\/p>\n\n\n\n<p><strong>Die Einschreibungen<\/strong><br>Bei L\u00e4ndern, in denen das CEF-Verfahren existiert, muss die Einschreibung f\u00fcr die meisten Ausbildungsg\u00e4nge (einige sind nicht betroffen, die Einschreibung erfolgt direkt bei den Einrichtungen: konsultieren Sie die Campus France-Website) unbedingt \u00fcber die Campus France-Website vorgenommen werden.<\/p>\n\n\n\n<p><strong>Formalit\u00e4ten f\u00fcr den Antrag auf vorl\u00e4ufige Zulassung: Ausf\u00fcllen des dossier blanc<\/strong><strong><\/strong><\/p>\n\n\n\n<ul class=\"wp-block-list\">\n<li>Ein Antrag auf vorl\u00e4ufige Zulassung (DAP), bezeichnet als dossier blanc f\u00fcr im Ausland wohnhafte Bewerber, muss von der Campus France-Website heruntergeladen und ausgef\u00fcllt werden. \u00dcber die Website muss eine bestimmte Zahl an Dokumenten zusammen mit einer offiziellen \u00dcbersetzung ins Franz\u00f6sische \u00fcbermittelt werden. F\u00fcr die Einschreibemodalit\u00e4ten und -fristen ziehen Sie die Campus France-Website&nbsp; zurate.<\/li>\n\n\n\n<li>Wenn die Zulassungsbest\u00e4tigung vorliegt, findet die administrative Einschreibung nach der Ankunft in Frankreich in der Bildungseinrichtung statt.<\/li>\n<\/ul>\n\n\n\n<h5 class=\"wp-block-heading\">Sie haben Ihren Wohnsitz in einem Land, wo das CEF-Verfahren nicht existiert.<\/h5>\n\n\n\n<p><strong>Die Einschreibungen<\/strong><br>Der Antrag auf vorl\u00e4ufige Zulassung (DAP) muss zusammen mit Dokumenten in offizieller \u00dcbersetzung ins Franz\u00f6sische beim diplomatischen Dienst Ihres Wohnortes eingereicht werden. Dieses besondere Verfahren beginnt im Januar jedes Jahres und folgt einem sehr strengen Zeitplan. Informationen sind auf der Campus France-Website zu finden.<\/p>\n\n\n\n<h4 class=\"wp-block-heading\">Einschreibung im zweiten Abschnitt<\/h4>\n\n\n\n<h5 class=\"wp-block-heading\"><strong>Bewerber aus der Europ\u00e4ischen Union<\/strong><\/h5>\n\n\n\n<p>Ab dem Bachelor werden s\u00e4mtliche Einschreibungen nicht mehr \u00fcber die \u201eadmission-postbac\u201c-Website vorgenommen, sondern nach Aktenlage oder Ablegen einer Pr\u00fcfung. Um sich zur Fortsetzung Ihres Studiums an der Universit\u00e4t Ihrer Wahl zu bewerben, m\u00fcssen Sie ein Antragsdossier an die jeweiligen Universit\u00e4ten schicken. Die meisten bietet eine Rubrik \u201eEinschreibungen\u201c auf ihrer Website an, wo man ein Formular zum Ausf\u00fcllen herunterladen kann, worin die beizuf\u00fcgenden Dokumente aufgef\u00fchrt sind (Ergebnisse des Abiturs, des Post-Abitur-Zeugnisses, Empfehlungs-\/Motivationsschreiben, usw.).<\/p>\n\n\n\n<h5 class=\"wp-block-heading\"><strong>Bewerber aus Nicht-EU-L\u00e4ndern<\/strong><\/h5>\n\n\n\n<p>Wenn Sie Angeh\u00f6riger eines Campus France-Landes sind, erfolgt die Einschreibung online \u00fcber den Campus France-Bereich Ihres Landes. Kommen Sie nicht aus einem Campus France-Land, m\u00fcssen Sie sich direkt an die jeweilige Universit\u00e4t wenden.<\/p>\n\n\n\n<p>Diese Formalit\u00e4ten werden zumeist im Zeitraum von Januar bis April abgewickelt.<\/p>\n\n\n\n<h3 class=\"wp-block-heading\">Die Einschreibegeb\u00fchren<\/h3>\n\n\n\n<p>Diese sind bei den Universit\u00e4ten nicht hoch. Sie werden vom Staat festgesetzt und steigen mit dem Studienniveau. F\u00fcr das Jahr 2014-2015 belaufen sie sich auf 184 \u20ac pro Jahr bis zum Bachelor-Niveau, 256 \u20ac f\u00fcr das Master-Niveau und 610 \u20ac j\u00e4hrlich f\u00fcr einen Ingenieurstudiengang.<\/p>\n\n\n\n<p>*Die <strong>Centres pour les \u00c9tudes en France<\/strong> (CEF), Niederlassungen im Ausland f\u00fcr die Aufnahme von Studierenden, die ein Studium in Frankreich planen, wurden im Jahr 2005 eingerichtet. 2007 wurden sie in Campus France-Zentren umbenannt.<\/p>\n","protected":false},"excerpt":{"rendered":"<p>Die Liste der Hochschulen einsehen Die Website des Ministeriums f\u00fcr Bildung, Hochschulwesen und Forschung enth\u00e4lt eine Liste der Hochschulen \u2013 Universit\u00e4ten wie Fachhochschulen:&nbsp;www.enseignementsup-recherche.gouv.fr Konsultieren Sie auch die Website der Nationalen Informationsstelle f\u00fcr Unterricht und Berufswesen (ONISEP), www.onisep.fr Eine Bewerbung einreichen Einschreibung im ersten Abschnitt Bewerber aus der Europ\u00e4ischen Union, aus dem Europ\u00e4ischen Wirtschaftsraum (EWR), aus [&hellip;]<\/p>\n","protected":false},"author":7,"featured_media":0,"parent":7530,"menu_order":1,"comment_status":"closed","ping_status":"closed","template":"","meta":{"inline_featured_image":false,"footnotes":""},"tags":[],"frge_profile":[],"class_list":["post-7535","page","type-page","status-publish","hentry"],"yoast_head":"<!-- This site is optimized with the Yoast SEO plugin v27.1.1 - https:\/\/yoast.com\/product\/yoast-seo-wordpress\/ -->\n<title>Die einschreibung - Frontaliers Grand Est<\/title>\n<meta name=\"robots\" content=\"index, follow, max-snippet:-1, max-image-preview:large, max-video-preview:-1\" \/>\n<link rel=\"canonical\" href=\"https:\/\/frontaliers-grandest.eu\/de\/startseite\/jugendliche\/studie-ausbildung\/grenzuberschreitende-erstausbildung\/ein-hochschulstudium-in-frankreich-absolvieren\/die-einschreibung\/\" \/>\n<meta property=\"og:locale\" content=\"de_DE\" \/>\n<meta property=\"og:type\" content=\"article\" \/>\n<meta property=\"og:title\" content=\"Die einschreibung - Frontaliers Grand Est\" \/>\n<meta property=\"og:description\" content=\"Die Liste der Hochschulen einsehen Die Website des Ministeriums f\u00fcr Bildung, Hochschulwesen und Forschung enth\u00e4lt eine Liste der Hochschulen \u2013 Universit\u00e4ten wie Fachhochschulen:&nbsp;www.enseignementsup-recherche.gouv.fr Konsultieren Sie auch die Website der Nationalen Informationsstelle f\u00fcr Unterricht und Berufswesen (ONISEP), www.onisep.fr Eine Bewerbung einreichen Einschreibung im ersten Abschnitt Bewerber aus der Europ\u00e4ischen Union, aus dem Europ\u00e4ischen Wirtschaftsraum (EWR), aus [&hellip;]\" \/>\n<meta property=\"og:url\" content=\"https:\/\/frontaliers-grandest.eu\/de\/startseite\/jugendliche\/studie-ausbildung\/grenzuberschreitende-erstausbildung\/ein-hochschulstudium-in-frankreich-absolvieren\/die-einschreibung\/\" \/>\n<meta property=\"og:site_name\" content=\"Frontaliers Grand Est\" \/>\n<meta property=\"article:publisher\" content=\"https:\/\/www.facebook.com\/frontaliers.GR.EST\/?locale=fr_FR\" \/>\n<meta property=\"article:modified_time\" content=\"2024-07-08T08:55:11+00:00\" \/>\n<meta name=\"twitter:card\" content=\"summary_large_image\" \/>\n<meta name=\"twitter:label1\" content=\"Gesch\u00e4tzte Lesezeit\" \/>\n\t<meta name=\"twitter:data1\" content=\"5\u00a0Minuten\" \/>\n<script type=\"application\/ld+json\" class=\"yoast-schema-graph\">{\"@context\":\"https:\/\/schema.org\",\"@graph\":[{\"@type\":\"WebPage\",\"@id\":\"https:\/\/frontaliers-grandest.eu\/de\/startseite\/jugendliche\/studie-ausbildung\/grenzuberschreitende-erstausbildung\/ein-hochschulstudium-in-frankreich-absolvieren\/die-einschreibung\/\",\"url\":\"https:\/\/frontaliers-grandest.eu\/de\/startseite\/jugendliche\/studie-ausbildung\/grenzuberschreitende-erstausbildung\/ein-hochschulstudium-in-frankreich-absolvieren\/die-einschreibung\/\",\"name\":\"Die einschreibung - Frontaliers Grand Est\",\"isPartOf\":{\"@id\":\"https:\/\/frontaliers-grandest.eu\/de\/#website\"},\"datePublished\":\"2021-05-18T12:58:30+00:00\",\"dateModified\":\"2024-07-08T08:55:11+00:00\",\"breadcrumb\":{\"@id\":\"https:\/\/frontaliers-grandest.eu\/de\/startseite\/jugendliche\/studie-ausbildung\/grenzuberschreitende-erstausbildung\/ein-hochschulstudium-in-frankreich-absolvieren\/die-einschreibung\/#breadcrumb\"},\"inLanguage\":\"de\",\"potentialAction\":[{\"@type\":\"ReadAction\",\"target\":[\"https:\/\/frontaliers-grandest.eu\/de\/startseite\/jugendliche\/studie-ausbildung\/grenzuberschreitende-erstausbildung\/ein-hochschulstudium-in-frankreich-absolvieren\/die-einschreibung\/\"]}]},{\"@type\":\"BreadcrumbList\",\"@id\":\"https:\/\/frontaliers-grandest.eu\/de\/startseite\/jugendliche\/studie-ausbildung\/grenzuberschreitende-erstausbildung\/ein-hochschulstudium-in-frankreich-absolvieren\/die-einschreibung\/#breadcrumb\",\"itemListElement\":[{\"@type\":\"ListItem\",\"position\":1,\"name\":\"Startseite\",\"item\":\"https:\/\/frontaliers-grandest.eu\/de\/\"},{\"@type\":\"ListItem\",\"position\":2,\"name\":\"Jugendliche\",\"item\":\"https:\/\/frontaliers-grandest.eu\/de\/startseite\/jugendliche\/\"},{\"@type\":\"ListItem\",\"position\":3,\"name\":\"Studie \/ Ausbildung\",\"item\":\"https:\/\/frontaliers-grandest.eu\/de\/startseite\/jugendliche\/studie-ausbildung\/\"},{\"@type\":\"ListItem\",\"position\":4,\"name\":\"Grenz\u00fcberschreitende Erstausbildung\",\"item\":\"https:\/\/frontaliers-grandest.eu\/de\/startseite\/jugendliche\/studie-ausbildung\/grenzuberschreitende-erstausbildung\/\"},{\"@type\":\"ListItem\",\"position\":5,\"name\":\"Ein hochschulstudium in Frankreich Absolvieren\",\"item\":\"https:\/\/frontaliers-grandest.eu\/de\/startseite\/jugendliche\/studie-ausbildung\/grenzuberschreitende-erstausbildung\/ein-hochschulstudium-in-frankreich-absolvieren\/\"},{\"@type\":\"ListItem\",\"position\":6,\"name\":\"Die einschreibung\"}]},{\"@type\":\"WebSite\",\"@id\":\"https:\/\/frontaliers-grandest.eu\/de\/#website\",\"url\":\"https:\/\/frontaliers-grandest.eu\/de\/\",\"name\":\"Frontaliers Grand Est\",\"description\":\"Le site ressource du travail frontalier\",\"publisher\":{\"@id\":\"https:\/\/frontaliers-grandest.eu\/de\/#organization\"},\"alternateName\":\"Frontaliers Grand Est\",\"potentialAction\":[{\"@type\":\"SearchAction\",\"target\":{\"@type\":\"EntryPoint\",\"urlTemplate\":\"https:\/\/frontaliers-grandest.eu\/de\/?s={search_term_string}\"},\"query-input\":{\"@type\":\"PropertyValueSpecification\",\"valueRequired\":true,\"valueName\":\"search_term_string\"}}],\"inLanguage\":\"de\"},{\"@type\":\"Organization\",\"@id\":\"https:\/\/frontaliers-grandest.eu\/de\/#organization\",\"name\":\"Frontaliers Grand Est\",\"alternateName\":\"Frontaliers Grand Est\",\"url\":\"https:\/\/frontaliers-grandest.eu\/de\/\",\"logo\":{\"@type\":\"ImageObject\",\"inLanguage\":\"de\",\"@id\":\"https:\/\/frontaliers-grandest.eu\/de\/#\/schema\/logo\/image\/\",\"url\":\"https:\/\/frontaliers-grandest.eu\/wp-content\/uploads\/2025\/07\/260328234_2966785176920310_3332838526503858160_n.jpg\",\"contentUrl\":\"https:\/\/frontaliers-grandest.eu\/wp-content\/uploads\/2025\/07\/260328234_2966785176920310_3332838526503858160_n.jpg\",\"width\":396,\"height\":396,\"caption\":\"Frontaliers Grand Est\"},\"image\":{\"@id\":\"https:\/\/frontaliers-grandest.eu\/de\/#\/schema\/logo\/image\/\"},\"sameAs\":[\"https:\/\/www.facebook.com\/frontaliers.GR.EST\/?locale=fr_FR\"]}]}<\/script>\n<!-- \/ Yoast SEO plugin. -->","yoast_head_json":{"title":"Die einschreibung - Frontaliers Grand Est","robots":{"index":"index","follow":"follow","max-snippet":"max-snippet:-1","max-image-preview":"max-image-preview:large","max-video-preview":"max-video-preview:-1"},"canonical":"https:\/\/frontaliers-grandest.eu\/de\/startseite\/jugendliche\/studie-ausbildung\/grenzuberschreitende-erstausbildung\/ein-hochschulstudium-in-frankreich-absolvieren\/die-einschreibung\/","og_locale":"de_DE","og_type":"article","og_title":"Die einschreibung - Frontaliers Grand Est","og_description":"Die Liste der Hochschulen einsehen Die Website des Ministeriums f\u00fcr Bildung, Hochschulwesen und Forschung enth\u00e4lt eine Liste der Hochschulen \u2013 Universit\u00e4ten wie Fachhochschulen:&nbsp;www.enseignementsup-recherche.gouv.fr Konsultieren Sie auch die Website der Nationalen Informationsstelle f\u00fcr Unterricht und Berufswesen (ONISEP), www.onisep.fr Eine Bewerbung einreichen Einschreibung im ersten Abschnitt Bewerber aus der Europ\u00e4ischen Union, aus dem Europ\u00e4ischen Wirtschaftsraum (EWR), aus [&hellip;]","og_url":"https:\/\/frontaliers-grandest.eu\/de\/startseite\/jugendliche\/studie-ausbildung\/grenzuberschreitende-erstausbildung\/ein-hochschulstudium-in-frankreich-absolvieren\/die-einschreibung\/","og_site_name":"Frontaliers Grand Est","article_publisher":"https:\/\/www.facebook.com\/frontaliers.GR.EST\/?locale=fr_FR","article_modified_time":"2024-07-08T08:55:11+00:00","twitter_card":"summary_large_image","twitter_misc":{"Gesch\u00e4tzte Lesezeit":"5\u00a0Minuten"},"schema":{"@context":"https:\/\/schema.org","@graph":[{"@type":"WebPage","@id":"https:\/\/frontaliers-grandest.eu\/de\/startseite\/jugendliche\/studie-ausbildung\/grenzuberschreitende-erstausbildung\/ein-hochschulstudium-in-frankreich-absolvieren\/die-einschreibung\/","url":"https:\/\/frontaliers-grandest.eu\/de\/startseite\/jugendliche\/studie-ausbildung\/grenzuberschreitende-erstausbildung\/ein-hochschulstudium-in-frankreich-absolvieren\/die-einschreibung\/","name":"Die einschreibung - Frontaliers Grand Est","isPartOf":{"@id":"https:\/\/frontaliers-grandest.eu\/de\/#website"},"datePublished":"2021-05-18T12:58:30+00:00","dateModified":"2024-07-08T08:55:11+00:00","breadcrumb":{"@id":"https:\/\/frontaliers-grandest.eu\/de\/startseite\/jugendliche\/studie-ausbildung\/grenzuberschreitende-erstausbildung\/ein-hochschulstudium-in-frankreich-absolvieren\/die-einschreibung\/#breadcrumb"},"inLanguage":"de","potentialAction":[{"@type":"ReadAction","target":["https:\/\/frontaliers-grandest.eu\/de\/startseite\/jugendliche\/studie-ausbildung\/grenzuberschreitende-erstausbildung\/ein-hochschulstudium-in-frankreich-absolvieren\/die-einschreibung\/"]}]},{"@type":"BreadcrumbList","@id":"https:\/\/frontaliers-grandest.eu\/de\/startseite\/jugendliche\/studie-ausbildung\/grenzuberschreitende-erstausbildung\/ein-hochschulstudium-in-frankreich-absolvieren\/die-einschreibung\/#breadcrumb","itemListElement":[{"@type":"ListItem","position":1,"name":"Startseite","item":"https:\/\/frontaliers-grandest.eu\/de\/"},{"@type":"ListItem","position":2,"name":"Jugendliche","item":"https:\/\/frontaliers-grandest.eu\/de\/startseite\/jugendliche\/"},{"@type":"ListItem","position":3,"name":"Studie \/ Ausbildung","item":"https:\/\/frontaliers-grandest.eu\/de\/startseite\/jugendliche\/studie-ausbildung\/"},{"@type":"ListItem","position":4,"name":"Grenz\u00fcberschreitende Erstausbildung","item":"https:\/\/frontaliers-grandest.eu\/de\/startseite\/jugendliche\/studie-ausbildung\/grenzuberschreitende-erstausbildung\/"},{"@type":"ListItem","position":5,"name":"Ein hochschulstudium in Frankreich Absolvieren","item":"https:\/\/frontaliers-grandest.eu\/de\/startseite\/jugendliche\/studie-ausbildung\/grenzuberschreitende-erstausbildung\/ein-hochschulstudium-in-frankreich-absolvieren\/"},{"@type":"ListItem","position":6,"name":"Die einschreibung"}]},{"@type":"WebSite","@id":"https:\/\/frontaliers-grandest.eu\/de\/#website","url":"https:\/\/frontaliers-grandest.eu\/de\/","name":"Frontaliers Grand Est","description":"Le site ressource du travail frontalier","publisher":{"@id":"https:\/\/frontaliers-grandest.eu\/de\/#organization"},"alternateName":"Frontaliers Grand Est","potentialAction":[{"@type":"SearchAction","target":{"@type":"EntryPoint","urlTemplate":"https:\/\/frontaliers-grandest.eu\/de\/?s={search_term_string}"},"query-input":{"@type":"PropertyValueSpecification","valueRequired":true,"valueName":"search_term_string"}}],"inLanguage":"de"},{"@type":"Organization","@id":"https:\/\/frontaliers-grandest.eu\/de\/#organization","name":"Frontaliers Grand Est","alternateName":"Frontaliers Grand Est","url":"https:\/\/frontaliers-grandest.eu\/de\/","logo":{"@type":"ImageObject","inLanguage":"de","@id":"https:\/\/frontaliers-grandest.eu\/de\/#\/schema\/logo\/image\/","url":"https:\/\/frontaliers-grandest.eu\/wp-content\/uploads\/2025\/07\/260328234_2966785176920310_3332838526503858160_n.jpg","contentUrl":"https:\/\/frontaliers-grandest.eu\/wp-content\/uploads\/2025\/07\/260328234_2966785176920310_3332838526503858160_n.jpg","width":396,"height":396,"caption":"Frontaliers Grand Est"},"image":{"@id":"https:\/\/frontaliers-grandest.eu\/de\/#\/schema\/logo\/image\/"},"sameAs":["https:\/\/www.facebook.com\/frontaliers.GR.EST\/?locale=fr_FR"]}]}},"frge_page_order":0,"_links":{"self":[{"href":"https:\/\/frontaliers-grandest.eu\/de\/wp-json\/wp\/v2\/pages\/7535","targetHints":{"allow":["GET"]}}],"collection":[{"href":"https:\/\/frontaliers-grandest.eu\/de\/wp-json\/wp\/v2\/pages"}],"about":[{"href":"https:\/\/frontaliers-grandest.eu\/de\/wp-json\/wp\/v2\/types\/page"}],"author":[{"embeddable":true,"href":"https:\/\/frontaliers-grandest.eu\/de\/wp-json\/wp\/v2\/users\/7"}],"replies":[{"embeddable":true,"href":"https:\/\/frontaliers-grandest.eu\/de\/wp-json\/wp\/v2\/comments?post=7535"}],"version-history":[{"count":5,"href":"https:\/\/frontaliers-grandest.eu\/de\/wp-json\/wp\/v2\/pages\/7535\/revisions"}],"predecessor-version":[{"id":39911,"href":"https:\/\/frontaliers-grandest.eu\/de\/wp-json\/wp\/v2\/pages\/7535\/revisions\/39911"}],"up":[{"embeddable":true,"href":"https:\/\/frontaliers-grandest.eu\/de\/wp-json\/wp\/v2\/pages\/7530"}],"wp:attachment":[{"href":"https:\/\/frontaliers-grandest.eu\/de\/wp-json\/wp\/v2\/media?parent=7535"}],"wp:term":[{"taxonomy":"post_tag","embeddable":true,"href":"https:\/\/frontaliers-grandest.eu\/de\/wp-json\/wp\/v2\/tags?post=7535"},{"taxonomy":"frge_profile","embeddable":true,"href":"https:\/\/frontaliers-grandest.eu\/de\/wp-json\/wp\/v2\/frge_profile?post=7535"}],"curies":[{"name":"wp","href":"https:\/\/api.w.org\/{rel}","templated":true}]}}