{"id":7533,"date":"2021-05-18T14:52:55","date_gmt":"2021-05-18T12:52:55","guid":{"rendered":"https:\/\/frontaliers-grandest.eu\/?page_id=7533"},"modified":"2021-05-18T14:52:56","modified_gmt":"2021-05-18T12:52:56","slug":"die-hochschulen-in-frankreich","status":"publish","type":"page","link":"https:\/\/frontaliers-grandest.eu\/de\/startseite\/jugendliche\/studie-ausbildung\/grenzuberschreitende-erstausbildung\/ein-hochschulstudium-in-frankreich-absolvieren\/die-hochschulen-in-frankreich\/","title":{"rendered":"Die hochschulen in Frankreich"},"content":{"rendered":"\n<p>Le syst\u00e8me Das Hochschulsystem in Frankreich zeichnet sich durch seine Angebotsvielfalt aus. Es bestehen verschiedene Hochschularten nebeneinander:<\/p>\n\n\n\n<ul class=\"wp-block-list\"><li>Die 83 <strong>Universit\u00e4ten<\/strong> sind nahezu alle staatlich und bieten Lehrveranstaltungen in einer Vielzahl von Fachrichtungen an:&nbsp; Geistes- und Sozialwissenschaften (Psychologie, Geschichte, Geographie, Literatur und Sprachen), Naturwissenschaften (Physik, Mathematik, Chemie, Ingenieurwissenschaften, Medizin), Recht, Management, Politikwissenschaften. Das Hochschulwesen gliedert sich in Bachelor\/Licence, Master und Promotion\/Doctorat (LMD).<\/li><li>Die <strong>technologischen Hochschulinstitute<\/strong> (IUT), die sich in den Universit\u00e4ten befinden, bieten Ausbildungen im technologischen Bereich an und vergeben nach zwei Jahren ein Fachhochschuldiplom (DUT).<\/li><li>Die <strong>Schulen<\/strong> (\u00e9coles) bieten vorrangig administrative (Handelsschulen), wissenschaftliche und technische (Ingenieurschulen) oder paramedizinische Ausbildungsg\u00e4nge an. Sie vergeben im Allgemeinen Diplome nach drei Jahren (Bachelor\/Licence) oder f\u00fcnf Jahren (Master), oder auch dem LMD-Niveau gleichgestellte Abschl\u00fcsse. Es gibt sie in staatlicher oder privater und kostenpflichtiger Form, wobei die Schulgeb\u00fchren zwischen 500 und 7.000 \u20ac j\u00e4hrlich betragen.<\/li><\/ul>\n\n\n\n<p>Einige Schulen (besonders Handelsschulen) bieten Bachelor-Studieng\u00e4nge mit internationalen <em>Curricula<\/em> in Partnerschaft mit Universit\u00e4ten anderer L\u00e4nder an. Der Unterricht findet komplett auf Englisch statt.<\/p>\n\n\n\n<ul class=\"wp-block-list\"><li>Die <strong>Oberschulen<\/strong> (lyc\u00e9es) haben verschiedene Aufgaben:<ul><li>sie bieten Fachschulabschl\u00fcsse (BTS) an, die nach zwei Jahren im Bereich Industrie, Dienstleistungen, Gesundheit-Paramedizin und angewandte K\u00fcnste erworben werden k\u00f6nnen.<\/li><li>sie erteilen Vorbereitungskurse f\u00fcr die Grandes Ecoles (CPGE). Die zweij\u00e4hrige Vorbereitung berechtigt zur Teilnahme an den Aufnahmepr\u00fcfungen f\u00fcr die Grandes Ecoles und Ingenieurschulen.<\/li><li>sie bieten Vorbereitungskurse f\u00fcr die Aufnahmepr\u00fcfungen f\u00fcr paramedizinische Ausbildungsg\u00e4nge an (Krankenpfleger, Di\u00e4tassistent, Ergotherapeut\u2026).<\/li><\/ul><\/li><\/ul>\n","protected":false},"excerpt":{"rendered":"<p>Le syst\u00e8me Das Hochschulsystem in Frankreich zeichnet sich durch seine Angebotsvielfalt aus. Es bestehen verschiedene Hochschularten nebeneinander: Die 83 Universit\u00e4ten sind nahezu alle staatlich und bieten Lehrveranstaltungen in einer Vielzahl von Fachrichtungen an:&nbsp; Geistes- und Sozialwissenschaften (Psychologie, Geschichte, Geographie, Literatur und Sprachen), Naturwissenschaften (Physik, Mathematik, Chemie, Ingenieurwissenschaften, Medizin), Recht, Management, Politikwissenschaften. Das Hochschulwesen gliedert sich [&hellip;]<\/p>\n","protected":false},"author":7,"featured_media":0,"parent":7530,"menu_order":0,"comment_status":"closed","ping_status":"closed","template":"","meta":{"inline_featured_image":false,"footnotes":""},"tags":[],"frge_profile":[],"class_list":["post-7533","page","type-page","status-publish","hentry"],"yoast_head":"<!-- This site is optimized with the Yoast SEO plugin v27.1.1 - https:\/\/yoast.com\/product\/yoast-seo-wordpress\/ -->\n<title>Die hochschulen in Frankreich - Frontaliers Grand Est<\/title>\n<meta name=\"robots\" content=\"index, follow, max-snippet:-1, max-image-preview:large, max-video-preview:-1\" \/>\n<link rel=\"canonical\" href=\"https:\/\/frontaliers-grandest.eu\/de\/startseite\/jugendliche\/studie-ausbildung\/grenzuberschreitende-erstausbildung\/ein-hochschulstudium-in-frankreich-absolvieren\/die-hochschulen-in-frankreich\/\" \/>\n<meta property=\"og:locale\" content=\"de_DE\" \/>\n<meta property=\"og:type\" content=\"article\" \/>\n<meta property=\"og:title\" content=\"Die hochschulen in Frankreich - Frontaliers Grand Est\" \/>\n<meta property=\"og:description\" content=\"Le syst\u00e8me Das Hochschulsystem in Frankreich zeichnet sich durch seine Angebotsvielfalt aus. Es bestehen verschiedene Hochschularten nebeneinander: Die 83 Universit\u00e4ten sind nahezu alle staatlich und bieten Lehrveranstaltungen in einer Vielzahl von Fachrichtungen an:&nbsp; Geistes- und Sozialwissenschaften (Psychologie, Geschichte, Geographie, Literatur und Sprachen), Naturwissenschaften (Physik, Mathematik, Chemie, Ingenieurwissenschaften, Medizin), Recht, Management, Politikwissenschaften. Das Hochschulwesen gliedert sich [&hellip;]\" \/>\n<meta property=\"og:url\" content=\"https:\/\/frontaliers-grandest.eu\/de\/startseite\/jugendliche\/studie-ausbildung\/grenzuberschreitende-erstausbildung\/ein-hochschulstudium-in-frankreich-absolvieren\/die-hochschulen-in-frankreich\/\" \/>\n<meta property=\"og:site_name\" content=\"Frontaliers Grand Est\" \/>\n<meta property=\"article:publisher\" content=\"https:\/\/www.facebook.com\/frontaliers.GR.EST\/?locale=fr_FR\" \/>\n<meta property=\"article:modified_time\" content=\"2021-05-18T12:52:56+00:00\" \/>\n<meta name=\"twitter:card\" content=\"summary_large_image\" \/>\n<meta name=\"twitter:label1\" content=\"Gesch\u00e4tzte Lesezeit\" \/>\n\t<meta name=\"twitter:data1\" content=\"1\u00a0Minute\" \/>\n<script type=\"application\/ld+json\" class=\"yoast-schema-graph\">{\"@context\":\"https:\/\/schema.org\",\"@graph\":[{\"@type\":\"WebPage\",\"@id\":\"https:\/\/frontaliers-grandest.eu\/de\/startseite\/jugendliche\/studie-ausbildung\/grenzuberschreitende-erstausbildung\/ein-hochschulstudium-in-frankreich-absolvieren\/die-hochschulen-in-frankreich\/\",\"url\":\"https:\/\/frontaliers-grandest.eu\/de\/startseite\/jugendliche\/studie-ausbildung\/grenzuberschreitende-erstausbildung\/ein-hochschulstudium-in-frankreich-absolvieren\/die-hochschulen-in-frankreich\/\",\"name\":\"Die hochschulen in Frankreich - Frontaliers Grand Est\",\"isPartOf\":{\"@id\":\"https:\/\/frontaliers-grandest.eu\/de\/#website\"},\"datePublished\":\"2021-05-18T12:52:55+00:00\",\"dateModified\":\"2021-05-18T12:52:56+00:00\",\"breadcrumb\":{\"@id\":\"https:\/\/frontaliers-grandest.eu\/de\/startseite\/jugendliche\/studie-ausbildung\/grenzuberschreitende-erstausbildung\/ein-hochschulstudium-in-frankreich-absolvieren\/die-hochschulen-in-frankreich\/#breadcrumb\"},\"inLanguage\":\"de\",\"potentialAction\":[{\"@type\":\"ReadAction\",\"target\":[\"https:\/\/frontaliers-grandest.eu\/de\/startseite\/jugendliche\/studie-ausbildung\/grenzuberschreitende-erstausbildung\/ein-hochschulstudium-in-frankreich-absolvieren\/die-hochschulen-in-frankreich\/\"]}]},{\"@type\":\"BreadcrumbList\",\"@id\":\"https:\/\/frontaliers-grandest.eu\/de\/startseite\/jugendliche\/studie-ausbildung\/grenzuberschreitende-erstausbildung\/ein-hochschulstudium-in-frankreich-absolvieren\/die-hochschulen-in-frankreich\/#breadcrumb\",\"itemListElement\":[{\"@type\":\"ListItem\",\"position\":1,\"name\":\"Startseite\",\"item\":\"https:\/\/frontaliers-grandest.eu\/de\/\"},{\"@type\":\"ListItem\",\"position\":2,\"name\":\"Jugendliche\",\"item\":\"https:\/\/frontaliers-grandest.eu\/de\/startseite\/jugendliche\/\"},{\"@type\":\"ListItem\",\"position\":3,\"name\":\"Studie \/ Ausbildung\",\"item\":\"https:\/\/frontaliers-grandest.eu\/de\/startseite\/jugendliche\/studie-ausbildung\/\"},{\"@type\":\"ListItem\",\"position\":4,\"name\":\"Grenz\u00fcberschreitende Erstausbildung\",\"item\":\"https:\/\/frontaliers-grandest.eu\/de\/startseite\/jugendliche\/studie-ausbildung\/grenzuberschreitende-erstausbildung\/\"},{\"@type\":\"ListItem\",\"position\":5,\"name\":\"Ein hochschulstudium in Frankreich Absolvieren\",\"item\":\"https:\/\/frontaliers-grandest.eu\/de\/startseite\/jugendliche\/studie-ausbildung\/grenzuberschreitende-erstausbildung\/ein-hochschulstudium-in-frankreich-absolvieren\/\"},{\"@type\":\"ListItem\",\"position\":6,\"name\":\"Die hochschulen in Frankreich\"}]},{\"@type\":\"WebSite\",\"@id\":\"https:\/\/frontaliers-grandest.eu\/de\/#website\",\"url\":\"https:\/\/frontaliers-grandest.eu\/de\/\",\"name\":\"Frontaliers Grand Est\",\"description\":\"Le site ressource du travail frontalier\",\"publisher\":{\"@id\":\"https:\/\/frontaliers-grandest.eu\/de\/#organization\"},\"alternateName\":\"Frontaliers Grand Est\",\"potentialAction\":[{\"@type\":\"SearchAction\",\"target\":{\"@type\":\"EntryPoint\",\"urlTemplate\":\"https:\/\/frontaliers-grandest.eu\/de\/?s={search_term_string}\"},\"query-input\":{\"@type\":\"PropertyValueSpecification\",\"valueRequired\":true,\"valueName\":\"search_term_string\"}}],\"inLanguage\":\"de\"},{\"@type\":\"Organization\",\"@id\":\"https:\/\/frontaliers-grandest.eu\/de\/#organization\",\"name\":\"Frontaliers Grand Est\",\"alternateName\":\"Frontaliers Grand Est\",\"url\":\"https:\/\/frontaliers-grandest.eu\/de\/\",\"logo\":{\"@type\":\"ImageObject\",\"inLanguage\":\"de\",\"@id\":\"https:\/\/frontaliers-grandest.eu\/de\/#\/schema\/logo\/image\/\",\"url\":\"https:\/\/frontaliers-grandest.eu\/wp-content\/uploads\/2025\/07\/260328234_2966785176920310_3332838526503858160_n.jpg\",\"contentUrl\":\"https:\/\/frontaliers-grandest.eu\/wp-content\/uploads\/2025\/07\/260328234_2966785176920310_3332838526503858160_n.jpg\",\"width\":396,\"height\":396,\"caption\":\"Frontaliers Grand Est\"},\"image\":{\"@id\":\"https:\/\/frontaliers-grandest.eu\/de\/#\/schema\/logo\/image\/\"},\"sameAs\":[\"https:\/\/www.facebook.com\/frontaliers.GR.EST\/?locale=fr_FR\"]}]}<\/script>\n<!-- \/ Yoast SEO plugin. -->","yoast_head_json":{"title":"Die hochschulen in Frankreich - Frontaliers Grand Est","robots":{"index":"index","follow":"follow","max-snippet":"max-snippet:-1","max-image-preview":"max-image-preview:large","max-video-preview":"max-video-preview:-1"},"canonical":"https:\/\/frontaliers-grandest.eu\/de\/startseite\/jugendliche\/studie-ausbildung\/grenzuberschreitende-erstausbildung\/ein-hochschulstudium-in-frankreich-absolvieren\/die-hochschulen-in-frankreich\/","og_locale":"de_DE","og_type":"article","og_title":"Die hochschulen in Frankreich - Frontaliers Grand Est","og_description":"Le syst\u00e8me Das Hochschulsystem in Frankreich zeichnet sich durch seine Angebotsvielfalt aus. Es bestehen verschiedene Hochschularten nebeneinander: Die 83 Universit\u00e4ten sind nahezu alle staatlich und bieten Lehrveranstaltungen in einer Vielzahl von Fachrichtungen an:&nbsp; Geistes- und Sozialwissenschaften (Psychologie, Geschichte, Geographie, Literatur und Sprachen), Naturwissenschaften (Physik, Mathematik, Chemie, Ingenieurwissenschaften, Medizin), Recht, Management, Politikwissenschaften. Das Hochschulwesen gliedert sich [&hellip;]","og_url":"https:\/\/frontaliers-grandest.eu\/de\/startseite\/jugendliche\/studie-ausbildung\/grenzuberschreitende-erstausbildung\/ein-hochschulstudium-in-frankreich-absolvieren\/die-hochschulen-in-frankreich\/","og_site_name":"Frontaliers Grand Est","article_publisher":"https:\/\/www.facebook.com\/frontaliers.GR.EST\/?locale=fr_FR","article_modified_time":"2021-05-18T12:52:56+00:00","twitter_card":"summary_large_image","twitter_misc":{"Gesch\u00e4tzte Lesezeit":"1\u00a0Minute"},"schema":{"@context":"https:\/\/schema.org","@graph":[{"@type":"WebPage","@id":"https:\/\/frontaliers-grandest.eu\/de\/startseite\/jugendliche\/studie-ausbildung\/grenzuberschreitende-erstausbildung\/ein-hochschulstudium-in-frankreich-absolvieren\/die-hochschulen-in-frankreich\/","url":"https:\/\/frontaliers-grandest.eu\/de\/startseite\/jugendliche\/studie-ausbildung\/grenzuberschreitende-erstausbildung\/ein-hochschulstudium-in-frankreich-absolvieren\/die-hochschulen-in-frankreich\/","name":"Die hochschulen in Frankreich - Frontaliers Grand Est","isPartOf":{"@id":"https:\/\/frontaliers-grandest.eu\/de\/#website"},"datePublished":"2021-05-18T12:52:55+00:00","dateModified":"2021-05-18T12:52:56+00:00","breadcrumb":{"@id":"https:\/\/frontaliers-grandest.eu\/de\/startseite\/jugendliche\/studie-ausbildung\/grenzuberschreitende-erstausbildung\/ein-hochschulstudium-in-frankreich-absolvieren\/die-hochschulen-in-frankreich\/#breadcrumb"},"inLanguage":"de","potentialAction":[{"@type":"ReadAction","target":["https:\/\/frontaliers-grandest.eu\/de\/startseite\/jugendliche\/studie-ausbildung\/grenzuberschreitende-erstausbildung\/ein-hochschulstudium-in-frankreich-absolvieren\/die-hochschulen-in-frankreich\/"]}]},{"@type":"BreadcrumbList","@id":"https:\/\/frontaliers-grandest.eu\/de\/startseite\/jugendliche\/studie-ausbildung\/grenzuberschreitende-erstausbildung\/ein-hochschulstudium-in-frankreich-absolvieren\/die-hochschulen-in-frankreich\/#breadcrumb","itemListElement":[{"@type":"ListItem","position":1,"name":"Startseite","item":"https:\/\/frontaliers-grandest.eu\/de\/"},{"@type":"ListItem","position":2,"name":"Jugendliche","item":"https:\/\/frontaliers-grandest.eu\/de\/startseite\/jugendliche\/"},{"@type":"ListItem","position":3,"name":"Studie \/ Ausbildung","item":"https:\/\/frontaliers-grandest.eu\/de\/startseite\/jugendliche\/studie-ausbildung\/"},{"@type":"ListItem","position":4,"name":"Grenz\u00fcberschreitende Erstausbildung","item":"https:\/\/frontaliers-grandest.eu\/de\/startseite\/jugendliche\/studie-ausbildung\/grenzuberschreitende-erstausbildung\/"},{"@type":"ListItem","position":5,"name":"Ein hochschulstudium in Frankreich Absolvieren","item":"https:\/\/frontaliers-grandest.eu\/de\/startseite\/jugendliche\/studie-ausbildung\/grenzuberschreitende-erstausbildung\/ein-hochschulstudium-in-frankreich-absolvieren\/"},{"@type":"ListItem","position":6,"name":"Die hochschulen in Frankreich"}]},{"@type":"WebSite","@id":"https:\/\/frontaliers-grandest.eu\/de\/#website","url":"https:\/\/frontaliers-grandest.eu\/de\/","name":"Frontaliers Grand Est","description":"Le site ressource du travail frontalier","publisher":{"@id":"https:\/\/frontaliers-grandest.eu\/de\/#organization"},"alternateName":"Frontaliers Grand Est","potentialAction":[{"@type":"SearchAction","target":{"@type":"EntryPoint","urlTemplate":"https:\/\/frontaliers-grandest.eu\/de\/?s={search_term_string}"},"query-input":{"@type":"PropertyValueSpecification","valueRequired":true,"valueName":"search_term_string"}}],"inLanguage":"de"},{"@type":"Organization","@id":"https:\/\/frontaliers-grandest.eu\/de\/#organization","name":"Frontaliers Grand Est","alternateName":"Frontaliers Grand Est","url":"https:\/\/frontaliers-grandest.eu\/de\/","logo":{"@type":"ImageObject","inLanguage":"de","@id":"https:\/\/frontaliers-grandest.eu\/de\/#\/schema\/logo\/image\/","url":"https:\/\/frontaliers-grandest.eu\/wp-content\/uploads\/2025\/07\/260328234_2966785176920310_3332838526503858160_n.jpg","contentUrl":"https:\/\/frontaliers-grandest.eu\/wp-content\/uploads\/2025\/07\/260328234_2966785176920310_3332838526503858160_n.jpg","width":396,"height":396,"caption":"Frontaliers Grand Est"},"image":{"@id":"https:\/\/frontaliers-grandest.eu\/de\/#\/schema\/logo\/image\/"},"sameAs":["https:\/\/www.facebook.com\/frontaliers.GR.EST\/?locale=fr_FR"]}]}},"frge_page_order":0,"_links":{"self":[{"href":"https:\/\/frontaliers-grandest.eu\/de\/wp-json\/wp\/v2\/pages\/7533","targetHints":{"allow":["GET"]}}],"collection":[{"href":"https:\/\/frontaliers-grandest.eu\/de\/wp-json\/wp\/v2\/pages"}],"about":[{"href":"https:\/\/frontaliers-grandest.eu\/de\/wp-json\/wp\/v2\/types\/page"}],"author":[{"embeddable":true,"href":"https:\/\/frontaliers-grandest.eu\/de\/wp-json\/wp\/v2\/users\/7"}],"replies":[{"embeddable":true,"href":"https:\/\/frontaliers-grandest.eu\/de\/wp-json\/wp\/v2\/comments?post=7533"}],"version-history":[{"count":1,"href":"https:\/\/frontaliers-grandest.eu\/de\/wp-json\/wp\/v2\/pages\/7533\/revisions"}],"predecessor-version":[{"id":7534,"href":"https:\/\/frontaliers-grandest.eu\/de\/wp-json\/wp\/v2\/pages\/7533\/revisions\/7534"}],"up":[{"embeddable":true,"href":"https:\/\/frontaliers-grandest.eu\/de\/wp-json\/wp\/v2\/pages\/7530"}],"wp:attachment":[{"href":"https:\/\/frontaliers-grandest.eu\/de\/wp-json\/wp\/v2\/media?parent=7533"}],"wp:term":[{"taxonomy":"post_tag","embeddable":true,"href":"https:\/\/frontaliers-grandest.eu\/de\/wp-json\/wp\/v2\/tags?post=7533"},{"taxonomy":"frge_profile","embeddable":true,"href":"https:\/\/frontaliers-grandest.eu\/de\/wp-json\/wp\/v2\/frge_profile?post=7533"}],"curies":[{"name":"wp","href":"https:\/\/api.w.org\/{rel}","templated":true}]}}